{"id":15833,"date":"2025-01-19T15:02:51","date_gmt":"2025-01-19T15:02:51","guid":{"rendered":"https:\/\/www.hydraulic-cylinders.net\/product\/bucket-cylinder-for-yanmar-vi030-6b\/"},"modified":"2025-01-19T15:02:57","modified_gmt":"2025-01-19T15:02:57","slug":"bucket-cylinder-for-yanmar-vi030-6b","status":"publish","type":"product","link":"https:\/\/www.hydraulic-cylinders.net\/tr\/urun\/bucket-cylinder-for-yanmar-vi030-6b\/","title":{"rendered":"Yanmar VI030-6B i\u00e7in Kova Silindiri"},"content":{"rendered":"<h1>Yanmar VI030-6B i\u00e7in Kova Silindiri<\/h1>\n<h2>girii\u015f<\/h2>\n<p>Kova silindiri, ekskavat\u00f6rler, kep\u00e7eli ekskavat\u00f6rler ve \u00f6n y\u00fckleyiciler gibi a\u011f\u0131r i\u015f makinelerinde kovan\u0131n hareketini kontrol etmek i\u00e7in kullan\u0131lan \u00f6zel olarak tasarlanm\u0131\u015f bir hidrolik silindirdir. Ana i\u015flevi, kovan\u0131n kald\u0131rma, indirme ve yat\u0131rma i\u015flemlerini ger\u00e7ekle\u015ftirerek \u00e7e\u015fitli malzeme ta\u015f\u0131ma g\u00f6revlerini kolayla\u015ft\u0131rmakt\u0131r. Hidrolik sistemde kova silindiri, hidrolik ya\u011f bas\u0131nc\u0131ndaki de\u011fi\u015fikliklerle kovan\u0131n hassas hareketini kontrol ederek operat\u00f6rlerin a\u011f\u0131r nesneleri verimli bir \u015fekilde ta\u015f\u0131mas\u0131n\u0131 ve karma\u015f\u0131k \u00e7al\u0131\u015fma ortamlar\u0131na ve \u00e7e\u015fitli operasyonel gereksinimlere uyum sa\u011flamas\u0131n\u0131 sa\u011flar.<\/p>\n<p><img decoding=\"async\" src=\"https:\/\/www.hydraulic-cylinders.net\/wp-content\/uploads\/2025\/01\/songte-company-2.webp\" \/><\/p>\n<h2>\u00d6zellikler<\/h2>\n<ul>\n<li>Y\u00fcksek mukavemet ve dayan\u0131kl\u0131l\u0131k: Genellikle y\u00fcksek mukavemetli \u00e7elik veya al\u00fcminyumdan yap\u0131l\u0131r, y\u00fcksek bas\u0131nca ve a\u011f\u0131r y\u00fcklere dayanabilir, zorlu \u00e7al\u0131\u015fma ortamlar\u0131na uyum sa\u011flayabilir ve uzun hizmet \u00f6mr\u00fc i\u00e7in a\u015f\u0131nma direnci ve korozyon direnci ile tasarlanm\u0131\u015ft\u0131r.<\/li>\n<li>Verimli hidrolik \u00e7al\u0131\u015fma: Hidrolik ya\u011f bas\u0131nc\u0131 ile sa\u011flanan d\u00fczg\u00fcn uzatma ve geri \u00e7ekme hareketleri, operasyonel komutlara h\u0131zl\u0131 tepki ve g\u00fc\u00e7l\u00fc itme ve \u00e7ekme kuvvetleri, a\u011f\u0131r y\u00fcklerin ve karma\u015f\u0131k operasyonel g\u00f6revlerin ta\u015f\u0131nmas\u0131 i\u00e7in uygundur.<\/li>\n<li>\u00c7e\u015fitli tipler: Operasyonel gereksinimlere g\u00f6re tek etkili (sadece tek y\u00f6nde hidrolik kullan\u0131lan) veya \u00e7ift etkili (her iki y\u00f6nde hidrolik kullan\u0131lan) silindirler se\u00e7ilebilir. Baz\u0131 modeller teleskopiktir ve d\u0131\u015f boyutlar\u0131 art\u0131rmadan daha fazla geni\u015flemeye olanak tan\u0131r, s\u0131n\u0131rl\u0131 alana sahip uygulamalar i\u00e7in uygundur.<\/li>\n<li>Do\u011frudan de\u011fi\u015ftirme: \u00dcr\u00fcnlerimiz bu hidrolik silindirlerin yerini m\u00fckemmel \u015fekilde alabilir.<\/li>\n<\/ul>\n<p><img decoding=\"async\" src=\"https:\/\/www.hydraulic-cylinders.net\/wp-content\/uploads\/2025\/01\/songte-cylinder-head-with-all-kinds-excavator-models.webp\" \/><\/p>\n<h2>Uygulamalar<\/h2>\n<p>Kova silindiri, a\u015fa\u011f\u0131dakiler de dahil olmak \u00fczere \u00e7e\u015fitli a\u011f\u0131r makinelerde yayg\u0131n olarak kullan\u0131l\u0131r:<\/p>\n<h3>\u0130n\u015faat ekipmanlar\u0131<\/h3>\n<ul>\n<li>Ekskavat\u00f6rler: Kova silindirleri, kovan\u0131n topra\u011fa n\u00fcfuz etmesini sa\u011flayarak kazma eylemini ger\u00e7ekle\u015ftirir.<\/li>\n<li>Beko ekskavat\u00f6rler: Kova silindiri hem kazma hem de kald\u0131rma i\u00e7in kullan\u0131\u015fl\u0131d\u0131r.<\/li>\n<li>Y\u00fckleyici: \u00d6n y\u00fckleyicilerde, y\u00fck\u00fcn etkili bir \u015fekilde kald\u0131r\u0131lmas\u0131na ve bo\u015falt\u0131lmas\u0131na yard\u0131mc\u0131 olurlar.<\/li>\n<\/ul>\n<h3>Tar\u0131m makineleri<\/h3>\n<ul>\n<li>\u00d6n y\u00fckleyiciler: Toprak, saman ve di\u011fer malzemeleri kep\u00e7elemek, kald\u0131rmak ve ta\u015f\u0131mak i\u00e7in kullan\u0131l\u0131r.<\/li>\n<\/ul>\n<p>Her uygulama a\u015fa\u011f\u0131da detayl\u0131 olarak a\u00e7\u0131klanm\u0131\u015ft\u0131r:<\/p>\n<h3>\u0130n\u015faat ekipmanlar\u0131<\/h3>\n<p><strong>Ekskavat\u00f6rler:<\/strong> Kova silindirleri, ekskavat\u00f6rlerin topra\u011f\u0131 veya molozu kazmas\u0131n\u0131 ve ta\u015f\u0131mas\u0131n\u0131 sa\u011flar. Kova silindiri genellikle bom \u00fczerine monte edilir ve kovan\u0131n hareketini kontrol eder.<\/p>\n<p><strong>Beko ekskavat\u00f6rler:<\/strong> Kova silindiri, kazma ve kald\u0131rma i\u015flerinde yard\u0131mc\u0131 olur. Boma monte edilir ve kovan\u0131n hareketini kontrol eder.<\/p>\n<p><strong>Y\u00fckleyici:<\/strong> \u00d6n y\u00fckleyicilerde, kep\u00e7e silindirleri y\u00fck\u00fcn etkili bir \u015fekilde kald\u0131r\u0131lmas\u0131na ve bo\u015falt\u0131lmas\u0131na yard\u0131mc\u0131 olur. Silindirler, y\u00fckleyici koluna monte edilir ve kep\u00e7enin hareketini kontrol eder.<\/p>\n<h3>Tar\u0131m makineleri<\/h3>\n<p><strong>\u00d6n y\u00fckleyiciler:<\/strong> Kova silindirleri, toprak, saman ve di\u011fer malzemeleri toplamak, kald\u0131rmak ve ta\u015f\u0131mak i\u00e7in kullan\u0131l\u0131r. Y\u00fckleyici koluna monte edilirler ve kovan\u0131n hareketini kontrol ederler.<\/p>\n<h2>Tasar\u0131m hususlar\u0131 ve se\u00e7im standartlar\u0131<\/h2>\n<p>Kova silindiri tasarlan\u0131rken dikkate al\u0131nmas\u0131 gereken temel hususlar \u015funlard\u0131r:<\/p>\n<ul>\n<li>Ta\u015f\u0131ma kapasitesi<\/li>\n<li>S\u0131zd\u0131rmazl\u0131k performans\u0131<\/li>\n<li>Dayan\u0131kl\u0131l\u0131k<\/li>\n<li>Emniyet<\/li>\n<li>Bak\u0131m kolayl\u0131\u011f\u0131<\/li>\n<\/ul>\n<p><img decoding=\"async\" src=\"https:\/\/www.hydraulic-cylinders.net\/wp-content\/uploads\/2025\/01\/songte-oil-pipes-and-spare-parts.webp\" \/><\/p>\n<p>Se\u00e7im standartlar\u0131 \u015funlard\u0131r:<\/p>\n<ul>\n<li>Delik \u00e7ap\u0131<\/li>\n<li>Strok uzunlu\u011fu<\/li>\n<li>\u00c7al\u0131\u015fma bas\u0131nc\u0131<\/li>\n<li>Montaj tipi<\/li>\n<li>Yast\u0131klama<\/li>\n<\/ul>\n<p>Silindirin ta\u015f\u0131ma kapasitesi, deformasyon veya hasar olmadan dayanabilece\u011fi maksimum kuvveti ifade eder. S\u0131zd\u0131rmazl\u0131k performans\u0131 kritik \u00f6neme sahiptir. Silindir, sabit bir hidrolik bas\u0131nc\u0131 korurken ayn\u0131 zamanda d\u00fczg\u00fcn ve h\u0131zl\u0131 hareket edebilmelidir.<\/p>\n<p>Silindirin ayr\u0131ca uzun s\u00fcreler boyunca strese, korozyona, a\u015f\u0131nmaya ve yorgunlu\u011fa dayan\u0131kl\u0131 olmas\u0131 gerekir. G\u00fcvenlik, silindirin g\u00fcvensiz hale gelmemesini veya operat\u00f6re veya \u00e7evresine zarar vermemesini sa\u011flayan \u00f6nemli bir husustur. Son olarak, bak\u0131m kolayl\u0131\u011f\u0131 da \u00f6nemlidir; silindirin kolayca ve h\u0131zl\u0131 bir \u015fekilde s\u00f6k\u00fcl\u00fcp onar\u0131labilmesini ve bak\u0131m\u0131n\u0131n yap\u0131labilmesini sa\u011flar.<\/p>\n<h2>S\u0131zd\u0131rmazl\u0131k ve ya\u011flama<\/h2>\n<p>Kova silindiri, poli\u00fcretan ve nitril kau\u00e7uk gibi a\u015f\u0131nmaya dayan\u0131kl\u0131 malzemelerden yap\u0131lm\u0131\u015f piston contalar\u0131 ve piston kolu contalar\u0131 gibi \u00e7e\u015fitli s\u0131zd\u0131rmazl\u0131k bile\u015fenleri kullan\u0131r. Silindir g\u00f6vdesi ve di\u015fli u\u00e7 y\u00fczeyleri, a\u015f\u0131nma direncini art\u0131rmak i\u00e7in hassas bir \u015fekilde i\u015flenmi\u015ftir. D\u00fczg\u00fcn ya\u011flama sa\u011flamak i\u00e7in d\u00fczenli olarak uygun miktarda hidrolik ya\u011f eklemek gerekir.<\/p>\n<h2>Bak\u0131m ve onar\u0131m<\/h2>\n<p>Kova silindirinin d\u00fczg\u00fcn \u00e7al\u0131\u015fmas\u0131n\u0131 sa\u011flamak i\u00e7in d\u00fczenli bak\u0131m ve onar\u0131m kritik \u00f6neme sahiptir. Yayg\u0131n bak\u0131m g\u00f6revleri aras\u0131nda d\u00fczenli muayene, uygun ya\u011flama, conta de\u011fi\u015fimi ve kalibrasyon kontrolleri yer al\u0131r. Silindirin uzun \u00f6m\u00fcrl\u00fc olmas\u0131 i\u00e7in do\u011fru montaj, ya\u011flama ve ayar esast\u0131r. Montaj s\u0131ras\u0131nda do\u011fru hizalama ve uygun montaj braketlerinin kullan\u0131m\u0131 sa\u011flanmal\u0131d\u0131r. Silindirin \u00f6mr\u00fcn\u00fc uzatmak i\u00e7in \u00f6nerilen muayene, onar\u0131m ve de\u011fi\u015ftirme prosed\u00fcrlerinin yan\u0131 s\u0131ra par\u00e7a de\u011fi\u015fimi ve yeniden yap\u0131m hizmetleri de \u00f6nemlidir.<\/p>\n<p><img decoding=\"async\" src=\"https:\/\/www.hydraulic-cylinders.net\/wp-content\/uploads\/2025\/01\/songte-chushion-collar.webp\" \/><\/p>\n<h2>G\u00fcvenlik ve \u00e7evresel hususlar<\/h2>\n<p>Kova silindiri kullan\u0131l\u0131rken, ekipman\u0131n g\u00fcvenli ve etkili bir \u015fekilde kullan\u0131lmas\u0131n\u0131 sa\u011flamak i\u00e7in g\u00fcvenlik \u00f6nlemleri al\u0131nmal\u0131d\u0131r. Silindir yaln\u0131zca belirtilen kapasite s\u0131n\u0131rlar\u0131 dahilinde kullan\u0131lmal\u0131 ve t\u00fcm g\u00fcvenlik talimatlar\u0131na uyulmal\u0131d\u0131r. Hidrolik s\u0131v\u0131 ve di\u011fer malzemelerin uygun \u015fekilde bertaraf edilmesi, \u00e7evreyi korumak i\u00e7in \u00e7ok \u00f6nemlidir. S\u0131z\u0131nt\u0131 ve d\u00f6k\u00fclmeler \u00f6nlenmeli ve uygun temizlik prosed\u00fcrleri izlenmelidir.<\/p>\n<h2>Sorun giderme ve yayg\u0131n sorunlar<\/h2>\n<p>Kova silindirleriyle ilgili yayg\u0131n sorunlar aras\u0131nda conta ar\u0131zas\u0131, s\u0131z\u0131nt\u0131 ve silindir hasar\u0131 yer al\u0131r. Sorun giderme ipu\u00e7lar\u0131 ve \u00e7\u00f6z\u00fcmleri, okuyucular\u0131n sorunlar\u0131 etkili bir \u015fekilde te\u015fhis edip \u00e7\u00f6zmelerine yard\u0131mc\u0131 olmak i\u00e7in kritik \u00f6neme sahiptir. Olas\u0131 sorunlar\u0131 en aza indirmek i\u00e7in \u00f6nleyici tedbirler uygulanmal\u0131d\u0131r.<\/p>\n<p><img decoding=\"async\" src=\"https:\/\/www.hydraulic-cylinders.net\/wp-content\/uploads\/2025\/01\/songte-bushings-with-all-kinds-of-excavator-models.webp\" \/><\/p>\n<h2>\u015eirketimiz Hakk\u0131nda<\/h2>\n<p>Yedek hidrolik silindir \u00fcreticisi olarak, eksiksiz bir \u00fcr\u00fcn yelpazesi sunuyor ve yurt i\u00e7i ve yurt d\u0131\u015f\u0131 pazarlarda lider hidrolik silindir \u00fcreticilerinden ve toptan da\u011f\u0131t\u0131c\u0131lar\u0131ndan biri haline geliyoruz. M\u00fckemmellik ilkelerini takip ediyor ve hassas \u00fcretim at\u00f6lyelerinde end\u00fcstriyel bir \u00fcretim y\u00f6netimi stratejisine g\u00fcveniyoruz. \u015eirket, at\u00f6lyenin \u00fcretim platformunu s\u00fcrekli olarak geli\u015ftiriyor, \u00fcr\u00fcn kalitesi \u00fcretim s\u00fcrecini m\u00fckemmelle\u015ftiriyor ve y\u00fcksek verimlilik, y\u00fcksek hassasiyet ve y\u00fcksek kalite prensipleriyle m\u00fc\u015fterilerin \u00e7e\u015fitli ihtiya\u00e7lar\u0131n\u0131 kar\u015f\u0131layacak g\u00fc\u00e7l\u00fc bir \u00fcretim kapasitesine sahip.<\/p>\n<p>Y\u00fcksek d\u00fczeyde profesyonellik, uluslararas\u0131 sertifikasyon, \u00f6zelle\u015ftirilmi\u015f hizmetler, \u00fcretim ekipmanlar\u0131 ve sat\u0131\u015f sonras\u0131 hizmetler sunuyoruz. \u015eirketimiz ayr\u0131ca kapsaml\u0131 bir kalite g\u00fcvence sistemine, profesyonel teknik ekibe, dijital ve ileri teknoloji \u00fcretim ekipmanlar\u0131na ve \u00f6zel bir denetim sistemine sahiptir.<\/p>\n<p><img decoding=\"async\" src=\"https:\/\/hzpt.com\/wp-content\/uploads\/2024\/11\/songte-company-1.webp\" \/><\/p>\n<p>Yazar: lyl<\/p>","protected":false},"excerpt":{"rendered":"<p>Bucket Cylinder For Yanmar VI030-6B Introduction The bucket cylinder is a specially designed hydraulic cylinder used primarily to control the movement of the bucket in heavy machinery such as excavators, backhoe excavators, and front-end loaders. Its main function is to enable the bucket to lift, lower, and tilt, facilitating various material handling tasks. In the [&hellip;]<\/p>","protected":false},"featured_media":14769,"comment_status":"open","ping_status":"closed","template":"","meta":{"_et_pb_use_builder":"","_et_pb_old_content":"","_et_gb_content_width":""},"product_brand":[],"product_cat":[1494],"product_tag":[1495,1496],"class_list":{"0":"post-15833","1":"product","2":"type-product","3":"status-publish","4":"has-post-thumbnail","6":"product_cat-bucket-cylinders","7":"product_tag-bucket-cylinders","8":"product_tag-hydraulic-cylinders","10":"first","11":"instock","12":"shipping-taxable","13":"product-type-simple"},"amp_enabled":true,"_links":{"self":[{"href":"https:\/\/www.hydraulic-cylinders.net\/tr\/wp-json\/wp\/v2\/product\/15833","targetHints":{"allow":["GET"]}}],"collection":[{"href":"https:\/\/www.hydraulic-cylinders.net\/tr\/wp-json\/wp\/v2\/product"}],"about":[{"href":"https:\/\/www.hydraulic-cylinders.net\/tr\/wp-json\/wp\/v2\/types\/product"}],"replies":[{"embeddable":true,"href":"https:\/\/www.hydraulic-cylinders.net\/tr\/wp-json\/wp\/v2\/comments?post=15833"}],"wp:featuredmedia":[{"embeddable":true,"href":"https:\/\/www.hydraulic-cylinders.net\/tr\/wp-json\/wp\/v2\/media\/14769"}],"wp:attachment":[{"href":"https:\/\/www.hydraulic-cylinders.net\/tr\/wp-json\/wp\/v2\/media?parent=15833"}],"wp:term":[{"taxonomy":"product_brand","embeddable":true,"href":"https:\/\/www.hydraulic-cylinders.net\/tr\/wp-json\/wp\/v2\/product_brand?post=15833"},{"taxonomy":"product_cat","embeddable":true,"href":"https:\/\/www.hydraulic-cylinders.net\/tr\/wp-json\/wp\/v2\/product_cat?post=15833"},{"taxonomy":"product_tag","embeddable":true,"href":"https:\/\/www.hydraulic-cylinders.net\/tr\/wp-json\/wp\/v2\/product_tag?post=15833"}],"curies":[{"name":"wp","href":"https:\/\/api.w.org\/{rel}","templated":true}]}}