{"id":15835,"date":"2025-01-19T15:03:04","date_gmt":"2025-01-19T15:03:04","guid":{"rendered":"https:\/\/www.hydraulic-cylinders.net\/product\/bucket-cylinder-for-yanmar-vi55-5b\/"},"modified":"2025-01-19T15:03:06","modified_gmt":"2025-01-19T15:03:06","slug":"bucket-cylinder-for-yanmar-vi55-5b","status":"publish","type":"product","link":"https:\/\/www.hydraulic-cylinders.net\/tr\/urun\/bucket-cylinder-for-yanmar-vi55-5b\/","title":{"rendered":"Yanmar VI55-5B i\u00e7in Kova Silindiri"},"content":{"rendered":"<p><!-- Bucket Cylinder For Yanmar VI55-5B --><\/p>\n<h1>Yanmar VI55-5B i\u00e7in Kova Silindiri<\/h1>\n<p><!-- Introduction --><\/p>\n<h2>girii\u015f<\/h2>\n<p>Yanmar VI55-5B i\u00e7in tasarlanm\u0131\u015f kep\u00e7e silindiri, ekskavat\u00f6rler, kaz\u0131c\u0131 y\u00fckleyiciler ve \u00f6n y\u00fckleyiciler gibi a\u011f\u0131r makinelerde kep\u00e7enin hareketini kontrol etmek i\u00e7in kullan\u0131lan \u00f6zel bir hidrolik silindirdir. Ba\u015fl\u0131ca i\u015flevi, kep\u00e7enin kald\u0131r\u0131lmas\u0131n\u0131, indirilmesini ve e\u011filmesini sa\u011flayarak \u00e7e\u015fitli malzeme ta\u015f\u0131ma g\u00f6revlerini kolayla\u015ft\u0131rmakt\u0131r. Hidrolik sistemde, kep\u00e7e silindiri hidrolik ya\u011f bas\u0131nc\u0131ndaki de\u011fi\u015fiklikler yoluyla kep\u00e7enin hareketinin hassas kontrol\u00fcn\u00fc sa\u011flar; bu da operat\u00f6rlerin a\u011f\u0131r y\u00fckleri verimli bir \u015fekilde ta\u015f\u0131mas\u0131na ve karma\u015f\u0131k \u00e7al\u0131\u015fma ortamlar\u0131na ve \u00e7e\u015fitli i\u015f gereksinimlerine uyum sa\u011flamas\u0131na olanak tan\u0131r.<\/p>\n<p><!-- Product Image --><br \/>\n<img decoding=\"async\" src=\"https:\/\/www.hydraulic-cylinders.net\/wp-content\/uploads\/2025\/01\/songte-company-2.webp\" alt=\"Yanmar VI55-5B i\u00e7in Kep\u00e7e Silindiri Resmi\"><\/p>\n<p><!-- Key Features --><\/p>\n<h2>Temel \u00d6zellikler<\/h2>\n<ul>\n<li>Y\u00fcksek Mukavemet ve Dayan\u0131kl\u0131l\u0131k: Genellikle y\u00fcksek mukavemetli \u00e7elik veya al\u00fcminyumdan \u00fcretilen bu \u00fcr\u00fcnler, y\u00fcksek bas\u0131nca ve a\u011f\u0131r y\u00fcklere dayanabilir, zorlu \u00e7al\u0131\u015fma ortamlar\u0131na uyum sa\u011flayabilir ve a\u015f\u0131nma direnci ile korozyon direnci g\u00f6z \u00f6n\u00fcnde bulundurularak tasarlanm\u0131\u015ft\u0131r, b\u00f6ylece kullan\u0131m \u00f6mr\u00fc uzar.<\/li>\n<li>Verimli Hidrolik \u00c7al\u0131\u015fma: Hidrolik ya\u011f bas\u0131nc\u0131ndan yararlan\u0131larak d\u00fczg\u00fcn uzatma ve daralma hareketi sa\u011flan\u0131r; bu da kontrol komutlar\u0131na h\u0131zl\u0131 yan\u0131t verilmesini ve a\u011f\u0131r y\u00fcklerin ve karma\u015f\u0131k i\u015f g\u00f6revlerinin \u00fcstesinden gelmek i\u00e7in uygun, g\u00fc\u00e7l\u00fc itme ve \u00e7ekme kuvveti sa\u011flanmas\u0131n\u0131 m\u00fcmk\u00fcn k\u0131lar.<\/li>\n<li>\u00c7e\u015fitli Tipler: Farkl\u0131 \u00e7al\u0131\u015fma ihtiya\u00e7lar\u0131n\u0131 kar\u015f\u0131lamak i\u00e7in, tek etkili (hidrolik sadece tek y\u00f6nde kullan\u0131l\u0131r) veya \u00e7ift etkili (hidrolik her iki y\u00f6nde kullan\u0131l\u0131r) silindirler se\u00e7ilebilir. Baz\u0131 modeller teleskopiktir ve d\u0131\u015f boyutlar\u0131 art\u0131rmadan daha fazla uzatmaya olanak tan\u0131r; bu da s\u0131n\u0131rl\u0131 alana sahip uygulamalar i\u00e7in uygundur.<\/li>\n<li>M\u00fckemmel De\u011fi\u015ftirme: \u00dcr\u00fcn\u00fcm\u00fcz bu hidrolik silindirlerin yerini m\u00fckemmel \u015fekilde alabilir. <\/li>\n<\/ul>\n<p><!-- Product Replacement Image --><br \/>\n<img decoding=\"async\" src=\"https:\/\/www.hydraulic-cylinders.net\/wp-content\/uploads\/2025\/01\/songte-cylinder-head-with-all-kinds-excavator-models.webp\" alt=\"Kova Silindiri De\u011fi\u015ftirme G\u00f6rseli\"><\/p>\n<p><!-- Applications --><\/p>\n<h2>Uygulamalar<\/h2>\n<p>Yanmar VI55-5B i\u00e7in kova silindiri, a\u015fa\u011f\u0131dakiler gibi \u00e7e\u015fitli a\u011f\u0131r makinelerde yayg\u0131n olarak kullan\u0131lmaktad\u0131r:<\/p>\n<ul>\n<li>\u0130n\u015faat Ekipmanlar\u0131: Ekskavat\u00f6rlerde, toprak veya moloz kazma, y\u00fckleme ve ta\u015f\u0131ma i\u015flemlerinde hayati \u00f6neme sahiptirler. Kaz\u0131c\u0131 y\u00fckleyicilerde ise kova silindiri hem kazma hem de kald\u0131rma i\u015flemlerine yard\u0131mc\u0131 olur. <\/li>\n<li>Tar\u0131m Makineleri: \u00d6n y\u00fckleyiciler, toprak, saman ve di\u011fer malzemelerin toplanmas\u0131, kald\u0131r\u0131lmas\u0131 ve ta\u015f\u0131nmas\u0131 i\u00e7in kullan\u0131l\u0131r. <\/li>\n<li>Ekskavat\u00f6rler: Kova silindiri, kovan\u0131n topra\u011fa n\u00fcfuz etmesini sa\u011flayarak kazma eylemini ger\u00e7ekle\u015ftirir. <\/li>\n<li>Y\u00fckleyiciler: \u00d6n y\u00fckleyicilerde, y\u00fck\u00fc etkili bir \u015fekilde kald\u0131rmaya ve e\u011fmeye yard\u0131mc\u0131 olurlar.<\/li>\n<\/ul>\n<p><!-- Design Considerations and Selection Criteria --><\/p>\n<h2>Tasar\u0131m Hususlar\u0131 ve Se\u00e7im Kriterleri<\/h2>\n<p>Kova silindirlerinin tasar\u0131m\u0131 ve se\u00e7imi yap\u0131l\u0131rken, a\u015fa\u011f\u0131dakiler de dahil olmak \u00fczere birka\u00e7 \u00f6nemli fakt\u00f6r g\u00f6z \u00f6n\u00fcnde bulundurulmal\u0131d\u0131r:<\/p>\n<ul>\n<li>Ta\u015f\u0131ma Kapasitesi: Silindir, ar\u0131za yapmadan maksimum y\u00fck\u00fc ta\u015f\u0131yabilmelidir.<\/li>\n<li>S\u0131zd\u0131rmazl\u0131k: Piston s\u0131zd\u0131rmazl\u0131k halkalar\u0131 ve mil s\u0131zd\u0131rmazl\u0131k halkalar\u0131 gibi \u00e7e\u015fitli s\u0131zd\u0131rmazl\u0131k bile\u015fenleri, s\u0131v\u0131 s\u0131z\u0131nt\u0131s\u0131n\u0131 \u00f6nlemek ve silindirin kullan\u0131m \u00f6mr\u00fcn\u00fc uzatmak i\u00e7in kullan\u0131l\u0131r. <\/li>\n<li>Dayan\u0131kl\u0131l\u0131k: Silindir, s\u0131k kullan\u0131ma ve zorlu \u00e7al\u0131\u015fma ko\u015fullar\u0131na ar\u0131za yapmadan dayanabilmelidir.<\/li>\n<li>G\u00fcvenlik: Silindir, insanlara veya ekipmana risk olu\u015fturmadan g\u00fcvenli ve g\u00fcvenilir bir \u015fekilde \u00e7al\u0131\u015fabilmesini sa\u011flayacak \u015fekilde, g\u00fcvenlik g\u00f6z \u00f6n\u00fcnde bulundurularak tasarlanmal\u0131d\u0131r.<\/li>\n<li>Bak\u0131m kolayl\u0131\u011f\u0131: Silindirin bak\u0131m ve onar\u0131m\u0131n\u0131n kolay olmas\u0131, ar\u0131za s\u00fcresini en aza indirgemek i\u00e7in \u00f6nemlidir. <\/li>\n<\/ul>\n<p><!-- Product Parts Image --><br \/>\n<img decoding=\"async\" src=\"https:\/\/www.hydraulic-cylinders.net\/wp-content\/uploads\/2025\/01\/songte-oil-pipes-and-spare-parts.webp\" alt=\"Kova Silindiri Par\u00e7alar\u0131 G\u00f6rseli\"><\/p>\n<p><!-- Seal and Lubrication --><\/p>\n<h2>S\u0131zd\u0131rmazl\u0131k ve Ya\u011flama<\/h2>\n<p>Piston s\u0131zd\u0131rmazl\u0131k halkalar\u0131 ve mil s\u0131zd\u0131rmazl\u0131k halkalar\u0131 gibi \u00e7e\u015fitli s\u0131zd\u0131rmazl\u0131k bile\u015fenleri, s\u0131v\u0131 s\u0131z\u0131nt\u0131s\u0131n\u0131 \u00f6nlemek ve silindirin kullan\u0131m \u00f6mr\u00fcn\u00fc uzatmak i\u00e7in kullan\u0131l\u0131r. S\u0131zd\u0131rmazl\u0131k bile\u015fenleri, poli\u00fcretan ve nitril kau\u00e7uk gibi a\u015f\u0131nmaya dayan\u0131kl\u0131 malzemelerden \u00fcretilmi\u015ftir. Silindir g\u00f6vdesi ve di\u015fli u\u00e7 y\u00fczeyi, a\u015f\u0131nma direncini art\u0131rmak i\u00e7in ince bir \u015fekilde i\u015flenmi\u015ftir. Silindirin sorunsuz \u00e7al\u0131\u015fmas\u0131n\u0131 sa\u011flamak ve kullan\u0131m \u00f6mr\u00fcn\u00fc uzatmak i\u00e7in uygun hidrolik ya\u011f ile d\u00fczenli ya\u011flama gereklidir.<\/p>\n<p><!-- Maintenance --><\/p>\n<h2>Bak\u0131m<\/h2>\n<p>Kep\u00e7e silindirinin \u00f6mr\u00fcn\u00fc uzatmak ve olas\u0131 sorunlar\u0131 \u00f6nlemek i\u00e7in d\u00fczenli kontrol ve \u00f6nleyici bak\u0131m \u00f6nlemleri \u015fartt\u0131r. Yayg\u0131n bak\u0131m g\u00f6revleri \u015funlard\u0131r:<\/p>\n<ul>\n<li>D\u00fczenli kontrol: Silindir g\u00f6vdesini, piston kolunu ve contalar\u0131 a\u015f\u0131nma veya hasar belirtileri a\u00e7\u0131s\u0131ndan inceleyin. <\/li>\n<li>Uygun ya\u011flama: Sorunsuz \u00e7al\u0131\u015fmay\u0131 sa\u011flamak i\u00e7in silindiri d\u00fczenli olarak hidrolik ya\u011f ile ya\u011flay\u0131n. <\/li>\n<li>S\u0131zd\u0131rmazl\u0131k eleman\u0131 de\u011fi\u015fimi: S\u0131v\u0131 s\u0131z\u0131nt\u0131s\u0131n\u0131 \u00f6nlemek i\u00e7in a\u015f\u0131nm\u0131\u015f veya hasar g\u00f6rm\u00fc\u015f s\u0131zd\u0131rmazl\u0131k elemanlar\u0131n\u0131 de\u011fi\u015ftirin. <\/li>\n<li>Kalibrasyon kontrol\u00fc: Silindirin do\u011fru \u015fekilde kalibre edilip edilmedi\u011fini periyodik olarak kontrol edin. <\/li>\n<\/ul>\n<p><!-- Safety and Environment --><\/p>\n<h2>G\u00fcvenlik ve \u00c7evre<\/h2>\n<p>Kova silindirini kullan\u0131rken, kazalar\u0131 \u00f6nlemek ve g\u00fcvenli \u00e7al\u0131\u015fma sa\u011flamak i\u00e7in g\u00fcvenlik \u00f6nlemlerine uymak \u00f6nemlidir. Ayr\u0131ca \u00e7evresel fakt\u00f6rleri g\u00f6z \u00f6n\u00fcnde bulundurmak ve \u00e7evre \u00fczerindeki etkiyi en aza indirmek i\u00e7in \u00f6nlemler almak da \u015fartt\u0131r.<\/p>\n<p><!-- Troubleshooting --><\/p>\n<h2>Sorun Giderme ve Yayg\u0131n Sorunlar<\/h2>\n<p>Kova silindirinde s\u0131k kar\u015f\u0131la\u015f\u0131lan sorunlar aras\u0131nda s\u0131v\u0131 s\u0131z\u0131nt\u0131s\u0131, silindir kaymas\u0131 ve d\u00fc\u015f\u00fck performans yer almaktad\u0131r. Bu sorunlara y\u00f6nelik sorun giderme ipu\u00e7lar\u0131 ve \u00e7\u00f6z\u00fcmleri \u015funlard\u0131r:<\/p>\n<ul>\n<li>S\u0131v\u0131 s\u0131z\u0131nt\u0131s\u0131: Contalar\u0131 kontrol edin ve a\u015f\u0131nm\u0131\u015f veya hasar g\u00f6rm\u00fc\u015flerse de\u011fi\u015ftirin. <\/li>\n<li>Silindir kaymas\u0131: Kalibrasyonu kontrol edin ve gerekirse ayarlay\u0131n. <\/li>\n<li>D\u00fc\u015f\u00fck performans: Hidrolik sistemde t\u0131kan\u0131kl\u0131k veya s\u0131z\u0131nt\u0131 olup olmad\u0131\u011f\u0131n\u0131 kontrol edin ve gerekirse onar\u0131n. <\/li>\n<\/ul>\n<p><!-- Product Bushings Image --><br \/>\n<img decoding=\"async\" src=\"https:\/\/www.hydraulic-cylinders.net\/wp-content\/uploads\/2025\/01\/songte-bushings-with-all-kinds-of-excavator-models.webp\" alt=\"Kova Silindir Bur\u00e7lar\u0131 G\u00f6rseli\"><\/p>\n<p><!-- Company Introduction --><\/p>\n<h2>\u015eirket Tan\u0131t\u0131m\u0131<\/h2>\n<p>Yurti\u00e7i ve yurtd\u0131\u015f\u0131 pazarlarda hidrolik silindirlerin \u00f6nde gelen \u00fcreticisi ve toptan da\u011f\u0131t\u0131c\u0131s\u0131y\u0131z ve eksiksiz bir \u00fcr\u00fcn yelpazesine sahibiz. Kalitede m\u00fckemmellik ilkesine ba\u011fl\u0131 kalarak, geli\u015fmi\u015f \u00fcretim at\u00f6lyelerinden end\u00fcstriyel \u00fcretim y\u00f6netim stratejilerine g\u00fcveniyoruz; at\u00f6lyenin \u00fcretim platformunu s\u00fcrekli geli\u015ftiriyor, \u00fcr\u00fcn kalitesi \u00fcretim hatt\u0131n\u0131 iyile\u015ftiriyor ve g\u00fc\u00e7l\u00fc yarat\u0131c\u0131 yeteneklere sahibiz. Y\u00fcksek verimlilik, y\u00fcksek hassasiyet ve y\u00fcksek kalite ile m\u00fc\u015fterilerimizin \u00e7e\u015fitli ihtiya\u00e7lar\u0131n\u0131 kar\u015f\u0131l\u0131yor ve yurti\u00e7i ve yurtd\u0131\u015f\u0131 pazarlarda hidrolik silindirlerin \u00f6nde gelen \u00fcreticilerinden ve toptan da\u011f\u0131t\u0131c\u0131lar\u0131ndan biri haline geliyoruz. <\/p>\n<p><!-- Company Image --><br \/>\n<img decoding=\"async\" src=\"https:\/\/hzpt.com\/wp-content\/uploads\/2024\/11\/songte-company-1.webp\" alt=\"\u015eirket \u0130maj\u0131\"><\/p>\n<p><!-- Company Features --><\/p>\n<h2>\u015eirket \u00d6zellikleri<\/h2>\n<ul>\n<li>Profesyonellik: M\u00fc\u015fterilerimize y\u00fcksek kaliteli \u00fcr\u00fcn ve hizmetler sunmaya kendini adam\u0131\u015f profesyonel m\u00fchendis ve teknisyenlerden olu\u015fan bir ekibimiz var. <\/li>\n<li>Uluslararas\u0131 Sertifikasyon: \u00dcr\u00fcnlerimiz, kalite ve g\u00fcvenilirliklerini garanti eden ISO9001 ve CE gibi uluslararas\u0131 sertifikasyonlardan ge\u00e7mi\u015ftir. <\/li>\n<li>\u00d6zelle\u015ftirme Hizmeti: M\u00fc\u015fteri gereksinimlerine g\u00f6re \u00f6zelle\u015ftirilmi\u015f hizmetler sunarak, onlar\u0131n \u00f6zel ihtiya\u00e7lar\u0131n\u0131 kar\u015f\u0131l\u0131yoruz. <\/li>\n<li>\u00dcretim Ekipmanlar\u0131: Y\u00fcksek hassasiyet ve kaliteyi sa\u011flamak i\u00e7in CNC i\u015fleme merkezleri ve kaynak robotlar\u0131 gibi geli\u015fmi\u015f \u00fcretim ekipmanlar\u0131 kullan\u0131yoruz. <\/li>\n<li>Sat\u0131\u015f Sonras\u0131 Hizmet: M\u00fc\u015fteri memnuniyetini sa\u011flamak i\u00e7in \u00fcr\u00fcn onar\u0131m\u0131, de\u011fi\u015ftirme ve yeniden yap\u0131land\u0131rma dahil olmak \u00fczere kapsaml\u0131 sat\u0131\u015f sonras\u0131 hizmet sunuyoruz.<\/li>\n<\/ul>\n<p><!-- Company Image --><br \/>\n<img decoding=\"async\" src=\"https:\/\/www.hydraulic-cylinders.net\/wp-content\/uploads\/2025\/01\/songte-company-3.webp\" alt=\"\u015eirket \u0130maj\u0131\"><\/p>\n<p>Sonu\u00e7 olarak, Yanmar VI55-5B i\u00e7in kova silindiri, a\u011f\u0131r makinelerde kovan\u0131n hareketini kontrol etmeye yard\u0131mc\u0131 olan ve \u00e7e\u015fitli malzeme ta\u015f\u0131ma g\u00f6revlerini kolayla\u015ft\u0131ran \u00f6nemli bir bile\u015fendir. Do\u011fru tasar\u0131m ve se\u00e7im, d\u00fczenli bak\u0131m ve g\u00fcvenlik \u00f6nlemlerine uyulmas\u0131, optimum performans sa\u011flamak ve kullan\u0131m \u00f6mr\u00fcn\u00fc uzatmak i\u00e7in \u00e7ok \u00f6nemlidir. Biz, d\u00fcnya \u00e7ap\u0131ndaki m\u00fc\u015fterilerimize y\u00fcksek kaliteli \u00fcr\u00fcnler ve hizmetler sunan, hidrolik silindirlerin \u00f6nde gelen \u00fcreticisi ve toptan da\u011f\u0131t\u0131c\u0131s\u0131y\u0131z. <\/p>\n<p>Yazar: lyl<\/p>","protected":false},"excerpt":{"rendered":"<p>Bucket Cylinder For Yanmar VI55-5B Introduction The bucket cylinder for Yanmar VI55-5B is a specifically designed hydraulic cylinder used to control the movement of the bucket in heavy machinery such as excavators, backhoe loaders, and front-end loaders. Its primary function is to enable the bucket to lift, lower, and tilt, making it easier to handle [&hellip;]<\/p>","protected":false},"featured_media":14762,"comment_status":"open","ping_status":"closed","template":"","meta":{"_et_pb_use_builder":"","_et_pb_old_content":"","_et_gb_content_width":""},"product_brand":[],"product_cat":[1494],"product_tag":[1495,1496],"class_list":{"0":"post-15835","1":"product","2":"type-product","3":"status-publish","4":"has-post-thumbnail","6":"product_cat-bucket-cylinders","7":"product_tag-bucket-cylinders","8":"product_tag-hydraulic-cylinders","10":"first","11":"instock","12":"shipping-taxable","13":"product-type-simple"},"amp_enabled":true,"_links":{"self":[{"href":"https:\/\/www.hydraulic-cylinders.net\/tr\/wp-json\/wp\/v2\/product\/15835","targetHints":{"allow":["GET"]}}],"collection":[{"href":"https:\/\/www.hydraulic-cylinders.net\/tr\/wp-json\/wp\/v2\/product"}],"about":[{"href":"https:\/\/www.hydraulic-cylinders.net\/tr\/wp-json\/wp\/v2\/types\/product"}],"replies":[{"embeddable":true,"href":"https:\/\/www.hydraulic-cylinders.net\/tr\/wp-json\/wp\/v2\/comments?post=15835"}],"wp:featuredmedia":[{"embeddable":true,"href":"https:\/\/www.hydraulic-cylinders.net\/tr\/wp-json\/wp\/v2\/media\/14762"}],"wp:attachment":[{"href":"https:\/\/www.hydraulic-cylinders.net\/tr\/wp-json\/wp\/v2\/media?parent=15835"}],"wp:term":[{"taxonomy":"product_brand","embeddable":true,"href":"https:\/\/www.hydraulic-cylinders.net\/tr\/wp-json\/wp\/v2\/product_brand?post=15835"},{"taxonomy":"product_cat","embeddable":true,"href":"https:\/\/www.hydraulic-cylinders.net\/tr\/wp-json\/wp\/v2\/product_cat?post=15835"},{"taxonomy":"product_tag","embeddable":true,"href":"https:\/\/www.hydraulic-cylinders.net\/tr\/wp-json\/wp\/v2\/product_tag?post=15835"}],"curies":[{"name":"wp","href":"https:\/\/api.w.org\/{rel}","templated":true}]}}