{"id":15850,"date":"2025-01-19T15:04:26","date_gmt":"2025-01-19T15:04:26","guid":{"rendered":"https:\/\/www.hydraulic-cylinders.net\/product\/bucket-cylinder-for-john-deere-e300lc\/"},"modified":"2025-01-19T15:04:28","modified_gmt":"2025-01-19T15:04:28","slug":"bucket-cylinder-for-john-deere-e300lc","status":"publish","type":"product","link":"https:\/\/www.hydraulic-cylinders.net\/tr\/urun\/bucket-cylinder-for-john-deere-e300lc\/","title":{"rendered":"John Deere E300LC i\u00e7in Kep\u00e7e Silindiri"},"content":{"rendered":"<h2>John Deere E300LC i\u00e7in Kep\u00e7e Silindiri<\/h2>\n<h3>girii\u015f<\/h3>\n<p>Kep\u00e7e silindiri, ekskavat\u00f6rler, kaz\u0131c\u0131 y\u00fckleyiciler ve \u00f6n y\u00fckleyiciler gibi a\u011f\u0131r makinelerde kep\u00e7enin hareketini kontrol etmek i\u00e7in \u00f6zel olarak tasarlanm\u0131\u015f bir hidrolik silindirdir. Ana i\u015flevi, malzeme ta\u015f\u0131ma i\u015flemlerini kolayla\u015ft\u0131rmak i\u00e7in kep\u00e7enin kald\u0131r\u0131lmas\u0131n\u0131, indirilmesini ve e\u011filmesini sa\u011flamakt\u0131r. Hidrolik sistemde, kep\u00e7e silindiri hidrolik ya\u011f bas\u0131nc\u0131ndaki de\u011fi\u015fiklikler yoluyla kep\u00e7enin hassas kontrol\u00fcn\u00fc sa\u011flar ve operat\u00f6rlerin a\u011f\u0131r y\u00fckleri verimli bir \u015fekilde ta\u015f\u0131mas\u0131na ve karma\u015f\u0131k \u00e7al\u0131\u015fma ortamlar\u0131na ve i\u015f taleplerine uyum sa\u011flamas\u0131na olanak tan\u0131r.<\/p>\n<p><img decoding=\"async\" src=\"https:\/\/www.hydraulic-cylinders.net\/wp-content\/uploads\/2025\/01\/songte-company-2.webp\"><\/p>\n<h3>\u00d6zellikler<\/h3>\n<ul>\n<li><strong>Y\u00fcksek Dayan\u0131kl\u0131l\u0131k ve Dayan\u0131kl\u0131l\u0131k:<\/strong> Genellikle y\u00fcksek mukavemetli \u00e7elik veya al\u00fcminyumdan \u00fcretilen bu malzeme, y\u00fcksek bas\u0131nca ve a\u011f\u0131r y\u00fcklere dayanabilir, zorlu \u00e7al\u0131\u015fma ortamlar\u0131na uyum sa\u011flayabilir ve kullan\u0131m \u00f6mr\u00fcn\u00fc uzatmak i\u00e7in a\u015f\u0131nma ve korozyon direnciyle tasarlanm\u0131\u015ft\u0131r.<\/li>\n<li><strong>Verimli Hidrolik \u00c7al\u0131\u015fma:<\/strong> Hidrolik ya\u011f bas\u0131nc\u0131n\u0131 kullanarak d\u00fczg\u00fcn uzatma ve b\u00fcz\u00fclme hareketleri sa\u011flayan bu cihaz, kontrol komutlar\u0131na h\u0131zl\u0131 bir \u015fekilde yan\u0131t verebilir ve g\u00fc\u00e7l\u00fc itme ve \u00e7ekme kuvvetleri uygulayarak a\u011f\u0131r y\u00fcklerin ve karma\u015f\u0131k i\u015f g\u00f6revlerinin \u00fcstesinden gelmek i\u00e7in uygun hale gelir.<\/li>\n<li><strong>\u00c7e\u015fitli Tipler:<\/strong> \u0130\u015fletme ihtiya\u00e7lar\u0131na g\u00f6re tek etkili (hidroli\u011fi yaln\u0131zca tek y\u00f6nde kullanan) veya \u00e7ift etkili (hidroli\u011fi her iki y\u00f6nde kullanan) silindirler se\u00e7ilebilir. Baz\u0131 modeller teleskopiktir ve d\u0131\u015f boyutlar\u0131 art\u0131rmadan daha fazla uzatmaya olanak tan\u0131yarak, s\u0131n\u0131rl\u0131 alan gerektiren uygulamalar i\u00e7in uygun hale gelir.<\/li>\n<li><strong>Bizim Taraf\u0131m\u0131zdan \u00dcretilebilir:<\/strong> \u00dcr\u00fcn\u00fcm\u00fcz bu hidrolik silindirlerin yerine m\u00fckemmel bir \u015fekilde ge\u00e7ebilmektedir.<\/li>\n<\/ul>\n<p><img decoding=\"async\" src=\"https:\/\/www.hydraulic-cylinders.net\/wp-content\/uploads\/2025\/01\/songte-cylinder-head-with-all-kinds-excavator-models.webp\"><\/p>\n<h3>Uygulamalar<\/h3>\n<p>Kova silindiri, a\u015fa\u011f\u0131dakiler de dahil olmak \u00fczere \u00e7e\u015fitli end\u00fcstrilerde yayg\u0131n olarak kullan\u0131lmaktad\u0131r:<\/p>\n<ul>\n<li><strong>\u0130n\u015faat Ekipmanlar\u0131:<\/strong> Ekskavat\u00f6rlerde, toprak veya moloz kazma, y\u00fckleme ve ta\u015f\u0131ma i\u015flemlerinde kritik \u00f6neme sahiptirler. Kaz\u0131c\u0131 y\u00fckleyicilerde ise kep\u00e7e silindirleri hem kazmaya hem de kald\u0131rmaya katk\u0131da bulunur. <\/li>\n<li><strong>Tar\u0131m Makinalar\u0131:<\/strong> \u00d6n y\u00fckleyicilerde, toprak, saman ve di\u011fer malzemelerin al\u0131nmas\u0131, kald\u0131r\u0131lmas\u0131 ve ta\u015f\u0131nmas\u0131nda kullan\u0131l\u0131r. <\/li>\n<li><strong>Ekskavat\u00f6rler:<\/strong> Kep\u00e7e silindiri, kep\u00e7enin topra\u011fa n\u00fcfuz etmesini sa\u011flayarak kazma i\u015flemini ger\u00e7ekle\u015ftirir. <\/li>\n<li><strong>Y\u00fckleyiciler:<\/strong> \u00d6n y\u00fckleyicilerde, mallar\u0131n etkili bir \u015fekilde kald\u0131r\u0131lmas\u0131na ve e\u011filmesine yard\u0131mc\u0131 olurlar. <\/li>\n<\/ul>\n<h3>Tasar\u0131m Hususlar\u0131 ve Se\u00e7im Kriterleri<\/h3>\n<p>Ta\u015f\u0131ma kapasitesi, s\u0131zd\u0131rmazl\u0131k, dayan\u0131kl\u0131l\u0131k, g\u00fcvenlik ve bak\u0131m kolayl\u0131\u011f\u0131 gibi tasar\u0131m hususlar\u0131 g\u00f6z \u00f6n\u00fcnde bulundurularak, kova silindiri belirli operasyonel ihtiya\u00e7lara g\u00f6re se\u00e7ilmelidir. <\/p>\n<ul>\n<li><strong>Y\u00fck Ta\u015f\u0131ma Kapasitesi:<\/strong> Silindir, ta\u015f\u0131mas\u0131 beklenen y\u00fckleri ta\u015f\u0131yabilecek kapasitede olmal\u0131d\u0131r. \u00c7al\u0131\u015fma ortam\u0131 g\u00f6z \u00f6n\u00fcne al\u0131nd\u0131\u011f\u0131nda, kar\u015f\u0131la\u015faca\u011f\u0131 y\u00fckleri ve gerilimleri kald\u0131rabilecek kapasitede olmas\u0131n\u0131 sa\u011flayan tasar\u0131m standartlar\u0131n\u0131 kar\u015f\u0131lamal\u0131d\u0131r. <\/li>\n<li><strong>S\u0131zd\u0131rmazl\u0131k:<\/strong> Silindirin s\u0131z\u0131nt\u0131y\u0131 \u00f6nlemek i\u00e7in y\u00fcksek kaliteli contalara sahip olmas\u0131 gerekir; aksi takdirde silindire ve \u00e7evredeki ekipmanlara zarar gelebilir. <\/li>\n<li><strong>Dayan\u0131kl\u0131l\u0131k:<\/strong> Silindir, a\u015f\u0131nmaya ve korozyona dayan\u0131kl\u0131, y\u00fcksek kaliteli malzemelerden \u00fcretilmelidir; bu da kullan\u0131m \u00f6mr\u00fcn\u00fc uzat\u0131r ve bak\u0131m maliyetlerini d\u00fc\u015f\u00fcr\u00fcr. <\/li>\n<li><strong>Emniyet:<\/strong> Silindir, kazalar\u0131 \u00f6nlemek ve riski en aza indirmek i\u00e7in g\u00fcvenlik g\u00f6z \u00f6n\u00fcnde bulundurularak tasarlanmal\u0131d\u0131r; \u00f6rne\u011fin ani hareketlerden ka\u00e7\u0131n\u0131lmal\u0131 ve do\u011fru montaj sa\u011flanmal\u0131d\u0131r. <\/li>\n<li><strong>Bak\u0131m kolayl\u0131\u011f\u0131:<\/strong> Silindirin bak\u0131m\u0131 ve onar\u0131m\u0131 kolay olmal\u0131, par\u00e7alar\u0131 kolayca bulunabilmeli ve bak\u0131m talimatlar\u0131 a\u00e7\u0131k ve anla\u015f\u0131l\u0131r olmal\u0131d\u0131r.<\/li>\n<\/ul>\n<p><img decoding=\"async\" src=\"https:\/\/www.hydraulic-cylinders.net\/wp-content\/uploads\/2025\/01\/songte-oil-pipes-and-spare-parts.webp\"><\/p>\n<h3>S\u0131zd\u0131rmazl\u0131k ve Ya\u011flama<\/h3>\n<p>Kova silindiri, poli\u00fcretan ve nitril kau\u00e7uk gibi a\u015f\u0131nmaya dayan\u0131kl\u0131 malzemelerden yap\u0131lm\u0131\u015f piston contalar\u0131, mil contalar\u0131 vb. \u00e7e\u015fitli contalar kullanarak ya\u011f s\u0131z\u0131nt\u0131s\u0131n\u0131 etkili bir \u015fekilde \u00f6nler. Silindir g\u00f6vdesi ve di\u015fli u\u00e7 y\u00fczeyi, a\u015f\u0131nma direncini ve dayan\u0131kl\u0131l\u0131\u011f\u0131 art\u0131rmak i\u00e7in hassas bir \u015fekilde i\u015flenmi\u015ftir. Silindirin sorunsuz \u00e7al\u0131\u015fmas\u0131 i\u00e7in uygun hidrolik ya\u011f ile d\u00fczenli olarak ya\u011flanmas\u0131 gerekir. <\/p>\n<h3>Bak\u0131m ve Onar\u0131m<\/h3>\n<p>D\u00fczenli bak\u0131m ve \u00f6nleyici tedbirler, kova silindirinin \u00f6mr\u00fcn\u00fc uzatmaya yard\u0131mc\u0131 olabilir; bunlar aras\u0131nda \u015funlar yer al\u0131r:<\/p>\n<ul>\n<li>D\u00fczenli denetim <\/li>\n<li>Uygun ya\u011flama <\/li>\n<li>Conta de\u011fi\u015fimi ve kalibrasyon kontrol\u00fc <\/li>\n<\/ul>\n<p>Silindirin do\u011fru \u015fekilde hizalanmas\u0131 ve tak\u0131lmas\u0131, silindiri sabitlemek i\u00e7in uygun montaj braketlerinin kullan\u0131lmas\u0131 ve \u00f6nerilen inceleme, onar\u0131m ve de\u011fi\u015ftirme prosed\u00fcrlerinin izlenmesi \u00f6nemlidir. Silindirin \u00f6mr\u00fcn\u00fc uzatmak i\u00e7in yedek par\u00e7alar ve yeniden yap\u0131land\u0131rma hizmetleri de mevcuttur.<\/p>\n<p><img decoding=\"async\" src=\"https:\/\/www.hydraulic-cylinders.net\/wp-content\/uploads\/2025\/01\/songte-chushion-collar.webp\"><\/p>\n<h3>G\u00fcvenlik Hususlar\u0131 ve \u00c7evresel Fakt\u00f6rler<\/h3>\n<p>Kova silindiri kullan\u0131l\u0131rken, kazalar\u0131 ve hasarlar\u0131 \u00f6nlemek i\u00e7in g\u00fcvenlik \u00f6nlemlerine uyulmas\u0131 \u015fartt\u0131r. Uygun silindir se\u00e7ilirken s\u0131cakl\u0131k ve nem gibi \u00e7evresel fakt\u00f6rler de dikkate al\u0131nmal\u0131d\u0131r.<\/p>\n<h3>Sorun Giderme ve Yayg\u0131n Sorunlar<\/h3>\n<p>Kep\u00e7e silindirinde s\u0131k kar\u015f\u0131la\u015f\u0131lan sorunlar aras\u0131nda s\u0131z\u0131nt\u0131, conta hasar\u0131 ve yava\u015f veya d\u00fczensiz hareket yer al\u0131r. Sorun giderme, problemi belirleyebilir ve uygun \u00e7\u00f6z\u00fcm\u00fc ortaya \u00e7\u0131karabilir. D\u00fczenli inceleme ve bak\u0131m gibi \u00f6nleyici tedbirler, potansiyel sorunlar\u0131 en aza indirmeye yard\u0131mc\u0131 olabilir.<\/p>\n<p><img decoding=\"async\" src=\"https:\/\/www.hydraulic-cylinders.net\/wp-content\/uploads\/2025\/01\/songte-bushings-with-all-kinds-of-excavator-models.webp\"><\/p>\n<h3>Hakk\u0131m\u0131zda<\/h3>\n<p>Yurti\u00e7i ve yurtd\u0131\u015f\u0131 pazarlarda hidrolik silindirlerin \u00f6nde gelen \u00fcreticisi ve toptan da\u011f\u0131t\u0131c\u0131s\u0131y\u0131z. Eksiksiz bir \u00fcr\u00fcn yelpazesi sunuyor ve m\u00fckemmel kalite standartlar\u0131na ba\u011fl\u0131 kal\u0131yoruz. S\u00fcrekli olarak \u00fcretim platformlar\u0131n\u0131 geli\u015ftiren, \u00fcr\u00fcn kalitesini m\u00fckemmelle\u015ftiren \u00fcretim hatlar\u0131na sahip ve g\u00fc\u00e7l\u00fc yarat\u0131c\u0131 yeteneklere sahip, end\u00fcstriyel \u00fcretim y\u00f6netim stratejilerine g\u00fcvenerek, m\u00fc\u015fteri ihtiya\u00e7lar\u0131n\u0131 verimli, do\u011fru ve y\u00fcksek kalitede kar\u015f\u0131l\u0131yoruz. <\/p>\n<p>Profesyonel, uluslararas\u0131 sertifikal\u0131, \u00f6zelle\u015ftirilmi\u015f hizmetler sunmaya kararl\u0131y\u0131z ve geli\u015fmi\u015f \u00fcretim ekipmanlar\u0131m\u0131z ve profesyonel sat\u0131\u015f sonras\u0131 hizmetlerimiz gibi g\u00fc\u00e7l\u00fc y\u00f6nlerimiz sayesinde piyasada \u00f6ne \u00e7\u0131k\u0131yoruz.<\/p>\n<p><img decoding=\"async\" src=\"https:\/\/hzpt.com\/wp-content\/uploads\/2024\/11\/songte-company-1.webp\"><\/p>\n<p>Yazar: lyl<\/p>","protected":false},"excerpt":{"rendered":"<p>Bucket Cylinder For John Deere E300LC Introduction A bucket cylinder is a specifically designed hydraulic cylinder primarily used to control the movement of a bucket in heavy machinery such as excavators, backhoe loaders, and front-end loaders. Its main function is to enable the bucket to lift, lower, and tilt for ease of material handling tasks. [&hellip;]<\/p>","protected":false},"featured_media":14762,"comment_status":"open","ping_status":"closed","template":"","meta":{"_et_pb_use_builder":"","_et_pb_old_content":"","_et_gb_content_width":""},"product_brand":[],"product_cat":[1494],"product_tag":[1495,1496],"class_list":{"0":"post-15850","1":"product","2":"type-product","3":"status-publish","4":"has-post-thumbnail","6":"product_cat-bucket-cylinders","7":"product_tag-bucket-cylinders","8":"product_tag-hydraulic-cylinders","10":"first","11":"instock","12":"shipping-taxable","13":"product-type-simple"},"amp_enabled":true,"_links":{"self":[{"href":"https:\/\/www.hydraulic-cylinders.net\/tr\/wp-json\/wp\/v2\/product\/15850","targetHints":{"allow":["GET"]}}],"collection":[{"href":"https:\/\/www.hydraulic-cylinders.net\/tr\/wp-json\/wp\/v2\/product"}],"about":[{"href":"https:\/\/www.hydraulic-cylinders.net\/tr\/wp-json\/wp\/v2\/types\/product"}],"replies":[{"embeddable":true,"href":"https:\/\/www.hydraulic-cylinders.net\/tr\/wp-json\/wp\/v2\/comments?post=15850"}],"wp:featuredmedia":[{"embeddable":true,"href":"https:\/\/www.hydraulic-cylinders.net\/tr\/wp-json\/wp\/v2\/media\/14762"}],"wp:attachment":[{"href":"https:\/\/www.hydraulic-cylinders.net\/tr\/wp-json\/wp\/v2\/media?parent=15850"}],"wp:term":[{"taxonomy":"product_brand","embeddable":true,"href":"https:\/\/www.hydraulic-cylinders.net\/tr\/wp-json\/wp\/v2\/product_brand?post=15850"},{"taxonomy":"product_cat","embeddable":true,"href":"https:\/\/www.hydraulic-cylinders.net\/tr\/wp-json\/wp\/v2\/product_cat?post=15850"},{"taxonomy":"product_tag","embeddable":true,"href":"https:\/\/www.hydraulic-cylinders.net\/tr\/wp-json\/wp\/v2\/product_tag?post=15850"}],"curies":[{"name":"wp","href":"https:\/\/api.w.org\/{rel}","templated":true}]}}