{"id":15853,"date":"2025-01-19T15:04:38","date_gmt":"2025-01-19T15:04:38","guid":{"rendered":"https:\/\/www.hydraulic-cylinders.net\/product\/bucket-cylinder-for-yuchai-yc18sr\/"},"modified":"2025-01-19T15:04:43","modified_gmt":"2025-01-19T15:04:43","slug":"bucket-cylinder-for-yuchai-yc18sr","status":"publish","type":"product","link":"https:\/\/www.hydraulic-cylinders.net\/tr\/urun\/bucket-cylinder-for-yuchai-yc18sr\/","title":{"rendered":"Yuchai YC18SR i\u00e7in Kova Silindiri"},"content":{"rendered":"<h2>Yuchai YC18SR i\u00e7in Kova Silindiri<\/h2>\n<h3>girii\u015f<\/h3>\n<p>Kep\u00e7e silindiri, ekskavat\u00f6rler, kaz\u0131c\u0131 ekskavat\u00f6rler ve \u00f6n y\u00fckleyiciler gibi a\u011f\u0131r makinelerde kep\u00e7enin hareketini kontrol etmek i\u00e7in \u00f6zel olarak tasarlanm\u0131\u015f bir hidrolik silindirdir. Ana i\u015flevi, kep\u00e7enin kald\u0131r\u0131lmas\u0131n\u0131, indirilmesini ve e\u011filmesini sa\u011flayarak \u00e7e\u015fitli malzeme ta\u015f\u0131ma g\u00f6revlerinin daha kolay ger\u00e7ekle\u015ftirilmesine olanak tan\u0131makt\u0131r. Hidrolik sistemde, kep\u00e7e silindiri hidrolik ya\u011f bas\u0131nc\u0131n\u0131 de\u011fi\u015ftirerek kep\u00e7enin hassas kontrol\u00fcn\u00fc sa\u011flar ve operat\u00f6rlerin a\u011f\u0131r malzemeleri verimli bir \u015fekilde ta\u015f\u0131mas\u0131na, karma\u015f\u0131k \u00e7al\u0131\u015fma ortamlar\u0131na ve \u00e7e\u015fitli operasyonel gereksinimlere uyum sa\u011flamas\u0131na olanak tan\u0131r.<\/p>\n<p><img decoding=\"async\" src=\"https:\/\/www.hydraulic-cylinders.net\/wp-content\/uploads\/2025\/01\/songte-company-2.webp\" \/><\/p>\n<h3>\u00d6zellikler<\/h3>\n<ul>\n<li><strong>Y\u00fcksek Dayan\u0131kl\u0131l\u0131k ve Dayan\u0131kl\u0131l\u0131k:<\/strong> Genellikle y\u00fcksek mukavemetli \u00e7elik veya al\u00fcminyumdan \u00fcretilen bu malzeme, y\u00fcksek bas\u0131nca ve a\u011f\u0131r y\u00fcklere dayanabilir, zorlu \u00e7al\u0131\u015fma ortamlar\u0131na uyum sa\u011flayabilir ve a\u015f\u0131nma direnci ile korozyon direnci g\u00f6z \u00f6n\u00fcnde bulundurularak tasarlanm\u0131\u015ft\u0131r, b\u00f6ylece kullan\u0131m \u00f6mr\u00fc uzar.<\/li>\n<li><strong>Verimli Hidrolik \u00c7al\u0131\u015fma:<\/strong> Hidrolik ya\u011f\u0131n bas\u0131nc\u0131n\u0131 kullanarak d\u00fczg\u00fcn uzatma ve geri \u00e7ekme hareketleri ger\u00e7ekle\u015ftirir, kontrol komutlar\u0131na h\u0131zl\u0131 yan\u0131t verebilir, g\u00fc\u00e7l\u00fc itme ve \u00e7ekme kuvvetleri sa\u011flayabilir ve a\u011f\u0131r malzemelerin ta\u015f\u0131nmas\u0131 ve karma\u015f\u0131k operasyonel g\u00f6revler i\u00e7in uygundur.<\/li>\n<li><strong>\u00c7e\u015fitli T\u00fcrler:<\/strong> Operasyonel gereksinimlere g\u00f6re tek etkili (sadece tek y\u00f6nde hidrolik) veya \u00e7ift etkili (her iki y\u00f6nde de hidrolik) silindirler se\u00e7ilebilir ve baz\u0131 modeller teleskopiktir, bu da d\u0131\u015f boyutlar\u0131 art\u0131rmadan daha fazla uzatmaya olanak tan\u0131yarak s\u0131n\u0131rl\u0131 alana sahip uygulamalar i\u00e7in uygun hale getirir.<\/li>\n<li><strong>Uyumluluk:<\/strong> \u00dcr\u00fcn\u00fcm\u00fcz bu hidrolik silindirlerin yerini m\u00fckemmel bir \u015fekilde alabilir ve biz bu \u00fcr\u00fcn\u00fc \u00fcretebiliriz.<\/li>\n<\/ul>\n<p><img decoding=\"async\" src=\"https:\/\/www.hydraulic-cylinders.net\/wp-content\/uploads\/2025\/01\/songte-cylinder-head-with-all-kinds-excavator-models.webp\" \/><\/p>\n<h3>Uygulamalar<\/h3>\n<p>Kova silindirleri, a\u015fa\u011f\u0131dakiler de dahil olmak \u00fczere \u00e7e\u015fitli end\u00fcstrilerde yayg\u0131n olarak kullan\u0131lmaktad\u0131r:<\/p>\n<ul>\n<li><strong>\u0130n\u015faat Ekipmanlar\u0131:<\/strong> Ekskavat\u00f6rlerde, toprak veya moloz kazma, y\u00fckleme ve ta\u015f\u0131ma i\u015flemlerinde kritik \u00f6neme sahiptirler. Kaz\u0131c\u0131 ekskavat\u00f6rlerde ise kova silindiri hem kazma hem de kald\u0131rma i\u015flemlerine yard\u0131mc\u0131 olur. <\/li>\n<li><strong>Tar\u0131m Makinalar\u0131:<\/strong> \u00d6n y\u00fckleyicilerde toprak, saman ve di\u011fer malzemelerin kep\u00e7elenmesi, kald\u0131r\u0131lmas\u0131 ve ta\u015f\u0131nmas\u0131 i\u00e7in kullan\u0131l\u0131r. <\/li>\n<li><strong>Ekskavat\u00f6rler:<\/strong> Kep\u00e7e silindiri, kep\u00e7enin topra\u011fa n\u00fcfuz etmesini sa\u011flayarak kazma i\u015flemini ger\u00e7ekle\u015ftirir. <\/li>\n<li><strong>Y\u00fckleyiciler:<\/strong> \u00d6n y\u00fckleyicilerde, mallar\u0131n etkili bir \u015fekilde kald\u0131r\u0131lmas\u0131na ve e\u011filmesine yard\u0131mc\u0131 olurlar. <\/li>\n<\/ul>\n<h3>Tasar\u0131m ve Se\u00e7im Kriterleri<\/h3>\n<p>Kova silindirleri tasarlan\u0131rken, a\u015fa\u011f\u0131dakiler gibi \u00e7e\u015fitli hususlar dikkate al\u0131nmal\u0131d\u0131r:<\/p>\n<ul>\n<li><strong>Y\u00fck Ta\u015f\u0131ma Kapasitesi:<\/strong> Silindir, kald\u0131r\u0131lan malzemenin a\u011f\u0131rl\u0131\u011f\u0131n\u0131 deforme olmadan veya k\u0131r\u0131lmadan ta\u015f\u0131yabilmelidir.<\/li>\n<li><strong>S\u0131zd\u0131rmazl\u0131k:<\/strong> S\u0131z\u0131nt\u0131lar\u0131 \u00f6nlemek ve bas\u0131nc\u0131 korumak i\u00e7in piston contalar\u0131 ve mil contalar\u0131 gibi \u00e7e\u015fitli s\u0131zd\u0131rmazl\u0131k bile\u015fenleri kullan\u0131lmal\u0131d\u0131r.<\/li>\n<li><strong>Dayan\u0131kl\u0131l\u0131k:<\/strong> Silindir malzemesi a\u015f\u0131nmaya, korozyona ve yorulmaya kar\u015f\u0131 dayan\u0131kl\u0131 olmal\u0131 ve a\u015f\u0131nma direncini art\u0131rmak i\u00e7in y\u00fczeyine ince i\u015flem uygulanmal\u0131d\u0131r.<\/li>\n<li><strong>Emniyet:<\/strong> Silindir, s\u0131z\u0131nt\u0131, a\u015f\u0131r\u0131 y\u00fcklenme ve ani ar\u0131za gibi kazalar\u0131 \u00f6nleyecek \u015fekilde tasarlanmal\u0131d\u0131r.<\/li>\n<li><strong>Bak\u0131m:<\/strong> Silindirin s\u00f6k\u00fcl\u00fcp onar\u0131lmas\u0131 kolay olmal\u0131 ve uygun yedek par\u00e7alar kolayca temin edilebilmelidir.<\/li>\n<\/ul>\n<p><img decoding=\"async\" src=\"https:\/\/www.hydraulic-cylinders.net\/wp-content\/uploads\/2025\/01\/songte-oil-pipes-and-spare-parts.webp\" \/><\/p>\n<h3>S\u0131zd\u0131rmazl\u0131k ve Ya\u011flama<\/h3>\n<p>Kova silindirlerinde, poli\u00fcretan ve nitril kau\u00e7uk gibi a\u015f\u0131nmaya dayan\u0131kl\u0131 malzemelerden yap\u0131lm\u0131\u015f piston contalar\u0131 ve mil contalar\u0131 gibi \u00e7e\u015fitli s\u0131zd\u0131rmazl\u0131k bile\u015fenleri kullan\u0131l\u0131r. Silindir g\u00f6vdesi ve di\u015fli u\u00e7 y\u00fczeyleri, a\u015f\u0131nma direncini art\u0131rmak i\u00e7in ince bir i\u015flemden ge\u00e7irilir. D\u00fczg\u00fcn hareket sa\u011flamak ve a\u015f\u0131nmay\u0131 azaltmak i\u00e7in hidrolik ya\u011f ile d\u00fczenli ya\u011flama gereklidir.<\/p>\n<h3>Bak\u0131m ve Onar\u0131m<\/h3>\n<p>Kova silindirlerinin uzun \u00f6m\u00fcrl\u00fc ve g\u00fcvenilir \u00e7al\u0131\u015fmas\u0131n\u0131 sa\u011flamak i\u00e7in d\u00fczenli kontroller ve \u00f6nleyici bak\u0131m \u00f6nlemleri al\u0131nmal\u0131d\u0131r. Yayg\u0131n bak\u0131m g\u00f6revleri \u015funlard\u0131r:<\/p>\n<ul>\n<li><strong>D\u00fczenli Muayene:<\/strong> S\u0131z\u0131nt\u0131lar\u0131, gev\u015fek ba\u011flant\u0131lar\u0131 ve a\u015f\u0131nma belirtilerini kontrol edin.<\/li>\n<li><strong>Ya\u011flama:<\/strong> Silindiri, \u00fcretici taraf\u0131ndan \u00f6nerilen hidrolik ya\u011f ile iyice ya\u011flay\u0131n.<\/li>\n<li><strong>Conta De\u011fi\u015fimi:<\/strong> S\u0131z\u0131nt\u0131lar\u0131 ve bas\u0131n\u00e7 kayb\u0131n\u0131 \u00f6nlemek i\u00e7in a\u015f\u0131nm\u0131\u015f veya hasar g\u00f6rm\u00fc\u015f contalar\u0131 en k\u0131sa s\u00fcrede de\u011fi\u015ftirin.<\/li>\n<li><strong>Hizalama Kontrol\u00fc:<\/strong> Hasar olu\u015fmas\u0131n\u0131 \u00f6nlemek ve sorunsuz \u00e7al\u0131\u015fmay\u0131 sa\u011flamak i\u00e7in montaj s\u0131ras\u0131nda silindiri do\u011fru \u015fekilde hizalay\u0131n.<\/li>\n<li><strong>Onar\u0131m ve De\u011fi\u015ftirme:<\/strong> Hasarl\u0131 par\u00e7alar\u0131n onar\u0131m\u0131 veya de\u011fi\u015ftirilmesi i\u00e7in \u00f6nerilen prosed\u00fcrleri izleyin ve silindirin kullan\u0131m \u00f6mr\u00fcn\u00fc uzatmak i\u00e7in yeniden yap\u0131m hizmetlerini g\u00f6z \u00f6n\u00fcnde bulundurun.<\/li>\n<\/ul>\n<p><img decoding=\"async\" src=\"https:\/\/www.hydraulic-cylinders.net\/wp-content\/uploads\/2025\/01\/songte-chushion-collar.webp\" \/><\/p>\n<h3>G\u00fcvenlik ve \u00c7evresel Hususlar<\/h3>\n<p>Kova silindirleri kullan\u0131l\u0131rken, a\u015f\u0131r\u0131 y\u00fckleme, ani ar\u0131za ve s\u0131z\u0131nt\u0131 gibi kazalar\u0131 \u00f6nlemek i\u00e7in g\u00fcvenlik \u00f6nlemleri al\u0131nmal\u0131d\u0131r. \u00c7evre kirlili\u011fini ve zarar\u0131 \u00f6nlemek i\u00e7in eski veya hasarl\u0131 silindirlerin ve hidrolik ya\u011f\u0131n uygun \u015fekilde imha edilmesi \u015fartt\u0131r.<\/p>\n<h3>Ar\u0131za Te\u015fhisi ve Sorun Giderme<\/h3>\n<p>Kova silindirlerinde s\u0131k kar\u015f\u0131la\u015f\u0131lan sorunlar aras\u0131nda s\u0131z\u0131nt\u0131lar, yetersiz bas\u0131n\u00e7 ve anormal sesler bulunur. Gev\u015fek ba\u011flant\u0131lar\u0131, hasarl\u0131 contalar\u0131 ve di\u011fer olas\u0131 nedenleri kontrol ederek sorun giderme i\u015flemi h\u0131zl\u0131 bir \u015fekilde yap\u0131lmal\u0131d\u0131r. D\u00fczenli inceleme ve bak\u0131m, bir\u00e7ok sorunun olu\u015fmas\u0131n\u0131 \u00f6nlemeye yard\u0131mc\u0131 olabilir.<\/p>\n<p><img decoding=\"async\" src=\"https:\/\/www.hydraulic-cylinders.net\/wp-content\/uploads\/2025\/01\/songte-bushings-with-all-kinds-of-excavator-models.webp\" \/><\/p>\n<h2>\u015eirketimiz<\/h2>\n<p>Geni\u015f \u00fcr\u00fcn yelpazesine sahip yedek hidrolik silindir \u00fcreticisiyiz. Yurti\u00e7i ve yurtd\u0131\u015f\u0131 pazarlarda \u00f6nde gelen hidrolik silindir \u00fcreticilerinden ve toptanc\u0131lar\u0131ndan biriyiz. M\u00fckemmel kaliteye ba\u011fl\u0131 kalarak, \u00f6zenle tasarlanm\u0131\u015f \u00fcretim at\u00f6lyelerinde end\u00fcstriyel \u00fcretim y\u00f6netim stratejilerine g\u00fcveniyoruz. \u015eirket, teknik yeteneklerden, dijital y\u00fcksek teknoloji \u00fcretim ekipmanlar\u0131ndan ve profesyonel test sistemlerinden yararlanarak at\u00f6lyenin \u00fcretim platformunu s\u00fcrekli olarak geli\u015ftiriyor, \u00fcr\u00fcn kalitesini art\u0131r\u0131yor ve \u00fcretim rotas\u0131n\u0131 m\u00fckemmelle\u015ftiriyor. \u015eirket, g\u00fc\u00e7l\u00fc yarat\u0131c\u0131l\u0131k yetene\u011fine sahip olup, m\u00fc\u015fterilerin \u00e7e\u015fitli ihtiya\u00e7lar\u0131n\u0131 kar\u015f\u0131lamak i\u00e7in y\u00fcksek verimlilik, y\u00fcksek hassasiyet ve y\u00fcksek kalite ilkesine ba\u011fl\u0131 kalmaktad\u0131r.<\/p>\n<p><img decoding=\"async\" src=\"https:\/\/hzpt.com\/wp-content\/uploads\/2024\/11\/songte-company-1.webp\" \/><\/p>\n<h3>Profesyonellik<\/h3>\n<p>Ekibimiz, hidrolik silindir tasar\u0131m\u0131 ve imalat\u0131 alan\u0131nda geni\u015f deneyime sahip, son derece yetenekli profesyonellerden olu\u015fmaktad\u0131r. \u00dcr\u00fcnlerimizin en y\u00fcksek end\u00fcstri standartlar\u0131n\u0131 kar\u015f\u0131lamas\u0131n\u0131 sa\u011flamak i\u00e7in geli\u015fmi\u015f tasar\u0131m ve \u00fcretim s\u00fcre\u00e7leri kullan\u0131yoruz.<\/p>\n<h3>Uluslararas\u0131 Sertifikasyon<\/h3>\n<p>\u00dcr\u00fcnlerimiz, ISO 9001 ve CE dahil olmak \u00fczere uluslararas\u0131 standart kurulu\u015flar\u0131 taraf\u0131ndan sertifikaland\u0131r\u0131lm\u0131\u015ft\u0131r. Bu, kaliteye olan ba\u011fl\u0131l\u0131\u011f\u0131m\u0131z\u0131 ve en zorlu m\u00fc\u015fteri gereksinimlerini kar\u015f\u0131layan \u00fcr\u00fcnler sunma yetene\u011fimizi g\u00f6stermektedir.<\/p>\n<h3>\u00d6zelle\u015ftirme Hizmetleri<\/h3>\n<p>M\u00fc\u015fterilerimizin \u00f6zel ihtiya\u00e7lar\u0131n\u0131 kar\u015f\u0131lamak i\u00e7in \u00f6zelle\u015ftirme hizmetleri sunuyoruz. Uzman ekibimiz, m\u00fc\u015fterilerle birlikte \u00e7al\u0131\u015farak, onlar\u0131n benzersiz gereksinimlerini kar\u015f\u0131layan \u00f6zel hidrolik silindirler tasarlayabilir ve \u00fcretebilir.<\/p>\n<h3>\u00dcretim Ekipmanlar\u0131<\/h3>\n<p>\u00dcr\u00fcnlerimizin en y\u00fcksek kalitede olmas\u0131n\u0131 sa\u011flamak i\u00e7in en son teknolojiye sahip \u00fcretim ekipmanlar\u0131 kullan\u0131yoruz. \u00dcretim ekipmanlar\u0131m\u0131z aras\u0131nda CNC i\u015fleme merkezleri, hidrolik test ekipmanlar\u0131 ve di\u011fer y\u00fcksek teknoloji makineleri bulunmaktad\u0131r.<\/p>\n<h3>Sat\u0131\u015f Sonras\u0131 Hizmet<\/h3>\n<p>M\u00fc\u015fterilerimizin sat\u0131n al\u0131mlar\u0131ndan memnun kalmalar\u0131n\u0131 sa\u011flamak i\u00e7in m\u00fckemmel sat\u0131\u015f sonras\u0131 hizmet sunuyoruz. Uzman ekibimiz, \u00fcr\u00fcn\u00fcn t\u00fcm ya\u015fam d\u00f6ng\u00fcs\u00fc boyunca sorular\u0131n\u0131z\u0131 yan\u0131tlamak ve destek sa\u011flamak i\u00e7in haz\u0131rd\u0131r.<\/p>\n<h4>Yazar: lyl<\/h4>","protected":false},"excerpt":{"rendered":"<p>Bucket Cylinder for Yuchai YC18SR Introduction A bucket cylinder is a specially designed hydraulic cylinder that is primarily used to control the movement of the bucket in heavy machinery such as excavators, backhoe excavators, and front loaders. Its main function is to allow the bucket to lift, lower, and tilt, making it easier to carry [&hellip;]<\/p>","protected":false},"featured_media":14788,"comment_status":"open","ping_status":"closed","template":"","meta":{"_et_pb_use_builder":"","_et_pb_old_content":"","_et_gb_content_width":""},"product_brand":[],"product_cat":[1494],"product_tag":[1495,1496],"class_list":{"0":"post-15853","1":"product","2":"type-product","3":"status-publish","4":"has-post-thumbnail","6":"product_cat-bucket-cylinders","7":"product_tag-bucket-cylinders","8":"product_tag-hydraulic-cylinders","10":"first","11":"instock","12":"shipping-taxable","13":"product-type-simple"},"amp_enabled":true,"_links":{"self":[{"href":"https:\/\/www.hydraulic-cylinders.net\/tr\/wp-json\/wp\/v2\/product\/15853","targetHints":{"allow":["GET"]}}],"collection":[{"href":"https:\/\/www.hydraulic-cylinders.net\/tr\/wp-json\/wp\/v2\/product"}],"about":[{"href":"https:\/\/www.hydraulic-cylinders.net\/tr\/wp-json\/wp\/v2\/types\/product"}],"replies":[{"embeddable":true,"href":"https:\/\/www.hydraulic-cylinders.net\/tr\/wp-json\/wp\/v2\/comments?post=15853"}],"wp:featuredmedia":[{"embeddable":true,"href":"https:\/\/www.hydraulic-cylinders.net\/tr\/wp-json\/wp\/v2\/media\/14788"}],"wp:attachment":[{"href":"https:\/\/www.hydraulic-cylinders.net\/tr\/wp-json\/wp\/v2\/media?parent=15853"}],"wp:term":[{"taxonomy":"product_brand","embeddable":true,"href":"https:\/\/www.hydraulic-cylinders.net\/tr\/wp-json\/wp\/v2\/product_brand?post=15853"},{"taxonomy":"product_cat","embeddable":true,"href":"https:\/\/www.hydraulic-cylinders.net\/tr\/wp-json\/wp\/v2\/product_cat?post=15853"},{"taxonomy":"product_tag","embeddable":true,"href":"https:\/\/www.hydraulic-cylinders.net\/tr\/wp-json\/wp\/v2\/product_tag?post=15853"}],"curies":[{"name":"wp","href":"https:\/\/api.w.org\/{rel}","templated":true}]}}