{"id":15857,"date":"2025-01-19T15:05:02","date_gmt":"2025-01-19T15:05:02","guid":{"rendered":"https:\/\/www.hydraulic-cylinders.net\/product\/bucket-cylinder-for-yuchai-yc85-8\/"},"modified":"2025-01-19T15:05:05","modified_gmt":"2025-01-19T15:05:05","slug":"bucket-cylinder-for-yuchai-yc85-8","status":"publish","type":"product","link":"https:\/\/www.hydraulic-cylinders.net\/tr\/urun\/bucket-cylinder-for-yuchai-yc85-8\/","title":{"rendered":"Yuchai YC85-8 i\u00e7in Kova Silindiri"},"content":{"rendered":"<h1>Yuchai YC85-8 i\u00e7in Kova Silindiri<\/h1>\n<h2>girii\u015f<\/h2>\n<p>Yuchai YC85-8 i\u00e7in tasarlanm\u0131\u015f kep\u00e7e silindiri, ekskavat\u00f6rler, kaz\u0131c\u0131 y\u00fckleyiciler ve \u00f6n y\u00fckleyiciler gibi a\u011f\u0131r makinelerde kep\u00e7enin hareketini kontrol etmek i\u00e7in kullan\u0131lan \u00f6zel bir hidrolik silindirdir. Ba\u015fl\u0131ca i\u015flevi, kep\u00e7enin kald\u0131r\u0131lmas\u0131n\u0131, indirilmesini ve e\u011filmesini sa\u011flayarak \u00e7e\u015fitli malzeme ta\u015f\u0131ma g\u00f6revleri i\u00e7in kolayl\u0131k sa\u011flamakt\u0131r. Hidrolik sistemde, kep\u00e7e silindiri hidrolik ya\u011f bas\u0131nc\u0131ndaki de\u011fi\u015fiklikler yoluyla kep\u00e7enin hassas kontrol\u00fcn\u00fc sa\u011flar ve operat\u00f6rlerin a\u011f\u0131r y\u00fckleri verimli bir \u015fekilde ta\u015f\u0131mas\u0131na, karma\u015f\u0131k \u00e7al\u0131\u015fma ortamlar\u0131na ve \u00e7e\u015fitli i\u015f gereksinimlerine uyum sa\u011flamas\u0131na olanak tan\u0131r.<\/p>\n<h3>Tan\u0131m ve A\u00e7\u0131klama<\/h3>\n<p>Yuchai YC85-8 kep\u00e7e silindiri, a\u011f\u0131r makinelerde kep\u00e7enin hareketini kontrol etmek i\u00e7in \u00f6zel olarak tasarlanm\u0131\u015f bir hidrolik silindir t\u00fcr\u00fcd\u00fcr. Kep\u00e7enin kald\u0131rma, indirme ve e\u011fme hareketlerinin hassas bir \u015fekilde kontrol edilmesini sa\u011flayarak operat\u00f6rlerin a\u011f\u0131r y\u00fckleri verimli bir \u015fekilde ta\u015f\u0131mas\u0131na ve \u00e7e\u015fitli \u00e7al\u0131\u015fma ko\u015fullar\u0131na ve i\u015f gereksinimlerine uyum sa\u011flamas\u0131na olanak tan\u0131r. Kep\u00e7e silindiri, hassas kontrol sa\u011flamak i\u00e7in hidrolik ya\u011f bas\u0131nc\u0131n\u0131 kullan\u0131r ve b\u00f6ylece sorunsuz ve g\u00fcvenilir bir \u00e7al\u0131\u015fma sa\u011flar.<\/p>\n<p><img decoding=\"async\" src=\"https:\/\/www.hydraulic-cylinders.net\/wp-content\/uploads\/2025\/01\/songte-company-2.webp\" alt=\"Kova Silindiri G\u00f6r\u00fcnt\u00fcs\u00fc\"><\/p>\n<h2>\u00d6zellikler<\/h2>\n<ul>\n<li>Y\u00fcksek Mukavemet ve Dayan\u0131kl\u0131l\u0131k: Genellikle y\u00fcksek mukavemetli \u00e7elik veya al\u00fcminyumdan \u00fcretilen kova silindiri, y\u00fcksek bas\u0131nca ve a\u011f\u0131r y\u00fcklere dayanabilme \u00f6zelli\u011fi sayesinde zorlu \u00e7al\u0131\u015fma ortamlar\u0131 i\u00e7in uygundur. A\u015f\u0131nmaya ve korozyona kar\u015f\u0131 dayan\u0131kl\u0131 olacak \u015fekilde tasarlanm\u0131\u015ft\u0131r, bu da uzun bir kullan\u0131m \u00f6mr\u00fc sa\u011flar.<\/li>\n<li>Verimli Hidrolik \u00c7al\u0131\u015fma: Hidrolik ya\u011f bas\u0131nc\u0131n\u0131 kullanarak, kova silindiri d\u00fczg\u00fcn uzatma ve geri \u00e7ekme hareketleri sa\u011flar ve kontrol komutlar\u0131na h\u0131zl\u0131 yan\u0131t verir. G\u00fc\u00e7l\u00fc itme ve \u00e7ekme kuvvetleri sa\u011flayarak, a\u011f\u0131r y\u00fcklerin ve karma\u015f\u0131k i\u015f g\u00f6revlerinin \u00fcstesinden gelmek i\u00e7in uygundur.<\/li>\n<li>\u00c7e\u015fitli Tipler: Kova silindiri, farkl\u0131 \u00e7al\u0131\u015fma ihtiya\u00e7lar\u0131n\u0131 kar\u015f\u0131lamak \u00fczere hem tek etkili (hidrolik bas\u0131n\u00e7 tek y\u00f6nde kullan\u0131l\u0131r) hem de \u00e7ift etkili (hidrolik bas\u0131n\u00e7 her iki y\u00f6nde kullan\u0131l\u0131r) konfig\u00fcrasyonlarda mevcuttur. Baz\u0131 modeller teleskopiktir ve d\u0131\u015f boyutlar\u0131 art\u0131rmadan daha fazla uzatmaya olanak tan\u0131yarak s\u0131n\u0131rl\u0131 alana sahip uygulamalar i\u00e7in uygun hale gelir.<\/li>\n<li>M\u00fckemmel Yedek Par\u00e7a: \u00dcr\u00fcn\u00fcm\u00fcz mevcut hidrolik silindirlerin yerine m\u00fckemmel \u015fekilde ge\u00e7ebilir. \u00d6zel gereksinimleri kar\u015f\u0131lamak i\u00e7in geni\u015f bir se\u00e7enek yelpazesi sunuyoruz.<\/li>\n<\/ul>\n<p><img decoding=\"async\" src=\"https:\/\/www.hydraulic-cylinders.net\/wp-content\/uploads\/2025\/01\/songte-cylinder-head-with-all-kinds-excavator-models.webp\" alt=\"\u00dcr\u00fcn De\u011fi\u015ftirme G\u00f6rseli\"><\/p>\n<h2>Uygulamalar<\/h2>\n<p>Yuchai YC85-8 kova silindiri, \u00e7e\u015fitli end\u00fcstrilerde ve ekipmanlarda uygulama alan\u0131 bulmaktad\u0131r:<\/p>\n<ul>\n<li>\u0130n\u015faat Ekipmanlar\u0131: Ekskavat\u00f6rlerde, toprak veya moloz kazma, y\u00fckleme ve ta\u015f\u0131ma i\u015flemlerinde hayati \u00f6neme sahiptirler. Kaz\u0131c\u0131 y\u00fckleyicilerde ise kova silindiri hem kazma hem de kald\u0131rma i\u015flemlerine yard\u0131mc\u0131 olur.<\/li>\n<li>Tar\u0131m Makinalar\u0131: \u00d6n y\u00fckleyicilerde toprak, saman ve di\u011fer malzemeleri kep\u00e7elemek, kald\u0131rmak ve ta\u015f\u0131mak i\u00e7in kullan\u0131l\u0131r.<\/li>\n<li>Ekskavat\u00f6rler: Kova silindiri, kovan\u0131n topra\u011fa n\u00fcfuz etmesini sa\u011flayarak kaz\u0131 i\u015flemlerini m\u00fcmk\u00fcn k\u0131lar.<\/li>\n<li>\u00d6n Y\u00fckleyiciler: \u00d6n y\u00fckleyiciler, mallar\u0131n etkili bir \u015fekilde kald\u0131r\u0131lmas\u0131na ve bo\u015falt\u0131lmas\u0131na yard\u0131mc\u0131 olurlar.<\/li>\n<\/ul>\n<h3>\u0130n\u015faat Ekipmanlar\u0131<\/h3>\n<p>\u0130n\u015faat ekipmanlar\u0131nda, kep\u00e7e silindiri kaz\u0131, y\u00fckleme ve toprak veya moloz ta\u015f\u0131ma i\u015flemlerinde hayati \u00f6neme sahiptir. Kaz\u0131c\u0131 y\u00fckleyicilerde ise kep\u00e7e silindiri hem kaz\u0131 hem de kald\u0131rma i\u015flemlerine yard\u0131mc\u0131 olur.<\/p>\n<h3>Tar\u0131m Makinalar\u0131<\/h3>\n<p>Tar\u0131m makinelerinde, kep\u00e7e silindiri \u00f6n y\u00fckleyicilerde toprak, saman ve di\u011fer malzemeleri kep\u00e7eyle almak, kald\u0131rmak ve ta\u015f\u0131mak i\u00e7in kullan\u0131l\u0131r.<\/p>\n<h3>Ekskavat\u00f6rler<\/h3>\n<p>Ekskavat\u00f6rlerde, kep\u00e7e silindiri, kep\u00e7enin topra\u011fa n\u00fcfuz etmesini sa\u011flayarak kaz\u0131 i\u015flemlerini m\u00fcmk\u00fcn k\u0131lar.<\/p>\n<h3>\u00d6n Y\u00fckleyiciler<\/h3>\n<p>\u00d6nden y\u00fcklemeli forkliftlerde, kova silindiri, mallar\u0131n verimli bir \u015fekilde kald\u0131r\u0131lmas\u0131na ve bo\u015falt\u0131lmas\u0131na yard\u0131mc\u0131 olur.<\/p>\n<h2>Tasar\u0131m Hususlar\u0131 ve Se\u00e7im Kriterleri<\/h2>\n<p>Kova silindirlerinin tasar\u0131m\u0131nda \u00e7e\u015fitli hususlar ve se\u00e7im kriterleri b\u00fcy\u00fck \u00f6nem ta\u015f\u0131r:<\/p>\n<ul>\n<li>Ta\u015f\u0131ma Kapasitesi: Kep\u00e7e silindiri, beklenen y\u00fck\u00fc yeterli g\u00fcvenlik pay\u0131yla ta\u015f\u0131yabilecek \u015fekilde tasarlanmal\u0131d\u0131r.<\/li>\n<li>S\u0131zd\u0131rmazl\u0131k: S\u0131z\u0131nt\u0131y\u0131 \u00f6nlemek ve hidrolik sistemin verimli \u00e7al\u0131\u015fmas\u0131n\u0131 sa\u011flamak i\u00e7in uygun s\u0131zd\u0131rmazl\u0131k \u015fartt\u0131r. Hidrolik sistemin b\u00fct\u00fcnl\u00fc\u011f\u00fcn\u00fc korumak i\u00e7in piston contalar\u0131 ve mil contalar\u0131 gibi \u00e7e\u015fitli s\u0131zd\u0131rmazl\u0131k bile\u015fenleri kullan\u0131l\u0131r.<\/li>\n<li>Dayan\u0131kl\u0131l\u0131k: Kova silindiri, zorlu \u00e7al\u0131\u015fma ortam\u0131na dayanabilmeli ve a\u015f\u0131nmaya ve korozyona kar\u015f\u0131 diren\u00e7li olmal\u0131d\u0131r. Dayan\u0131kl\u0131l\u0131\u011f\u0131 art\u0131rmak i\u00e7in y\u00fcksek kaliteli malzemeler ve y\u00fczey i\u015flemleri kullan\u0131l\u0131r.<\/li>\n<li>G\u00fcvenlik: Operat\u00f6rleri korumak ve kazalar\u0131 \u00f6nlemek i\u00e7in tasar\u0131mda g\u00fcvenlik \u00f6zellikleri yer almal\u0131d\u0131r. Bu, a\u015f\u0131r\u0131 bas\u0131nc\u0131 veya ani hareketleri kontrol etmek i\u00e7in emniyet valfleri ve di\u011fer mekanizmalar\u0131 i\u00e7erir.<\/li>\n<li>Bak\u0131m Kolayl\u0131\u011f\u0131: Ar\u0131za s\u00fcrelerini en aza indirmek i\u00e7in kolay bak\u0131m ve onar\u0131m \u015fartt\u0131r. Muayene, par\u00e7a de\u011fi\u015fimi ve kalibrasyon kolayl\u0131\u011f\u0131na eri\u015filebilirlik hususlar\u0131 dikkate al\u0131nmal\u0131d\u0131r.<\/li>\n<\/ul>\n<p><img decoding=\"async\" src=\"https:\/\/www.hydraulic-cylinders.net\/wp-content\/uploads\/2025\/01\/songte-oil-pipes-and-spare-parts.webp\" alt=\"Tasar\u0131m Hususlar\u0131 G\u00f6rseli\"><\/p>\n<h2>S\u0131zd\u0131rmazl\u0131k ve Ya\u011flama<\/h2>\n<p>Kova silindiri, uygun s\u0131zd\u0131rmazl\u0131k ve ya\u011flamay\u0131 sa\u011flamak i\u00e7in \u00e7e\u015fitli s\u0131zd\u0131rmazl\u0131k bile\u015fenleri i\u00e7erir:<\/p>\n<ul>\n<li>S\u0131zd\u0131rmazl\u0131k Eleman\u0131 \u00c7e\u015fitleri: Piston contalar\u0131, mil contalar\u0131 ve di\u011fer conta \u00e7e\u015fitleri, s\u0131v\u0131 s\u0131z\u0131nt\u0131s\u0131n\u0131 \u00f6nlemek ve hidrolik sistemin verimli \u00e7al\u0131\u015fmas\u0131n\u0131 sa\u011flamak i\u00e7in kullan\u0131l\u0131r. Bu contalar genellikle poli\u00fcretan ve nitril kau\u00e7uk gibi a\u015f\u0131nmaya dayan\u0131kl\u0131 malzemelerden \u00fcretilir.<\/li>\n<li>Y\u00fczey \u0130\u015flemi: Silindir g\u00f6vdesi ve di\u015fli u\u00e7lar, a\u015f\u0131nma direncini art\u0131rmak ve uygun s\u0131zd\u0131rmazl\u0131\u011f\u0131 sa\u011flamak i\u00e7in ince y\u00fczey i\u015flemlerine tabi tutulur.<\/li>\n<li>Ya\u011flama: Kep\u00e7e silindirinin sorunsuz \u00e7al\u0131\u015fmas\u0131n\u0131 sa\u011flamak ve kullan\u0131m \u00f6mr\u00fcn\u00fc uzatmak i\u00e7in uygun miktarda hidrolik ya\u011f ile d\u00fczenli ya\u011flama gereklidir.<\/li>\n<\/ul>\n<h2>D\u00fczenli Muayene ve \u00d6nleyici Bak\u0131m \u00d6nlemleri<\/h2>\n<p>Kep\u00e7e silindirinin optimum performans g\u00f6stermesi ve uzun \u00f6m\u00fcrl\u00fc olmas\u0131 i\u00e7in d\u00fczenli kontroller ve \u00f6nleyici bak\u0131m \u00f6nlemleri uygulanmal\u0131d\u0131r:<\/p>\n<ul>\n<li>D\u00fczenli Kontrol: Kep\u00e7e silindirini periyodik olarak a\u015f\u0131nma, hasar veya s\u0131z\u0131nt\u0131 belirtileri a\u00e7\u0131s\u0131ndan kontrol edin. Montaj noktalar\u0131n\u0131n ve ba\u011flant\u0131lar\u0131n do\u011fru hizalanm\u0131\u015f ve s\u0131k\u0131 oldu\u011fundan emin olun.<\/li>\n<li>Uygun Ya\u011flama: Ya\u011flama i\u00e7in \u00fcreticinin y\u00f6nergelerini izleyin. Sorunsuz \u00e7al\u0131\u015fma sa\u011flamak i\u00e7in \u00f6nerilen ya\u011flay\u0131c\u0131y\u0131 uygun aral\u0131klarla uygulay\u0131n.<\/li>\n<li>S\u0131zd\u0131rmazl\u0131k Elemanlar\u0131n\u0131n De\u011fi\u015ftirilmesi: Herhangi bir s\u0131zd\u0131rmazl\u0131k eleman\u0131nda a\u015f\u0131nma veya hasar belirtileri g\u00f6r\u00fcl\u00fcrse, s\u0131v\u0131 s\u0131z\u0131nt\u0131s\u0131n\u0131 \u00f6nlemek ve hidrolik sistemin verimli \u00e7al\u0131\u015fmas\u0131n\u0131 sa\u011flamak i\u00e7in derhal de\u011fi\u015ftirilmelidir.<\/li>\n<li>Kalibrasyon Kontrol\u00fc: Hassas kontrol ve optimum performans sa\u011flamak i\u00e7in kova silindirini periyodik olarak kontrol edin ve kalibre edin.<\/li>\n<\/ul>\n<p><img decoding=\"async\" src=\"https:\/\/www.hydraulic-cylinders.net\/wp-content\/uploads\/2025\/01\/songte-chushion-collar.webp\" alt=\"Bak\u0131m \u00d6nlemleri G\u00f6rseli\"><\/p>\n<h2>G\u00fcvenlik Hususlar\u0131 ve \u00c7evresel Fakt\u00f6rler<\/h2>\n<p>Kova silindiri kullan\u0131l\u0131rken, kazalar\u0131 \u00f6nlemek ve operat\u00f6r\u00fcn g\u00fcvenli\u011fini sa\u011flamak i\u00e7in g\u00fcvenlik \u00f6nlemlerine \u00f6ncelik vermek \u00e7ok \u00f6nemlidir. G\u00fcvenlik \u00f6nlemleri \u015funlar\u0131 i\u00e7ermelidir:<\/p>\n<ul>\n<li>Uygun E\u011fitim: Operat\u00f6rler, kova silindirinin g\u00fcvenli kullan\u0131m\u0131 ve \u00e7al\u0131\u015ft\u0131r\u0131lmas\u0131 konusunda kapsaml\u0131 bir e\u011fitim almal\u0131d\u0131r.<\/li>\n<li>Koruyucu Ekipman: Operat\u00f6rler, \u00e7al\u0131\u015fma s\u0131ras\u0131nda kendilerini korumak i\u00e7in uygun ki\u015fisel koruyucu ekipman, \u00f6rne\u011fin g\u00fcvenlik g\u00f6zl\u00fc\u011f\u00fc ve eldiven giymelidir.<\/li>\n<li>\u00c7evresel Etki: Kova silindirini kullan\u0131rken \u00e7evresel etkiyi g\u00f6z \u00f6n\u00fcnde bulundurun ve ilgili d\u00fczenlemelere uydu\u011funuzdan emin olun.<\/li>\n<\/ul>\n<h2>Ar\u0131za Te\u015fhisi ve Yayg\u0131n Sorunlar<\/h2>\n<p>Kep\u00e7e silindirinde ar\u0131za veya sorunla kar\u015f\u0131la\u015ft\u0131\u011f\u0131n\u0131zda, a\u015fa\u011f\u0131daki ipu\u00e7lar\u0131 ve \u00e7\u00f6z\u00fcmler sorunlar\u0131 etkili bir \u015fekilde te\u015fhis etmenize ve \u00e7\u00f6zmenize yard\u0131mc\u0131 olabilir:<\/p>\n<ul>\n<li>Ar\u0131za Giderme \u0130pu\u00e7lar\u0131: Ar\u0131zan\u0131n niteli\u011fini belirleyin (\u00f6rne\u011fin, s\u0131v\u0131 s\u0131z\u0131nt\u0131s\u0131 veya anormal \u00e7al\u0131\u015fma) ve ilgili bile\u015fenleri hasar veya a\u015f\u0131nma a\u00e7\u0131s\u0131ndan inceleyin.<\/li>\n<li>\u00c7\u00f6z\u00fcm \u00d6nerileri: Ar\u0131za te\u015fhisine dayanarak, sorunu gidermek i\u00e7in hasarl\u0131 contalar\u0131 de\u011fi\u015ftirmek veya kalibrasyonu ayarlamak gibi uygun \u00e7\u00f6z\u00fcmleri uygulay\u0131n.<\/li>\n<li>","protected":false},"excerpt":{"rendered":"<p>Bucket Cylinder For Yuchai YC85-8 Introduction The bucket cylinder for Yuchai YC85-8 is a specially designed hydraulic cylinder that is used to control the movement of the bucket in heavy machinery such as excavators, backhoe loaders, and front loaders. Its main function is to enable the lifting, lowering, and tilting of the bucket, making it [&hellip;]<\/p>","protected":false},"featured_media":14782,"comment_status":"open","ping_status":"closed","template":"","meta":{"_et_pb_use_builder":"","_et_pb_old_content":"","_et_gb_content_width":""},"product_brand":[],"product_cat":[1494],"product_tag":[1495,1496],"class_list":{"0":"post-15857","1":"product","2":"type-product","3":"status-publish","4":"has-post-thumbnail","6":"product_cat-bucket-cylinders","7":"product_tag-bucket-cylinders","8":"product_tag-hydraulic-cylinders","10":"first","11":"instock","12":"shipping-taxable","13":"product-type-simple"},"amp_enabled":true,"_links":{"self":[{"href":"https:\/\/www.hydraulic-cylinders.net\/tr\/wp-json\/wp\/v2\/product\/15857","targetHints":{"allow":["GET"]}}],"collection":[{"href":"https:\/\/www.hydraulic-cylinders.net\/tr\/wp-json\/wp\/v2\/product"}],"about":[{"href":"https:\/\/www.hydraulic-cylinders.net\/tr\/wp-json\/wp\/v2\/types\/product"}],"replies":[{"embeddable":true,"href":"https:\/\/www.hydraulic-cylinders.net\/tr\/wp-json\/wp\/v2\/comments?post=15857"}],"wp:featuredmedia":[{"embeddable":true,"href":"https:\/\/www.hydraulic-cylinders.net\/tr\/wp-json\/wp\/v2\/media\/14782"}],"wp:attachment":[{"href":"https:\/\/www.hydraulic-cylinders.net\/tr\/wp-json\/wp\/v2\/media?parent=15857"}],"wp:term":[{"taxonomy":"product_brand","embeddable":true,"href":"https:\/\/www.hydraulic-cylinders.net\/tr\/wp-json\/wp\/v2\/product_brand?post=15857"},{"taxonomy":"product_cat","embeddable":true,"href":"https:\/\/www.hydraulic-cylinders.net\/tr\/wp-json\/wp\/v2\/product_cat?post=15857"},{"taxonomy":"product_tag","embeddable":true,"href":"https:\/\/www.hydraulic-cylinders.net\/tr\/wp-json\/wp\/v2\/product_tag?post=15857"}],"curies":[{"name":"wp","href":"https:\/\/api.w.org\/{rel}","templated":true}]}}