{"id":15860,"date":"2025-01-19T15:05:17","date_gmt":"2025-01-19T15:05:17","guid":{"rendered":"https:\/\/www.hydraulic-cylinders.net\/product\/bucket-cylinder-for-yuchai-yc18-8\/"},"modified":"2025-01-19T15:05:19","modified_gmt":"2025-01-19T15:05:19","slug":"bucket-cylinder-for-yuchai-yc18-8","status":"publish","type":"product","link":"https:\/\/www.hydraulic-cylinders.net\/tr\/urun\/bucket-cylinder-for-yuchai-yc18-8\/","title":{"rendered":"Yuchai YC18-8 i\u00e7in Kova Silindiri"},"content":{"rendered":"<p><!DOCTYPE html><br \/>\n<html><br \/>\n<head><br \/>\n<title>Yuchai YC18-8 i\u00e7in Kova Silindiri<\/title><br \/>\n<\/head><br \/>\n<body><\/p>\n<h1>Yuchai YC18-8 i\u00e7in Kova Silindiri<\/h1>\n<h2>girii\u015f<\/h2>\n<p>Kova silindiri, ekskavat\u00f6rler, beko-loderler ve \u00f6n y\u00fckleyiciler gibi a\u011f\u0131r i\u015f makinelerinde kovan\u0131n hareketini kontrol etmek i\u00e7in kullan\u0131lan \u00f6zel olarak tasarlanm\u0131\u015f bir hidrolik silindirdir. Ana i\u015flevi, kovan\u0131n kald\u0131r\u0131lmas\u0131n\u0131, indirilmesini ve e\u011filmesini sa\u011flayarak \u00e7e\u015fitli malzeme ta\u015f\u0131ma g\u00f6revlerini kolayla\u015ft\u0131rmakt\u0131r. Hidrolik bir sistemde kova silindiri, hidrolik ya\u011fdaki bas\u0131n\u00e7 de\u011fi\u015fikliklerinden yararlanarak kovan\u0131n hassas kontrol\u00fcn\u00fc sa\u011flar ve operat\u00f6rlerin a\u011f\u0131r y\u00fckleri verimli bir \u015fekilde ta\u015f\u0131mas\u0131na, karma\u015f\u0131k \u00e7al\u0131\u015fma ortamlar\u0131na ve \u00e7e\u015fitli i\u015f gereksinimlerine uyum sa\u011flamas\u0131na olanak tan\u0131r.<\/p>\n<p><img decoding=\"async\" src=\"https:\/\/www.hydraulic-cylinders.net\/wp-content\/uploads\/2025\/01\/songte-company-2.webp\" alt=\"Kova Silindiri\" \/><\/p>\n<h2>\u00d6zellikler<\/h2>\n<ul>\n<li>Y\u00fcksek Mukavemet ve Dayan\u0131kl\u0131l\u0131k: Genellikle y\u00fcksek mukavemetli \u00e7elik veya al\u00fcminyumdan \u00fcretilen kova silindiri, y\u00fcksek bas\u0131nca ve a\u011f\u0131r y\u00fcklere dayanabilir ve zorlu \u00e7al\u0131\u015fma ortamlar\u0131na uyum sa\u011flar. Tasar\u0131m\u0131nda, kullan\u0131m \u00f6mr\u00fcn\u00fc uzatmak i\u00e7in a\u015f\u0131nma ve korozyon direnci dikkate al\u0131nm\u0131\u015ft\u0131r.<\/li>\n<li>Verimli Hidrolik \u00c7al\u0131\u015fma: Hidrolik ya\u011f\u0131n bas\u0131nc\u0131ndan yararlan\u0131larak, kova silindiri d\u00fczg\u00fcn uzatma ve geri \u00e7ekme hareketleri ger\u00e7ekle\u015ftirir, kontrol komutlar\u0131na h\u0131zl\u0131 tepki verilmesini sa\u011flar ve a\u011f\u0131r y\u00fckleri ve karma\u015f\u0131k i\u015f g\u00f6revlerini idare etmek i\u00e7in uygun, g\u00fc\u00e7l\u00fc itme ve \u00e7ekme kuvvetleri sa\u011flar.<\/li>\n<li>\u00c7e\u015fitli Tipler: Kova silindirleri, \u00f6zel \u00e7al\u0131\u015fma gereksinimlerine g\u00f6re tek etkili (sadece tek y\u00f6nde hidrolik kullan\u0131lan) veya \u00e7ift etkili (her iki y\u00f6nde hidrolik kullan\u0131lan) silindirler olarak se\u00e7ilebilir. Baz\u0131 modeller teleskopiktir ve d\u0131\u015f boyutlar\u0131 art\u0131rmadan daha fazla geni\u015flemeye olanak tan\u0131r, bu da onlar\u0131 s\u0131n\u0131rl\u0131 alana sahip uygulamalar i\u00e7in uygun hale getirir.<\/li>\n<\/ul>\n<p><img decoding=\"async\" src=\"https:\/\/www.hydraulic-cylinders.net\/wp-content\/uploads\/2025\/01\/songte-cylinder-head-with-all-kinds-excavator-models.webp\" alt=\"Kova Silindir Modelleri\" \/><\/p>\n<h2>Uygulamalar<\/h2>\n<ul>\n<li>\u0130n\u015faat Ekipmanlar\u0131: Ekskavat\u00f6rlerde bulunan bu ekipmanlar, toprak veya moloz kazma, y\u00fckleme ve ta\u015f\u0131ma i\u015flerinde hayati \u00f6nem ta\u015f\u0131r. Beko-Loderlerde ise kova silindiri hem kaz\u0131 hem de kald\u0131rma i\u015flerinde yard\u0131mc\u0131 olur.<\/li>\n<li>Tar\u0131m Makinalar\u0131: \u00d6n y\u00fckleyicilerde toprak, saman ve di\u011fer malzemeleri kep\u00e7elemek, kald\u0131rmak ve ta\u015f\u0131mak i\u00e7in kullan\u0131l\u0131r.<\/li>\n<li>Ekskavat\u00f6rler: Kova silindiri, kovan\u0131n topra\u011fa n\u00fcfuz etmesini sa\u011flayarak kazma i\u015flemini ger\u00e7ekle\u015ftirir.<\/li>\n<li>\u00d6n Y\u00fckleyiciler: \u00d6n y\u00fckleyiciler, mallar\u0131n etkili bir \u015fekilde kald\u0131r\u0131lmas\u0131na ve bo\u015falt\u0131lmas\u0131na yard\u0131mc\u0131 olurlar.<\/li>\n<\/ul>\n<h2>Tasar\u0131m Hususlar\u0131 ve Se\u00e7im Kriterleri<\/h2>\n<ul>\n<li>Ta\u015f\u0131ma Kapasitesi: Kova silindirinin y\u00fck ve bas\u0131n\u00e7lara dayanma yetene\u011fini tart\u0131\u015f\u0131n.<\/li>\n<li>S\u0131zd\u0131rmazl\u0131k: S\u0131z\u0131nt\u0131lar\u0131 \u00f6nlemek ve performans\u0131 korumak i\u00e7in uygun s\u0131zd\u0131rmazl\u0131\u011f\u0131n \u00f6nemini tart\u0131\u015f\u0131n.<\/li>\n<li>Dayan\u0131kl\u0131l\u0131k: A\u015f\u0131nma direnci ve korozyon direnci gibi fakt\u00f6rleri g\u00f6z \u00f6n\u00fcnde bulundurarak kova silindirinin dayan\u0131kl\u0131l\u0131\u011f\u0131n\u0131 tart\u0131\u015f\u0131n.<\/li>\n<li>G\u00fcvenlik: Operat\u00f6rler i\u00e7in g\u00fcvenli \u00e7al\u0131\u015fmay\u0131 garanti alt\u0131na alarak kova silindirinin tasar\u0131m\u0131nda g\u00fcvenlik hususlar\u0131n\u0131 tart\u0131\u015f\u0131n.<\/li>\n<li>Bak\u0131m Kolayl\u0131\u011f\u0131: Yedek par\u00e7alara eri\u015fim ve yeniden yap\u0131m hizmetleri dahil olmak \u00fczere kova silindirinin bak\u0131m ve onar\u0131m kolayl\u0131\u011f\u0131n\u0131 tart\u0131\u015f\u0131n.<\/li>\n<\/ul>\n<p><img decoding=\"async\" src=\"https:\/\/www.hydraulic-cylinders.net\/wp-content\/uploads\/2025\/01\/songte-oil-pipes-and-spare-parts.webp\" alt=\"Hidrolik Silindir Par\u00e7alar\u0131\" \/><\/p>\n<h2>S\u0131zd\u0131rmazl\u0131k ve Ya\u011flama<\/h2>\n<p>Kova silindiri, poli\u00fcretan ve nitril kau\u00e7uk gibi a\u015f\u0131nmaya dayan\u0131kl\u0131 malzemelerden yap\u0131lm\u0131\u015f piston contalar\u0131 ve piston kolu contalar\u0131 gibi \u00e7e\u015fitli contalar kullan\u0131r. Silindir g\u00f6vdesi ve di\u015fli u\u00e7lar\u0131, a\u015f\u0131nma direncini art\u0131rmak i\u00e7in hassas bir \u015fekilde i\u015flenmi\u015ftir. Kova silindirinin sorunsuz \u00e7al\u0131\u015fmas\u0131n\u0131 sa\u011flamak ve \u00f6mr\u00fcn\u00fc uzatmak i\u00e7in uygun miktarda hidrolik ya\u011f ile d\u00fczenli ya\u011flama gereklidir.<\/p>\n<h2>D\u00fczenli Muayene ve \u00d6nleyici Bak\u0131m<\/h2>\n<ul>\n<li>Kova silindirini d\u00fczenli olarak a\u015f\u0131nma, s\u0131z\u0131nt\u0131 veya hasar belirtileri a\u00e7\u0131s\u0131ndan inceleyin.<\/li>\n<li>Silindiri uygun \u015fekilde ya\u011flay\u0131n ve ya\u011f seviyelerini d\u00fczenli olarak kontrol edin.<\/li>\n<li>Uygun s\u0131zd\u0131rmazl\u0131\u011f\u0131 sa\u011flamak ve s\u0131z\u0131nt\u0131lar\u0131 \u00f6nlemek i\u00e7in gerekti\u011finde contalar\u0131 de\u011fi\u015ftirin.<\/li>\n<li>Do\u011fru \u00e7al\u0131\u015fmay\u0131 sa\u011flamak i\u00e7in kalibrasyon kontrollerini ger\u00e7ekle\u015ftirin.<\/li>\n<\/ul>\n<p><img decoding=\"async\" src=\"https:\/\/www.hydraulic-cylinders.net\/wp-content\/uploads\/2025\/01\/songte-chushion-collar.webp\" alt=\"Hidrolik Silindir Bak\u0131m\u0131\" \/><\/p>\n<h2>G\u00fcvenlik Hususlar\u0131 ve \u00c7evresel Fakt\u00f6rler<\/h2>\n<p>Kova silindiri kullan\u0131l\u0131rken, kazalar\u0131 \u00f6nlemek ve operat\u00f6rlerin ve \u00e7evredeki personelin sa\u011fl\u0131\u011f\u0131n\u0131 korumak i\u00e7in g\u00fcvenlik \u00f6nlemlerine uyulmas\u0131 \u00f6nemlidir. \u00c7evre \u00fczerindeki etkiyi en aza indirmek i\u00e7in g\u00fcr\u00fclt\u00fc ve emisyon gibi \u00e7evresel fakt\u00f6rlerin de dikkate al\u0131nmas\u0131 \u00f6nemlidir.<\/p>\n<h2>Sorun Giderme ve Yayg\u0131n Sorunlar<\/h2>\n<p>Kova silindirinde ortaya \u00e7\u0131kabilecek yayg\u0131n sorunlar aras\u0131nda s\u0131z\u0131nt\u0131lar, yetersiz g\u00fc\u00e7 ve anormal hareketler bulunur. Okuyucular\u0131n sorunlar\u0131 etkili bir \u015fekilde te\u015fhis edip \u00e7\u00f6zmelerine yard\u0131mc\u0131 olmak i\u00e7in sorun giderme ipu\u00e7lar\u0131 ve \u00e7\u00f6z\u00fcmleri sunun. Ayr\u0131ca, olas\u0131 sorunlar\u0131 en aza indirmek i\u00e7in \u00f6nleyici tedbirler \u00f6nerin.<\/p>\n<p><img decoding=\"async\" src=\"https:\/\/www.hydraulic-cylinders.net\/wp-content\/uploads\/2025\/01\/songte-bushings-with-all-kinds-of-excavator-models.webp\" alt=\"Kova Silindiri Sorun Giderme\" \/><\/p>\n<p>Makaleyi mant\u0131kl\u0131 bir \u015fekilde d\u00fczenlemeyi, kolay gezinme i\u00e7in alt ba\u015fl\u0131klar kullanmay\u0131, daha iyi anla\u015f\u0131lmas\u0131 i\u00e7in ilgili g\u00f6rseller veya grafikler eklemeyi ve i\u00e7eri\u011fin farkl\u0131 teknik bilgi seviyelerine sahip okuyucular i\u00e7in a\u00e7\u0131k, \u00f6z ve uygun olmas\u0131n\u0131 sa\u011flamay\u0131 unutmay\u0131n.<\/p>\n<h2>\u015eirketimiz<\/h2>\n<p>\u015eirketimiz, yedek hidrolik silindir \u00fcreticisidir. Geni\u015f bir \u00fcr\u00fcn yelpazesi sunuyor ve yurt i\u00e7i ve yurt d\u0131\u015f\u0131 pazarlarda lider hidrolik silindir \u00fcreticilerinden ve toptan da\u011f\u0131t\u0131c\u0131lar\u0131ndan biri haline geldik. M\u00fckemmellik ilkelerine ba\u011fl\u0131 kal\u0131yor ve \u00fcst\u00fcn donan\u0131ml\u0131 \u00fcretim at\u00f6lyelerimizde end\u00fcstriyel \u00fcretim y\u00f6netimi stratejilerine g\u00fcveniyoruz. Teknik uzmanl\u0131\u011f\u0131m\u0131z, geli\u015fmi\u015f \u00fcretim ekipmanlar\u0131m\u0131z ve profesyonel test sistemlerimizle \u00fcretim platformumuzu s\u00fcrekli geli\u015ftiriyor ve \u00fcr\u00fcnlerimizin kalitesini art\u0131r\u0131yoruz. G\u00fc\u00e7l\u00fc bir inovasyon kapasitesine sahibiz ve y\u00fcksek verimlilik, hassasiyet ve kaliteyle m\u00fc\u015fterilerimizin \u00e7e\u015fitli ihtiya\u00e7lar\u0131n\u0131 kar\u015f\u0131lamay\u0131 hedefliyoruz.<\/p>\n<p><img decoding=\"async\" src=\"https:\/\/hzpt.com\/wp-content\/uploads\/2024\/11\/songte-company-1.webp\" alt=\"\u015eirketimiz\" \/><\/p>\n<h3>\u015eirketimizin \u00d6ne \u00c7\u0131kan \u00d6zellikleri:<\/h3>\n<ul>\n<li>Profesyonellik: Hidrolik silindirler alan\u0131ndaki uzmanl\u0131\u011f\u0131m\u0131zla gurur duyuyoruz.<\/li>\n<li>Uluslararas\u0131 Sertifikalar: \u00dcr\u00fcnlerimiz uluslararas\u0131 kalite standartlar\u0131na ve sertifikalar\u0131na uygundur.<\/li>\n<li>\u00d6zelle\u015ftirme Hizmetleri: M\u00fc\u015fterilerimizin \u00f6zel gereksinimlerini kar\u015f\u0131lamak i\u00e7in \u00f6zelle\u015ftirilmi\u015f \u00e7\u00f6z\u00fcmler sunuyoruz.<\/li>\n<li>Geli\u015fmi\u015f \u00dcretim Ekipmanlar\u0131: \u00dcretim tesislerimiz son teknoloji makinelerle donat\u0131lm\u0131\u015ft\u0131r.<\/li>\n<li>Sat\u0131\u015f Sonras\u0131 Hizmet: M\u00fc\u015fteri memnuniyetini sa\u011flamak i\u00e7in kapsaml\u0131 sat\u0131\u015f sonras\u0131 destek sa\u011fl\u0131yoruz.<\/li>\n<\/ul>\n<p><img decoding=\"async\" src=\"https:\/\/www.hydraulic-cylinders.net\/wp-content\/uploads\/2025\/01\/songte-company-3.webp\" alt=\"\u015eirketimizin \u00d6ne \u00c7\u0131kan \u00d6zellikleri\" \/><\/p>\n<p>Yazar: lyl<\/p>\n<p><\/body><br \/>\n<\/html><\/p>","protected":false},"excerpt":{"rendered":"<p>Bucket Cylinder For Yuchai YC18-8 Bucket Cylinder For Yuchai YC18-8 Introduction A bucket cylinder is a specially designed hydraulic cylinder used to control the movement of the bucket in heavy machinery such as excavators, backhoe loaders, and front loaders. Its main function is to enable the lifting, lowering, and tilting of the bucket, making it [&hellip;]<\/p>","protected":false},"featured_media":14776,"comment_status":"open","ping_status":"closed","template":"","meta":{"_et_pb_use_builder":"","_et_pb_old_content":"","_et_gb_content_width":""},"product_brand":[],"product_cat":[1494],"product_tag":[1495,1496],"class_list":{"0":"post-15860","1":"product","2":"type-product","3":"status-publish","4":"has-post-thumbnail","6":"product_cat-bucket-cylinders","7":"product_tag-bucket-cylinders","8":"product_tag-hydraulic-cylinders","10":"first","11":"instock","12":"shipping-taxable","13":"product-type-simple"},"amp_enabled":true,"_links":{"self":[{"href":"https:\/\/www.hydraulic-cylinders.net\/tr\/wp-json\/wp\/v2\/product\/15860","targetHints":{"allow":["GET"]}}],"collection":[{"href":"https:\/\/www.hydraulic-cylinders.net\/tr\/wp-json\/wp\/v2\/product"}],"about":[{"href":"https:\/\/www.hydraulic-cylinders.net\/tr\/wp-json\/wp\/v2\/types\/product"}],"replies":[{"embeddable":true,"href":"https:\/\/www.hydraulic-cylinders.net\/tr\/wp-json\/wp\/v2\/comments?post=15860"}],"wp:featuredmedia":[{"embeddable":true,"href":"https:\/\/www.hydraulic-cylinders.net\/tr\/wp-json\/wp\/v2\/media\/14776"}],"wp:attachment":[{"href":"https:\/\/www.hydraulic-cylinders.net\/tr\/wp-json\/wp\/v2\/media?parent=15860"}],"wp:term":[{"taxonomy":"product_brand","embeddable":true,"href":"https:\/\/www.hydraulic-cylinders.net\/tr\/wp-json\/wp\/v2\/product_brand?post=15860"},{"taxonomy":"product_cat","embeddable":true,"href":"https:\/\/www.hydraulic-cylinders.net\/tr\/wp-json\/wp\/v2\/product_cat?post=15860"},{"taxonomy":"product_tag","embeddable":true,"href":"https:\/\/www.hydraulic-cylinders.net\/tr\/wp-json\/wp\/v2\/product_tag?post=15860"}],"curies":[{"name":"wp","href":"https:\/\/api.w.org\/{rel}","templated":true}]}}