{"id":15861,"date":"2025-01-19T15:05:21","date_gmt":"2025-01-19T15:05:21","guid":{"rendered":"https:\/\/www.hydraulic-cylinders.net\/product\/bucket-cylinder-for-yuchai-yc35sr\/"},"modified":"2025-01-19T15:05:23","modified_gmt":"2025-01-19T15:05:23","slug":"bucket-cylinder-for-yuchai-yc35sr","status":"publish","type":"product","link":"https:\/\/www.hydraulic-cylinders.net\/tr\/urun\/bucket-cylinder-for-yuchai-yc35sr\/","title":{"rendered":"Yuchai YC35SR i\u00e7in Kova Silindiri"},"content":{"rendered":"<h2>Yuchai YC35SR i\u00e7in Kova Silindiri<\/h2>\n<h3>girii\u015f<\/h3>\n<p>Kova silindiri, ekskavat\u00f6rler, kep\u00e7eli ekskavat\u00f6rler ve \u00f6n y\u00fckleyiciler gibi a\u011f\u0131r makinelerdeki kovalar\u0131n hareketini kontrol etmek i\u00e7in kullan\u0131lan \u00f6zel olarak tasarlanm\u0131\u015f bir hidrolik silindirdir. Ana i\u015flevi, \u00e7e\u015fitli malzeme ta\u015f\u0131ma g\u00f6revleri i\u00e7in kovan\u0131n kald\u0131r\u0131lmas\u0131n\u0131, indirilmesini ve e\u011filmesini sa\u011flamakt\u0131r. Hidrolik sistemde kova silindiri, hidrolik ya\u011f bas\u0131nc\u0131ndaki de\u011fi\u015fikliklerle kovan\u0131n hassas kontrol\u00fcn\u00fc sa\u011flayarak operat\u00f6rlerin a\u011f\u0131r y\u00fckleri verimli bir \u015fekilde ta\u015f\u0131mas\u0131na, karma\u015f\u0131k \u00e7al\u0131\u015fma ortamlar\u0131na ve \u00e7e\u015fitli operasyonel ihtiya\u00e7lara uyum sa\u011flamas\u0131na olanak tan\u0131r.<\/p>\n<p><img decoding=\"async\" src=\"https:\/\/www.hydraulic-cylinders.net\/wp-content\/uploads\/2025\/01\/songte-company-2.webp\"><\/p>\n<h3>\u00d6zellikler<\/h3>\n<ul>\n<li><strong>Y\u00fcksek Dayan\u0131kl\u0131l\u0131k ve Dayan\u0131kl\u0131l\u0131k:<\/strong> Genellikle y\u00fcksek mukavemetli \u00e7elik veya al\u00fcminyumdan \u00fcretilen bu \u00fcr\u00fcnler, y\u00fcksek bas\u0131n\u00e7 ve a\u011f\u0131r y\u00fcklere dayanabilir ve zorlu \u00e7al\u0131\u015fma ko\u015fullar\u0131na uyum sa\u011flayabilir. Kullan\u0131m \u00f6mr\u00fcn\u00fc uzatmak i\u00e7in a\u015f\u0131nma ve korozyon direnci dikkate al\u0131narak tasarlanm\u0131\u015ft\u0131r.<\/li>\n<li><strong>Verimli Hidrolik \u00c7al\u0131\u015fma:<\/strong> P\u00fcr\u00fczs\u00fcz uzatma ve geri \u00e7ekme hareketlerini ger\u00e7ekle\u015ftirmek i\u00e7in hidrolik ya\u011f bas\u0131nc\u0131n\u0131 kullan\u0131r, kontrol komutlar\u0131na h\u0131zl\u0131 yan\u0131t verir, g\u00fc\u00e7l\u00fc itme ve \u00e7ekme kuvvetleri sa\u011flar, a\u011f\u0131r y\u00fckleri ve karma\u015f\u0131k operasyonel g\u00f6revleri ta\u015f\u0131maya uygundur.<\/li>\n<li><strong>\u00c7e\u015fitli T\u00fcrler:<\/strong> Farkl\u0131 operasyonel ihtiya\u00e7lar\u0131 kar\u015f\u0131lamak i\u00e7in, tek etkili (sadece tek y\u00f6nde hidrolik kullan\u0131lan) veya \u00e7ift etkili (her iki y\u00f6nde hidrolik kullan\u0131lan) silindirler ihtiyaca g\u00f6re se\u00e7ilebilir. Baz\u0131 modeller teleskopiktir ve d\u0131\u015f boyutlar\u0131 art\u0131rmadan daha fazla geni\u015flemeye olanak tan\u0131r, s\u0131n\u0131rl\u0131 alan uygulamalar\u0131 i\u00e7in uygundur.<\/li>\n<li><strong>M\u00fckemmel De\u011fi\u015ftirme:<\/strong> \u00dcr\u00fcn\u00fcm\u00fcz bu hidrolik silindirlerin yerine m\u00fckemmel bir \u015fekilde ge\u00e7ebilmektedir.<\/li>\n<\/ul>\n<p><img decoding=\"async\" src=\"https:\/\/www.hydraulic-cylinders.net\/wp-content\/uploads\/2025\/01\/songte-cylinder-head-with-all-kinds-excavator-models.webp\"><\/p>\n<h3>Uygulamalar<\/h3>\n<p><strong>\u0130n\u015faat Ekipmanlar\u0131:<\/strong> Ekskavat\u00f6rlerde bulunan bu silindirler, toprak veya moloz kazma, y\u00fckleme ve ta\u015f\u0131ma i\u00e7in gereklidir. Arka ekskavat\u00f6rlerde, kep\u00e7e silindirleri kazma ve kald\u0131rma i\u015flemlerine yard\u0131mc\u0131 olur. \u00d6n y\u00fckleyicilerde ise, y\u00fcklerin verimli bir \u015fekilde kald\u0131r\u0131lmas\u0131na ve bo\u015falt\u0131lmas\u0131na yard\u0131mc\u0131 olurlar.<\/p>\n<p><strong>Tar\u0131m Makinalar\u0131:<\/strong> \u00d6n y\u00fckleyicilerde kullan\u0131lan bu silindirler, toprak, saman ve di\u011fer malzemeleri kep\u00e7eler, kald\u0131r\u0131r ve ta\u015f\u0131r. Ekskavat\u00f6rlerde, kep\u00e7e silindirleri, kep\u00e7enin topra\u011fa n\u00fcfuz etmesini sa\u011flayarak kazmay\u0131 m\u00fcmk\u00fcn k\u0131lar. Y\u00fckleyicilerde ise, y\u00fcklerin etkili bir \u015fekilde kald\u0131r\u0131lmas\u0131na ve bo\u015falt\u0131lmas\u0131na yard\u0131mc\u0131 olurlar.<\/p>\n<h3>Tasar\u0131m Hususlar\u0131 ve Se\u00e7im Kriterleri<\/h3>\n<p>Y\u00fck ta\u015f\u0131ma kapasitesi, s\u0131zd\u0131rmazl\u0131k, dayan\u0131kl\u0131l\u0131k, g\u00fcvenlik ve bak\u0131m kolayl\u0131\u011f\u0131 gibi tasar\u0131m hususlar\u0131ndan yola \u00e7\u0131karak a\u015fa\u011f\u0131daki noktalar\u0131 ele al\u0131yoruz:<\/p>\n<ul>\n<li><strong>Y\u00fck Ta\u015f\u0131ma Kapasitesi:<\/strong> Silindirin uygulanan maksimum y\u00fcke dayanabilece\u011finden emin olunmal\u0131 ve g\u00fcvenli \u00e7al\u0131\u015fmas\u0131n\u0131 sa\u011flamak i\u00e7in tasarlanan g\u00fcvenlik fakt\u00f6r\u00fc uygun olmal\u0131d\u0131r.<\/li>\n<li><strong>S\u0131zd\u0131rmazl\u0131k:<\/strong> Hidrolik s\u0131v\u0131 s\u0131z\u0131nt\u0131s\u0131n\u0131 \u00f6nlemek ve kirleticileri d\u0131\u015far\u0131da tutmak i\u00e7in piston contalar\u0131 ve biyel contalar\u0131 gibi \u00e7e\u015fitli s\u0131zd\u0131rmazl\u0131k elemanlar\u0131 kullan\u0131l\u0131r.<\/li>\n<li><strong>Dayan\u0131kl\u0131l\u0131k:<\/strong> Silindir g\u00f6vdesi ve u\u00e7 kapaklar\u0131 genellikle a\u015f\u0131nma ve korozyona kar\u015f\u0131 dayan\u0131kl\u0131 olmas\u0131 i\u00e7in y\u00fcksek mukavemetli malzemelerden yap\u0131l\u0131r.<\/li>\n<li><strong>Emniyet:<\/strong> G\u00fcvenli \u00e7al\u0131\u015fmay\u0131 sa\u011flamak ve kazalar\u0131 \u00f6nlemek i\u00e7in emniyet valfleri ve di\u011fer emniyet tertibatlar\u0131 eklenebilir.<\/li>\n<li><strong>Bak\u0131m kolayl\u0131\u011f\u0131:<\/strong> Silindirin s\u00f6k\u00fcl\u00fcp tak\u0131lmas\u0131 kolay olmal\u0131 ve yedek par\u00e7alar\u0131 kolayca bulunabilmelidir.<\/li>\n<\/ul>\n<p><img decoding=\"async\" src=\"https:\/\/www.hydraulic-cylinders.net\/wp-content\/uploads\/2025\/01\/songte-oil-pipes-and-spare-parts.webp\"><\/p>\n<h3>S\u0131zd\u0131rmazl\u0131k ve Ya\u011flama<\/h3>\n<p>Silindir, hidrolik s\u0131v\u0131 s\u0131z\u0131nt\u0131s\u0131n\u0131 \u00f6nlemek ve kirleticileri d\u0131\u015far\u0131da tutmak i\u00e7in poli\u00fcretan ve nitril kau\u00e7uk gibi a\u015f\u0131nmaya dayan\u0131kl\u0131 malzemelerden yap\u0131lm\u0131\u015f piston contalar\u0131 ve piston kolu contalar\u0131 gibi \u00e7e\u015fitli s\u0131zd\u0131rmazl\u0131k bile\u015fenleri kullan\u0131r. Silindir g\u00f6vdesi ve vida u\u00e7 y\u00fczeyi, a\u015f\u0131nma direncini art\u0131rmak i\u00e7in hassas bir \u015fekilde i\u015flenmi\u015ftir. D\u00fczg\u00fcn \u00e7al\u0131\u015fmas\u0131n\u0131 sa\u011flamak i\u00e7in uygun miktarda hidrolik ya\u011f ile d\u00fczenli ya\u011flama gereklidir.<\/p>\n<h3>Bak\u0131m ve Onar\u0131m<\/h3>\n<p>Silindirin iyi \u00e7al\u0131\u015fma ko\u015fullar\u0131nda kalmas\u0131 i\u00e7in d\u00fczenli muayene ve \u00f6nleyici bak\u0131m \u00f6nlemleri gereklidir. Yayg\u0131n bak\u0131m g\u00f6revleri \u015funlard\u0131r:<\/p>\n<ul>\n<li><strong>D\u00fczenli Muayene:<\/strong> Silindiri d\u00fczenli olarak hasar, a\u015f\u0131nma veya s\u0131z\u0131nt\u0131 belirtileri a\u00e7\u0131s\u0131ndan inceleyin ve hasarl\u0131 par\u00e7alar\u0131 de\u011fi\u015ftirin.<\/li>\n<li><strong>Uygun Ya\u011flama:<\/strong> Silindirin d\u00fczg\u00fcn \u00e7al\u0131\u015fmas\u0131n\u0131 sa\u011flamak i\u00e7in do\u011fru miktarda hidrolik ya\u011f ile ya\u011fland\u0131\u011f\u0131ndan emin olun.<\/li>\n<li><strong>Conta De\u011fi\u015fimi:<\/strong> Hidrolik s\u0131v\u0131 s\u0131z\u0131nt\u0131s\u0131n\u0131 \u00f6nlemek ve kirleticilerin i\u00e7eri girmesini \u00f6nlemek i\u00e7in piston contalar\u0131n\u0131 ve biyel contalar\u0131n\u0131 d\u00fczenli olarak de\u011fi\u015ftirin.<\/li>\n<\/ul>\n<p>Silindirin g\u00fcvenli ve verimli \u00e7al\u0131\u015fmas\u0131 i\u00e7in do\u011fru montaj, ya\u011flama ve ayar esast\u0131r. Montaj s\u0131ras\u0131nda do\u011fru hizalama k\u0131lavuzu sa\u011flanmal\u0131 ve silindiri sabitlemek i\u00e7in uygun montaj braketleri kullan\u0131lmal\u0131d\u0131r. Silindirin kullan\u0131m \u00f6mr\u00fcn\u00fc uzatmak i\u00e7in \u00f6nerilen muayene, onar\u0131m ve de\u011fi\u015ftirme prosed\u00fcrleri ve yeniden yap\u0131m hizmetleri.<\/p>\n<p><img decoding=\"async\" src=\"https:\/\/www.hydraulic-cylinders.net\/wp-content\/uploads\/2025\/01\/songte-chushion-collar.webp\"><\/p>\n<h3>G\u00fcvenlik ve \u00c7evresel Hususlar<\/h3>\n<p>Silindirin g\u00fcvenli bir \u015fekilde \u00e7al\u0131\u015ft\u0131r\u0131lmas\u0131 \u00e7ok \u00f6nemlidir ve kullan\u0131m\u0131 s\u0131ras\u0131nda g\u00fcvenlik \u00f6nlemleri al\u0131nmal\u0131d\u0131r. Operat\u00f6rler silindirin do\u011fru kullan\u0131m\u0131 konusunda e\u011fitilmeli ve t\u00fcm g\u00fcvenlik cihazlar\u0131 iyi \u00e7al\u0131\u015f\u0131r durumda olmal\u0131d\u0131r. Hasar veya yaralanmay\u0131 \u00f6nlemek i\u00e7in silindir dikkatli bir \u015fekilde ta\u015f\u0131nmal\u0131d\u0131r. Silindirin at\u0131lmas\u0131 veya par\u00e7alar\u0131n\u0131n de\u011fi\u015ftirilmesi s\u0131ras\u0131nda \u00e7evresel hususlar da dikkate al\u0131nmal\u0131d\u0131r.<\/p>\n<h3>Sorun Giderme ve Yayg\u0131n Sorunlar<\/h3>\n<p>Silindiri kullan\u0131rken ortaya \u00e7\u0131kabilecek yayg\u0131n sorunlar \u015funlard\u0131r:<\/p>\n<ul>\n<li><strong>S\u0131zan S\u0131v\u0131:<\/strong> Contalar\u0131 ve di\u011fer par\u00e7alar\u0131 hasar a\u00e7\u0131s\u0131ndan kontrol edin ve gerekirse de\u011fi\u015ftirin.<\/li>\n<li><strong>G\u00fc\u00e7 Eksikli\u011fi:<\/strong> Hidrolik sistemde s\u0131z\u0131nt\u0131 veya t\u0131kan\u0131kl\u0131k olup olmad\u0131\u011f\u0131n\u0131 kontrol edin ve gerekirse onar\u0131n.<\/li>\n<li><strong>Garip Sesler:<\/strong> Silindirde hasar veya a\u015f\u0131nma belirtileri olup olmad\u0131\u011f\u0131n\u0131 kontrol edin ve hasarl\u0131 par\u00e7alar\u0131 de\u011fi\u015ftirin.<\/li>\n<\/ul>\n<p>Daha ciddi sorunlar\u0131n \u00f6nlenmesi i\u00e7in do\u011fru te\u015fhis ve sorunlar\u0131n h\u0131zl\u0131 bir \u015fekilde \u00e7\u00f6z\u00fclmesi gerekir. D\u00fczenli muayene ve \u00f6nleyici bak\u0131m, bir\u00e7ok sorunun ortaya \u00e7\u0131kmas\u0131n\u0131 \u00f6nleyebilir.<\/p>\n<p><img decoding=\"async\" src=\"https:\/\/www.hydraulic-cylinders.net\/wp-content\/uploads\/2025\/01\/songte-bushings-with-all-kinds-of-excavator-models.webp\"><\/p>\n<h3>Hakk\u0131m\u0131zda<\/h3>\n<p>Hidrolik silindir yedek par\u00e7alar\u0131 \u00fcreten ve geni\u015f bir \u00fcr\u00fcn yelpazesi sunan bir firmay\u0131z. Yurt i\u00e7i ve yurt d\u0131\u015f\u0131 pazarlarda lider hidrolik silindir \u00fcreticilerinden ve toptan da\u011f\u0131t\u0131c\u0131lar\u0131ndan biri haline geldik. Kalitede m\u00fckemmellik taahh\u00fcd\u00fcm\u00fcze ba\u011fl\u0131 kalarak, \u00f6zenle in\u015fa edilmi\u015f \u00fcretim at\u00f6lyelerimizde end\u00fcstriyel \u00fcretim y\u00f6netimi stratejilerine g\u00fcveniyoruz. \u00dcretim platformumuzu s\u00fcrekli geli\u015ftiriyor, \u00fcr\u00fcn kalitesi \u00fcretim hatlar\u0131m\u0131z\u0131 teknik personelimiz, dijital ileri teknoloji \u00fcretim ekipmanlar\u0131m\u0131z ve profesyonel test sistemlerimizle iyile\u015ftiriyoruz. M\u00fc\u015fterilerimizin \u00e7e\u015fitli ihtiya\u00e7lar\u0131n\u0131 y\u00fcksek verimlilik, y\u00fcksek hassasiyet ve y\u00fcksek kalite prensipleriyle kar\u015f\u0131layacak g\u00fc\u00e7l\u00fc bir yarat\u0131c\u0131 yetene\u011fe sahibiz.<\/p>\n<p>Profesyonel, uluslararas\u0131 sertifikasyon, \u00f6zelle\u015ftirilebilir hizmetler, \u00fcretim ekipmanlar\u0131 ve sat\u0131\u015f sonras\u0131 hizmetler sunuyoruz.<\/p>\n<p><img decoding=\"async\" src=\"https:\/\/hzpt.com\/wp-content\/uploads\/2024\/11\/songte-company-1.webp\"><\/p>\n<p>Yazar: lyl.<\/p>","protected":false},"excerpt":{"rendered":"<p>Bucket Cylinder For Yuchai YC35SR Introduction A bucket cylinder is a specially designed hydraulic cylinder used to control the movement of buckets in heavy machinery such as excavators, backhoe excavators, and front-end loaders. Its main function is to enable the bucket to lift, lower, and tilt for various material handling tasks. In the hydraulic system, [&hellip;]<\/p>","protected":false},"featured_media":14773,"comment_status":"open","ping_status":"closed","template":"","meta":{"_et_pb_use_builder":"","_et_pb_old_content":"","_et_gb_content_width":""},"product_brand":[],"product_cat":[1494],"product_tag":[1495,1496],"class_list":{"0":"post-15861","1":"product","2":"type-product","3":"status-publish","4":"has-post-thumbnail","6":"product_cat-bucket-cylinders","7":"product_tag-bucket-cylinders","8":"product_tag-hydraulic-cylinders","10":"first","11":"instock","12":"shipping-taxable","13":"product-type-simple"},"amp_enabled":true,"_links":{"self":[{"href":"https:\/\/www.hydraulic-cylinders.net\/tr\/wp-json\/wp\/v2\/product\/15861","targetHints":{"allow":["GET"]}}],"collection":[{"href":"https:\/\/www.hydraulic-cylinders.net\/tr\/wp-json\/wp\/v2\/product"}],"about":[{"href":"https:\/\/www.hydraulic-cylinders.net\/tr\/wp-json\/wp\/v2\/types\/product"}],"replies":[{"embeddable":true,"href":"https:\/\/www.hydraulic-cylinders.net\/tr\/wp-json\/wp\/v2\/comments?post=15861"}],"wp:featuredmedia":[{"embeddable":true,"href":"https:\/\/www.hydraulic-cylinders.net\/tr\/wp-json\/wp\/v2\/media\/14773"}],"wp:attachment":[{"href":"https:\/\/www.hydraulic-cylinders.net\/tr\/wp-json\/wp\/v2\/media?parent=15861"}],"wp:term":[{"taxonomy":"product_brand","embeddable":true,"href":"https:\/\/www.hydraulic-cylinders.net\/tr\/wp-json\/wp\/v2\/product_brand?post=15861"},{"taxonomy":"product_cat","embeddable":true,"href":"https:\/\/www.hydraulic-cylinders.net\/tr\/wp-json\/wp\/v2\/product_cat?post=15861"},{"taxonomy":"product_tag","embeddable":true,"href":"https:\/\/www.hydraulic-cylinders.net\/tr\/wp-json\/wp\/v2\/product_tag?post=15861"}],"curies":[{"name":"wp","href":"https:\/\/api.w.org\/{rel}","templated":true}]}}