{"id":15866,"date":"2025-01-19T15:05:41","date_gmt":"2025-01-19T15:05:41","guid":{"rendered":"https:\/\/www.hydraulic-cylinders.net\/product\/bucket-cylinder-for-yuchai-yc240lc-8\/"},"modified":"2025-01-19T15:05:46","modified_gmt":"2025-01-19T15:05:46","slug":"bucket-cylinder-for-yuchai-yc240lc-8","status":"publish","type":"product","link":"https:\/\/www.hydraulic-cylinders.net\/tr\/urun\/bucket-cylinder-for-yuchai-yc240lc-8\/","title":{"rendered":"Yuchai YC240LC-8 i\u00e7in Kova Silindiri"},"content":{"rendered":"<h1>Yuchai YC240LC-8 i\u00e7in Kova Silindiri<\/h1>\n<h2>girii\u015f<\/h2>\n<p>Kep\u00e7e silindiri, ekskavat\u00f6rler, kaz\u0131c\u0131 y\u00fckleyiciler ve \u00f6n y\u00fckleyiciler gibi a\u011f\u0131r makinelerde kep\u00e7enin hareketini kontrol etmek i\u00e7in \u00f6zel olarak tasarlanm\u0131\u015f bir hidrolik silindirdir. Ana i\u015flevi, kep\u00e7enin kald\u0131r\u0131lmas\u0131n\u0131, indirilmesini ve e\u011filmesini sa\u011flayarak \u00e7e\u015fitli malzeme ta\u015f\u0131ma g\u00f6revlerini kolayla\u015ft\u0131rmakt\u0131r. Hidrolik sistemde, kep\u00e7e silindiri hidrolik ya\u011f bas\u0131nc\u0131ndaki de\u011fi\u015fiklikler yoluyla kep\u00e7enin hareketlerinin hassas kontrol\u00fcn\u00fc sa\u011flar ve operat\u00f6rlerin a\u011f\u0131r y\u00fckleri verimli bir \u015fekilde ta\u015f\u0131mas\u0131na, karma\u015f\u0131k \u00e7al\u0131\u015fma ortamlar\u0131na ve \u00e7e\u015fitli operasyonel ihtiya\u00e7lara uyum sa\u011flamas\u0131na olanak tan\u0131r.<\/p>\n<p><img decoding=\"async\" src=\"https:\/\/www.hydraulic-cylinders.net\/wp-content\/uploads\/2025\/01\/songte-company-2.webp\" alt=\"Kova Silindiri\" \/><\/p>\n<h2>\u00d6zellikler<\/h2>\n<ul>\n<li>\n<h3>Y\u00fcksek G\u00fc\u00e7 ve Dayan\u0131kl\u0131l\u0131k<\/h3>\n<p>Kova silindirleri genellikle y\u00fcksek bas\u0131nca ve a\u011f\u0131r y\u00fcklere dayanabilen, a\u015f\u0131nma ve korozyon direnci g\u00f6z \u00f6n\u00fcnde bulundurularak tasarlanan, y\u00fcksek mukavemetli \u00e7elik veya al\u00fcminyumdan \u00fcretilir ve bu da kullan\u0131m \u00f6mr\u00fcn\u00fc uzat\u0131r.<\/p>\n<\/li>\n<li>\n<h3>Verimli Hidrolik \u00c7al\u0131\u015fma<\/h3>\n<p>Kova silindirleri, hidrolik ya\u011f\u0131n bas\u0131nc\u0131n\u0131 kullanarak d\u00fczg\u00fcn uzama ve geri \u00e7ekme sa\u011flar, kontrol komutlar\u0131na h\u0131zl\u0131 yan\u0131t verir, g\u00fc\u00e7l\u00fc itme ve \u00e7ekme kuvveti sunar ve a\u011f\u0131r y\u00fcklerin ve karma\u015f\u0131k operasyonel g\u00f6revlerin \u00fcstesinden gelmek i\u00e7in uygundur.<\/p>\n<\/li>\n<li>\n<h3>\u00c7e\u015fitli T\u00fcrler<\/h3>\n<p>Kova silindirleri, gereksinimlere g\u00f6re tek etkili (hidrolik yaln\u0131zca tek y\u00f6nde kullan\u0131l\u0131r) veya \u00e7ift etkili (hidrolik her iki y\u00f6nde de kullan\u0131l\u0131r) olarak se\u00e7ilebilir ve baz\u0131 modeller teleskopiktir, bu da d\u0131\u015f boyutlar\u0131 art\u0131rmadan daha uzun uzatmaya olanak tan\u0131r ve s\u0131n\u0131rl\u0131 alana sahip uygulamalar i\u00e7in uygundur.<\/p>\n<\/li>\n<li>\n<h3>M\u00fckemmel De\u011fi\u015ftirme<\/h3>\n<p>Firmam\u0131z, bu hidrolik silindirlerin yerine m\u00fckemmel \u015fekilde ge\u00e7ebilecek kova silindirleri \u00fcretmektedir.<\/p>\n<p><img decoding=\"async\" src=\"https:\/\/www.hydraulic-cylinders.net\/wp-content\/uploads\/2025\/01\/songte-cylinder-head-with-all-kinds-excavator-models.webp\" alt=\"Kova Silindiri De\u011fi\u015fimi\" \/><\/p>\n<\/li>\n<li>\n<h3>Geni\u015f Uygulama Alan\u0131<\/h3>\n<p>Kova silindirleri, a\u015fa\u011f\u0131dakiler de dahil olmak \u00fczere \u00e7e\u015fitli a\u011f\u0131r makinelerde yayg\u0131n olarak kullan\u0131l\u0131r:<\/p>\n<ul>\n<li><strong>\u0130n\u015faat Ekipmanlar\u0131:<\/strong> Kep\u00e7e silindirleri, ekskavat\u00f6rlerde toprak veya moloz kazma, y\u00fckleme ve ta\u015f\u0131ma i\u015flemlerinde hayati \u00f6neme sahiptir. Kaz\u0131c\u0131 y\u00fckleyicilerde ise kep\u00e7e silindirleri kazma ve kald\u0131rma i\u015flemlerine yard\u0131mc\u0131 olur.<\/li>\n<li><strong>Tar\u0131m Makinalar\u0131:<\/strong> \u00d6n y\u00fckleyicilerde kullan\u0131lan kep\u00e7e silindirleri, toprak, saman ve di\u011fer malzemeleri al\u0131p ta\u015f\u0131r. Ekskavat\u00f6rlerde ise kep\u00e7e silindiri, kazma i\u015flemini ger\u00e7ekle\u015ftirmek i\u00e7in topra\u011fa n\u00fcfuz eder.<\/li>\n<li><strong>Y\u00fckleyici:<\/strong> \u00d6n y\u00fckleyici ara\u00e7larda, kova silindirleri mallar\u0131n etkili bir \u015fekilde kald\u0131r\u0131lmas\u0131na ve bo\u015falt\u0131lmas\u0131na yard\u0131mc\u0131 olur.<\/li>\n<\/ul>\n<\/li>\n<\/ul>\n<h2>Tasar\u0131m Hususlar\u0131 ve Se\u00e7im Kriterleri<\/h2>\n<p><img decoding=\"async\" src=\"https:\/\/www.hydraulic-cylinders.net\/wp-content\/uploads\/2025\/01\/songte-oil-pipes-and-spare-parts.webp\" alt=\"Kova Silindir Tasar\u0131m\u0131\" \/><\/p>\n<ul>\n<li>\n<h3>Ta\u015f\u0131ma Kapasitesi<\/h3>\n<p>Kova silindirleri, y\u00fcksek bas\u0131nca ve a\u011f\u0131r y\u00fcklere dayanacak \u015fekilde tasarlanm\u0131\u015ft\u0131r ve ta\u015f\u0131ma kapasitelerinin end\u00fcstri standartlar\u0131n\u0131 kar\u015f\u0131lamas\u0131 sa\u011flan\u0131r.<\/p>\n<\/li>\n<li>\n<h3>S\u0131zd\u0131rmazl\u0131k ve Dayan\u0131kl\u0131l\u0131k<\/h3>\n<p>Kova silindirlerinde, a\u015f\u0131nma direnci sa\u011flayan poli\u00fcretan ve nitril kau\u00e7uk gibi malzemelerden yap\u0131lm\u0131\u015f piston contalar\u0131, mil contalar\u0131 ve silecek contalar\u0131 gibi \u00e7e\u015fitli s\u0131zd\u0131rmazl\u0131k bile\u015fenleri kullan\u0131l\u0131r. Silindir g\u00f6vdesi ve di\u015fli u\u00e7 y\u00fczeyi, a\u015f\u0131nma direncini art\u0131rmak i\u00e7in ince i\u015fleme tabi tutulur. Ya\u011flama i\u00e7in uygun miktarda hidrolik ya\u011f\u0131n d\u00fczenli olarak eklenmesi gereklidir.<\/p>\n<\/li>\n<li>\n<h3>Emniyet<\/h3>\n<p>Kova silindirlerinin \u00e7al\u0131\u015fma g\u00fcvenli\u011fini sa\u011flamak i\u00e7in g\u00fcvenilir destek ve denge sa\u011flamas\u0131 gerekir. Kullan\u0131m s\u0131ras\u0131nda kazalar\u0131 \u00f6nlemek i\u00e7in g\u00fcvenlik y\u00f6nergelerine uyulmal\u0131 ve uygun g\u00fcvenlik \u00f6nlemleri al\u0131nmal\u0131d\u0131r.<\/p>\n<\/li>\n<li>\n<h3>Bak\u0131m kolayl\u0131\u011f\u0131<\/h3>\n<p>Kova silindirleri, kolay bak\u0131m ve onar\u0131m i\u00e7in tasarlanmal\u0131d\u0131r. D\u00fczenli inceleme, a\u015f\u0131nm\u0131\u015f par\u00e7alar\u0131n zaman\u0131nda de\u011fi\u015ftirilmesi ve kalibrasyon kontrolleri, kullan\u0131m \u00f6mr\u00fcn\u00fc uzatmak i\u00e7in \u015fartt\u0131r.<\/p>\n<\/li>\n<\/ul>\n<h2>Kurulum K\u0131lavuzu<\/h2>\n<p>Kep\u00e7e silindirinin en iyi \u015fekilde \u00e7al\u0131\u015fmas\u0131 i\u00e7in do\u011fru kurulum \u00e7ok \u00f6nemlidir. A\u015fa\u011f\u0131daki ad\u0131mlar izlenmelidir:<\/p>\n<ul>\n<li>\n<h3>Hizalama<\/h3>\n<p>Silindir \u00e7ubu\u011funu y\u00fck\u00fcn merkez \u00e7izgisiyle hizalay\u0131n.<\/p>\n<\/li>\n<li>\n<h3>Montaj Braketi<\/h3>\n<p>Silindiri sabitlemek i\u00e7in uygun bir montaj braketi kullan\u0131n.<\/p>\n<\/li>\n<li>\n<h3>Ya\u011flama<\/h3>\n<p>Silindire uygun miktarda hidrolik ya\u011f ekleyin ve tamamen ya\u011fland\u0131\u011f\u0131ndan emin olun.<\/p>\n<\/li>\n<\/ul>\n<h2>Bak\u0131m ve Onar\u0131m<\/h2>\n<p><img decoding=\"async\" src=\"https:\/\/www.hydraulic-cylinders.net\/wp-content\/uploads\/2025\/01\/songte-chushion-collar.webp\" alt=\"Kova Silindiri Bak\u0131m\u0131 ve Onar\u0131m\u0131\" \/><\/p>\n<ul>\n<li>\n<h3>D\u00fczenli Muayene<\/h3>\n<p>Kova silindirinin a\u015f\u0131nma, hasar ve s\u0131z\u0131nt\u0131 a\u00e7\u0131s\u0131ndan d\u00fczenli olarak kontrol edilmesi.<\/p>\n<\/li>\n<li>\n<h3>Ya\u011flama<\/h3>\n<p>D\u00fczenli ya\u011flama, silindir par\u00e7alar\u0131n\u0131n a\u015f\u0131nmas\u0131n\u0131 \u00f6nlemeye yard\u0131mc\u0131 olur.<\/p>\n<\/li>\n<li>\n<h3>Conta De\u011fi\u015fimi<\/h3>\n<p>S\u0131zd\u0131rmazl\u0131\u011f\u0131n sa\u011flanmas\u0131 ve s\u0131z\u0131nt\u0131lar\u0131n \u00f6nlenmesi i\u00e7in contalar\u0131n ve ke\u00e7elerin d\u00fczenli olarak de\u011fi\u015ftirilmesi gerekir.<\/p>\n<\/li>\n<li>\n<h3>Kalibrasyon Kontrol\u00fc<\/h3>\n<p>D\u00fczenli kalibrasyon kontrolleri, silindirin en iyi ve verimli \u015fekilde \u00e7al\u0131\u015fmas\u0131n\u0131 sa\u011flar.<\/p>\n<\/li>\n<\/ul>\n<h2>G\u00fcvenlik Hususlar\u0131 ve \u00c7evresel Fakt\u00f6rler<\/h2>\n<p>Kaza riskini \u00f6nlemek ve g\u00fcvenli \u00e7al\u0131\u015fma sa\u011flamak i\u00e7in kova silindirleri kullan\u0131l\u0131rken g\u00fcvenlik \u00f6nlemlerine uyulmas\u0131 \u00f6nemlidir. Ayr\u0131ca, \u00e7evreye zarar vermemek i\u00e7in hidrolik silindirler se\u00e7ilirken \u00e7evresel fakt\u00f6rler de dikkate al\u0131nmal\u0131d\u0131r.<\/p>\n<p><img decoding=\"async\" src=\"https:\/\/hzpt.com\/wp-content\/uploads\/2024\/11\/songte-company-1.webp\" alt=\"Kova Silindiri G\u00fcvenli\u011fi\" \/><\/p>\n<h2>Ar\u0131za Te\u015fhisi ve Yayg\u0131n Sorunlar<\/h2>\n<p><img decoding=\"async\" src=\"https:\/\/www.hydraulic-cylinders.net\/wp-content\/uploads\/2025\/01\/songte-bushings-with-all-kinds-of-excavator-models.webp\" alt=\"Kova Silindiri Ar\u0131za Te\u015fhisi\" \/><\/p>\n<ul>\n<li>\n<h3>S\u0131z\u0131nt\u0131<\/h3>\n<p>Contalar\u0131 ve ke\u00e7eleri hasar veya a\u015f\u0131nma a\u00e7\u0131s\u0131ndan kontrol edin ve gerekirse de\u011fi\u015ftirin.<\/p>\n<\/li>\n<li>\n<h3>Azalt\u0131lm\u0131\u015f Performans<\/h3>\n<p>Hidrolik sistemde kirlenme veya s\u0131v\u0131 seviyesinin uygunsuz olup olmad\u0131\u011f\u0131n\u0131 kontrol edin ve sistemin temiz ve do\u011fru \u015fekilde doldurulmu\u015f oldu\u011fundan emin olun.<\/p>\n<\/li>\n<li>\n<h3>G\u00fcr\u00fclt\u00fc<\/h3>\n<p>Silindiri hasar veya a\u015f\u0131nma a\u00e7\u0131s\u0131ndan kontrol edin ve etkilenen par\u00e7alar\u0131 de\u011fi\u015ftirin.<\/p>\n<\/li>\n<\/ul>\n<h2>\u015eirketimiz Hakk\u0131nda<\/h2>\n<p><img decoding=\"async\" src=\"https:\/\/www.hydraulic-cylinders.net\/wp-content\/uploads\/2025\/01\/songte-company-3.webp\" alt=\"\u015eirketimiz Hakk\u0131nda\" \/><\/p>\n<p>Komple \u00fcr\u00fcn yelpazesiyle yedek hidrolik silindir \u00fcreticisiyiz ve hem yurt i\u00e7i hem de yurt d\u0131\u015f\u0131 pazarlarda \u00f6nde gelen hidrolik silindir \u00fcreticilerinden ve toptanc\u0131lar\u0131ndan biriyiz. M\u00fckemmel kalite prensiplerine ba\u011fl\u0131 kalarak, ince i\u015f\u00e7ilik gerektiren at\u00f6lyelerin end\u00fcstriyel \u00fcretim y\u00f6netim stratejisine g\u00fcvenerek, at\u00f6lyenin \u00fcretim platformunu s\u00fcrekli geli\u015ftiriyor, \u00fcr\u00fcn\u00fcn \u00fcretim kalite yolunu iyile\u015ftiriyor ve g\u00fc\u00e7l\u00fc yarat\u0131c\u0131l\u0131k yetene\u011fimizle m\u00fc\u015fterilerimizin \u00e7e\u015fitli ihtiya\u00e7lar\u0131n\u0131 y\u00fcksek verimlilik, y\u00fcksek hassasiyet ve y\u00fcksek kaliteyle kar\u015f\u0131l\u0131yoruz.<\/p>\n<ul>\n<li>\n<h3>Profesyonellik<\/h3>\n<p>\u015eirketimiz, \u00fcr\u00fcn tasar\u0131m\u0131 ve geli\u015ftirme alan\u0131nda sekt\u00f6rde \u00f6nc\u00fc olan profesyonel m\u00fchendis ve teknik uzmanlardan olu\u015fan ekibiyle hidrolik silindir teknolojisinin s\u00fcrekli geli\u015fimine kendini adam\u0131\u015ft\u0131r.<\/p>\n<\/li>\n<li>\n<h3>Uluslararas\u0131 Sertifikasyon<\/h3>\n<p>\u015eirketimiz, \u00fcr\u00fcnlerimizin uluslararas\u0131 kalite standartlar\u0131n\u0131 kar\u015f\u0131lad\u0131\u011f\u0131n\u0131 garanti eden ISO9001:2015 kalite y\u00f6netim sistemi sertifikas\u0131n\u0131 alm\u0131\u015ft\u0131r.<\/p>\n<\/li>\n<li>\n<h3>\u00d6zelle\u015ftirilmi\u015f Hizmet<\/h3>\n<p>Firmam\u0131z, m\u00fc\u015fterilerin \u00f6zel ihtiya\u00e7lar\u0131n\u0131 kar\u015f\u0131lamak \u00fczere \u00f6zelle\u015ftirilmi\u015f hidrolik silindirler \u00fcretmekte ve karma\u015f\u0131k hidrolik gereksinimler i\u00e7in y\u00fcksek kaliteli \u00e7\u00f6z\u00fcmler sunmaktad\u0131r.<\/p>\n<\/li>\n<li>\n<h3>\u00dcretim Ekipmanlar\u0131<\/h3>\n<p>\u015eirketimiz, y\u00fcksek kaliteli \u00fcr\u00fcnler sa\u011flamak i\u00e7in CNC i\u015fleme merkezleri, y\u00fcksek hassasiyetli torna tezgahlar\u0131 ve di\u011fer \u00f6zel hidrolik silindir \u00fcretim ekipmanlar\u0131 da dahil olmak \u00fczere geli\u015fmi\u015f \u00fcretim ekipmanlar\u0131na sahiptir.<\/p>\n<\/li>\n<li>\n<h3>Sat\u0131\u015f Sonras\u0131 Hizmet<\/h3>\n<p>Firmam\u0131z, bak\u0131m, onar\u0131m ve yeniden yap\u0131land\u0131rma hizmetleri de dahil olmak \u00fczere kapsaml\u0131 sat\u0131\u015f sonras\u0131 hizmetler sunarak \u00fcr\u00fcnlerimizin her zaman en iyi durumda olmas\u0131n\u0131 sa\u011flar.<\/p>\n<\/li>\n<\/ul>\n<p>Lyl taraf\u0131ndan yaz\u0131lan makale.<\/p>","protected":false},"excerpt":{"rendered":"<p>Bucket Cylinder For Yuchai YC240LC-8 Introduction Bucket Cylinder is a specially designed hydraulic cylinder primarily used to control the movement of the bucket in heavy machinery such as excavators, backhoe loaders, and front-end loaders. Its main function is to enable the bucket to lift, lower, and tilt, making it easier to handle various material-handling tasks. [&hellip;]<\/p>","protected":false},"featured_media":14761,"comment_status":"open","ping_status":"closed","template":"","meta":{"_et_pb_use_builder":"","_et_pb_old_content":"","_et_gb_content_width":""},"product_brand":[],"product_cat":[1494],"product_tag":[1495,1496],"class_list":{"0":"post-15866","1":"product","2":"type-product","3":"status-publish","4":"has-post-thumbnail","6":"product_cat-bucket-cylinders","7":"product_tag-bucket-cylinders","8":"product_tag-hydraulic-cylinders","10":"first","11":"instock","12":"shipping-taxable","13":"product-type-simple"},"amp_enabled":true,"_links":{"self":[{"href":"https:\/\/www.hydraulic-cylinders.net\/tr\/wp-json\/wp\/v2\/product\/15866","targetHints":{"allow":["GET"]}}],"collection":[{"href":"https:\/\/www.hydraulic-cylinders.net\/tr\/wp-json\/wp\/v2\/product"}],"about":[{"href":"https:\/\/www.hydraulic-cylinders.net\/tr\/wp-json\/wp\/v2\/types\/product"}],"replies":[{"embeddable":true,"href":"https:\/\/www.hydraulic-cylinders.net\/tr\/wp-json\/wp\/v2\/comments?post=15866"}],"wp:featuredmedia":[{"embeddable":true,"href":"https:\/\/www.hydraulic-cylinders.net\/tr\/wp-json\/wp\/v2\/media\/14761"}],"wp:attachment":[{"href":"https:\/\/www.hydraulic-cylinders.net\/tr\/wp-json\/wp\/v2\/media?parent=15866"}],"wp:term":[{"taxonomy":"product_brand","embeddable":true,"href":"https:\/\/www.hydraulic-cylinders.net\/tr\/wp-json\/wp\/v2\/product_brand?post=15866"},{"taxonomy":"product_cat","embeddable":true,"href":"https:\/\/www.hydraulic-cylinders.net\/tr\/wp-json\/wp\/v2\/product_cat?post=15866"},{"taxonomy":"product_tag","embeddable":true,"href":"https:\/\/www.hydraulic-cylinders.net\/tr\/wp-json\/wp\/v2\/product_tag?post=15866"}],"curies":[{"name":"wp","href":"https:\/\/api.w.org\/{rel}","templated":true}]}}