{"id":15874,"date":"2025-01-19T15:06:22","date_gmt":"2025-01-19T15:06:22","guid":{"rendered":"https:\/\/www.hydraulic-cylinders.net\/product\/bucket-cylinder-for-xinyuan-wheel-excavator-xy65w-7-8\/"},"modified":"2025-01-19T15:06:24","modified_gmt":"2025-01-19T15:06:24","slug":"bucket-cylinder-for-xinyuan-wheel-excavator-xy65w-7-8","status":"publish","type":"product","link":"https:\/\/www.hydraulic-cylinders.net\/tr\/urun\/bucket-cylinder-for-xinyuan-wheel-excavator-xy65w-7-8\/","title":{"rendered":"Xinyuan Tekerlekli Ekskavat\u00f6r XY65W-7-8 i\u00e7in Kova Silindiri"},"content":{"rendered":"<h1>Xinyuan Tekerlekli Ekskavat\u00f6r XY65W-7-8 i\u00e7in Kova Silindiri<\/h1>\n<h2>girii\u015f<\/h2>\n<p>Kova silindiri, ekskavat\u00f6rler, bekolu y\u00fckleyiciler ve \u00f6n y\u00fckleyiciler gibi a\u011f\u0131r i\u015f makinelerinde kovan\u0131n hareketini kontrol etmek i\u00e7in kullan\u0131lan \u00f6zel olarak tasarlanm\u0131\u015f bir hidrolik silindirdir. Ana i\u015flevi, kovan\u0131n kald\u0131rma, indirme ve yat\u0131rma i\u015flemlerini ger\u00e7ekle\u015ftirerek \u00e7e\u015fitli malzemelerin i\u015flenmesini kolayla\u015ft\u0131rmakt\u0131r. Hidrolik sistemlerde kova silindiri, hidrolik ya\u011f bas\u0131nc\u0131ndaki de\u011fi\u015fikliklerle kovan\u0131n hassas hareketini kontrol ederek operat\u00f6rlerin a\u011f\u0131r y\u00fckleri verimli bir \u015fekilde ta\u015f\u0131mas\u0131n\u0131 ve karma\u015f\u0131k \u00e7al\u0131\u015fma ortamlar\u0131na ve \u00e7e\u015fitli i\u015f gereksinimlerine uyum sa\u011flamas\u0131n\u0131 sa\u011flar.<\/p>\n<p><img decoding=\"async\" src=\"https:\/\/www.hydraulic-cylinders.net\/wp-content\/uploads\/2025\/01\/songte-company-2.webp\" alt=\"Kova Silindiri G\u00f6r\u00fcnt\u00fcs\u00fc\" \/><\/p>\n<h2>\u00dcr\u00fcn \u00d6zellikleri<\/h2>\n<ul>\n<li><strong>Y\u00fcksek Dayan\u0131kl\u0131l\u0131k ve Dayan\u0131kl\u0131l\u0131k:<\/strong> Genellikle y\u00fcksek mukavemetli \u00e7elik veya al\u00fcminyumdan \u00fcretilen kova silindirleri, y\u00fcksek bas\u0131n\u00e7lara ve a\u011f\u0131r y\u00fcklere dayanabilir ve kullan\u0131m \u00f6m\u00fcrlerini uzatmak i\u00e7in a\u015f\u0131nma ve korozyon direnci dikkate al\u0131narak tasarlan\u0131r.<\/li>\n<li><strong>Verimli Hidrolik \u00c7al\u0131\u015fma:<\/strong> Kova silindirleri, yumu\u015fak uzatma ve geri \u00e7ekme hareketleri elde etmek i\u00e7in hidrolik ya\u011f bas\u0131nc\u0131n\u0131 kullan\u0131r, kontrol komutlar\u0131na h\u0131zl\u0131 tepki vermeyi sa\u011flar, g\u00fc\u00e7l\u00fc itme ve \u00e7ekme kuvvetleri sa\u011flar ve a\u011f\u0131r y\u00fckleri ve karma\u015f\u0131k i\u015f g\u00f6revlerini idare etmek i\u00e7in uygundur.<\/li>\n<li><strong>\u00c7e\u015fitli Tipler:<\/strong> Kova silindirleri, tek etkili (sadece tek y\u00f6nde hidrolik bas\u0131n\u00e7 uygulanan) veya \u00e7ift etkili (her iki y\u00f6nde hidrolik bas\u0131n\u00e7 uygulanan) olabilir ve \u00f6zel operasyonel gereksinimlere g\u00f6re se\u00e7ilebilir. Baz\u0131 modeller teleskopiktir, bu da d\u0131\u015f boyutlar\u0131 art\u0131rmadan daha fazla uzatma sa\u011flar ve s\u0131n\u0131rl\u0131 alana sahip uygulamalar i\u00e7in uygundur.<\/li>\n<li><strong>Mevcut Hidrolik Silindirleri De\u011fi\u015ftirin:<\/strong> \u00dcr\u00fcn\u00fcm\u00fcz mevcut hidrolik silindirlerin yerini m\u00fckemmel bir \u015fekilde alabilmektedir.<\/li>\n<li><strong>Farkl\u0131 Ekskavat\u00f6r Modelleri i\u00e7in Mevcuttur:<\/strong> \u00dcr\u00fcn\u00fcm\u00fcz \u00e7e\u015fitli ekskavat\u00f6r modellerine uyumludur.<\/li>\n<\/ul>\n<p><img decoding=\"async\" src=\"https:\/\/www.hydraulic-cylinders.net\/wp-content\/uploads\/2025\/01\/songte-cylinder-head-with-all-kinds-excavator-models.webp\" alt=\"Ekskavat\u00f6r Modelleri G\u00f6rseli\" \/><\/p>\n<h2>Uygulamalar<\/h2>\n<h3>\u0130n\u015faat Ekipmanlar\u0131<\/h3>\n<p>Kova silindirleri, kazma, y\u00fckleme ve toprak veya moloz ta\u015f\u0131mada kullan\u0131lan ekskavat\u00f6rler i\u00e7in olmazsa olmazd\u0131r. Beko-loderlerde kova silindirleri, kaz\u0131 ve kald\u0131rma i\u015flemlerine yard\u0131mc\u0131 olur. \u00d6n y\u00fckleyicilerde ise y\u00fcklerin etkili bir \u015fekilde kald\u0131r\u0131lmas\u0131na ve bo\u015falt\u0131lmas\u0131na yard\u0131mc\u0131 olurlar.<\/p>\n<h3>Tar\u0131m Makinalar\u0131<\/h3>\n<p>Kova silindirleri, \u00f6n y\u00fckleyicilerde toprak, saman ve di\u011fer malzemeleri toplamak, kald\u0131rmak ve ta\u015f\u0131mak i\u00e7in kullan\u0131l\u0131r. Ekskavat\u00f6rlerde ise kova silindirleri, kovan\u0131n topra\u011fa n\u00fcfuz etmesini sa\u011flayarak kazmay\u0131 m\u00fcmk\u00fcn k\u0131lar.<\/p>\n<h2>Tasar\u0131m Hususlar\u0131 ve Se\u00e7im Kriterleri<\/h2>\n<ul>\n<li><strong>Ta\u015f\u0131ma Kapasitesi:<\/strong> Hidrolik silindirin \u00e7e\u015fitli y\u00fck ve bas\u0131n\u00e7lara dayan\u0131kl\u0131 olmas\u0131 gerekir.<\/li>\n<li><strong>S\u0131zd\u0131rmazl\u0131k:<\/strong> Silindirin \u00f6mr\u00fcn\u00fc uzatmak i\u00e7in piston contalar\u0131 ve biyel contalar\u0131 gibi \u00e7e\u015fitli s\u0131zd\u0131rmazl\u0131k elemanlar\u0131 kullan\u0131labilir.<\/li>\n<li><strong>Dayan\u0131kl\u0131l\u0131k:<\/strong> Hidrolik silindir a\u015f\u0131nma ve y\u0131pranmaya dayan\u0131kl\u0131 olacak \u015fekilde tasarlanmal\u0131d\u0131r.<\/li>\n<li><strong>Emniyet:<\/strong> Hidrolik silindir, g\u00fcvenlik a\u00e7\u0131s\u0131ndan tehlike yaratmayacak \u015fekilde tasarlanmal\u0131d\u0131r.<\/li>\n<li><strong>Bak\u0131m kolayl\u0131\u011f\u0131:<\/strong> Hidrolik silindirin bak\u0131m\u0131 ve onar\u0131m\u0131 kolay olmal\u0131d\u0131r.<\/li>\n<\/ul>\n<p><img decoding=\"async\" src=\"https:\/\/www.hydraulic-cylinders.net\/wp-content\/uploads\/2025\/01\/songte-oil-pipes-and-spare-parts.webp\" alt=\"Petrol Borular\u0131 ve Yedek Par\u00e7a G\u00f6rseli\" \/><\/p>\n<h2>S\u0131zd\u0131rmazl\u0131k ve Ya\u011flama<\/h2>\n<p>Hidrolik silindirin \u00f6mr\u00fcn\u00fc uzatmak i\u00e7in piston contalar\u0131 ve piston kolu contalar\u0131 gibi \u00e7e\u015fitli s\u0131zd\u0131rmazl\u0131k bile\u015fenleri kullan\u0131labilir. Contalar, poli\u00fcretan ve nitril kau\u00e7uk gibi a\u015f\u0131nmaya dayan\u0131kl\u0131 malzemelerden yap\u0131labilir. Ayr\u0131ca, silindir g\u00f6vdesi ve di\u015fli u\u00e7 y\u00fczeyleri a\u015f\u0131nma direncini art\u0131rmak i\u00e7in hassas bir \u015fekilde i\u015flenmi\u015ftir. Ya\u011flama i\u00e7in d\u00fczenli olarak uygun miktarda hidrolik ya\u011f eklenmesi gerekir.<\/p>\n<h2>Bak\u0131m ve Onar\u0131m<\/h2>\n<p>D\u00fczenli muayene, do\u011fru ya\u011flama, conta de\u011fi\u015fimi ve kalibrasyon kontrolleri yayg\u0131n bak\u0131m g\u00f6revleridir. Do\u011fru montaj, ya\u011flama ve ayar, silindirin uzun \u00f6m\u00fcrl\u00fcl\u00fc\u011f\u00fc ve performans\u0131 i\u00e7in kritik \u00f6neme sahiptir. Montaj s\u0131ras\u0131nda silindirin do\u011fru \u015fekilde hizalanmas\u0131 ve silindiri sabitlemek i\u00e7in uygun montaj braketlerinin kullan\u0131lmas\u0131 \u00f6nerilir. \u00d6nerilen muayene, onar\u0131m ve de\u011fi\u015ftirme prosed\u00fcrleri silindirin \u00f6mr\u00fcn\u00fc uzatacakt\u0131r.<\/p>\n<p><img decoding=\"async\" src=\"https:\/\/www.hydraulic-cylinders.net\/wp-content\/uploads\/2025\/01\/songte-chushion-collar.webp\" alt=\"Chushion Yaka G\u00f6rseli\" \/><\/p>\n<h2>G\u00fcvenlik ve \u00c7evresel Hususlar<\/h2>\n<p>Hidrolik silindirleri kullan\u0131rken g\u00fcvenlik \u00f6nlemleri son derece \u00f6nemlidir. Hidrolik silindirlerin do\u011fru kullan\u0131m\u0131 ve bak\u0131m\u0131 kaza riskini azaltabilir ve kirlili\u011fi azaltmak i\u00e7in \u00e7evre dostu hidrolik s\u0131v\u0131lar kullan\u0131lmal\u0131d\u0131r.<\/p>\n<h2>Ar\u0131za Te\u015fhisi ve Sorun Giderme<\/h2>\n<p>Hidrolik silindirlerde ortaya \u00e7\u0131kabilecek yayg\u0131n sorunlar aras\u0131nda ya\u011f s\u0131z\u0131nt\u0131s\u0131, silindir \u00e7ubu\u011fu b\u00fck\u00fclmesi ve yetersiz kuvvet yer al\u0131r. Bu sorunlar, uygun sorun giderme teknikleri ve \u00f6nerilen \u00f6nleyici tedbirler kullan\u0131larak te\u015fhis edilebilir ve \u00e7\u00f6z\u00fclebilir.<\/p>\n<p><img decoding=\"async\" src=\"https:\/\/www.hydraulic-cylinders.net\/wp-content\/uploads\/2025\/01\/songte-bushings-with-all-kinds-of-excavator-models.webp\" alt=\"Bur\u00e7lar G\u00f6r\u00fcnt\u00fcs\u00fc\" \/><\/p>\n<h2>Hakk\u0131m\u0131zda<\/h2>\n<p>Hidrolik silindir \u00fcreten bir \u00fcreticiyiz ve \u00e7e\u015fitli hidrolik silindir \u00fcr\u00fcnleri sunuyoruz. \u015eirketimiz, yurt i\u00e7i ve yurt d\u0131\u015f\u0131 pazarlarda lider hidrolik silindir \u00fcreticilerinden ve toptan da\u011f\u0131t\u0131c\u0131lar\u0131ndan biridir. M\u00fckemmel kalite ilkesini benimsiyor ve geli\u015fmi\u015f \u00fcretim at\u00f6lyelerimizde end\u00fcstriyel \u00fcretim y\u00f6netimi stratejilerine g\u00fcveniyoruz. At\u00f6lye \u00fcretim platformumuzu, m\u00fckemmel \u00fcr\u00fcn kalitesine sahip \u00fcretim hatlar\u0131m\u0131z\u0131 s\u00fcrekli geli\u015ftiriyor ve g\u00fc\u00e7l\u00fc yarat\u0131c\u0131 yeteneklere sahibiz. Y\u00fcksek verimlilik, y\u00fcksek hassasiyet ve y\u00fcksek kalite ilkeleriyle m\u00fc\u015fterilerimizin \u00e7e\u015fitli ihtiya\u00e7lar\u0131n\u0131 kar\u015f\u0131layabiliyoruz.<\/p>\n<ul>\n<li><strong>Profesyonellik:<\/strong> Hidrolik silindir imalat\u0131nda uzmanla\u015ft\u0131k.<\/li>\n<li><strong>Uluslararas\u0131 Sertifikasyon:<\/strong> \u00dcr\u00fcnlerimiz ISO9001, CE, TUV gibi uluslararas\u0131 sertifikalara sahiptir.<\/li>\n<li><strong>\u00d6zelle\u015ftirme Hizmetleri:<\/strong> M\u00fc\u015fterilerimizin \u00f6zel ihtiya\u00e7lar\u0131n\u0131 kar\u015f\u0131lamak i\u00e7in \u00f6zelle\u015ftirilmi\u015f hizmetler sunuyoruz.<\/li>\n<li><strong>Geli\u015fmi\u015f \u00dcretim Ekipmanlar\u0131:<\/strong> CNC makineleri ve robotik kaynak makineleri de dahil olmak \u00fczere geli\u015fmi\u015f \u00fcretim ekipmanlar\u0131na sahibiz.<\/li>\n<li><strong>Sat\u0131\u015f Sonras\u0131 Hizmet:<\/strong> M\u00fc\u015fteri memnuniyetini sa\u011flamak i\u00e7in sat\u0131\u015f sonras\u0131 m\u00fckemmel hizmet sa\u011fl\u0131yoruz.<\/li>\n<\/ul>\n<p><img decoding=\"async\" src=\"https:\/\/hzpt.com\/wp-content\/uploads\/2024\/11\/songte-company-1.webp\" alt=\"\u015eirket \u0130maj\u0131\" \/><\/p>\n<p>Yazar: lyl<\/p>","protected":false},"excerpt":{"rendered":"<p>Bucket Cylinder For Xinyuan Wheel Excavator XY65W-7-8 Introduction A bucket cylinder is a specially designed hydraulic cylinder used primarily in heavy machinery such as excavators, backhoes, and front loaders to control the movement of the bucket. Its main function is to allow the bucket to lift, lower, and tilt, making it easier to handle various [&hellip;]<\/p>","protected":false},"featured_media":14778,"comment_status":"open","ping_status":"closed","template":"","meta":{"_et_pb_use_builder":"","_et_pb_old_content":"","_et_gb_content_width":""},"product_brand":[],"product_cat":[1494],"product_tag":[1495,1496],"class_list":{"0":"post-15874","1":"product","2":"type-product","3":"status-publish","4":"has-post-thumbnail","6":"product_cat-bucket-cylinders","7":"product_tag-bucket-cylinders","8":"product_tag-hydraulic-cylinders","10":"first","11":"instock","12":"shipping-taxable","13":"product-type-simple"},"amp_enabled":true,"_links":{"self":[{"href":"https:\/\/www.hydraulic-cylinders.net\/tr\/wp-json\/wp\/v2\/product\/15874","targetHints":{"allow":["GET"]}}],"collection":[{"href":"https:\/\/www.hydraulic-cylinders.net\/tr\/wp-json\/wp\/v2\/product"}],"about":[{"href":"https:\/\/www.hydraulic-cylinders.net\/tr\/wp-json\/wp\/v2\/types\/product"}],"replies":[{"embeddable":true,"href":"https:\/\/www.hydraulic-cylinders.net\/tr\/wp-json\/wp\/v2\/comments?post=15874"}],"wp:featuredmedia":[{"embeddable":true,"href":"https:\/\/www.hydraulic-cylinders.net\/tr\/wp-json\/wp\/v2\/media\/14778"}],"wp:attachment":[{"href":"https:\/\/www.hydraulic-cylinders.net\/tr\/wp-json\/wp\/v2\/media?parent=15874"}],"wp:term":[{"taxonomy":"product_brand","embeddable":true,"href":"https:\/\/www.hydraulic-cylinders.net\/tr\/wp-json\/wp\/v2\/product_brand?post=15874"},{"taxonomy":"product_cat","embeddable":true,"href":"https:\/\/www.hydraulic-cylinders.net\/tr\/wp-json\/wp\/v2\/product_cat?post=15874"},{"taxonomy":"product_tag","embeddable":true,"href":"https:\/\/www.hydraulic-cylinders.net\/tr\/wp-json\/wp\/v2\/product_tag?post=15874"}],"curies":[{"name":"wp","href":"https:\/\/api.w.org\/{rel}","templated":true}]}}