{"id":15879,"date":"2025-01-19T15:06:43","date_gmt":"2025-01-19T15:06:43","guid":{"rendered":"https:\/\/www.hydraulic-cylinders.net\/product\/bucket-cylinder-for-volwa-small-excavator-dls818-9b\/"},"modified":"2025-01-19T15:06:47","modified_gmt":"2025-01-19T15:06:47","slug":"bucket-cylinder-for-volwa-small-excavator-dls818-9b","status":"publish","type":"product","link":"https:\/\/www.hydraulic-cylinders.net\/tr\/urun\/bucket-cylinder-for-volwa-small-excavator-dls818-9b\/","title":{"rendered":"Volwa DLS818-9B K\u00fc\u00e7\u00fck Ekskavat\u00f6r \u0130\u00e7in Kep\u00e7e Silindiri"},"content":{"rendered":"<h1>Volwa DLS818-9B K\u00fc\u00e7\u00fck Ekskavat\u00f6r \u0130\u00e7in Kep\u00e7e Silindiri<\/h1>\n<h2>girii\u015f<\/h2>\n<h3>Tan\u0131m<\/h3>\n<p>Kep\u00e7e silindiri, ekskavat\u00f6rler, kaz\u0131c\u0131 y\u00fckleyiciler ve \u00f6n y\u00fckleyiciler gibi a\u011f\u0131r makinelerde kep\u00e7elerin hareketini kontrol etmek i\u00e7in \u00f6zel olarak tasarlanm\u0131\u015f bir hidrolik silindirdir. Ana i\u015flevi, kep\u00e7enin kald\u0131r\u0131lmas\u0131n\u0131, indirilmesini ve e\u011filmesini sa\u011flayarak \u00e7e\u015fitli malzemelerin kolayca ta\u015f\u0131nmas\u0131na olanak tan\u0131makt\u0131r. Hidrolik sistemde, kep\u00e7e silindirleri, kep\u00e7enin hassas kontrol\u00fcn\u00fc sa\u011flamak i\u00e7in hidrolik ya\u011f\u0131n bas\u0131n\u00e7 de\u011fi\u015fimlerini kullan\u0131r; bu da operat\u00f6rlerin a\u011f\u0131r malzemeleri verimli bir \u015fekilde ta\u015f\u0131mas\u0131na ve karma\u015f\u0131k \u00e7al\u0131\u015fma ortamlar\u0131na ve \u00e7e\u015fitli operasyonel ihtiya\u00e7lara uyum sa\u011flamas\u0131na olanak tan\u0131r.<\/p>\n<p><img decoding=\"async\" src=\"https:\/\/www.hydraulic-cylinders.net\/wp-content\/uploads\/2025\/01\/songte-company-2.webp\"><\/p>\n<h2>\u00d6zellikler<\/h2>\n<ul>\n<li>Y\u00fcksek Mukavemet ve Dayan\u0131kl\u0131l\u0131k: Genellikle y\u00fcksek mukavemetli \u00e7elik veya al\u00fcminyumdan \u00fcretilen bu \u00fcr\u00fcnler, y\u00fcksek bas\u0131nca ve a\u011f\u0131r y\u00fcklere dayanabilir ve zorlu \u00e7al\u0131\u015fma ortamlar\u0131na uyum sa\u011flar. Tasar\u0131mda a\u015f\u0131nma direnci ve korozyon direnci dikkate al\u0131narak kullan\u0131m \u00f6mr\u00fc uzat\u0131lm\u0131\u015ft\u0131r.<\/li>\n<li>Verimli Hidrolik \u00c7al\u0131\u015fma: Hidrolik ya\u011f bas\u0131nc\u0131n\u0131 kullanarak d\u00fczg\u00fcn genle\u015fme ve b\u00fcz\u00fclme sa\u011flayan sistem, kontrol komutlar\u0131na h\u0131zl\u0131 yan\u0131t verebilir, g\u00fc\u00e7l\u00fc itme ve \u00e7ekme kuvveti sunarak a\u011f\u0131r malzemelerin ve karma\u015f\u0131k i\u015flerin ta\u015f\u0131nmas\u0131 i\u00e7in uygundur.<\/li>\n<li>\u00c7e\u015fitli Tipler: Farkl\u0131 \u00e7al\u0131\u015fma gereksinimlerini kar\u015f\u0131lamak i\u00e7in ihtiya\u00e7lara g\u00f6re tek etkili (hidroli\u011fi yaln\u0131zca tek y\u00f6nde kullanan) veya \u00e7ift etkili (hidroli\u011fi iki y\u00f6nde kullanan) silindirler se\u00e7ilebilir. Baz\u0131 modeller teleskopiktir ve d\u0131\u015f boyutlar\u0131 art\u0131rmadan daha fazla uzatmaya olanak tan\u0131r, bu da s\u0131n\u0131rl\u0131 alan uygulamalar\u0131 i\u00e7in uygundur.<\/li>\n<li>M\u00fckemmel De\u011fi\u015ftirme: \u00dcr\u00fcnlerimiz bu hidrolik silindirlerin yerini m\u00fckemmel \u015fekilde alabilir.<\/li>\n<\/ul>\n<p><img decoding=\"async\" src=\"https:\/\/www.hydraulic-cylinders.net\/wp-content\/uploads\/2025\/01\/songte-cylinder-head-with-all-kinds-excavator-models.webp\"><\/p>\n<h2>Uygulamalar<\/h2>\n<p><strong>\u0130n\u015faat Ekipmanlar\u0131:<\/strong> Ekskavat\u00f6rlerde, toprak veya moloz kazma, y\u00fckleme ve ta\u015f\u0131ma i\u015flemlerinde hayati \u00f6neme sahiptirler. Kaz\u0131c\u0131 y\u00fckleyicilerde, kova silindirleri hem kazma hem de kald\u0131rma i\u015flemlerine yard\u0131mc\u0131 olur. \u00d6n y\u00fckleyicilerde ise, malzemelerin verimli bir \u015fekilde bo\u015falt\u0131lmas\u0131 i\u00e7in kald\u0131rma ve devirme i\u015flemlerine yard\u0131mc\u0131 olurlar.<\/p>\n<p><strong>Tar\u0131m Makinalar\u0131:<\/strong> \u00d6n y\u00fckleyicilerde toprak, saman ve di\u011fer malzemelerin kep\u00e7eyle al\u0131nmas\u0131, kald\u0131r\u0131lmas\u0131 ve ta\u015f\u0131nmas\u0131nda kullan\u0131l\u0131r. Ekskavat\u00f6rlerde, kep\u00e7e silindirleri kep\u00e7enin topra\u011fa n\u00fcfuz etmesini sa\u011flayarak kaz\u0131 i\u015flemini ger\u00e7ekle\u015ftirir. Y\u00fckleyicilerde ise, malzemelerin etkili bir \u015fekilde bo\u015falt\u0131lmas\u0131 i\u00e7in kald\u0131rma ve devirme i\u015flemlerine yard\u0131mc\u0131 olurlar.<\/p>\n<p><img decoding=\"async\" src=\"https:\/\/www.hydraulic-cylinders.net\/wp-content\/uploads\/2025\/01\/songte-bushings-with-all-kinds-of-excavator-models.webp\"><\/p>\n<h2>Tasar\u0131m Hususlar\u0131 ve Se\u00e7im Kriterleri<\/h2>\n<ul>\n<li>Ta\u015f\u0131ma Kapasitesi: Silindir, ta\u015f\u0131nacak malzemenin a\u011f\u0131rl\u0131\u011f\u0131na dayanabilmelidir.<\/li>\n<li>S\u0131zd\u0131rmazl\u0131k: Piston contalar\u0131 ve mil contalar\u0131 gibi \u00e7e\u015fitli contalar kullan\u0131lmal\u0131 ve a\u015f\u0131nmaya dayan\u0131kl\u0131l\u0131k a\u00e7\u0131s\u0131ndan poli\u00fcretan ve nitril kau\u00e7uk gibi s\u0131zd\u0131rmazl\u0131k malzemeleri se\u00e7ilmelidir.<\/li>\n<li>Dayan\u0131kl\u0131l\u0131k: Silindir g\u00f6vdesi ve di\u015fli u\u00e7 y\u00fczeyi a\u015f\u0131nma direncini art\u0131rmak i\u00e7in hassas bir \u015fekilde i\u015flenmelidir.<\/li>\n<li>G\u00fcvenlik: Silindir, y\u00fcksek bas\u0131n\u00e7 veya di\u011fer fakt\u00f6rlerden kaynaklanan kazalar\u0131 \u00f6nlemek i\u00e7in g\u00fcvenlik \u00f6nlemlerine sahip olmal\u0131d\u0131r.<\/li>\n<li>Bak\u0131m Kolayl\u0131\u011f\u0131: Silindirin s\u00f6k\u00fcl\u00fcp par\u00e7alar\u0131n\u0131n de\u011fi\u015ftirilmesi, bak\u0131m\u0131n\u0131n ve onar\u0131m\u0131n\u0131n kolay olmas\u0131 gerekir.<\/li>\n<\/ul>\n<p><img decoding=\"async\" src=\"https:\/\/www.hydraulic-cylinders.net\/wp-content\/uploads\/2025\/01\/songte-oil-pipes-and-spare-parts.webp\"><\/p>\n<h2>S\u0131zd\u0131rmazl\u0131k ve Ya\u011flama<\/h2>\n<p>Kova silindirlerinde piston contalar\u0131 ve mil contalar\u0131 gibi \u00e7e\u015fitli s\u0131zd\u0131rmazl\u0131k elemanlar\u0131 kullan\u0131l\u0131r. A\u015f\u0131nmaya dayan\u0131kl\u0131l\u0131k i\u00e7in poli\u00fcretan ve nitril kau\u00e7uk gibi s\u0131zd\u0131rmazl\u0131k malzemeleri se\u00e7ilir. Silindir g\u00f6vdesi ve di\u015fli u\u00e7 y\u00fczeyi, a\u015f\u0131nma direncini art\u0131rmak i\u00e7in ince bir \u015fekilde i\u015flenir. Silindiri ya\u011flamak i\u00e7in uygun hidrolik ya\u011f\u0131n d\u00fczenli olarak eklenmesi gereklidir.<\/p>\n<h2>Muayene ve \u00d6nleyici Bak\u0131m<\/h2>\n<p>A\u015fa\u011f\u0131da \u00fc\u00e7 yayg\u0131n bak\u0131m g\u00f6revi verilmi\u015ftir:<\/p>\n<ul>\n<li>D\u00fczenli Kontrol: Silindiri d\u00fczenli olarak s\u0131z\u0131nt\u0131, anormal sesler ve di\u011fer sorunlar a\u00e7\u0131s\u0131ndan kontrol edin.<\/li>\n<li>Ya\u011flama: Sorunsuz \u00e7al\u0131\u015fmay\u0131 s\u00fcrd\u00fcrmek i\u00e7in silindiri d\u00fczenli olarak ya\u011flay\u0131n.<\/li>\n<li>Conta De\u011fi\u015fimi ve Kalibrasyon Kontrol\u00fc: A\u015f\u0131nm\u0131\u015f contalar\u0131 de\u011fi\u015ftirin ve gerekti\u011finde kalibrasyonu kontrol edin.<\/li>\n<\/ul>\n<p>Do\u011fru montaj, ya\u011flama ve ayarlama \u00e7ok \u00f6nemlidir. Montaj s\u0131ras\u0131nda, silindirin hizalanmas\u0131 i\u00e7in uygun k\u0131lavuzluk sa\u011flanmal\u0131 ve silindiri sabitlemek i\u00e7in uygun montaj braketleri kullan\u0131lmal\u0131d\u0131r. \u00d6nerilen inceleme, onar\u0131m ve de\u011fi\u015ftirme prosed\u00fcrlerinin yan\u0131 s\u0131ra silindirin \u00f6mr\u00fcn\u00fc uzatmaya y\u00f6nelik ipu\u00e7lar\u0131 da verilmi\u015ftir.<\/p>\n<p><img decoding=\"async\" src=\"https:\/\/www.hydraulic-cylinders.net\/wp-content\/uploads\/2025\/01\/songte-chushion-collar.webp\"><\/p>\n<h2>G\u00fcvenlik Hususlar\u0131 ve \u00c7evresel Fakt\u00f6rler<\/h2>\n<p>Koval\u0131 silindirler kullan\u0131l\u0131rken, y\u00fcksek bas\u0131n\u00e7 veya di\u011fer fakt\u00f6rlerden kaynaklanan kazalar\u0131 \u00f6nlemek i\u00e7in g\u00fcvenlik \u00f6nlemleri \u015fartt\u0131r. S\u0131cakl\u0131k ve nem gibi \u00e7evresel fakt\u00f6rlerin silindirin performans\u0131n\u0131 olumsuz etkilememesi sa\u011flanmal\u0131d\u0131r.<\/p>\n<h2>Sorun Giderme ve Yayg\u0131n Sorunlar<\/h2>\n<p>A\u015fa\u011f\u0131da baz\u0131 yayg\u0131n sorunlar ve \u00e7\u00f6z\u00fcmleri yer almaktad\u0131r:<\/p>\n<ul>\n<li>Ya\u011f Ka\u00e7a\u011f\u0131: Hasarl\u0131 contalar\u0131 veya silindir y\u00fczeylerini kontrol edin.<\/li>\n<li>G\u00fcr\u00fclt\u00fcl\u00fc \u00c7al\u0131\u015fma: S\u0131v\u0131 kirlenmesi veya piston\/mil hasar\u0131 olup olmad\u0131\u011f\u0131n\u0131 kontrol edin.<\/li>\n<li>Yava\u015f \u00c7al\u0131\u015fma: Hasarl\u0131 contalar\u0131 veya d\u00fc\u015f\u00fck hidrolik bas\u0131nc\u0131 kontrol edin.<\/li>\n<\/ul>\n<p>Olas\u0131 sorunlar\u0131 en aza indirmek i\u00e7in \u00f6nleyici tedbirler al\u0131nmal\u0131d\u0131r.<\/p>\n<h2>\u015eirketimiz Hakk\u0131nda<\/h2>\n<p>Yedek hidrolik silindir \u00fcreticisi olarak, eksiksiz bir \u00fcr\u00fcn yelpazesine sahibiz ve hem yurt i\u00e7i hem de uluslararas\u0131 pazarlarda hidrolik silindirlerin \u00f6nde gelen \u00fcreticilerinden ve toptanc\u0131lar\u0131ndan biri haline geldik. M\u00fckemmel kalite ilkesini benimsiyor, geli\u015fmi\u015f \u00fcretim at\u00f6lyeleriyle end\u00fcstriyel \u00fcretim y\u00f6netim stratejilerine g\u00fcveniyor ve at\u00f6lyenin \u00fcretim platformunu s\u00fcrekli geli\u015ftirerek \u00fcr\u00fcn \u00fcretim kalitesini art\u0131r\u0131yor ve g\u00fc\u00e7l\u00fc bir yarat\u0131c\u0131l\u0131k yetene\u011fine sahibiz. Y\u00fcksek verimlilik, y\u00fcksek hassasiyet ve y\u00fcksek kalite ile m\u00fc\u015fterilerimizin \u00e7e\u015fitli ihtiya\u00e7lar\u0131n\u0131 kar\u015f\u0131l\u0131yoruz.<\/p>\n<p><img decoding=\"async\" src=\"https:\/\/hzpt.com\/wp-content\/uploads\/2024\/11\/songte-company-1.webp\"><\/p>\n<h3>Profesyonellik<\/h3>\n<p>Hidrolik silindir imalat\u0131nda zengin deneyime sahip profesyonel bir ekibimiz var.<\/p>\n<h3>Uluslararas\u0131 Sertifikasyon<\/h3>\n<p>\u00dcr\u00fcnlerimiz ISO9001, CE ve TUV gibi uluslararas\u0131 sertifikalar\u0131 alm\u0131\u015ft\u0131r.<\/p>\n<h3>\u00d6zelle\u015ftirme Hizmeti<\/h3>\n<p>We provide customized services to meet customers&#8217; specific needs.<\/p>\n<h3>\u00dcretim Ekipmanlar\u0131<\/h3>\n<p>\u00dcr\u00fcnlerimizin kalitesini sa\u011flamak i\u00e7in geli\u015fmi\u015f say\u0131sal kontrol ekipmanlar\u0131 ve test sistemleri kullan\u0131yoruz.<\/p>\n<h3>Sat\u0131\u015f Sonras\u0131 Hizmet<\/h3>\n<p>M\u00fc\u015fterilerimize bak\u0131m, onar\u0131m ve yedek par\u00e7a de\u011fi\u015fimi de dahil olmak \u00fczere kapsaml\u0131 sat\u0131\u015f sonras\u0131 hizmet sunuyoruz.<\/p>\n<p>Yazar: lyl<\/p>","protected":false},"excerpt":{"rendered":"<p>Bucket Cylinder For Volwa Small Excavator DLS818-9B Introduction Definition A bucket cylinder is a specially designed hydraulic cylinder used primarily for controlling the movement of buckets in heavy machinery such as excavators, backhoe loaders, and front-end loaders. Its main function is to enable the bucket to be lifted, lowered, and tilted, making it easy to [&hellip;]<\/p>","protected":false},"featured_media":14765,"comment_status":"open","ping_status":"closed","template":"","meta":{"_et_pb_use_builder":"","_et_pb_old_content":"","_et_gb_content_width":""},"product_brand":[],"product_cat":[1494],"product_tag":[1495,1496],"class_list":{"0":"post-15879","1":"product","2":"type-product","3":"status-publish","4":"has-post-thumbnail","6":"product_cat-bucket-cylinders","7":"product_tag-bucket-cylinders","8":"product_tag-hydraulic-cylinders","10":"first","11":"instock","12":"shipping-taxable","13":"product-type-simple"},"amp_enabled":true,"_links":{"self":[{"href":"https:\/\/www.hydraulic-cylinders.net\/tr\/wp-json\/wp\/v2\/product\/15879","targetHints":{"allow":["GET"]}}],"collection":[{"href":"https:\/\/www.hydraulic-cylinders.net\/tr\/wp-json\/wp\/v2\/product"}],"about":[{"href":"https:\/\/www.hydraulic-cylinders.net\/tr\/wp-json\/wp\/v2\/types\/product"}],"replies":[{"embeddable":true,"href":"https:\/\/www.hydraulic-cylinders.net\/tr\/wp-json\/wp\/v2\/comments?post=15879"}],"wp:featuredmedia":[{"embeddable":true,"href":"https:\/\/www.hydraulic-cylinders.net\/tr\/wp-json\/wp\/v2\/media\/14765"}],"wp:attachment":[{"href":"https:\/\/www.hydraulic-cylinders.net\/tr\/wp-json\/wp\/v2\/media?parent=15879"}],"wp:term":[{"taxonomy":"product_brand","embeddable":true,"href":"https:\/\/www.hydraulic-cylinders.net\/tr\/wp-json\/wp\/v2\/product_brand?post=15879"},{"taxonomy":"product_cat","embeddable":true,"href":"https:\/\/www.hydraulic-cylinders.net\/tr\/wp-json\/wp\/v2\/product_cat?post=15879"},{"taxonomy":"product_tag","embeddable":true,"href":"https:\/\/www.hydraulic-cylinders.net\/tr\/wp-json\/wp\/v2\/product_tag?post=15879"}],"curies":[{"name":"wp","href":"https:\/\/api.w.org\/{rel}","templated":true}]}}