{"id":15888,"date":"2025-01-19T15:07:28","date_gmt":"2025-01-19T15:07:28","guid":{"rendered":"https:\/\/www.hydraulic-cylinders.net\/product\/bucket-cylinder-for-volwa-middle-excavator-dls260\/"},"modified":"2025-01-19T15:07:30","modified_gmt":"2025-01-19T15:07:30","slug":"bucket-cylinder-for-volwa-middle-excavator-dls260","status":"publish","type":"product","link":"https:\/\/www.hydraulic-cylinders.net\/tr\/urun\/bucket-cylinder-for-volwa-middle-excavator-dls260\/","title":{"rendered":"Volwa Orta Ekskavat\u00f6r DLS260 i\u00e7in Kova Silindiri"},"content":{"rendered":"<h1>Volwa Orta Ekskavat\u00f6r DLS260 i\u00e7in Kova Silindiri<\/h1>\n<h2>girii\u015f<\/h2>\n<p>Kaz\u0131c\u0131 silindiri olarak da bilinen kova silindiri, ekskavat\u00f6rler, beko-loderler ve \u00f6n y\u00fckleyiciler gibi a\u011f\u0131r i\u015f makinelerinde kovan\u0131n hareketini kontrol etmek i\u00e7in kullan\u0131lan \u00f6zel olarak tasarlanm\u0131\u015f bir hidrolik silindirdir. Ana i\u015flevi, kovan\u0131n kald\u0131rma, indirme ve yat\u0131rma i\u015flemlerini ger\u00e7ekle\u015ftirerek \u00e7e\u015fitli malzeme ta\u015f\u0131ma g\u00f6revlerinin daha kolay yap\u0131lmas\u0131n\u0131 sa\u011flamakt\u0131r. Hidrolik sistemde kova silindiri, hidrolik ya\u011f bas\u0131nc\u0131n\u0131 de\u011fi\u015ftirerek kovan\u0131n hareketinin hassas bir \u015fekilde kontrol edilmesini sa\u011flar ve operat\u00f6rlerin karma\u015f\u0131k \u00e7al\u0131\u015fma ortamlar\u0131nda ve \u00e7e\u015fitli operasyonel gereksinimlerde a\u011f\u0131r y\u00fckleri verimli bir \u015fekilde ta\u015f\u0131malar\u0131na olanak tan\u0131r.<\/p>\n<p><img decoding=\"async\" src=\"https:\/\/www.hydraulic-cylinders.net\/wp-content\/uploads\/2025\/01\/songte-company-2.webp\"><\/p>\n<h2>\u00d6zellikler<\/h2>\n<ul>\n<li>Y\u00fcksek mukavemet ve dayan\u0131kl\u0131l\u0131k: Genellikle y\u00fcksek mukavemetli \u00e7elik veya al\u00fcminyumdan \u00fcretilen kova silindiri, y\u00fcksek bas\u0131nca ve a\u011f\u0131r y\u00fcklere dayanabilir, zorlu \u00e7al\u0131\u015fma ortamlar\u0131na uyum sa\u011flayabilir ve a\u015f\u0131nma direnci ve korozyon direnci dikkate al\u0131narak tasarlanm\u0131\u015ft\u0131r, b\u00f6ylece hizmet \u00f6mr\u00fc uzar.<\/li>\n<li>Verimli hidrolik \u00e7al\u0131\u015fma: Hidrolik ya\u011f\u0131n bas\u0131nc\u0131n\u0131 kullanarak d\u00fczg\u00fcn genle\u015fme ve b\u00fcz\u00fclme hareketi elde eder, kontrol komutlar\u0131na h\u0131zl\u0131 yan\u0131t verebilir, g\u00fc\u00e7l\u00fc itme ve \u00e7ekme kuvvetleri sa\u011flayabilir ve a\u011f\u0131r y\u00fckleri ve karma\u015f\u0131k \u00e7al\u0131\u015fma g\u00f6revlerini idare etmek i\u00e7in uygundur.<\/li>\n<li>\u00c7e\u015fitli tipler: Operasyonel ihtiya\u00e7lara g\u00f6re tek etkili (hidrolik sadece tek y\u00f6nde kullan\u0131l\u0131r) veya \u00e7ift etkili (hidrolik her iki y\u00f6nde kullan\u0131l\u0131r) silindirler se\u00e7ilebilir. Baz\u0131 modeller teleskopiktir ve d\u0131\u015f boyutlar\u0131 art\u0131rmadan daha fazla geni\u015flemeye olanak tan\u0131yarak, alan k\u0131s\u0131tlamas\u0131 olan uygulamalar i\u00e7in uygundur.<\/li>\n<li>Kurulumu ve bak\u0131m\u0131 kolayd\u0131r: \u00dcr\u00fcnlerimiz bu silindirlerin yerini m\u00fckemmel \u015fekilde alabilir ve ekipman\u0131n\u0131z\u0131n \u00f6mr\u00fcn\u00fc uzatmak i\u00e7in yedek par\u00e7a ve yeniden yap\u0131m hizmetleri sunuyoruz.<\/li>\n<\/ul>\n<p><img decoding=\"async\" src=\"https:\/\/www.hydraulic-cylinders.net\/wp-content\/uploads\/2025\/01\/songte-cylinder-head-with-all-kinds-excavator-models.webp\"><\/p>\n<h2>Uygulamalar<\/h2>\n<p>Kova silindirinin \u00e7ok \u00e7e\u015fitli uygulama alanlar\u0131 vard\u0131r, bunlar aras\u0131nda \u015funlar yer al\u0131r:<\/p>\n<ul>\n<li>\u0130n\u015faat ekipmanlar\u0131: Ekskavat\u00f6rlerde kaz\u0131, y\u00fckleme ve toprak veya moloz ta\u015f\u0131mada vazge\u00e7ilmezdirler. Beko-loderlerde ise kova silindiri hem kaz\u0131 hem de kald\u0131rma i\u015flemlerinde yard\u0131mc\u0131 olur. <\/li>\n<li>Tar\u0131m makineleri: \u00d6n y\u00fckleyicilerde toprak, saman ve di\u011fer malzemeleri toplamak, kald\u0131rmak ve ta\u015f\u0131mak i\u00e7in kullan\u0131l\u0131r. Ekskavat\u00f6rlerde ise kova silindiri, kep\u00e7enin topra\u011f\u0131 delerek kazma i\u015flemini ger\u00e7ekle\u015ftirmesini sa\u011flar. <\/li>\n<li>Y\u00fckleyici: \u00d6n y\u00fckleyicilerde, kald\u0131rma ve e\u011fme i\u015flemine yard\u0131mc\u0131 olurlar ve bu da onlar\u0131 y\u00fck bo\u015faltmada etkili k\u0131lar. <\/li>\n<\/ul>\n<h2>Tasar\u0131m Hususlar\u0131 ve Se\u00e7im Kriterleri<\/h2>\n<ul>\n<li>Ta\u015f\u0131ma kapasitesi: Kova silindirleri a\u011f\u0131r y\u00fcklere ve y\u00fcksek bas\u0131nca dayanacak \u015fekilde tasarlanm\u0131\u015ft\u0131r, bu nedenle ta\u015f\u0131ma kapasiteleri performanslar\u0131 i\u00e7in \u00f6nemlidir. <\/li>\n<li>S\u0131zd\u0131rmazl\u0131k performans\u0131: Hidrolik s\u0131v\u0131 s\u0131z\u0131nt\u0131s\u0131n\u0131 \u00f6nlemek ve hidrolik \u00e7al\u0131\u015fmas\u0131n\u0131n d\u00fczg\u00fcn olmas\u0131n\u0131 sa\u011flamak i\u00e7in silindirde piston ke\u00e7eleri, biyel ke\u00e7eleri ve silecek gibi \u00e7e\u015fitli s\u0131zd\u0131rmazl\u0131k elemanlar\u0131 kullan\u0131l\u0131r. <\/li>\n<li>Dayan\u0131kl\u0131l\u0131k: Kova silindirleri zorlu ortamlara ve a\u015f\u0131nd\u0131r\u0131c\u0131 malzemelere maruz kald\u0131\u011f\u0131ndan dayan\u0131kl\u0131 ve korozyona dayan\u0131kl\u0131 malzemelerden \u00fcretilmelidir. <\/li>\n<li>G\u00fcvenlik: Kova silindirlerinin g\u00fcvenli bir \u015fekilde \u00e7al\u0131\u015fmas\u0131n\u0131 sa\u011flamak i\u00e7in g\u00fcvenlik hususlar\u0131 \u00e7ok \u00f6nemlidir. Kazalar\u0131 \u00f6nlemek i\u00e7in silindirler emniyet valfleri ve di\u011fer emniyet cihazlar\u0131yla donat\u0131lmal\u0131d\u0131r. <\/li>\n<li>Bak\u0131m: Kova silindirlerinin uzun \u00f6m\u00fcrl\u00fc olmas\u0131 i\u00e7in d\u00fczenli bak\u0131m \u015fartt\u0131r. Bak\u0131m gereksinimleri aras\u0131nda d\u00fczenli kontroller, uygun ya\u011flama ve a\u015f\u0131nm\u0131\u015f veya hasarl\u0131 par\u00e7alar\u0131n de\u011fi\u015ftirilmesi yer al\u0131r.<\/li>\n<\/ul>\n<p><img decoding=\"async\" src=\"https:\/\/www.hydraulic-cylinders.net\/wp-content\/uploads\/2025\/01\/songte-oil-pipes-and-spare-parts.webp\"><\/p>\n<h2>S\u0131zd\u0131rmazl\u0131k ve Ya\u011flama<\/h2>\n<p>Kova silindirleri, hidrolik s\u0131v\u0131 s\u0131z\u0131nt\u0131s\u0131n\u0131 \u00f6nlemek i\u00e7in piston contalar\u0131 ve piston kolu contalar\u0131 gibi \u00e7e\u015fitli s\u0131zd\u0131rmazl\u0131k bile\u015fenleri kullan\u0131r. Contalar, poli\u00fcretan ve nitril kau\u00e7uk gibi a\u015f\u0131nmaya dayan\u0131kl\u0131 malzemelerden \u00fcretilmi\u015ftir. Silindir g\u00f6vdesi ve di\u015fli u\u00e7 y\u00fczeyi, a\u015f\u0131nma direncini art\u0131rmak i\u00e7in hassas bir \u015fekilde i\u015flenmi\u015ftir. Sorunsuz hidrolik \u00e7al\u0131\u015fma sa\u011flamak ve silindirin kullan\u0131m \u00f6mr\u00fcn\u00fc uzatmak i\u00e7in uygun hidrolik ya\u011f ile d\u00fczenli ya\u011flama gereklidir.<\/p>\n<h2>Bak\u0131m ve Onar\u0131m<\/h2>\n<p>Kova silindirlerinin uzun \u00f6m\u00fcrl\u00fc olmas\u0131 i\u00e7in d\u00fczenli bak\u0131m ve onar\u0131m \u015fartt\u0131r. Yayg\u0131n bak\u0131m g\u00f6revleri aras\u0131nda d\u00fczenli kontroller, uygun ya\u011flama ve a\u015f\u0131nm\u0131\u015f veya hasarl\u0131 par\u00e7alar\u0131n de\u011fi\u015ftirilmesi yer al\u0131r. Montaj s\u0131ras\u0131nda silindiri do\u011fru \u015fekilde hizalamak, silindiri sabitlemek i\u00e7in uygun montaj braketleri kullanmak ve \u00f6nerilen kontrol, onar\u0131m ve de\u011fi\u015ftirme prosed\u00fcrlerini izlemek \u00f6nemlidir.<\/p>\n<p><img decoding=\"async\" src=\"https:\/\/www.hydraulic-cylinders.net\/wp-content\/uploads\/2025\/01\/songte-chushion-collar.webp\"><\/p>\n<h2>G\u00fcvenlik ve \u00c7evresel Hususlar<\/h2>\n<p>Kova silindirleri g\u00fcvenlik \u00f6nlemleri g\u00f6z \u00f6n\u00fcnde bulundurularak tasarlanmal\u0131 ve monte edilmelidir. Kazalar\u0131 \u00f6nlemek i\u00e7in emniyet valfleri tak\u0131lmal\u0131d\u0131r. \u00c7evresel hasar\u0131 \u00f6nlemek i\u00e7in kullan\u0131lm\u0131\u015f par\u00e7alar\u0131n uygun \u015fekilde bertaraf edilmesi \u00f6nemlidir.<\/p>\n<h2>Yayg\u0131n Sorunlar ve Sorun Giderme<\/h2>\n<p>Kova silindirlerindeki yayg\u0131n sorunlar aras\u0131nda s\u0131z\u0131nt\u0131lar, conta hasarlar\u0131 ve hizalama hatalar\u0131 bulunur. Sorun giderme, silindir contalar\u0131n\u0131n incelenmesi, hizalaman\u0131n do\u011fru olup olmad\u0131\u011f\u0131n\u0131n kontrol edilmesi ve uygun ya\u011flaman\u0131n sa\u011flanmas\u0131yla yap\u0131labilir. D\u00fczenli bak\u0131m ve a\u015f\u0131nm\u0131\u015f veya hasarl\u0131 par\u00e7alar\u0131n de\u011fi\u015ftirilmesi olas\u0131 sorunlar\u0131 \u00f6nleyebilir.<\/p>\n<p><img decoding=\"async\" src=\"https:\/\/www.hydraulic-cylinders.net\/wp-content\/uploads\/2025\/01\/songte-bushings-with-all-kinds-of-excavator-models.webp\"><\/p>\n<h2>\u015eirketimiz Hakk\u0131nda<\/h2>\n<p>Eksiksiz bir \u00fcr\u00fcn yelpazesi sunan bir hidrolik silindir \u00fcreticisiyiz ve bu da bizi yurt i\u00e7i ve yurt d\u0131\u015f\u0131 pazarlarda lider hidrolik silindir \u00fcreticilerinden ve toptan da\u011f\u0131t\u0131c\u0131lar\u0131ndan biri haline getiriyor. M\u00fckemmel kalite ilkesine ba\u011fl\u0131 kal\u0131yor ve kaliteli \u00fcretim at\u00f6lyelerinin end\u00fcstriyel \u00fcretim y\u00f6netimi stratejisine g\u00fcveniyoruz. \u00dcretim platformumuzu ve \u00fcr\u00fcn kalitesi \u00fcretim hatt\u0131m\u0131z\u0131 s\u00fcrekli geli\u015ftiriyor ve m\u00fc\u015fterilerimizin \u00e7e\u015fitli ihtiya\u00e7lar\u0131n\u0131 kar\u015f\u0131layacak g\u00fc\u00e7l\u00fc bir yarat\u0131c\u0131l\u0131\u011fa sahibiz. Ayr\u0131ca profesyonel \u00f6zelle\u015ftirme hizmetleri de sunuyoruz ve \u00fcretim ekipmanlar\u0131m\u0131z ve test sistemlerimiz uluslararas\u0131 sertifika standartlar\u0131n\u0131 kar\u015f\u0131l\u0131yor. M\u00fc\u015fterilerimize zaman\u0131nda ve verimli teknik destek sa\u011flayan g\u00fc\u00e7l\u00fc bir sat\u0131\u015f sonras\u0131 hizmet ekibimiz var.<\/p>\n<p><img decoding=\"async\" src=\"https:\/\/hzpt.com\/wp-content\/uploads\/2024\/11\/songte-company-1.webp\"><\/p>\n<p>Yazar: lyl<\/p>","protected":false},"excerpt":{"rendered":"<p>Bucket Cylinder For Volwa Middle Excavator DLS260 Introduction The bucket cylinder, also known as the digger cylinder, is a specially designed hydraulic cylinder primarily used to control the movement of the bucket in heavy machinery such as excavators, backhoe loaders, and front-end loaders. Its main function is to enable the bucket to lift, lower, and [&hellip;]<\/p>","protected":false},"featured_media":14780,"comment_status":"open","ping_status":"closed","template":"","meta":{"_et_pb_use_builder":"","_et_pb_old_content":"","_et_gb_content_width":""},"product_brand":[],"product_cat":[1494],"product_tag":[1495,1496],"class_list":{"0":"post-15888","1":"product","2":"type-product","3":"status-publish","4":"has-post-thumbnail","6":"product_cat-bucket-cylinders","7":"product_tag-bucket-cylinders","8":"product_tag-hydraulic-cylinders","10":"first","11":"instock","12":"shipping-taxable","13":"product-type-simple"},"amp_enabled":true,"_links":{"self":[{"href":"https:\/\/www.hydraulic-cylinders.net\/tr\/wp-json\/wp\/v2\/product\/15888","targetHints":{"allow":["GET"]}}],"collection":[{"href":"https:\/\/www.hydraulic-cylinders.net\/tr\/wp-json\/wp\/v2\/product"}],"about":[{"href":"https:\/\/www.hydraulic-cylinders.net\/tr\/wp-json\/wp\/v2\/types\/product"}],"replies":[{"embeddable":true,"href":"https:\/\/www.hydraulic-cylinders.net\/tr\/wp-json\/wp\/v2\/comments?post=15888"}],"wp:featuredmedia":[{"embeddable":true,"href":"https:\/\/www.hydraulic-cylinders.net\/tr\/wp-json\/wp\/v2\/media\/14780"}],"wp:attachment":[{"href":"https:\/\/www.hydraulic-cylinders.net\/tr\/wp-json\/wp\/v2\/media?parent=15888"}],"wp:term":[{"taxonomy":"product_brand","embeddable":true,"href":"https:\/\/www.hydraulic-cylinders.net\/tr\/wp-json\/wp\/v2\/product_brand?post=15888"},{"taxonomy":"product_cat","embeddable":true,"href":"https:\/\/www.hydraulic-cylinders.net\/tr\/wp-json\/wp\/v2\/product_cat?post=15888"},{"taxonomy":"product_tag","embeddable":true,"href":"https:\/\/www.hydraulic-cylinders.net\/tr\/wp-json\/wp\/v2\/product_tag?post=15888"}],"curies":[{"name":"wp","href":"https:\/\/api.w.org\/{rel}","templated":true}]}}