{"id":15893,"date":"2025-01-19T15:07:50","date_gmt":"2025-01-19T15:07:50","guid":{"rendered":"https:\/\/www.hydraulic-cylinders.net\/product\/bucket-cylinder-for-volwa-large-excavator-dls360-8b\/"},"modified":"2025-01-19T15:07:52","modified_gmt":"2025-01-19T15:07:52","slug":"bucket-cylinder-for-volwa-large-excavator-dls360-8b","status":"publish","type":"product","link":"https:\/\/www.hydraulic-cylinders.net\/tr\/urun\/bucket-cylinder-for-volwa-large-excavator-dls360-8b\/","title":{"rendered":"Volwa DLS360-8B B\u00fcy\u00fck Ekskavat\u00f6r \u0130\u00e7in Kep\u00e7e Silindiri"},"content":{"rendered":"<h1>Volwa DLS360-8B B\u00fcy\u00fck Ekskavat\u00f6r \u0130\u00e7in Kep\u00e7e Silindiri<\/h1>\n<h2>girii\u015f<\/h2>\n<p>Volwa DLS360-8B b\u00fcy\u00fck ekskavat\u00f6r i\u00e7in \u00f6zel olarak tasarlanm\u0131\u015f kep\u00e7e silindiri, ekskavat\u00f6rler, kaz\u0131c\u0131 y\u00fckleyiciler ve \u00f6n y\u00fckleyiciler gibi a\u011f\u0131r makinelerde kep\u00e7enin hareketini kontrol etmek i\u00e7in kullan\u0131l\u0131r. Ana i\u015flevi, kep\u00e7enin kald\u0131r\u0131lmas\u0131n\u0131, indirilmesini ve e\u011filmesini sa\u011flayarak \u00e7e\u015fitli malzeme ta\u015f\u0131ma g\u00f6revlerini kolayla\u015ft\u0131rmakt\u0131r. Hidrolik sistemde, kep\u00e7e silindiri hidrolik ya\u011f\u0131n bas\u0131n\u00e7 de\u011fi\u015fimlerini kullanarak kep\u00e7enin hassas kontrol\u00fcn\u00fc sa\u011flar ve operat\u00f6rlerin a\u011f\u0131r y\u00fckleri verimli bir \u015fekilde ta\u015f\u0131mas\u0131na, karma\u015f\u0131k \u00e7al\u0131\u015fma ortamlar\u0131na ve \u00e7e\u015fitli i\u015f gereksinimlerine uyum sa\u011flamas\u0131na olanak tan\u0131r.<\/p>\n<p><img decoding=\"async\" src=\"https:\/\/www.hydraulic-cylinders.net\/wp-content\/uploads\/2025\/01\/songte-company-2.webp\" alt=\"Kova Silindiri G\u00f6r\u00fcnt\u00fcs\u00fc\"><\/p>\n<h2>\u00d6zellikler<\/h2>\n<ul>\n<li>Y\u00fcksek Mukavemet ve Dayan\u0131kl\u0131l\u0131k: Genellikle y\u00fcksek mukavemetli \u00e7elik veya al\u00fcminyumdan \u00fcretilir, y\u00fcksek bas\u0131nca ve a\u011f\u0131r y\u00fcklere dayanabilir, zorlu \u00e7al\u0131\u015fma ortamlar\u0131na uyum sa\u011flar ve kullan\u0131m \u00f6mr\u00fcn\u00fc uzatmak i\u00e7in a\u015f\u0131nma direnci ve korozyon direnci dikkate al\u0131narak tasarlanm\u0131\u015ft\u0131r.<\/li>\n<li>Verimli Hidrolik \u00c7al\u0131\u015fma: Hidrolik ya\u011f\u0131n bas\u0131nc\u0131n\u0131 kullanarak d\u00fczg\u00fcn uzatma ve geri \u00e7ekme hareketleri sa\u011flayan kep\u00e7e silindiri, kontrol komutlar\u0131na h\u0131zl\u0131 bir \u015fekilde yan\u0131t vererek g\u00fc\u00e7l\u00fc itme ve \u00e7ekme kuvvetleri sunar; bu da a\u011f\u0131r y\u00fcklerin ve karma\u015f\u0131k g\u00f6revlerin \u00fcstesinden gelmek i\u00e7in uygundur.<\/li>\n<li>\u00c7e\u015fitli Tipler: Farkl\u0131 \u00e7al\u0131\u015fma ihtiya\u00e7lar\u0131n\u0131 kar\u015f\u0131lamak \u00fczere tek etkili (hidrolik bas\u0131n\u00e7 yaln\u0131zca tek y\u00f6nde kullan\u0131l\u0131r) veya \u00e7ift etkili (hidrolik bas\u0131n\u00e7 her iki y\u00f6nde de kullan\u0131l\u0131r) silindirler halinde mevcuttur. Baz\u0131 modeller teleskopiktir ve d\u0131\u015f boyutlar\u0131 art\u0131rmadan daha fazla uzama imkan\u0131 sa\u011flar; bu da s\u0131n\u0131rl\u0131 alana sahip uygulamalar i\u00e7in uygundur.<\/li>\n<li>M\u00fckemmel De\u011fi\u015ftirme: \u00dcr\u00fcnlerimiz bu hidrolik silindirlerin yerini m\u00fckemmel \u015fekilde alabilir. <\/li>\n<\/ul>\n<p><img decoding=\"async\" src=\"https:\/\/www.hydraulic-cylinders.net\/wp-content\/uploads\/2025\/01\/songte-cylinder-head-with-all-kinds-excavator-models.webp\" alt=\"Hidrolik Silindir G\u00f6r\u00fcnt\u00fcs\u00fc\"><\/p>\n<h2>Uygulamalar<\/h2>\n<h3>\u0130n\u015faat Ekipmanlar\u0131:<\/h3>\n<p>Kaz\u0131c\u0131 makinelerde, toprak veya moloz kazma, y\u00fckleme ve ta\u015f\u0131ma i\u015flemlerinde vazge\u00e7ilmezdirler. Kaz\u0131c\u0131 y\u00fckleyicilerde ise kova silindiri hem kazma hem de kald\u0131rma i\u015flemlerine yard\u0131mc\u0131 olur. <\/p>\n<h3>Tar\u0131m Makinalar\u0131:<\/h3>\n<p>\u00d6n y\u00fckleyicilerde toprak, saman ve di\u011fer malzemelerin kep\u00e7elenmesi, kald\u0131r\u0131lmas\u0131 ve ta\u015f\u0131nmas\u0131 i\u00e7in kullan\u0131l\u0131r.<\/p>\n<h3>Ekskavat\u00f6rler:<\/h3>\n<p>Kova silindiri, kovan\u0131n topra\u011fa n\u00fcfuz etmesini sa\u011flayarak kazma i\u015flemini m\u00fcmk\u00fcn k\u0131lar.<\/p>\n<h3>Y\u00fckleyiciler:<\/h3>\n<p>\u00d6n y\u00fckleyicilerde, y\u00fck\u00fcn etkin bir \u015fekilde kald\u0131r\u0131lmas\u0131na ve bo\u015falt\u0131lmas\u0131na yard\u0131mc\u0131 olurlar.<\/p>\n<h2>Tasar\u0131m Hususlar\u0131 ve Se\u00e7im Kriterleri<\/h2>\n<ul>\n<li>Ta\u015f\u0131ma Kapasitesi: Kep\u00e7e silindirinin a\u011f\u0131r y\u00fckleri ta\u015f\u0131ma ve denge sa\u011flama kabiliyetini tart\u0131\u015f\u0131n.<\/li>\n<li>S\u0131zd\u0131rmazl\u0131k: Poli\u00fcretan ve nitril kau\u00e7uk gibi a\u015f\u0131nmaya dayan\u0131kl\u0131 malzemelerden yap\u0131lm\u0131\u015f piston contalar\u0131 ve mil contalar\u0131 gibi \u00e7e\u015fitli s\u0131zd\u0131rmazl\u0131k bile\u015fenlerinin kullan\u0131m\u0131n\u0131, a\u015f\u0131nma direncini art\u0131rmak i\u00e7in silindir g\u00f6vdesinin ve di\u015fli u\u00e7 y\u00fczeylerinin ince i\u015flenmesinin \u00f6nemini ve hidrolik ya\u011f ile d\u00fczenli ya\u011flaman\u0131n gereklili\u011fini inceleyin.<\/li>\n<li>Dayan\u0131kl\u0131l\u0131k: Uzun \u00f6m\u00fcrl\u00fcl\u00fck, a\u015f\u0131nmaya ve korozyona kar\u015f\u0131 diren\u00e7 a\u00e7\u0131s\u0131ndan tasar\u0131m hususlar\u0131n\u0131 tart\u0131\u015f\u0131n.<\/li>\n<li>G\u00fcvenlik: Kova silindirini kullan\u0131rken g\u00fcvenlik hususlar\u0131na ve g\u00fcvenlik \u00f6nlemlerine uyulmas\u0131n\u0131n \u00f6nemine de\u011finin.<\/li>\n<li>Bak\u0131m: Kep\u00e7e silindirinin optimum performans\u0131n\u0131 sa\u011flamak ve kullan\u0131m \u00f6mr\u00fcn\u00fc uzatmak i\u00e7in d\u00fczenli muayene ve \u00f6nleyici bak\u0131m \u00f6nlemlerini a\u00e7\u0131klay\u0131n.<\/li>\n<\/ul>\n<p><img decoding=\"async\" src=\"https:\/\/www.hydraulic-cylinders.net\/wp-content\/uploads\/2025\/01\/songte-oil-pipes-and-spare-parts.webp\" alt=\"Hidrolik Silindir Bile\u015fenleri G\u00f6rseli\"><\/p>\n<h2>G\u00fcvenlik ve \u00c7evresel Hususlar<\/h2>\n<p>Kova silindiri kullan\u0131l\u0131rken, kazalar\u0131 \u00f6nlemek ve g\u00fcvenli bir \u00e7al\u0131\u015fma ortam\u0131 sa\u011flamak i\u00e7in g\u00fcvenlik \u00f6nlemlerine uyulmas\u0131 \u00e7ok \u00f6nemlidir. Bu, uygun e\u011fitim almay\u0131, kullan\u0131m k\u0131lavuzlar\u0131na uymay\u0131 ve uygun koruyucu ekipman kullanmay\u0131 i\u00e7erir.<\/p>\n<h2>Sorun Giderme ve Yayg\u0131n Sorunlar<\/h2>\n<p>Kova silindirinde kullan\u0131c\u0131lar\u0131n kar\u015f\u0131la\u015fabilece\u011fi olas\u0131 ar\u0131zalar\u0131 ve yayg\u0131n sorunlar\u0131 tart\u0131\u015f\u0131n. Bu sorunlar\u0131n te\u015fhis ve \u00e7\u00f6z\u00fcm\u00fc i\u00e7in ipu\u00e7lar\u0131 ve \u00e7\u00f6z\u00fcmlerin yan\u0131 s\u0131ra potansiyel sorunlar\u0131 en aza indirmek i\u00e7in \u00f6nleyici tedbirler sunun.<\/p>\n<p><img decoding=\"async\" src=\"https:\/\/www.hydraulic-cylinders.net\/wp-content\/uploads\/2025\/01\/songte-bushings-with-all-kinds-of-excavator-models.webp\" alt=\"Hidrolik Silindir Bur\u00e7lar\u0131 G\u00f6rseli\"><\/p>\n<h2>Bak\u0131m G\u00f6revleri<\/h2>\n<p>\u00dc\u00e7 yayg\u0131n bak\u0131m g\u00f6revini vurgulay\u0131n: d\u00fczenli kontroller, uygun ya\u011flama ve conta de\u011fi\u015fimi ile kalibrasyon kontrolleri. Kep\u00e7e silindirinin \u00f6mr\u00fcn\u00fc uzatmada do\u011fru montaj, ya\u011flama ve ayarlaman\u0131n \u00f6nemini vurgulay\u0131n. Montaj s\u0131ras\u0131nda silindirin do\u011fru \u015fekilde hizalanmas\u0131 konusunda rehberlik sa\u011flay\u0131n ve silindiri sabitlemek i\u00e7in uygun montaj braketlerinin kullan\u0131lmas\u0131n\u0131 \u00f6nerin. Kontrol, onar\u0131m ve de\u011fi\u015ftirme prosed\u00fcrlerini \u00f6nerin ve kep\u00e7e silindirinin \u00f6mr\u00fcn\u00fc uzatmak i\u00e7in ipu\u00e7lar\u0131 sunun.<\/p>\n<p><img decoding=\"async\" src=\"https:\/\/www.hydraulic-cylinders.net\/wp-content\/uploads\/2025\/01\/songte-chushion-collar.webp\" alt=\"Hidrolik Silindir Montaj G\u00f6rseli\"><\/p>\n<h2>\u015eirketimiz Hakk\u0131nda<\/h2>\n<p>Biz, hidrolik silindir yedek par\u00e7alar\u0131n\u0131n \u00fcretiminde uzmanla\u015fm\u0131\u015f bir \u00fcreticiyiz. Geni\u015f \u00fcr\u00fcn yelpazemizle, hem yurt i\u00e7i hem de uluslararas\u0131 pazarlarda hidrolik silindirlerin \u00f6nde gelen \u00fcreticilerinden ve toptanc\u0131lar\u0131ndan biri haline geldik. M\u00fckemmel kalite ilkesine ba\u011fl\u0131 kalarak, ince i\u015f\u00e7ilik gerektiren at\u00f6lyelerin end\u00fcstriyel \u00fcretim y\u00f6netim stratejisine g\u00fcveniyoruz. Teknik yeteneklerimizi, dijitalle\u015ftirilmi\u015f y\u00fcksek teknoloji \u00fcr\u00fcn\u00fc \u00fcretim ekipmanlar\u0131m\u0131z\u0131 ve profesyonel test sistemlerimizi kullanarak, at\u00f6lyelerimizin \u00fcretim platformunu s\u00fcrekli geli\u015ftiriyor, \u00fcr\u00fcn kalitesinin \u00fcretim yolunu m\u00fckemmelle\u015ftiriyor ve y\u00fcksek verimlilik, y\u00fcksek hassasiyet ve y\u00fcksek kalite ilkeleriyle \u00e7e\u015fitli m\u00fc\u015fteri ihtiya\u00e7lar\u0131n\u0131 kar\u015f\u0131lamak i\u00e7in g\u00fc\u00e7l\u00fc bir yarat\u0131c\u0131l\u0131k yetene\u011fine sahibiz.<\/p>\n<p>Ayr\u0131ca, profesyonellik, uluslararas\u0131 sertifikalar, \u00f6zelle\u015ftirilmi\u015f hizmetler, geli\u015fmi\u015f \u00fcretim ekipmanlar\u0131 ve sat\u0131\u015f sonras\u0131 hizmetler sunuyoruz. <\/p>\n<p><img decoding=\"async\" src=\"https:\/\/www.hydraulic-cylinders.net\/wp-content\/uploads\/2025\/01\/songte-company-3.webp\" alt=\"\u015eirket \u0130maj\u0131\"><\/p>\n<p>Yazar: lyl<\/p>","protected":false},"excerpt":{"rendered":"<p>Bucket Cylinder For Volwa Large Excavator DLS360-8B Introduction The bucket cylinder for Volwa large excavator DLS360-8B is a specially designed hydraulic cylinder used to control the movement of the bucket in heavy machinery such as excavators, backhoe loaders, and front loaders. Its main function is to enable the bucket to lift, lower, and tilt, making [&hellip;]<\/p>","protected":false},"featured_media":14769,"comment_status":"open","ping_status":"closed","template":"","meta":{"_et_pb_use_builder":"","_et_pb_old_content":"","_et_gb_content_width":""},"product_brand":[],"product_cat":[1494],"product_tag":[1495,1496],"class_list":{"0":"post-15893","1":"product","2":"type-product","3":"status-publish","4":"has-post-thumbnail","6":"product_cat-bucket-cylinders","7":"product_tag-bucket-cylinders","8":"product_tag-hydraulic-cylinders","10":"first","11":"instock","12":"shipping-taxable","13":"product-type-simple"},"amp_enabled":true,"_links":{"self":[{"href":"https:\/\/www.hydraulic-cylinders.net\/tr\/wp-json\/wp\/v2\/product\/15893","targetHints":{"allow":["GET"]}}],"collection":[{"href":"https:\/\/www.hydraulic-cylinders.net\/tr\/wp-json\/wp\/v2\/product"}],"about":[{"href":"https:\/\/www.hydraulic-cylinders.net\/tr\/wp-json\/wp\/v2\/types\/product"}],"replies":[{"embeddable":true,"href":"https:\/\/www.hydraulic-cylinders.net\/tr\/wp-json\/wp\/v2\/comments?post=15893"}],"wp:featuredmedia":[{"embeddable":true,"href":"https:\/\/www.hydraulic-cylinders.net\/tr\/wp-json\/wp\/v2\/media\/14769"}],"wp:attachment":[{"href":"https:\/\/www.hydraulic-cylinders.net\/tr\/wp-json\/wp\/v2\/media?parent=15893"}],"wp:term":[{"taxonomy":"product_brand","embeddable":true,"href":"https:\/\/www.hydraulic-cylinders.net\/tr\/wp-json\/wp\/v2\/product_brand?post=15893"},{"taxonomy":"product_cat","embeddable":true,"href":"https:\/\/www.hydraulic-cylinders.net\/tr\/wp-json\/wp\/v2\/product_cat?post=15893"},{"taxonomy":"product_tag","embeddable":true,"href":"https:\/\/www.hydraulic-cylinders.net\/tr\/wp-json\/wp\/v2\/product_tag?post=15893"}],"curies":[{"name":"wp","href":"https:\/\/api.w.org\/{rel}","templated":true}]}}