{"id":15895,"date":"2025-01-19T15:08:00","date_gmt":"2025-01-19T15:08:00","guid":{"rendered":"https:\/\/www.hydraulic-cylinders.net\/product\/bucket-cylinder-for-volwa-wheel-excavator-dls865-9a\/"},"modified":"2025-01-19T15:08:06","modified_gmt":"2025-01-19T15:08:06","slug":"bucket-cylinder-for-volwa-wheel-excavator-dls865-9a","status":"publish","type":"product","link":"https:\/\/www.hydraulic-cylinders.net\/tr\/urun\/bucket-cylinder-for-volwa-wheel-excavator-dls865-9a\/","title":{"rendered":"Volwa Tekerlekli Ekskavat\u00f6r DLS865-9A i\u00e7in Kova Silindiri"},"content":{"rendered":"<p><!DOCTYPE html><br \/>\n<html><br \/>\n<head><br \/>\n<title>Volwa Tekerlekli Ekskavat\u00f6r DLS865-9A i\u00e7in Kova Silindiri<\/title><br \/>\n<\/head><br \/>\n<body><\/p>\n<h1>Volwa Tekerlekli Ekskavat\u00f6r DLS865-9A i\u00e7in Kova Silindiri<\/h1>\n<h2>girii\u015f<\/h2>\n<p>Kova silindiri, ekskavat\u00f6rler, beko-loderler ve lastikli y\u00fckleyiciler gibi a\u011f\u0131r i\u015f makinelerinde kovan\u0131n hareketini kontrol etmek i\u00e7in kullan\u0131lan \u00f6zel olarak tasarlanm\u0131\u015f bir hidrolik silindirdir. Ana i\u015flevi, kovan\u0131n kald\u0131r\u0131lmas\u0131n\u0131, indirilmesini ve e\u011filmesini sa\u011flayarak \u00e7e\u015fitli malzeme ta\u015f\u0131ma g\u00f6revlerini kolayla\u015ft\u0131rmakt\u0131r. Hidrolik sistemde kova silindiri, hidrolik ya\u011f\u0131n bas\u0131n\u00e7 de\u011fi\u015fimlerinden yararlanarak kovan\u0131n hassas kontrol\u00fcn\u00fc sa\u011flar ve operat\u00f6rlerin a\u011f\u0131r y\u00fckleri verimli bir \u015fekilde ta\u015f\u0131mas\u0131na, karma\u015f\u0131k \u00e7al\u0131\u015fma ortamlar\u0131na ve \u00e7e\u015fitli operasyonel ihtiya\u00e7lara uyum sa\u011flamas\u0131na olanak tan\u0131r.<\/p>\n<p><img decoding=\"async\" src=\"https:\/\/www.hydraulic-cylinders.net\/wp-content\/uploads\/2025\/01\/songte-company-2.webp\" alt=\"Kova Silindiri G\u00f6r\u00fcnt\u00fcs\u00fc\"><\/p>\n<h2>\u00d6zellikler<\/h2>\n<ul>\n<li>Y\u00fcksek Mukavemet ve Dayan\u0131kl\u0131l\u0131k: Genellikle y\u00fcksek mukavemetli \u00e7elik veya al\u00fcminyumdan \u00fcretilen kova silindiri, y\u00fcksek bas\u0131nca ve a\u011f\u0131r y\u00fcklere dayanabilir ve zorlu \u00e7al\u0131\u015fma ortamlar\u0131na uyum sa\u011flar. Tasar\u0131m\u0131nda, kullan\u0131m \u00f6mr\u00fcn\u00fc uzatmak i\u00e7in a\u015f\u0131nma ve korozyon direnci g\u00f6z \u00f6n\u00fcnde bulundurulmu\u015ftur.<\/li>\n<li>Verimli Hidrolik \u00c7al\u0131\u015fma: Hidrolik ya\u011f\u0131n bas\u0131nc\u0131ndan yararlanan kova silindiri, yumu\u015fak ve duyarl\u0131 uzatma ve geri \u00e7ekme hareketlerine olanak tan\u0131r ve a\u011f\u0131r y\u00fckleri ve karma\u015f\u0131k operasyonel g\u00f6revleri ta\u015f\u0131maya uygun g\u00fc\u00e7l\u00fc itme ve \u00e7ekme kuvvetleri sa\u011flar.<\/li>\n<li>\u00c7e\u015fitli Tipler: Kova silindirleri, operasyonel gereksinimlere g\u00f6re tek etkili (tek y\u00f6nde hidrolik kullan\u0131lan) veya \u00e7ift etkili (her iki y\u00f6nde hidrolik kullan\u0131lan) silindirler olarak se\u00e7ilebilir. Baz\u0131 modeller teleskopiktir ve d\u0131\u015f boyutlar\u0131 art\u0131rmadan daha fazla geni\u015flemeye olanak tan\u0131r, bu da onlar\u0131 s\u0131n\u0131rl\u0131 alana sahip uygulamalar i\u00e7in uygun hale getirir.<\/li>\n<\/ul>\n<p><img decoding=\"async\" src=\"https:\/\/www.hydraulic-cylinders.net\/wp-content\/uploads\/2025\/01\/songte-cylinder-head-with-all-kinds-excavator-models.webp\" alt=\"Kova Silindiri Uygulama G\u00f6rseli\"><\/p>\n<h2>Uygulamalar<\/h2>\n<ul>\n<li>\u0130n\u015faat Ekipmanlar\u0131: Ekskavat\u00f6rlerde bulunan bu ekipmanlar, toprak veya moloz kazma, y\u00fckleme ve ta\u015f\u0131ma i\u00e7in gereklidir. Beko-Loderlerde ise kova silindiri hem kazma hem de kald\u0131rma i\u015flemlerine yard\u0131mc\u0131 olur.<\/li>\n<li>Tar\u0131m Makinalar\u0131: \u00d6n y\u00fckleyicilerde toprak, saman ve di\u011fer malzemeleri kep\u00e7elemek, kald\u0131rmak ve ta\u015f\u0131mak i\u00e7in kullan\u0131l\u0131r.<\/li>\n<li>Ekskavat\u00f6rler: Kova silindiri, kovan\u0131n topra\u011fa n\u00fcfuz etmesini sa\u011flayarak kazma i\u015flemini ger\u00e7ekle\u015ftirir.<\/li>\n<li>Tekerlekli Y\u00fckleyiciler: \u00d6n y\u00fckleyiciler, mallar\u0131n etkili bir \u015fekilde kald\u0131r\u0131lmas\u0131na ve bo\u015falt\u0131lmas\u0131na yard\u0131mc\u0131 olurlar.<\/li>\n<\/ul>\n<h2>Tasar\u0131m Hususlar\u0131 ve Se\u00e7im Kriterleri<\/h2>\n<p>Kova silindirleri tasarlan\u0131rken y\u00fck ta\u015f\u0131ma kapasitesi, s\u0131zd\u0131rmazl\u0131k, dayan\u0131kl\u0131l\u0131k, g\u00fcvenlik ve bak\u0131m kolayl\u0131\u011f\u0131 gibi \u00e7e\u015fitli fakt\u00f6rlerin g\u00f6z \u00f6n\u00fcnde bulundurulmas\u0131 gerekir.<\/p>\n<p><img decoding=\"async\" src=\"https:\/\/www.hydraulic-cylinders.net\/wp-content\/uploads\/2025\/01\/songte-oil-pipes-and-spare-parts.webp\" alt=\"Kova Silindir Tasar\u0131m G\u00f6rseli\"><\/p>\n<h2>S\u0131zd\u0131rmazl\u0131k ve Ya\u011flama<\/h2>\n<p>Kova silindiri, poli\u00fcretan ve nitril kau\u00e7uk gibi a\u015f\u0131nmaya dayan\u0131kl\u0131 malzemelerden yap\u0131lm\u0131\u015f piston contalar\u0131 ve piston kolu contalar\u0131 gibi \u00e7e\u015fitli s\u0131zd\u0131rmazl\u0131k bile\u015fenleri kullan\u0131r. Silindir g\u00f6vdesi ve di\u015fli u\u00e7lar\u0131, a\u015f\u0131nma direncini art\u0131rmak i\u00e7in hassas bir i\u015flemden ge\u00e7irilir. Optimum performans sa\u011flamak i\u00e7in uygun hidrolik ya\u011f ile d\u00fczenli ya\u011flama gereklidir.<\/p>\n<h2>Muayene ve \u00d6nleyici Bak\u0131m<\/h2>\n<ul>\n<li>Kova silindirinde s\u0131z\u0131nt\u0131, hasar veya a\u015f\u0131nma olup olmad\u0131\u011f\u0131n\u0131 d\u00fczenli olarak kontrol edin.<\/li>\n<li>Silindirin uygun \u015fekilde ya\u011flanmas\u0131n\u0131 sa\u011flay\u0131n ve gerekti\u011finde contalar\u0131 de\u011fi\u015ftirin.<\/li>\n<li>Do\u011fru \u00e7al\u0131\u015fmay\u0131 s\u00fcrd\u00fcrmek i\u00e7in kalibrasyon kontrollerini ger\u00e7ekle\u015ftirin.<\/li>\n<\/ul>\n<p><img decoding=\"async\" src=\"https:\/\/www.hydraulic-cylinders.net\/wp-content\/uploads\/2025\/01\/songte-chushion-collar.webp\" alt=\"Kova Silindiri Bak\u0131m G\u00f6rseli\"><\/p>\n<h2>G\u00fcvenlik Hususlar\u0131 ve \u00c7evresel Fakt\u00f6rler<\/h2>\n<p>Kova silindiri kullan\u0131l\u0131rken g\u00fcvenlik \u00f6nlemlerinin al\u0131nmas\u0131 son derece \u00f6nemlidir. \u00c7al\u0131\u015fma ko\u015fullar\u0131 ve potansiyel tehlikeler gibi \u00e7evresel fakt\u00f6rler dikkatlice de\u011ferlendirilmeli ve ele al\u0131nmal\u0131d\u0131r.<\/p>\n<h2>Sorun Giderme ve Yayg\u0131n Sorunlar<\/h2>\n<p>Kova silindiriyle ilgili sorunlarla kar\u015f\u0131la\u015ft\u0131\u011f\u0131n\u0131zda, sorunu do\u011fru bir \u015fekilde te\u015fhis etmek \u00f6nemlidir. Okuyucular\u0131n sorunlar\u0131 etkili bir \u015fekilde gidermelerine ve \u00e7\u00f6zmelerine yard\u0131mc\u0131 olacak ipu\u00e7lar\u0131 ve \u00e7\u00f6z\u00fcmler sunun. Olas\u0131 sorunlar\u0131 en aza indirmek i\u00e7in \u00f6nleyici tedbirleri vurgulay\u0131n.<\/p>\n<p><img decoding=\"async\" src=\"https:\/\/www.hydraulic-cylinders.net\/wp-content\/uploads\/2025\/01\/songte-bushings-with-all-kinds-of-excavator-models.webp\" alt=\"Kova Silindiri Sorun Giderme G\u00f6r\u00fcnt\u00fcs\u00fc\"><\/p>\n<h2>\u015eirketimiz Hakk\u0131nda<\/h2>\n<p>Geni\u015f bir \u00fcr\u00fcn yelpazesi sunan bir yedek hidrolik silindir \u00fcreticisiyiz. Yurt i\u00e7i ve yurt d\u0131\u015f\u0131 pazarlarda lider hidrolik silindir \u00fcreticilerinden ve toptan da\u011f\u0131t\u0131c\u0131lar\u0131ndan biri haline geldik. M\u00fckemmel kaliteye odaklanarak, hassas \u00fcretim at\u00f6lyemizde end\u00fcstriyel \u00fcretim y\u00f6netimi stratejilerine g\u00fcveniyoruz. Teknolojik yetenekler, geli\u015fmi\u015f dijital \u00fcretim ekipmanlar\u0131 ve profesyonel test sistemleri kullanarak \u00fcretim platformumuzu s\u00fcrekli geli\u015ftiriyoruz. G\u00fc\u00e7l\u00fc yarat\u0131c\u0131 yeteneklerimiz, m\u00fc\u015fterilerimizin \u00e7e\u015fitli ihtiya\u00e7lar\u0131n\u0131 y\u00fcksek verimlilik, hassasiyet ve kaliteyle kar\u015f\u0131lamam\u0131z\u0131 sa\u011fl\u0131yor.<\/p>\n<p><img decoding=\"async\" src=\"https:\/\/www.hydraulic-cylinders.net\/wp-content\/uploads\/2025\/01\/songte-company-3.webp\" alt=\"\u015eirket \u0130maj\u0131\"><\/p>\n<p>Ayr\u0131ca profesyonelli\u011fimiz, uluslararas\u0131 sertifikasyonlar\u0131m\u0131z, \u00f6zelle\u015ftirilmi\u015f hizmetlerimiz, \u00fcretim ekipmanlar\u0131m\u0131z ve sat\u0131\u015f sonras\u0131 hizmetlerimizle gurur duyuyoruz.<\/p>\n<h4>Yazar: lyl<\/h4>\n<p><\/body><br \/>\n<\/html><\/p>","protected":false},"excerpt":{"rendered":"<p>Bucket Cylinder For Volwa Wheel Excavator DLS865-9A Bucket Cylinder For Volwa Wheel Excavator DLS865-9A Introduction The bucket cylinder is a specially designed hydraulic cylinder used to control the movement of the bucket in heavy machinery such as excavators, backhoe loaders, and wheel loaders. Its main function is to enable the lifting, lowering, and tilting of [&hellip;]<\/p>","protected":false},"featured_media":14762,"comment_status":"open","ping_status":"closed","template":"","meta":{"_et_pb_use_builder":"","_et_pb_old_content":"","_et_gb_content_width":""},"product_brand":[],"product_cat":[1494],"product_tag":[1495,1496],"class_list":{"0":"post-15895","1":"product","2":"type-product","3":"status-publish","4":"has-post-thumbnail","6":"product_cat-bucket-cylinders","7":"product_tag-bucket-cylinders","8":"product_tag-hydraulic-cylinders","10":"first","11":"instock","12":"shipping-taxable","13":"product-type-simple"},"amp_enabled":true,"_links":{"self":[{"href":"https:\/\/www.hydraulic-cylinders.net\/tr\/wp-json\/wp\/v2\/product\/15895","targetHints":{"allow":["GET"]}}],"collection":[{"href":"https:\/\/www.hydraulic-cylinders.net\/tr\/wp-json\/wp\/v2\/product"}],"about":[{"href":"https:\/\/www.hydraulic-cylinders.net\/tr\/wp-json\/wp\/v2\/types\/product"}],"replies":[{"embeddable":true,"href":"https:\/\/www.hydraulic-cylinders.net\/tr\/wp-json\/wp\/v2\/comments?post=15895"}],"wp:featuredmedia":[{"embeddable":true,"href":"https:\/\/www.hydraulic-cylinders.net\/tr\/wp-json\/wp\/v2\/media\/14762"}],"wp:attachment":[{"href":"https:\/\/www.hydraulic-cylinders.net\/tr\/wp-json\/wp\/v2\/media?parent=15895"}],"wp:term":[{"taxonomy":"product_brand","embeddable":true,"href":"https:\/\/www.hydraulic-cylinders.net\/tr\/wp-json\/wp\/v2\/product_brand?post=15895"},{"taxonomy":"product_cat","embeddable":true,"href":"https:\/\/www.hydraulic-cylinders.net\/tr\/wp-json\/wp\/v2\/product_cat?post=15895"},{"taxonomy":"product_tag","embeddable":true,"href":"https:\/\/www.hydraulic-cylinders.net\/tr\/wp-json\/wp\/v2\/product_tag?post=15895"}],"curies":[{"name":"wp","href":"https:\/\/api.w.org\/{rel}","templated":true}]}}