{"id":15903,"date":"2025-01-19T15:08:36","date_gmt":"2025-01-19T15:08:36","guid":{"rendered":"https:\/\/www.hydraulic-cylinders.net\/product\/bucket-cylinder-for-volwa-cane-unloader-dls118-9a\/"},"modified":"2025-01-19T15:08:38","modified_gmt":"2025-01-19T15:08:38","slug":"bucket-cylinder-for-volwa-cane-unloader-dls118-9a","status":"publish","type":"product","link":"https:\/\/www.hydraulic-cylinders.net\/tr\/urun\/bucket-cylinder-for-volwa-cane-unloader-dls118-9a\/","title":{"rendered":"Volwa Kam\u0131\u015f Bo\u015falt\u0131c\u0131s\u0131 i\u00e7in Kova Silindiri DLS118-9A"},"content":{"rendered":"<h1>Volwa Kam\u0131\u015f Bo\u015falt\u0131c\u0131s\u0131 i\u00e7in Kova Silindiri DLS118-9A<\/h1>\n<h2>girii\u015f<\/h2>\n<p>Volwa DLS118-9A kam\u0131\u015f bo\u015falt\u0131c\u0131 i\u00e7in kova silindiri, ekskavat\u00f6rler, kep\u00e7eli ekskavat\u00f6rler ve \u00f6n y\u00fckleyiciler gibi a\u011f\u0131r makinelerdeki kep\u00e7elerin hareketini kontrol etmek i\u00e7in tasarlanm\u0131\u015f \u00f6zel bir hidrolik silindir t\u00fcr\u00fcd\u00fcr. Ana i\u015flevi, kep\u00e7enin kald\u0131rma, indirme ve yat\u0131rma i\u015flemlerini ger\u00e7ekle\u015ftirerek \u00e7e\u015fitli malzeme ta\u015f\u0131ma g\u00f6revlerinin kolayca ger\u00e7ekle\u015ftirilmesini sa\u011flamakt\u0131r. Hidrolik sistemde, kova silindiri, hidrolik ya\u011f\u0131n bas\u0131n\u00e7 de\u011fi\u015fimiyle kep\u00e7enin hassas kontrol\u00fcn\u00fc sa\u011flayarak operat\u00f6rlerin a\u011f\u0131r y\u00fckleri verimli bir \u015fekilde ta\u015f\u0131mas\u0131n\u0131 ve karma\u015f\u0131k \u00e7al\u0131\u015fma ortamlar\u0131na ve \u00e7e\u015fitli operasyonel gereksinimlere uyum sa\u011flamas\u0131n\u0131 m\u00fcmk\u00fcn k\u0131lar.<\/p>\n<p><img decoding=\"async\" src=\"https:\/\/www.hydraulic-cylinders.net\/wp-content\/uploads\/2025\/01\/songte-company-2.webp\" alt=\"Kova Silindiri\" \/><\/p>\n<h2>\u00d6zellikler<\/h2>\n<ul>\n<li>Y\u00fcksek Mukavemet ve Dayan\u0131kl\u0131l\u0131k: Genellikle y\u00fcksek mukavemetli \u00e7elik veya al\u00fcminyumdan \u00fcretilir, y\u00fcksek bas\u0131n\u00e7 ve a\u011f\u0131r y\u00fcklere dayan\u0131kl\u0131d\u0131r, zorlu \u00e7al\u0131\u015fma ortamlar\u0131na uyum sa\u011flar ve hizmet \u00f6mr\u00fcn\u00fc uzatmak i\u00e7in a\u015f\u0131nma ve korozyon direnci d\u00fc\u015f\u00fcn\u00fclerek tasarlanm\u0131\u015ft\u0131r.<\/li>\n<li>Verimli Hidrolik \u00c7al\u0131\u015fma: Hidrolik ya\u011f\u0131n bas\u0131nc\u0131n\u0131 kullanarak d\u00fczg\u00fcn uzatma ve geri \u00e7ekme sa\u011flar, kontrol komutlar\u0131na h\u0131zl\u0131 yan\u0131t verir, g\u00fc\u00e7l\u00fc itme ve \u00e7ekme kuvveti sa\u011flar, a\u011f\u0131r y\u00fckleri ve karma\u015f\u0131k operasyonel g\u00f6revleri ta\u015f\u0131maya uygundur.<\/li>\n<li>\u00c7e\u015fitli Tipler: Farkl\u0131 operasyonel ihtiya\u00e7lar\u0131 kar\u015f\u0131lamak i\u00e7in, tek etkili (sadece tek y\u00f6nde hidrolik kullanan) veya \u00e7ift etkili (her iki y\u00f6nde hidrolik kullanan) silindirler se\u00e7ilebilir. Baz\u0131 modeller teleskopiktir ve d\u0131\u015f boyutlar\u0131 art\u0131rmadan daha fazla uzatma sa\u011flar, s\u0131n\u0131rl\u0131 alana sahip uygulamalar i\u00e7in uygundur.<\/li>\n<li>Kolay De\u011fi\u015fim: \u00dcr\u00fcn\u00fcm\u00fcz bu hidrolik silindirlerin yerini m\u00fckemmel \u015fekilde alabilir.<\/li>\n<\/ul>\n<p><img decoding=\"async\" src=\"https:\/\/www.hydraulic-cylinders.net\/wp-content\/uploads\/2025\/01\/songte-cylinder-head-with-all-kinds-excavator-models.webp\" alt=\"Kova Silindiri De\u011fi\u015fimi\" \/><\/p>\n<h2>Uygulamalar<\/h2>\n<p>Volwa kam\u0131\u015f bo\u015falt\u0131c\u0131 DLS118-9A i\u00e7in kova silindiri, a\u015fa\u011f\u0131dakiler de dahil olmak \u00fczere \u00e7ok \u00e7e\u015fitli uygulamalara sahiptir:<\/p>\n<ul>\n<li>\u0130n\u015faat Ekipmanlar\u0131: Ekskavat\u00f6rlerde, toprak veya moloz kazma, y\u00fckleme ve ta\u015f\u0131ma i\u00e7in olmazsa olmazd\u0131rlar. Beko ekskavat\u00f6rlerde, kep\u00e7e silindirleri hem kazma hem de kald\u0131rma i\u015flemlerinde yard\u0131mc\u0131 olur. \u00d6n y\u00fckleyicilerde ise, y\u00fcklerin verimli bir \u015fekilde y\u00fcklenmesi ve bo\u015falt\u0131lmas\u0131 i\u00e7in kald\u0131rma ve e\u011fme i\u015flemlerine yard\u0131mc\u0131 olurlar.<\/li>\n<li>Tar\u0131m Makineleri: \u00d6n y\u00fckleyicilerde toprak, saman ve di\u011fer malzemeleri toplamak, kald\u0131rmak ve ta\u015f\u0131mak i\u00e7in kullan\u0131l\u0131r. Ekskavat\u00f6rlerde ise kep\u00e7e silindiri, k\u00fcre\u011fin topra\u011fa n\u00fcfuz etmesini sa\u011flayarak kaz\u0131 i\u015flemini ger\u00e7ekle\u015ftirir. <\/li>\n<\/ul>\n<h2>Tasar\u0131m Hususlar\u0131 ve Se\u00e7im Kriterleri<\/h2>\n<p>Kova silindirleri tasarlan\u0131rken, y\u00fck kapasitesi, s\u0131zd\u0131rmazl\u0131k, dayan\u0131kl\u0131l\u0131k, g\u00fcvenlik ve bak\u0131m kolayl\u0131\u011f\u0131 gibi temel hususlar dikkate al\u0131n\u0131r. <\/p>\n<ul>\n<li>Y\u00fck Kapasitesi: Silindir, yap\u0131sal b\u00fct\u00fcnl\u00fc\u011f\u00fcn\u00fc koruyarak kar\u015f\u0131la\u015fmas\u0131 beklenen y\u00fcklere dayanabilmelidir.<\/li>\n<li>S\u0131zd\u0131rmazl\u0131k: Hidrolik s\u0131v\u0131n\u0131n s\u0131zd\u0131rmazl\u0131\u011f\u0131n\u0131 sa\u011flamak ve kirlenmesini \u00f6nlemek i\u00e7in poli\u00fcretan, nitril kau\u00e7uk vb. a\u015f\u0131nmaya dayan\u0131kl\u0131 malzemelerden \u00fcretilen piston ke\u00e7eleri, biyel ke\u00e7eleri vb. \u00e7e\u015fitli s\u0131zd\u0131rmazl\u0131k elemanlar\u0131 kullan\u0131l\u0131r.<\/li>\n<li>Dayan\u0131kl\u0131l\u0131k: Silindirin korozyonu \u00f6nlemek ve silindirin kullan\u0131m \u00f6mr\u00fcn\u00fc uzatmak i\u00e7in, s\u0131cak, so\u011fuk, nem vb. gibi zorlu \u00e7evre ko\u015fullar\u0131na dayanacak \u015fekilde tasarlanmas\u0131 gerekir. <\/li>\n<li>G\u00fcvenlik: Kazalar\u0131 \u00f6nlemek ve operat\u00f6rlerin ve makinelerin g\u00fcvenli\u011fini sa\u011flamak i\u00e7in silindirin bas\u0131n\u00e7 tahliye valfleri, acil durdurma anahtarlar\u0131 vb. gibi g\u00fcvenlik \u00f6zellikleriyle tasarlanmas\u0131 gerekir. <\/li>\n<li>Bak\u0131m kolayl\u0131\u011f\u0131: Silindir, kolay s\u00f6kme, par\u00e7alar\u0131 de\u011fi\u015ftirme ve yeniden montaj dahil olmak \u00fczere kolay bak\u0131m ve onar\u0131ma olanak sa\u011flayacak \u015fekilde tasarlanmal\u0131d\u0131r. <\/li>\n<\/ul>\n<p><img decoding=\"async\" src=\"https:\/\/www.hydraulic-cylinders.net\/wp-content\/uploads\/2025\/01\/songte-oil-pipes-and-spare-parts.webp\" alt=\"Yedek par\u00e7a\" \/><\/p>\n<h2>S\u0131zd\u0131rmazl\u0131k ve Ya\u011flama<\/h2>\n<p>Poli\u00fcretan, nitril kau\u00e7uk vb. a\u015f\u0131nmaya dayan\u0131kl\u0131 malzemelerden yap\u0131lm\u0131\u015f piston contalar\u0131, piston kolu contalar\u0131 vb. \u00e7e\u015fitli s\u0131zd\u0131rmazl\u0131k bile\u015fenleri, s\u0131zd\u0131rmaz \u00e7al\u0131\u015fmay\u0131 sa\u011flamak ve hidrolik s\u0131v\u0131n\u0131n kirlenmesini \u00f6nlemek i\u00e7in kullan\u0131l\u0131r. D\u00fczg\u00fcn \u00e7al\u0131\u015fmay\u0131 s\u00fcrd\u00fcrmek ve silindirin \u00f6mr\u00fcn\u00fc uzatmak i\u00e7in uygun miktarda hidrolik ya\u011f ile d\u00fczenli ya\u011flama gereklidir. <\/p>\n<h2>Bak\u0131m ve \u00d6nleyici Tedbirler<\/h2>\n<p>Volwa kam\u0131\u015f bo\u015falt\u0131c\u0131 DLS118-9A'n\u0131n kova silindirini, optimum performans sa\u011flamak ve \u00f6mr\u00fcn\u00fc uzatmak i\u00e7in d\u00fczenli olarak kontrol edin ve bak\u0131m\u0131n\u0131 yap\u0131n. Yayg\u0131n bak\u0131m g\u00f6revleri \u015funlard\u0131r:<\/p>\n<ul>\n<li>D\u00fczenli denetim<\/li>\n<li>Uygun ya\u011flama<\/li>\n<li>Conta de\u011fi\u015fimi<\/li>\n<li>Kalibrasyon kontrol\u00fc<\/li>\n<\/ul>\n<p>Montaj s\u0131ras\u0131nda, silindirin hizalanmas\u0131 i\u00e7in uygun k\u0131lavuzluk sa\u011flamak, silindiri sabitlemek i\u00e7in uygun montaj braketlerini kullanmak ve optimum performans ve uzun \u00f6m\u00fcr sa\u011flamak i\u00e7in \u00f6nerilen muayene, onar\u0131m ve de\u011fi\u015ftirme prosed\u00fcrlerini izlemek \u00f6nemlidir. <\/p>\n<p><img decoding=\"async\" src=\"https:\/\/www.hydraulic-cylinders.net\/wp-content\/uploads\/2025\/01\/songte-chushion-collar.webp\" alt=\"Yast\u0131k Yaka\" \/><\/p>\n<h2>G\u00fcvenlik Hususlar\u0131 ve \u00c7evresel Fakt\u00f6rler<\/h2>\n<p>Volwa kam\u0131\u015f bo\u015falt\u0131c\u0131 DLS118-9A i\u00e7in kova silindiri kullan\u0131l\u0131rken kazalar\u0131 \u00f6nlemek, operat\u00f6r g\u00fcvenli\u011fini sa\u011flamak ve \u00e7evreyi korumak i\u00e7in g\u00fcvenlik \u00f6nlemlerine uyulmas\u0131 \u00f6nemlidir. <\/p>\n<h2>Sorun Giderme ve Yayg\u0131n Sorunlar<\/h2>\n<p>Volwa DLS118-9A kam\u0131\u015f bo\u015falt\u0131c\u0131 i\u00e7in kova silindiri kullan\u0131rken ortaya \u00e7\u0131kabilecek yayg\u0131n sorunlar aras\u0131nda s\u0131z\u0131nt\u0131, ar\u0131za ve g\u00fcr\u00fclt\u00fc bulunur. D\u00fczenli bak\u0131m, bu sorunlar\u0131n \u00f6nlenmesine yard\u0131mc\u0131 olabilir. Sorun giderme ipu\u00e7lar\u0131 ve \u00e7\u00f6z\u00fcmleri a\u015fa\u011f\u0131daki gibidir:<\/p>\n<ul>\n<li>S\u0131z\u0131nt\u0131: Hasarl\u0131 veya a\u015f\u0131nm\u0131\u015f contalar\u0131 kontrol edin ve de\u011fi\u015ftirin. <\/li>\n<li>Ar\u0131za: Dahili bile\u015fenlerde t\u0131kan\u0131kl\u0131k, hasar veya a\u015f\u0131nma olup olmad\u0131\u011f\u0131n\u0131 kontrol edin ve bunlar\u0131 onar\u0131n veya de\u011fi\u015ftirin. <\/li>\n<li>G\u00fcr\u00fclt\u00fc: Gev\u015fek veya hasarl\u0131 bile\u015fenleri kontrol edin ve s\u0131k\u0131n veya de\u011fi\u015ftirin. <\/li>\n<\/ul>\n<p><img decoding=\"async\" src=\"https:\/\/www.hydraulic-cylinders.net\/wp-content\/uploads\/2025\/01\/songte-bushings-with-all-kinds-of-excavator-models.webp\" alt=\"Bur\u00e7lar\" \/><\/p>\n<h2>\u015eirketimiz Hakk\u0131nda<\/h2>\n<p>Yurt i\u00e7i ve yurt d\u0131\u015f\u0131 pazarlarda lider bir hidrolik silindir \u00fcreticisi ve toptanc\u0131s\u0131y\u0131z ve hidrolik silindirlerin de\u011fi\u015ftirilmesinde uzmanla\u015f\u0131yoruz. \u00dcr\u00fcnlerimiz farkl\u0131 ihtiya\u00e7lar\u0131 kar\u015f\u0131layacak geni\u015f bir yelpazede mevcuttur ve verimli, hassas ve \u00fcst\u00fcn \u00fcretim teknolojisiyle y\u00fcksek kaliteli \u00fcr\u00fcnler sunmaya kararl\u0131y\u0131z. \u015eirketimiz, \u00f6zelle\u015ftirilmi\u015f hizmetler, \u00fcst d\u00fczey dijital \u00fcretim ekipmanlar\u0131 ve profesyonel bir test sistemi sunmak i\u00e7in ileri teknoloji ve profesyonel yeteneklerden yararlanmaktad\u0131r. M\u00fc\u015fterilerimize en iyi \u00fcr\u00fcn ve hizmetleri sunmaya kendimizi adad\u0131k.<\/p>\n<p><img decoding=\"async\" src=\"https:\/\/hzpt.com\/wp-content\/uploads\/2024\/11\/songte-company-1.webp\" alt=\"\u015eirket \u0130maj\u0131\" \/><\/p>\n<h3>Profesyonellik:<\/h3>\n<p>M\u00fc\u015fterilerimize en iyi \u00fcr\u00fcnleri ve hizmetleri sunmaya kendini adam\u0131\u015f, son derece yetenekli ve deneyimli profesyonellerden olu\u015fan bir ekibimiz var.<\/p>\n<h3>Uluslararas\u0131 Sertifikasyon:<\/h3>\n<p>\u00dcr\u00fcnlerimiz uluslararas\u0131 kalite standartlar\u0131na uygun olup ISO 9001 ve CE sertifikal\u0131d\u0131r.<\/p>\n<h3>\u00d6zelle\u015ftirme:<\/h3>\n<p>M\u00fc\u015fterilerimizin \u00f6zel ihtiya\u00e7lar\u0131n\u0131 kar\u015f\u0131lamak i\u00e7in \u00f6zelle\u015ftirilmi\u015f hizmetler sunuyoruz.<\/p>\n<h3>\u00dcretim Ekipmanlar\u0131:<\/h3>\n<p>Firmam\u0131z, \u00fcr\u00fcnlerimizin hassasiyetini ve kalitesini garanti alt\u0131na almak i\u00e7in CNC torna tezgahlar\u0131, freze makineleri ve di\u011fer \u00f6zel ekipmanlar dahil olmak \u00fczere geli\u015fmi\u015f dijital \u00fcretim ekipmanlar\u0131na sahiptir.<\/p>\n<h3>Sat\u0131\u015f Sonras\u0131 Hizmet:<\/h3>\n<p>M\u00fc\u015fteri memnuniyetini ve sadakatini sa\u011flamak i\u00e7in \u00fcr\u00fcn bak\u0131m\u0131, onar\u0131m\u0131 ve de\u011fi\u015ftirme hizmetleri de dahil olmak \u00fczere m\u00fckemmel sat\u0131\u015f sonras\u0131 hizmeti sa\u011fl\u0131yoruz.<\/p>\n<footer>Yazar: lyl<\/footer>","protected":false},"excerpt":{"rendered":"<p>Bucket Cylinder For Volwa Cane Unloader DLS118-9A Introduction The bucket cylinder for Volwa cane unloader DLS118-9A is a type of specialized hydraulic cylinder designed mainly to control the movement of shovels in heavy machinery such as excavators, backhoe excavators, and front-end loaders. Its main function is to enable the shovel to lift, lower, and tilt, [&hellip;]<\/p>","protected":false},"featured_media":14780,"comment_status":"open","ping_status":"closed","template":"","meta":{"_et_pb_use_builder":"","_et_pb_old_content":"","_et_gb_content_width":""},"product_brand":[],"product_cat":[1494],"product_tag":[1495,1496],"class_list":{"0":"post-15903","1":"product","2":"type-product","3":"status-publish","4":"has-post-thumbnail","6":"product_cat-bucket-cylinders","7":"product_tag-bucket-cylinders","8":"product_tag-hydraulic-cylinders","10":"first","11":"instock","12":"shipping-taxable","13":"product-type-simple"},"amp_enabled":true,"_links":{"self":[{"href":"https:\/\/www.hydraulic-cylinders.net\/tr\/wp-json\/wp\/v2\/product\/15903","targetHints":{"allow":["GET"]}}],"collection":[{"href":"https:\/\/www.hydraulic-cylinders.net\/tr\/wp-json\/wp\/v2\/product"}],"about":[{"href":"https:\/\/www.hydraulic-cylinders.net\/tr\/wp-json\/wp\/v2\/types\/product"}],"replies":[{"embeddable":true,"href":"https:\/\/www.hydraulic-cylinders.net\/tr\/wp-json\/wp\/v2\/comments?post=15903"}],"wp:featuredmedia":[{"embeddable":true,"href":"https:\/\/www.hydraulic-cylinders.net\/tr\/wp-json\/wp\/v2\/media\/14780"}],"wp:attachment":[{"href":"https:\/\/www.hydraulic-cylinders.net\/tr\/wp-json\/wp\/v2\/media?parent=15903"}],"wp:term":[{"taxonomy":"product_brand","embeddable":true,"href":"https:\/\/www.hydraulic-cylinders.net\/tr\/wp-json\/wp\/v2\/product_brand?post=15903"},{"taxonomy":"product_cat","embeddable":true,"href":"https:\/\/www.hydraulic-cylinders.net\/tr\/wp-json\/wp\/v2\/product_cat?post=15903"},{"taxonomy":"product_tag","embeddable":true,"href":"https:\/\/www.hydraulic-cylinders.net\/tr\/wp-json\/wp\/v2\/product_tag?post=15903"}],"curies":[{"name":"wp","href":"https:\/\/api.w.org\/{rel}","templated":true}]}}