{"id":15905,"date":"2025-01-19T15:08:44","date_gmt":"2025-01-19T15:08:44","guid":{"rendered":"https:\/\/www.hydraulic-cylinders.net\/product\/bucket-cylinder-for-volwa-cane-unloader-dls818-9a\/"},"modified":"2025-01-19T15:08:46","modified_gmt":"2025-01-19T15:08:46","slug":"bucket-cylinder-for-volwa-cane-unloader-dls818-9a","status":"publish","type":"product","link":"https:\/\/www.hydraulic-cylinders.net\/tr\/urun\/bucket-cylinder-for-volwa-cane-unloader-dls818-9a\/","title":{"rendered":"Volwa \u015eeker Kam\u0131\u015f\u0131 Bo\u015faltma Makinesi DLS818-9A i\u00e7in Kova Silindiri"},"content":{"rendered":"<h1>Volwa \u015eeker Kam\u0131\u015f\u0131 Bo\u015faltma Makinesi DLS818-9A i\u00e7in Kova Silindiri<\/h1>\n<h2>girii\u015f<\/h2>\n<p>Kep\u00e7e silindiri, ekskavat\u00f6rler, kaz\u0131c\u0131 y\u00fckleyiciler ve \u00f6n y\u00fckleyiciler gibi a\u011f\u0131r ekipmanlarda kep\u00e7enin hareketini kontrol etmek i\u00e7in \u00f6zel olarak tasarlanm\u0131\u015f bir hidrolik silindirdir. Ana i\u015flevi, kep\u00e7enin kald\u0131r\u0131lmas\u0131n\u0131, indirilmesini ve e\u011filmesini sa\u011flayarak \u00e7e\u015fitli malzeme ta\u015f\u0131ma g\u00f6revlerini kolayla\u015ft\u0131rmakt\u0131r. Hidrolik sistemde, kep\u00e7e silindiri hidrolik ya\u011f bas\u0131nc\u0131ndaki de\u011fi\u015fiklikler yoluyla kep\u00e7enin hassas kontrol\u00fcn\u00fc sa\u011flar ve operat\u00f6rlerin a\u011f\u0131r y\u00fckleri verimli bir \u015fekilde ta\u015f\u0131mas\u0131na, karma\u015f\u0131k \u00e7al\u0131\u015fma ortamlar\u0131na ve \u00e7e\u015fitli operasyonel ihtiya\u00e7lara uyum sa\u011flamas\u0131na olanak tan\u0131r.<\/p>\n<p><img decoding=\"async\" src=\"https:\/\/www.hydraulic-cylinders.net\/wp-content\/uploads\/2025\/01\/songte-company-2.webp\"><\/p>\n<h2>\u00d6zellikler<\/h2>\n<ul>\n<li>Y\u00fcksek mukavemet ve dayan\u0131kl\u0131l\u0131k: Genellikle y\u00fcksek mukavemetli \u00e7elik veya al\u00fcminyumdan \u00fcretilen bu \u00fcr\u00fcn, y\u00fcksek bas\u0131nca ve a\u011f\u0131r y\u00fcklere dayanabilir, zorlu \u00e7al\u0131\u015fma ortamlar\u0131na uyum sa\u011flayabilir ve kullan\u0131m \u00f6mr\u00fcn\u00fc uzatmak i\u00e7in a\u015f\u0131nma ve korozyon direnci ile tasarlanm\u0131\u015ft\u0131r.<\/li>\n<li>Verimli hidrolik \u00e7al\u0131\u015fma: Hidrolik ya\u011f bas\u0131nc\u0131ndan yararlan\u0131larak d\u00fczg\u00fcn uzatma ve geri \u00e7ekme hareketleri sa\u011flan\u0131r; bu da g\u00fc\u00e7l\u00fc itme ve \u00e7ekme kuvvetleri sa\u011flayarak a\u011f\u0131r y\u00fcklerin ve karma\u015f\u0131k g\u00f6revlerin \u00fcstesinden gelmek i\u00e7in uygundur.<\/li>\n<li>\u00c7e\u015fitli tipler mevcuttur: \u0130\u015fletme ihtiya\u00e7lar\u0131na g\u00f6re tek etkili (hidrolik sadece tek y\u00f6nde kullan\u0131l\u0131r) veya \u00e7ift etkili (hidrolik her iki y\u00f6nde de kullan\u0131l\u0131r) silindirler se\u00e7ilebilir. Baz\u0131 modeller teleskopiktir ve d\u0131\u015f boyutlar\u0131 art\u0131rmadan daha fazla uzatmaya olanak tan\u0131r, bu da s\u0131n\u0131rl\u0131 alana sahip uygulamalar i\u00e7in uygundur.<\/li>\n<li>Kolay kurulum: \u00dcr\u00fcn\u00fcm\u00fcz bu hidrolik silindirlerin yerini m\u00fckemmel bir \u015fekilde alabilmektedir.<\/li>\n<\/ul>\n<p><img decoding=\"async\" src=\"https:\/\/www.hydraulic-cylinders.net\/wp-content\/uploads\/2025\/01\/songte-cylinder-head-with-all-kinds-excavator-models.webp\"><\/p>\n<h2>Uygulamalar<\/h2>\n<p>Kova silindirleri, a\u015fa\u011f\u0131dakiler de dahil olmak \u00fczere \u00e7e\u015fitli end\u00fcstrilerde ve ekipmanlarda yayg\u0131n olarak kullan\u0131lmaktad\u0131r:<\/p>\n<ul>\n<li>\u0130n\u015faat ekipmanlar\u0131: Ekskavat\u00f6rlerde, toprak veya moloz kazma, y\u00fckleme ve ta\u015f\u0131ma i\u015flemlerinde kritik \u00f6neme sahiptirler. Kaz\u0131c\u0131 y\u00fckleyicilerde ise kova silindiri hem kazma hem de kald\u0131rma i\u015flemlerine yard\u0131mc\u0131 olur. <\/li>\n<li>Tar\u0131m makineleri: Toprak, saman ve di\u011fer malzemeleri kep\u00e7elemek, kald\u0131rmak ve ta\u015f\u0131mak i\u00e7in \u00f6n y\u00fckleyicilerde kullan\u0131l\u0131r. <\/li>\n<li>Ekskavat\u00f6rler: Kep\u00e7e silindirleri, kep\u00e7enin topra\u011fa n\u00fcfuz etmesine izin vererek kazma i\u015flemini ger\u00e7ekle\u015ftirir.<\/li>\n<li>\u00d6n y\u00fckleyiciler: \u00d6n y\u00fckleyicilerde, y\u00fcklerin verimli bir \u015fekilde kald\u0131r\u0131lmas\u0131na ve devrilmesine yard\u0131mc\u0131 olurlar. <\/li>\n<\/ul>\n<h2>Tasar\u0131m Hususlar\u0131 ve Se\u00e7im Standartlar\u0131<\/h2>\n<h3>Ta\u015f\u0131ma kapasitesi:<\/h3>\n<p>Kova silindirleri, y\u00fcksek y\u00fck ve bas\u0131nca dayanacak \u015fekilde tasarlanm\u0131\u015ft\u0131r; bu da malzeme se\u00e7imi, i\u015fleme ve test s\u00fcre\u00e7lerinde titizlik gerektirir. Maksimum ta\u015f\u0131ma kapasitesini sa\u011flamak i\u00e7in \u00e7elik ve al\u00fcminyum ala\u015f\u0131mlar\u0131 gibi y\u00fcksek mukavemetli malzemeler kullan\u0131yoruz ve silindir yap\u0131s\u0131 tasar\u0131m\u0131 y\u00fcksek y\u00fck ve bas\u0131nca dayan\u0131kl\u0131l\u0131k i\u00e7in optimize edilmi\u015ftir. <\/p>\n<h3>S\u0131zd\u0131rmazl\u0131k ve Dayan\u0131kl\u0131l\u0131k:<\/h3>\n<p>Kep\u00e7e silindirlerinin dayan\u0131kl\u0131l\u0131\u011f\u0131 ve g\u00fcvenilirli\u011finde s\u0131zd\u0131rmazl\u0131k \u00e7ok \u00f6nemli bir rol oynar. A\u015f\u0131nmaya ve korozyona dayan\u0131kl\u0131 piston contalar\u0131, mil contalar\u0131 ve silecek contalar\u0131 gibi \u00e7e\u015fitli s\u0131zd\u0131rmazl\u0131k bile\u015fenleri kullan\u0131yoruz. Silindir g\u00f6vdeleri ve di\u015fli u\u00e7 y\u00fczeyleri, a\u015f\u0131nma direncini art\u0131rmak i\u00e7in ince bir \u015fekilde i\u015flenir ve s\u0131zd\u0131rmazl\u0131k performans\u0131n\u0131 korumak ve kullan\u0131m \u00f6mr\u00fcn\u00fc uzatmak i\u00e7in hidrolik ya\u011f ile d\u00fczenli ya\u011flama gereklidir. <\/p>\n<p><img decoding=\"async\" src=\"https:\/\/www.hydraulic-cylinders.net\/wp-content\/uploads\/2025\/01\/songte-oil-pipes-and-spare-parts.webp\"><\/p>\n<h2>Bak\u0131m ve Ar\u0131za Giderme<\/h2>\n<h3>Bak\u0131m:<\/h3>\n<p>Kova silindirlerinin kullan\u0131m \u00f6mr\u00fcn\u00fc uzatmaya yard\u0131mc\u0131 olan yayg\u0131n bak\u0131m i\u015flemleri aras\u0131nda d\u00fczenli muayene, ya\u011flama, conta de\u011fi\u015fimi ve kalibrasyon kontrolleri yer almaktad\u0131r. Montaj s\u0131ras\u0131nda, silindirin do\u011fru \u015fekilde hizalanmas\u0131 ve uygun montaj braketlerinin kullan\u0131lmas\u0131 \u00e7ok \u00f6nemlidir. Optimum performans\u0131 korumak i\u00e7in \u00f6nerilen muayene, onar\u0131m ve de\u011fi\u015ftirme prosed\u00fcrlerini izlemenizi tavsiye ederiz ve silindirinizin kullan\u0131m \u00f6mr\u00fcn\u00fc uzatmak i\u00e7in yedek par\u00e7a ve yeniden yap\u0131land\u0131rma hizmetleri sunuyoruz.<\/p>\n<h3>Sorun giderme:<\/h3>\n<p>Kep\u00e7e silindirlerinde s\u0131k kar\u015f\u0131la\u015f\u0131lan sorunlar aras\u0131nda s\u0131z\u0131nt\u0131lar, hizalama sorunlar\u0131 ve d\u00fc\u015f\u00fck performans yer al\u0131r. Bu sorunlar\u0131 etkili bir \u015fekilde te\u015fhis etmek ve \u00e7\u00f6zmek i\u00e7in, hidrolik sistemi, contalar\u0131 ve silindir g\u00f6vdesini a\u015f\u0131nma ve hasar a\u00e7\u0131s\u0131ndan kontrol ederek sorunun temel nedenini anlaman\u0131z\u0131 \u00f6neririz. Do\u011fru hizalama ve ya\u011flama, bu sorunlar\u0131n \u00f6nlenmesi i\u00e7in \u00e7ok \u00f6nemlidir ve d\u00fczenli inceleme ve bak\u0131m, sorunlar\u0131n b\u00fcy\u00fcmeden \u00f6nce tespit edilmesine yard\u0131mc\u0131 olabilir.<\/p>\n<p><img decoding=\"async\" src=\"https:\/\/www.hydraulic-cylinders.net\/wp-content\/uploads\/2025\/01\/songte-bushings-with-all-kinds-of-excavator-models.webp\"><\/p>\n<h2>\u015eirketimiz Hakk\u0131nda<\/h2>\n<p>Yurti\u00e7i ve yurtd\u0131\u015f\u0131 pazarlarda hidrolik silindirlerin \u00f6nde gelen \u00fcreticisi ve toptan da\u011f\u0131t\u0131c\u0131s\u0131y\u0131z. \u015eirketimiz, kapsaml\u0131 bir \u00fcr\u00fcn yelpazesi sunmakta, m\u00fckemmel kaliteye ba\u011fl\u0131 kalmakta ve \u00f6zenle tasarlanm\u0131\u015f \u00fcretim at\u00f6lyelerinde end\u00fcstriyel \u00fcretim y\u00f6netim stratejilerine g\u00fcvenmektedir. Teknoloji yeteneklerinin, \u00fcst d\u00fczey dijital \u00fcretim ekipmanlar\u0131n\u0131n ve profesyonel alg\u0131lama sistemlerinin uygulanmas\u0131yla \u00fcretim platformumuzu s\u00fcrekli olarak geli\u015ftiriyoruz. G\u00fc\u00e7l\u00fc geli\u015ftirme yeteneklerine sahibiz ve \u00e7e\u015fitli m\u00fc\u015fteri ihtiya\u00e7lar\u0131n\u0131 kar\u015f\u0131lamak i\u00e7in y\u00fcksek verimlilik, y\u00fcksek hassasiyet ve y\u00fcksek kalite ilkelerine ba\u011fl\u0131 kal\u0131yoruz.<\/p>\n<p><img decoding=\"async\" src=\"https:\/\/hzpt.com\/wp-content\/uploads\/2024\/11\/songte-company-1.webp\"><\/p>\n<h3>Profesyonellik:<\/h3>\n<p>Uzman ekibimiz, hidrolik silindirlerin \u00fcretim ve da\u011f\u0131t\u0131m\u0131nda y\u0131llar\u0131n deneyimine sahiptir. \u00dcr\u00fcnlerimizin y\u00fcksek kalitesini sa\u011flamak i\u00e7in geli\u015fmi\u015f teknoloji ve test ekipmanlar\u0131 kullan\u0131yoruz ve m\u00fc\u015fteriye \u00f6zel ihtiya\u00e7lar\u0131 kar\u015f\u0131lamak i\u00e7in \u00f6zelle\u015ftirme hizmetleri sunuyoruz.<\/p>\n<h3>Uluslararas\u0131 Sertifikasyon:<\/h3>\n<p>\u015eirketimiz, \u00fcr\u00fcnlerimizin sekt\u00f6r standartlar\u0131na ve d\u00fczenlemelerine uygunlu\u011funu sa\u011flamak amac\u0131yla ISO 9001, CE ve SGS gibi uluslararas\u0131 sertifikalar alm\u0131\u015ft\u0131r. <\/p>\n<h3>\u00dcretim Ekipmanlar\u0131:<\/h3>\n<p>\u015eirketimiz, \u00fcretim kapasitemizi art\u0131rmak ve \u00fcr\u00fcn kalitesini iyile\u015ftirmek i\u00e7in \u00fcst d\u00fczey dijital \u00fcretim ekipmanlar\u0131na yat\u0131r\u0131m yapm\u0131\u015ft\u0131r. <\/p>\n<h3>Sat\u0131\u015f Sonras\u0131 Hizmet:<\/h3>\n<p>M\u00fc\u015fterilerimize, \u00fcr\u00fcnlerimizle ilgili sorunsuz bir deneyim ya\u015famalar\u0131n\u0131 sa\u011flamak amac\u0131yla, kurulum rehberli\u011fi, teknik destek ve garanti hizmetleri de dahil olmak \u00fczere m\u00fckemmel sat\u0131\u015f sonras\u0131 hizmetler sunuyoruz.<\/p>\n<h4>Yazar: lyl<\/h4>","protected":false},"excerpt":{"rendered":"<p>Bucket Cylinder For Volwa Cane Unloader DLS818-9A Introduction A bucket cylinder is a specially designed hydraulic cylinder that is primarily used to control the movement of the bucket in heavy equipment such as excavators, backhoe loaders, and front-end loaders. Its main function is to enable the bucket to be lifted, lowered, and tilted, making it [&hellip;]<\/p>","protected":false},"featured_media":14776,"comment_status":"open","ping_status":"closed","template":"","meta":{"_et_pb_use_builder":"","_et_pb_old_content":"","_et_gb_content_width":""},"product_brand":[],"product_cat":[1494],"product_tag":[1495,1496],"class_list":{"0":"post-15905","1":"product","2":"type-product","3":"status-publish","4":"has-post-thumbnail","6":"product_cat-bucket-cylinders","7":"product_tag-bucket-cylinders","8":"product_tag-hydraulic-cylinders","10":"first","11":"instock","12":"shipping-taxable","13":"product-type-simple"},"amp_enabled":true,"_links":{"self":[{"href":"https:\/\/www.hydraulic-cylinders.net\/tr\/wp-json\/wp\/v2\/product\/15905","targetHints":{"allow":["GET"]}}],"collection":[{"href":"https:\/\/www.hydraulic-cylinders.net\/tr\/wp-json\/wp\/v2\/product"}],"about":[{"href":"https:\/\/www.hydraulic-cylinders.net\/tr\/wp-json\/wp\/v2\/types\/product"}],"replies":[{"embeddable":true,"href":"https:\/\/www.hydraulic-cylinders.net\/tr\/wp-json\/wp\/v2\/comments?post=15905"}],"wp:featuredmedia":[{"embeddable":true,"href":"https:\/\/www.hydraulic-cylinders.net\/tr\/wp-json\/wp\/v2\/media\/14776"}],"wp:attachment":[{"href":"https:\/\/www.hydraulic-cylinders.net\/tr\/wp-json\/wp\/v2\/media?parent=15905"}],"wp:term":[{"taxonomy":"product_brand","embeddable":true,"href":"https:\/\/www.hydraulic-cylinders.net\/tr\/wp-json\/wp\/v2\/product_brand?post=15905"},{"taxonomy":"product_cat","embeddable":true,"href":"https:\/\/www.hydraulic-cylinders.net\/tr\/wp-json\/wp\/v2\/product_cat?post=15905"},{"taxonomy":"product_tag","embeddable":true,"href":"https:\/\/www.hydraulic-cylinders.net\/tr\/wp-json\/wp\/v2\/product_tag?post=15905"}],"curies":[{"name":"wp","href":"https:\/\/api.w.org\/{rel}","templated":true}]}}