{"id":15906,"date":"2025-01-19T15:08:48","date_gmt":"2025-01-19T15:08:48","guid":{"rendered":"https:\/\/www.hydraulic-cylinders.net\/product\/bucket-cylinder-for-wacker-e6003\/"},"modified":"2025-01-19T15:08:53","modified_gmt":"2025-01-19T15:08:53","slug":"bucket-cylinder-for-wacker-e6003","status":"publish","type":"product","link":"https:\/\/www.hydraulic-cylinders.net\/tr\/urun\/bucket-cylinder-for-wacker-e6003\/","title":{"rendered":"Wacker E6003 i\u00e7in Kova Silindiri"},"content":{"rendered":"<h2>Wacker E6003 i\u00e7in Kova Silindiri<\/h2>\n<h3>girii\u015f<\/h3>\n<p>Wacker E6003 i\u00e7in tasarlanm\u0131\u015f bir kep\u00e7e silindiri, \u00f6zellikle ekskavat\u00f6rler, kaz\u0131c\u0131 y\u00fckleyiciler ve \u00f6n y\u00fckleyiciler gibi a\u011f\u0131r makinelerde kep\u00e7enin hareketini kontrol etmek i\u00e7in kullan\u0131lan \u00f6zel bir hidrolik silindirdir. Ana i\u015flevi, kep\u00e7enin yukar\u0131, a\u015fa\u011f\u0131 ve e\u011filmesini sa\u011flayarak \u00e7e\u015fitli malzemelerin ta\u015f\u0131nmas\u0131n\u0131 kolayla\u015ft\u0131rmakt\u0131r. Hidrolik sistemde, kep\u00e7e silindiri hidrolik ya\u011f bas\u0131nc\u0131ndaki de\u011fi\u015fiklikler yoluyla kep\u00e7enin hassas kontrol\u00fcn\u00fc sa\u011flar; bu da operat\u00f6rlerin a\u011f\u0131r y\u00fckleri verimli bir \u015fekilde ta\u015f\u0131mas\u0131na, karma\u015f\u0131k \u00e7al\u0131\u015fma ortamlar\u0131na ve \u00e7e\u015fitli operasyonel gereksinimlere uyum sa\u011flamas\u0131na olanak tan\u0131r.<\/p>\n<div>\n  <img decoding=\"async\" src=\"https:\/\/www.hydraulic-cylinders.net\/wp-content\/uploads\/2025\/01\/songte-company-2.webp\" alt=\"Wacker E6003 i\u00e7in Kova Silindiri\">\n<\/div>\n<h3>\u00d6zellikler<\/h3>\n<ul>\n<li><strong>Y\u00fcksek Dayan\u0131kl\u0131l\u0131k ve Dayan\u0131kl\u0131l\u0131k:<\/strong> Genellikle y\u00fcksek mukavemetli \u00e7elik veya al\u00fcminyumdan yap\u0131lan kova silindiri, y\u00fcksek bas\u0131nca ve a\u011f\u0131r y\u00fcklere dayanabilirken, a\u015f\u0131nma ve korozyon direnci de g\u00f6z \u00f6n\u00fcnde bulundurularak tasarlanm\u0131\u015ft\u0131r, bu da kullan\u0131m \u00f6mr\u00fcn\u00fc uzat\u0131r.<\/li>\n<li><strong>Verimli Hidrolik \u00c7al\u0131\u015fma:<\/strong> Hidrolik ya\u011f bas\u0131nc\u0131n\u0131 kullanarak d\u00fczg\u00fcn bir \u015fekilde uzama ve geri \u00e7ekilme sa\u011flayan kep\u00e7e silindiri, kontrol komutlar\u0131na h\u0131zl\u0131 bir \u015fekilde yan\u0131t vererek g\u00fc\u00e7l\u00fc itme ve \u00e7ekme kuvveti sunar; bu da a\u011f\u0131r nesnelerin ve karma\u015f\u0131k i\u015flerin ta\u015f\u0131nmas\u0131 i\u00e7in uygundur.<\/li>\n<li><strong>\u00c7e\u015fitli Tipler:<\/strong> Kova silindirleri, tek etkili (hidrolik sistem yaln\u0131zca tek y\u00f6nde kullan\u0131l\u0131r) veya \u00e7ift etkili (hidrolik sistem her iki y\u00f6nde de kullan\u0131l\u0131r) olarak se\u00e7ilebilece\u011fi gibi, d\u0131\u015f boyutlar\u0131 art\u0131rmadan daha fazla uzama sa\u011flayan ve s\u0131n\u0131rl\u0131 alana sahip uygulamalar i\u00e7in uygun olan teleskopik modeller de mevcuttur.<\/li>\n<li><strong>De\u011fi\u015ftirilebilir:<\/strong> Kova silindirlerimiz bu hidrolik silindirlerin yerini m\u00fckemmel \u015fekilde alabilir.<\/li>\n<li><strong>\u00d6zelle\u015ftirilebilir:<\/strong> Firmam\u0131z, m\u00fc\u015fteri taleplerine g\u00f6re \u00e7e\u015fitli boyut ve tiplerde kova silindirleri \u00fcretebilmektedir.<\/li>\n<\/ul>\n<div>\n  <img decoding=\"async\" src=\"https:\/\/www.hydraulic-cylinders.net\/wp-content\/uploads\/2025\/01\/songte-cylinder-head-with-all-kinds-excavator-models.webp\" alt=\"Wacker E6003 i\u00e7in Kova Silindiri\">\n<\/div>\n<h3>Uygulamalar<\/h3>\n<p>Kova silindiri, a\u015fa\u011f\u0131dakiler gibi \u00e7e\u015fitli end\u00fcstrilerde ve makinelerde yayg\u0131n olarak kullan\u0131lmaktad\u0131r:<\/p>\n<ul>\n<li><strong>\u0130n\u015faat Ekipmanlar\u0131:<\/strong> Ekskavat\u00f6rlerde, toprak veya moloz kazma, y\u00fckleme ve ta\u015f\u0131ma i\u015flemlerinde kritik \u00f6neme sahiptirler. Kaz\u0131c\u0131 y\u00fckleyicilerde ise kova silindiri kazma ve kald\u0131rma i\u015flemlerine yard\u0131mc\u0131 olur.<\/li>\n<li><strong>Tar\u0131m Makinalar\u0131:<\/strong> \u00d6n y\u00fckleyicilerde toprak, saman ve di\u011fer malzemeleri kep\u00e7elemek, kald\u0131rmak ve ta\u015f\u0131mak i\u00e7in kullan\u0131l\u0131r.<\/li>\n<li><strong>Ekskavat\u00f6rler:<\/strong> Kova silindiri, kovan\u0131n topra\u011fa n\u00fcfuz etmesini sa\u011flayarak kazmay\u0131 m\u00fcmk\u00fcn k\u0131lar.<\/li>\n<li><strong>Y\u00fckleyiciler:<\/strong> \u00d6nden y\u00fcklemeli ara\u00e7larda, y\u00fcklerin etkili bir \u015fekilde kald\u0131r\u0131lmas\u0131na ve devrilmesine yard\u0131mc\u0131 olurlar.<\/li>\n<\/ul>\n<h3>Tasar\u0131m Hususlar\u0131 ve Se\u00e7im Kriterleri<\/h3>\n<p>Kova silindirleri \u00e7e\u015fitli fakt\u00f6rler g\u00f6z \u00f6n\u00fcnde bulundurularak tasarlan\u0131r, \u00f6rne\u011fin:<\/p>\n<ul>\n<li><strong>Ta\u015f\u0131ma Kapasitesi:<\/strong> Silindir, y\u00fck\u00fcn a\u011f\u0131rl\u0131\u011f\u0131n\u0131 ta\u015f\u0131yabilecek kapasitede olmal\u0131d\u0131r.<\/li>\n<li><strong>S\u0131zd\u0131rmazl\u0131k:<\/strong> S\u0131zd\u0131rmazl\u0131k, hidrolik ya\u011f\u0131n s\u0131zmas\u0131n\u0131 \u00f6nlemek ve silindiri kirlenmeden korumak i\u00e7in \u00e7ok \u00f6nemlidir.<\/li>\n<li><strong>Dayan\u0131kl\u0131l\u0131k:<\/strong> Silindir, zorlu ko\u015fullara dayanabilen ve uzun \u00f6m\u00fcrl\u00fc olan y\u00fcksek kaliteli malzemelerden yap\u0131lmal\u0131d\u0131r.<\/li>\n<li><strong>Emniyet:<\/strong> Kazalar\u0131 ve yaralanmalar\u0131 \u00f6nlemek i\u00e7in tasar\u0131mda g\u00fcvenlik \u00f6zellikleri yer almal\u0131d\u0131r.<\/li>\n<li><strong>Bak\u0131m:<\/strong> Silindirin bak\u0131m\u0131 ve onar\u0131m\u0131 kolay olmal\u0131, b\u00f6ylece ar\u0131za s\u00fcreleri en aza indirilmelidir.<\/li>\n<\/ul>\n<div>\n  <img decoding=\"async\" src=\"https:\/\/www.hydraulic-cylinders.net\/wp-content\/uploads\/2025\/01\/songte-oil-pipes-and-spare-parts.webp\" alt=\"Wacker E6003 i\u00e7in Kova Silindiri\">\n<\/div>\n<h3>S\u0131zd\u0131rmazl\u0131k ve Ya\u011flama<\/h3>\n<p>Koval\u0131 silindirlerde, poli\u00fcretan ve nitril kau\u00e7uk gibi a\u015f\u0131nmaya dayan\u0131kl\u0131 malzemelerden yap\u0131lm\u0131\u015f piston contalar\u0131, mil contalar\u0131 ve silecek contalar\u0131 gibi \u00e7e\u015fitli contalar kullan\u0131l\u0131r. Silindir g\u00f6vdesi ve di\u015fli u\u00e7 y\u00fczeyi, a\u015f\u0131nma direncini art\u0131rmak i\u00e7in ince bir \u015fekilde i\u015flenmi\u015ftir. Silindirin uzun \u00f6m\u00fcrl\u00fc ve y\u00fcksek performansl\u0131 olmas\u0131 i\u00e7in d\u00fczenli bak\u0131m ve uygun ya\u011flama \u015fartt\u0131r.<\/p>\n<h3>Bak\u0131m ve Onar\u0131m<\/h3>\n<p>Kep\u00e7e silindirleri i\u00e7in d\u00fczenli kontrol, uygun ya\u011flama, conta de\u011fi\u015fimi ve kalibrasyon kontrolleri yayg\u0131n bak\u0131m i\u015flemleridir. Silindirin do\u011fru montaj\u0131 ve hizalanmas\u0131 \u00e7ok \u00f6nemlidir ve silindiri sabitlemek i\u00e7in uygun montaj braketleri kullan\u0131lmal\u0131d\u0131r. Kep\u00e7e silindirinin optimum kullan\u0131m\u0131 ve uzun \u00f6mr\u00fc i\u00e7in \u00f6nerilen kontrol, onar\u0131m ve de\u011fi\u015ftirme prosed\u00fcrlerine uyulmal\u0131d\u0131r.<\/p>\n<div>\n  <img decoding=\"async\" src=\"https:\/\/www.hydraulic-cylinders.net\/wp-content\/uploads\/2025\/01\/songte-chushion-collar.webp\" alt=\"Wacker E6003 i\u00e7in Kova Silindiri\">\n<\/div>\n<h3>G\u00fcvenlik ve \u00c7evresel Hususlar<\/h3>\n<p>Kova silindirleri kullan\u0131l\u0131rken g\u00fcvenlik \u00f6nlemleri \u00e7ok \u00f6nemlidir. Operat\u00f6rler uygun g\u00fcvenlik y\u00f6nergelerine uymal\u0131 ve gerekli ki\u015fisel koruyucu ekipmanlar\u0131 kullanmal\u0131d\u0131r. \u00c7evresel hususlar da dikkate al\u0131nmal\u0131d\u0131r; \u00f6rne\u011fin, \u00e7evre dostu hidrolik ya\u011f kullan\u0131lmas\u0131 ve kullan\u0131lm\u0131\u015f ya\u011f\u0131n uygun \u015fekilde bertaraf edilmesi gibi.<\/p>\n<h3>Ar\u0131za Te\u015fhisi ve Sorun Giderme<\/h3>\n<p>Koval\u0131 su silindirlerinde s\u0131k kar\u015f\u0131la\u015f\u0131lan sorunlar aras\u0131nda s\u0131z\u0131nt\u0131lar, d\u00fc\u015f\u00fck performans ve silindir hasar\u0131 yer almaktad\u0131r. Okuyucular\u0131n sorunlar\u0131 etkili bir \u015fekilde te\u015fhis edip \u00e7\u00f6zmelerine yard\u0131mc\u0131 olmak i\u00e7in sorun giderme ipu\u00e7lar\u0131 ve \u00e7\u00f6z\u00fcmleri sunulmal\u0131d\u0131r. Potansiyel sorunlar\u0131 en aza indirmek i\u00e7in \u00f6nleyici tedbirler de \u00f6nerilmelidir.<\/p>\n<div>\n  <img decoding=\"async\" src=\"https:\/\/www.hydraulic-cylinders.net\/wp-content\/uploads\/2025\/01\/songte-bushings-with-all-kinds-of-excavator-models.webp\" alt=\"Wacker E6003 i\u00e7in Kova Silindiri\">\n<\/div>\n<h3>\u015eirketimiz Hakk\u0131nda<\/h3>\n<p>Yedek hidrolik silindir \u00fcreticisi olarak, eksiksiz \u00fcr\u00fcn yelpazesiyle hem yurti\u00e7i hem de yurtd\u0131\u015f\u0131 pazarlarda \u00f6nde gelen hidrolik silindir \u00fcreticilerinden ve toptanc\u0131lar\u0131ndan biriyiz. M\u00fckemmel kalite ilkesini benimsiyor ve ince i\u015f\u00e7ilik gerektiren at\u00f6lye \u00fcretim y\u00f6netim stratejisine g\u00fcveniyoruz. \u015eirketimiz, at\u00f6lyenin \u00fcretim platformunu s\u00fcrekli geli\u015ftiriyor, \u00fcr\u00fcn kalitesinin \u00fcretim yolunu m\u00fckemmelle\u015ftiriyor ve y\u00fcksek verimlilik, y\u00fcksek hassasiyet ve y\u00fcksek kalite ile m\u00fc\u015fterilerin \u00e7e\u015fitli ihtiya\u00e7lar\u0131n\u0131 kar\u015f\u0131lamak i\u00e7in g\u00fc\u00e7l\u00fc bir yarat\u0131c\u0131l\u0131k yetene\u011fine sahip. <\/p>\n<p>\u015eirketimiz, uluslararas\u0131 sertifikasyonlardan \u00f6zelle\u015ftirilmi\u015f hizmetlere, geli\u015fmi\u015f \u00fcretim ekipmanlar\u0131na ve sat\u0131\u015f sonras\u0131 hizmetlere kadar uzanan profesyonel hizmetler sunmaktad\u0131r.<\/p>\n<div>\n  <img decoding=\"async\" src=\"https:\/\/hzpt.com\/wp-content\/uploads\/2024\/11\/songte-company-1.webp\" alt=\"Wacker E6003 i\u00e7in Kova Silindiri\">\n<\/div>\n<p>Yazar: lyl.<\/p>","protected":false},"excerpt":{"rendered":"<p>Bucket Cylinder For Wacker E6003 Introduction A bucket cylinder for Wacker E6003 is a specially designed hydraulic cylinder used primarily to control the movement of the bucket in heavy machinery such as excavators, backhoe loaders, and front loaders. Its main function is to allow the bucket to move up, down, and tilt, making it easy [&hellip;]<\/p>","protected":false},"featured_media":14773,"comment_status":"open","ping_status":"closed","template":"","meta":{"_et_pb_use_builder":"","_et_pb_old_content":"","_et_gb_content_width":""},"product_brand":[],"product_cat":[1494],"product_tag":[1495,1496],"class_list":{"0":"post-15906","1":"product","2":"type-product","3":"status-publish","4":"has-post-thumbnail","6":"product_cat-bucket-cylinders","7":"product_tag-bucket-cylinders","8":"product_tag-hydraulic-cylinders","10":"first","11":"instock","12":"shipping-taxable","13":"product-type-simple"},"amp_enabled":true,"_links":{"self":[{"href":"https:\/\/www.hydraulic-cylinders.net\/tr\/wp-json\/wp\/v2\/product\/15906","targetHints":{"allow":["GET"]}}],"collection":[{"href":"https:\/\/www.hydraulic-cylinders.net\/tr\/wp-json\/wp\/v2\/product"}],"about":[{"href":"https:\/\/www.hydraulic-cylinders.net\/tr\/wp-json\/wp\/v2\/types\/product"}],"replies":[{"embeddable":true,"href":"https:\/\/www.hydraulic-cylinders.net\/tr\/wp-json\/wp\/v2\/comments?post=15906"}],"wp:featuredmedia":[{"embeddable":true,"href":"https:\/\/www.hydraulic-cylinders.net\/tr\/wp-json\/wp\/v2\/media\/14773"}],"wp:attachment":[{"href":"https:\/\/www.hydraulic-cylinders.net\/tr\/wp-json\/wp\/v2\/media?parent=15906"}],"wp:term":[{"taxonomy":"product_brand","embeddable":true,"href":"https:\/\/www.hydraulic-cylinders.net\/tr\/wp-json\/wp\/v2\/product_brand?post=15906"},{"taxonomy":"product_cat","embeddable":true,"href":"https:\/\/www.hydraulic-cylinders.net\/tr\/wp-json\/wp\/v2\/product_cat?post=15906"},{"taxonomy":"product_tag","embeddable":true,"href":"https:\/\/www.hydraulic-cylinders.net\/tr\/wp-json\/wp\/v2\/product_tag?post=15906"}],"curies":[{"name":"wp","href":"https:\/\/api.w.org\/{rel}","templated":true}]}}