{"id":15912,"date":"2025-01-19T15:09:22","date_gmt":"2025-01-19T15:09:22","guid":{"rendered":"https:\/\/www.hydraulic-cylinders.net\/product\/bucket-cylinder-for-aotai-at60e-9\/"},"modified":"2025-01-19T15:09:24","modified_gmt":"2025-01-19T15:09:24","slug":"bucket-cylinder-for-aotai-at60e-9","status":"publish","type":"product","link":"https:\/\/www.hydraulic-cylinders.net\/tr\/urun\/bucket-cylinder-for-aotai-at60e-9\/","title":{"rendered":"Aotai AT60E-9 i\u00e7in Kep\u00e7e Silindiri"},"content":{"rendered":"<h1>Aotai AT60E-9 i\u00e7in Kep\u00e7e Silindiri<\/h1>\n<h2>girii\u015f<\/h2>\n<p>Kep\u00e7e silindiri, ekskavat\u00f6rler, kaz\u0131c\u0131 y\u00fckleyiciler ve \u00f6n y\u00fckleyiciler gibi a\u011f\u0131r makinelerde kep\u00e7enin hareketini kontrol etmek i\u00e7in tasarlanm\u0131\u015f \u00f6zel bir hidrolik silindirdir. Ana i\u015flevi, kep\u00e7enin kald\u0131r\u0131lmas\u0131n\u0131, indirilmesini ve e\u011filmesini sa\u011flayarak \u00e7e\u015fitli malzeme ta\u015f\u0131ma g\u00f6revlerinin daha kolay ger\u00e7ekle\u015ftirilmesine olanak tan\u0131makt\u0131r. Kep\u00e7e silindiri, hidrolik sistemdeki hidrolik ya\u011f bas\u0131nc\u0131ndaki de\u011fi\u015fiklikleri kullanarak kep\u00e7enin hareketlerinin hassas kontrol\u00fcn\u00fc sa\u011flar; bu da operat\u00f6rlerin a\u011f\u0131r y\u00fckleri verimli bir \u015fekilde ta\u015f\u0131mas\u0131na ve karma\u015f\u0131k \u00e7al\u0131\u015fma ortamlar\u0131na ve \u00e7e\u015fitli i\u015f gereksinimlerine uyum sa\u011flamas\u0131na olanak tan\u0131r.<\/p>\n<p><img decoding=\"async\" src=\"https:\/\/www.hydraulic-cylinders.net\/wp-content\/uploads\/2025\/01\/songte-company-2.webp\" alt=\"Aotai AT60E-9 i\u00e7in Kova Silindiri g\u00f6rseli\"><\/p>\n<h2>\u00d6zellikler<\/h2>\n<ul>\n<li>\n<h3>Y\u00fcksek G\u00fc\u00e7 ve Dayan\u0131kl\u0131l\u0131k<\/h3>\n<p>Genellikle y\u00fcksek mukavemetli \u00e7elik veya al\u00fcminyumdan \u00fcretilen kova silindiri, y\u00fcksek bas\u0131nca ve a\u011f\u0131r y\u00fcklere dayanabilir ve zorlu \u00e7al\u0131\u015fma ortamlar\u0131na uyum sa\u011flar. Tasar\u0131m\u0131, a\u015f\u0131nma ve korozyon direncini g\u00f6z \u00f6n\u00fcnde bulundurarak hizmet \u00f6mr\u00fcn\u00fc uzat\u0131r.<\/p>\n<\/li>\n<li>\n<h3>Verimli Hidrolik \u00c7al\u0131\u015fma<\/h3>\n<p>Hidrolik ya\u011f bas\u0131nc\u0131 kullan\u0131larak d\u00fczg\u00fcn uzatma ve daralma hareketleri ger\u00e7ekle\u015ftirilen kova silindiri, i\u015fletme komutlar\u0131na h\u0131zl\u0131 bir \u015fekilde yan\u0131t vererek a\u011f\u0131r y\u00fcklerin ve karma\u015f\u0131k i\u015f g\u00f6revlerinin \u00fcstesinden gelmek i\u00e7in uygun g\u00fc\u00e7l\u00fc itme ve \u00e7ekme kuvvetleri sa\u011flar.<\/p>\n<\/li>\n<li>\n<h3>\u00c7e\u015fitli T\u00fcrler<\/h3>\n<p>Kova silindiri, \u00e7al\u0131\u015fma gereksinimlerine ba\u011fl\u0131 olarak tek etkili (hidroli\u011fi yaln\u0131zca tek y\u00f6nde kullanan) veya \u00e7ift etkili (hidroli\u011fi her iki y\u00f6nde de kullanan) olabilir. Baz\u0131 modeller teleskopiktir ve d\u0131\u015f boyutlar\u0131 art\u0131rmadan daha fazla uzatmaya olanak tan\u0131yarak s\u0131n\u0131rl\u0131 alana sahip uygulamalar i\u00e7in uygun hale gelir.<\/p>\n<\/li>\n<li>\n<h3>\u015eirketimiz Taraf\u0131ndan \u00dcretilebilir<\/h3>\n<p>\u00dcr\u00fcn\u00fcm\u00fcz bu hidrolik silindirlerin yerine m\u00fckemmel bir \u015fekilde ge\u00e7ebilmektedir.<\/p>\n<\/li>\n<\/ul>\n<p><img decoding=\"async\" src=\"https:\/\/www.hydraulic-cylinders.net\/wp-content\/uploads\/2025\/01\/songte-cylinder-head-with-all-kinds-excavator-models.webp\" alt=\"Aotai AT60E-9\"><\/p>\n<h2>Uygulamalar<\/h2>\n<p>Kova silindiri a\u015fa\u011f\u0131dakiler gibi \u00e7e\u015fitli uygulamalarda kullan\u0131lmaktad\u0131r:<\/p>\n<ul>\n<li>\n<h3>\u0130n\u015faat Ekipmanlar\u0131<\/h3>\n<p>Ekskavat\u00f6rlerde kazma, y\u00fckleme ve toprak veya moloz ta\u015f\u0131ma i\u015flerinde vazge\u00e7ilmezdirler. Beko-loderlerde ise kova silindiri hem kazma hem de kald\u0131rma i\u015flerinde yard\u0131mc\u0131 olur. <\/p>\n<\/li>\n<li>\n<h3>Tar\u0131m Makinalar\u0131<\/h3>\n<p>\u00d6n y\u00fckleyicilerde toprak, saman ve di\u011fer malzemelerin kep\u00e7elenmesi, kald\u0131r\u0131lmas\u0131 ve ta\u015f\u0131nmas\u0131nda kullan\u0131l\u0131rlar. Ekskavat\u00f6rlerde kep\u00e7e silindiri topra\u011f\u0131 kazmay\u0131 sa\u011flar. \u00d6n y\u00fckleyicilerde ise y\u00fck\u00fcn etkili bir \u015fekilde kald\u0131r\u0131lmas\u0131na ve bo\u015falt\u0131lmas\u0131na yard\u0131mc\u0131 olurlar.<\/p>\n<\/li>\n<\/ul>\n<h2>Tasar\u0131m Hususlar\u0131 ve Se\u00e7im Kriterleri<\/h2>\n<p>Kova silindiri tasar\u0131m\u0131nda dikkate al\u0131nmas\u0131 gereken hususlar aras\u0131nda y\u00fck ta\u015f\u0131ma kapasitesi, s\u0131zd\u0131rmazl\u0131k, dayan\u0131kl\u0131l\u0131k, g\u00fcvenlik ve bak\u0131m kolayl\u0131\u011f\u0131 yer almaktad\u0131r. Tart\u0131\u015f\u0131lacak temel noktalar \u015funlard\u0131r:<\/p>\n<ul>\n<li>\n<h3>Y\u00fck Ta\u015f\u0131ma Kapasitesi<\/h3>\n<p>Kep\u00e7e silindiri, ta\u015f\u0131nan malzemenin a\u011f\u0131rl\u0131\u011f\u0131na ve \u00e7al\u0131\u015fma s\u0131ras\u0131nda olu\u015fan kuvvetlere dayanabilecek kapasitede olmal\u0131d\u0131r.<\/p>\n<\/li>\n<li>\n<h3>S\u0131zd\u0131rmazl\u0131k<\/h3>\n<p>Hidrolik s\u0131v\u0131n\u0131n s\u0131zmas\u0131n\u0131 \u00f6nlemek i\u00e7in piston contalar\u0131 ve mil contalar\u0131 gibi \u00e7e\u015fitli conta t\u00fcrleri kullan\u0131l\u0131r ve bu contalar y\u00fcksek s\u0131cakl\u0131k ve bas\u0131nca dayan\u0131kl\u0131 olmal\u0131d\u0131r.<\/p>\n<\/li>\n<li>\n<h3>Dayan\u0131kl\u0131l\u0131k<\/h3>\n<p>Kova silindiri, zorlu \u00e7al\u0131\u015fma ko\u015fullar\u0131na dayanacak ve zamanla a\u015f\u0131nmaya ve y\u0131pranmaya kar\u015f\u0131 diren\u00e7 g\u00f6sterecek \u015fekilde tasarlanmal\u0131d\u0131r.<\/p>\n<\/li>\n<li>\n<h3>Emniyet<\/h3>\n<p>Kova silindiri, s\u0131z\u0131nt\u0131 veya silindir ar\u0131zas\u0131 gibi kazalar\u0131n riskini en aza indirecek \u015fekilde tasarlanmal\u0131 ve monte edilmelidir.<\/p>\n<\/li>\n<li>\n<h3>Bak\u0131m kolayl\u0131\u011f\u0131<\/h3>\n<p>Kova silindiri, contalara ve silindirin i\u00e7 k\u0131sm\u0131na kolay eri\u015fim de dahil olmak \u00fczere, bak\u0131m ve onar\u0131m\u0131 kolayla\u015ft\u0131racak \u015fekilde tasarlanmal\u0131d\u0131r.<\/p>\n<\/li>\n<\/ul>\n<p><img decoding=\"async\" src=\"https:\/\/www.hydraulic-cylinders.net\/wp-content\/uploads\/2025\/01\/songte-oil-pipes-and-spare-parts.webp\" alt=\"Aotai AT60E-9 Yedek Par\u00e7alar\u0131\"><\/p>\n<h2>Kova Silindiri i\u00e7in S\u0131zd\u0131rmazl\u0131k ve Ya\u011flama<\/h2>\n<p>Kova silindirinin uzun \u00f6m\u00fcrl\u00fc olmas\u0131 i\u00e7in s\u0131zd\u0131rmazl\u0131k ve ya\u011flama i\u015flemleri \u015fartt\u0131r. A\u015fa\u011f\u0131daki uygulamalar \u00f6nerilir:<\/p>\n<ul>\n<li>\n<h3>Dayan\u0131kl\u0131 Contalar\u0131n Kullan\u0131m\u0131<\/h3>\n<p>Piston contalar\u0131 ve mil contalar\u0131 gibi s\u0131zd\u0131rmazl\u0131k elemanlar\u0131, poli\u00fcretan ve nitril kau\u00e7uk gibi a\u015f\u0131nmaya dayan\u0131kl\u0131 malzemelerden yap\u0131lmal\u0131d\u0131r.<\/p>\n<\/li>\n<li>\n<h3>\u0130nce Y\u00fczey \u0130\u015fleme<\/h3>\n<p>A\u015f\u0131nma direncini art\u0131rmak i\u00e7in silindir ve di\u015fli y\u00fczeyleri ince bir \u015fekilde i\u015flenmelidir.<\/p>\n<\/li>\n<li>\n<h3>D\u00fczenli Ya\u011flama<\/h3>\n<p>Kep\u00e7e silindiri, d\u00fczenli aral\u0131klarla uygun miktarda hidrolik ya\u011f ile ya\u011flanmal\u0131d\u0131r.<\/p>\n<\/li>\n<\/ul>\n<h2>Bak\u0131m ve Onar\u0131m<\/h2>\n<p>Kep\u00e7e silindirinin g\u00fcvenilirli\u011fini korumak ve kullan\u0131m \u00f6mr\u00fcn\u00fc uzatmak i\u00e7in d\u00fczenli kontrol ve \u00f6nleyici bak\u0131m \u00f6nlemleri \u015fartt\u0131r. Yayg\u0131n bak\u0131m g\u00f6revleri \u015funlard\u0131r:<\/p>\n<ul>\n<li>\n<h3>D\u00fczenli Denetimler<\/h3>\n<p>Kep\u00e7e silindirinin durumunu de\u011ferlendirmek ve herhangi bir hasar veya a\u015f\u0131nma belirtisini tespit etmek i\u00e7in periyodik kontroller yap\u0131lmal\u0131d\u0131r.<\/p>\n<\/li>\n<li>\n<h3>Uygun Ya\u011flama<\/h3>\n<p>Kep\u00e7e silindirinin sorunsuz \u00e7al\u0131\u015fmas\u0131 i\u00e7in uygun \u015fekilde ya\u011flanmas\u0131 gerekir.<\/p>\n<\/li>\n<li>\n<h3>Conta De\u011fi\u015fimi<\/h3>\n<p>A\u015f\u0131nm\u0131\u015f contalar, hidrolik s\u0131v\u0131 s\u0131z\u0131nt\u0131s\u0131n\u0131 \u00f6nlemek ve d\u00fczg\u00fcn \u00e7al\u0131\u015fmay\u0131 sa\u011flamak i\u00e7in en k\u0131sa s\u00fcrede de\u011fi\u015ftirilmelidir.<\/p>\n<\/li>\n<li>\n<h3>Hizalama Kontrol\u00fc<\/h3>\n<p>Silindirin do\u011fru hizalanmas\u0131, etkili \u00e7al\u0131\u015fmas\u0131 i\u00e7in \u00e7ok \u00f6nemlidir. Silindiri yerine sabitlemek i\u00e7in uygun montaj desteklerinin kullan\u0131lmas\u0131 \u00f6nerilir.<\/p>\n<\/li>\n<li>\n<h3>Par\u00e7a De\u011fi\u015fimi ve Yeniden Yap\u0131m Hizmetleri<\/h3>\n<p>Kep\u00e7e silindirinin \u00f6mr\u00fcn\u00fc ve performans\u0131n\u0131 art\u0131rmak i\u00e7in yedek par\u00e7alar ve onar\u0131m hizmetleri mevcuttur.<\/p>\n<\/li>\n<\/ul>\n<p><img decoding=\"async\" src=\"https:\/\/www.hydraulic-cylinders.net\/wp-content\/uploads\/2025\/01\/songte-chushion-collar.webp\" alt=\"Aotai AT60E-9 Yast\u0131k Yakas\u0131 i\u00e7in Kova Silindiri\"><\/p>\n<h2>G\u00fcvenlik Hususlar\u0131 ve \u00c7evresel Fakt\u00f6rler<\/h2>\n<p>Hidrolik silindirlerle \u00e7al\u0131\u015f\u0131rken kazalar\u0131 \u00f6nlemek ve operat\u00f6rlerin ve \u00e7evredeki ki\u015filerin g\u00fcvenli\u011fini sa\u011flamak i\u00e7in g\u00fcvenlik \u00f6nlemleri \u00e7ok \u00f6nemlidir. Y\u00fcksek s\u0131cakl\u0131k, nem ve korozyon gibi \u00e7evresel fakt\u00f6rler de kova silindirinin performans\u0131n\u0131 ve \u00f6mr\u00fcn\u00fc etkileyebilir.<\/p>\n<h2>Sorun Giderme ve Yayg\u0131n Sorunlar<\/h2>\n<p>A\u015fa\u011f\u0131da, kova silindirlerinde s\u0131k kar\u015f\u0131la\u015f\u0131lan baz\u0131 sorunlar ve olas\u0131 \u00e7\u00f6z\u00fcmler yer almaktad\u0131r:<\/p>\n<ul>\n<li>\n<h3>S\u0131z\u0131nt\u0131<\/h3>\n<p>Kep\u00e7e silindirlerinde hidrolik s\u0131v\u0131 s\u0131z\u0131nt\u0131s\u0131 s\u0131k kar\u015f\u0131la\u015f\u0131lan bir sorundur ve hasarl\u0131 contalar, yanl\u0131\u015f hizalanm\u0131\u015f bile\u015fenler veya a\u015f\u0131nm\u0131\u015f par\u00e7alar nedeniyle olu\u015fabilir. \u00c7\u00f6z\u00fcm, ar\u0131zal\u0131 bile\u015fenleri derhal de\u011fi\u015ftirmektir.<\/p>\n<\/li>\n<li>\n<h3>G\u00fc\u00e7 Eksikli\u011fi<\/h3>\n<p>Kep\u00e7e silindiri yeterli g\u00fc\u00e7 sa\u011flam\u0131yorsa, bunun nedeni d\u00fc\u015f\u00fck hidrolik s\u0131v\u0131 bas\u0131nc\u0131 veya ar\u0131zal\u0131 bir hidrolik pompa olabilir. \u00c7\u00f6z\u00fcm, hidrolik bas\u0131nc\u0131 kontrol edip ayarlamak ve gerekirse hidrolik pompay\u0131 de\u011fi\u015ftirmektir.<\/p>\n<\/li>\n<li>\n<h3>S\u0131k\u0131\u015fm\u0131\u015f Silindir<\/h3>\n<p>Kep\u00e7e silindiri tek bir pozisyonda s\u0131k\u0131\u015fm\u0131\u015fsa, bunun nedeni hasarl\u0131 bir piston veya kol ya da yanl\u0131\u015f hizalanm\u0131\u015f bir par\u00e7a olabilir. \u00c7\u00f6z\u00fcm, ar\u0131zal\u0131 par\u00e7alar\u0131 de\u011fi\u015ftirmek ve silindiri do\u011fru \u015fekilde hizalamakt\u0131r.<\/p>\n<\/li>\n<\/ul>\n<p><img decoding=\"async\" src=\"https:\/\/www.hydraulic-cylinders.net\/wp-content\/uploads\/2025\/01\/songte-bushings-with-all-kinds-of-excavator-models.webp\" alt=\"Aotai AT60E-9 Bur\u00e7lar\u0131 i\u00e7in Kova Silindiri\"><\/p>\n<h2>\u015eirketimiz Hakk\u0131nda<\/h2>\n<p>Komple \u00fcr\u00fcn yelpazesiyle yedek hidrolik silindir \u00fcreticisiyiz ve hem yurt i\u00e7i hem de uluslararas\u0131 pazarlarda \u00f6nde gelen hidrolik silindir \u00fcreticilerinden ve toptanc\u0131lar\u0131ndan biriyiz. M\u00fckemmel kalite ilkesini benimsiyor ve ince i\u015flenmi\u015f \u00fcretim at\u00f6lyelerinde end\u00fcstriyel \u00fcretim y\u00f6netim stratejilerine g\u00fcveniyoruz. Teknoloji yetenekleri, dijital \u00fcst d\u00fczey \u00fcretim ekipmanlar\u0131 ve profesyonel test sistemlerinden yararlanarak, at\u00f6lyeler i\u00e7in \u00fcretim platformunu s\u00fcrekli geli\u015ftiriyor, \u00fcr\u00fcn kalitesi \u00fcretim s\u00fcre\u00e7lerini iyile\u015ftiriyor ve y\u00fcksek verimlilik, do\u011fruluk ve kaliteyle m\u00fc\u015fteri taleplerini kar\u015f\u0131lamak i\u00e7in g\u00fc\u00e7l\u00fc bir yarat\u0131c\u0131l\u0131k yetene\u011fine sahibiz.<\/p>\n<ul>\n<li>\n<h3>Profesyonellik<\/h3>\n<p>\u015eirketimiz, \u00fcr\u00fcnlerimizin kalitesini sa\u011flamak i\u00e7in g\u00fc\u00e7l\u00fc bir teknik ekibe, geli\u015fmi\u015f \u00fcretim ekipman\u0131na ve profesyonel test sistemlerine sahiptir.<\/p>\n<\/li>\n<li>\n<h3>Uluslararas\u0131 Sertifikasyon<\/h3>\n<p>\u00dcr\u00fcnlerimiz ISO9001:2015, SGS ve CE gibi \u00e7e\u015fitli uluslararas\u0131 sertifikalar\u0131 alm\u0131\u015ft\u0131r.<\/p>\n<\/li>\n<li>\n<h3>\u00d6zelle\u015ftirme Hizmetleri<\/h3>\n<p>M\u00fc\u015fterilerimizin \u00e7e\u015fitli ihtiya\u00e7lar\u0131n\u0131 kar\u015f\u0131lamak i\u00e7in, onlar\u0131n gereksinimlerine g\u00f6re \u00f6zelle\u015ftirilmi\u015f hizmetler sunuyoruz.<\/p>\n<\/li>\n<li>\n<h3>\u00dcretim Ekipmanlar\u0131<\/h3>\n<p>\u00dcr\u00fcn kalitesini ve \u00fcretim verimlili\u011fini art\u0131rmak i\u00e7in otomatik kaynak makineleri, CNC i\u015fleme merkezleri ve hassas ta\u015flama makineleri gibi geli\u015fmi\u015f \u00fcretim ekipmanlar\u0131 kullan\u0131yoruz.<\/p>\n<\/li>\n<li>\n<h3>Sat\u0131\u015f Sonras\u0131 Hizmetler<\/h3>\n<p>M\u00fc\u015fteri memnuniyetini sa\u011flamak i\u00e7in teknik destek, garanti ve onar\u0131m hizmetleri de dahil olmak \u00fczere kapsaml\u0131 bir sat\u0131\u015f sonras\u0131 hizmet sunuyoruz.<\/p>\n<\/li>\n<\/ul>\n<p><img decoding=\"async\" src=\"https:\/\/hzpt.com\/wp-content\/uploads\/2024\/11\/songte-company-1.webp\" alt=\"Aotai AT60E-9 i\u00e7in Kep\u00e7e Silindiri\"><\/p>\n<p>Yazar: lyl.<\/p>","protected":false},"excerpt":{"rendered":"<p>Bucket Cylinder for Aotai AT60E-9 Introduction A bucket cylinder is a specialized hydraulic cylinder designed for controlling the motion of the bucket in heavy machinery such as excavators, backhoe loaders, and front-end loaders. Its main function is to enable the bucket to lift, lower, and tilt, making it easier to carry out various material handling [&hellip;]<\/p>","protected":false},"featured_media":14789,"comment_status":"open","ping_status":"closed","template":"","meta":{"_et_pb_use_builder":"","_et_pb_old_content":"","_et_gb_content_width":""},"product_brand":[],"product_cat":[1494],"product_tag":[1495,1496],"class_list":{"0":"post-15912","1":"product","2":"type-product","3":"status-publish","4":"has-post-thumbnail","6":"product_cat-bucket-cylinders","7":"product_tag-bucket-cylinders","8":"product_tag-hydraulic-cylinders","10":"first","11":"instock","12":"shipping-taxable","13":"product-type-simple"},"amp_enabled":true,"_links":{"self":[{"href":"https:\/\/www.hydraulic-cylinders.net\/tr\/wp-json\/wp\/v2\/product\/15912","targetHints":{"allow":["GET"]}}],"collection":[{"href":"https:\/\/www.hydraulic-cylinders.net\/tr\/wp-json\/wp\/v2\/product"}],"about":[{"href":"https:\/\/www.hydraulic-cylinders.net\/tr\/wp-json\/wp\/v2\/types\/product"}],"replies":[{"embeddable":true,"href":"https:\/\/www.hydraulic-cylinders.net\/tr\/wp-json\/wp\/v2\/comments?post=15912"}],"wp:featuredmedia":[{"embeddable":true,"href":"https:\/\/www.hydraulic-cylinders.net\/tr\/wp-json\/wp\/v2\/media\/14789"}],"wp:attachment":[{"href":"https:\/\/www.hydraulic-cylinders.net\/tr\/wp-json\/wp\/v2\/media?parent=15912"}],"wp:term":[{"taxonomy":"product_brand","embeddable":true,"href":"https:\/\/www.hydraulic-cylinders.net\/tr\/wp-json\/wp\/v2\/product_brand?post=15912"},{"taxonomy":"product_cat","embeddable":true,"href":"https:\/\/www.hydraulic-cylinders.net\/tr\/wp-json\/wp\/v2\/product_cat?post=15912"},{"taxonomy":"product_tag","embeddable":true,"href":"https:\/\/www.hydraulic-cylinders.net\/tr\/wp-json\/wp\/v2\/product_tag?post=15912"}],"curies":[{"name":"wp","href":"https:\/\/api.w.org\/{rel}","templated":true}]}}