{"id":15914,"date":"2025-01-19T15:09:31","date_gmt":"2025-01-19T15:09:31","guid":{"rendered":"https:\/\/www.hydraulic-cylinders.net\/product\/bucket-cylinder-for-aotai-at90e-9\/"},"modified":"2025-01-19T15:09:33","modified_gmt":"2025-01-19T15:09:33","slug":"bucket-cylinder-for-aotai-at90e-9","status":"publish","type":"product","link":"https:\/\/www.hydraulic-cylinders.net\/tr\/urun\/bucket-cylinder-for-aotai-at90e-9\/","title":{"rendered":"Aotai AT90E-9 i\u00e7in Kova Silindiri"},"content":{"rendered":"<h1>Aotai AT90E-9 i\u00e7in Kova Silindiri<\/h1>\n<h2>girii\u015f<\/h2>\n<p>Aotai AT90E-9 Kova Silindiri, ekskavat\u00f6rler, beko-loderler ve \u00f6n y\u00fckleyiciler gibi a\u011f\u0131r makinelerde kovan\u0131n hareketini kontrol etmek i\u00e7in tasarlanm\u0131\u015f \u00f6zel bir hidrolik silindirdir. Ana i\u015flevi, kovan\u0131n kald\u0131r\u0131lmas\u0131n\u0131, indirilmesini ve e\u011filmesini kolayla\u015ft\u0131rarak \u00e7e\u015fitli malzeme ta\u015f\u0131ma g\u00f6revlerinin ger\u00e7ekle\u015ftirilmesini kolayla\u015ft\u0131rmakt\u0131r. Hidrolik sistemde, kova silindiri, hidrolik ya\u011f bas\u0131nc\u0131ndaki de\u011fi\u015fikliklerden yararlanarak kovan\u0131n hassas kontrol\u00fcn\u00fc sa\u011flar ve operat\u00f6rlerin a\u011f\u0131r y\u00fckleri verimli bir \u015fekilde ta\u015f\u0131mas\u0131na ve karma\u015f\u0131k \u00e7al\u0131\u015fma ortamlar\u0131na ve \u00e7e\u015fitli i\u015f gereksinimlerine uyum sa\u011flamas\u0131na olanak tan\u0131r.<\/p>\n<p><img decoding=\"async\" src=\"https:\/\/www.hydraulic-cylinders.net\/wp-content\/uploads\/2025\/01\/songte-company-2.webp\" alt=\"Kova Silindiri G\u00f6r\u00fcnt\u00fcs\u00fc\"><\/p>\n<h2>\u00d6zellikler<\/h2>\n<ul>\n<li><strong>Y\u00fcksek Dayan\u0131kl\u0131l\u0131k ve Dayan\u0131kl\u0131l\u0131k:<\/strong> Y\u00fcksek mukavemetli \u00e7elik veya al\u00fcminyumdan \u00fcretilen kova silindiri, y\u00fcksek bas\u0131nca ve a\u011f\u0131r y\u00fcklere dayanabilir ve zorlu \u00e7al\u0131\u015fma ortamlar\u0131na uyum sa\u011flar. Tasar\u0131m\u0131nda a\u015f\u0131nma ve korozyon direnci g\u00f6z \u00f6n\u00fcnde bulundurularak kullan\u0131m \u00f6mr\u00fc uzat\u0131l\u0131r.<\/li>\n<li><strong>Verimli Hidrolik \u00c7al\u0131\u015fma:<\/strong> Hidrolik ya\u011f\u0131n bas\u0131nc\u0131ndan yararlanan kova silindiri, yumu\u015fak uzatma ve geri \u00e7ekme hareketleri ger\u00e7ekle\u015ftirerek kontrol komutlar\u0131na h\u0131zl\u0131 tepki vermeyi ve g\u00fc\u00e7l\u00fc itme ve \u00e7ekme kuvvetleri sa\u011flamay\u0131 m\u00fcmk\u00fcn k\u0131larak a\u011f\u0131r y\u00fckleri ve karma\u015f\u0131k i\u015f g\u00f6revlerini ta\u015f\u0131maya uygun hale getirir.<\/li>\n<li><strong>\u00c7e\u015fitli Tipler:<\/strong> Farkl\u0131 operasyonel gereksinimleri kar\u015f\u0131lamak i\u00e7in tek etkili (sadece tek y\u00f6nde hidrolik bas\u0131n\u00e7 uygulanan) veya \u00e7ift etkili (her iki y\u00f6nde hidrolik bas\u0131n\u00e7 uygulanan) silindirler mevcuttur. Baz\u0131 modeller teleskopiktir ve d\u0131\u015f boyutlar\u0131 art\u0131rmadan daha fazla uzatma olana\u011f\u0131 sa\u011flayarak, alan k\u0131s\u0131tlamas\u0131 olan uygulamalar i\u00e7in uygundur.<\/li>\n<li><strong>\u00dcr\u00fcn De\u011fi\u015fimi:<\/strong> \u00dcr\u00fcnlerimiz bu hidrolik silindirlerin yerini m\u00fckemmel \u015fekilde alabilecek kapasitededir.<\/li>\n<\/ul>\n<p><img decoding=\"async\" src=\"https:\/\/www.hydraulic-cylinders.net\/wp-content\/uploads\/2025\/01\/songte-cylinder-head-with-all-kinds-excavator-models.webp\" alt=\"\u00dcr\u00fcn De\u011fi\u015ftirme G\u00f6rseli\"><\/p>\n<h2>Uygulamalar<\/h2>\n<p>Aotai AT90E-9 i\u00e7in Kova Silindiri, a\u015fa\u011f\u0131dakiler de dahil olmak \u00fczere \u00e7e\u015fitli end\u00fcstrilerde ve ekipmanlarda uygulama alan\u0131 bulmaktad\u0131r:<\/p>\n<ul>\n<li>\u0130n\u015faat Ekipmanlar\u0131: Ekskavat\u00f6rler i\u00e7in toprak veya moloz kazma, y\u00fckleme ve ta\u015f\u0131mada hayati \u00f6nem ta\u015f\u0131r. Beko-loderlerde, kova silindiri hem kazma hem de kald\u0131rmada yard\u0131mc\u0131 olur.<\/li>\n<li>Tar\u0131m Makinalar\u0131: \u00d6n y\u00fckleyicilerde toprak, saman ve di\u011fer malzemeleri kep\u00e7elemek, kald\u0131rmak ve ta\u015f\u0131mak i\u00e7in kullan\u0131l\u0131r.<\/li>\n<li>Ekskavat\u00f6rler: Kova silindiri, kovan\u0131n topra\u011fa n\u00fcfuz etmesini sa\u011flayarak kazma i\u015flemini ger\u00e7ekle\u015ftirir.<\/li>\n<li>\u00d6n Y\u00fckleyiciler: \u00d6n y\u00fckleyiciler, mallar\u0131n etkili bir \u015fekilde kald\u0131r\u0131lmas\u0131na ve bo\u015falt\u0131lmas\u0131na yard\u0131mc\u0131 olurlar.<\/li>\n<\/ul>\n<h2>Tasar\u0131m Hususlar\u0131 ve Se\u00e7im Kriterleri<\/h2>\n<ul>\n<li><strong>Ta\u015f\u0131ma Kapasitesi:<\/strong> Kova silindirinin a\u011f\u0131r y\u00fcklere dayanma kabiliyeti \u00f6nemli bir tasar\u0131m hususudur.<\/li>\n<li><strong>S\u0131zd\u0131rmazl\u0131k:<\/strong> S\u0131z\u0131nt\u0131y\u0131 \u00f6nlemek ve silindirin sorunsuz \u00e7al\u0131\u015fmas\u0131n\u0131 sa\u011flamak i\u00e7in etkili s\u0131zd\u0131rmazl\u0131k olmazsa olmazd\u0131r. Poli\u00fcretan ve nitril kau\u00e7uk gibi a\u015f\u0131nmaya dayan\u0131kl\u0131 malzemelerden yap\u0131lm\u0131\u015f piston contalar\u0131 ve piston kolu contalar\u0131 gibi \u00e7e\u015fitli s\u0131zd\u0131rmazl\u0131k bile\u015fenleri kullan\u0131lmaktad\u0131r.<\/li>\n<li><strong>Dayan\u0131kl\u0131l\u0131k:<\/strong> Silindirin tasar\u0131m\u0131nda a\u015f\u0131nma ve korozyona kar\u015f\u0131 direncini art\u0131ran malzemeler ve y\u00fczey i\u015flemleri kullan\u0131lm\u0131\u015f olup, bu sayede silindirin kullan\u0131m \u00f6mr\u00fc uzat\u0131lm\u0131\u015ft\u0131r.<\/li>\n<li><strong>Emniyet:<\/strong> G\u00fcvenli \u00e7al\u0131\u015fmay\u0131 sa\u011flamak i\u00e7in bas\u0131n\u00e7 tahliye vanalar\u0131 ve do\u011fru montaj talimatlar\u0131 gibi g\u00fcvenlik \u00f6zellikleri dikkate al\u0131n\u0131r.<\/li>\n<li><strong>Bak\u0131m kolayl\u0131\u011f\u0131:<\/strong> Tasar\u0131mda bak\u0131m ve onar\u0131m i\u00e7in kolay eri\u015fim \u00f6n planda tutularak, etkin denetim, ya\u011flama ve par\u00e7a de\u011fi\u015fimine olanak sa\u011flanm\u0131\u015ft\u0131r.<\/li>\n<\/ul>\n<p><img decoding=\"async\" src=\"https:\/\/www.hydraulic-cylinders.net\/wp-content\/uploads\/2025\/01\/songte-oil-pipes-and-spare-parts.webp\" alt=\"Tasar\u0131m Hususlar\u0131 G\u00f6rseli\"><\/p>\n<h2>S\u0131zd\u0131rmazl\u0131k ve Ya\u011flama<\/h2>\n<p>Kova silindiri, poli\u00fcretan ve nitril kau\u00e7uk gibi a\u015f\u0131nmaya dayan\u0131kl\u0131 malzemelerden yap\u0131lm\u0131\u015f piston contalar\u0131 ve piston kolu contalar\u0131 gibi \u00e7e\u015fitli s\u0131zd\u0131rmazl\u0131k bile\u015fenleri kullan\u0131r. Silindir g\u00f6vdesi ve di\u015fli u\u00e7lar\u0131, a\u015f\u0131nma direncini art\u0131rmak i\u00e7in hassas bir \u015fekilde i\u015flenmi\u015ftir. Sorunsuz \u00e7al\u0131\u015fma sa\u011flamak i\u00e7in uygun miktarda hidrolik ya\u011f ile d\u00fczenli ya\u011flama gereklidir.<\/p>\n<h2>Muayene ve \u00d6nleyici Bak\u0131m<\/h2>\n<ul>\n<li>Kova silindirini d\u00fczenli olarak hasar, s\u0131z\u0131nt\u0131 veya a\u015f\u0131nma belirtileri a\u00e7\u0131s\u0131ndan inceleyin.<\/li>\n<li>T\u00fcm hareketli par\u00e7alar\u0131n uygun \u015fekilde ya\u011fland\u0131\u011f\u0131ndan emin olun.<\/li>\n<li>S\u0131zd\u0131rmazl\u0131k etkinli\u011fini korumak i\u00e7in a\u015f\u0131nm\u0131\u015f veya hasarl\u0131 contalar\u0131 de\u011fi\u015ftirin.<\/li>\n<li>Do\u011fru \u00e7al\u0131\u015fmay\u0131 sa\u011flamak i\u00e7in kalibrasyon kontrollerini ger\u00e7ekle\u015ftirin.<\/li>\n<\/ul>\n<h2>Do\u011fru \u00dcr\u00fcn Kurulumu<\/h2>\n<p>Optimum performans i\u00e7in kova silindirinin do\u011fru \u015fekilde tak\u0131lmas\u0131 \u00e7ok \u00f6nemlidir. A\u015fa\u011f\u0131daki y\u00f6nergeleri izleyin:<\/p>\n<ul>\n<li>Montaj s\u0131ras\u0131nda silindirin do\u011fru hizaland\u0131\u011f\u0131ndan emin olun.<\/li>\n<li>Silindiri sabitlemek i\u00e7in uygun montaj braketlerini kullan\u0131n.<\/li>\n<li>\u00d6nerilen muayene, onar\u0131m ve de\u011fi\u015ftirme prosed\u00fcrlerini izleyin.<\/li>\n<li>Silindirin \u00f6mr\u00fcn\u00fc uzatmak i\u00e7in yeniden yap\u0131m hizmetleri ve yedek par\u00e7a temini sa\u011fl\u0131yoruz.<\/li>\n<\/ul>\n<p><img decoding=\"async\" src=\"https:\/\/www.hydraulic-cylinders.net\/wp-content\/uploads\/2025\/01\/songte-chushion-collar.webp\" alt=\"Kurulum K\u0131lavuzu G\u00f6rseli\"><\/p>\n<h2>G\u00fcvenlik Hususlar\u0131 ve \u00c7evresel Fakt\u00f6rler<\/h2>\n<p>Kova silindiri kullan\u0131l\u0131rken, kazalar\u0131 \u00f6nlemek ve g\u00fcvenli bir \u00e7al\u0131\u015fma ortam\u0131 sa\u011flamak i\u00e7in g\u00fcvenlik \u00f6nlemlerine \u00f6ncelik vermek \u00e7ok \u00f6nemlidir. Silindirin kullan\u0131m\u0131 ve \u00e7al\u0131\u015ft\u0131r\u0131lmas\u0131 s\u0131ras\u0131nda yeterli g\u00fcvenlik \u00f6nlemleri al\u0131nmal\u0131d\u0131r.<\/p>\n<h2>Ar\u0131za Te\u015fhisi ve Yayg\u0131n Sorunlar<\/h2>\n<p>Kova silindirinde meydana gelebilecek yayg\u0131n ar\u0131zalar ve sorunlar aras\u0131nda s\u0131z\u0131nt\u0131, yetersiz bas\u0131n\u00e7 ve d\u00fczensiz hareket bulunur. Bu sorunlar, a\u015fa\u011f\u0131daki ipu\u00e7lar\u0131 ve \u00e7\u00f6z\u00fcmler kullan\u0131larak te\u015fhis edilip \u00e7\u00f6z\u00fclebilir:<\/p>\n<ul>\n<li>Olas\u0131 sorunlar\u0131 erkenden tespit etmek i\u00e7in silindiri d\u00fczenli olarak kontrol edin ve bak\u0131m\u0131n\u0131 yap\u0131n.<\/li>\n<li>T\u00fcm ba\u011flant\u0131lar\u0131n d\u00fczg\u00fcn bir \u015fekilde s\u0131k\u0131ld\u0131\u011f\u0131ndan ve kapat\u0131ld\u0131\u011f\u0131ndan emin olun.<\/li>\n<li>Gerekti\u011finde bas\u0131n\u00e7 ayarlar\u0131n\u0131 kontrol edin ve ayarlay\u0131n.<\/li>\n<li>Olas\u0131 sorunlar\u0131n ortaya \u00e7\u0131kmas\u0131n\u0131 en aza indirmek i\u00e7in \u00f6nleyici tedbirleri al\u0131n.<\/li>\n<\/ul>\n<p><img decoding=\"async\" src=\"https:\/\/www.hydraulic-cylinders.net\/wp-content\/uploads\/2025\/01\/songte-bushings-with-all-kinds-of-excavator-models.webp\" alt=\"Ar\u0131za Te\u015fhis G\u00f6r\u00fcnt\u00fcs\u00fc\"><\/p>\n<p>Makaleyi mant\u0131kl\u0131 bir \u015fekilde d\u00fczenlemeyi, kolay gezinme i\u00e7in alt ba\u015fl\u0131klar kullanmay\u0131, anlay\u0131\u015f\u0131 geli\u015ftirmek i\u00e7in ilgili g\u00f6rseller veya grafikler eklemeyi ve i\u00e7eri\u011fin a\u00e7\u0131k, \u00f6z ve farkl\u0131 teknik bilgilere sahip okuyucular i\u00e7in uygun olmas\u0131n\u0131 sa\u011flamay\u0131 unutmay\u0131n.<\/p>\n<h2>\u015eirket Tan\u0131t\u0131m\u0131<\/h2>\n<p>Yedek hidrolik silindir \u00fcretiminde uzmanla\u015fm\u0131\u015f bir \u00fcreticiyiz. Geni\u015f \u00fcr\u00fcn yelpazemizle, yurt i\u00e7i ve yurt d\u0131\u015f\u0131 pazarlarda lider hidrolik silindir \u00fcreticilerinden ve toptan da\u011f\u0131t\u0131c\u0131lar\u0131ndan biri haline geldik. M\u00fckemmel kalite, geli\u015fmi\u015f \u00fcretim at\u00f6lyelerine dayal\u0131 end\u00fcstriyel \u00fcretim y\u00f6netimi stratejileri ve teknolojik yetenek, geli\u015fmi\u015f dijital \u00fcretim ekipmanlar\u0131 ve profesyonel test sistemleri kullanarak \u00fcretim platformumuzu s\u00fcrekli iyile\u015ftirme ilkelerine ba\u011fl\u0131 kal\u0131yoruz. Verimlilik, hassasiyet ve y\u00fcksek kalite prensiplerimizle, m\u00fc\u015fterilerimizin \u00e7e\u015fitli ihtiya\u00e7lar\u0131n\u0131 kar\u015f\u0131lamay\u0131 hedefliyoruz.<\/p>\n<p><img decoding=\"async\" src=\"https:\/\/hzpt.com\/wp-content\/uploads\/2024\/11\/songte-company-1.webp\" alt=\"\u015eirket \u0130maj\u0131\"><\/p>\n<p>Ayr\u0131ca, profesyonellik, uluslararas\u0131 sertifikalar, \u00f6zelle\u015ftirilmi\u015f hizmetler, geli\u015fmi\u015f \u00fcretim ekipmanlar\u0131 ve kapsaml\u0131 sat\u0131\u015f sonras\u0131 hizmetler sunuyoruz. M\u00fc\u015fteri memnuniyeti ve \u00fcr\u00fcn kalitesine olan ba\u011fl\u0131l\u0131\u011f\u0131m\u0131z bizi rakiplerimizden ay\u0131r\u0131yor.<\/p>\n<p><img decoding=\"async\" src=\"https:\/\/www.hydraulic-cylinders.net\/wp-content\/uploads\/2025\/01\/songte-company-3.webp\" alt=\"\u015eirket Tan\u0131t\u0131m G\u00f6rseli\"><\/p>\n<p>Yazar: lyl<\/p>","protected":false},"excerpt":{"rendered":"<p>Bucket Cylinder For Aotai AT90E-9 Introduction The Bucket Cylinder for Aotai AT90E-9 is a specialized hydraulic cylinder designed to control the movement of the bucket in heavy machinery such as excavators, backhoe loaders, and front-end loaders. Its main function is to facilitate lifting, lowering, and tilting of the bucket, making it easier to handle various [&hellip;]<\/p>","protected":false},"featured_media":14787,"comment_status":"open","ping_status":"closed","template":"","meta":{"_et_pb_use_builder":"","_et_pb_old_content":"","_et_gb_content_width":""},"product_brand":[],"product_cat":[1494],"product_tag":[1495,1496],"class_list":{"0":"post-15914","1":"product","2":"type-product","3":"status-publish","4":"has-post-thumbnail","6":"product_cat-bucket-cylinders","7":"product_tag-bucket-cylinders","8":"product_tag-hydraulic-cylinders","10":"first","11":"instock","12":"shipping-taxable","13":"product-type-simple"},"amp_enabled":true,"_links":{"self":[{"href":"https:\/\/www.hydraulic-cylinders.net\/tr\/wp-json\/wp\/v2\/product\/15914","targetHints":{"allow":["GET"]}}],"collection":[{"href":"https:\/\/www.hydraulic-cylinders.net\/tr\/wp-json\/wp\/v2\/product"}],"about":[{"href":"https:\/\/www.hydraulic-cylinders.net\/tr\/wp-json\/wp\/v2\/types\/product"}],"replies":[{"embeddable":true,"href":"https:\/\/www.hydraulic-cylinders.net\/tr\/wp-json\/wp\/v2\/comments?post=15914"}],"wp:featuredmedia":[{"embeddable":true,"href":"https:\/\/www.hydraulic-cylinders.net\/tr\/wp-json\/wp\/v2\/media\/14787"}],"wp:attachment":[{"href":"https:\/\/www.hydraulic-cylinders.net\/tr\/wp-json\/wp\/v2\/media?parent=15914"}],"wp:term":[{"taxonomy":"product_brand","embeddable":true,"href":"https:\/\/www.hydraulic-cylinders.net\/tr\/wp-json\/wp\/v2\/product_brand?post=15914"},{"taxonomy":"product_cat","embeddable":true,"href":"https:\/\/www.hydraulic-cylinders.net\/tr\/wp-json\/wp\/v2\/product_cat?post=15914"},{"taxonomy":"product_tag","embeddable":true,"href":"https:\/\/www.hydraulic-cylinders.net\/tr\/wp-json\/wp\/v2\/product_tag?post=15914"}],"curies":[{"name":"wp","href":"https:\/\/api.w.org\/{rel}","templated":true}]}}