{"id":15916,"date":"2025-01-19T15:09:39","date_gmt":"2025-01-19T15:09:39","guid":{"rendered":"https:\/\/www.hydraulic-cylinders.net\/product\/bucket-cylinder-for-atlas-3306lc\/"},"modified":"2025-01-19T15:09:41","modified_gmt":"2025-01-19T15:09:41","slug":"bucket-cylinder-for-atlas-3306lc","status":"publish","type":"product","link":"https:\/\/www.hydraulic-cylinders.net\/tr\/urun\/bucket-cylinder-for-atlas-3306lc\/","title":{"rendered":"Atlas 3306LC i\u00e7in Kova Silindiri"},"content":{"rendered":"<h1>Atlas 3306LC i\u00e7in Kova Silindiri<\/h1>\n<h2>girii\u015f<\/h2>\n<p>The bucket cylinder, also known as a hydraulic cylinder, is a specialized type of cylinder primarily used for controlling the movement of the shovel in heavy machinery such as excavators, backhoe loaders, and front loaders. Its main function is to enable the shovel to lift, lower, and tilt, making it easy to carry out various material handling tasks. In the hydraulic system, the bucket cylinder precisely controls the shovel&#8217;s movement through changes in hydraulic oil pressure, allowing operators to efficiently handle heavy loads and adapt to complex working environments and diverse operational needs.<\/p>\n<p><img decoding=\"async\" src=\"https:\/\/www.hydraulic-cylinders.net\/wp-content\/uploads\/2025\/01\/songte-company-2.webp\"><\/p>\n<h2>\u00d6zellikler<\/h2>\n<ul>\n<li>Y\u00fcksek Mukavemet ve Dayan\u0131kl\u0131l\u0131k: Genellikle y\u00fcksek mukavemetli \u00e7elik veya al\u00fcminyumdan \u00fcretilen kova silindiri, y\u00fcksek bas\u0131nca ve a\u011f\u0131r y\u00fcklere dayanabilme \u00f6zelli\u011fi sayesinde zorlu \u00e7al\u0131\u015fma ortamlar\u0131 i\u00e7in uygundur. Tasar\u0131m\u0131nda a\u015f\u0131nma direnci ve korozyon direnci dikkate al\u0131narak kullan\u0131m \u00f6mr\u00fc uzat\u0131lm\u0131\u015ft\u0131r.<\/li>\n<li>Verimli Hidrolik \u00c7al\u0131\u015fma: Hidrolik ya\u011f bas\u0131nc\u0131n\u0131 kullanarak d\u00fczg\u00fcn genle\u015fme ve b\u00fcz\u00fclme sa\u011flayan kova silindiri, kontrol komutlar\u0131na h\u0131zl\u0131 bir \u015fekilde yan\u0131t verebilir ve g\u00fc\u00e7l\u00fc itme ve \u00e7ekme kuvveti sa\u011flayabilir; bu da a\u011f\u0131r y\u00fcklerin ve karma\u015f\u0131k g\u00f6revlerin \u00fcstesinden gelmek i\u00e7in uygundur.<\/li>\n<li>\u00c7e\u015fitli Tipler: Tek etkili (hidrolik bas\u0131nc\u0131 yaln\u0131zca tek y\u00f6nde kullanan) veya \u00e7ift etkili (hidrolik bas\u0131nc\u0131 her iki y\u00f6nde de kullanan) silindirler, farkl\u0131 \u00e7al\u0131\u015fma ihtiya\u00e7lar\u0131n\u0131 kar\u015f\u0131lamak \u00fczere gereksinimlere g\u00f6re se\u00e7ilebilir. Baz\u0131 modeller teleskopiktir ve d\u0131\u015f boyutlar\u0131 art\u0131rmadan daha fazla uzamaya olanak tan\u0131r; bu da s\u0131n\u0131rl\u0131 alana sahip uygulamalar i\u00e7in uygundur.<\/li>\n<li>Kolay De\u011fi\u015fim: \u00dcr\u00fcn\u00fcm\u00fcz bu hidrolik silindirlerin yerini m\u00fckemmel \u015fekilde alabilir.<\/li>\n<\/ul>\n<p><img decoding=\"async\" src=\"https:\/\/www.hydraulic-cylinders.net\/wp-content\/uploads\/2025\/01\/songte-cylinder-head-with-all-kinds-excavator-models.webp\"><\/p>\n<h2>Uygulamalar<\/h2>\n<ul>\n<li>\u0130n\u015faat Ekipmanlar\u0131: Ekskavat\u00f6rlerde, toprak veya moloz kazma, y\u00fckleme ve ta\u015f\u0131ma i\u015flemlerinde kritik \u00f6neme sahiptirler. Kaz\u0131c\u0131 y\u00fckleyicilerde ise kova silindiri hem kazma hem de kald\u0131rma i\u015flemlerine yard\u0131mc\u0131 olur. <\/li>\n<li>Tar\u0131m Makineleri: \u00d6n y\u00fckleyicilerde, toprak, saman ve di\u011fer malzemelerin kep\u00e7eyle al\u0131nmas\u0131, kald\u0131r\u0131lmas\u0131 ve ta\u015f\u0131nmas\u0131nda kullan\u0131l\u0131r. <\/li>\n<li>Ekskavat\u00f6rler: Kova silindiri, kovan\u0131n topra\u011fa n\u00fcfuz etmesini sa\u011flayarak kazma eylemini ger\u00e7ekle\u015ftirir. <\/li>\n<li>\u00d6n y\u00fckleyiciler: Bu y\u00fckleyiciler, mallar\u0131n etkili bir \u015fekilde kald\u0131r\u0131lmas\u0131na ve devrilmesine yard\u0131mc\u0131 olur.<\/li>\n<\/ul>\n<p>Bu uygulamalar a\u015fa\u011f\u0131da detayl\u0131 olarak a\u00e7\u0131klanm\u0131\u015ft\u0131r:<\/p>\n<h3>\u0130n\u015faat Ekipmanlar\u0131<\/h3>\n<p>In excavators, bucket cylinders are necessary for digging, loading, and moving soil or debris. It helps to improve the efficiency of excavation work by increasing the power and flexibility of the shovel. In the case of backhoe loaders, the bucket cylinder is critical for both digging and lifting. It contributes to the machine&#8217;s maneuverability and versatility, making it easier to work with in different environments.<\/p>\n<h3>Tar\u0131m Makinalar\u0131<\/h3>\n<p>Kep\u00e7e silindirleri, \u00f6n y\u00fckleyicilerde toprak, saman ve di\u011fer malzemeleri kep\u00e7eyle almak, kald\u0131rmak ve ta\u015f\u0131mak i\u00e7in kullan\u0131\u015fl\u0131d\u0131r. \u00c7ift\u00e7ilerin i\u015flerini h\u0131zl\u0131 ve verimli bir \u015fekilde yapmalar\u0131na yard\u0131mc\u0131 olmak i\u00e7in tar\u0131m makinelerinde kullan\u0131l\u0131rlar. <\/p>\n<h3>Ekskavat\u00f6rler<\/h3>\n<p>Kep\u00e7e silindiri, ekskavat\u00f6r\u00fcn hayati bir par\u00e7as\u0131d\u0131r. Kep\u00e7enin topra\u011fa n\u00fcfuz etmesini sa\u011flar ve malzemelerin kep\u00e7eyle al\u0131nmas\u0131n\u0131, kald\u0131r\u0131lmas\u0131n\u0131 ve ta\u015f\u0131nmas\u0131n\u0131 kolayla\u015ft\u0131r\u0131r. <\/p>\n<h3>Y\u00fckleyiciler<\/h3>\n<p>\u00d6n y\u00fckleyicilerde, kova silindirleri mallar\u0131 etkili bir \u015fekilde kald\u0131rmak ve bo\u015faltmak i\u00e7in kullan\u0131l\u0131r. Bu sayede y\u00fckleyici, a\u011f\u0131r y\u00fckleri kolayl\u0131kla ve hassasiyetle ta\u015f\u0131yabilir.<\/p>\n<p><img decoding=\"async\" src=\"https:\/\/www.hydraulic-cylinders.net\/wp-content\/uploads\/2025\/01\/songte-bushings-with-all-kinds-of-excavator-models.webp\"><\/p>\n<h2>Tasar\u0131m Hususlar\u0131 ve Se\u00e7im Kriterleri<\/h2>\n<ul>\n<li>Ta\u015f\u0131ma kapasitesi: Kep\u00e7e silindiri, makinenin ve y\u00fck\u00fcn\u00fcn a\u011f\u0131rl\u0131\u011f\u0131n\u0131 ta\u015f\u0131yabilecek kapasitede olmal\u0131d\u0131r.<\/li>\n<li>S\u0131zd\u0131rmazl\u0131k: Piston contas\u0131, mil contas\u0131 ve di\u011fer s\u0131zd\u0131rmazl\u0131k elemanlar\u0131, s\u0131z\u0131nt\u0131lar\u0131 \u00f6nleyecek ve d\u00fczg\u00fcn \u00e7al\u0131\u015fmay\u0131 sa\u011flayacak \u015fekilde tasarlanmal\u0131d\u0131r.<\/li>\n<li>Dayan\u0131kl\u0131l\u0131k: Silindir, a\u011f\u0131r makinelerin zorlu \u00e7al\u0131\u015fma ko\u015fullar\u0131na dayanabilmesi i\u00e7in y\u00fcksek kaliteli malzemelerden \u00fcretilmelidir.<\/li>\n<li>G\u00fcvenlik: Kep\u00e7e silindiri, operat\u00f6re veya \u00e7evredeki di\u011fer ki\u015filere risk olu\u015fturmayacak \u015fekilde tasarlanmal\u0131 ve monte edilmelidir.<\/li>\n<li>Bak\u0131m Kolayl\u0131\u011f\u0131: Silindirin bak\u0131m\u0131 ve onar\u0131m\u0131 kolay olmal\u0131, b\u00f6ylece ar\u0131za s\u00fcreleri en aza indirilir ve maliyetler d\u00fc\u015f\u00fcr\u00fcl\u00fcr.<\/li>\n<\/ul>\n<p><img decoding=\"async\" src=\"https:\/\/www.hydraulic-cylinders.net\/wp-content\/uploads\/2025\/01\/songte-oil-pipes-and-spare-parts.webp\"><\/p>\n<h2>S\u0131zd\u0131rmazl\u0131k ve Ya\u011flama<\/h2>\n<p>Kova silindiri, s\u0131z\u0131nt\u0131y\u0131 \u00f6nlemek ve d\u00fczg\u00fcn \u00e7al\u0131\u015fmay\u0131 sa\u011flamak i\u00e7in piston contalar\u0131, mil contalar\u0131 ve di\u011fer s\u0131zd\u0131rmazl\u0131k elemanlar\u0131 gibi \u00e7e\u015fitli s\u0131zd\u0131rmazl\u0131k bile\u015fenleri kullan\u0131r. Bu contalar, poli\u00fcretan ve nitril kau\u00e7uk gibi a\u015f\u0131nmaya dayan\u0131kl\u0131 malzemelerden yap\u0131lm\u0131\u015ft\u0131r. Silindirin d\u00fczg\u00fcn \u00e7al\u0131\u015fmas\u0131 i\u00e7in uygun \u015fekilde ya\u011flanmas\u0131 \u015fartt\u0131r ve uygun bir hidrolik ya\u011f kullan\u0131lmal\u0131d\u0131r.<\/p>\n<h2>Bak\u0131m ve Onar\u0131m<\/h2>\n<p>Kova silindirinin do\u011fru \u015fekilde \u00e7al\u0131\u015fmas\u0131n\u0131 sa\u011flamak i\u00e7in d\u00fczenli kontrol ve \u00f6nleyici bak\u0131m \u00f6nlemleri \u00e7ok \u00f6nemlidir. Yayg\u0131n bak\u0131m g\u00f6revleri aras\u0131nda ya\u011flama, conta de\u011fi\u015fimi ve kalibrasyon kontrolleri bulunur. Do\u011fru montaj, ya\u011flama ve ayarlama \u015fartt\u0131r. Silindirin do\u011fru hizalanmas\u0131 ve uygun montaj braketlerinin kullan\u0131lmas\u0131, yanl\u0131\u015f hizalamadan kaynaklanan hasar\u0131 \u00f6nleyebilir. Ayr\u0131ca, silindirin \u00f6mr\u00fcn\u00fc uzatmak i\u00e7in \u00f6nerilen kontrol, onar\u0131m ve de\u011fi\u015ftirme prosed\u00fcrlerini izlemenizi \u00f6neririz.<\/p>\n<p><img decoding=\"async\" src=\"https:\/\/www.hydraulic-cylinders.net\/wp-content\/uploads\/2025\/01\/songte-chushion-collar.webp\"><\/p>\n<h2>G\u00fcvenlik Hususlar\u0131 ve \u00c7evresel Fakt\u00f6rler<\/h2>\n<p>Koval\u0131 silindirler kullan\u0131l\u0131rken, uygun koruyucu ekipman, g\u00fcvenli \u00e7al\u0131\u015fma prosed\u00fcrleri ve yeterli e\u011fitim gibi g\u00fcvenlik \u00f6nlemlerine her zaman uyulmal\u0131d\u0131r. \u00c7evre kirlili\u011fini ve ekosisteme zarar vermeyi \u00f6nlemek i\u00e7in petrol d\u00f6k\u00fclmeleri ve s\u0131z\u0131nt\u0131lar\u0131 gibi \u00e7evresel hususlar da dikkate al\u0131nmal\u0131d\u0131r.<\/p>\n<h2>Sorun Giderme ve Yayg\u0131n Sorunlar<\/h2>\n<ul>\n<li>Silindirden s\u0131z\u0131nt\u0131<\/li>\n<li>Difficulty in controlling the shovel&#8217;s movement<\/li>\n<li>A\u011f\u0131r y\u00fckleri kald\u0131ramama<\/li>\n<\/ul>\n<p>Bu sorunlar ortaya \u00e7\u0131karsa, sorunu h\u0131zl\u0131 bir \u015fekilde te\u015fhis edip gidermek \u00f6nemlidir. Yayg\u0131n \u00e7\u00f6z\u00fcmler aras\u0131nda s\u0131z\u0131nt\u0131lar\u0131 ve a\u015f\u0131nm\u0131\u015f contalar\u0131 kontrol etmek, hidrolik s\u0131v\u0131 seviyesini kontrol etmek ve silindiri hasar a\u00e7\u0131s\u0131ndan incelemek yer al\u0131r. D\u00fczenli inceleme ve bak\u0131m gibi \u00f6nleyici tedbirler bu sorunlar\u0131 en aza indirebilir.<\/p>\n<p><img decoding=\"async\" src=\"https:\/\/hzpt.com\/wp-content\/uploads\/2024\/11\/songte-company-1.webp\"><\/p>\n<h2>\u015eirketimiz Hakk\u0131nda<\/h2>\n<p>Biz, eksiksiz \u00fcr\u00fcn yelpazesine sahip yedek hidrolik silindir \u00fcreticisiyiz ve hem yurti\u00e7i hem de uluslararas\u0131 pazarlarda hidrolik silindirlerin \u00f6nde gelen \u00fcreticilerinden ve toptanc\u0131lar\u0131ndan biriyiz. M\u00fckemmel kalite ilkesini benimsiyor ve rafine bir \u00fcretim at\u00f6lyesinin end\u00fcstriyel \u00fcretim y\u00f6netim stratejisine g\u00fcveniyoruz. \u015eirketimiz, \u00fcr\u00fcnlerin kalite \u00fcretim yolunu m\u00fckemmelle\u015ftirmek i\u00e7in teknik yeteneklerin, dijital y\u00fcksek teknoloji \u00fcretim ekipmanlar\u0131n\u0131n ve profesyonel test sistemlerinin uygulanmas\u0131ndan yola \u00e7\u0131karak \u00fcretim platformunu s\u00fcrekli olarak geli\u015ftiriyor. Y\u00fcksek verimlilik, y\u00fcksek hassasiyet ve y\u00fcksek kalite ile m\u00fc\u015fterilerin \u00e7e\u015fitli ihtiya\u00e7lar\u0131n\u0131 kar\u015f\u0131lamak i\u00e7in g\u00fc\u00e7l\u00fc yarat\u0131c\u0131 yeteneklere sahibiz.<\/p>\n<p>\u015eirketimiz ayr\u0131ca \u015funlarla da tan\u0131nmaktad\u0131r:<\/p>\n<ul>\n<li>Profesyonellik<\/li>\n<li>Uluslararas\u0131 sertifikalar<\/li>\n<li>\u00d6zelle\u015ftirme hizmetleri<\/li>\n<li>Geli\u015fmi\u015f \u00fcretim ekipmanlar\u0131<\/li>\n<li>Sat\u0131\u015f sonras\u0131 servis<\/li>\n<\/ul>\n<p><img decoding=\"async\" src=\"https:\/\/www.hydraulic-cylinders.net\/wp-content\/uploads\/2025\/01\/songte-company-3.webp\"><\/p>\n<p>Yazar: lyl<\/p>","protected":false},"excerpt":{"rendered":"<p>Bucket Cylinder For Atlas 3306LC Introduction The bucket cylinder, also known as a hydraulic cylinder, is a specialized type of cylinder primarily used for controlling the movement of the shovel in heavy machinery such as excavators, backhoe loaders, and front loaders. Its main function is to enable the shovel to lift, lower, and tilt, making [&hellip;]<\/p>","protected":false},"featured_media":14784,"comment_status":"open","ping_status":"closed","template":"","meta":{"_et_pb_use_builder":"","_et_pb_old_content":"","_et_gb_content_width":""},"product_brand":[],"product_cat":[1494],"product_tag":[1495,1496],"class_list":{"0":"post-15916","1":"product","2":"type-product","3":"status-publish","4":"has-post-thumbnail","6":"product_cat-bucket-cylinders","7":"product_tag-bucket-cylinders","8":"product_tag-hydraulic-cylinders","10":"first","11":"instock","12":"shipping-taxable","13":"product-type-simple"},"amp_enabled":true,"_links":{"self":[{"href":"https:\/\/www.hydraulic-cylinders.net\/tr\/wp-json\/wp\/v2\/product\/15916","targetHints":{"allow":["GET"]}}],"collection":[{"href":"https:\/\/www.hydraulic-cylinders.net\/tr\/wp-json\/wp\/v2\/product"}],"about":[{"href":"https:\/\/www.hydraulic-cylinders.net\/tr\/wp-json\/wp\/v2\/types\/product"}],"replies":[{"embeddable":true,"href":"https:\/\/www.hydraulic-cylinders.net\/tr\/wp-json\/wp\/v2\/comments?post=15916"}],"wp:featuredmedia":[{"embeddable":true,"href":"https:\/\/www.hydraulic-cylinders.net\/tr\/wp-json\/wp\/v2\/media\/14784"}],"wp:attachment":[{"href":"https:\/\/www.hydraulic-cylinders.net\/tr\/wp-json\/wp\/v2\/media?parent=15916"}],"wp:term":[{"taxonomy":"product_brand","embeddable":true,"href":"https:\/\/www.hydraulic-cylinders.net\/tr\/wp-json\/wp\/v2\/product_brand?post=15916"},{"taxonomy":"product_cat","embeddable":true,"href":"https:\/\/www.hydraulic-cylinders.net\/tr\/wp-json\/wp\/v2\/product_cat?post=15916"},{"taxonomy":"product_tag","embeddable":true,"href":"https:\/\/www.hydraulic-cylinders.net\/tr\/wp-json\/wp\/v2\/product_tag?post=15916"}],"curies":[{"name":"wp","href":"https:\/\/api.w.org\/{rel}","templated":true}]}}