{"id":15923,"date":"2025-01-19T15:10:21","date_gmt":"2025-01-19T15:10:21","guid":{"rendered":"https:\/\/www.hydraulic-cylinders.net\/product\/bucket-cylinder-for-bonny-ced1000-7\/"},"modified":"2025-01-19T15:10:23","modified_gmt":"2025-01-19T15:10:23","slug":"bucket-cylinder-for-bonny-ced1000-7","status":"publish","type":"product","link":"https:\/\/www.hydraulic-cylinders.net\/tr\/urun\/bucket-cylinder-for-bonny-ced1000-7\/","title":{"rendered":"Bonny CED1000-7 i\u00e7in Kova Silindiri"},"content":{"rendered":"<h1>Bonny CED1000-7 i\u00e7in Kova Silindiri<\/h1>\n<h2>girii\u015f<\/h2>\n<p>Kep\u00e7e silindiri, ekskavat\u00f6rler, kaz\u0131c\u0131 ekskavat\u00f6rler ve \u00f6n y\u00fckleyiciler gibi a\u011f\u0131r makinelerde kep\u00e7enin hareketini kontrol etmek i\u00e7in kullan\u0131lan \u00f6zel olarak tasarlanm\u0131\u015f bir hidrolik silindirdir. Ana i\u015flevi, kep\u00e7enin kald\u0131r\u0131lmas\u0131n\u0131, indirilmesini ve e\u011filmesini sa\u011flayarak \u00e7e\u015fitli malzeme ta\u015f\u0131ma g\u00f6revlerinin kolayca yap\u0131lmas\u0131n\u0131 m\u00fcmk\u00fcn k\u0131lmakt\u0131r. Hidrolik sistemde, kep\u00e7e silindiri, kep\u00e7enin hassas kontrol\u00fcn\u00fc sa\u011flamak i\u00e7in hidrolik ya\u011f\u0131n bas\u0131n\u00e7 de\u011fi\u015fimini kullan\u0131r; bu da operat\u00f6rlerin a\u011f\u0131r nesneleri verimli bir \u015fekilde ta\u015f\u0131mas\u0131na ve karma\u015f\u0131k \u00e7al\u0131\u015fma ortamlar\u0131na ve \u00e7e\u015fitli i\u015f gereksinimlerine uyum sa\u011flamas\u0131na olanak tan\u0131r.<\/p>\n<p><img loading=\"lazy\" decoding=\"async\" src=\"https:\/\/www.hydraulic-cylinders.net\/wp-content\/uploads\/2025\/01\/songte-company-2.webp\" alt=\"Bonny CED1000-7 i\u00e7in Kova Silindiri\" width=\"500\" height=\"300\"><\/p>\n<h2>\u00d6zellikler<\/h2>\n<ol>\n<li>\n<h3>Y\u00fcksek G\u00fc\u00e7 ve Dayan\u0131kl\u0131l\u0131k<\/h3>\n<p>Kep\u00e7e silindirleri genellikle y\u00fcksek bas\u0131nca ve a\u011f\u0131r y\u00fcklere dayanabilen, zorlu \u00e7al\u0131\u015fma ortamlar\u0131na uyum sa\u011flayan y\u00fcksek mukavemetli \u00e7elik veya al\u00fcminyumdan yap\u0131l\u0131r. Tasar\u0131mda a\u015f\u0131nma direnci ve korozyon direnci dikkate al\u0131narak kullan\u0131m \u00f6mr\u00fc uzat\u0131l\u0131r.<\/p>\n<\/li>\n<li>\n<h3>Verimli Hidrolik \u00c7al\u0131\u015fma<\/h3>\n<p>Kova silindirleri, hidrolik ya\u011f bas\u0131nc\u0131n\u0131 kullanarak d\u00fczg\u00fcn uzatma ve geri \u00e7ekme hareketleri ger\u00e7ekle\u015ftirir; bu da kontrol komutlar\u0131na h\u0131zl\u0131 yan\u0131t verilmesini sa\u011flar ve a\u011f\u0131r nesnelerin ve karma\u015f\u0131k i\u015f g\u00f6revlerinin ta\u015f\u0131nmas\u0131 i\u00e7in uygun g\u00fc\u00e7l\u00fc itme ve \u00e7ekme kuvvetleri sunar.<\/p>\n<\/li>\n<li>\n<h3>\u00c7e\u015fitli Tipler<\/h3>\n<p>Kova silindirleri, i\u015fletme ihtiya\u00e7lar\u0131na g\u00f6re tek etkili (hidrolik yaln\u0131zca tek y\u00f6nde kullan\u0131l\u0131r) veya \u00e7ift etkili (hidrolik her iki y\u00f6nde de kullan\u0131l\u0131r) olarak se\u00e7ilebilir. Baz\u0131 modeller teleskopiktir ve d\u0131\u015f boyutlar\u0131 art\u0131rmadan daha fazla uzama imkan\u0131 sa\u011flar; bu da s\u0131n\u0131rl\u0131 alana sahip uygulamalar i\u00e7in uygundur.<\/p>\n<\/li>\n<li>\n<h3>De\u011fi\u015ftirilebilir<\/h3>\n<p>\u00dcr\u00fcn\u00fcm\u00fcz bu hidrolik silindirlerin yerine m\u00fckemmel bir \u015fekilde ge\u00e7ebilmektedir.<\/p>\n<\/li>\n<li>\n<h3>Ba\u015fvuru<\/h3>\n<p>Kep\u00e7e silindirleri \u00e7e\u015fitli in\u015faat ekipmanlar\u0131nda, tar\u0131m makinelerinde, ekskavat\u00f6rlerde ve \u00f6n y\u00fckleyicilerde kullan\u0131l\u0131r. Toprak veya moloz kazma, y\u00fckleme ve ta\u015f\u0131ma i\u015flemlerinde vazge\u00e7ilmezdirler. Kep\u00e7e silindirleri, kaz\u0131c\u0131 y\u00fckleyicilerde toprak kazma, kald\u0131rma ve bo\u015faltma i\u015flemlerine yard\u0131mc\u0131 olur. \u00d6n y\u00fckleyicilerde ise y\u00fck\u00fcn verimli bir \u015fekilde kald\u0131r\u0131lmas\u0131 ve devrilmesine yard\u0131mc\u0131 olurlar.<\/p>\n<\/li>\n<\/ol>\n<h2>Tasar\u0131m Hususlar\u0131 ve Se\u00e7im Standartlar\u0131<\/h2>\n<p><img loading=\"lazy\" decoding=\"async\" src=\"https:\/\/www.hydraulic-cylinders.net\/wp-content\/uploads\/2025\/01\/songte-oil-pipes-and-spare-parts.webp\" alt=\"Kova Silindir Tasar\u0131m\u0131\" width=\"500\" height=\"300\"><\/p>\n<p>Kep\u00e7e silindirleri, a\u011f\u0131r makinelerin kritik bile\u015fenleridir ve \u00e7e\u015fitli fakt\u00f6rler g\u00f6z \u00f6n\u00fcnde bulundurularak tasarlanmal\u0131 ve se\u00e7ilmelidir:<\/p>\n<ol>\n<li>\n<h3>Ta\u015f\u0131ma Kapasitesi<\/h3>\n<p>Kova silindirleri, sahada kar\u015f\u0131la\u015fabilece\u011fi maksimum kuvvetlere ve gerilmelere dayanacak \u015fekilde tasarlanmal\u0131d\u0131r. Tasar\u0131mda ayr\u0131ca maksimum \u00e7al\u0131\u015fma y\u00fck\u00fc de dikkate al\u0131nmal\u0131d\u0131r.<\/p>\n<\/li>\n<li>\n<h3>S\u0131zd\u0131rmazl\u0131k<\/h3>\n<p>Kova silindirlerinde piston contalar\u0131, mil contalar\u0131 vb. \u00e7e\u015fitli s\u0131zd\u0131rmazl\u0131k bile\u015fenleri kullan\u0131l\u0131r. Bunlar poli\u00fcretan ve nitril kau\u00e7uk gibi a\u015f\u0131nmaya dayan\u0131kl\u0131 malzemelerden yap\u0131lmal\u0131d\u0131r. Silindir g\u00f6vdesi ve di\u015fli y\u00fczeyi, a\u015f\u0131nma direncini art\u0131rmak i\u00e7in ince i\u015fleme tabi tutulur. Yetersiz ya\u011flamadan kaynaklanan hasar\u0131 \u00f6nlemek i\u00e7in d\u00fczenli ya\u011flama \u015fartt\u0131r.<\/p>\n<\/li>\n<li>\n<h3>Dayan\u0131kl\u0131l\u0131k ve G\u00fcvenlik<\/h3>\n<p>Kep\u00e7e silindirleri, a\u011f\u0131r y\u00fckleri ve olumsuz \u00e7al\u0131\u015fma ko\u015fullar\u0131n\u0131 kald\u0131racak \u015fekilde \u00fcretilmelidir. Uzun \u00f6m\u00fcrl\u00fc ve g\u00fcvenli olmalar\u0131 gerekmektedir.<\/p>\n<\/li>\n<li>\n<h3>Bak\u0131m<\/h3>\n<p>Kova silindirlerinin kullan\u0131m \u00f6mr\u00fcn\u00fc uzatmak i\u00e7in d\u00fczenli bak\u0131m ve onar\u0131m gereklidir. Ar\u0131zalar\u0131 \u00f6nlemek ve ar\u0131za s\u00fcrelerini en aza indirmek i\u00e7in contalar ve ke\u00e7eler gibi par\u00e7alar\u0131n incelenmesi, de\u011fi\u015ftirilmesi ve kalibrasyonu gereklidir.<\/p>\n<\/li>\n<\/ol>\n<h2>Kurulum K\u0131lavuzu<\/h2>\n<p><img loading=\"lazy\" decoding=\"async\" src=\"https:\/\/www.hydraulic-cylinders.net\/wp-content\/uploads\/2025\/01\/songte-chushion-collar.webp\" alt=\"Kova Silindiri Kurulum K\u0131lavuzu\" width=\"500\" height=\"300\"><\/p>\n<p>Kep\u00e7e silindirinin optimum performans ve kullan\u0131m \u00f6mr\u00fc i\u00e7in do\u011fru montaj \u00e7ok \u00f6nemlidir. A\u015fa\u011f\u0131da \u00f6nerilen montaj prosed\u00fcrleri verilmi\u015ftir:<\/p>\n<ol>\n<li>Silindiri do\u011fru \u015fekilde hizalay\u0131n ve silindiri yerine sabitlemek i\u00e7in uygun montaj braketlerini kullan\u0131n.<\/li>\n<li>T\u00fcm hidrolik ba\u011flant\u0131lar\u0131n yerinde ve sa\u011flam oldu\u011fundan emin olun.<\/li>\n<li>Hidrolik ya\u011f seviyesini kontrol edin ve gerekirse ekleyin.<\/li>\n<li>Makineyi \u00e7al\u0131\u015ft\u0131r\u0131n ve silindirin do\u011fru \u00e7al\u0131\u015ft\u0131\u011f\u0131ndan emin olmak i\u00e7in \u00e7al\u0131\u015fma prensibini test edin.<\/li>\n<\/ol>\n<h2>Bak\u0131m G\u00f6revleri<\/h2>\n<p><img loading=\"lazy\" decoding=\"async\" src=\"https:\/\/www.hydraulic-cylinders.net\/wp-content\/uploads\/2025\/01\/songte-bushings-with-all-kinds-of-excavator-models.webp\" alt=\"Bak\u0131m G\u00f6revleri\" width=\"500\" height=\"300\"><\/p>\n<p>Kep\u00e7e silindirinin kullan\u0131m \u00f6mr\u00fcn\u00fc uzatmak i\u00e7in d\u00fczenli bak\u0131m \u015fartt\u0131r. A\u015fa\u011f\u0131da yayg\u0131n bak\u0131m g\u00f6revleri yer almaktad\u0131r:<\/p>\n<ol>\n<li>Silindirin a\u015f\u0131nma ve hasar belirtileri a\u00e7\u0131s\u0131ndan d\u00fczenli olarak kontrol edilmesi.<\/li>\n<li>Yetersiz ya\u011flamadan kaynaklanabilecek hasar\u0131 \u00f6nlemek i\u00e7in silindirin d\u00fczenli olarak ya\u011flanmas\u0131 gerekir.<\/li>\n<li>A\u015f\u0131nm\u0131\u015f veya hasar g\u00f6rm\u00fc\u015f contalar\u0131n ve ke\u00e7elerin de\u011fi\u015ftirilmesi.<\/li>\n<li>Silindirin do\u011fru \u00e7al\u0131\u015fmas\u0131n\u0131 sa\u011flamak i\u00e7in kalibrasyon kontrolleri yap\u0131l\u0131r.<\/li>\n<\/ol>\n<h2>G\u00fcvenlik Hususlar\u0131 ve \u00c7evresel Fakt\u00f6rler<\/h2>\n<p>Kova silindirleri kullan\u0131l\u0131rken g\u00fcvenlik en \u00f6nemli \u00f6nceliktir. Operat\u00f6rler yeterli e\u011fitim almal\u0131 ve kazalar\u0131 \u00f6nlemek i\u00e7in t\u00fcm g\u00fcvenlik y\u00f6nergelerine uymal\u0131d\u0131r. Ayr\u0131ca, s\u0131cakl\u0131k ve nem gibi \u00e7evresel fakt\u00f6rler kova silindirinin performans\u0131n\u0131 ve kullan\u0131m \u00f6mr\u00fcn\u00fc etkileyebilir. Do\u011fru depolama ve bak\u0131m bu etkileri en aza indirebilir.<\/p>\n<h2>Sorun Giderme ve Yayg\u0131n Sorunlar<\/h2>\n<p><img loading=\"lazy\" decoding=\"async\" src=\"https:\/\/hzpt.com\/wp-content\/uploads\/2024\/11\/songte-company-1.webp\" alt=\"Sorun Giderme ve Yayg\u0131n Sorunlar\" width=\"500\" height=\"300\"><\/p>\n<p>Kova silindirlerinde performanslar\u0131n\u0131 etkileyebilecek \u00e7e\u015fitli sorunlar ortaya \u00e7\u0131kabilir. A\u015fa\u011f\u0131da s\u0131k kar\u015f\u0131la\u015f\u0131lan sorunlar yer almaktad\u0131r:<\/p>\n<ol>\n<li>S\u0131zan ya\u011f<\/li>\n<li>Yava\u015f \u00e7al\u0131\u015fma<\/li>\n<li>Azalt\u0131lm\u0131\u015f g\u00fc\u00e7 \u00e7\u0131k\u0131\u015f\u0131<\/li>\n<li>A\u015f\u0131r\u0131 g\u00fcr\u00fclt\u00fc veya titre\u015fim<\/li>\n<\/ol>\n<p>Do\u011fru te\u015fhis ve h\u0131zl\u0131 m\u00fcdahale, bu sorunlar\u0131n \u00e7\u00f6z\u00fclmesine ve kova silindirinde daha fazla hasar\u0131n \u00f6nlenmesine yard\u0131mc\u0131 olabilir.<\/p>\n<h2>\u015eirketimiz Hakk\u0131nda<\/h2>\n<p><img loading=\"lazy\" decoding=\"async\" src=\"https:\/\/www.hydraulic-cylinders.net\/wp-content\/uploads\/2025\/01\/songte-company-3.webp\" alt=\"\u015eirketimiz Hakk\u0131nda\" width=\"500\" height=\"300\"><\/p>\n<p>Yurti\u00e7i ve yurtd\u0131\u015f\u0131 pazarlarda \u00f6nde gelen hidrolik silindir \u00fcreticisi ve toptanc\u0131s\u0131y\u0131z. \u015eirketimiz, eksiksiz bir \u00fcr\u00fcn yelpazesi \u00fcretmekte ve end\u00fcstri standard\u0131 \u00fcretim y\u00f6netim stratejileriyle m\u00fckemmel kaliteyi hedeflemektedir. \u00dcretim platformumuzu ve \u00fcr\u00fcn kalitesi \u00fcretim s\u00fcre\u00e7lerimizi s\u00fcrekli olarak geli\u015ftirmek i\u00e7in teknik yeteneklerden olu\u015fan bir ekibe, geli\u015fmi\u015f dijital \u00fcretim ekipmanlar\u0131na ve profesyonel test sistemlerine g\u00fcveniyoruz. \u00dcr\u00fcnlerimiz, m\u00fc\u015fterilerin \u00e7e\u015fitli ihtiya\u00e7lar\u0131na uygun olup y\u00fcksek verimlilik, y\u00fcksek hassasiyet ve y\u00fcksek kalite ilkelerine uymaktad\u0131r.<\/p>\n<p>M\u00fc\u015fterilerimize \u00f6zel hizmetler, \u00fcretim ekipmanlar\u0131 ve sat\u0131\u015f sonras\u0131 hizmetler sunuyoruz. Amac\u0131m\u0131z, m\u00fc\u015fterilerimizin ihtiya\u00e7 ve beklentilerini kar\u015f\u0131layan y\u00fcksek kaliteli \u00fcr\u00fcnler sunmakt\u0131r.<\/p>\n<p>Bu makale lyl taraf\u0131ndan yaz\u0131lm\u0131\u015ft\u0131r.<\/p>","protected":false},"excerpt":{"rendered":"<p>Bucket Cylinder For Bonny CED1000-7 Introduction A bucket cylinder is a specially designed hydraulic cylinder used to control the movement of the bucket in heavy machinery such as excavators, backhoe excavators, and front-end loaders. Its main function is to enable the bucket to lift, lower, and tilt, making it easy to handle various material handling [&hellip;]<\/p>","protected":false},"featured_media":14769,"comment_status":"open","ping_status":"closed","template":"","meta":{"_et_pb_use_builder":"","_et_pb_old_content":"","_et_gb_content_width":""},"product_brand":[],"product_cat":[1494],"product_tag":[1495,1496],"class_list":{"0":"post-15923","1":"product","2":"type-product","3":"status-publish","4":"has-post-thumbnail","6":"product_cat-bucket-cylinders","7":"product_tag-bucket-cylinders","8":"product_tag-hydraulic-cylinders","10":"first","11":"instock","12":"shipping-taxable","13":"product-type-simple"},"amp_enabled":true,"_links":{"self":[{"href":"https:\/\/www.hydraulic-cylinders.net\/tr\/wp-json\/wp\/v2\/product\/15923","targetHints":{"allow":["GET"]}}],"collection":[{"href":"https:\/\/www.hydraulic-cylinders.net\/tr\/wp-json\/wp\/v2\/product"}],"about":[{"href":"https:\/\/www.hydraulic-cylinders.net\/tr\/wp-json\/wp\/v2\/types\/product"}],"replies":[{"embeddable":true,"href":"https:\/\/www.hydraulic-cylinders.net\/tr\/wp-json\/wp\/v2\/comments?post=15923"}],"wp:featuredmedia":[{"embeddable":true,"href":"https:\/\/www.hydraulic-cylinders.net\/tr\/wp-json\/wp\/v2\/media\/14769"}],"wp:attachment":[{"href":"https:\/\/www.hydraulic-cylinders.net\/tr\/wp-json\/wp\/v2\/media?parent=15923"}],"wp:term":[{"taxonomy":"product_brand","embeddable":true,"href":"https:\/\/www.hydraulic-cylinders.net\/tr\/wp-json\/wp\/v2\/product_brand?post=15923"},{"taxonomy":"product_cat","embeddable":true,"href":"https:\/\/www.hydraulic-cylinders.net\/tr\/wp-json\/wp\/v2\/product_cat?post=15923"},{"taxonomy":"product_tag","embeddable":true,"href":"https:\/\/www.hydraulic-cylinders.net\/tr\/wp-json\/wp\/v2\/product_tag?post=15923"}],"curies":[{"name":"wp","href":"https:\/\/api.w.org\/{rel}","templated":true}]}}