{"id":15932,"date":"2025-01-19T15:10:59","date_gmt":"2025-01-19T15:10:59","guid":{"rendered":"https:\/\/www.hydraulic-cylinders.net\/product\/bucket-cylinder-for-bonny-wzyd18-6\/"},"modified":"2025-01-19T15:11:02","modified_gmt":"2025-01-19T15:11:02","slug":"bucket-cylinder-for-bonny-wzyd18-6","status":"publish","type":"product","link":"https:\/\/www.hydraulic-cylinders.net\/tr\/urun\/bucket-cylinder-for-bonny-wzyd18-6\/","title":{"rendered":"Bonny WZYD18-6 i\u00e7in Kova Silindiri"},"content":{"rendered":"<h1>Bonny WZYD18-6 i\u00e7in Kova Silindiri<\/h1>\n<h2>girii\u015f<\/h2>\n<p>Bonny WZYD18-6 kep\u00e7e silindiri, ekskavat\u00f6rler, kaz\u0131c\u0131 ekskavat\u00f6rler ve \u00f6n y\u00fckleyiciler gibi a\u011f\u0131r makinelerde kep\u00e7enin hareketini kontrol etmek i\u00e7in tasarlanm\u0131\u015f \u00f6zel bir hidrolik silindir t\u00fcr\u00fcd\u00fcr. Ana i\u015flevi, kep\u00e7enin kald\u0131r\u0131lmas\u0131n\u0131, indirilmesini ve e\u011filmesini kolayla\u015ft\u0131rarak \u00e7e\u015fitli malzemelerin verimli bir \u015fekilde ta\u015f\u0131nmas\u0131n\u0131 sa\u011flamakt\u0131r. Hidrolik sistemde, kep\u00e7e silindiri hidrolik ya\u011f bas\u0131nc\u0131n\u0131 de\u011fi\u015ftirerek kep\u00e7enin hassas kontrol\u00fcn\u00fc sa\u011flar ve operat\u00f6rlerin a\u011f\u0131r y\u00fckleri verimli bir \u015fekilde ta\u015f\u0131mas\u0131na, karma\u015f\u0131k \u00e7al\u0131\u015fma ortamlar\u0131na ve \u00e7e\u015fitli operasyonel gereksinimlere uyum sa\u011flamas\u0131na olanak tan\u0131r.<\/p>\n<p><img decoding=\"async\" src=\"https:\/\/www.hydraulic-cylinders.net\/wp-content\/uploads\/2025\/01\/songte-company-2.webp\" alt=\"Bonny WZYD18-6 i\u00e7in Kova Silindiri\"><\/p>\n<h2>\u00dcr\u00fcn \u00d6zellikleri<\/h2>\n<ul>\n<li>\n<h3>Y\u00fcksek G\u00fc\u00e7 ve Dayan\u0131kl\u0131l\u0131k<\/h3>\n<p>Genellikle y\u00fcksek mukavemetli \u00e7elik veya al\u00fcminyumdan yap\u0131lan kova silindiri, y\u00fcksek bas\u0131nca ve a\u011f\u0131r y\u00fcklere dayanabilir ve zorlu \u00e7al\u0131\u015fma ortamlar\u0131na uyum sa\u011flar. A\u015f\u0131nma ve korozyon direnci dikkate al\u0131narak tasarlanan kova silindirinin kullan\u0131m \u00f6mr\u00fc uzat\u0131lm\u0131\u015ft\u0131r.<\/p>\n<\/li>\n<li>\n<h3>Verimli Hidrolik \u00c7al\u0131\u015fma<\/h3>\n<p>Hidrolik ya\u011f\u0131n bas\u0131nc\u0131n\u0131 kullanarak, kova silindiri d\u00fczg\u00fcn uzatma ve geri \u00e7ekme hareketleri ger\u00e7ekle\u015ftirir, kontrol komutlar\u0131na h\u0131zl\u0131 yan\u0131t verir, g\u00fc\u00e7l\u00fc itme ve \u00e7ekme kuvvetleri sa\u011flar ve bu da onu a\u011f\u0131r y\u00fcklerin ve karma\u015f\u0131k operasyonel g\u00f6revlerin \u00fcstesinden gelmek i\u00e7in uygun hale getirir.<\/p>\n<\/li>\n<li>\n<h3>\u00c7e\u015fitli T\u00fcrler<\/h3>\n<p>Kova silindiri, \u00e7al\u0131\u015fma gereksinimlerine g\u00f6re tek etkili (hidroli\u011fi yaln\u0131zca tek y\u00f6nde kullanan) veya \u00e7ift etkili (hidroli\u011fi iki y\u00f6nde kullanan) silindir olarak se\u00e7ilebilir. Baz\u0131 modeller teleskopiktir ve d\u0131\u015f boyutlar\u0131 art\u0131rmadan daha fazla uzama sa\u011flayarak s\u0131n\u0131rl\u0131 alana sahip uygulamalar i\u00e7in uygun hale gelir.<\/p>\n<\/li>\n<li>\n<h3>\u00dcr\u00fcn Bulunabilirli\u011fi<\/h3>\n<p>\u00dcr\u00fcnlerimiz bu hidrolik silindirlerin yerini m\u00fckemmel bir \u015fekilde alabilir ve \u00e7e\u015fitli se\u00e7enekler sunuyoruz. <\/p>\n<\/li>\n<li>\n<h3>Uygulama Senaryolar\u0131<\/h3>\n<p>Kova silindiri, in\u015faat ekipmanlar\u0131, tar\u0131m makineleri, ekskavat\u00f6rler ve y\u00fckleyiciler de dahil olmak \u00fczere \u00e7e\u015fitli sekt\u00f6rlerde yayg\u0131n olarak kullan\u0131lmaktad\u0131r.<\/p>\n<\/li>\n<\/ul>\n<h2>Tasar\u0131m Hususlar\u0131 ve Se\u00e7im Kriterleri<\/h2>\n<p>Kova silindirleri hidrolik sistemlerin kritik bile\u015fenleridir ve y\u00fck ta\u015f\u0131ma kapasitesi, s\u0131zd\u0131rmazl\u0131k, dayan\u0131kl\u0131l\u0131k, g\u00fcvenlik ve bak\u0131m kolayl\u0131\u011f\u0131 gibi fakt\u00f6rler dikkate al\u0131narak dikkatlice tasarlanmal\u0131 ve se\u00e7ilmelidir. Ba\u015fl\u0131ca tasar\u0131m hususlar\u0131 ve se\u00e7im kriterlerinden baz\u0131lar\u0131 \u015funlard\u0131r:<\/p>\n<ul>\n<li>\n<h3>Y\u00fck Ta\u015f\u0131ma Kapasitesi<\/h3>\n<p>Kova silindiri, \u00e7al\u0131\u015fma s\u0131ras\u0131nda kar\u015f\u0131la\u015fabilece\u011fi maksimum y\u00fcke herhangi bir ar\u0131za riski olmadan dayanabilmelidir. Boyutu, tipi ve yap\u0131m\u0131nda kullan\u0131lan malzemeler, \u00f6zel uygulamaya g\u00f6re dikkatlice se\u00e7ilmelidir.<\/p>\n<\/li>\n<li>\n<h3>S\u0131zd\u0131rmazl\u0131k<\/h3>\n<p>Hidrolik s\u0131v\u0131n\u0131n s\u0131zmas\u0131n\u0131 \u00f6nlemek i\u00e7in kova silindirinin etkili bir \u015fekilde s\u0131zd\u0131rmaz hale getirilmesi gerekir; aksi takdirde i\u015fletme sorunlar\u0131 ortaya \u00e7\u0131kabilir ve bak\u0131m gereksinimleri artabilir. Etkili s\u0131zd\u0131rmazl\u0131k sa\u011flamak i\u00e7in poli\u00fcretan ve nitril kau\u00e7uk gibi malzemelerden yap\u0131lm\u0131\u015f piston contalar\u0131 ve mil contalar\u0131 gibi \u00e7e\u015fitli conta t\u00fcrleri kullan\u0131labilir. A\u015f\u0131nma direncini art\u0131rmak i\u00e7in silindir g\u00f6vdesi ve di\u015fli u\u00e7 y\u00fczeyleri de ince bir \u015fekilde i\u015flenmelidir.<\/p>\n<\/li>\n<li>\n<h3>Dayan\u0131kl\u0131l\u0131k<\/h3>\n<p>Kova silindirinin dayan\u0131kl\u0131, a\u015f\u0131nmaya ve korozyona kar\u015f\u0131 diren\u00e7li ve zorlu \u00e7al\u0131\u015fma ko\u015fullar\u0131na dayanabilir olmas\u0131 gerekir. Y\u00fcksek kaliteli malzemeler, hassas \u00fcretim s\u00fcre\u00e7leri ve uygun y\u00fczey i\u015flemleri, uzun bir kullan\u0131m \u00f6mr\u00fc sa\u011flamaya yard\u0131mc\u0131 olabilir.<\/p>\n<\/li>\n<li>\n<h3>Emniyet<\/h3>\n<p>Kep\u00e7e silindiri, burkulma veya ani ar\u0131za riskini \u00f6nlemek ve bas\u0131n\u00e7 alt\u0131ndaki hidrolik s\u0131v\u0131n\u0131n s\u0131zmas\u0131n\u0131 engellemek gibi g\u00fcvenlik gereksinimlerini kar\u015f\u0131layacak \u015fekilde tasarlanmal\u0131d\u0131r. G\u00fcvenli\u011fi sa\u011flamak i\u00e7in do\u011fru kurulum, bak\u0131m ve i\u015fletme prosed\u00fcrlerine uyulmal\u0131d\u0131r.<\/p>\n<\/li>\n<li>\n<h3>Bak\u0131m kolayl\u0131\u011f\u0131<\/h3>\n<p>Kova silindiri, gerekti\u011finde bak\u0131m ve onar\u0131m\u0131 kolayla\u015ft\u0131racak \u015fekilde tasarlanmal\u0131d\u0131r; bu, kolay s\u00f6kme ve takma, yedek par\u00e7a bulunabilirli\u011fi ve teknik deste\u011fe eri\u015fimi i\u00e7ermelidir.<\/p>\n<\/li>\n<\/ul>\n<p><img decoding=\"async\" src=\"https:\/\/www.hydraulic-cylinders.net\/wp-content\/uploads\/2025\/01\/songte-oil-pipes-and-spare-parts.webp\" alt=\"Bonny WZYD18-6 i\u00e7in Kova Silindiri\"><\/p>\n<h2>S\u0131zd\u0131rmazl\u0131k ve Ya\u011flama<\/h2>\n<p>Kova silindirinin d\u00fczg\u00fcn \u00e7al\u0131\u015fmas\u0131 ve hidrolik s\u0131v\u0131n\u0131n s\u0131zmas\u0131n\u0131n \u00f6nlenmesi i\u00e7in etkili s\u0131zd\u0131rmazl\u0131k ve ya\u011flama gereklidir. Poli\u00fcretan ve nitril kau\u00e7uk gibi malzemelerden yap\u0131lm\u0131\u015f piston contalar\u0131 ve mil contalar\u0131 gibi \u00e7e\u015fitli conta t\u00fcrleri, etkili s\u0131zd\u0131rmazl\u0131k sa\u011flamak i\u00e7in kullan\u0131labilir. Silindir g\u00f6vdesi ve di\u015fli u\u00e7 y\u00fczeyleri de a\u015f\u0131nma direncini art\u0131rmak i\u00e7in ince bir \u015fekilde i\u015flenmelidir. Uygun hidrolik ya\u011f\u0131n d\u00fczenli olarak eklenmesi, kova silindirinin do\u011fru \u015fekilde ya\u011flanmas\u0131n\u0131 sa\u011flayabilir.<\/p>\n<h2>Bak\u0131m ve Onar\u0131m<\/h2>\n<p>Kep\u00e7e silindirinin d\u00fczg\u00fcn \u00e7al\u0131\u015fmas\u0131n\u0131 sa\u011flamak ve kullan\u0131m \u00f6mr\u00fcn\u00fc uzatmak i\u00e7in d\u00fczenli bak\u0131m ve onar\u0131m \u015fartt\u0131r. Yayg\u0131n bak\u0131m g\u00f6revlerinden baz\u0131lar\u0131 d\u00fczenli kontroller, uygun ya\u011flama ve kalibrasyon kontrolleridir. Kep\u00e7e silindirinin uzun \u00f6m\u00fcrl\u00fc olmas\u0131n\u0131 sa\u011flamak i\u00e7in do\u011fru montaj, ya\u011flama ve ayarlama da \u00e7ok \u00f6nemlidir. Ayr\u0131ca silindiri sabitlemek i\u00e7in uygun montaj braketlerinin kullan\u0131lmas\u0131 ve \u00f6nerilen inceleme, onar\u0131m ve de\u011fi\u015ftirme prosed\u00fcrlerinin izlenmesi tavsiye edilir.<\/p>\n<p><img decoding=\"async\" src=\"https:\/\/www.hydraulic-cylinders.net\/wp-content\/uploads\/2025\/01\/songte-chushion-collar.webp\" alt=\"Bonny WZYD18-6 i\u00e7in Kova Silindiri\"><\/p>\n<h2>G\u00fcvenlik Hususlar\u0131 ve \u00c7evresel Fakt\u00f6rler<\/h2>\n<p>Kova silindirleri, kazalar\u0131 \u00f6nlemek ve g\u00fcvenli \u00e7al\u0131\u015fmay\u0131 sa\u011flamak i\u00e7in uygun g\u00fcvenlik \u00f6nlemleri al\u0131narak kullan\u0131lmal\u0131d\u0131r. Kova silindiri kullan\u0131l\u0131rken dikkate al\u0131nmas\u0131 gereken \u00e7evresel fakt\u00f6rlerden baz\u0131lar\u0131, yeterli havaland\u0131rma ve hidrolik s\u0131v\u0131n\u0131n uygun \u015fekilde bertaraf edilmesidir.<\/p>\n<h2>Sorun Giderme ve Yayg\u0131n Sorunlar<\/h2>\n<p>Kova silindirlerinde s\u0131z\u0131nt\u0131 veya bas\u0131n\u00e7 kayb\u0131 gibi \u00e7e\u015fitli \u00e7al\u0131\u015fma sorunlar\u0131 ya\u015fanabilir. Sorunu do\u011fru bir \u015fekilde te\u015fhis etmek ve \u00e7\u00f6zmek i\u00e7in uygun \u00f6nlemleri almak \u00e7ok \u00f6nemlidir. Yayg\u0131n sorunlar ve \u00e7\u00f6z\u00fcmler aras\u0131nda uygun ya\u011flaman\u0131n kontrol edilmesi, contalar\u0131n hasar a\u00e7\u0131s\u0131ndan kontrol edilmesi ve silindir bile\u015fenlerinin a\u015f\u0131nma ve y\u0131pranma a\u00e7\u0131s\u0131ndan incelenmesi yer almaktad\u0131r.<\/p>\n<p><img decoding=\"async\" src=\"https:\/\/www.hydraulic-cylinders.net\/wp-content\/uploads\/2025\/01\/songte-bushings-with-all-kinds-of-excavator-models.webp\" alt=\"Bonny WZYD18-6 i\u00e7in Kova Silindiri\"><\/p>\n<h2>\u015eirketimiz Hakk\u0131nda<\/h2>\n<p>Yurti\u00e7i ve yurtd\u0131\u015f\u0131 pazarlarda hidrolik silindirlerin \u00f6nde gelen \u00fcreticisi ve toptan da\u011f\u0131t\u0131c\u0131s\u0131y\u0131z. \u00dcr\u00fcnlerimiz m\u00fckemmel kalitede olup, end\u00fcstriyel \u00fcretim y\u00f6netim stratejimizde hassas \u00fcretim uygulamalar\u0131n\u0131 takip ediyoruz. Profesyonel bir ekibe, geli\u015fmi\u015f \u00fcretim ekipmanlar\u0131na ve \u00f6zel test sistemlerine sahibiz; bu da m\u00fc\u015fterilerimizin \u00e7e\u015fitli ihtiya\u00e7lar\u0131n\u0131 kar\u015f\u0131layan y\u00fcksek kaliteli \u00fcr\u00fcnler sunmam\u0131z\u0131 sa\u011fl\u0131yor. \u00d6zelle\u015ftirilmi\u015f hizmetler sunuyoruz ve \u00fcr\u00fcnlerimiz uluslararas\u0131 sertifikal\u0131d\u0131r. \u015eirketimiz \u00e7e\u015fitli \u00fcretim ekipmanlar\u0131, m\u00fckemmel sat\u0131\u015f sonras\u0131 hizmet sunmakta ve m\u00fc\u015fterilerin ihtiya\u00e7lar\u0131n\u0131 kar\u015f\u0131layan y\u00fcksek kaliteli \u00fcr\u00fcnler yaratma konusunda g\u00fc\u00e7l\u00fc bir yetene\u011fe sahiptir.<\/p>\n<ul>\n<li>\n<h3>Profesyonellik<\/h3>\n<p>\u015eirketimiz, hidrolik silindirler alan\u0131nda geni\u015f deneyime sahip profesyonellerden olu\u015fan bir ekibe sahiptir ve y\u00fcksek kaliteli \u00fcr\u00fcnler sa\u011flamak i\u00e7in hassas \u00fcretim teknikleri kullanmaktad\u0131r.<\/p>\n<\/li>\n<li>\n<h3>Uluslararas\u0131 Sertifikasyon<\/h3>\n<p>\u00dcr\u00fcnlerimiz, en y\u00fcksek kalite ve g\u00fcvenlik standartlar\u0131n\u0131 kar\u015f\u0131lad\u0131\u011f\u0131ndan emin olmak i\u00e7in uluslararas\u0131 sertifikalara sahiptir.<\/p>\n<\/li>\n<li>\n<h3>\u00d6zelle\u015ftirilmi\u015f Hizmet<\/h3>\n<p>M\u00fc\u015fterilerimizin \u00f6zel ihtiya\u00e7lar\u0131n\u0131 kar\u015f\u0131lamak i\u00e7in \u00f6zelle\u015ftirilmi\u015f hizmetler sunuyoruz.<\/p>\n<\/li>\n<li>\n<h3>\u00dcretim Ekipmanlar\u0131<\/h3>\n<p>\u015eirketimiz, y\u00fcksek kaliteli \u00fcr\u00fcnleri verimli bir \u015fekilde \u00fcretmemizi sa\u011flayan geli\u015fmi\u015f \u00fcretim ekipmanlar\u0131na sahiptir.<\/p>\n<\/li>\n<li>\n<h3>Sat\u0131\u015f Sonras\u0131 Hizmet<\/h3>\n<p>M\u00fc\u015fterilerimizin \u00fcr\u00fcn ve hizmetlerimizden memnun kalmalar\u0131n\u0131 sa\u011flamak i\u00e7in m\u00fckemmel sat\u0131\u015f sonras\u0131 hizmet sunuyoruz.<\/p>\n<\/li>\n<\/ul>\n<p><img decoding=\"async\" src=\"https:\/\/hzpt.com\/wp-content\/uploads\/2024\/11\/songte-company-1.webp\" alt=\"Bonny WZYD18-6 i\u00e7in Kova Silindiri\"><\/p>\n<p>Yazar: lyl<\/p>","protected":false},"excerpt":{"rendered":"<p>Bucket Cylinder for Bonny WZYD18-6 Introduction The bucket cylinder for Bonny WZYD18-6 is a type of specialized hydraulic cylinder designed to control the movement of the bucket in heavy machinery such as excavators, backhoe excavators, and front-end loaders. Its main function is to facilitate the lifting, lowering, and tilting of the bucket, thereby enabling efficient [&hellip;]<\/p>","protected":false},"featured_media":14782,"comment_status":"open","ping_status":"closed","template":"","meta":{"_et_pb_use_builder":"","_et_pb_old_content":"","_et_gb_content_width":""},"product_brand":[],"product_cat":[1494],"product_tag":[1495,1496],"class_list":{"0":"post-15932","1":"product","2":"type-product","3":"status-publish","4":"has-post-thumbnail","6":"product_cat-bucket-cylinders","7":"product_tag-bucket-cylinders","8":"product_tag-hydraulic-cylinders","10":"first","11":"instock","12":"shipping-taxable","13":"product-type-simple"},"amp_enabled":true,"_links":{"self":[{"href":"https:\/\/www.hydraulic-cylinders.net\/tr\/wp-json\/wp\/v2\/product\/15932","targetHints":{"allow":["GET"]}}],"collection":[{"href":"https:\/\/www.hydraulic-cylinders.net\/tr\/wp-json\/wp\/v2\/product"}],"about":[{"href":"https:\/\/www.hydraulic-cylinders.net\/tr\/wp-json\/wp\/v2\/types\/product"}],"replies":[{"embeddable":true,"href":"https:\/\/www.hydraulic-cylinders.net\/tr\/wp-json\/wp\/v2\/comments?post=15932"}],"wp:featuredmedia":[{"embeddable":true,"href":"https:\/\/www.hydraulic-cylinders.net\/tr\/wp-json\/wp\/v2\/media\/14782"}],"wp:attachment":[{"href":"https:\/\/www.hydraulic-cylinders.net\/tr\/wp-json\/wp\/v2\/media?parent=15932"}],"wp:term":[{"taxonomy":"product_brand","embeddable":true,"href":"https:\/\/www.hydraulic-cylinders.net\/tr\/wp-json\/wp\/v2\/product_brand?post=15932"},{"taxonomy":"product_cat","embeddable":true,"href":"https:\/\/www.hydraulic-cylinders.net\/tr\/wp-json\/wp\/v2\/product_cat?post=15932"},{"taxonomy":"product_tag","embeddable":true,"href":"https:\/\/www.hydraulic-cylinders.net\/tr\/wp-json\/wp\/v2\/product_tag?post=15932"}],"curies":[{"name":"wp","href":"https:\/\/api.w.org\/{rel}","templated":true}]}}