{"id":15935,"date":"2025-01-19T15:11:18","date_gmt":"2025-01-19T15:11:18","guid":{"rendered":"https:\/\/www.hydraulic-cylinders.net\/product\/bucket-cylinder-for-bonny-ced260-6\/"},"modified":"2025-01-19T15:11:20","modified_gmt":"2025-01-19T15:11:20","slug":"bucket-cylinder-for-bonny-ced260-6","status":"publish","type":"product","link":"https:\/\/www.hydraulic-cylinders.net\/tr\/urun\/bucket-cylinder-for-bonny-ced260-6\/","title":{"rendered":"Bonny CED260-6 i\u00e7in Kova Silindiri"},"content":{"rendered":"<p><!DOCTYPE html><br \/>\n<html><br \/>\n<head><br \/>\n<title>Bonny CED260-6 i\u00e7in Kova Silindiri<\/title><br \/>\n<\/head><br \/>\n<body><\/p>\n<h1>Bonny CED260-6 i\u00e7in Kova Silindiri<\/h1>\n<h2>girii\u015f<\/h2>\n<p>Kova silindiri, ekskavat\u00f6rler, beko-loderler ve \u00f6n y\u00fckleyiciler gibi a\u011f\u0131r i\u015f makinelerinde kovan\u0131n hareketini kontrol etmek i\u00e7in kullan\u0131lan \u00f6zel olarak tasarlanm\u0131\u015f bir hidrolik silindirdir. Ana i\u015flevi, kovan\u0131n kald\u0131r\u0131lmas\u0131n\u0131, indirilmesini ve e\u011filmesini sa\u011flayarak \u00e7e\u015fitli malzeme ta\u015f\u0131ma g\u00f6revleri i\u00e7in uygundur. Hidrolik bir sistemde kova silindiri, hidrolik ya\u011f\u0131n bas\u0131n\u00e7 de\u011fi\u015fimlerinden yararlanarak kovan\u0131n hassas kontrol\u00fcn\u00fc sa\u011flar ve operat\u00f6rlerin a\u011f\u0131r y\u00fckleri verimli bir \u015fekilde ta\u015f\u0131mas\u0131na, karma\u015f\u0131k \u00e7al\u0131\u015fma ortamlar\u0131na ve \u00e7e\u015fitli i\u015f gereksinimlerine uyum sa\u011flamas\u0131na olanak tan\u0131r.<\/p>\n<p><img decoding=\"async\" src=\"https:\/\/www.hydraulic-cylinders.net\/wp-content\/uploads\/2025\/01\/songte-company-2.webp\" alt=\"Kova Silindiri G\u00f6r\u00fcnt\u00fcs\u00fc\"><\/p>\n<h2>\u00d6zellikler<\/h2>\n<ul>\n<li>Y\u00fcksek Mukavemet ve Dayan\u0131kl\u0131l\u0131k: Genellikle y\u00fcksek mukavemetli \u00e7elik veya al\u00fcminyumdan \u00fcretilen kova silindiri, y\u00fcksek bas\u0131nca ve a\u011f\u0131r y\u00fcklere dayanabilir ve zorlu \u00e7al\u0131\u015fma ko\u015fullar\u0131na uyum sa\u011flayabilir. Tasar\u0131m\u0131, a\u015f\u0131nma ve korozyon direnci gibi fakt\u00f6rleri g\u00f6z \u00f6n\u00fcnde bulundurarak kullan\u0131m \u00f6mr\u00fcn\u00fc uzat\u0131r.<\/li>\n<li>Verimli Hidrolik \u00c7al\u0131\u015fma: Hidrolik ya\u011f\u0131n bas\u0131nc\u0131n\u0131 kullanarak, kova silindiri sorunsuz uzatma ve geri \u00e7ekme hareketleri sa\u011flayarak kontrol komutlar\u0131na h\u0131zl\u0131 tepki verir ve g\u00fc\u00e7l\u00fc itme ve \u00e7ekme kuvvetleri sa\u011flar. A\u011f\u0131r y\u00fckleri ve karma\u015f\u0131k i\u015f g\u00f6revlerini ta\u015f\u0131mak i\u00e7in uygundur.<\/li>\n<li>\u00c7e\u015fitli Tipler: Kova silindirleri, operasyonel gereksinimlere ba\u011fl\u0131 olarak tek etkili (sadece tek y\u00f6nde hidrolik bas\u0131n\u00e7 uygulanan) veya \u00e7ift etkili (her iki y\u00f6nde hidrolik bas\u0131n\u00e7 uygulanan) silindirler olarak se\u00e7ilebilir. Baz\u0131 modeller teleskopiktir ve d\u0131\u015f boyutlar\u0131 art\u0131rmadan daha fazla geni\u015flemeye olanak tan\u0131r, bu da onlar\u0131 s\u0131n\u0131rl\u0131 alana sahip uygulamalar i\u00e7in uygun hale getirir.<\/li>\n<\/ul>\n<p><img decoding=\"async\" src=\"https:\/\/www.hydraulic-cylinders.net\/wp-content\/uploads\/2025\/01\/songte-cylinder-head-with-all-kinds-excavator-models.webp\" alt=\"\u00dcr\u00fcn G\u00f6rseli\"><\/p>\n<h2>Uygulamalar<\/h2>\n<ul>\n<li>\u0130n\u015faat Ekipmanlar\u0131: Ekskavat\u00f6rlerde bulunan bu ekipmanlar, kaz\u0131, y\u00fckleme ve toprak veya moloz ta\u015f\u0131ma i\u015flerinde hayati \u00f6nem ta\u015f\u0131r. Beko-Loderlerde ise kova silindiri hem kaz\u0131 hem de kald\u0131rma i\u015flerinde yard\u0131mc\u0131 olur.<\/li>\n<li>Tar\u0131m Makinalar\u0131: \u00d6n y\u00fckleyicilerde toprak, saman ve di\u011fer malzemeleri kep\u00e7elemek, kald\u0131rmak ve ta\u015f\u0131mak i\u00e7in kullan\u0131l\u0131r.<\/li>\n<li>Ekskavat\u00f6rler: Kova silindiri, kovan\u0131n topra\u011fa n\u00fcfuz etmesini sa\u011flayarak kazma i\u015flemini ger\u00e7ekle\u015ftirir.<\/li>\n<li>\u00d6n Y\u00fckleyiciler: \u00d6n y\u00fckleyiciler, mallar\u0131n etkili bir \u015fekilde kald\u0131r\u0131lmas\u0131na ve bo\u015falt\u0131lmas\u0131na yard\u0131mc\u0131 olurlar.<\/li>\n<\/ul>\n<h2>Tasar\u0131m Hususlar\u0131 ve Se\u00e7im Kriterleri<\/h2>\n<ul>\n<li>Ta\u015f\u0131ma Kapasitesi: Y\u00fck ta\u015f\u0131ma kapasitesi, s\u0131zd\u0131rmazl\u0131k, dayan\u0131kl\u0131l\u0131k, g\u00fcvenlik ve bak\u0131m kolayl\u0131\u011f\u0131 gibi temel fakt\u00f6rleri tart\u0131\u015f\u0131n.<\/li>\n<\/ul>\n<p><img decoding=\"async\" src=\"https:\/\/www.hydraulic-cylinders.net\/wp-content\/uploads\/2025\/01\/songte-oil-pipes-and-spare-parts.webp\" alt=\"\u00dcr\u00fcn G\u00f6rseli\"><\/p>\n<h2>S\u0131zd\u0131rmazl\u0131k ve Ya\u011flama<\/h2>\n<p>Kova silindiri, poli\u00fcretan ve nitril kau\u00e7uk gibi a\u015f\u0131nmaya dayan\u0131kl\u0131 malzemelerden yap\u0131lm\u0131\u015f piston contalar\u0131 ve piston kolu contalar\u0131 gibi \u00e7e\u015fitli s\u0131zd\u0131rmazl\u0131k elemanlar\u0131 kullan\u0131r. Silindir g\u00f6vdesi ve di\u015fli u\u00e7lar\u0131, a\u015f\u0131nma direncini art\u0131rmak i\u00e7in hassas bir i\u015flemden ge\u00e7irilir. Uygun miktarda hidrolik ya\u011f ile d\u00fczenli ya\u011flama gereklidir.<\/p>\n<h2>Bak\u0131m ve \u00d6nleyici Tedbirler<\/h2>\n<ul>\n<li>D\u00fczenli denetim<\/li>\n<li>Uygun ya\u011flama<\/li>\n<li>Conta de\u011fi\u015fimi<\/li>\n<li>Kalibrasyon kontrolleri<\/li>\n<\/ul>\n<h2>Kurulum K\u0131lavuzu<\/h2>\n<p>\u00dcr\u00fcn\u00fcn do\u011fru kurulumu i\u00e7in talimatlar\u0131 sa\u011flay\u0131n.<\/p>\n<p><img decoding=\"async\" src=\"https:\/\/www.hydraulic-cylinders.net\/wp-content\/uploads\/2025\/01\/songte-chushion-collar.webp\" alt=\"\u00dcr\u00fcn G\u00f6rseli\"><\/p>\n<h2>Bak\u0131m G\u00f6revleri<\/h2>\n<ul>\n<li>D\u00fczenli denetim<\/li>\n<li>Uygun ya\u011flama<\/li>\n<li>Conta de\u011fi\u015fimi<\/li>\n<li>Kurulum s\u0131ras\u0131nda silindirin hizalanmas\u0131<\/li>\n<li>Silindiri sabitlemek i\u00e7in uygun montaj braketlerinin \u00f6nemi<\/li>\n<li>\u00d6nerilen muayene, onar\u0131m ve de\u011fi\u015ftirme prosed\u00fcrleri<\/li>\n<li>Yeniden in\u015fa hizmetleri ve yedek par\u00e7a bulunabilirli\u011fi<\/li>\n<li>Kova silindirinin \u00f6mr\u00fcn\u00fc uzatma teknikleri<\/li>\n<\/ul>\n<p><img decoding=\"async\" src=\"https:\/\/www.hydraulic-cylinders.net\/wp-content\/uploads\/2025\/01\/songte-bushings-with-all-kinds-of-excavator-models.webp\" alt=\"\u00dcr\u00fcn G\u00f6rseli\"><\/p>\n<h2>G\u00fcvenlik Hususlar\u0131 ve \u00c7evresel Fakt\u00f6rler<\/h2>\n<p>Kova silindirini kullan\u0131rken g\u00fcvenlik \u00f6nlemlerinin \u00f6nemini ve ilgili \u00e7evresel hususlar\u0131 tart\u0131\u015f\u0131n.<\/p>\n<h2>Ar\u0131za Te\u015fhisi ve Yayg\u0131n Sorunlar<\/h2>\n<p>Yayg\u0131n ar\u0131zalar\u0131 tart\u0131\u015f\u0131n ve sorun giderme ve sorun \u00e7\u00f6zme ipu\u00e7lar\u0131 verin. Ayr\u0131ca, olas\u0131 sorunlar\u0131 en aza indirmek i\u00e7in \u00f6nleyici tedbirler \u00f6nerin.<\/p>\n<p><img decoding=\"async\" src=\"https:\/\/hzpt.com\/wp-content\/uploads\/2024\/11\/songte-company-1.webp\" alt=\"\u00dcr\u00fcn G\u00f6rseli\"><\/p>\n<h2>\u015eirketimiz Hakk\u0131nda<\/h2>\n<p>Yurt i\u00e7i ve yurt d\u0131\u015f\u0131 pazarlarda geni\u015f bir \u00fcr\u00fcn yelpazesi sunan lider bir yedek hidrolik silindir \u00fcreticisi ve toptan da\u011f\u0131t\u0131c\u0131s\u0131y\u0131z. \u015eirketimiz, m\u00fckemmel kalite, geli\u015fmi\u015f \u00fcretim ekipmanlar\u0131 ve profesyonel test sistemlerine dayanan bir end\u00fcstriyel \u00fcretim y\u00f6netimi stratejisi izlemektedir. Teknik yeteneklere, dijital ve ileri teknoloji \u00fcretim ekipmanlar\u0131na ve kaliteli \u00fcretim rotalar\u0131na odaklanarak, \u00fcretim platformumuzu s\u00fcrekli geli\u015ftiriyor ve m\u00fc\u015fterilerimizin \u00e7e\u015fitli ihtiya\u00e7lar\u0131n\u0131 y\u00fcksek verimlilik, hassasiyet ve kaliteyle kar\u015f\u0131l\u0131yoruz.<\/p>\n<p><img decoding=\"async\" src=\"https:\/\/www.hydraulic-cylinders.net\/wp-content\/uploads\/2025\/01\/songte-company-3.webp\" alt=\"\u015eirket \u0130maj\u0131\"><\/p>\n<h3>\u015eirketin \u00d6ne \u00c7\u0131kan \u00d6zellikleri:<\/h3>\n<ul>\n<li>Profesyonellik<\/li>\n<li>Uluslararas\u0131 sertifikalar<\/li>\n<li>\u00d6zelle\u015ftirme hizmetleri<\/li>\n<li>\u00dcretim ekipmanlar\u0131<\/li>\n<li>Sat\u0131\u015f sonras\u0131 servis<\/li>\n<\/ul>\n<p>Yazar: lyl<\/p>\n<p><\/body><br \/>\n<\/html><\/p>","protected":false},"excerpt":{"rendered":"<p>Bucket Cylinder For Bonny CED260-6 Bucket Cylinder For Bonny CED260-6 Introduction A bucket cylinder is a specially designed hydraulic cylinder used to control the movement of the bucket in heavy machinery such as excavators, backhoe loaders, and front loaders. Its main function is to enable the lifting, lowering, and tilting of the bucket, making it [&hellip;]<\/p>","protected":false},"featured_media":14776,"comment_status":"open","ping_status":"closed","template":"","meta":{"_et_pb_use_builder":"","_et_pb_old_content":"","_et_gb_content_width":""},"product_brand":[],"product_cat":[1494],"product_tag":[1495,1496],"class_list":{"0":"post-15935","1":"product","2":"type-product","3":"status-publish","4":"has-post-thumbnail","6":"product_cat-bucket-cylinders","7":"product_tag-bucket-cylinders","8":"product_tag-hydraulic-cylinders","10":"first","11":"instock","12":"shipping-taxable","13":"product-type-simple"},"amp_enabled":true,"_links":{"self":[{"href":"https:\/\/www.hydraulic-cylinders.net\/tr\/wp-json\/wp\/v2\/product\/15935","targetHints":{"allow":["GET"]}}],"collection":[{"href":"https:\/\/www.hydraulic-cylinders.net\/tr\/wp-json\/wp\/v2\/product"}],"about":[{"href":"https:\/\/www.hydraulic-cylinders.net\/tr\/wp-json\/wp\/v2\/types\/product"}],"replies":[{"embeddable":true,"href":"https:\/\/www.hydraulic-cylinders.net\/tr\/wp-json\/wp\/v2\/comments?post=15935"}],"wp:featuredmedia":[{"embeddable":true,"href":"https:\/\/www.hydraulic-cylinders.net\/tr\/wp-json\/wp\/v2\/media\/14776"}],"wp:attachment":[{"href":"https:\/\/www.hydraulic-cylinders.net\/tr\/wp-json\/wp\/v2\/media?parent=15935"}],"wp:term":[{"taxonomy":"product_brand","embeddable":true,"href":"https:\/\/www.hydraulic-cylinders.net\/tr\/wp-json\/wp\/v2\/product_brand?post=15935"},{"taxonomy":"product_cat","embeddable":true,"href":"https:\/\/www.hydraulic-cylinders.net\/tr\/wp-json\/wp\/v2\/product_cat?post=15935"},{"taxonomy":"product_tag","embeddable":true,"href":"https:\/\/www.hydraulic-cylinders.net\/tr\/wp-json\/wp\/v2\/product_tag?post=15935"}],"curies":[{"name":"wp","href":"https:\/\/api.w.org\/{rel}","templated":true}]}}