{"id":15937,"date":"2025-01-19T15:11:26","date_gmt":"2025-01-19T15:11:26","guid":{"rendered":"https:\/\/www.hydraulic-cylinders.net\/product\/bucket-cylinder-for-bonny-ctd460-6\/"},"modified":"2025-01-19T15:11:28","modified_gmt":"2025-01-19T15:11:28","slug":"bucket-cylinder-for-bonny-ctd460-6","status":"publish","type":"product","link":"https:\/\/www.hydraulic-cylinders.net\/tr\/urun\/bucket-cylinder-for-bonny-ctd460-6\/","title":{"rendered":"Bonny CTD460-6 i\u00e7in Kova Silindiri"},"content":{"rendered":"<h1>Bonny CTD460-6 i\u00e7in Kova Silindiri<\/h1>\n<h2>girii\u015f<\/h2>\n<p>Kep\u00e7e silindiri, ekskavat\u00f6rler, kaz\u0131c\u0131lar ve \u00f6n y\u00fckleyiciler gibi a\u011f\u0131r makinelerde kep\u00e7elerin hareketini kontrol etmek i\u00e7in \u00f6zel olarak tasarlanm\u0131\u015f bir hidrolik silindirdir. Ana i\u015flevi, kep\u00e7enin kald\u0131r\u0131lmas\u0131n\u0131, indirilmesini ve e\u011filmesini sa\u011flayarak \u00e7e\u015fitli malzemelerin ta\u015f\u0131nmas\u0131n\u0131 kolayla\u015ft\u0131rmakt\u0131r.<\/p>\n<p><img decoding=\"async\" src=\"https:\/\/www.hydraulic-cylinders.net\/wp-content\/uploads\/2025\/01\/songte-company-2.webp\"><\/p>\n<h3>Tan\u0131m ve A\u00e7\u0131klama<\/h3>\n<p>Hidrolik bir sistemde, kova silindiri hidrolik ya\u011f bas\u0131nc\u0131ndaki de\u011fi\u015fiklikleri kullanarak kovan\u0131n hassas kontrol\u00fcn\u00fc sa\u011flar; bu da operat\u00f6rlerin a\u011f\u0131r y\u00fckleri verimli bir \u015fekilde ta\u015f\u0131mas\u0131na, karma\u015f\u0131k \u00e7al\u0131\u015fma ortamlar\u0131na ve \u00e7e\u015fitli i\u015f gereksinimlerine uyum sa\u011flamas\u0131na olanak tan\u0131r.<\/p>\n<h2>\u00d6zellikler<\/h2>\n<ul>\n<li>\n<h3>Y\u00fcksek G\u00fc\u00e7 ve Dayan\u0131kl\u0131l\u0131k<\/h3>\n<\/li>\n<p>Kova silindirleri genellikle y\u00fcksek mukavemetli \u00e7elik veya al\u00fcminyumdan yap\u0131l\u0131r ve y\u00fcksek bas\u0131nca ve a\u011f\u0131r y\u00fcklere dayanabilirler, bu da onlar\u0131 zorlu \u00e7al\u0131\u015fma ortamlar\u0131 i\u00e7in uygun hale getirir. Tasar\u0131m, a\u015f\u0131nma direnci ve korozyon direncini dikkate alarak kullan\u0131m \u00f6mr\u00fcn\u00fc uzat\u0131r.<\/p>\n<li>\n<h3>Verimli Hidrolik \u00c7al\u0131\u015fma<\/h3>\n<\/li>\n<p>Kova silindirleri, hidrolik ya\u011f\u0131n bas\u0131nc\u0131n\u0131 kullanarak d\u00fczg\u00fcn bir \u015fekilde uzama ve daralma sa\u011flar, g\u00fc\u00e7l\u00fc itme ve \u00e7ekme kuvvetleri \u00fcretir ve operasyonel komutlara h\u0131zl\u0131 yan\u0131t verir. A\u011f\u0131r y\u00fcklerin ve karma\u015f\u0131k i\u015f g\u00f6revlerinin ta\u015f\u0131nmas\u0131 i\u00e7in uygundurlar.<\/p>\n<li>\n<h3>\u00c7e\u015fitli T\u00fcrler<\/h3>\n<\/li>\n<p>Kova silindirleri, farkl\u0131 \u00e7al\u0131\u015fma gereksinimlerini kar\u015f\u0131lamak \u00fczere tek etkili (hidroli\u011fin yaln\u0131zca tek y\u00f6nde kullan\u0131ld\u0131\u011f\u0131) veya \u00e7ift etkili (hidroli\u011fin iki y\u00f6nde kullan\u0131ld\u0131\u011f\u0131) silindirler de dahil olmak \u00fczere ihtiya\u00e7lara g\u00f6re se\u00e7ilebilir. Baz\u0131 modeller teleskopiktir ve d\u0131\u015f boyutlar\u0131 art\u0131rmadan daha fazla uzatmaya olanak tan\u0131yarak s\u0131n\u0131rl\u0131 alana sahip uygulamalar i\u00e7in uygun hale gelir.<\/p>\n<li>\n<h3>M\u00fckemmel De\u011fi\u015ftirme<\/h3>\n<\/li>\n<p>\u00dcr\u00fcnlerimiz bu hidrolik silindirlerin yerini m\u00fckemmel \u015fekilde alabilir.<\/p>\n<\/ul>\n<p><img decoding=\"async\" src=\"https:\/\/www.hydraulic-cylinders.net\/wp-content\/uploads\/2025\/01\/songte-cylinder-head-with-all-kinds-excavator-models.webp\"><\/p>\n<h2>Uygulamalar<\/h2>\n<ul>\n<li>\n<h3>\u0130n\u015faat Ekipmanlar\u0131<\/h3>\n<\/li>\n<p>Ekskavat\u00f6rlerde, kep\u00e7e silindirleri toprak veya molozun kaz\u0131lmas\u0131, y\u00fcklenmesi ve ta\u015f\u0131nmas\u0131 i\u00e7in hayati \u00f6neme sahiptir. Kaz\u0131c\u0131 makinelerde ise kep\u00e7e silindirleri hem kazma hem de kald\u0131rma i\u015flemlerine yard\u0131mc\u0131 olur. Kep\u00e7e silindirleri, \u00f6n y\u00fckleyicilerde toprak, saman ve di\u011fer malzemeleri kep\u00e7elemek, kald\u0131rmak ve ta\u015f\u0131mak i\u00e7in kullan\u0131l\u0131r.<\/p>\n<li>\n<h3>Ekskavat\u00f6rler<\/h3>\n<\/li>\n<p>Ekskavat\u00f6rlerdeki kep\u00e7e silindirleri, kep\u00e7enin kaz\u0131 i\u015flemi i\u00e7in topra\u011fa n\u00fcfuz etmesini sa\u011flar.<\/p>\n<li>\n<h3>Y\u00fckleyiciler<\/h3>\n<\/li>\n<p>\u00d6n y\u00fckleyicilerdeki kova silindirleri, mallar\u0131n verimli bir \u015fekilde kald\u0131r\u0131lmas\u0131na ve bo\u015falt\u0131lmas\u0131na yard\u0131mc\u0131 olur.<\/p>\n<\/ul>\n<h2>Tasar\u0131m Hususlar\u0131 ve Se\u00e7im Kriterleri<\/h2>\n<p>Kova silindirleri \u00e7e\u015fitli tasar\u0131m hususlar\u0131na ve se\u00e7im kriterlerine tabidir. Bunlar \u015funlard\u0131r:<\/p>\n<ul>\n<li>\n<h3>Ta\u015f\u0131ma Kapasitesi<\/h3>\n<\/li>\n<p>Kova silindiri tasar\u0131m\u0131nda ta\u015f\u0131ma kapasitesi \u00f6nemli bir husustur. Bir silindir, \u00e7al\u0131\u015fma s\u0131ras\u0131nda kar\u015f\u0131la\u015faca\u011f\u0131 y\u00fcklere dayanabilmelidir.<\/p>\n<li>\n<h3>S\u0131zd\u0131rmazl\u0131k<\/h3>\n<\/li>\n<p>Piston contalar\u0131 ve mil contalar\u0131 da dahil olmak \u00fczere \u00e7e\u015fitli s\u0131zd\u0131rmazl\u0131k bile\u015fenleri, silindirden s\u0131v\u0131 s\u0131z\u0131nt\u0131s\u0131n\u0131 \u00f6nlemek i\u00e7in kullan\u0131l\u0131r. Contalar genellikle poli\u00fcretan ve nitril kau\u00e7uk gibi a\u015f\u0131nmaya dayan\u0131kl\u0131 malzemelerden yap\u0131l\u0131r.<\/p>\n<li>\n<h3>Dayan\u0131kl\u0131l\u0131k<\/h3>\n<\/li>\n<p>Kova silindirleri, \u00e7al\u0131\u015fma ortam\u0131n\u0131n zorlu ko\u015fullar\u0131na dayanacak kadar sa\u011flam olmal\u0131d\u0131r. Silindir g\u00f6vdesi ve di\u015fli u\u00e7 y\u00fczeyleri, a\u015f\u0131nma direncini art\u0131rmak i\u00e7in iyile\u015ftirilmelidir.<\/p>\n<li>\n<h3>Emniyet<\/h3>\n<\/li>\n<p>Hidrolik sistemlerle \u00e7al\u0131\u015f\u0131rken g\u00fcvenlik en \u00f6nemli husustur. Do\u011fru kurulum ve bak\u0131m, kazalar\u0131 \u00f6nlemeye yard\u0131mc\u0131 olabilir.<\/p>\n<li>\n<h3>Bak\u0131m<\/h3>\n<\/li>\n<p>Kova silindirlerinin uzun \u00f6m\u00fcrl\u00fc ve g\u00fcvenli olmas\u0131 i\u00e7in d\u00fczenli bak\u0131m \u015fartt\u0131r. Rutin bak\u0131m i\u015flemleri aras\u0131nda contalar\u0131n incelenmesi ve de\u011fi\u015ftirilmesi, s\u0131z\u0131nt\u0131lar\u0131n kontrol edilmesi ve silindirin kalibrasyonu yer al\u0131r.<\/p>\n<\/ul>\n<p><img decoding=\"async\" src=\"https:\/\/www.hydraulic-cylinders.net\/wp-content\/uploads\/2025\/01\/songte-oil-pipes-and-spare-parts.webp\"><\/p>\n<h2>S\u0131zd\u0131rmazl\u0131k ve Ya\u011flama<\/h2>\n<p>Kova silindirlerinde, s\u0131v\u0131 s\u0131z\u0131nt\u0131s\u0131n\u0131 \u00f6nlemek i\u00e7in piston contalar\u0131 ve mil contalar\u0131 da dahil olmak \u00fczere \u00e7e\u015fitli s\u0131zd\u0131rmazl\u0131k bile\u015fenleri kullan\u0131l\u0131r. Contalar genellikle poli\u00fcretan ve nitril kau\u00e7uk gibi a\u015f\u0131nmaya dayan\u0131kl\u0131 malzemelerden yap\u0131l\u0131r. Silindir g\u00f6vdesi ve di\u015fli u\u00e7 y\u00fczeyleri, a\u015f\u0131nma direncini art\u0131rmak i\u00e7in i\u015flenmi\u015ftir. Kova silindirlerinin ya\u011flanmas\u0131 ve sorunsuz \u00e7al\u0131\u015fmas\u0131 i\u00e7in d\u00fczenli olarak do\u011fru miktarda hidrolik ya\u011f eklenmesi \u015fartt\u0131r.<\/p>\n<h2>Muayene ve \u00d6nleyici Bak\u0131m Tedbirleri<\/h2>\n<p>D\u00fczenli kontroller ve \u00f6nleyici bak\u0131m \u00f6nlemleri, kova silindirlerinin verimli ve g\u00fcvenli bir \u015fekilde \u00e7al\u0131\u015fmas\u0131n\u0131 sa\u011flamaya yard\u0131mc\u0131 olabilir. Bak\u0131m g\u00f6revleri \u015funlar\u0131 i\u00e7erir:<\/p>\n<ul>\n<li>\n<h3>Do\u011fru Kurulum<\/h3>\n<\/li>\n<p>Kova silindirlerinin g\u00fcvenli ve verimli bir \u015fekilde \u00e7al\u0131\u015fmas\u0131n\u0131 sa\u011flamak i\u00e7in do\u011fru montaj \u00e7ok \u00f6nemlidir. Silindirin do\u011fru hizalanmas\u0131, silindiri sabitlemek i\u00e7in uygun montaj braketlerinin kullan\u0131lmas\u0131 ve \u00f6nerilen inceleme, onar\u0131m ve de\u011fi\u015ftirme prosed\u00fcrlerinin izlenmesi, silindirin \u00f6mr\u00fcn\u00fc uzatabilir.<\/p>\n<li>\n<h3>Ya\u011flama<\/h3>\n<\/li>\n<p>Kep\u00e7e silindirlerinin sorunsuz \u00e7al\u0131\u015fmas\u0131 i\u00e7in d\u00fczenli ya\u011flama \u015fartt\u0131r. \u00d6nerilen aral\u0131klarla do\u011fru miktarda hidrolik ya\u011f eklemek, contalar\u0131n ya\u011flanmas\u0131na ve s\u00fcrt\u00fcnmenin azalmas\u0131na yard\u0131mc\u0131 olur.<\/p>\n<li>\n<h3>Conta De\u011fi\u015fimi ve Kalibrasyon Kontrol\u00fc<\/h3>\n<\/li>\n<p>A\u015f\u0131nm\u0131\u015f contalar\u0131n d\u00fczenli olarak kontrol edilmesi ve de\u011fi\u015ftirilmesi, s\u0131v\u0131 s\u0131z\u0131nt\u0131lar\u0131n\u0131 \u00f6nlemeye yard\u0131mc\u0131 olabilir. Kalibrasyon kontrolleri, silindir performans\u0131n\u0131n belirtilen standartlar\u0131 kar\u015f\u0131lad\u0131\u011f\u0131ndan emin olunmas\u0131n\u0131 sa\u011flar.<\/p>\n<\/ul>\n<p><img decoding=\"async\" src=\"https:\/\/www.hydraulic-cylinders.net\/wp-content\/uploads\/2025\/01\/songte-chushion-collar.webp\"><\/p>\n<h2>G\u00fcvenlik Hususlar\u0131 ve \u00c7evresel Fakt\u00f6rler<\/h2>\n<p>Kova silindirleri y\u00fcksek bas\u0131n\u00e7 alt\u0131nda \u00e7al\u0131\u015ft\u0131\u011f\u0131 i\u00e7in uygun g\u00fcvenlik \u00f6nlemleri \u015fartt\u0131r. \u0130\u015f\u00e7iler, hidrolik sistemlerle \u00e7al\u0131\u015f\u0131rken uygun ki\u015fisel koruyucu ekipman giymeli ve \u00f6nerilen g\u00fcvenlik y\u00f6nergelerine uymal\u0131d\u0131r. \u00c7evresel hususlar aras\u0131nda hidrolik s\u0131v\u0131n\u0131n ve di\u011fer tehlikeli maddelerin uygun \u015fekilde bertaraf edilmesi yer almaktad\u0131r.<\/p>\n<h2>Sorun Giderme ve Yayg\u0131n Sorunlar<\/h2>\n<p>Kova silindirlerinde s\u0131k kar\u015f\u0131la\u015f\u0131lan sorunlar aras\u0131nda s\u0131v\u0131 s\u0131z\u0131nt\u0131lar\u0131, yetersiz \u00e7al\u0131\u015fma ve hizalama sorunlar\u0131 yer al\u0131r. Sorun giderme ipu\u00e7lar\u0131 aras\u0131nda s\u0131z\u0131nt\u0131 kontrol\u00fc, contalar\u0131n a\u015f\u0131nmas\u0131n\u0131n kontrol\u00fc ve do\u011fru hizalaman\u0131n kontrol\u00fc bulunur. \u00d6nleyici tedbirler aras\u0131nda do\u011fru kurulum, d\u00fczenli inceleme ve bak\u0131m yer al\u0131r.<\/p>\n<p><img decoding=\"async\" src=\"https:\/\/www.hydraulic-cylinders.net\/wp-content\/uploads\/2025\/01\/songte-bushings-with-all-kinds-of-excavator-models.webp\"><\/p>\n<h2>\u015eirketimiz Hakk\u0131nda<\/h2>\n<p>Komple \u00fcr\u00fcn yelpazesiyle hidrolik silindir yedek par\u00e7alar\u0131 \u00fcreticisiyiz ve hem yurt i\u00e7i hem de uluslararas\u0131 pazarlarda hidrolik silindirlerin \u00f6nde gelen \u00fcreticilerinden ve toptanc\u0131lar\u0131ndan biri haline geldik. M\u00fckemmel kalite ilkesini benimsiyor ve geli\u015fmi\u015f \u00fcretim at\u00f6lyelerinde end\u00fcstriyel \u00fcretim y\u00f6netim stratejilerine g\u00fcveniyoruz. Teknolojik yetenek, dijital \u00fcst d\u00fczey \u00fcretim ekipmanlar\u0131 ve profesyonel test sistemleri kullanarak \u00fcretim platformlar\u0131m\u0131z\u0131 s\u00fcrekli geli\u015ftiriyoruz; bu sayede m\u00fc\u015fterilerimizin \u00e7e\u015fitli ihtiya\u00e7lar\u0131n\u0131 kar\u015f\u0131lamak i\u00e7in y\u00fcksek verimlilik, y\u00fcksek hassasiyet ve y\u00fcksek kaliteye sahip \u00fcr\u00fcnler \u00fcretebiliyoruz.<\/p>\n<ul>\n<li>\n<h3>Profesyonellik<\/h3>\n<\/li>\n<p>M\u00fc\u015fterilerimizin ihtiya\u00e7lar\u0131na en iyi \u00e7\u00f6z\u00fcmleri sunmaya kendini adam\u0131\u015f, deneyimli profesyonellerden olu\u015fan bir ekibimiz var.<\/p>\n<li>\n<h3>Uluslararas\u0131 Sertifikasyon<\/h3>\n<\/li>\n<p>\u00dcr\u00fcnlerimiz, uluslararas\u0131 kalite ve g\u00fcvenlik standartlar\u0131na uygun olarak sertifikaland\u0131r\u0131lm\u0131\u015ft\u0131r.<\/p>\n<li>\n<h3>\u00d6zelle\u015ftirme Hizmetleri<\/h3>\n<\/li>\n<p>M\u00fc\u015fterilerimizin benzersiz ihtiya\u00e7lar\u0131na g\u00f6re uyarlanm\u0131\u015f, \u00f6zelle\u015ftirilmi\u015f hidrolik silindir \u00e7\u00f6z\u00fcmleri sunuyoruz.<\/p>\n<li>\n<h3>\u00dcretim Ekipmanlar\u0131<\/h3>\n<\/li>\n<p>Y\u00fcksek kaliteli hidrolik silindirler \u00fcretmek i\u00e7in \u00fcst d\u00fczey \u00fcretim ekipmanlar\u0131 kullan\u0131yoruz.<\/p>\n<li>\n<h3>Sat\u0131\u015f Sonras\u0131 Hizmetler<\/h3>\n<\/li>\n<p>\u00dcr\u00fcnlerimizin t\u00fcm ya\u015fam d\u00f6ng\u00fcs\u00fc boyunca m\u00fc\u015fterilerimize sat\u0131\u015f sonras\u0131 destek sa\u011fl\u0131yoruz.<\/p>\n<\/ul>\n<p><img decoding=\"async\" src=\"https:\/\/hzpt.com\/wp-content\/uploads\/2024\/11\/songte-company-1.webp\"><\/p>\n<p>Yazar: lyl<\/p>","protected":false},"excerpt":{"rendered":"<p>Bucket Cylinder For Bonny CTD460-6 Introduction A bucket cylinder is a specially designed hydraulic cylinder used primarily to control the movement of buckets in heavy machinery such as excavators, backhoes, and front loaders. Its main function is to enable the bucket to lift, lower, and tilt, making it easier to handle various materials. Definition and [&hellip;]<\/p>","protected":false},"featured_media":14771,"comment_status":"open","ping_status":"closed","template":"","meta":{"_et_pb_use_builder":"","_et_pb_old_content":"","_et_gb_content_width":""},"product_brand":[],"product_cat":[1494],"product_tag":[1495,1496],"class_list":{"0":"post-15937","1":"product","2":"type-product","3":"status-publish","4":"has-post-thumbnail","6":"product_cat-bucket-cylinders","7":"product_tag-bucket-cylinders","8":"product_tag-hydraulic-cylinders","10":"first","11":"instock","12":"shipping-taxable","13":"product-type-simple"},"amp_enabled":true,"_links":{"self":[{"href":"https:\/\/www.hydraulic-cylinders.net\/tr\/wp-json\/wp\/v2\/product\/15937","targetHints":{"allow":["GET"]}}],"collection":[{"href":"https:\/\/www.hydraulic-cylinders.net\/tr\/wp-json\/wp\/v2\/product"}],"about":[{"href":"https:\/\/www.hydraulic-cylinders.net\/tr\/wp-json\/wp\/v2\/types\/product"}],"replies":[{"embeddable":true,"href":"https:\/\/www.hydraulic-cylinders.net\/tr\/wp-json\/wp\/v2\/comments?post=15937"}],"wp:featuredmedia":[{"embeddable":true,"href":"https:\/\/www.hydraulic-cylinders.net\/tr\/wp-json\/wp\/v2\/media\/14771"}],"wp:attachment":[{"href":"https:\/\/www.hydraulic-cylinders.net\/tr\/wp-json\/wp\/v2\/media?parent=15937"}],"wp:term":[{"taxonomy":"product_brand","embeddable":true,"href":"https:\/\/www.hydraulic-cylinders.net\/tr\/wp-json\/wp\/v2\/product_brand?post=15937"},{"taxonomy":"product_cat","embeddable":true,"href":"https:\/\/www.hydraulic-cylinders.net\/tr\/wp-json\/wp\/v2\/product_cat?post=15937"},{"taxonomy":"product_tag","embeddable":true,"href":"https:\/\/www.hydraulic-cylinders.net\/tr\/wp-json\/wp\/v2\/product_tag?post=15937"}],"curies":[{"name":"wp","href":"https:\/\/api.w.org\/{rel}","templated":true}]}}