{"id":15951,"date":"2025-01-19T15:12:31","date_gmt":"2025-01-19T15:12:31","guid":{"rendered":"https:\/\/www.hydraulic-cylinders.net\/product\/bucket-cylinder-for-baoding-wy65-6\/"},"modified":"2025-01-19T15:12:33","modified_gmt":"2025-01-19T15:12:33","slug":"bucket-cylinder-for-baoding-wy65-6","status":"publish","type":"product","link":"https:\/\/www.hydraulic-cylinders.net\/tr\/urun\/bucket-cylinder-for-baoding-wy65-6\/","title":{"rendered":"Baoding WY65-6 i\u00e7in Kova Silindiri"},"content":{"rendered":"<h1>Baoding WY65-6 i\u00e7in Kova Silindiri<\/h1>\n<h2>girii\u015f<\/h2>\n<p>Baoding WY65-6 i\u00e7in kova silindiri, ekskavat\u00f6rler, kep\u00e7eli ekskavat\u00f6rler ve \u00f6n y\u00fckleyiciler gibi a\u011f\u0131r makinelerde kovan\u0131n hareketini kontrol etmek i\u00e7in \u00f6zel olarak tasarlanm\u0131\u015f bir hidrolik silindir t\u00fcr\u00fcd\u00fcr. Ana i\u015flevi, kovan\u0131n kald\u0131rma, indirme ve yat\u0131rma i\u015flemlerini sa\u011flayarak \u00e7e\u015fitli malzeme ta\u015f\u0131ma g\u00f6revlerinin \u00fcstesinden gelmeyi kolayla\u015ft\u0131rmakt\u0131r. Hidrolik sistemde, kova silindiri, hidrolik ya\u011f\u0131n bas\u0131n\u00e7 de\u011fi\u015fimini kullanarak kovan\u0131n hassas kontrol\u00fcn\u00fc sa\u011flar ve operat\u00f6r\u00fcn a\u011f\u0131r y\u00fckleri verimli bir \u015fekilde ta\u015f\u0131mas\u0131na, karma\u015f\u0131k \u00e7al\u0131\u015fma ortamlar\u0131na ve \u00e7e\u015fitli i\u015f gereksinimlerine uyum sa\u011flamas\u0131na olanak tan\u0131r.<\/p>\n<p><img decoding=\"async\" src=\"https:\/\/www.hydraulic-cylinders.net\/wp-content\/uploads\/2025\/01\/songte-company-2.webp\" alt=\"Baoding WY65-6 i\u00e7in kova silindiri\"><\/p>\n<h2>\u00d6zellikler<\/h2>\n<ul>\n<li>Y\u00fcksek mukavemet ve dayan\u0131kl\u0131l\u0131k: Genellikle y\u00fcksek mukavemetli \u00e7elik veya al\u00fcminyumdan yap\u0131l\u0131r, y\u00fcksek bas\u0131n\u00e7lara ve a\u011f\u0131r y\u00fcklere dayanabilir, zorlu \u00e7al\u0131\u015fma ortamlar\u0131na uyum sa\u011flayabilir ve hizmet \u00f6mr\u00fcn\u00fc uzatmak i\u00e7in dayan\u0131kl\u0131l\u0131k ve korozyon direnci sa\u011flayacak \u015fekilde tasarlanm\u0131\u015ft\u0131r.<\/li>\n<li>Verimli hidrolik \u00e7al\u0131\u015fma: Hidrolik ya\u011f\u0131n bas\u0131nc\u0131n\u0131 kullanarak d\u00fczg\u00fcn genle\u015fme ve b\u00fcz\u00fclme hareketleri elde eden silindir, kontrol komutlar\u0131na h\u0131zl\u0131 bir \u015fekilde yan\u0131t verebilir, g\u00fc\u00e7l\u00fc itme ve \u00e7ekme kuvveti sa\u011flayabilir ve a\u011f\u0131r y\u00fckleri ve karma\u015f\u0131k i\u015f g\u00f6revlerini idare etmek i\u00e7in uygundur.<\/li>\n<li>\u00c7e\u015fitli tipler: Tek etkili (sadece tek y\u00f6nde hidrolik kullan\u0131lan) veya \u00e7ift etkili (her iki y\u00f6nde hidrolik kullan\u0131lan) silindirler, farkl\u0131 operasyonel gereksinimleri kar\u015f\u0131lamak \u00fczere ihtiyaca g\u00f6re se\u00e7ilebilir. Baz\u0131 modeller teleskopiktir ve d\u0131\u015f boyutu art\u0131rmadan daha fazla uzatma olana\u011f\u0131 sa\u011flar, dar alan uygulamalar\u0131 i\u00e7in uygundur.<\/li>\n<li>Kolay Kurulum: Kova silindirimiz, di\u011fer hidrolik silindirlerin yerini kolayca alabilir. \u00c7e\u015fitli ekskavat\u00f6r modelleriyle uyumlu geni\u015f bir silindir kapa\u011f\u0131 yelpazesi sunuyoruz.<\/li>\n<\/ul>\n<p><img decoding=\"async\" src=\"https:\/\/www.hydraulic-cylinders.net\/wp-content\/uploads\/2025\/01\/songte-cylinder-head-with-all-kinds-excavator-models.webp\" alt=\"Baoding WY65-6 i\u00e7in kova silindiri\"><\/p>\n<h2>Uygulamalar<\/h2>\n<p>Kova silindiri a\u015fa\u011f\u0131daki gibi \u00e7e\u015fitli a\u011f\u0131r makinelerde yayg\u0131n olarak kullan\u0131l\u0131r:<\/p>\n<ul>\n<li>\u0130n\u015faat ekipmanlar\u0131: Ekskavat\u00f6rler, kep\u00e7eli ekskavat\u00f6rler ve \u00f6n y\u00fckleyiciler, toprak veya molozlar\u0131n kaz\u0131lmas\u0131, y\u00fcklenmesi ve ta\u015f\u0131nmas\u0131 i\u00e7in gereklidir.<\/li>\n<li>Tar\u0131m makineleri: \u00d6n y\u00fckleyicilerde, toprak, saman ve di\u011fer malzemeleri kep\u00e7elemek, kald\u0131rmak ve ta\u015f\u0131mak i\u00e7in kullan\u0131l\u0131r.<\/li>\n<li>Ekskavat\u00f6rler: Kova silindiri, kep\u00e7enin topra\u011f\u0131 delerek kaz\u0131 yapmas\u0131n\u0131 sa\u011flar.<\/li>\n<li>Y\u00fckleyici: \u00d6n y\u00fckleyicilerde, mallar\u0131n etkili bir \u015fekilde kald\u0131r\u0131lmas\u0131na ve e\u011filmesine yard\u0131mc\u0131 olurlar.<\/li>\n<\/ul>\n<h2>Tasar\u0131m Hususlar\u0131 ve Se\u00e7im Kriterleri<\/h2>\n<ul>\n<li>Ta\u015f\u0131ma kapasitesi: Silindirin y\u00fck\u00fcn a\u011f\u0131rl\u0131\u011f\u0131n\u0131 desteklemesi ve \u00e7al\u0131\u015fma s\u0131ras\u0131nda olu\u015fan kuvvetlere dayanabilmesi gerekir.<\/li>\n<li>S\u0131zd\u0131rmazl\u0131k: Ya\u011f s\u0131z\u0131nt\u0131s\u0131n\u0131 \u00f6nlemek ve hidrolik sistemin d\u00fczg\u00fcn \u00e7al\u0131\u015fmas\u0131n\u0131 sa\u011flamak i\u00e7in silindirin s\u0131k\u0131ca kapat\u0131lmas\u0131 gerekir.<\/li>\n<li>Dayan\u0131kl\u0131l\u0131k: Silindirin uzun \u00f6m\u00fcrl\u00fc olmas\u0131 i\u00e7in zorlu \u00e7al\u0131\u015fma ko\u015fullar\u0131na ve y\u00fcksek bas\u0131n\u00e7lara dayan\u0131kl\u0131 olmas\u0131 gerekir.<\/li>\n<li>G\u00fcvenlik: Silindirin, \u00e7al\u0131\u015fma s\u0131ras\u0131nda kazalar\u0131 \u00f6nlemek i\u00e7in g\u00fcvenlik g\u00f6z \u00f6n\u00fcnde bulundurularak tasarlanmas\u0131 gerekir.<\/li>\n<li>Bak\u0131m kolayl\u0131\u011f\u0131: Silindirin, ar\u0131za s\u00fcresini en aza indirmek ve maliyetleri d\u00fc\u015f\u00fcrmek i\u00e7in bak\u0131m\u0131 ve onar\u0131m\u0131 kolay olmal\u0131d\u0131r.<\/li>\n<\/ul>\n<p><img decoding=\"async\" src=\"https:\/\/www.hydraulic-cylinders.net\/wp-content\/uploads\/2025\/01\/songte-oil-pipes-and-spare-parts.webp\" alt=\"Baoding WY65-6 i\u00e7in kova silindiri\"><\/p>\n<h2>S\u0131zd\u0131rmazl\u0131k ve Ya\u011flama<\/h2>\n<p>Kova silindirimiz, poli\u00fcretan ve nitril kau\u00e7uk gibi a\u015f\u0131nmaya dayan\u0131kl\u0131 malzemelerden yap\u0131lm\u0131\u015f piston contalar\u0131, piston kolu contalar\u0131 vb. gibi \u00e7e\u015fitli s\u0131zd\u0131rmazl\u0131k bile\u015fenleri kullan\u0131r. Silindir g\u00f6vdesi ve di\u015fli u\u00e7 y\u00fczeyi, a\u015f\u0131nma direncini art\u0131rmak i\u00e7in hassas bir \u015fekilde i\u015flenmi\u015ftir. Silindiri ya\u011flamak i\u00e7in d\u00fczenli olarak hidrolik ya\u011f eklemek, kullan\u0131m \u00f6mr\u00fcn\u00fc uzatabilir.<\/p>\n<h2>Bak\u0131m ve Onar\u0131m<\/h2>\n<p>Hidrolik silindirler i\u00e7in d\u00fczenli muayene, ya\u011flama, conta de\u011fi\u015fimi ve kalibrasyon kontrolleri yayg\u0131n bak\u0131m g\u00f6revleridir. Kova silindirinin uzun \u00f6m\u00fcrl\u00fc olmas\u0131 i\u00e7in do\u011fru montaj, ya\u011flama ve ayar \u00e7ok \u00f6nemlidir. Silindiri sabitlemek i\u00e7in uygun montaj braketleri kullanman\u0131z\u0131 \u00f6neririz.<\/p>\n<p><img decoding=\"async\" src=\"https:\/\/www.hydraulic-cylinders.net\/wp-content\/uploads\/2025\/01\/songte-chushion-collar.webp\" alt=\"Baoding WY65-6 i\u00e7in kova silindiri\"><\/p>\n<h2>G\u00fcvenlik Hususlar\u0131 ve \u00c7evresel Fakt\u00f6rler<\/h2>\n<p>Ekskavat\u00f6rler, kep\u00e7eli ekskavat\u00f6rler ve \u00f6n y\u00fckleyiciler gibi a\u011f\u0131r i\u015f makinelerini \u00e7al\u0131\u015ft\u0131r\u0131rken uygun g\u00fcvenlik \u00f6nlemlerine ihtiya\u00e7 vard\u0131r. D\u00fczenli bak\u0131m ve muayene, kaza riskini en aza indirebilir. Ayr\u0131ca, kullan\u0131lm\u0131\u015f hidrolik ya\u011f\u0131n g\u00fcvenli bir \u015fekilde bertaraf edilmesi, \u00e7evresel zarar\u0131 \u00f6nlemek i\u00e7in \u00e7ok \u00f6nemlidir.<\/p>\n<h2>Sorun Giderme ve Yayg\u0131n Sorunlar<\/h2>\n<p>Hidrolik silindirlerde s\u0131k kar\u015f\u0131la\u015f\u0131lan sorunlar aras\u0131nda ya\u011f s\u0131z\u0131nt\u0131s\u0131, d\u00fc\u015f\u00fck verim ve ar\u0131za yer al\u0131r. Sorun giderme, sorunun temel nedenini belirlemeyi ve ard\u0131ndan uygun \u00e7\u00f6z\u00fcm\u00fc uygulamay\u0131 i\u00e7erir. D\u00fczenli kontrol ve bak\u0131m, sorun olu\u015fma riskini azaltabilir.<\/p>\n<p><img decoding=\"async\" src=\"https:\/\/www.hydraulic-cylinders.net\/wp-content\/uploads\/2025\/01\/songte-bushings-with-all-kinds-of-excavator-models.webp\" alt=\"Baoding WY65-6 i\u00e7in kova silindiri\"><\/p>\n<h2>Hakk\u0131m\u0131zda<\/h2>\n<p>Yurt i\u00e7i ve yurt d\u0131\u015f\u0131 pazarda lider bir hidrolik silindir \u00fcreticisi ve toptan da\u011f\u0131t\u0131c\u0131s\u0131y\u0131z. \u00dcr\u00fcnlerimiz m\u00fckemmel kalitede olup, ileri teknoloji dijital \u00fcretim ekipmanlar\u0131 ve profesyonel test sistemleri kullanarak end\u00fcstriyel \u00fcretim y\u00f6netimi stratejisini takip ediyoruz. Misyonumuz, m\u00fc\u015fterilerimizin \u00e7e\u015fitli ihtiya\u00e7lar\u0131n\u0131 kar\u015f\u0131lamak i\u00e7in verimli, hassas ve y\u00fcksek kaliteli \u00fcr\u00fcnler sunmakt\u0131r.<\/p>\n<p>Firmam\u0131z profesyonel hizmetler, uluslararas\u0131 sertifikalar, \u00f6zelle\u015ftirilmi\u015f hizmetler, son teknoloji \u00fcretim ekipmanlar\u0131 ve sat\u0131\u015f sonras\u0131 hizmetler sunmaktad\u0131r. M\u00fc\u015fterilerimize en iyi \u00fcr\u00fcn ve hizmetleri sunmaya kararl\u0131y\u0131z.<\/p>\n<p><img decoding=\"async\" src=\"https:\/\/hzpt.com\/wp-content\/uploads\/2024\/11\/songte-company-1.webp\" alt=\"Baoding WY65-6 i\u00e7in kova silindiri\"><\/p>\n<p>Yazar: lyl<\/p>","protected":false},"excerpt":{"rendered":"<p>Bucket Cylinder For Baoding WY65-6 Introduction The bucket cylinder for Baoding WY65-6 is a type of hydraulic cylinder designed specifically to control the movement of the bucket in heavy machinery such as excavators, backhoe excavators, and front loaders. Its main function is to enable the bucket to lift, lower, and tilt, making it easier to [&hellip;]<\/p>","protected":false},"featured_media":14773,"comment_status":"open","ping_status":"closed","template":"","meta":{"_et_pb_use_builder":"","_et_pb_old_content":"","_et_gb_content_width":""},"product_brand":[],"product_cat":[1494],"product_tag":[1495,1496],"class_list":{"0":"post-15951","1":"product","2":"type-product","3":"status-publish","4":"has-post-thumbnail","6":"product_cat-bucket-cylinders","7":"product_tag-bucket-cylinders","8":"product_tag-hydraulic-cylinders","10":"first","11":"instock","12":"shipping-taxable","13":"product-type-simple"},"amp_enabled":true,"_links":{"self":[{"href":"https:\/\/www.hydraulic-cylinders.net\/tr\/wp-json\/wp\/v2\/product\/15951","targetHints":{"allow":["GET"]}}],"collection":[{"href":"https:\/\/www.hydraulic-cylinders.net\/tr\/wp-json\/wp\/v2\/product"}],"about":[{"href":"https:\/\/www.hydraulic-cylinders.net\/tr\/wp-json\/wp\/v2\/types\/product"}],"replies":[{"embeddable":true,"href":"https:\/\/www.hydraulic-cylinders.net\/tr\/wp-json\/wp\/v2\/comments?post=15951"}],"wp:featuredmedia":[{"embeddable":true,"href":"https:\/\/www.hydraulic-cylinders.net\/tr\/wp-json\/wp\/v2\/media\/14773"}],"wp:attachment":[{"href":"https:\/\/www.hydraulic-cylinders.net\/tr\/wp-json\/wp\/v2\/media?parent=15951"}],"wp:term":[{"taxonomy":"product_brand","embeddable":true,"href":"https:\/\/www.hydraulic-cylinders.net\/tr\/wp-json\/wp\/v2\/product_brand?post=15951"},{"taxonomy":"product_cat","embeddable":true,"href":"https:\/\/www.hydraulic-cylinders.net\/tr\/wp-json\/wp\/v2\/product_cat?post=15951"},{"taxonomy":"product_tag","embeddable":true,"href":"https:\/\/www.hydraulic-cylinders.net\/tr\/wp-json\/wp\/v2\/product_tag?post=15951"}],"curies":[{"name":"wp","href":"https:\/\/api.w.org\/{rel}","templated":true}]}}