{"id":15952,"date":"2025-01-19T15:12:35","date_gmt":"2025-01-19T15:12:35","guid":{"rendered":"https:\/\/www.hydraulic-cylinders.net\/product\/bucket-cylinder-for-baoding-wy150\/"},"modified":"2025-01-19T15:12:37","modified_gmt":"2025-01-19T15:12:37","slug":"bucket-cylinder-for-baoding-wy150","status":"publish","type":"product","link":"https:\/\/www.hydraulic-cylinders.net\/tr\/urun\/bucket-cylinder-for-baoding-wy150\/","title":{"rendered":"Baoding WY150 i\u00e7in Kova Silindiri"},"content":{"rendered":"<h2>Baoding WY150 i\u00e7in Kova Silindiri<\/h2>\n<h3>girii\u015f<\/h3>\n<p>Baoding WY150 i\u00e7in kova silindiri, ekskavat\u00f6rler, kaz\u0131c\u0131 y\u00fckleyiciler ve \u00f6n y\u00fckleyiciler gibi a\u011f\u0131r makinelerde kovalar\u0131n hareketini kontrol etmek i\u00e7in kullan\u0131lan \u00f6zel bir hidrolik silindirdir. Ana i\u015flevi, kovan\u0131n kald\u0131r\u0131lmas\u0131n\u0131, indirilmesini ve e\u011filmesini sa\u011flayarak \u00e7e\u015fitli malzeme ta\u015f\u0131ma g\u00f6revlerini kolayla\u015ft\u0131rmakt\u0131r. Hidrolik sistemlerde, kova silindiri hidrolik ya\u011f bas\u0131nc\u0131ndaki de\u011fi\u015fiklikler yoluyla kovan\u0131n hassas kontrol\u00fcn\u00fc sa\u011flar ve operat\u00f6rlerin a\u011f\u0131r y\u00fckleri verimli bir \u015fekilde ta\u015f\u0131mas\u0131na ve karma\u015f\u0131k \u00e7al\u0131\u015fma ortamlar\u0131na ve \u00e7e\u015fitli i\u015f gereksinimlerine uyum sa\u011flamas\u0131na olanak tan\u0131r.<\/p>\n<p><img decoding=\"async\" src=\"https:\/\/www.hydraulic-cylinders.net\/wp-content\/uploads\/2025\/01\/songte-company-2.webp\" alt=\"kova silindiri g\u00f6r\u00fcnt\u00fcs\u00fc\"><\/p>\n<h3>\u00d6zellikler<\/h3>\n<ul>\n<li>Y\u00fcksek mukavemet ve dayan\u0131kl\u0131l\u0131k: Genellikle y\u00fcksek mukavemetli \u00e7elik veya al\u00fcminyumdan \u00fcretilen kova silindiri, y\u00fcksek bas\u0131nca ve a\u011f\u0131r y\u00fcklere dayanabilir ve zorlu \u00e7al\u0131\u015fma ortamlar\u0131na uyum sa\u011flar. Tasar\u0131mda, kullan\u0131m \u00f6mr\u00fcn\u00fc uzatmak i\u00e7in a\u015f\u0131nma direnci ve korozyon direnci dikkate al\u0131nm\u0131\u015ft\u0131r.<\/li>\n<li>Verimli hidrolik \u00e7al\u0131\u015fma: Hidrolik ya\u011f bas\u0131nc\u0131 kullan\u0131larak d\u00fczg\u00fcn uzatma ve daralma hareketleri sa\u011flan\u0131r; bu sayede kova silindiri kontrol komutlar\u0131na h\u0131zl\u0131 bir \u015fekilde yan\u0131t vererek a\u011f\u0131r y\u00fcklerin ve karma\u015f\u0131k i\u015f g\u00f6revlerinin \u00fcstesinden gelmek i\u00e7in uygun g\u00fc\u00e7l\u00fc itme ve \u00e7ekme kuvvetleri sa\u011flar.<\/li>\n<li>\u00c7e\u015fitli tipler mevcuttur: \u00c7al\u0131\u015fma gereksinimlerine g\u00f6re tek etkili (hidrolik sadece tek y\u00f6nde kullan\u0131l\u0131r) veya \u00e7ift etkili (hidrolik her iki y\u00f6nde kullan\u0131l\u0131r) silindirler se\u00e7ilebilir. Baz\u0131 modeller teleskopiktir ve d\u0131\u015f boyutlar\u0131 art\u0131rmadan daha fazla uzatmaya olanak tan\u0131yarak s\u0131n\u0131rl\u0131 alan uygulamalar\u0131 i\u00e7in uygun hale gelir.<\/li>\n<li>\u015eirketimiz taraf\u0131ndan \u00fcretilmi\u015ftir: \u00dcr\u00fcnlerimiz bu hidrolik silindirlerin yerini m\u00fckemmel \u015fekilde alabilir.<\/li>\n<\/ul>\n<p><img decoding=\"async\" src=\"https:\/\/www.hydraulic-cylinders.net\/wp-content\/uploads\/2025\/01\/songte-cylinder-head-with-all-kinds-excavator-models.webp\" alt=\"kova silindir \u015firket g\u00f6rseli\"><\/p>\n<h3>Uygulamalar<\/h3>\n<p>Kova silindirinin \u00e7ok \u00e7e\u015fitli uygulama alanlar\u0131 vard\u0131r, bunlar aras\u0131nda \u015funlar yer al\u0131r:<\/p>\n<ul>\n<li>\u0130n\u015faat ekipmanlar\u0131: Ekskavat\u00f6rlerde, toprak veya moloz kazma, y\u00fckleme ve ta\u015f\u0131ma i\u015flemlerinde hayati \u00f6neme sahiptirler. Kaz\u0131c\u0131 y\u00fckleyicilerde ise kova silindiri hem kazma hem de kald\u0131rma i\u015flemlerine yard\u0131mc\u0131 olur. <\/li>\n<li>Tar\u0131m makineleri: \u00d6n y\u00fckleyicilerde, toprak, saman ve di\u011fer malzemelerin kep\u00e7eyle al\u0131nmas\u0131, kald\u0131r\u0131lmas\u0131 ve ta\u015f\u0131nmas\u0131nda kullan\u0131l\u0131r. <\/li>\n<li>Ekskavat\u00f6rler: Kep\u00e7e silindiri, kep\u00e7enin topra\u011fa n\u00fcfuz etmesini sa\u011flayarak kazma i\u015flemini m\u00fcmk\u00fcn k\u0131lar. <\/li>\n<li>\u00d6n y\u00fckleyiciler: \u00d6n y\u00fckleyicilerde, y\u00fck\u00fcn etkili bir \u015fekilde kald\u0131r\u0131lmas\u0131na ve devrilmesine yard\u0131mc\u0131 olurlar. <\/li>\n<\/ul>\n<h3>Tasar\u0131m Hususlar\u0131 ve Se\u00e7im Kriterleri<\/h3>\n<p>Kova silindirinin tasar\u0131m\u0131nda dikkate al\u0131nmas\u0131 gereken hususlar \u015funlard\u0131r:<\/p>\n<ul>\n<li>Ta\u015f\u0131ma kapasitesi: Silindirin y\u00fcksek y\u00fck ve bas\u0131nca dayanabilmesini sa\u011flamak.<\/li>\n<li>S\u0131zd\u0131rmazl\u0131k: Piston contalar\u0131 ve mil contalar\u0131 gibi \u00e7e\u015fitli s\u0131zd\u0131rmazl\u0131k bile\u015fenleri kullan\u0131labilir; poli\u00fcretan ve nitril kau\u00e7uk gibi malzemeler a\u015f\u0131nmaya dayan\u0131kl\u0131d\u0131r.<\/li>\n<li>Dayan\u0131kl\u0131l\u0131k: Silindirler, uzun bir kullan\u0131m \u00f6mr\u00fc sa\u011flamak i\u00e7in y\u00fcksek mukavemetli malzemelerden \u00fcretilmi\u015ftir.<\/li>\n<li>G\u00fcvenlik: Silindirin tasar\u0131m\u0131nda bas\u0131n\u00e7 tahliye vanalar\u0131 gibi g\u00fcvenlik \u00f6zellikleri de yer almaktad\u0131r.<\/li>\n<li>Bak\u0131m Kolayl\u0131\u011f\u0131: Silindir, bak\u0131m\u0131 ve onar\u0131m\u0131 kolay olacak \u015fekilde tasarlanm\u0131\u015ft\u0131r ve yedek par\u00e7alar\u0131 yayg\u0131n olarak mevcuttur.<\/li>\n<\/ul>\n<p><img decoding=\"async\" src=\"https:\/\/www.hydraulic-cylinders.net\/wp-content\/uploads\/2025\/01\/songte-oil-pipes-and-spare-parts.webp\" alt=\"kova silindir tasar\u0131m g\u00f6rseli\"><\/p>\n<p>Kova silindiri, poli\u00fcretan ve nitril kau\u00e7uk gibi a\u015f\u0131nmaya dayan\u0131kl\u0131 malzemelerden yap\u0131lm\u0131\u015f piston contalar\u0131 ve mil contalar\u0131 gibi \u00e7e\u015fitli bile\u015fenler kullan\u0131larak s\u0131zd\u0131rmaz hale getirilebilir ve ya\u011flanabilir. Silindirin g\u00f6vdesi ve di\u015fli u\u00e7 y\u00fczeyi, a\u015f\u0131nma direncini art\u0131rmak i\u00e7in ince i\u015fleme tabi tutulur ve hidrolik ya\u011f ile d\u00fczenli ya\u011flama gereklidir.<\/p>\n<h3>Bak\u0131m ve Onar\u0131m<\/h3>\n<p>Kova silindirinde d\u00fczenli kontrol, uygun ya\u011flama, conta de\u011fi\u015fimi ve kalibrasyon kontrolleri yap\u0131lmas\u0131 gereken yayg\u0131n bak\u0131m i\u015flemleridir. Kurulum s\u0131ras\u0131nda uygun kurulum k\u0131lavuzu sa\u011flanmal\u0131 ve silindiri sabitlemek i\u00e7in uygun kurulum braketlerinin kullan\u0131lmas\u0131 \u00f6nerilmelidir. \u00d6nerilen kontrol, onar\u0131m ve de\u011fi\u015ftirme prosed\u00fcrleri silindirin kullan\u0131m \u00f6mr\u00fcn\u00fc uzatabilir.<\/p>\n<p><img decoding=\"async\" src=\"https:\/\/www.hydraulic-cylinders.net\/wp-content\/uploads\/2025\/01\/songte-chushion-collar.webp\" alt=\"Kova silindiri bak\u0131m g\u00f6r\u00fcnt\u00fcs\u00fc\"><\/p>\n<h3>G\u00fcvenlik Hususlar\u0131 ve \u00c7evresel Fakt\u00f6rler<\/h3>\n<p>Kullan\u0131m s\u0131ras\u0131nda, kazalar\u0131 \u00f6nlemek i\u00e7in kova silindirinin \u00e7al\u0131\u015ft\u0131r\u0131lmas\u0131 esnas\u0131nda g\u00fcvenlik \u00f6nlemleri al\u0131nmal\u0131d\u0131r. \u00c7evresel fakt\u00f6rler de silindirin tasar\u0131m\u0131nda ve kullan\u0131m\u0131nda dikkate al\u0131nmal\u0131 ve \u00e7evre \u00fczerindeki etkileri en aza indirilmelidir.<\/p>\n<h3>Sorun Giderme ve Yayg\u0131n Sorunlar<\/h3>\n<p>Kep\u00e7e silindirinin s\u0131k kar\u015f\u0131la\u015f\u0131lan sorunlar\u0131 aras\u0131nda ya\u011f ka\u00e7a\u011f\u0131, yetersiz kald\u0131rma kuvveti ve anormal sesler bulunur. Herhangi bir sorunu gidermek i\u00e7in do\u011fru te\u015fhis ve sorun \u00e7\u00f6zme teknikleri kullan\u0131lmal\u0131d\u0131r.<\/p>\n<p><img decoding=\"async\" src=\"https:\/\/www.hydraulic-cylinders.net\/wp-content\/uploads\/2025\/01\/songte-bushings-with-all-kinds-of-excavator-models.webp\" alt=\"kova silindiri sorun giderme g\u00f6r\u00fcnt\u00fcs\u00fc\"><\/p>\n<h3>\u015eirketimiz Hakk\u0131nda<\/h3>\n<p>Geni\u015f \u00fcr\u00fcn yelpazesine sahip yedek hidrolik silindir \u00fcreticisiyiz. M\u00fckemmel kalite ilkesine ba\u011fl\u0131 kalarak, yurt i\u00e7i ve yurt d\u0131\u015f\u0131 pazarlarda \u00f6nde gelen hidrolik silindir \u00fcreticilerinden ve toptanc\u0131lar\u0131ndan biri haline geldik. Hassas \u00fcretim at\u00f6lyelerinin end\u00fcstriyel \u00fcretim y\u00f6netim stratejisine dayanarak, teknik yeteneklere, dijital y\u00fcksek teknoloji \u00fcretim ekipmanlar\u0131na ve profesyonel test sistemlerine yat\u0131r\u0131m yaparak \u00fcretim platformumuzu s\u00fcrekli geli\u015ftiriyor ve \u00fcr\u00fcnlerimizin \u00fcretim kalitesini art\u0131r\u0131yoruz. G\u00fc\u00e7l\u00fc yarat\u0131c\u0131 yeteneklerimiz sayesinde \u00fcr\u00fcnlerimiz y\u00fcksek verimlilik, y\u00fcksek hassasiyet ve y\u00fcksek kalite ile karakterize edilirken, m\u00fc\u015fterilerin \u00e7e\u015fitli ihtiya\u00e7lar\u0131n\u0131 da kar\u015f\u0131l\u0131yor.<\/p>\n<p><img decoding=\"async\" src=\"https:\/\/hzpt.com\/wp-content\/uploads\/2024\/11\/songte-company-1.webp\" alt=\"\u015firket imaj\u0131\"><\/p>\n<p>\u015eirketimiz profesyonellik, uluslararas\u0131 sertifikasyon, \u00f6zelle\u015ftirme hizmetleri, \u00fcretim ekipmanlar\u0131 ve sat\u0131\u015f sonras\u0131 hizmetleriyle \u00f6ne \u00e7\u0131kmaktad\u0131r.<\/p>\n<h2>Yazar: lyl<\/h2>","protected":false},"excerpt":{"rendered":"<p>Bucket Cylinder For Baoding WY150 Introduction The bucket cylinder for Baoding WY150 is a specialized hydraulic cylinder that is primarily used to control the movement of buckets in heavy machinery such as excavators, backhoe loaders, and front-end loaders. Its main function is to enable the bucket to lift, lower, and tilt, which facilitates various material [&hellip;]<\/p>","protected":false},"featured_media":14771,"comment_status":"open","ping_status":"closed","template":"","meta":{"_et_pb_use_builder":"","_et_pb_old_content":"","_et_gb_content_width":""},"product_brand":[],"product_cat":[1494],"product_tag":[1495,1496],"class_list":{"0":"post-15952","1":"product","2":"type-product","3":"status-publish","4":"has-post-thumbnail","6":"product_cat-bucket-cylinders","7":"product_tag-bucket-cylinders","8":"product_tag-hydraulic-cylinders","10":"first","11":"instock","12":"shipping-taxable","13":"product-type-simple"},"amp_enabled":true,"_links":{"self":[{"href":"https:\/\/www.hydraulic-cylinders.net\/tr\/wp-json\/wp\/v2\/product\/15952","targetHints":{"allow":["GET"]}}],"collection":[{"href":"https:\/\/www.hydraulic-cylinders.net\/tr\/wp-json\/wp\/v2\/product"}],"about":[{"href":"https:\/\/www.hydraulic-cylinders.net\/tr\/wp-json\/wp\/v2\/types\/product"}],"replies":[{"embeddable":true,"href":"https:\/\/www.hydraulic-cylinders.net\/tr\/wp-json\/wp\/v2\/comments?post=15952"}],"wp:featuredmedia":[{"embeddable":true,"href":"https:\/\/www.hydraulic-cylinders.net\/tr\/wp-json\/wp\/v2\/media\/14771"}],"wp:attachment":[{"href":"https:\/\/www.hydraulic-cylinders.net\/tr\/wp-json\/wp\/v2\/media?parent=15952"}],"wp:term":[{"taxonomy":"product_brand","embeddable":true,"href":"https:\/\/www.hydraulic-cylinders.net\/tr\/wp-json\/wp\/v2\/product_brand?post=15952"},{"taxonomy":"product_cat","embeddable":true,"href":"https:\/\/www.hydraulic-cylinders.net\/tr\/wp-json\/wp\/v2\/product_cat?post=15952"},{"taxonomy":"product_tag","embeddable":true,"href":"https:\/\/www.hydraulic-cylinders.net\/tr\/wp-json\/wp\/v2\/product_tag?post=15952"}],"curies":[{"name":"wp","href":"https:\/\/api.w.org\/{rel}","templated":true}]}}