{"id":15956,"date":"2025-01-19T15:12:51","date_gmt":"2025-01-19T15:12:51","guid":{"rendered":"https:\/\/www.hydraulic-cylinders.net\/product\/bucket-cylinder-for-baoding-wy90-7\/"},"modified":"2025-01-19T15:12:53","modified_gmt":"2025-01-19T15:12:53","slug":"bucket-cylinder-for-baoding-wy90-7","status":"publish","type":"product","link":"https:\/\/www.hydraulic-cylinders.net\/tr\/urun\/bucket-cylinder-for-baoding-wy90-7\/","title":{"rendered":"Baoding WY90-7 i\u00e7in Kova Silindiri"},"content":{"rendered":"<h1>Baoding WY90-7 i\u00e7in Kova Silindiri<\/h1>\n<h2>\u00dcr\u00fcn Tan\u0131m\u0131<\/h2>\n<p>Baoding WY90-7 kep\u00e7e silindiri, ekskavat\u00f6rler, beko y\u00fckleyiciler ve \u00f6n y\u00fckleyiciler gibi a\u011f\u0131r makinelerdeki kep\u00e7elerin hareketini kontrol etmek i\u00e7in \u00f6zel olarak tasarlanm\u0131\u015f bir hidrolik silindirdir. Ana i\u015flevi, kep\u00e7enin kald\u0131r\u0131lmas\u0131n\u0131, indirilmesini ve e\u011filmesini sa\u011flayarak \u00e7e\u015fitli malzeme ta\u015f\u0131ma g\u00f6revlerini kolayla\u015ft\u0131rmakt\u0131r. Hidrolik bir sistemde, kep\u00e7e silindiri, k\u00fcre\u011fin hassas kontrol\u00fcn\u00fc sa\u011flamak i\u00e7in hidrolik ya\u011f bas\u0131nc\u0131ndaki de\u011fi\u015fiklikleri kullan\u0131r; bu da operat\u00f6rlerin a\u011f\u0131r y\u00fckleri verimli bir \u015fekilde ta\u015f\u0131mas\u0131na ve karma\u015f\u0131k \u00e7al\u0131\u015fma ortamlar\u0131na ve \u00e7e\u015fitlendirilmi\u015f i\u015f gereksinimlerine uyum sa\u011flamas\u0131na olanak tan\u0131r.<\/p>\n<p><img decoding=\"async\" src=\"https:\/\/www.hydraulic-cylinders.net\/wp-content\/uploads\/2025\/01\/songte-company-2.webp\" alt=\"Baoding WY90-7 i\u00e7in kova silindiri\" \/><\/p>\n<h2>\u00dcr\u00fcn \u00d6zellikleri<\/h2>\n<ul>\n<li>Y\u00fcksek mukavemet ve dayan\u0131kl\u0131l\u0131k: Genellikle y\u00fcksek mukavemetli \u00e7elik veya al\u00fcminyumdan \u00fcretilen bu \u00fcr\u00fcn, y\u00fcksek bas\u0131nca ve a\u011f\u0131r y\u00fcklere dayanabilir, zorlu \u00e7al\u0131\u015fma ortamlar\u0131na uyum sa\u011flayabilir ve a\u015f\u0131nma direnci ile korozyon direnci \u00f6zellikleriyle kullan\u0131m \u00f6mr\u00fcn\u00fc uzat\u0131r.<\/li>\n<li>Verimli hidrolik \u00e7al\u0131\u015fma: Hidrolik ya\u011f bas\u0131nc\u0131ndan yararlan\u0131larak d\u00fczg\u00fcn uzatma ve geri \u00e7ekme hareketi sa\u011flan\u0131r; bu da \u00e7al\u0131\u015fma komutlar\u0131na h\u0131zl\u0131 yan\u0131t vererek g\u00fc\u00e7l\u00fc itme ve \u00e7ekme kuvvetleri sa\u011flar ve a\u011f\u0131r y\u00fcklerin ve karma\u015f\u0131k i\u015f g\u00f6revlerinin \u00fcstesinden gelmek i\u00e7in uygundur.<\/li>\n<li>\u00c7e\u015fitli tipler: Farkl\u0131 \u00e7al\u0131\u015fma ihtiya\u00e7lar\u0131n\u0131 kar\u015f\u0131lamak i\u00e7in gereksinimlere g\u00f6re tek etkili (hidrolik sadece tek y\u00f6nde kullan\u0131l\u0131r) veya \u00e7ift etkili (hidrolik her iki y\u00f6nde kullan\u0131l\u0131r) silindirler se\u00e7ilebilir. Baz\u0131 modeller teleskopiktir ve d\u0131\u015f boyutlar\u0131 art\u0131rmadan daha fazla uzatmaya olanak tan\u0131r, bu da s\u0131n\u0131rl\u0131 alana sahip uygulamalar i\u00e7in uygundur.<\/li>\n<li>\u00c7e\u015fitli makinelerle uyumlu: \u00dcr\u00fcn\u00fcm\u00fcz bu hidrolik silindirlerin yerini m\u00fckemmel \u015fekilde alabilir.<\/li>\n<\/ul>\n<p><img decoding=\"async\" src=\"https:\/\/www.hydraulic-cylinders.net\/wp-content\/uploads\/2025\/01\/songte-cylinder-head-with-all-kinds-excavator-models.webp\" alt=\"\u00e7e\u015fitli makineler i\u00e7in uyumlu hidrolik silindir\" \/><\/p>\n<h2>Uygulamalar<\/h2>\n<p>Baoding WY90-7 kova silindiri, a\u015fa\u011f\u0131dakiler de dahil olmak \u00fczere \u00e7e\u015fitli a\u011f\u0131r makinelerde kullan\u0131labilir:<\/p>\n<ul>\n<li>\u0130n\u015faat Ekipmanlar\u0131: Kaz\u0131c\u0131lar i\u00e7in hayati \u00f6neme sahiptir, \u00e7\u00fcnk\u00fc topra\u011f\u0131 veya molozu kazarlar, y\u00fcklerler ve ta\u015f\u0131rlar. Kaz\u0131c\u0131 y\u00fckleyicilerde, kep\u00e7e silindiri kazma ve kald\u0131rma i\u015flemlerine yard\u0131mc\u0131 olur. <\/li>\n<li>Tar\u0131m Makinalar\u0131: \u00d6n y\u00fckleyicilerde toprak, saman ve di\u011fer malzemeleri kep\u00e7elemek, kald\u0131rmak ve ta\u015f\u0131mak i\u00e7in kullan\u0131l\u0131r. <\/li>\n<li>Ekskavat\u00f6rler: Kep\u00e7e silindiri, k\u00fcre\u011fin topra\u011fa n\u00fcfuz etmesini sa\u011flayarak kazma i\u015flemini m\u00fcmk\u00fcn k\u0131lar.<\/li>\n<li>Y\u00fckleyici: \u00d6n y\u00fckleyicilerde, y\u00fck\u00fcn verimli bir \u015fekilde kald\u0131r\u0131lmas\u0131na ve devrilmesine yard\u0131mc\u0131 olurlar.<\/li>\n<\/ul>\n<h2>Tasar\u0131m Hususlar\u0131 ve Se\u00e7im Kriterleri<\/h2>\n<p>Baoding WY90-7 i\u00e7in kova silindiri tasarlan\u0131rken, a\u015fa\u011f\u0131dakiler de dahil olmak \u00fczere \u00e7e\u015fitli fakt\u00f6rler g\u00f6z \u00f6n\u00fcnde bulunduruldu:<\/p>\n<h3>Ta\u015f\u0131ma Kapasitesi<\/h3>\n<p>Silindir, muazzam y\u00fcklere dayanacak \u015fekilde tasarlanm\u0131\u015ft\u0131r ve a\u011f\u0131r makinelerin ve zorlu \u00e7al\u0131\u015fma ortamlar\u0131n\u0131n \u00fcstesinden gelebilecek y\u00fcksek mukavemetli malzemelerden \u00fcretilmi\u015ftir.<\/p>\n<h3>S\u0131zd\u0131rmazl\u0131k<\/h3>\n<p>Silindir, a\u015f\u0131nmaya ve y\u0131pranmaya dayanmak ve hidrolik s\u0131v\u0131n\u0131n s\u0131zmas\u0131n\u0131 \u00f6nlemek i\u00e7in poli\u00fcretan, nitril kau\u00e7uk vb. malzemelerden yap\u0131lm\u0131\u015f piston contalar\u0131, mil contalar\u0131 ve silecek contalar\u0131 gibi \u00e7e\u015fitli contalar kullan\u0131r.<\/p>\n<h3>Dayan\u0131kl\u0131l\u0131k<\/h3>\n<p>Silindir, dayan\u0131kl\u0131 ve korozyona kar\u015f\u0131 diren\u00e7li olacak \u015fekilde tasarlanm\u0131\u015ft\u0131r ve silindirin u\u00e7 y\u00fczeyleri ve di\u015fli u\u00e7lar\u0131, a\u015f\u0131nma direncini art\u0131rmak i\u00e7in ince bir \u015fekilde i\u015flenmi\u015ftir.<\/p>\n<h3>Emniyet<\/h3>\n<p>Kep\u00e7e silindiri g\u00fcvenli olacak \u015fekilde tasarlanm\u0131\u015ft\u0131r ve do\u011fru kullan\u0131ld\u0131\u011f\u0131nda herhangi bir hasara veya yaralanmaya neden olmaz. Hidrolik sistem ar\u0131zas\u0131 durumunda silindirin patlamas\u0131n\u0131 veya \u00e7\u00f6kmesini \u00f6nleyen emniyet valfleri gibi kazalar\u0131 \u00f6nlemek i\u00e7in g\u00fcvenlik mekanizmalar\u0131yla donat\u0131lm\u0131\u015ft\u0131r.<\/p>\n<h3>Bak\u0131m<\/h3>\n<p>Kep\u00e7e silindirinin d\u00fczenli bak\u0131ma ihtiyac\u0131 vard\u0131r; bu bak\u0131m temizlik, inceleme ve ya\u011flamay\u0131 i\u00e7erir. Silindirin do\u011fru \u015fekilde \u00e7al\u0131\u015fmaya devam etmesi i\u00e7in kullan\u0131c\u0131lar\u0131n a\u015f\u0131nm\u0131\u015f contalar\u0131 ve di\u011fer bile\u015fenleri periyodik olarak de\u011fi\u015ftirmeleri ve hidrolik ya\u011f\u0131 yenilemeleri \u00f6nerilir.<\/p>\n<p><img decoding=\"async\" src=\"https:\/\/www.hydraulic-cylinders.net\/wp-content\/uploads\/2025\/01\/songte-oil-pipes-and-spare-parts.webp\" alt=\"kova silindiri i\u00e7in yedek par\u00e7alar\" \/><\/p>\n<h2>S\u0131zd\u0131rmazl\u0131k ve Ya\u011flama<\/h2>\n<p>Kova silindiri, a\u015f\u0131nmaya ve y\u0131pranmaya dayanmak ve hidrolik s\u0131v\u0131n\u0131n s\u0131zmas\u0131n\u0131 \u00f6nlemek i\u00e7in poli\u00fcretan, nitril kau\u00e7uk vb. malzemelerden yap\u0131lm\u0131\u015f piston contalar\u0131, mil contalar\u0131 ve silecek contalar\u0131 gibi \u00e7e\u015fitli contalar kullan\u0131r. Sorunsuz \u00e7al\u0131\u015fma sa\u011flamak ve a\u015f\u0131nmay\u0131 \u00f6nlemek i\u00e7in d\u00fczenli olarak hidrolik ya\u011f ile ya\u011flanmas\u0131 gerekir. Silindirin u\u00e7 y\u00fczeyleri ve di\u015fli u\u00e7lar\u0131 a\u015f\u0131nma direncini art\u0131rmak i\u00e7in ince i\u015flenmi\u015ftir, ancak yine de d\u00fczenli ya\u011flama gerektirirler.<\/p>\n<h2>Bak\u0131m ve Onar\u0131m<\/h2>\n<p>Kep\u00e7e silindirinin d\u00fczg\u00fcn \u00e7al\u0131\u015fmas\u0131 ve uzun \u00f6m\u00fcrl\u00fc olmas\u0131 i\u00e7in d\u00fczenli bak\u0131m ve onar\u0131m \u015fartt\u0131r. Bak\u0131m i\u015flemleri aras\u0131nda temizlik, inceleme ve ya\u011flama yer al\u0131r. Onar\u0131m i\u015flemleri ise a\u015f\u0131nm\u0131\u015f contalar\u0131n ve di\u011fer bile\u015fenlerin de\u011fi\u015ftirilmesini ve gerekirse silindirin yeniden yap\u0131m\u0131n\u0131 i\u00e7erir. Do\u011fru bak\u0131m ve onar\u0131m i\u00e7in baz\u0131 ipu\u00e7lar\u0131 \u015funlard\u0131r:<\/p>\n<ul>\n<li>Silindiri d\u00fczenli olarak a\u015f\u0131nma, y\u0131pranma, s\u0131z\u0131nt\u0131 ve di\u011fer sorunlar a\u00e7\u0131s\u0131ndan kontrol edin.<\/li>\n<li>Silindirin d\u00fczg\u00fcn \u00e7al\u0131\u015fmaya devam etmesi i\u00e7in a\u015f\u0131nm\u0131\u015f contalar\u0131 ve di\u011fer par\u00e7alar\u0131 periyodik olarak de\u011fi\u015ftirin.<\/li>\n<li>Sorunsuz \u00e7al\u0131\u015fmay\u0131 sa\u011flamak ve a\u015f\u0131nmay\u0131 \u00f6nlemek i\u00e7in hidrolik ya\u011f\u0131 d\u00fczenli olarak doldurun.<\/li>\n<li>Montaj s\u0131ras\u0131nda silindiri do\u011fru \u015fekilde hizalay\u0131n ve silindiri sabitlemek i\u00e7in uygun montaj braketlerini kullan\u0131n.<\/li>\n<li>Silindirin g\u00fcvenli ve etkili \u00e7al\u0131\u015fmas\u0131n\u0131 sa\u011flamak i\u00e7in \u00f6nerilen muayene, onar\u0131m ve de\u011fi\u015ftirme prosed\u00fcrlerini izleyin.<\/li>\n<li>Silindirin bak\u0131m\u0131 i\u00e7in yaln\u0131zca orijinal par\u00e7alar ve bile\u015fenler kullan\u0131n.<\/li>\n<\/ul>\n<p><img decoding=\"async\" src=\"https:\/\/www.hydraulic-cylinders.net\/wp-content\/uploads\/2025\/01\/songte-chushion-collar.webp\" alt=\"kova silindiri i\u00e7in yast\u0131k bilezi\u011fi\" \/><\/p>\n<h2>G\u00fcvenlik ve \u00c7evresel Hususlar<\/h2>\n<p>Kova silindirini kullan\u0131rken, kazalar\u0131 ve yaralanmalar\u0131 \u00f6nlemek i\u00e7in g\u00fcvenlik \u00f6nlemleri al\u0131nmal\u0131d\u0131r. G\u00fcvenli kullan\u0131m ve bak\u0131m i\u00e7in \u00fcreticinin talimatlar\u0131na uymak ve eldiven ve g\u00f6zl\u00fck gibi uygun ki\u015fisel koruyucu ekipman kullanmak \u015fartt\u0131r.<\/p>\n<h2>Sorun Giderme ve Yayg\u0131n Sorunlar<\/h2>\n<p>Kova silindirinde s\u0131z\u0131nt\u0131lar, a\u015f\u0131nm\u0131\u015f contalar ve di\u011fer sorunlar gibi \u00e7e\u015fitli problemler ortaya \u00e7\u0131kabilir. Bu sorunlar\u0131n giderilmesi, silindir ve bile\u015fenleri hakk\u0131nda temel bir anlay\u0131\u015f gerektirir. A\u015fa\u011f\u0131da baz\u0131 yayg\u0131n sorunlar ve \u00e7\u00f6z\u00fcmleri yer almaktad\u0131r:<\/p>\n<ul>\n<li>S\u0131zd\u0131ran silindir: Contalar\u0131 ve di\u011fer par\u00e7alar\u0131 a\u015f\u0131nma ve y\u0131pranma a\u00e7\u0131s\u0131ndan kontrol edin ve gerekirse de\u011fi\u015ftirin.<\/li>\n<li>A\u015f\u0131nm\u0131\u015f contalar: Contalar\u0131 orijinal par\u00e7alar ve bile\u015fenlerle de\u011fi\u015ftirin.<\/li>\n<li>Di\u011fer sorunlar: Sorunu belirlemek ve \u00e7\u00f6zmek i\u00e7in \u00fcreticinin \u00f6nerdi\u011fi sorun giderme prosed\u00fcrlerini izleyin.<\/li>\n<\/ul>\n<p><img decoding=\"async\" src=\"https:\/\/www.hydraulic-cylinders.net\/wp-content\/uploads\/2025\/01\/songte-bushings-with-all-kinds-of-excavator-models.webp\" alt=\"kova silindiri i\u00e7in bur\u00e7lar\" \/><\/p>\n<h2>\u015eirketimiz Hakk\u0131nda<\/h2>\n<p>Baoding WY90-7 kep\u00e7e silindirinin yerine ge\u00e7ebilecek hidrolik silindirler \u00fcreten bir firmay\u0131z. \u015eirketimiz, eksiksiz bir \u00fcr\u00fcn yelpazesine sahip olup, hem yurt i\u00e7i hem de uluslararas\u0131 pazarlarda hidrolik silindirlerin \u00f6nde gelen \u00fcreticilerinden ve toptanc\u0131lar\u0131ndan biridir. M\u00fckemmel kalite ilkesine ba\u011fl\u0131 kalarak, ince i\u015f\u00e7ilik gerektiren at\u00f6lyelerde end\u00fcstriyel \u00fcretim y\u00f6netim stratejilerine, \u00fcretim platformlar\u0131m\u0131z\u0131n s\u00fcrekli iyile\u015ftirilmesine, \u00fcr\u00fcnlerin \u00fcretim kalite yollar\u0131n\u0131n m\u00fckemmelle\u015ftirilmesine ve g\u00fc\u00e7l\u00fc bir yarat\u0131c\u0131l\u0131k yetene\u011fine sahibiz. \u015eirketimiz, y\u00fcksek verimlilik, y\u00fcksek hassasiyet ve y\u00fcksek kalite ilkeleriyle m\u00fc\u015fterilerin \u00e7e\u015fitli ihtiya\u00e7lar\u0131n\u0131 kar\u015f\u0131lamaktad\u0131r. <\/p>\n<p><img decoding=\"async\" src=\"https:\/\/hzpt.com\/wp-content\/uploads\/2024\/11\/songte-company-1.webp\" alt=\"\u015firket logosu\" \/><\/p>\n<h3>Uzmanl\u0131k Alanlar\u0131m\u0131z<\/h3>\n<ul>\n<li>Profesyonellik<\/li>\n<li>Uluslararas\u0131 sertifikasyon<\/li>\n<li>\u00d6zelle\u015ftirilmi\u015f hizmetler<\/li>\n<li>Geli\u015fmi\u015f \u00fcretim ekipmanlar\u0131<\/li>\n<li>M\u00fckemmel sat\u0131\u015f sonras\u0131 hizmet<\/li>\n<\/ul>\n<p>\u015eirketimizin \u00fcr\u00fcnleri ISO 9001, CE ve SGS gibi \u00e7e\u015fitli uluslararas\u0131 sertifikalara sahiptir ve \u00f6zelle\u015ftirilmi\u015f hizmetler sunan profesyonel bir teknik ekibimiz bulunmaktad\u0131r. \u015eirketimiz, \u00fcr\u00fcnlerimizin y\u00fcksek kalite standartlar\u0131n\u0131 kar\u015f\u0131lamas\u0131n\u0131 sa\u011flamak i\u00e7in s\u0131k\u0131 kalite kontrol \u00f6nlemlerine uymakta ve geli\u015fmi\u015f \u00fcretim ekipmanlar\u0131 kullanmaktad\u0131r. Ayr\u0131ca m\u00fc\u015fteri memnuniyetini sa\u011flamak i\u00e7in m\u00fckemmel sat\u0131\u015f sonras\u0131 hizmetler sunmaktay\u0131z.<\/p>\n<p>G\u00fcvenilir bir hidrolik silindir tedarik\u00e7isi ar\u0131yorsan\u0131z, daha fazla bilgi i\u00e7in l\u00fctfen bizimle ileti\u015fime ge\u00e7in.<\/p>\n<p>Yazar: lyl.<\/p>","protected":false},"excerpt":{"rendered":"<p>Bucket Cylinder For Baoding WY90-7 Product Definition The bucket cylinder for Baoding WY90-7 is a specialized hydraulic cylinder designed primarily for controlling the movement of shovels in heavy machinery such as excavators, backhoe loaders, and front-end loaders. Its main function is to enable the shovel to lift, lower and tilt, making it easier to handle [&hellip;]<\/p>","protected":false},"featured_media":14761,"comment_status":"open","ping_status":"closed","template":"","meta":{"_et_pb_use_builder":"","_et_pb_old_content":"","_et_gb_content_width":""},"product_brand":[],"product_cat":[1494],"product_tag":[1495,1496],"class_list":{"0":"post-15956","1":"product","2":"type-product","3":"status-publish","4":"has-post-thumbnail","6":"product_cat-bucket-cylinders","7":"product_tag-bucket-cylinders","8":"product_tag-hydraulic-cylinders","10":"first","11":"instock","12":"shipping-taxable","13":"product-type-simple"},"amp_enabled":true,"_links":{"self":[{"href":"https:\/\/www.hydraulic-cylinders.net\/tr\/wp-json\/wp\/v2\/product\/15956","targetHints":{"allow":["GET"]}}],"collection":[{"href":"https:\/\/www.hydraulic-cylinders.net\/tr\/wp-json\/wp\/v2\/product"}],"about":[{"href":"https:\/\/www.hydraulic-cylinders.net\/tr\/wp-json\/wp\/v2\/types\/product"}],"replies":[{"embeddable":true,"href":"https:\/\/www.hydraulic-cylinders.net\/tr\/wp-json\/wp\/v2\/comments?post=15956"}],"wp:featuredmedia":[{"embeddable":true,"href":"https:\/\/www.hydraulic-cylinders.net\/tr\/wp-json\/wp\/v2\/media\/14761"}],"wp:attachment":[{"href":"https:\/\/www.hydraulic-cylinders.net\/tr\/wp-json\/wp\/v2\/media?parent=15956"}],"wp:term":[{"taxonomy":"product_brand","embeddable":true,"href":"https:\/\/www.hydraulic-cylinders.net\/tr\/wp-json\/wp\/v2\/product_brand?post=15956"},{"taxonomy":"product_cat","embeddable":true,"href":"https:\/\/www.hydraulic-cylinders.net\/tr\/wp-json\/wp\/v2\/product_cat?post=15956"},{"taxonomy":"product_tag","embeddable":true,"href":"https:\/\/www.hydraulic-cylinders.net\/tr\/wp-json\/wp\/v2\/product_tag?post=15956"}],"curies":[{"name":"wp","href":"https:\/\/api.w.org\/{rel}","templated":true}]}}