{"id":15958,"date":"2025-01-19T15:13:01","date_gmt":"2025-01-19T15:13:01","guid":{"rendered":"https:\/\/www.hydraulic-cylinders.net\/product\/bucket-cylinder-for-baoding-sc85-8\/"},"modified":"2025-01-19T15:13:03","modified_gmt":"2025-01-19T15:13:03","slug":"bucket-cylinder-for-baoding-sc85-8","status":"publish","type":"product","link":"https:\/\/www.hydraulic-cylinders.net\/tr\/urun\/bucket-cylinder-for-baoding-sc85-8\/","title":{"rendered":"Baoding SC85.8 i\u00e7in Kova Silindiri"},"content":{"rendered":"<h2>Baoding SC85.8 i\u00e7in Kova Silindiri<\/h2>\n<h3>girii\u015f<\/h3>\n<p>Baoding SC85.8 i\u00e7in tasarlanm\u0131\u015f bir kep\u00e7e silindiri, ekskavat\u00f6rler, kaz\u0131c\u0131 ekskavat\u00f6rler ve \u00f6n y\u00fckleyiciler gibi a\u011f\u0131r makinelerde kep\u00e7enin hareketini kontrol etmek i\u00e7in kullan\u0131lan \u00f6zel bir hidrolik silindirdir. Ana i\u015flevi, kep\u00e7enin kald\u0131r\u0131lmas\u0131n\u0131, indirilmesini ve e\u011filmesini sa\u011flayarak \u00e7e\u015fitli malzemelerin kolayca ta\u015f\u0131nmas\u0131n\u0131 m\u00fcmk\u00fcn k\u0131lmakt\u0131r. Hidrolik sistemde, kep\u00e7e silindiri hidrolik ya\u011f bas\u0131nc\u0131n\u0131 de\u011fi\u015ftirerek kep\u00e7enin hassas kontrol\u00fcn\u00fc sa\u011flar ve operat\u00f6rlerin a\u011f\u0131r nesneleri verimli bir \u015fekilde ta\u015f\u0131mas\u0131na, karma\u015f\u0131k \u00e7al\u0131\u015fma ortamlar\u0131na ve \u00e7e\u015fitli i\u015f gereksinimlerine uyum sa\u011flamas\u0131na olanak tan\u0131r.<\/p>\n<p><img decoding=\"async\" src=\"https:\/\/www.hydraulic-cylinders.net\/wp-content\/uploads\/2025\/01\/songte-company-2.webp\" alt=\"Baoding SC85.8 i\u00e7in Kova Silindiri\"><\/p>\n<h3>\u00d6zellikler<\/h3>\n<ul>\n<li>Y\u00fcksek mukavemet ve dayan\u0131kl\u0131l\u0131k: Genellikle y\u00fcksek mukavemetli \u00e7elik veya al\u00fcminyumdan \u00fcretilen bu malzeme, y\u00fcksek bas\u0131nca ve a\u011f\u0131r y\u00fcklere dayanabilir, zorlu \u00e7al\u0131\u015fma ortamlar\u0131na uyum sa\u011flayabilir ve a\u015f\u0131nma direnci ile korozyon direnci \u00f6zellikleriyle tasarlanm\u0131\u015ft\u0131r, bu da kullan\u0131m \u00f6mr\u00fcn\u00fc uzat\u0131r.<\/li>\n<li>Verimli hidrolik \u00e7al\u0131\u015fma: Hidrolik ya\u011f bas\u0131nc\u0131 kullan\u0131larak d\u00fczg\u00fcn uzatma ve daralma hareketi sa\u011flan\u0131r; bu sayede kontrol komutlar\u0131na h\u0131zl\u0131 yan\u0131t verilir, g\u00fc\u00e7l\u00fc itme ve \u00e7ekme kuvveti sa\u011flan\u0131r ve a\u011f\u0131r nesnelerin ve karma\u015f\u0131k g\u00f6revlerin ta\u015f\u0131nmas\u0131 i\u00e7in uygundur.<\/li>\n<li>\u00c7e\u015fitli tipler: Farkl\u0131 \u00e7al\u0131\u015fma ihtiya\u00e7lar\u0131n\u0131 kar\u015f\u0131lamak i\u00e7in tek etkili (hidrolik sadece tek y\u00f6nde kullan\u0131l\u0131r) veya \u00e7ift etkili (hidrolik her iki y\u00f6nde de kullan\u0131l\u0131r) silindirler se\u00e7ilebilir. Baz\u0131 modeller teleskopiktir ve d\u0131\u015f boyutlar\u0131 art\u0131rmadan daha fazla uzatmaya olanak tan\u0131r, bu da s\u0131n\u0131rl\u0131 alana sahip uygulamalar i\u00e7in uygundur.<\/li>\n<li>Kolay de\u011fi\u015ftirilebilir: \u00dcr\u00fcn\u00fcm\u00fcz bu hidrolik silindirlerin yerine m\u00fckemmel \u015fekilde ge\u00e7ebilir.<\/li>\n<\/ul>\n<p><img decoding=\"async\" src=\"https:\/\/www.hydraulic-cylinders.net\/wp-content\/uploads\/2025\/01\/songte-cylinder-head-with-all-kinds-excavator-models.webp\" alt=\"Baoding SC85.8 i\u00e7in Kova Silindiri\"><\/p>\n<h3>Uygulamalar<\/h3>\n<p>Kova silindiri, a\u015fa\u011f\u0131dakiler gibi \u00e7e\u015fitli end\u00fcstrilerde ve ekipmanlarda yayg\u0131n olarak kullan\u0131lmaktad\u0131r:<\/p>\n<ul>\n<li>\u0130n\u015faat ekipmanlar\u0131: Ekskavat\u00f6rlerde, toprak veya moloz kazma, y\u00fckleme ve ta\u015f\u0131ma i\u015flemlerinde hayati \u00f6neme sahiptirler. Kaz\u0131c\u0131 ekskavat\u00f6rlerde, kova silindirleri hem kazmaya hem de kald\u0131rmaya katk\u0131da bulunur. \u00d6n y\u00fckleyicilerde ise, y\u00fck\u00fc etkili bir \u015fekilde kald\u0131rmaya ve bo\u015faltmaya yard\u0131mc\u0131 olurlar.<\/li>\n<li>Tar\u0131m makineleri: \u00d6n y\u00fckleyicilerde kullan\u0131lan bu silindirler, toprak, saman ve di\u011fer malzemeleri al\u0131p ta\u015f\u0131r. Ekskavat\u00f6rlerde ise kep\u00e7e silindirleri, kep\u00e7enin topra\u011fa n\u00fcfuz etmesini sa\u011flayarak kazma i\u015flemlerini m\u00fcmk\u00fcn k\u0131lar.<\/li>\n<\/ul>\n<h3>Tasar\u0131m Hususlar\u0131 ve Se\u00e7im Kriterleri<\/h3>\n<p>Kova silindirinin tasar\u0131m\u0131n\u0131 de\u011ferlendirirken, a\u015fa\u011f\u0131dakiler gibi \u00e7e\u015fitli fakt\u00f6rler devreye girer:<\/p>\n<ul>\n<li>Ta\u015f\u0131ma kapasitesi: y\u00fcksek bas\u0131nca ve a\u011f\u0131r y\u00fcklere dayanabilme yetene\u011fi.<\/li>\n<li>S\u0131zd\u0131rmazl\u0131k: S\u0131v\u0131 s\u0131z\u0131nt\u0131s\u0131n\u0131 \u00f6nleme ve hidrolik bas\u0131nc\u0131 koruma yetene\u011fi.<\/li>\n<li>Dayan\u0131kl\u0131l\u0131k: A\u015f\u0131nmaya, korozyona ve a\u015f\u0131r\u0131 s\u0131cakl\u0131klara kar\u015f\u0131 diren\u00e7 g\u00f6sterme yetene\u011fi.<\/li>\n<li>G\u00fcvenlik: Operat\u00f6rlerin ve \u00e7evredeki personelin g\u00fcvenli\u011fini sa\u011flama yetene\u011fi.<\/li>\n<li>Bak\u0131m kolayl\u0131\u011f\u0131: bak\u0131m ve onar\u0131m \u00e7al\u0131\u015fmalar\u0131n\u0131 kolayla\u015ft\u0131rma yetene\u011fi.<\/li>\n<\/ul>\n<p><img decoding=\"async\" src=\"https:\/\/www.hydraulic-cylinders.net\/wp-content\/uploads\/2025\/01\/songte-oil-pipes-and-spare-parts.webp\" alt=\"Baoding SC85.8 i\u00e7in Kova Silindiri\"><\/p>\n<h3>S\u0131zd\u0131rmazl\u0131k ve Ya\u011flama<\/h3>\n<p>Kova silindiri, poli\u00fcretan ve nitril kau\u00e7uk gibi a\u015f\u0131nmaya dayan\u0131kl\u0131 malzemelerden yap\u0131lm\u0131\u015f piston contalar\u0131, mil contalar\u0131 vb. \u00e7e\u015fitli s\u0131zd\u0131rmazl\u0131k bile\u015fenleri kullan\u0131r. Silindir g\u00f6vdesi ve di\u015fli u\u00e7 y\u00fczeyleri, a\u015f\u0131nma direncini art\u0131rmak i\u00e7in ince bir \u015fekilde i\u015flenmi\u015ftir. Uygun miktarda hidrolik ya\u011f ile d\u00fczenli ya\u011flama gereklidir.<\/p>\n<p><img decoding=\"async\" src=\"https:\/\/www.hydraulic-cylinders.net\/wp-content\/uploads\/2025\/01\/songte-chushion-collar.webp\" alt=\"Baoding SC85.8 i\u00e7in Kova Silindiri\"><\/p>\n<h3>Bak\u0131m ve Onar\u0131m<\/h3>\n<p>Kova silindirinin kullan\u0131m \u00f6mr\u00fcn\u00fc uzatmak i\u00e7in d\u00fczenli bak\u0131m ve onar\u0131m \u00e7ok \u00f6nemlidir. A\u015fa\u011f\u0131da baz\u0131 bak\u0131m g\u00f6revleri verilmi\u015ftir:<\/p>\n<ul>\n<li>D\u00fczenli denetim<\/li>\n<li>Uygun ya\u011flama<\/li>\n<li>Conta de\u011fi\u015fimi<\/li>\n<li>Kalibrasyon kontrol\u00fc<\/li>\n<\/ul>\n<p>Silindirin performans\u0131n\u0131 sa\u011flamak i\u00e7in do\u011fru montaj da \u00f6nemlidir. Silindir do\u011fru \u015fekilde hizalanmal\u0131 ve silindiri sabitlemek i\u00e7in uygun montaj braketleri kullan\u0131lmal\u0131d\u0131r. Kep\u00e7e silindirinin verimli \u00e7al\u0131\u015fmas\u0131n\u0131 sa\u011flamak i\u00e7in \u00f6nerilen inceleme, onar\u0131m ve de\u011fi\u015ftirme prosed\u00fcrleri izlenmelidir.<\/p>\n<h3>G\u00fcvenlik Hususlar\u0131 ve \u00c7evresel Fakt\u00f6rler<\/h3>\n<p>Kova silindiri kullan\u0131l\u0131rken, \u00e7evredeki personelin ve operat\u00f6rlerin g\u00fcvenli\u011fini sa\u011flamak i\u00e7in g\u00fcvenlik \u00f6nlemleri al\u0131nmal\u0131d\u0131r. Kova silindiri i\u00e7in malzeme se\u00e7ilirken s\u0131cakl\u0131k, nem ve kimyasallara maruz kalma gibi \u00e7evresel fakt\u00f6rler dikkate al\u0131nmal\u0131d\u0131r.<\/p>\n<p><img decoding=\"async\" src=\"https:\/\/www.hydraulic-cylinders.net\/wp-content\/uploads\/2025\/01\/songte-bushings-with-all-kinds-of-excavator-models.webp\" alt=\"Baoding SC85.8 i\u00e7in Kova Silindiri\"><\/p>\n<h3>S\u0131k G\u00f6r\u00fclen Ar\u0131zalar ve Sorun Giderme<\/h3>\n<p>Kova silindirinin s\u0131k g\u00f6r\u00fclen ar\u0131zalar\u0131 aras\u0131nda s\u0131v\u0131 s\u0131z\u0131nt\u0131s\u0131, yetersiz bas\u0131n\u00e7 ve anormal sesler bulunur. Bu sorunlar, contalar, ya\u011f borular\u0131 ve di\u011fer bile\u015fenler kontrol edilerek te\u015fhis edilebilir ve \u00e7\u00f6z\u00fclebilir. D\u00fczenli inceleme ve bak\u0131m gibi \u00f6nleyici tedbirler, ar\u0131za say\u0131s\u0131n\u0131 azaltabilir.<\/p>\n<h3>\u015eirketimiz Hakk\u0131nda<\/h3>\n<p>Yurti\u00e7i ve yurtd\u0131\u015f\u0131 pazarlarda \u00f6nde gelen hidrolik silindir \u00fcreticisi ve toptanc\u0131s\u0131y\u0131z. Eksiksiz bir \u00fcr\u00fcn yelpazesi sunuyoruz ve m\u00fckemmel kaliteyi sa\u011flamak i\u00e7in en iyi end\u00fcstri uygulamalar\u0131n\u0131 takip ediyoruz. \u00dcretim tesisimiz, m\u00fc\u015fterilerimizin \u00e7e\u015fitli ihtiya\u00e7lar\u0131n\u0131 kar\u015f\u0131lamam\u0131z\u0131 sa\u011flayan en son teknoloji ve profesyonel test sistemleriyle donat\u0131lm\u0131\u015ft\u0131r.<\/p>\n<p><img decoding=\"async\" src=\"https:\/\/hzpt.com\/wp-content\/uploads\/2024\/11\/songte-company-1.webp\" alt=\"Baoding SC85.8 i\u00e7in Kova Silindiri\"><\/p>\n<h4>G\u00fc\u00e7l\u00fc y\u00f6nlerimiz \u015funlard\u0131r:<\/h4>\n<ul>\n<li>Profesyonellik<\/li>\n<li>Uluslararas\u0131 sertifikalar<\/li>\n<li>\u00d6zelle\u015ftirme hizmetleri<\/li>\n<li>Geli\u015fmi\u015f \u00fcretim ekipmanlar\u0131<\/li>\n<li>M\u00fckemmel sat\u0131\u015f sonras\u0131 hizmetler<\/li>\n<\/ul>\n<p>Makalemizi okudu\u011funuz i\u00e7in te\u015fekk\u00fcr ederiz. Yazar: lyl.<\/p>","protected":false},"excerpt":{"rendered":"<p>Bucket Cylinder For Baoding SC85.8 Introduction A bucket cylinder for Baoding SC85.8 is a specially designed hydraulic cylinder that is mainly used to control the movement of the bucket in heavy machinery such as excavators, backhoe excavators, and front-end loaders. Its main function is to enable the bucket to lift, lower, and tilt, making it [&hellip;]<\/p>","protected":false},"featured_media":14788,"comment_status":"open","ping_status":"closed","template":"","meta":{"_et_pb_use_builder":"","_et_pb_old_content":"","_et_gb_content_width":""},"product_brand":[],"product_cat":[1494],"product_tag":[1495,1496],"class_list":{"0":"post-15958","1":"product","2":"type-product","3":"status-publish","4":"has-post-thumbnail","6":"product_cat-bucket-cylinders","7":"product_tag-bucket-cylinders","8":"product_tag-hydraulic-cylinders","10":"first","11":"instock","12":"shipping-taxable","13":"product-type-simple"},"amp_enabled":true,"_links":{"self":[{"href":"https:\/\/www.hydraulic-cylinders.net\/tr\/wp-json\/wp\/v2\/product\/15958","targetHints":{"allow":["GET"]}}],"collection":[{"href":"https:\/\/www.hydraulic-cylinders.net\/tr\/wp-json\/wp\/v2\/product"}],"about":[{"href":"https:\/\/www.hydraulic-cylinders.net\/tr\/wp-json\/wp\/v2\/types\/product"}],"replies":[{"embeddable":true,"href":"https:\/\/www.hydraulic-cylinders.net\/tr\/wp-json\/wp\/v2\/comments?post=15958"}],"wp:featuredmedia":[{"embeddable":true,"href":"https:\/\/www.hydraulic-cylinders.net\/tr\/wp-json\/wp\/v2\/media\/14788"}],"wp:attachment":[{"href":"https:\/\/www.hydraulic-cylinders.net\/tr\/wp-json\/wp\/v2\/media?parent=15958"}],"wp:term":[{"taxonomy":"product_brand","embeddable":true,"href":"https:\/\/www.hydraulic-cylinders.net\/tr\/wp-json\/wp\/v2\/product_brand?post=15958"},{"taxonomy":"product_cat","embeddable":true,"href":"https:\/\/www.hydraulic-cylinders.net\/tr\/wp-json\/wp\/v2\/product_cat?post=15958"},{"taxonomy":"product_tag","embeddable":true,"href":"https:\/\/www.hydraulic-cylinders.net\/tr\/wp-json\/wp\/v2\/product_tag?post=15958"}],"curies":[{"name":"wp","href":"https:\/\/api.w.org\/{rel}","templated":true}]}}