{"id":15959,"date":"2025-01-19T15:13:05","date_gmt":"2025-01-19T15:13:05","guid":{"rendered":"https:\/\/www.hydraulic-cylinders.net\/product\/bucket-cylinder-for-baoding-sc400-8\/"},"modified":"2025-01-19T15:13:07","modified_gmt":"2025-01-19T15:13:07","slug":"bucket-cylinder-for-baoding-sc400-8","status":"publish","type":"product","link":"https:\/\/www.hydraulic-cylinders.net\/tr\/urun\/bucket-cylinder-for-baoding-sc400-8\/","title":{"rendered":"Baoding SC400.8 i\u00e7in Kova Silindiri"},"content":{"rendered":"<h1>Baoding SC400.8 i\u00e7in Kova Silindiri<\/h1>\n<h2>girii\u015f<\/h2>\n<p>A bucket cylinder is a specially designed hydraulic cylinder mainly used to control the movement of the bucket in heavy machinery such as excavators, backhoe excavators, and front loaders. Its main function is to enable the bucket to lift, lower, and tilt, making it easier to handle various material handling tasks. In the hydraulic system, the bucket cylinder achieves precise control of the bucket&#8217;s movement through changes in hydraulic oil pressure, allowing operators to efficiently handle heavy loads and adapt to complex work environments and diverse operational needs.<\/p>\n<p><img decoding=\"async\" src=\"https:\/\/www.hydraulic-cylinders.net\/wp-content\/uploads\/2025\/01\/songte-company-2.webp\" alt=\"Baoding SC400.8 i\u00e7in Kova Silindiri\" \/><\/p>\n<h3>\u00d6zellikler<\/h3>\n<ul>\n<li>Y\u00fcksek mukavemet ve dayan\u0131kl\u0131l\u0131k: Genellikle y\u00fcksek mukavemetli \u00e7elik veya al\u00fcminyumdan \u00fcretilir, y\u00fcksek bas\u0131nca ve a\u011f\u0131r y\u00fcklere dayanabilir ve kullan\u0131m \u00f6mr\u00fcn\u00fc uzatmak i\u00e7in a\u015f\u0131nma direnci ve korozyon direnci g\u00f6z \u00f6n\u00fcnde bulundurularak tasarlanm\u0131\u015ft\u0131r.<\/li>\n<li>Verimli hidrolik \u00e7al\u0131\u015fma: Hidrolik ya\u011f bas\u0131nc\u0131n\u0131 kullanarak d\u00fczg\u00fcn uzatma ve geri \u00e7ekme sa\u011flar, kontrol komutlar\u0131na h\u0131zl\u0131 yan\u0131t verebilir, g\u00fc\u00e7l\u00fc itme ve \u00e7ekme kuvveti sunar, a\u011f\u0131r y\u00fcklerin ve karma\u015f\u0131k operasyonel g\u00f6revlerin \u00fcstesinden gelmek i\u00e7in uygundur.<\/li>\n<li>\u00c7e\u015fitli tiplerde mevcuttur: \u0130\u015fletme ihtiya\u00e7lar\u0131na g\u00f6re tek etkili (hidrolik sadece tek y\u00f6nde kullan\u0131l\u0131r) veya \u00e7ift etkili (hidrolik her iki y\u00f6nde kullan\u0131l\u0131r) silindirler se\u00e7ilebilir; baz\u0131 modeller teleskopiktir, bu da d\u0131\u015f boyutu art\u0131rmadan daha fazla uzatmaya olanak tan\u0131r ve s\u0131n\u0131rl\u0131 alana sahip uygulamalar i\u00e7in uygundur.<\/li>\n<li>Hidrolik silindirlerin yerine ge\u00e7ebilir: \u00dcr\u00fcnlerimiz bu hidrolik silindirlerin yerine m\u00fckemmel \u015fekilde ge\u00e7ebilir. <\/li>\n<\/ul>\n<p><img decoding=\"async\" src=\"https:\/\/www.hydraulic-cylinders.net\/wp-content\/uploads\/2025\/01\/songte-cylinder-head-with-all-kinds-excavator-models.webp\" alt=\"Baoding SC400.8 i\u00e7in Kova Silindiri\" \/><\/p>\n<h3>Uygulamalar<\/h3>\n<p>Kova silindiri, a\u015fa\u011f\u0131dakiler gibi \u00e7e\u015fitli end\u00fcstrilerde yayg\u0131n olarak kullan\u0131lmaktad\u0131r:<\/p>\n<ul>\n<li>\u0130n\u015faat ekipmanlar\u0131: Ekskavat\u00f6rlerde, toprak veya moloz kazma, y\u00fckleme ve ta\u015f\u0131ma i\u015flemlerinde vazge\u00e7ilmezdirler. Kaz\u0131c\u0131 ekskavat\u00f6rlerde ise kova silindirleri hem kazma hem de kald\u0131rma i\u015flemlerine yard\u0131mc\u0131 olur. <\/li>\n<li>Tar\u0131m makineleri: \u00f6n y\u00fckleyiciler, kep\u00e7e, kald\u0131rma ve toprak, saman ve di\u011fer malzemelerin ta\u015f\u0131nmas\u0131nda kullan\u0131l\u0131r; ekskavat\u00f6rler: kep\u00e7e silindirleri, kep\u00e7enin topra\u011fa n\u00fcfuz etmesini sa\u011flayarak kazma i\u015flemini m\u00fcmk\u00fcn k\u0131lar. <\/li>\n<li>Y\u00fckleyici: \u00d6n y\u00fckleyicilerde, mallar\u0131n kald\u0131r\u0131lmas\u0131na, devrilmesine ve verimli bir \u015fekilde bo\u015falt\u0131lmas\u0131na yard\u0131mc\u0131 olurlar. <\/li>\n<\/ul>\n<h3>Tasar\u0131m Hususlar\u0131 ve Se\u00e7im Kriterleri<\/h3>\n<p>Kep\u00e7e silindirinin tasar\u0131m\u0131, performans\u0131 ve uzun \u00f6mr\u00fc a\u00e7\u0131s\u0131ndan \u00e7ok \u00f6nemlidir. A\u015fa\u011f\u0131da baz\u0131 temel tasar\u0131m hususlar\u0131 yer almaktad\u0131r:<\/p>\n<h4>Y\u00fck Kapasitesi<\/h4>\n<p>Kep\u00e7e silindiri, kar\u015f\u0131la\u015faca\u011f\u0131 maksimum y\u00fck\u00fc kald\u0131rabilecek \u015fekilde tasarlanmal\u0131d\u0131r. Y\u00fck kapasitesi, silindirin boyutuna, mukavemetine ve malzemesine ba\u011fl\u0131d\u0131r.<\/p>\n<h4>S\u0131zd\u0131rmazl\u0131k<\/h4>\n<p>Hidrolik s\u0131v\u0131n\u0131n s\u0131zmas\u0131n\u0131 ve kirlenmesini \u00f6nlemek i\u00e7in silindirin s\u0131zd\u0131rmazl\u0131\u011f\u0131 sa\u011flanmal\u0131d\u0131r. S\u0131zd\u0131rmazl\u0131k sistemi, dayan\u0131kl\u0131l\u0131k ve uzun kullan\u0131m \u00f6mr\u00fc sa\u011flamak i\u00e7in poli\u00fcretan ve nitril kau\u00e7uk gibi y\u00fcksek kaliteli malzemelerle tasarlanmal\u0131d\u0131r.<\/p>\n<h4>Dayan\u0131kl\u0131l\u0131k<\/h4>\n<p>Kep\u00e7e silindirinin tasar\u0131m\u0131nda, kullan\u0131m \u00f6mr\u00fcn\u00fc uzatmak i\u00e7in a\u015f\u0131nma direnci ve korozyon direnci dikkate al\u0131nmal\u0131d\u0131r.<\/p>\n<h4>Emniyet<\/h4>\n<p>Kazalar\u0131 ve yaralanmalar\u0131 \u00f6nlemek i\u00e7in silindir g\u00fcvenlik g\u00f6z \u00f6n\u00fcnde bulundurularak tasarlanmal\u0131d\u0131r. Montaj i\u015flemi, silindiri yerine sabitlemek i\u00e7in uygun hizalama ve uygun montaj braketlerinin kullan\u0131m\u0131n\u0131 i\u00e7ermelidir.<\/p>\n<h4>Bak\u0131m<\/h4>\n<p>Kova silindiri, kolay bak\u0131m ve onar\u0131m i\u00e7in tasarlanmal\u0131d\u0131r. Optimum performans ve uzun \u00f6m\u00fcr sa\u011flamak i\u00e7in d\u00fczenli kontrol, ya\u011flama ve conta de\u011fi\u015fimi gereklidir.<\/p>\n<p><img decoding=\"async\" src=\"https:\/\/www.hydraulic-cylinders.net\/wp-content\/uploads\/2025\/01\/songte-oil-pipes-and-spare-parts.webp\" alt=\"Baoding SC400.8 i\u00e7in Kova Silindiri\" \/><\/p>\n<h3>S\u0131zd\u0131rmazl\u0131k ve Ya\u011flama<\/h3>\n<p>The bucket cylinder requires various sealing components, such as piston seals and rod seals, made of high-quality materials such as polyurethane and nitrile rubber to ensure durability and long service life. The cylinder&#8217;s interior should be lubricated with hydraulic oil to provide smooth operation and prevent wear and tear. Regular oil changes are necessary to maintain the cylinder&#8217;s proper function.<\/p>\n<h3>Bak\u0131m ve Onar\u0131m<\/h3>\n<p>Kep\u00e7e silindirinin uzun \u00f6m\u00fcrl\u00fc olmas\u0131n\u0131 ve performans\u0131n\u0131n optimize edilmesini sa\u011flamak i\u00e7in d\u00fczenli bak\u0131m ve onar\u0131m \u00e7ok \u00f6nemlidir. A\u015fa\u011f\u0131da yayg\u0131n bak\u0131m g\u00f6revleri yer almaktad\u0131r:<\/p>\n<ul>\n<li>D\u00fczenli denetim<\/li>\n<li>Uygun ya\u011flama<\/li>\n<li>Conta de\u011fi\u015fimi<\/li>\n<\/ul>\n<p>Correct installation, lubrication, and adjustment are essential for optimal performance. During installation, proper alignment is crucial. The use of appropriate installation brackets to secure the cylinder in place is recommended. We also offer replacement parts and rebuilding services to enhance the bucket cylinder&#8217;s longevity.<\/p>\n<p><img decoding=\"async\" src=\"https:\/\/www.hydraulic-cylinders.net\/wp-content\/uploads\/2025\/01\/songte-chushion-collar.webp\" alt=\"Baoding SC400.8 i\u00e7in Kova Silindiri\" \/><\/p>\n<h3>G\u00fcvenlik ve \u00c7evresel Hususlar<\/h3>\n<p>Kova silindiri kullan\u0131l\u0131rken, kazalar\u0131 ve yaralanmalar\u0131 \u00f6nlemek i\u00e7in gerekli g\u00fcvenlik \u00f6nlemleri al\u0131nmal\u0131d\u0131r. A\u015fa\u011f\u0131da baz\u0131 temel g\u00fcvenlik hususlar\u0131 yer almaktad\u0131r:<\/p>\n<ul>\n<li>Uygun ki\u015fisel koruyucu ekipman giyin.<\/li>\n<li>Do\u011fru kurulum ve bak\u0131m\u0131n sa\u011flanmas\u0131<\/li>\n<li>Do not exceed the cylinder&#8217;s load capacity<\/li>\n<li>Follow all manufacturer&#8217;s guidelines and recommendations<\/li>\n<\/ul>\n<p>\u00c7evresel etki de \u00f6nemli bir husustur. Kova silindiri, m\u00fcmk\u00fcn olan her yerde s\u00fcrd\u00fcr\u00fclebilir malzemeler ve \u00fcretim s\u00fcre\u00e7leri kullan\u0131larak, \u00e7evre g\u00f6z \u00f6n\u00fcnde bulundurularak tasarlanmal\u0131 ve \u00fcretilmelidir.<\/p>\n<h3>Sorun Giderme ve Yayg\u0131n Sorunlar<\/h3>\n<p>Kep\u00e7e silindirindeki sorunlar, a\u011f\u0131r makinelerin performans\u0131n\u0131 \u00f6nemli \u00f6l\u00e7\u00fcde etkileyebilir. A\u015fa\u011f\u0131da baz\u0131 yayg\u0131n sorunlar ve \u00e7\u00f6z\u00fcmleri yer almaktad\u0131r:<\/p>\n<ul>\n<li>S\u0131z\u0131nt\u0131: Contalar\u0131 kontrol edin ve gerekirse de\u011fi\u015ftirin. T\u00fcm ba\u011flant\u0131lar\u0131n s\u0131k\u0131 oldu\u011fundan ve piston veya silindirde herhangi bir hasar olmad\u0131\u011f\u0131ndan emin olun.<\/li>\n<li>Yava\u015f \u00e7al\u0131\u015fma: Hidrolik sistemde s\u0131z\u0131nt\u0131 veya hasar olup olmad\u0131\u011f\u0131n\u0131 kontrol edin. Hidrolik ya\u011f seviyesinin do\u011fru oldu\u011fundan ve sistemde hava bo\u015flu\u011fu bulunmad\u0131\u011f\u0131ndan emin olun.<\/li>\n<li>Cylinder won&#8217;t extend or retract: Check the hydraulic system for leaks or damage. Ensure that the hydraulic oil is at the correct level and that there are no air pockets in the system.<\/li>\n<\/ul>\n<p>Bu sorunlardan ka\u00e7\u0131nman\u0131n anahtar\u0131 \u00f6nleyici bak\u0131md\u0131r. D\u00fczenli kontrol, ya\u011flama ve conta de\u011fi\u015fimi, potansiyel sorunlar\u0131n \u00f6nemli problemlere d\u00f6n\u00fc\u015fmesini \u00f6nlemeye yard\u0131mc\u0131 olabilir.<\/p>\n<p><img decoding=\"async\" src=\"https:\/\/www.hydraulic-cylinders.net\/wp-content\/uploads\/2025\/01\/songte-bushings-with-all-kinds-of-excavator-models.webp\" alt=\"Baoding SC400.8 i\u00e7in Kova Silindiri\" \/><\/p>\n<h3>Hakk\u0131m\u0131zda<\/h3>\n<p>Geni\u015f \u00fcr\u00fcn yelpazemizle, hem yurt i\u00e7i hem de uluslararas\u0131 pazarlarda hidrolik silindirlerin \u00f6nde gelen \u00fcreticilerinden ve toptanc\u0131lar\u0131ndan biriyiz. M\u00fckemmel kalite ilkesine ba\u011fl\u0131 kalarak, titizlikle \u00fcretilmi\u015f at\u00f6lyelerimizde end\u00fcstriyel \u00fcretim y\u00f6netim stratejilerine g\u00fcveniyoruz ve teknolojik yetenek, dijital \u00fcst d\u00fczey \u00fcretim ekipmanlar\u0131 ve profesyonel test sistemleri kullanarak \u00fcretim platformlar\u0131m\u0131z\u0131 ve \u00fcr\u00fcn kalitesi \u00fcretim hatlar\u0131m\u0131z\u0131 s\u00fcrekli olarak geli\u015ftiriyoruz. Y\u00fcksek verimlilik, y\u00fcksek hassasiyet ve y\u00fcksek kaliteye sahip \u00fcr\u00fcnler yaratma ve \u00e7e\u015fitli m\u00fc\u015fteri ihtiya\u00e7lar\u0131n\u0131 kar\u015f\u0131lama g\u00fcc\u00fcne sahibiz.<\/p>\n<p>\u015eirketimizin sundu\u011fu bir\u00e7ok avantaj bulunmaktad\u0131r, bunlar aras\u0131nda \u015funlar yer almaktad\u0131r:<\/p>\n<ul>\n<li>Profesyonellik<\/li>\n<li>Uluslararas\u0131 sertifikasyon<\/li>\n<li>\u00d6zelle\u015ftirme hizmetleri<\/li>\n<li>Geli\u015fmi\u015f \u00fcretim ekipmanlar\u0131<\/li>\n<li>M\u00fckemmel sat\u0131\u015f sonras\u0131 hizmet<\/li>\n<\/ul>\n<p><img decoding=\"async\" src=\"https:\/\/hzpt.com\/wp-content\/uploads\/2024\/11\/songte-company-1.webp\" alt=\"Baoding SC400.8 i\u00e7in Kova Silindiri\" \/><\/p>\n<p>Yazar: lyl<\/p>","protected":false},"excerpt":{"rendered":"<p>Bucket Cylinder For Baoding SC400.8 Introduction A bucket cylinder is a specially designed hydraulic cylinder mainly used to control the movement of the bucket in heavy machinery such as excavators, backhoe excavators, and front loaders. Its main function is to enable the bucket to lift, lower, and tilt, making it easier to handle various material [&hellip;]<\/p>","protected":false},"featured_media":14787,"comment_status":"open","ping_status":"closed","template":"","meta":{"_et_pb_use_builder":"","_et_pb_old_content":"","_et_gb_content_width":""},"product_brand":[],"product_cat":[1494],"product_tag":[1495,1496],"class_list":{"0":"post-15959","1":"product","2":"type-product","3":"status-publish","4":"has-post-thumbnail","6":"product_cat-bucket-cylinders","7":"product_tag-bucket-cylinders","8":"product_tag-hydraulic-cylinders","10":"first","11":"instock","12":"shipping-taxable","13":"product-type-simple"},"amp_enabled":true,"_links":{"self":[{"href":"https:\/\/www.hydraulic-cylinders.net\/tr\/wp-json\/wp\/v2\/product\/15959","targetHints":{"allow":["GET"]}}],"collection":[{"href":"https:\/\/www.hydraulic-cylinders.net\/tr\/wp-json\/wp\/v2\/product"}],"about":[{"href":"https:\/\/www.hydraulic-cylinders.net\/tr\/wp-json\/wp\/v2\/types\/product"}],"replies":[{"embeddable":true,"href":"https:\/\/www.hydraulic-cylinders.net\/tr\/wp-json\/wp\/v2\/comments?post=15959"}],"wp:featuredmedia":[{"embeddable":true,"href":"https:\/\/www.hydraulic-cylinders.net\/tr\/wp-json\/wp\/v2\/media\/14787"}],"wp:attachment":[{"href":"https:\/\/www.hydraulic-cylinders.net\/tr\/wp-json\/wp\/v2\/media?parent=15959"}],"wp:term":[{"taxonomy":"product_brand","embeddable":true,"href":"https:\/\/www.hydraulic-cylinders.net\/tr\/wp-json\/wp\/v2\/product_brand?post=15959"},{"taxonomy":"product_cat","embeddable":true,"href":"https:\/\/www.hydraulic-cylinders.net\/tr\/wp-json\/wp\/v2\/product_cat?post=15959"},{"taxonomy":"product_tag","embeddable":true,"href":"https:\/\/www.hydraulic-cylinders.net\/tr\/wp-json\/wp\/v2\/product_tag?post=15959"}],"curies":[{"name":"wp","href":"https:\/\/api.w.org\/{rel}","templated":true}]}}