{"id":15975,"date":"2025-01-19T15:14:23","date_gmt":"2025-01-19T15:14:23","guid":{"rendered":"https:\/\/www.hydraulic-cylinders.net\/product\/bucket-cylinder-for-sinomach-zg3210-9c\/"},"modified":"2025-01-19T15:14:25","modified_gmt":"2025-01-19T15:14:25","slug":"bucket-cylinder-for-sinomach-zg3210-9c","status":"publish","type":"product","link":"https:\/\/www.hydraulic-cylinders.net\/tr\/urun\/bucket-cylinder-for-sinomach-zg3210-9c\/","title":{"rendered":"Sinomach ZG3210-9C i\u00e7in Kova Silindiri"},"content":{"rendered":"<h1>Sinomach ZG3210-9C i\u00e7in Kova Silindiri<\/h1>\n<h2>girii\u015f<\/h2>\n<p>Sinomach ZG3210-9C Kova Silindiri, ekskavat\u00f6rler, beko-loderler ve \u00f6n y\u00fckleyiciler gibi a\u011f\u0131r makinelerde kovan\u0131n hareketini kontrol etmek i\u00e7in tasarlanm\u0131\u015f \u00f6zel bir hidrolik silindirdir. Temel i\u015flevi, kovan\u0131n kald\u0131r\u0131lmas\u0131n\u0131, indirilmesini ve e\u011filmesini sa\u011flayarak \u00e7e\u015fitli malzeme ta\u015f\u0131ma g\u00f6revlerini kolayla\u015ft\u0131rmakt\u0131r. Hidrolik sistemde, kova silindiri, hidrolik ya\u011f\u0131n bas\u0131n\u00e7 de\u011fi\u015fimlerinden yararlanarak kovan\u0131n hassas kontrol\u00fcn\u00fc sa\u011flar ve operat\u00f6rlerin karma\u015f\u0131k \u00e7al\u0131\u015fma ortamlar\u0131nda ve \u00e7e\u015fitli i\u015f gereksinimlerinde a\u011f\u0131r y\u00fckleri verimli bir \u015fekilde ta\u015f\u0131malar\u0131na olanak tan\u0131r.<\/p>\n<p><img decoding=\"async\" src=\"https:\/\/www.hydraulic-cylinders.net\/wp-content\/uploads\/2025\/01\/songte-company-2.webp\" alt=\"Kova Silindiri G\u00f6r\u00fcnt\u00fcs\u00fc\"><\/p>\n<h2>\u00d6zellikler<\/h2>\n<ul>\n<li>Y\u00fcksek Mukavemet ve Dayan\u0131kl\u0131l\u0131k: Genellikle y\u00fcksek mukavemetli \u00e7elik veya al\u00fcminyumdan \u00fcretilen kova silindiri, y\u00fcksek bas\u0131nca ve a\u011f\u0131r y\u00fcklere dayanabilir ve zorlu \u00e7al\u0131\u015fma ko\u015fullar\u0131na uyum sa\u011flayabilir. Tasar\u0131m\u0131, a\u015f\u0131nma ve korozyon direncini g\u00f6z \u00f6n\u00fcnde bulundurarak \u00f6mr\u00fcn\u00fc uzat\u0131r.<\/li>\n<li>Verimli Hidrolik \u00c7al\u0131\u015fma: Hidrolik ya\u011f\u0131n bas\u0131nc\u0131ndan yararlanarak, kova silindiri d\u00fczg\u00fcn uzatma ve geri \u00e7ekme hareketleri ger\u00e7ekle\u015ftirir, kontrol komutlar\u0131na h\u0131zl\u0131 yan\u0131t verir, a\u011f\u0131r y\u00fckleri ve karma\u015f\u0131k i\u015f g\u00f6revlerini ta\u015f\u0131maya uygun g\u00fc\u00e7l\u00fc itme ve \u00e7ekme kuvvetleri sa\u011flar.<\/li>\n<li>\u00c7ok Y\u00f6nl\u00fc Tipler: Kova silindirleri, \u00f6zel operasyonel ihtiya\u00e7lara g\u00f6re tek etkili (sadece tek y\u00f6nde hidrolik bas\u0131n\u00e7 kullanan) veya \u00e7ift etkili (her iki y\u00f6nde hidrolik bas\u0131n\u00e7 kullanan) silindirler olarak se\u00e7ilebilir. Baz\u0131 modeller teleskopiktir ve d\u0131\u015f boyutlar\u0131 art\u0131rmadan daha fazla uzatma imkan\u0131 sunarak, s\u0131n\u0131rl\u0131 alana sahip uygulamalar i\u00e7in uygundur.<\/li>\n<li>M\u00fckemmel De\u011fi\u015ftirme: \u00dcr\u00fcnlerimiz mevcut hidrolik silindirlerin yerini m\u00fckemmel \u015fekilde alabilir, uyumluluk ve kusursuz entegrasyon sa\u011flar.<\/li>\n<\/ul>\n<p><img decoding=\"async\" src=\"https:\/\/www.hydraulic-cylinders.net\/wp-content\/uploads\/2025\/01\/songte-cylinder-head-with-all-kinds-excavator-models.webp\" alt=\"\u00dcr\u00fcn G\u00f6rseli\"><\/p>\n<h2>Uygulamalar<\/h2>\n<p>Kova silindiri \u00e7e\u015fitli ekipmanlarda uygulama alan\u0131 bulur:<\/p>\n<ul>\n<li>\u0130n\u015faat Makineleri: Ekskavat\u00f6rlerde, toprak veya moloz kazma, y\u00fckleme ve ta\u015f\u0131ma i\u00e7in hayati \u00f6nem ta\u015f\u0131rlar. Beko-Loderlerde ise kova silindiri hem kazma hem de kald\u0131rma i\u015flemlerine yard\u0131mc\u0131 olur.<\/li>\n<li>Tar\u0131m Makinalar\u0131: \u00d6n y\u00fckleyicilerde kullan\u0131lan kova silindiri, toprak, saman ve di\u011fer malzemelerin kep\u00e7elenmesine, kald\u0131r\u0131lmas\u0131na ve ta\u015f\u0131nmas\u0131na yard\u0131mc\u0131 olur.<\/li>\n<li>Ekskavat\u00f6rler: Kova silindiri, kovan\u0131n topra\u011fa n\u00fcfuz etmesini sa\u011flayarak kazma i\u015flemini ger\u00e7ekle\u015ftirir.<\/li>\n<li>Y\u00fckleyiciler: \u00d6n y\u00fckleyicilerde, mallar\u0131n etkin bir \u015fekilde kald\u0131r\u0131lmas\u0131n\u0131 ve bo\u015falt\u0131lmas\u0131n\u0131 kolayla\u015ft\u0131r\u0131rlar.<\/li>\n<\/ul>\n<h2>Tasar\u0131m Hususlar\u0131 ve Se\u00e7im Kriterleri<\/h2>\n<p>Tasar\u0131m hususlar\u0131 ele al\u0131nd\u0131\u011f\u0131nda birka\u00e7 temel fakt\u00f6r dikkate al\u0131n\u0131r:<\/p>\n<ul>\n<li>Y\u00fck Ta\u015f\u0131ma Kapasitesi: Kova silindiri, \u00e7al\u0131\u015fma s\u0131ras\u0131nda kar\u015f\u0131la\u015faca\u011f\u0131 maksimum y\u00fcke dayanacak \u015fekilde tasarlanm\u0131\u015ft\u0131r.<\/li>\n<li>S\u0131zd\u0131rmazl\u0131k: Piston contalar\u0131 ve biyel contalar\u0131 gibi \u00e7e\u015fitli s\u0131zd\u0131rmazl\u0131k elemanlar\u0131, s\u0131z\u0131nt\u0131lar\u0131 \u00f6nlemek ve silindirin verimli \u00e7al\u0131\u015fmas\u0131n\u0131 sa\u011flamak i\u00e7in kullan\u0131l\u0131r.<\/li>\n<li>Dayan\u0131kl\u0131l\u0131k: Silindir, a\u015f\u0131nma ve y\u0131pranmaya kar\u015f\u0131 direncini art\u0131ran malzemeler ve y\u00fczeylerle \u00fcretilmi\u015ftir.<\/li>\n<li>G\u00fcvenlik: Kazalar\u0131 \u00f6nlemek ve operat\u00f6r\u00fcn korunmas\u0131n\u0131 sa\u011flamak i\u00e7in tasar\u0131ma g\u00fcvenlik \u00f6zellikleri dahil edilmi\u015ftir.<\/li>\n<li>Bak\u0131m kolayl\u0131\u011f\u0131: Silindirin tasar\u0131m\u0131 kolay bak\u0131m ve onar\u0131ma olanak vererek ar\u0131za s\u00fcresini en aza indirir.<\/li>\n<\/ul>\n<p><img decoding=\"async\" src=\"https:\/\/www.hydraulic-cylinders.net\/wp-content\/uploads\/2025\/01\/songte-oil-pipes-and-spare-parts.webp\" alt=\"\u00dcr\u00fcn G\u00f6rseli\"><\/p>\n<h2>S\u0131zd\u0131rmazl\u0131k ve Ya\u011flama<\/h2>\n<p>Kova silindiri, poli\u00fcretan ve nitril kau\u00e7uk gibi a\u015f\u0131nmaya dayan\u0131kl\u0131 malzemelerden yap\u0131lm\u0131\u015f piston contalar\u0131 ve piston kolu contalar\u0131 gibi \u00e7e\u015fitli contalar kullan\u0131r. Silindir g\u00f6vdesi ve di\u015fli u\u00e7lar\u0131, a\u015f\u0131nma direncini art\u0131rmak i\u00e7in hassas bir i\u015flemden ge\u00e7irilir. Sorunsuz \u00e7al\u0131\u015fma sa\u011flamak i\u00e7in uygun miktarda hidrolik ya\u011f ile d\u00fczenli ya\u011flama gereklidir.<\/p>\n<h2>D\u00fczenli Muayene ve \u00d6nleyici Bak\u0131m<\/h2>\n<p>Kova silindirinin optimum performans\u0131 ve uzun \u00f6m\u00fcrl\u00fc olmas\u0131 i\u00e7in d\u00fczenli muayene ve \u00f6nleyici bak\u0131m \u015fartt\u0131r:<\/p>\n<ul>\n<li>S\u0131z\u0131nt\u0131, hasar ve a\u015f\u0131nma olup olmad\u0131\u011f\u0131n\u0131n denetlenmesi<\/li>\n<li>Uygun ya\u011flama<\/li>\n<li>Conta de\u011fi\u015fimi<\/li>\n<li>Kalibrasyon kontrolleri<\/li>\n<\/ul>\n<p><img decoding=\"async\" src=\"https:\/\/www.hydraulic-cylinders.net\/wp-content\/uploads\/2025\/01\/songte-chushion-collar.webp\" alt=\"\u00dcr\u00fcn G\u00f6rseli\"><\/p>\n<h2>G\u00fcvenlik Hususlar\u0131 ve \u00c7evresel Fakt\u00f6rler<\/h2>\n<p>Kova silindiriyle \u00e7al\u0131\u015f\u0131rken g\u00fcvenlik \u00f6nlemlerinin al\u0131nmas\u0131 son derece \u00f6nemlidir. G\u00fcvenli operasyonlar i\u00e7in uygun e\u011fitim, g\u00fcvenlik protokollerine uyum ve ki\u015fisel koruyucu ekipman kullan\u0131m\u0131 hayati \u00f6nem ta\u015f\u0131r. Ayr\u0131ca, s\u0131cakl\u0131k ve nem gibi \u00e7evresel fakt\u00f6rler silindirin performans\u0131n\u0131 etkileyebilir ve kullan\u0131m s\u0131ras\u0131nda dikkate al\u0131nmal\u0131d\u0131r.<\/p>\n<h2>Ar\u0131za Te\u015fhisi ve Yayg\u0131n Sorunlar<\/h2>\n<p>Kova silindirinde ar\u0131za veya sorunlarla kar\u015f\u0131la\u015ft\u0131\u011f\u0131n\u0131zda, a\u015fa\u011f\u0131daki ipu\u00e7lar\u0131 ve \u00e7\u00f6z\u00fcmler etkili te\u015fhis ve sorun \u00e7\u00f6z\u00fcm\u00fcne yard\u0131mc\u0131 olabilir. Ayr\u0131ca, olas\u0131 sorunlar\u0131 en aza indirmek i\u00e7in \u00f6nleyici tedbirler de \u00f6nerilmektedir.<\/p>\n<p><img decoding=\"async\" src=\"https:\/\/www.hydraulic-cylinders.net\/wp-content\/uploads\/2025\/01\/songte-bushings-with-all-kinds-of-excavator-models.webp\" alt=\"\u00dcr\u00fcn G\u00f6rseli\"><\/p>\n<h2>\u00c7\u00f6z\u00fcm<\/h2>\n<p>\u015eirketimiz, yurt i\u00e7i ve yurt d\u0131\u015f\u0131 pazarlarda lider bir hidrolik silindir \u00fcreticisi ve toptan da\u011f\u0131t\u0131c\u0131s\u0131d\u0131r. Eksiksiz \u00fcr\u00fcn yelpazemiz ve m\u00fckemmellik taahh\u00fcd\u00fcm\u00fczle, m\u00fc\u015fterilerimizin \u00e7e\u015fitli ihtiya\u00e7lar\u0131n\u0131 kar\u015f\u0131lamaya \u00e7al\u0131\u015f\u0131yoruz. \u015eirketimiz, profesyonellik, uluslararas\u0131 sertifikalar, \u00f6zel hizmetler, \u00fcretim ekipmanlar\u0131 ve sat\u0131\u015f sonras\u0131 destek konular\u0131nda m\u00fckemmeldir.<\/p>\n<p><img decoding=\"async\" src=\"https:\/\/www.hydraulic-cylinders.net\/wp-content\/uploads\/2025\/01\/songte-company-3.webp\" alt=\"\u015eirket \u0130maj\u0131\"><\/p>\n<p>Yazar: lyl<\/p>","protected":false},"excerpt":{"rendered":"<p>Bucket Cylinder For Sinomach ZG3210-9C Introduction The Bucket Cylinder for Sinomach ZG3210-9C is a specialized hydraulic cylinder designed to control the movement of the bucket in heavy machinery such as excavators, backhoe loaders, and front loaders. Its primary function is to enable the lifting, lowering, and tilting of the bucket, facilitating various material handling tasks. [&hellip;]<\/p>","protected":false},"featured_media":14785,"comment_status":"open","ping_status":"closed","template":"","meta":{"_et_pb_use_builder":"","_et_pb_old_content":"","_et_gb_content_width":""},"product_brand":[],"product_cat":[1494],"product_tag":[1495,1496],"class_list":{"0":"post-15975","1":"product","2":"type-product","3":"status-publish","4":"has-post-thumbnail","6":"product_cat-bucket-cylinders","7":"product_tag-bucket-cylinders","8":"product_tag-hydraulic-cylinders","10":"first","11":"instock","12":"shipping-taxable","13":"product-type-simple"},"amp_enabled":true,"_links":{"self":[{"href":"https:\/\/www.hydraulic-cylinders.net\/tr\/wp-json\/wp\/v2\/product\/15975","targetHints":{"allow":["GET"]}}],"collection":[{"href":"https:\/\/www.hydraulic-cylinders.net\/tr\/wp-json\/wp\/v2\/product"}],"about":[{"href":"https:\/\/www.hydraulic-cylinders.net\/tr\/wp-json\/wp\/v2\/types\/product"}],"replies":[{"embeddable":true,"href":"https:\/\/www.hydraulic-cylinders.net\/tr\/wp-json\/wp\/v2\/comments?post=15975"}],"wp:featuredmedia":[{"embeddable":true,"href":"https:\/\/www.hydraulic-cylinders.net\/tr\/wp-json\/wp\/v2\/media\/14785"}],"wp:attachment":[{"href":"https:\/\/www.hydraulic-cylinders.net\/tr\/wp-json\/wp\/v2\/media?parent=15975"}],"wp:term":[{"taxonomy":"product_brand","embeddable":true,"href":"https:\/\/www.hydraulic-cylinders.net\/tr\/wp-json\/wp\/v2\/product_brand?post=15975"},{"taxonomy":"product_cat","embeddable":true,"href":"https:\/\/www.hydraulic-cylinders.net\/tr\/wp-json\/wp\/v2\/product_cat?post=15975"},{"taxonomy":"product_tag","embeddable":true,"href":"https:\/\/www.hydraulic-cylinders.net\/tr\/wp-json\/wp\/v2\/product_tag?post=15975"}],"curies":[{"name":"wp","href":"https:\/\/api.w.org\/{rel}","templated":true}]}}