{"id":15979,"date":"2025-01-19T15:14:40","date_gmt":"2025-01-19T15:14:40","guid":{"rendered":"https:\/\/www.hydraulic-cylinders.net\/product\/bucket-cylinder-for-sinomach-zg3335lc-9c\/"},"modified":"2025-01-19T15:14:42","modified_gmt":"2025-01-19T15:14:42","slug":"bucket-cylinder-for-sinomach-zg3335lc-9c","status":"publish","type":"product","link":"https:\/\/www.hydraulic-cylinders.net\/tr\/urun\/bucket-cylinder-for-sinomach-zg3335lc-9c\/","title":{"rendered":"Sinomach ZG3335LC-9C i\u00e7in Kova Silindiri"},"content":{"rendered":"<h1>Sinomach ZG3335LC-9C i\u00e7in Kova Silindiri<\/h1>\n<h2>girii\u015f<\/h2>\n<p>Bom silindiri olarak da bilinen kova silindiri, ekskavat\u00f6rler, bekolu y\u00fckleyiciler ve \u00f6n y\u00fckleyiciler gibi a\u011f\u0131r i\u015f makinelerinde kovalar\u0131n hareketini kontrol etmek i\u00e7in kullan\u0131lan \u00f6zel olarak tasarlanm\u0131\u015f bir hidrolik silindirdir. Ana i\u015flevi, kovan\u0131n kald\u0131rma, indirme ve yat\u0131rma i\u015flemlerini ger\u00e7ekle\u015ftirerek \u00e7e\u015fitli malzeme ta\u015f\u0131ma g\u00f6revlerinin daha kolay yap\u0131lmas\u0131n\u0131 sa\u011flamakt\u0131r. Hidrolik sistemde, kova silindiri, hidrolik ya\u011f bas\u0131nc\u0131ndaki de\u011fi\u015fikliklerle kovan\u0131n hassas hareketini kontrol ederek operat\u00f6rlerin a\u011f\u0131r y\u00fckleri verimli bir \u015fekilde ta\u015f\u0131mas\u0131na, karma\u015f\u0131k \u00e7al\u0131\u015fma ortamlar\u0131na ve \u00e7e\u015fitli i\u015f gereksinimlerine uyum sa\u011flamas\u0131na olanak tan\u0131r.<\/p>\n<p><img decoding=\"async\" src=\"https:\/\/www.hydraulic-cylinders.net\/wp-content\/uploads\/2025\/01\/songte-company-2.webp\" alt=\"kova silindiri g\u00f6r\u00fcnt\u00fcs\u00fc\"><\/p>\n<h2>\u00d6zellikler<\/h2>\n<ul>\n<li>Y\u00fcksek mukavemet ve dayan\u0131kl\u0131l\u0131k: Genellikle y\u00fcksek mukavemetli \u00e7elik veya al\u00fcminyumdan \u00fcretilir, y\u00fcksek bas\u0131n\u00e7 ve a\u011f\u0131r y\u00fcklere dayan\u0131kl\u0131d\u0131r, zorlu \u00e7al\u0131\u015fma ortamlar\u0131na uyum sa\u011flar, a\u015f\u0131nma ve korozyon direnci dikkate al\u0131narak tasarlanm\u0131\u015ft\u0131r, hizmet \u00f6mr\u00fcn\u00fc uzat\u0131r.<\/li>\n<li>Verimli hidrolik \u00e7al\u0131\u015fma: P\u00fcr\u00fczs\u00fcz teleskopik hareket elde etmek i\u00e7in hidrolik ya\u011f bas\u0131nc\u0131n\u0131 kullan\u0131r, kontrol komutlar\u0131na h\u0131zl\u0131 bir \u015fekilde yan\u0131t verebilir, g\u00fc\u00e7l\u00fc itme ve \u00e7ekme kuvveti sa\u011flar, a\u011f\u0131r y\u00fckleri ve karma\u015f\u0131k i\u015f g\u00f6revlerini ta\u015f\u0131maya uygundur.<\/li>\n<li>\u00c7e\u015fitli tipler: Farkl\u0131 operasyonel gereksinimleri kar\u015f\u0131lamak i\u00e7in ihtiya\u00e7 halinde tek etkili (sadece tek y\u00f6nde kullan\u0131lan hidrolik) veya \u00e7ift etkili (her iki y\u00f6nde kullan\u0131lan hidrolik) silindirler olarak mevcuttur, baz\u0131 modeller teleskopiktir, bu da d\u0131\u015f boyutlar\u0131 art\u0131rmadan daha fazla uzatmaya izin verir, alan s\u0131n\u0131rl\u0131 uygulamalar i\u00e7in uygundur.<\/li>\n<li>Di\u011fer hidrolik silindirlerle de\u011fi\u015ftirilebilir: \u00dcr\u00fcnlerimiz bu hidrolik silindirlerin yerini m\u00fckemmel \u015fekilde alabilir.<\/li>\n<li>\u00d6zelle\u015ftirilebilir: \u00dcr\u00fcn\u00fc m\u00fc\u015fteri ihtiya\u00e7lar\u0131na g\u00f6re \u00f6zelle\u015ftirebiliriz.<\/li>\n<\/ul>\n<p><img decoding=\"async\" src=\"https:\/\/www.hydraulic-cylinders.net\/wp-content\/uploads\/2025\/01\/songte-cylinder-head-with-all-kinds-excavator-models.webp\" alt=\"kova silindiri g\u00f6r\u00fcnt\u00fcs\u00fc\"><\/p>\n<h2>Uygulamalar<\/h2>\n<p>Kova silindiri, a\u015fa\u011f\u0131dakiler gibi \u00e7e\u015fitli a\u011f\u0131r makine ve ekipmanlarda yayg\u0131n olarak kullan\u0131l\u0131r:<\/p>\n<ul>\n<li>\u0130n\u015faat ekipmanlar\u0131: Ekskavat\u00f6rlerde, toprak veya moloz kazma, y\u00fckleme ve ta\u015f\u0131ma i\u015flerinde kritik \u00f6neme sahiptirler. Beko ekskavat\u00f6rlerde ise kova silindiri hem kazma hem de kald\u0131rma i\u015flemlerinde yard\u0131mc\u0131 olur. <\/li>\n<li>Tar\u0131m makineleri: Toprak, saman ve di\u011fer malzemeleri kep\u00e7elemek, kald\u0131rmak ve ta\u015f\u0131mak i\u00e7in \u00f6n y\u00fckleyicilerde kullan\u0131l\u0131r. <\/li>\n<li>Ekskavat\u00f6rler: Kova silindiri, kovan\u0131n topra\u011fa n\u00fcfuz etmesini sa\u011flayarak kazma eylemini ger\u00e7ekle\u015ftirir. <\/li>\n<li>Y\u00fckleyiciler: \u00d6n y\u00fckleyicilerde, mallar\u0131n etkili bir \u015fekilde kald\u0131r\u0131lmas\u0131na ve bo\u015falt\u0131lmas\u0131na yard\u0131mc\u0131 olurlar.<\/li>\n<\/ul>\n<h2>Tasar\u0131m Hususlar\u0131 ve Se\u00e7im Kriterleri<\/h2>\n<p>Tasar\u0131m a\u00e7\u0131s\u0131ndan bak\u0131ld\u0131\u011f\u0131nda, kova silindirinin kritik fakt\u00f6rleri y\u00fck ta\u015f\u0131ma kapasitesi, s\u0131zd\u0131rmazl\u0131k, dayan\u0131kl\u0131l\u0131k, g\u00fcvenlik ve bak\u0131m kolayl\u0131\u011f\u0131d\u0131r. <\/p>\n<h3>Y\u00fck ta\u015f\u0131ma kapasitesi:<\/h3>\n<p>Silindirin ta\u015f\u0131ma kapasitesi, \u00e7al\u0131\u015f\u0131rken maruz kalaca\u011f\u0131 maksimum y\u00fcke g\u00f6re se\u00e7ilmelidir.<\/p>\n<h3>S\u0131zd\u0131rmazl\u0131k:<\/h3>\n<p>Silindirin s\u0131zd\u0131rmazl\u0131k sistemi, silindire toz, kir ve di\u011fer yabanc\u0131 maddelerin girmesini engellemeli ve s\u0131z\u0131nt\u0131lar\u0131 \u00f6nlemek i\u00e7in g\u00fcvenilir bir s\u0131zd\u0131rmazl\u0131k sa\u011flamal\u0131d\u0131r.<\/p>\n<h3>Dayan\u0131kl\u0131l\u0131k:<\/h3>\n<p>Silindir, a\u015f\u0131nma ve korozyona dayan\u0131kl\u0131 olacak \u015fekilde y\u00fcksek kaliteli malzemelerden yap\u0131lmal\u0131 ve y\u00fczeyi d\u0131\u015f a\u015f\u0131nma ve y\u0131pranmaya dayan\u0131kl\u0131 olacak \u015fekilde i\u015flenmelidir.<\/p>\n<h3>Emniyet:<\/h3>\n<p>Silindir a\u015f\u0131r\u0131 y\u00fcklendi\u011finde ekipmana zarar gelmesini \u00f6nlemek i\u00e7in bas\u0131n\u00e7 tahliye valfleri gibi g\u00fcvenlik \u00f6zellikleriyle tasarlanmal\u0131d\u0131r.<\/p>\n<h3>Bak\u0131m kolayl\u0131\u011f\u0131:<\/h3>\n<p>Silindirin bak\u0131m\u0131 kolay olmal\u0131, contalar\u0131 ve par\u00e7alar\u0131 kolay eri\u015filebilir olmal\u0131 ve kolay tamir edilebilecek \u015fekilde tasarlanmal\u0131d\u0131r.<\/p>\n<p><img decoding=\"async\" src=\"https:\/\/www.hydraulic-cylinders.net\/wp-content\/uploads\/2025\/01\/songte-oil-pipes-and-spare-parts.webp\" alt=\"kova silindiri g\u00f6r\u00fcnt\u00fcs\u00fc\"><\/p>\n<h2>S\u0131zd\u0131rmazl\u0131k ve Ya\u011flama<\/h2>\n<p>Silindir, piston contalar\u0131, piston kolu contalar\u0131 vb. gibi \u00e7e\u015fitli s\u0131zd\u0131rmazl\u0131k bile\u015fenleri kullan\u0131r. Bu contalar, poli\u00fcretan ve nitril kau\u00e7uk gibi a\u015f\u0131nmaya dayan\u0131kl\u0131 malzemelerden yap\u0131lm\u0131\u015ft\u0131r. Silindir g\u00f6vdesi ve di\u015fli ucu y\u00fczeyi, a\u015f\u0131nma direncini art\u0131rmak i\u00e7in hassas bir \u015fekilde i\u015flenmi\u015ftir. Ya\u011flama i\u00e7in d\u00fczenli olarak uygun hidrolik ya\u011f eklemek \u00e7ok \u00f6nemlidir.<\/p>\n<h2>\u00d6nleyici Bak\u0131m ve Muayene<\/h2>\n<p>D\u00fczenli muayene ve \u00f6nleyici bak\u0131m, kova silindirinin kullan\u0131m \u00f6mr\u00fcn\u00fc uzatmaya yard\u0131mc\u0131 olabilir. Yayg\u0131n bak\u0131m g\u00f6revleri \u015funlard\u0131r:<\/p>\n<ul>\n<li>D\u00fczenli kontroller<\/li>\n<li>Periyodik ya\u011flama<\/li>\n<li>Conta ve contalar\u0131n de\u011fi\u015ftirilmesi<\/li>\n<li>Kalibrasyon kontrolleri<\/li>\n<\/ul>\n<p>Kova silindirinin do\u011fru montaj\u0131, ya\u011flanmas\u0131 ve ayarlanmas\u0131, performans\u0131 i\u00e7in \u00e7ok \u00f6nemlidir. Montaj i\u015flemi s\u0131ras\u0131nda silindirin do\u011fru \u015fekilde hizalanmas\u0131 \u00f6nemlidir. Silindiri sabitlemek i\u00e7in uygun montaj braketlerinin kullan\u0131lmas\u0131 \u00f6nerilir. \u00d6nerilen muayene, onar\u0131m ve de\u011fi\u015ftirme prosed\u00fcrleri, kova silindirinin \u00f6mr\u00fcn\u00fc uzatabilir.<\/p>\n<p><img decoding=\"async\" src=\"https:\/\/www.hydraulic-cylinders.net\/wp-content\/uploads\/2025\/01\/songte-chushion-collar.webp\" alt=\"kova silindiri g\u00f6r\u00fcnt\u00fcs\u00fc\"><\/p>\n<h2>G\u00fcvenlik Hususlar\u0131 ve \u00c7evresel Fakt\u00f6rler<\/h2>\n<p>Kova silindirini kullan\u0131rken, kazalar\u0131 \u00f6nlemek i\u00e7in g\u00fcvenlik \u00f6nlemlerine uymak \u00f6nemlidir. Silindirin s\u0131zd\u0131rmazl\u0131k sisteminde meydana gelebilecek herhangi bir hasar, hidrolik ya\u011f s\u0131z\u0131nt\u0131s\u0131na neden olabilir ve bu da \u00e7evre ve insan sa\u011fl\u0131\u011f\u0131na zarar verebilir. <\/p>\n<h2>Ar\u0131za Te\u015fhisi ve Yayg\u0131n Sorunlar<\/h2>\n<p>Kova silindirinde s\u0131k kar\u015f\u0131la\u015f\u0131lan sorunlar aras\u0131nda s\u0131z\u0131nt\u0131lar, rot hasar\u0131 veya b\u00fck\u00fclmesi ve hizalama sorunlar\u0131 yer al\u0131r. Uygun inceleme ve bak\u0131m, bu sorunlar\u0131n tespit edilip \u00e7\u00f6z\u00fclmesine yard\u0131mc\u0131 olabilir. <\/p>\n<h2>\u015eirket Tan\u0131t\u0131m\u0131<\/h2>\n<p>Yurt i\u00e7i ve yurt d\u0131\u015f\u0131 pazarlarda lider bir hidrolik silindir \u00fcreticisi ve toptanc\u0131s\u0131y\u0131z ve hidrolik silindirlerin de\u011fi\u015ftirilmesinde uzmanla\u015f\u0131yoruz. M\u00fckemmel kalite kontrol s\u00fcre\u00e7leri uyguluyor, hassas \u00fcretim at\u00f6lyeleri i\u00e7in end\u00fcstriyel \u00fcretim y\u00f6netimi stratejilerine g\u00fcveniyor ve teknoloji yetenekleri, dijital ileri teknoloji \u00fcretim ekipmanlar\u0131 ve profesyonel test sistemleri kullanarak \u00fcretim platformumuzu s\u00fcrekli geli\u015ftiriyoruz. G\u00fc\u00e7l\u00fc yarat\u0131c\u0131 yeteneklerimiz ve y\u00fcksek verimlilik, y\u00fcksek hassasiyet ve y\u00fcksek kalite ilkeleriyle m\u00fc\u015fterilerimizin \u00e7e\u015fitli ihtiya\u00e7lar\u0131n\u0131 kar\u015f\u0131lamaya \u00e7al\u0131\u015f\u0131yoruz.<\/p>\n<p>M\u00fc\u015fterilerimizin ihtiya\u00e7lar\u0131na g\u00f6re profesyonel, uluslararas\u0131 sertifikasyon, \u00f6zelle\u015ftirilmi\u015f hizmetler, \u00fcretim ekipmanlar\u0131 ve sat\u0131\u015f sonras\u0131 hizmetler sunuyoruz. <\/p>\n<p><img decoding=\"async\" src=\"https:\/\/hzpt.com\/wp-content\/uploads\/2024\/11\/songte-company-1.webp\" alt=\"kova silindiri g\u00f6r\u00fcnt\u00fcs\u00fc\"><\/p>\n<p>Yazar: lyl<\/p>","protected":false},"excerpt":{"rendered":"<p>Bucket Cylinder For Sinomach ZG3335LC-9C Introduction The bucket cylinder, also known as the boom cylinder, is a specially designed hydraulic cylinder primarily used to control the movement of buckets in heavy machinery such as excavators, backhoes, and front-end loaders. Its main function is to enable the bucket to lift, lower, and tilt, making it easier [&hellip;]<\/p>","protected":false},"featured_media":14778,"comment_status":"open","ping_status":"closed","template":"","meta":{"_et_pb_use_builder":"","_et_pb_old_content":"","_et_gb_content_width":""},"product_brand":[],"product_cat":[1494],"product_tag":[1495,1496],"class_list":{"0":"post-15979","1":"product","2":"type-product","3":"status-publish","4":"has-post-thumbnail","6":"product_cat-bucket-cylinders","7":"product_tag-bucket-cylinders","8":"product_tag-hydraulic-cylinders","10":"first","11":"instock","12":"shipping-taxable","13":"product-type-simple"},"amp_enabled":true,"_links":{"self":[{"href":"https:\/\/www.hydraulic-cylinders.net\/tr\/wp-json\/wp\/v2\/product\/15979","targetHints":{"allow":["GET"]}}],"collection":[{"href":"https:\/\/www.hydraulic-cylinders.net\/tr\/wp-json\/wp\/v2\/product"}],"about":[{"href":"https:\/\/www.hydraulic-cylinders.net\/tr\/wp-json\/wp\/v2\/types\/product"}],"replies":[{"embeddable":true,"href":"https:\/\/www.hydraulic-cylinders.net\/tr\/wp-json\/wp\/v2\/comments?post=15979"}],"wp:featuredmedia":[{"embeddable":true,"href":"https:\/\/www.hydraulic-cylinders.net\/tr\/wp-json\/wp\/v2\/media\/14778"}],"wp:attachment":[{"href":"https:\/\/www.hydraulic-cylinders.net\/tr\/wp-json\/wp\/v2\/media?parent=15979"}],"wp:term":[{"taxonomy":"product_brand","embeddable":true,"href":"https:\/\/www.hydraulic-cylinders.net\/tr\/wp-json\/wp\/v2\/product_brand?post=15979"},{"taxonomy":"product_cat","embeddable":true,"href":"https:\/\/www.hydraulic-cylinders.net\/tr\/wp-json\/wp\/v2\/product_cat?post=15979"},{"taxonomy":"product_tag","embeddable":true,"href":"https:\/\/www.hydraulic-cylinders.net\/tr\/wp-json\/wp\/v2\/product_tag?post=15979"}],"curies":[{"name":"wp","href":"https:\/\/api.w.org\/{rel}","templated":true}]}}