{"id":15984,"date":"2025-01-19T15:15:04","date_gmt":"2025-01-19T15:15:04","guid":{"rendered":"https:\/\/www.hydraulic-cylinders.net\/product\/bucket-cylinder-for-hengte-ht85-8\/"},"modified":"2025-01-19T15:15:06","modified_gmt":"2025-01-19T15:15:06","slug":"bucket-cylinder-for-hengte-ht85-8","status":"publish","type":"product","link":"https:\/\/www.hydraulic-cylinders.net\/tr\/urun\/bucket-cylinder-for-hengte-ht85-8\/","title":{"rendered":"Hengte HT85-8 \u0130\u00e7in Kova Silindiri"},"content":{"rendered":"<h1>Hengte HT85-8 \u0130\u00e7in Kova Silindiri<\/h1>\n<h2>girii\u015f<\/h2>\n<p>Kep\u00e7e silindiri, ekskavat\u00f6rler, kaz\u0131c\u0131 y\u00fckleyiciler ve \u00f6n y\u00fckleyiciler gibi a\u011f\u0131r makinelerde kep\u00e7elerin hareketini kontrol etmek i\u00e7in kullan\u0131lan \u00f6zel olarak tasarlanm\u0131\u015f bir hidrolik silindirdir. Ana i\u015flevi, kep\u00e7eyi kald\u0131rmak, indirmek ve e\u011fmektir; bu da \u00e7e\u015fitli malzeme ta\u015f\u0131ma g\u00f6revlerinin daha kolay yap\u0131lmas\u0131n\u0131 sa\u011flar. Hidrolik sistemde, kep\u00e7e silindiri hidrolik ya\u011f bas\u0131nc\u0131ndaki de\u011fi\u015fiklikler yoluyla kep\u00e7enin hareketinin hassas kontrol\u00fcn\u00fc sa\u011flar; bu da operat\u00f6rlerin a\u011f\u0131r y\u00fckleri verimli bir \u015fekilde ta\u015f\u0131mas\u0131na ve karma\u015f\u0131k \u00e7al\u0131\u015fma ortamlar\u0131na ve \u00e7e\u015fitli operasyonel ihtiya\u00e7lara uyum sa\u011flamas\u0131na olanak tan\u0131r.<\/p>\n<p><img decoding=\"async\" src=\"https:\/\/www.hydraulic-cylinders.net\/wp-content\/uploads\/2025\/01\/songte-company-2.webp\" alt=\"Hengte HT85-8 \u0130\u00e7in Kova Silindiri\" \/><\/p>\n<h2>\u00d6zellikler<\/h2>\n<ul>\n<li>Y\u00fcksek mukavemet ve dayan\u0131kl\u0131l\u0131k: Genellikle y\u00fcksek mukavemetli \u00e7elik veya al\u00fcminyumdan \u00fcretilir, y\u00fcksek bas\u0131nca ve a\u011f\u0131r y\u00fcklere dayanabilir ve kullan\u0131m \u00f6mr\u00fcn\u00fc uzatmak i\u00e7in a\u015f\u0131nma ve korozyon direnci g\u00f6z \u00f6n\u00fcnde bulundurularak tasarlanm\u0131\u015ft\u0131r.<\/li>\n<li>Verimli hidrolik \u00e7al\u0131\u015fma: Hidrolik ya\u011f bas\u0131nc\u0131 kullan\u0131larak d\u00fczg\u00fcn uzatma ve geri \u00e7ekme hareketi, kontrol komutlar\u0131na h\u0131zl\u0131 yan\u0131t, a\u011f\u0131r y\u00fcklerin ve karma\u015f\u0131k i\u015f g\u00f6revlerinin \u00fcstesinden gelmek i\u00e7in uygun g\u00fc\u00e7l\u00fc itme ve \u00e7ekme kuvvetleri sa\u011flar.<\/li>\n<li>\u00c7e\u015fitli tipler: Farkl\u0131 \u00e7al\u0131\u015fma ihtiya\u00e7lar\u0131n\u0131 kar\u015f\u0131lamak i\u00e7in tek etkili (hidrolik sistem yaln\u0131zca tek y\u00f6nde kullan\u0131l\u0131r) veya \u00e7ift etkili (hidrolik sistem her iki y\u00f6nde de kullan\u0131l\u0131r) silindirler aras\u0131ndan se\u00e7im yapabilirsiniz; baz\u0131 modeller teleskopiktir, bu da d\u0131\u015f boyutlar\u0131 art\u0131rmadan daha fazla uzatmaya olanak tan\u0131r ve s\u0131n\u0131rl\u0131 alan gerektiren uygulamalar i\u00e7in uygundur.<\/li>\n<li>Kolayca de\u011fi\u015ftirilebilir: \u00dcr\u00fcn\u00fcm\u00fcz bu hidrolik silindirlerle m\u00fckemmel bir \u015fekilde de\u011fi\u015ftirilebilir.<\/li>\n<\/ul>\n<p><img decoding=\"async\" src=\"https:\/\/www.hydraulic-cylinders.net\/wp-content\/uploads\/2025\/01\/songte-cylinder-head-with-all-kinds-excavator-models.webp\" alt=\"Hengte HT85-8 \u0130\u00e7in Kova Silindiri\" \/><\/p>\n<h2>Uygulamalar<\/h2>\n<p>Kova silindiri, a\u015fa\u011f\u0131dakiler de dahil olmak \u00fczere \u00e7e\u015fitli end\u00fcstrilerde ve uygulamalarda yayg\u0131n olarak kullan\u0131lmaktad\u0131r:<\/p>\n<ul>\n<li>\u0130n\u015faat ekipmanlar\u0131: Ekskavat\u00f6rlerde, toprak veya molozun kaz\u0131lmas\u0131, y\u00fcklenmesi ve ta\u015f\u0131nmas\u0131 i\u00e7in kritik \u00f6neme sahiptirler. Kaz\u0131c\u0131 y\u00fckleyicilerde ise kep\u00e7e silindiri hem kazmaya hem de kald\u0131rmaya yard\u0131mc\u0131 olur. <\/li>\n<li>Tar\u0131m makineleri: Toprak, saman ve di\u011fer malzemeleri kep\u00e7elemek, kald\u0131rmak ve ta\u015f\u0131mak i\u00e7in \u00f6n y\u00fckleyicilerde kullan\u0131l\u0131r. <\/li>\n<li>Ekskavat\u00f6rler: Kova silindiri, kovan\u0131n topra\u011fa n\u00fcfuz etmesini sa\u011flayarak kazma i\u015flemini ger\u00e7ekle\u015ftirir. <\/li>\n<li>\u00d6n y\u00fckleyiciler: \u00d6n y\u00fckleyicilerde, mallar\u0131n etkili bir \u015fekilde kald\u0131r\u0131lmas\u0131na ve bo\u015falt\u0131lmas\u0131na yard\u0131mc\u0131 olurlar.<\/li>\n<\/ul>\n<h2>Tasar\u0131m Hususlar\u0131 ve Se\u00e7im Kriterleri<\/h2>\n<p>Kova silindiri se\u00e7erken, dikkate al\u0131nmas\u0131 gereken birka\u00e7 \u00f6nemli fakt\u00f6r vard\u0131r:<\/p>\n<ul>\n<li>Ta\u015f\u0131ma kapasitesi: Silindir, \u00e7al\u0131\u015fma s\u0131ras\u0131nda kar\u015f\u0131la\u015faca\u011f\u0131 maksimum y\u00fck\u00fc ta\u015f\u0131yabilecek kapasitede olmal\u0131d\u0131r.<\/li>\n<li>S\u0131zd\u0131rmazl\u0131k: Poli\u00fcretan ve nitril kau\u00e7uk gibi a\u015f\u0131nmaya dayan\u0131kl\u0131 malzemelerden yap\u0131lm\u0131\u015f piston contalar\u0131 ve mil contalar\u0131 gibi uygun contalar\u0131 se\u00e7in.<\/li>\n<li>Dayan\u0131kl\u0131l\u0131k: Silindirin kullan\u0131m \u00f6mr\u00fcn\u00fc uzatmak i\u00e7in a\u015f\u0131nma ve korozyon direnci g\u00f6z \u00f6n\u00fcnde bulundurularak tasarlanmas\u0131 gerekir.<\/li>\n<li>G\u00fcvenlik: Silindir, g\u00fcvenlik standartlar\u0131na ve y\u00f6netmeliklerine uygun olarak tasarlanmal\u0131 ve \u00fcretilmelidir.<\/li>\n<li>Bak\u0131m Kolayl\u0131\u011f\u0131: Silindirin bak\u0131m\u0131 ve onar\u0131m\u0131 kolay olmal\u0131, par\u00e7alar\u0131 kolayca de\u011fi\u015ftirilebilir olmal\u0131d\u0131r.<\/li>\n<\/ul>\n<p><img decoding=\"async\" src=\"https:\/\/www.hydraulic-cylinders.net\/wp-content\/uploads\/2025\/01\/songte-oil-pipes-and-spare-parts.webp\" alt=\"Hengte HT85-8 \u0130\u00e7in Kova Silindiri\" \/><\/p>\n<h2>S\u0131zd\u0131rmazl\u0131k ve Ya\u011flama<\/h2>\n<p>Silindirin b\u00fct\u00fcnl\u00fc\u011f\u00fcn\u00fc korumas\u0131 ve do\u011fru \u015fekilde \u00e7al\u0131\u015fmas\u0131 i\u00e7in piston contalar\u0131 ve mil contalar\u0131 gibi \u00e7e\u015fitli s\u0131zd\u0131rmazl\u0131k bile\u015fenleri kullan\u0131l\u0131r. Sorunsuz \u00e7al\u0131\u015fma i\u00e7in silindirin d\u00fczenli olarak uygun miktarda hidrolik ya\u011f ile ya\u011flanmas\u0131 gerekir.<\/p>\n<h2>Bak\u0131m ve Onar\u0131m<\/h2>\n<p>D\u00fczenli bak\u0131m i\u015flemleri aras\u0131nda kontrol, ya\u011flama, conta de\u011fi\u015fimi ve kalibrasyon kontrolleri yer al\u0131r. Silindirin optimum performans\u0131 i\u00e7in do\u011fru montaj, ya\u011flama ve ayarlama \u015fartt\u0131r. Silindiri sa\u011flam bir \u015fekilde yerine sabitlemek i\u00e7in uygun montaj braketlerinin kullan\u0131lmas\u0131 tavsiye edilir. Silindirin \u00f6mr\u00fcn\u00fc uzatmak i\u00e7in par\u00e7a de\u011fi\u015fimi ve yeniden yap\u0131land\u0131rma hizmetleri de dahil olmak \u00fczere \u00f6nerilen inceleme, onar\u0131m ve de\u011fi\u015ftirme prosed\u00fcrleri sunuyoruz.<\/p>\n<p><img decoding=\"async\" src=\"https:\/\/www.hydraulic-cylinders.net\/wp-content\/uploads\/2025\/01\/songte-chushion-collar.webp\" alt=\"Hengte HT85-8 \u0130\u00e7in Kova Silindiri\" \/><\/p>\n<h2>G\u00fcvenlik Hususlar\u0131 ve \u00c7evresel Fakt\u00f6rler<\/h2>\n<p>Kova silindiri kullan\u0131rken, yaralanma veya hasar\u0131 \u00f6nlemek i\u00e7in g\u00fcvenlik \u00f6nlemleri al\u0131nmal\u0131d\u0131r. Silindiri, kullan\u0131m amac\u0131n\u0131n d\u0131\u015f\u0131nda veya nominal kapasitesinin \u00f6tesinde kullanmaktan ka\u00e7\u0131n\u0131n. Hava ve s\u0131cakl\u0131k gibi \u00e7evresel fakt\u00f6rler de silindir performans\u0131n\u0131 etkileyebilir ve \u00e7al\u0131\u015fma s\u0131ras\u0131nda dikkate al\u0131nmal\u0131d\u0131r.<\/p>\n<h2>Sorun Giderme ve Yayg\u0131n Sorunlar<\/h2>\n<p>Koval\u0131 su silindirlerinde s\u0131k kar\u015f\u0131la\u015f\u0131lan sorunlar aras\u0131nda s\u0131z\u0131nt\u0131, d\u00fc\u015f\u00fck performans ve yetersiz tepki yer al\u0131r. Okuyucular\u0131n sorunlar\u0131 etkili bir \u015fekilde te\u015fhis etmelerine ve gidermelerine yard\u0131mc\u0131 olacak sorun giderme ipu\u00e7lar\u0131 ve \u00e7\u00f6z\u00fcmlerinin yan\u0131 s\u0131ra potansiyel sorunlar\u0131 en aza indirmek i\u00e7in \u00f6nleyici tedbirler de mevcuttur.<\/p>\n<p><img decoding=\"async\" src=\"https:\/\/www.hydraulic-cylinders.net\/wp-content\/uploads\/2025\/01\/songte-bushings-with-all-kinds-of-excavator-models.webp\" alt=\"Hengte HT85-8 \u0130\u00e7in Kova Silindiri\" \/><\/p>\n<h2>\u015eirketimiz Hakk\u0131nda<\/h2>\n<p>Biz, geni\u015f \u00fcr\u00fcn yelpazesiyle yedek hidrolik silindirler \u00fcreten ve hem yurt i\u00e7i hem de uluslararas\u0131 pazarlarda \u00f6nde gelen hidrolik silindir \u00fcreticilerinden ve toptanc\u0131lar\u0131ndan biri olan bir firmay\u0131z. M\u00fckemmel kalite ilkesini benimseyerek, ince i\u015f\u00e7ilik gerektiren \u00fcretim at\u00f6lyelerinde end\u00fcstriyel \u00fcretim y\u00f6netim stratejilerine g\u00fcveniyoruz ve teknik yetenekler, dijital y\u00fcksek teknoloji \u00fcretim ekipmanlar\u0131 ve profesyonel test sistemleri kullanarak at\u00f6lyenin \u00fcretim platformunu s\u00fcrekli olarak geli\u015ftiriyoruz. G\u00fc\u00e7l\u00fc yarat\u0131c\u0131l\u0131\u011f\u0131m\u0131zla, m\u00fc\u015fterilerimizin \u00e7e\u015fitli ihtiya\u00e7lar\u0131n\u0131 kar\u015f\u0131lamak i\u00e7in verimli, hassas ve y\u00fcksek kaliteli \u00fcr\u00fcnler sunuyoruz.<\/p>\n<p><img decoding=\"async\" src=\"https:\/\/hzpt.com\/wp-content\/uploads\/2024\/11\/songte-company-1.webp\" alt=\"Hengte HT85-8 \u0130\u00e7in Kova Silindiri\" \/><\/p>\n<ul>\n<li>Profesyonellik: Hidrolik silindirler konusunda bilgili uzmanlardan olu\u015fan bir ekibimiz var. <\/li>\n<li>Uluslararas\u0131 sertifikasyon: \u00dcr\u00fcnlerimiz ISO 9001 ve CE sertifikalar\u0131n\u0131 alm\u0131\u015ft\u0131r. <\/li>\n<li>Ki\u015fiselle\u015ftirme hizmeti: M\u00fc\u015fterilerimizin \u00f6zel ihtiya\u00e7lar\u0131n\u0131 kar\u015f\u0131lamak i\u00e7in ki\u015fiselle\u015ftirilmi\u015f hizmetler sunuyoruz. <\/li>\n<li>\u00dcretim ekipmanlar\u0131: Y\u00fcksek kaliteli hidrolik silindirler \u00fcretmek i\u00e7in geli\u015fmi\u015f ekipman ve teknoloji kullan\u0131yoruz. <\/li>\n<li>Sat\u0131\u015f sonras\u0131 hizmet: M\u00fc\u015fteri memnuniyetini sa\u011flamak i\u00e7in m\u00fckemmel sat\u0131\u015f sonras\u0131 hizmet sunuyoruz.<\/li>\n<\/ul>\n<p>Yazar: lyl<\/p>","protected":false},"excerpt":{"rendered":"<p>Bucket Cylinder For Hengte HT85-8 Introduction A bucket cylinder is a specially designed hydraulic cylinder used to control the movement of buckets in heavy machinery such as excavators, backhoe loaders, and front-end loaders. Its main function is to lift, lower, and tilt the bucket, making it easier to handle various material handling tasks. In the [&hellip;]<\/p>","protected":false},"featured_media":14765,"comment_status":"open","ping_status":"closed","template":"","meta":{"_et_pb_use_builder":"","_et_pb_old_content":"","_et_gb_content_width":""},"product_brand":[],"product_cat":[1494],"product_tag":[1495,1496],"class_list":{"0":"post-15984","1":"product","2":"type-product","3":"status-publish","4":"has-post-thumbnail","6":"product_cat-bucket-cylinders","7":"product_tag-bucket-cylinders","8":"product_tag-hydraulic-cylinders","10":"first","11":"instock","12":"shipping-taxable","13":"product-type-simple"},"amp_enabled":true,"_links":{"self":[{"href":"https:\/\/www.hydraulic-cylinders.net\/tr\/wp-json\/wp\/v2\/product\/15984","targetHints":{"allow":["GET"]}}],"collection":[{"href":"https:\/\/www.hydraulic-cylinders.net\/tr\/wp-json\/wp\/v2\/product"}],"about":[{"href":"https:\/\/www.hydraulic-cylinders.net\/tr\/wp-json\/wp\/v2\/types\/product"}],"replies":[{"embeddable":true,"href":"https:\/\/www.hydraulic-cylinders.net\/tr\/wp-json\/wp\/v2\/comments?post=15984"}],"wp:featuredmedia":[{"embeddable":true,"href":"https:\/\/www.hydraulic-cylinders.net\/tr\/wp-json\/wp\/v2\/media\/14765"}],"wp:attachment":[{"href":"https:\/\/www.hydraulic-cylinders.net\/tr\/wp-json\/wp\/v2\/media?parent=15984"}],"wp:term":[{"taxonomy":"product_brand","embeddable":true,"href":"https:\/\/www.hydraulic-cylinders.net\/tr\/wp-json\/wp\/v2\/product_brand?post=15984"},{"taxonomy":"product_cat","embeddable":true,"href":"https:\/\/www.hydraulic-cylinders.net\/tr\/wp-json\/wp\/v2\/product_cat?post=15984"},{"taxonomy":"product_tag","embeddable":true,"href":"https:\/\/www.hydraulic-cylinders.net\/tr\/wp-json\/wp\/v2\/product_tag?post=15984"}],"curies":[{"name":"wp","href":"https:\/\/api.w.org\/{rel}","templated":true}]}}