{"id":15995,"date":"2025-01-19T15:16:04","date_gmt":"2025-01-19T15:16:04","guid":{"rendered":"https:\/\/www.hydraulic-cylinders.net\/product\/bucket-cylinder-for-yigong-cy8150\/"},"modified":"2025-01-19T15:16:06","modified_gmt":"2025-01-19T15:16:06","slug":"bucket-cylinder-for-yigong-cy8150","status":"publish","type":"product","link":"https:\/\/www.hydraulic-cylinders.net\/tr\/urun\/bucket-cylinder-for-yigong-cy8150\/","title":{"rendered":"Yigong CY8150 i\u00e7in Kova Silindiri"},"content":{"rendered":"<h1>Yigong CY8150 i\u00e7in Kova Silindiri<\/h1>\n<h2>girii\u015f<\/h2>\n<p>Kep\u00e7e silindiri, ekskavat\u00f6rler, kaz\u0131c\u0131 y\u00fckleyiciler ve \u00f6n y\u00fckleyiciler gibi a\u011f\u0131r makinelerde kep\u00e7elerin hareketini kontrol etmek i\u00e7in \u00f6zel olarak tasarlanm\u0131\u015f bir hidrolik silindirdir. Ana i\u015flevi, kep\u00e7enin kald\u0131r\u0131lmas\u0131n\u0131, indirilmesini ve e\u011filmesini sa\u011flayarak \u00e7e\u015fitli malzeme ta\u015f\u0131ma g\u00f6revlerini kolayla\u015ft\u0131rmakt\u0131r. Hidrolik sistemde, kep\u00e7e silindiri hidrolik ya\u011f bas\u0131nc\u0131ndaki de\u011fi\u015fiklikler yoluyla kep\u00e7enin hassas kontrol\u00fcn\u00fc sa\u011flar; bu da operat\u00f6rlerin a\u011f\u0131r y\u00fckleri verimli bir \u015fekilde ta\u015f\u0131mas\u0131na ve karma\u015f\u0131k \u00e7al\u0131\u015fma ortamlar\u0131na ve \u00e7e\u015fitli i\u015f gereksinimlerine uyum sa\u011flamas\u0131na olanak tan\u0131r.<\/p>\n<p><img decoding=\"async\" src=\"https:\/\/www.hydraulic-cylinders.net\/wp-content\/uploads\/2025\/01\/songte-company-2.webp\"\/><\/p>\n<h2>\u00d6zellikler<\/h2>\n<ul>\n<li>Y\u00fcksek mukavemet ve dayan\u0131kl\u0131l\u0131k: Genellikle y\u00fcksek mukavemetli \u00e7elik veya al\u00fcminyumdan \u00fcretilir, y\u00fcksek bas\u0131nca ve a\u011f\u0131r y\u00fcklere dayanabilir, zorlu \u00e7al\u0131\u015fma ortamlar\u0131na uyum sa\u011flar, a\u015f\u0131nma ve korozyon direnci g\u00f6z \u00f6n\u00fcnde bulundurularak tasarlanm\u0131\u015ft\u0131r, b\u00f6ylece kullan\u0131m \u00f6mr\u00fc uzar.<\/li>\n<li>Verimli hidrolik \u00e7al\u0131\u015fma: Hidrolik ya\u011f bas\u0131nc\u0131ndan yararlan\u0131larak d\u00fczg\u00fcn uzatma ve daralma hareketleri sa\u011flan\u0131r, kontrol komutlar\u0131na h\u0131zl\u0131 yan\u0131t verebilir, g\u00fc\u00e7l\u00fc itme ve \u00e7ekme kuvvetleri sunarak a\u011f\u0131r y\u00fcklerin ve karma\u015f\u0131k i\u015flerin \u00fcstesinden gelmeye uygundur.<\/li>\n<li>\u0130\u015fletme ihtiya\u00e7lar\u0131na g\u00f6re tek etkili (hidrolik sadece tek y\u00f6nde kullan\u0131l\u0131r) veya \u00e7ift etkili (hidrolik her iki y\u00f6nde kullan\u0131l\u0131r) silindirler se\u00e7ilebilir. Baz\u0131 modeller teleskopiktir ve d\u0131\u015f boyutlar\u0131 art\u0131rmadan daha fazla uzatmaya olanak tan\u0131r, bu da s\u0131n\u0131rl\u0131 alana sahip uygulamalar i\u00e7in uygundur.<\/li>\n<li>\u00dcretimi kolay: \u015eirketimiz bu \u00fcr\u00fcn\u00fc kusursuz bir \u015fekilde \u00fcretebilir ve bu hidrolik silindirlerin yerini alabilir.<\/li>\n<\/ul>\n<p><img decoding=\"async\" src=\"https:\/\/www.hydraulic-cylinders.net\/wp-content\/uploads\/2025\/01\/songte-cylinder-head-with-all-kinds-excavator-models.webp\"\/><\/p>\n<h2>Uygulamalar<\/h2>\n<p>Kova silindiri, a\u015fa\u011f\u0131dakiler de dahil olmak \u00fczere \u00e7e\u015fitli ekipmanlarda yayg\u0131n olarak kullan\u0131l\u0131r:<\/p>\n<ul>\n<li>\u0130n\u015faat ekipmanlar\u0131: Ekskavat\u00f6rlerde, toprak veya moloz kazma, y\u00fckleme ve ta\u015f\u0131ma i\u015flemlerinde hayati \u00f6neme sahiptirler. Kaz\u0131c\u0131 y\u00fckleyicilerde ise kova silindirleri hem kazma hem de kald\u0131rma i\u015flemlerine yard\u0131mc\u0131 olur. <\/li>\n<li>Tar\u0131m makineleri: Toprak, saman ve di\u011fer malzemeleri kep\u00e7elemek, kald\u0131rmak ve ta\u015f\u0131mak i\u00e7in \u00f6n y\u00fckleyicilerde kullan\u0131l\u0131r. <\/li>\n<li>Kaz\u0131c\u0131lar: Kep\u00e7e silindirleri, kep\u00e7enin topra\u011fa n\u00fcfuz etmesini sa\u011flayarak kazmay\u0131 m\u00fcmk\u00fcn k\u0131lar.<\/li>\n<li>\u00d6n y\u00fckleyiciler: \u00d6n y\u00fckleyicilerde, y\u00fck\u00fcn etkili bir \u015fekilde kald\u0131r\u0131lmas\u0131na ve devrilmesine yard\u0131mc\u0131 olurlar.<\/li>\n<\/ul>\n<p>Bu uygulamalar\u0131n her biri, a\u011f\u0131r y\u00fcklerin verimli ve hassas bir \u015fekilde kontrol edilmesini sa\u011flayan kova silindirlerinin kullan\u0131m\u0131ndan b\u00fcy\u00fck \u00f6l\u00e7\u00fcde fayda sa\u011flayabilir.<\/p>\n<h2>Tasar\u0131m ve Se\u00e7im Kriterleri<\/h2>\n<p>Kova silindirlerinin tasar\u0131m\u0131nda, a\u015fa\u011f\u0131dakiler de dahil olmak \u00fczere \u00e7e\u015fitli fakt\u00f6rler dikkate al\u0131n\u0131r:<\/p>\n<ul>\n<li>Ta\u015f\u0131ma kapasitesi: Silindir, ta\u015f\u0131yaca\u011f\u0131 y\u00fck\u00fcn a\u011f\u0131rl\u0131\u011f\u0131n\u0131 ta\u015f\u0131yabilecek kapasitede olmal\u0131d\u0131r.<\/li>\n<li>S\u0131zd\u0131rmazl\u0131k: Ya\u011f s\u0131z\u0131nt\u0131s\u0131n\u0131 \u00f6nlemek ve silindirin sorunsuz ve verimli \u00e7al\u0131\u015fmas\u0131n\u0131 sa\u011flamak i\u00e7in \u00e7e\u015fitli contalar kullan\u0131l\u0131r.<\/li>\n<li>Dayan\u0131kl\u0131l\u0131k: Silindir, zorlu \u00e7al\u0131\u015fma ko\u015fullar\u0131na dayanabilmeli ve uzun bir kullan\u0131m \u00f6mr\u00fcne sahip olmal\u0131d\u0131r.<\/li>\n<li>G\u00fcvenlik: Silindirin tasar\u0131m\u0131, g\u00fcvenli \u00e7al\u0131\u015fmay\u0131 sa\u011flamal\u0131 ve kaza riskini en aza indirmelidir.<\/li>\n<li>Bak\u0131m: Silindirin tasar\u0131m\u0131, kolay ve h\u0131zl\u0131 bak\u0131m ve onar\u0131ma olanak sa\u011flamal\u0131d\u0131r.<\/li>\n<\/ul>\n<p>Malzeme ve bile\u015fen se\u00e7imi de bu standartlara uygun olmal\u0131 ve optimum performans sa\u011flamak ve kullan\u0131m \u00f6mr\u00fcn\u00fc uzatmak i\u00e7in d\u00fczenli bak\u0131m ve denetim gereklidir.<\/p>\n<p><img decoding=\"async\" src=\"https:\/\/www.hydraulic-cylinders.net\/wp-content\/uploads\/2025\/01\/songte-oil-pipes-and-spare-parts.webp\"\/><\/p>\n<h2>S\u0131zd\u0131rmazl\u0131k ve Ya\u011flama<\/h2>\n<p>Piston contalar\u0131 ve mil contalar\u0131 gibi \u00e7e\u015fitli s\u0131zd\u0131rmazl\u0131k elemanlar\u0131, ya\u011f s\u0131z\u0131nt\u0131s\u0131n\u0131 \u00f6nlemek ve sorunsuz \u00e7al\u0131\u015fmay\u0131 sa\u011flamak i\u00e7in kullan\u0131l\u0131r. Bu contalar, poli\u00fcretan ve nitril kau\u00e7uk gibi a\u015f\u0131nmaya dayan\u0131kl\u0131 malzemelerden \u00fcretilmi\u015ftir. Silindir g\u00f6vdesi ve di\u015fli u\u00e7 y\u00fczeyi, a\u015f\u0131nma direncini art\u0131rmak i\u00e7in ince bir \u015fekilde i\u015flenmi\u015ftir. Ya\u011flama i\u00e7in uygun hidrolik ya\u011f\u0131n d\u00fczenli olarak eklenmesi gereklidir.<\/p>\n<h2>Bak\u0131m ve Onar\u0131m<\/h2>\n<p>Optimum performans sa\u011flamak ve kullan\u0131m \u00f6mr\u00fcn\u00fc uzatmak i\u00e7in d\u00fczenli bak\u0131m ve kontrol gereklidir. Yayg\u0131n bak\u0131m g\u00f6revleri \u015funlard\u0131r:<\/p>\n<ul>\n<li>D\u00fczenli denetim<\/li>\n<li>Uygun ya\u011flama<\/li>\n<li>Conta de\u011fi\u015fimi<\/li>\n<li>Kalibrasyon kontrol\u00fc<\/li>\n<\/ul>\n<p>Silindirin do\u011fru ve g\u00fcvenli bir \u015fekilde \u00e7al\u0131\u015fmas\u0131n\u0131 sa\u011flamak i\u00e7in uygun montaj da \u00f6nemlidir. Montaj s\u0131ras\u0131nda do\u011fru hizalama k\u0131lavuzu sa\u011flanmal\u0131 ve silindiri sabitlemek i\u00e7in uygun montaj braketleri kullan\u0131lmal\u0131d\u0131r. \u00d6nerilen inceleme, onar\u0131m ve de\u011fi\u015ftirme prosed\u00fcrleri sunulmakta olup, kullan\u0131m \u00f6mr\u00fcn\u00fc uzatmak i\u00e7in yeniden yap\u0131land\u0131rma hizmetleri de mevcuttur.<\/p>\n<p><img decoding=\"async\" src=\"https:\/\/www.hydraulic-cylinders.net\/wp-content\/uploads\/2025\/01\/songte-chushion-collar.webp\"\/><\/p>\n<h2>G\u00fcvenlik Hususlar\u0131 ve \u00c7evresel Fakt\u00f6rler<\/h2>\n<p>Kova silindirleri kullan\u0131l\u0131rken, kaza riskini en aza indirmek i\u00e7in g\u00fcvenlik \u00f6nlemleri \u00e7ok \u00f6nemlidir. Do\u011fru kullan\u0131m ve bak\u0131m, \u00e7evresel etkiyi azaltabilir ve verimlili\u011fi art\u0131rabilir.<\/p>\n<h2>Sorun Giderme ve Yayg\u0131n Sorunlar<\/h2>\n<p>Kova silindirlerinin kullan\u0131m\u0131nda ortaya \u00e7\u0131kabilecek yayg\u0131n sorunlar aras\u0131nda ya\u011f s\u0131z\u0131nt\u0131s\u0131, conta ar\u0131zas\u0131 ve d\u00fczg\u00fcn \u00e7al\u0131\u015fmama yer almaktad\u0131r. Sorun giderme ipu\u00e7lar\u0131 ve \u00e7\u00f6z\u00fcmleri bu sorunlar\u0131n te\u015fhis edilmesine ve \u00e7\u00f6z\u00fclmesine yard\u0131mc\u0131 olabilirken, \u00f6nleyici tedbirler sorunlar\u0131n ortaya \u00e7\u0131kma olas\u0131l\u0131\u011f\u0131n\u0131 azaltabilir.<\/p>\n<p><img decoding=\"async\" src=\"https:\/\/www.hydraulic-cylinders.net\/wp-content\/uploads\/2025\/01\/songte-bushings-with-all-kinds-of-excavator-models.webp\"\/><\/p>\n<h2>\u015eirketimiz Hakk\u0131nda<\/h2>\n<p>Firmam\u0131z, geleneksel hidrolik silindirlerin yerine ge\u00e7ebilen hidrolik silindirler \u00fcreten bir firmad\u0131r. Eksiksiz bir \u00fcr\u00fcn yelpazesi sunarak, hem yurt i\u00e7i hem de uluslararas\u0131 pazarlarda \u00f6nde gelen hidrolik silindir \u00fcreticilerinden ve toptanc\u0131lar\u0131ndan biri haline geldik. M\u00fckemmel kalite ilkesini benimseyerek, \u00f6zenle tasarlanm\u0131\u015f at\u00f6lyelerimizde end\u00fcstriyel \u00fcretim y\u00f6netim stratejilerine g\u00fcveniyoruz ve at\u00f6lyenin \u00fcretim platformunu s\u00fcrekli geli\u015ftirerek, \u00fcr\u00fcn kalitesi \u00fcretim hatt\u0131n\u0131 m\u00fckemmelle\u015ftiriyoruz. Bu sayede, m\u00fc\u015fterilerin \u00e7e\u015fitli ihtiya\u00e7lar\u0131n\u0131 kar\u015f\u0131lamak \u00fczere y\u00fcksek verimlilik, y\u00fcksek hassasiyet ve y\u00fcksek kaliteli \u00fcr\u00fcnler \u00fcretme konusunda g\u00fc\u00e7l\u00fc bir yetene\u011fe sahibiz.<\/p>\n<p>Profesyonel, uluslararas\u0131 sertifikal\u0131 ve \u00f6zelle\u015ftirilmi\u015f hizmetler sunuyoruz, geli\u015fmi\u015f \u00fcretim ekipmanlar\u0131 kullan\u0131yoruz ve m\u00fckemmel sat\u0131\u015f sonras\u0131 hizmet sa\u011fl\u0131yoruz. M\u00fc\u015fterilerimize y\u00fcksek kaliteli \u00fcr\u00fcnler ve hizmetler sunmaya kararl\u0131y\u0131z.<\/p>\n<p><img decoding=\"async\" src=\"https:\/\/www.hydraulic-cylinders.net\/wp-content\/uploads\/2025\/01\/songte-company-3.webp\"\/><\/p>\n<p>Yazar: lyl<\/p>","protected":false},"excerpt":{"rendered":"<p>Bucket Cylinder For Yigong CY8150 Introduction The bucket cylinder is a specially designed hydraulic cylinder that is mainly used to control the movement of buckets in heavy machinery, such as excavators, backhoe loaders, and front-end loaders. Its main function is to enable the bucket to lift, lower, and tilt, making it easier to handle various [&hellip;]<\/p>","protected":false},"featured_media":14776,"comment_status":"open","ping_status":"closed","template":"","meta":{"_et_pb_use_builder":"","_et_pb_old_content":"","_et_gb_content_width":""},"product_brand":[],"product_cat":[1494],"product_tag":[1495,1496],"class_list":{"0":"post-15995","1":"product","2":"type-product","3":"status-publish","4":"has-post-thumbnail","6":"product_cat-bucket-cylinders","7":"product_tag-bucket-cylinders","8":"product_tag-hydraulic-cylinders","10":"first","11":"instock","12":"shipping-taxable","13":"product-type-simple"},"amp_enabled":true,"_links":{"self":[{"href":"https:\/\/www.hydraulic-cylinders.net\/tr\/wp-json\/wp\/v2\/product\/15995","targetHints":{"allow":["GET"]}}],"collection":[{"href":"https:\/\/www.hydraulic-cylinders.net\/tr\/wp-json\/wp\/v2\/product"}],"about":[{"href":"https:\/\/www.hydraulic-cylinders.net\/tr\/wp-json\/wp\/v2\/types\/product"}],"replies":[{"embeddable":true,"href":"https:\/\/www.hydraulic-cylinders.net\/tr\/wp-json\/wp\/v2\/comments?post=15995"}],"wp:featuredmedia":[{"embeddable":true,"href":"https:\/\/www.hydraulic-cylinders.net\/tr\/wp-json\/wp\/v2\/media\/14776"}],"wp:attachment":[{"href":"https:\/\/www.hydraulic-cylinders.net\/tr\/wp-json\/wp\/v2\/media?parent=15995"}],"wp:term":[{"taxonomy":"product_brand","embeddable":true,"href":"https:\/\/www.hydraulic-cylinders.net\/tr\/wp-json\/wp\/v2\/product_brand?post=15995"},{"taxonomy":"product_cat","embeddable":true,"href":"https:\/\/www.hydraulic-cylinders.net\/tr\/wp-json\/wp\/v2\/product_cat?post=15995"},{"taxonomy":"product_tag","embeddable":true,"href":"https:\/\/www.hydraulic-cylinders.net\/tr\/wp-json\/wp\/v2\/product_tag?post=15995"}],"curies":[{"name":"wp","href":"https:\/\/api.w.org\/{rel}","templated":true}]}}