{"id":16043,"date":"2025-01-20T08:24:00","date_gmt":"2025-01-20T08:24:00","guid":{"rendered":"https:\/\/www.hydraulic-cylinders.net\/product\/arm-cylinderfor-komatsu-small-excavator-pc28mr\/"},"modified":"2025-01-20T08:24:08","modified_gmt":"2025-01-20T08:24:08","slug":"arm-cylinderfor-komatsu-small-excavator-pc28mr","status":"publish","type":"product","link":"https:\/\/www.hydraulic-cylinders.net\/tr\/urun\/arm-cylinderfor-komatsu-small-excavator-pc28mr\/","title":{"rendered":"Komatsu PC28MR K\u00fc\u00e7\u00fck Ekskavat\u00f6r i\u00e7in Kol Silindiri"},"content":{"rendered":"<p>Komatsu PC28MR K\u00fc\u00e7\u00fck Ekskavat\u00f6r i\u00e7in Kol Silindiri<\/p>\n<p>girii\u015f<br \/>\nKol silindiri, ekskavat\u00f6rler, vin\u00e7ler ve manip\u00fclat\u00f6rler gibi \u00e7e\u015fitli makinelerin kollar\u0131na do\u011frusal hareket ve g\u00fc\u00e7 sa\u011flayan \u00f6zel olarak tasarlanm\u0131\u015f bir hidrolik silindirdir. Kol silindiri, hidrolik sistemde hayati bir rol oynayarak ek aletlerin veya ata\u015fmanlar\u0131n etkili hareketini ve kontrol\u00fcn\u00fc sa\u011flar. Bu silindirler sadece d\u00fczg\u00fcn hareket sa\u011flamakla kalmaz, ayn\u0131 zamanda a\u011f\u0131r y\u00fckleri de ta\u015f\u0131yarak makinelerin \u00e7e\u015fitli \u00e7al\u0131\u015fma ko\u015fullar\u0131nda verimli \u00e7al\u0131\u015fmas\u0131n\u0131 ve g\u00fcvenilirli\u011fini sa\u011flar.<\/p>\n<p><img decoding=\"async\" src=\"https:\/\/www.hydraulic-cylinders.net\/wp-content\/uploads\/2025\/01\/songte-company-2.webp\"><\/p>\n<p>\u00d6zellikler<br \/>\n1. Y\u00fcksek Verimli Aktar\u0131m: Kol silindiri, g\u00fc\u00e7l\u00fc do\u011frusal hareket ve kuvvet sa\u011flayarak manip\u00fclat\u00f6r\u00fcn \u00e7e\u015fitli i\u015flemlerinde y\u00fcksek verimlilik sa\u011flar.<br \/>\n2. Hassas Kontrol: Hidrolik sistem sayesinde, kol silindiri hassas hareket kontrol\u00fc sa\u011flayarak ek aletlerin kullan\u0131m\u0131n\u0131 daha esnek ve do\u011fru hale getirir.<br \/>\n3. Y\u00fcksek Dayan\u0131kl\u0131l\u0131k: Kol silindiri genellikle y\u00fcksek mukavemetli malzemelerden \u00fcretilir ve iyi a\u015f\u0131nma ve korozyon direncine sahiptir, bu da zorlu ortamlarda uzun s\u00fcreli kullan\u0131m i\u00e7in uygundur.<br \/>\n4. \u00c7ok Fonksiyonlu Uyarlanabilirlik: Bu silindirler, farkl\u0131 \u00e7al\u0131\u015fma gereksinimlerine uyum sa\u011flamak i\u00e7in ekskavat\u00f6rler, vin\u00e7ler ve manip\u00fclat\u00f6rler gibi \u00e7e\u015fitli makine t\u00fcrlerinde yayg\u0131n olarak kullan\u0131labilir.<br \/>\n5. Kolay Bak\u0131m: Tasar\u0131m, kolay bak\u0131m ve de\u011fi\u015ftirme imkan\u0131n\u0131 g\u00f6z \u00f6n\u00fcnde bulundurarak d\u00fczenli inceleme ve bak\u0131m\u0131 daha kolay hale getirir ve ekipman ar\u0131za s\u00fcresini azalt\u0131r.<\/p>\n<p><img decoding=\"async\" src=\"https:\/\/www.hydraulic-cylinders.net\/wp-content\/uploads\/2025\/01\/songte-oil-pipes-and-spare-parts.webp\"><\/p>\n<p>Uygulamalar<br \/>\n1. \u0130n\u015faat M\u00fchendisli\u011fi: Kol silindirleri, hafriyat i\u015flerinde, malzeme ta\u015f\u0131mada ve yap\u0131sal kurulumda ekskavat\u00f6r ve vin\u00e7lerdeki kep\u00e7e veya bomun hareketini kontrol etmek i\u00e7in kullan\u0131l\u0131r.<br \/>\n2. \u0130malat Sanayi: Kol silindirleri, otomatik \u00fcretim hatlar\u0131nda, montaj, kaynak ve malzeme ta\u015f\u0131ma i\u015flemlerinde manip\u00fclat\u00f6rlerin hareket ettirilmesi i\u00e7in kullan\u0131l\u0131r ve \u00fcretim verimlili\u011fini ve do\u011frulu\u011funu art\u0131r\u0131r.<br \/>\n3. Tar\u0131m Makineleri: Kol silindirleri, bi\u00e7erd\u00f6ver ve tohum ekme makineleri gibi tar\u0131m makinelerinde, ekim, g\u00fcbreleme ve hasat gibi g\u00f6revleri yerine getirirken, \u00e7al\u0131\u015fma kolunun hareketini kontrol etmek i\u00e7in kullan\u0131l\u0131r.<br \/>\n4. Madencilik: Kol silindirleri, madencilik ekipmanlar\u0131n\u0131n kol hareketini kontrol etmek ve madencilik ekipmanlar\u0131nda cevheri \u00e7\u0131karmak ve ta\u015f\u0131mak i\u00e7in kullan\u0131l\u0131r.<br \/>\n5. Lojistik ve Ta\u015f\u0131mac\u0131l\u0131k: Kol silindirleri, forkliftlerde ve ta\u015f\u0131ma robotlar\u0131nda y\u00fck \u00e7atallar\u0131n\u0131n kald\u0131r\u0131lmas\u0131n\u0131 ve hareketini kontrol etmek, malzemeleri ta\u015f\u0131mak ve istiflemek i\u00e7in kullan\u0131l\u0131r.<\/p>\n<p>Tasar\u0131m Hususlar\u0131 ve Se\u00e7im Kriterleri<br \/>\n1. Ta\u015f\u0131ma Kapasitesi: Kol silindiri, \u00e7al\u0131\u015fma s\u0131ras\u0131nda maksimum y\u00fcke dayanabilmelidir.<br \/>\n2. S\u0131zd\u0131rmazl\u0131k: S\u0131z\u0131nt\u0131y\u0131 \u00f6nlemek ve sistemin verimli \u00e7al\u0131\u015fmas\u0131n\u0131 sa\u011flamak i\u00e7in piston contalar\u0131 ve mil contalar\u0131 gibi \u00e7e\u015fitli s\u0131zd\u0131rmazl\u0131k bile\u015fenleri kullan\u0131l\u0131r.<br \/>\n3. Dayan\u0131kl\u0131l\u0131k: Kol silindiri dayan\u0131kl\u0131 olmal\u0131 ve zorlu ortamlarda uzun s\u00fcreli \u00e7al\u0131\u015fmaya dayanabilmelidir.<br \/>\n4. G\u00fcvenlik: Kol silindiri, \u00e7al\u0131\u015fma s\u0131ras\u0131nda kazalar\u0131 \u00f6nlemek i\u00e7in g\u00fcvenlik g\u00f6z \u00f6n\u00fcnde bulundurularak tasarlanmal\u0131d\u0131r.<br \/>\n5. Bak\u0131m Kolayl\u0131\u011f\u0131: Kol silindirinin bak\u0131m\u0131 ve onar\u0131m\u0131 kolay olmal\u0131, b\u00f6ylece ekipman ar\u0131za s\u00fcresi azalt\u0131lmal\u0131d\u0131r.<\/p>\n<p><img decoding=\"async\" src=\"https:\/\/www.hydraulic-cylinders.net\/wp-content\/uploads\/2025\/01\/songte-cylinder-head-with-all-kinds-excavator-models.webp\"><\/p>\n<p>S\u0131zd\u0131rmazl\u0131k ve Ya\u011flama<br \/>\n1. S\u0131z\u0131nt\u0131y\u0131 \u00f6nlemek ve sistemin verimli \u00e7al\u0131\u015fmas\u0131n\u0131 sa\u011flamak i\u00e7in piston contalar\u0131 ve mil contalar\u0131 gibi \u00e7e\u015fitli s\u0131zd\u0131rmazl\u0131k bile\u015fenleri kullan\u0131l\u0131r.<br \/>\n2. S\u0131zd\u0131rmazl\u0131k bile\u015fenleri, poli\u00fcretan ve nitril kau\u00e7uk gibi a\u015f\u0131nmaya dayan\u0131kl\u0131 malzemelerden \u00fcretilmi\u015ftir.<br \/>\n3. Silindir g\u00f6vdesi ve di\u015fli u\u00e7 y\u00fczeyi, a\u015f\u0131nma direncini art\u0131rmak i\u00e7in hassas bir \u015fekilde i\u015flenmi\u015ftir.<br \/>\n4. D\u00fczenli olarak uygun miktarda hidrolik ya\u011f eklenmesi gereklidir.<\/p>\n<p>Bak\u0131m ve \u00d6nleyici Tedbirler<br \/>\n1. Normal \u00e7al\u0131\u015fmas\u0131n\u0131 sa\u011flamak ve kullan\u0131m \u00f6mr\u00fcn\u00fc uzatmak i\u00e7in kol silindirini d\u00fczenli olarak kontrol edin ve bak\u0131m\u0131n\u0131 yap\u0131n.<br \/>\n2. Sistemin verimli \u00e7al\u0131\u015fmas\u0131n\u0131 sa\u011flamak i\u00e7in piston contalar\u0131 ve mil contalar\u0131 gibi eskiyen s\u0131zd\u0131rmazl\u0131k par\u00e7alar\u0131n\u0131 d\u00fczenli olarak de\u011fi\u015ftirin.<br \/>\n3. Hidrolik ya\u011f\u0131 d\u00fczenli olarak kontrol edin, bak\u0131m\u0131n\u0131 yap\u0131n ve ya\u011f\u0131n bozulmas\u0131n\u0131 ve par\u00e7a ar\u0131zas\u0131n\u0131 \u00f6nlemek i\u00e7in zaman\u0131nda de\u011fi\u015ftirin.<\/p>\n<p>Do\u011fru Kurulum K\u0131lavuzu<br \/>\n1. Kol silindirini takarken hidrolik sistemin temizlendi\u011finden emin olun.<br \/>\n2. Silindiri ilgili standartlara ve teknik \u00f6zelliklere uygun olarak monte edin.<br \/>\n3. Silindirin montaj y\u00fczeyiyle hizaland\u0131\u011f\u0131ndan emin olun.<br \/>\n4. C\u0131vatalar\u0131 belirtilen tork de\u011ferine kadar s\u0131k\u0131n.<br \/>\n5. Sistemde s\u0131z\u0131nt\u0131 olup olmad\u0131\u011f\u0131n\u0131 kontrol edin ve silindirin do\u011fru \u00e7al\u0131\u015ft\u0131\u011f\u0131ndan emin olun.<\/p>\n<p><img decoding=\"async\" src=\"https:\/\/www.hydraulic-cylinders.net\/wp-content\/uploads\/2025\/01\/songte-bushings-with-all-kinds-of-excavator-models.webp\"><\/p>\n<p>G\u00fcvenlik Hususlar\u0131 ve \u00c7evresel Fakt\u00f6rler<br \/>\n1. \u00c7al\u0131\u015fma s\u0131ras\u0131nda kazalar\u0131 \u00f6nlemek i\u00e7in hidrolik sistemin g\u00fcvenli ve g\u00fcvenilir oldu\u011fundan emin olun.<br \/>\n2. \u00c7evre kirlili\u011fini \u00f6nlemek i\u00e7in at\u0131k hidrolik ya\u011f\u0131n ve a\u015f\u0131nm\u0131\u015f silindirlerin uygun \u015fekilde bertaraf edilmesi.<\/p>\n<p>Sorun Giderme ve Yayg\u0131n Sorunlar<br \/>\n1. S\u0131k kar\u015f\u0131la\u015f\u0131lan sorunlar aras\u0131nda s\u0131z\u0131nt\u0131, yetersiz bas\u0131n\u00e7 ve yava\u015f \u00e7al\u0131\u015fma yer almaktad\u0131r.<br \/>\n2. Olas\u0131 \u00e7\u00f6z\u00fcmler aras\u0131nda a\u015f\u0131nm\u0131\u015f contalar\u0131n de\u011fi\u015ftirilmesi, ya\u011f seviyesinin kontrol edilmesi ve sistemin d\u00fczg\u00fcn bir \u015fekilde bak\u0131m\u0131n\u0131n yap\u0131lmas\u0131 yer almaktad\u0131r.<\/p>\n<p><img decoding=\"async\" src=\"https:\/\/www.hydraulic-cylinders.net\/wp-content\/uploads\/2025\/01\/songte-chushion-collar.webp\"><\/p>\n<p>\u00c7\u00f6z\u00fcm<br \/>\nProfesyonel bir hidrolik silindir yedek par\u00e7a \u00fcreticisiyiz ve geni\u015f bir \u00fcr\u00fcn yelpazesi sunarak hem yurt i\u00e7i hem de uluslararas\u0131 pazarlarda \u00f6nde gelen hidrolik silindir \u00fcreticilerinden ve toptanc\u0131lar\u0131ndan biri haline geldik. Her zaman m\u00fckemmel kalite ilkesine ba\u011fl\u0131 kalarak, hassas \u00fcretim at\u00f6lyelerinin end\u00fcstriyel \u00fcretim y\u00f6netim stratejisine dayanarak teknolojimizi ve \u00fcretim verimlili\u011fimizi s\u00fcrekli olarak geli\u015ftiriyoruz. Y\u00fcksek teknoloji \u00fcr\u00fcn\u00fc dijital \u00fcretim ekipmanlar\u0131 ve profesyonel test sistemleri kullanarak \u00fcretim platformumuzu s\u00fcrekli olarak optimize ediyor, \u00fcr\u00fcn kalite kontrol s\u00fcrecimizi iyile\u015ftiriyor ve g\u00fc\u00e7l\u00fc inovasyon yeteneklerine sahibiz. Amac\u0131m\u0131z, verimlilik, do\u011fruluk ve y\u00fcksek kalite ilkeleriyle m\u00fc\u015fterilerin \u00e7e\u015fitli ihtiya\u00e7lar\u0131n\u0131 kar\u015f\u0131lamakt\u0131r.<\/p>\n<p>Uluslararas\u0131 sertifikal\u0131 profesyonel bir \u015firket olarak, m\u00fc\u015fteri memnuniyetini sa\u011flamak i\u00e7in \u00f6zelle\u015ftirilmi\u015f hizmetler, geli\u015fmi\u015f \u00fcretim ekipmanlar\u0131 ve m\u00fckemmel sat\u0131\u015f sonras\u0131 hizmet sunuyoruz.<\/p>\n<p>Yazar: lyl<\/p>","protected":false},"excerpt":{"rendered":"<p>Arm Cylinder for Komatsu Small Excavator PC28MR Introduction Arm cylinder is a specially designed hydraulic cylinder that provides linear motion and power to the arms of various machines, such as excavators, cranes, and manipulators. The arm cylinder plays a crucial role in the hydraulic system, enabling the effective movement and control of additional tools or [&hellip;]<\/p>","protected":false},"featured_media":14786,"comment_status":"open","ping_status":"closed","template":"","meta":{"_et_pb_use_builder":"","_et_pb_old_content":"","_et_gb_content_width":""},"product_brand":[],"product_cat":[1497],"product_tag":[1498,1496],"class_list":{"0":"post-16043","1":"product","2":"type-product","3":"status-publish","4":"has-post-thumbnail","6":"product_cat-arm-cylinders","7":"product_tag-arm-cylinders","8":"product_tag-hydraulic-cylinders","10":"first","11":"instock","12":"shipping-taxable","13":"product-type-simple"},"amp_enabled":true,"_links":{"self":[{"href":"https:\/\/www.hydraulic-cylinders.net\/tr\/wp-json\/wp\/v2\/product\/16043","targetHints":{"allow":["GET"]}}],"collection":[{"href":"https:\/\/www.hydraulic-cylinders.net\/tr\/wp-json\/wp\/v2\/product"}],"about":[{"href":"https:\/\/www.hydraulic-cylinders.net\/tr\/wp-json\/wp\/v2\/types\/product"}],"replies":[{"embeddable":true,"href":"https:\/\/www.hydraulic-cylinders.net\/tr\/wp-json\/wp\/v2\/comments?post=16043"}],"wp:featuredmedia":[{"embeddable":true,"href":"https:\/\/www.hydraulic-cylinders.net\/tr\/wp-json\/wp\/v2\/media\/14786"}],"wp:attachment":[{"href":"https:\/\/www.hydraulic-cylinders.net\/tr\/wp-json\/wp\/v2\/media?parent=16043"}],"wp:term":[{"taxonomy":"product_brand","embeddable":true,"href":"https:\/\/www.hydraulic-cylinders.net\/tr\/wp-json\/wp\/v2\/product_brand?post=16043"},{"taxonomy":"product_cat","embeddable":true,"href":"https:\/\/www.hydraulic-cylinders.net\/tr\/wp-json\/wp\/v2\/product_cat?post=16043"},{"taxonomy":"product_tag","embeddable":true,"href":"https:\/\/www.hydraulic-cylinders.net\/tr\/wp-json\/wp\/v2\/product_tag?post=16043"}],"curies":[{"name":"wp","href":"https:\/\/api.w.org\/{rel}","templated":true}]}}