{"id":16045,"date":"2025-01-20T08:24:15","date_gmt":"2025-01-20T08:24:15","guid":{"rendered":"https:\/\/www.hydraulic-cylinders.net\/product\/arm-cylinderfor-komatsu-small-excavator-pc156-7\/"},"modified":"2025-01-20T08:24:17","modified_gmt":"2025-01-20T08:24:17","slug":"arm-cylinderfor-komatsu-small-excavator-pc156-7","status":"publish","type":"product","link":"https:\/\/www.hydraulic-cylinders.net\/tr\/urun\/arm-cylinderfor-komatsu-small-excavator-pc156-7\/","title":{"rendered":"Komatsu PC156-7 K\u00fc\u00e7\u00fck Ekskavat\u00f6r i\u00e7in Kol Silindiri"},"content":{"rendered":"<h2>Komatsu PC156-7 K\u00fc\u00e7\u00fck Ekskavat\u00f6r i\u00e7in Kol Silindiri <\/h2>\n<h3>girii\u015f<\/h3>\n<p>Kol silindiri, ekskavat\u00f6rler, vin\u00e7ler ve mekanik kollar gibi \u00e7e\u015fitli makinelerin kollar\u0131na do\u011frusal hareket ve g\u00fc\u00e7 sa\u011flamak \u00fczere tasarlanm\u0131\u015f \u00f6zel bir hidrolik silindirdir. Kol silindiri, hidrolik sistemde hayati bir rol oynayarak ek aletlerin veya ata\u015fmanlar\u0131n hareketlerini ve kontrollerini m\u00fcmk\u00fcn k\u0131lar. Bu silindirler sadece d\u00fczg\u00fcn hareket sa\u011flamakla kalmaz, ayn\u0131 zamanda a\u011f\u0131r y\u00fckleri de ta\u015f\u0131yarak \u00e7e\u015fitli \u00e7al\u0131\u015fma ko\u015fullar\u0131nda makinelerin verimli \u00e7al\u0131\u015fmas\u0131n\u0131 ve g\u00fcvenilirli\u011fini sa\u011flar.<\/p>\n<p><img decoding=\"async\" src=\"https:\/\/www.hydraulic-cylinders.net\/wp-content\/uploads\/2025\/01\/songte-company-2.webp\"><\/p>\n<h3>\u00d6zellikler<\/h3>\n<ul>\n<li>Verimli g\u00fc\u00e7 aktar\u0131m\u0131: Kol silindiri, g\u00fc\u00e7l\u00fc do\u011frusal hareket ve kuvvet sa\u011flayarak mekanik kolun \u00e7e\u015fitli i\u015flemlerde y\u00fcksek verimlilikte performans g\u00f6stermesini garanti eder.<\/li>\n<li>Hassas kontrol: Hidrolik sistem sayesinde kol silindiri hassas hareket kontrol\u00fc sa\u011flayabilir, bu sayede ek aletlerin \u00e7al\u0131\u015fmas\u0131 daha esnek ve hassas hale gelir.<\/li>\n<li>Y\u00fcksek dayan\u0131kl\u0131l\u0131k: Kol silindiri genellikle y\u00fcksek mukavemetli malzemelerden \u00fcretilir, iyi a\u015f\u0131nma ve korozyon direncine sahiptir ve zorlu ortamlarda uzun s\u00fcreli kullan\u0131m i\u00e7in uygundur.<\/li>\n<li>\u00c7ok y\u00f6nl\u00fc uyarlanabilirlik: Bu silindirler, ekskavat\u00f6rler, vin\u00e7ler ve i\u015f makineleri gibi \u00e7e\u015fitli mekanik ekipmanlarda yayg\u0131n olarak kullan\u0131labilir ve farkl\u0131 \u00e7al\u0131\u015fma gereksinimlerine uyum sa\u011flar.<\/li>\n<li>Kolay bak\u0131m: Bak\u0131m ve de\u011fi\u015ftirme kolayl\u0131\u011f\u0131 i\u00e7in tasarlanm\u0131\u015ft\u0131r; d\u00fczenli inceleme ve bak\u0131m daha kolay hale gelir ve ekipman ar\u0131za s\u00fcresi azal\u0131r.<\/li>\n<\/ul>\n<p><img decoding=\"async\" src=\"https:\/\/www.hydraulic-cylinders.net\/wp-content\/uploads\/2025\/01\/songte-oil-pipes-and-spare-parts.webp\"><\/p>\n<h3>Uygulamalar<\/h3>\n<ul>\n<li>\u0130n\u015faat m\u00fchendisli\u011fi: Ekskavat\u00f6rlerde ve vin\u00e7lerde, kol silindiri kep\u00e7e veya bomun hareketini kontrol etmek, toprak i\u015fleri yapmak, malzeme ta\u015f\u0131mak ve yap\u0131sal montaj i\u015flemlerini ger\u00e7ekle\u015ftirmek i\u00e7in kullan\u0131l\u0131r.<\/li>\n<li>\u0130malat sanayi: Otomatik \u00fcretim hatlar\u0131nda, kol silindiri mekanik kolun hareketini sa\u011flamak, montaj, kaynak ve ta\u015f\u0131ma i\u015flemlerini ger\u00e7ekle\u015ftirmek, \u00fcretim verimlili\u011fini ve do\u011frulu\u011funu art\u0131rmak i\u00e7in kullan\u0131l\u0131r.<\/li>\n<li>Tar\u0131m makineleri: Bi\u00e7erd\u00f6ver ve tohum ekme makinesi gibi tar\u0131m makinelerinde, kol silindiri, ekim, g\u00fcbreleme ve hasat gibi g\u00f6revleri yerine getiren \u00e7al\u0131\u015fma kolunun hareketini kontrol eder.<\/li>\n<li>Madencilik: Madencilik ekipmanlar\u0131nda, kol silindiri, maden \u00e7\u0131karma ve ta\u015f\u0131ma i\u015flemlerini ger\u00e7ekle\u015ftirmek i\u00e7in madencilik ekipman\u0131n\u0131n kol hareketini kontrol etmek amac\u0131yla kullan\u0131l\u0131r.<\/li>\n<li>Lojistik ve ta\u015f\u0131mac\u0131l\u0131k: Forkliftlerde ve ta\u015f\u0131ma robotlar\u0131nda, kol silindiri, \u00e7atallar\u0131n kald\u0131rma ve hareketini kontrol etmek, malzeme ta\u015f\u0131ma ve istifleme i\u015flemlerini ger\u00e7ekle\u015ftirmek i\u00e7in kullan\u0131l\u0131r.<\/li>\n<\/ul>\n<h3>Tasar\u0131m Hususlar\u0131 ve Se\u00e7im Kriterleri<\/h3>\n<ul>\n<li>Ta\u015f\u0131ma kapasitesi: Kol silindiri, makinenin \u00e7al\u0131\u015fmas\u0131 s\u0131ras\u0131nda beklenen y\u00fck ve kuvvetlere dayanabilmelidir.<\/li>\n<li>S\u0131zd\u0131rmazl\u0131k: Piston contalar\u0131, mil contalar\u0131 vb. \u00e7e\u015fitli s\u0131zd\u0131rmazl\u0131k bile\u015fenleri, s\u0131v\u0131 s\u0131z\u0131nt\u0131s\u0131n\u0131 \u00f6nlemek ve sistem verimlili\u011fini sa\u011flamak i\u00e7in kullan\u0131l\u0131r.<\/li>\n<li>Dayan\u0131kl\u0131l\u0131k: Silindir genellikle y\u00fcksek mukavemetli malzemelerden yap\u0131l\u0131r ve a\u015f\u0131nma direnci ile korozyon direncini art\u0131rmak i\u00e7in y\u00fczey i\u015flemine tabi tutulur.<\/li>\n<li>G\u00fcvenlik: Silindir tasar\u0131m\u0131, kazalar\u0131 \u00f6nleyerek ve riskleri en aza indirerek g\u00fcvenli ve g\u00fcvenilir \u00e7al\u0131\u015fma sa\u011flamal\u0131d\u0131r.<\/li>\n<li>Bak\u0131m Kolayl\u0131\u011f\u0131: Tasar\u0131m\u0131n bak\u0131m\u0131 ve onar\u0131m\u0131 kolay olmal\u0131, b\u00f6ylece ekipman ar\u0131za s\u00fcresi azalt\u0131lmal\u0131d\u0131r.<\/li>\n<\/ul>\n<p><img decoding=\"async\" src=\"https:\/\/www.hydraulic-cylinders.net\/wp-content\/uploads\/2025\/01\/songte-cylinder-head-with-all-kinds-excavator-models.webp\"><\/p>\n<h3>S\u0131zd\u0131rmazl\u0131k ve Ya\u011flama<\/h3>\n<p>Kol silindiri, poli\u00fcretan, nitril kau\u00e7uk gibi a\u015f\u0131nmaya dayan\u0131kl\u0131 malzemeler kullan\u0131larak \u00fcretilen piston contalar\u0131, mil contalar\u0131 vb. \u00e7e\u015fitli s\u0131zd\u0131rmazl\u0131k bile\u015fenleri kullan\u0131r. Silindir g\u00f6vdesi ve di\u015fli u\u00e7 y\u00fczeyi, a\u015f\u0131nma direncini art\u0131rmak i\u00e7in hassas bir \u015fekilde i\u015flenir. Silindirin optimum performans ve uzun \u00f6m\u00fcr sa\u011flamas\u0131 i\u00e7in uygun miktarda hidrolik ya\u011f ile d\u00fczenli olarak ya\u011flanmas\u0131 gerekir.<\/p>\n<h3>Bak\u0131m ve Onar\u0131m<\/h3>\n<ul>\n<li>D\u00fczenli kontrol: Kol silindirinin a\u015f\u0131nma, s\u0131z\u0131nt\u0131 veya performans\u0131 etkileyebilecek di\u011fer sorunlar\u0131 tespit etmek i\u00e7in d\u00fczenli olarak kontrol edilmesi gerekir.<\/li>\n<li>\u00d6nleyici bak\u0131m: Silindirde \u00f6nemli a\u015f\u0131nma veya hasar meydana gelmeden \u00f6nce bak\u0131m yap\u0131lmal\u0131 ve bu sayede ekipman\u0131n ar\u0131zalanma olas\u0131l\u0131\u011f\u0131 azalt\u0131lmal\u0131d\u0131r.<\/li>\n<li>Sorun te\u015fhisi: Sorunlar\u0131 etkili bir \u015fekilde tespit etmek ve \u00e7\u00f6zmek i\u00e7in uygun bilgi ve ara\u00e7larla sorun giderme i\u015flemi yap\u0131lmal\u0131d\u0131r.<\/li>\n<li>Sorun \u00f6nleme: Olas\u0131 sorunlar\u0131 veya ar\u0131zalar\u0131 en aza indirmek i\u00e7in uygun \u00f6nleyici tedbirler al\u0131nmal\u0131d\u0131r.<\/li>\n<\/ul>\n<p><img decoding=\"async\" src=\"https:\/\/www.hydraulic-cylinders.net\/wp-content\/uploads\/2025\/01\/songte-chushion-collar.webp\"><\/p>\n<h3>Kurulum K\u0131lavuzu<\/h3>\n<ul>\n<li>Montaj y\u00fczeyini haz\u0131rlay\u0131n ve temiz, kal\u0131nt\u0131lardan ar\u0131nd\u0131r\u0131lm\u0131\u015f oldu\u011fundan emin olun.<\/li>\n<li>Silindiri tak\u0131n ve bile\u015fenlerin do\u011fru \u015fekilde hizaland\u0131\u011f\u0131ndan ve sabitlendi\u011finden emin olun.<\/li>\n<li>Hidrolik hatlar\u0131 ve ba\u011flant\u0131 par\u00e7alar\u0131n\u0131, do\u011fru s\u0131kma ve s\u0131z\u0131nt\u0131 \u00f6nleme \u00f6zelliklerine dikkat ederek ba\u011flay\u0131n.<\/li>\n<li>Silindirin d\u00fczg\u00fcn \u00e7al\u0131\u015f\u0131p \u00e7al\u0131\u015fmad\u0131\u011f\u0131n\u0131 ve s\u0131z\u0131nt\u0131 olup olmad\u0131\u011f\u0131n\u0131 test edin.<\/li>\n<\/ul>\n<h3>G\u00fcvenlik Hususlar\u0131 ve \u00c7evresel Fakt\u00f6rler<\/h3>\n<p>Kol silindirinin g\u00fcvenli \u00e7al\u0131\u015fmas\u0131 kritik \u00f6neme sahiptir ve uygun koruyucu ekipman giymek, silindiri ta\u015f\u0131ma kapasitesi dahilinde kullanmak ve do\u011fru \u00e7al\u0131\u015ft\u0131rma prosed\u00fcrlerini takip etmek gibi gerekli g\u00fcvenlik \u00f6nlemleri al\u0131nmal\u0131d\u0131r. S\u0131cakl\u0131k, nem ve a\u015f\u0131nd\u0131r\u0131c\u0131 maddeler gibi \u00e7evresel fakt\u00f6rler silindirin performans\u0131n\u0131 ve \u00f6mr\u00fcn\u00fc etkileyebilir.<\/p>\n<h3>\u015eirket Bilgileri<\/h3>\n<p>Profesyonel bir hidrolik silindir yedek par\u00e7a \u00fcreticisiyiz ve geni\u015f bir \u00fcr\u00fcn yelpazesi sunarak hem yurt i\u00e7i hem de uluslararas\u0131 pazarlarda \u00f6nde gelen hidrolik silindir \u00fcreticilerinden ve toptanc\u0131lar\u0131ndan biri haline geldik. Her zaman m\u00fckemmel kalite ilkesini benimseyerek, geli\u015fmi\u015f \u00fcretim at\u00f6lyelerinde end\u00fcstriyel \u00fcretim y\u00f6netim stratejilerine dayanarak teknik seviyemizi ve \u00fcretim verimlili\u011fimizi s\u00fcrekli olarak geli\u015ftiriyoruz. Y\u00fcksek teknoloji \u00fcr\u00fcn\u00fc dijital \u00fcretim ekipmanlar\u0131 ve profesyonel test sistemlerinin \ub3c4\uc785 edilmesiyle \u00fcretim platformumuzu optimize ediyor, \u00fcr\u00fcn kalite kontrol s\u00fcrecimizi iyile\u015ftiriyor ve g\u00fc\u00e7l\u00fc inovasyon yeteneklerine sahibiz. Amac\u0131m\u0131z, m\u00fc\u015fterilerimizin \u00e7e\u015fitli ihtiya\u00e7lar\u0131n\u0131 verimli, hassas ve y\u00fcksek kaliteli ilkelerle kar\u015f\u0131lamakt\u0131r.<\/p>\n<ul>\n<li>Profesyonellik: Hidrolik silindir imalat\u0131nda uzmanla\u015fm\u0131\u015f bilgi ve deneyime sahibiz.<\/li>\n<li>Uluslararas\u0131 sertifikalar: ISO, CE gibi \u00e7e\u015fitli uluslararas\u0131 sertifikalar ald\u0131k.<\/li>\n<li>\u00d6zelle\u015ftirme hizmetleri: M\u00fc\u015fterilerimizin \u00f6zel gereksinimlerini kar\u015f\u0131lamak \u00fczere \u00f6zelle\u015ftirilmi\u015f hidrolik silindirler sunuyoruz.<\/li>\n<li>\u00dcretim ekipmanlar\u0131: Y\u00fcksek kaliteli \u00fcr\u00fcnler sa\u011flamak i\u00e7in geli\u015fmi\u015f dijital \u00fcretim ekipmanlar\u0131 ve profesyonel test sistemleri kullan\u0131yoruz.<\/li>\n<li>Sat\u0131\u015f sonras\u0131 hizmetler: M\u00fc\u015fteri memnuniyetini sa\u011flamak i\u00e7in kapsaml\u0131 sat\u0131\u015f sonras\u0131 hizmetler sunuyoruz.<\/li>\n<\/ul>\n<p><img decoding=\"async\" src=\"https:\/\/www.hydraulic-cylinders.net\/wp-content\/uploads\/2025\/01\/songte-company-4.webp\"><\/p>\n<p><img decoding=\"async\" src=\"https:\/\/www.hydraulic-cylinders.net\/wp-content\/uploads\/2025\/01\/songte-company-3.webp\"><\/p>\n<p>Yazar: lyl.<\/p>","protected":false},"excerpt":{"rendered":"<p>Arm CylinderFor Komatsu Small Excavator PC156-7 Introduction The arm cylinder is a specialized hydraulic cylinder designed to provide linear motion and power to the arms of various kinds of machinery, such as excavators, cranes, and mechanical arms. The arm cylinder plays a crucial role in the hydraulic system, enabling the movements and controls of additional [&hellip;]<\/p>","protected":false},"featured_media":14779,"comment_status":"open","ping_status":"closed","template":"","meta":{"_et_pb_use_builder":"","_et_pb_old_content":"","_et_gb_content_width":""},"product_brand":[],"product_cat":[1497],"product_tag":[1498,1496],"class_list":{"0":"post-16045","1":"product","2":"type-product","3":"status-publish","4":"has-post-thumbnail","6":"product_cat-arm-cylinders","7":"product_tag-arm-cylinders","8":"product_tag-hydraulic-cylinders","10":"first","11":"instock","12":"shipping-taxable","13":"product-type-simple"},"amp_enabled":true,"_links":{"self":[{"href":"https:\/\/www.hydraulic-cylinders.net\/tr\/wp-json\/wp\/v2\/product\/16045","targetHints":{"allow":["GET"]}}],"collection":[{"href":"https:\/\/www.hydraulic-cylinders.net\/tr\/wp-json\/wp\/v2\/product"}],"about":[{"href":"https:\/\/www.hydraulic-cylinders.net\/tr\/wp-json\/wp\/v2\/types\/product"}],"replies":[{"embeddable":true,"href":"https:\/\/www.hydraulic-cylinders.net\/tr\/wp-json\/wp\/v2\/comments?post=16045"}],"wp:featuredmedia":[{"embeddable":true,"href":"https:\/\/www.hydraulic-cylinders.net\/tr\/wp-json\/wp\/v2\/media\/14779"}],"wp:attachment":[{"href":"https:\/\/www.hydraulic-cylinders.net\/tr\/wp-json\/wp\/v2\/media?parent=16045"}],"wp:term":[{"taxonomy":"product_brand","embeddable":true,"href":"https:\/\/www.hydraulic-cylinders.net\/tr\/wp-json\/wp\/v2\/product_brand?post=16045"},{"taxonomy":"product_cat","embeddable":true,"href":"https:\/\/www.hydraulic-cylinders.net\/tr\/wp-json\/wp\/v2\/product_cat?post=16045"},{"taxonomy":"product_tag","embeddable":true,"href":"https:\/\/www.hydraulic-cylinders.net\/tr\/wp-json\/wp\/v2\/product_tag?post=16045"}],"curies":[{"name":"wp","href":"https:\/\/api.w.org\/{rel}","templated":true}]}}