{"id":16055,"date":"2025-01-20T08:24:59","date_gmt":"2025-01-20T08:24:59","guid":{"rendered":"https:\/\/www.hydraulic-cylinders.net\/product\/arm-cylinderfor-komatsu-small-excavator-pc20-8\/"},"modified":"2025-01-20T08:25:02","modified_gmt":"2025-01-20T08:25:02","slug":"arm-cylinderfor-komatsu-small-excavator-pc20-8","status":"publish","type":"product","link":"https:\/\/www.hydraulic-cylinders.net\/tr\/urun\/arm-cylinderfor-komatsu-small-excavator-pc20-8\/","title":{"rendered":"Komatsu PC20-8 K\u00fc\u00e7\u00fck Ekskavat\u00f6r i\u00e7in Kol Silindiri"},"content":{"rendered":"<h2>girii\u015f<\/h2>\n<h3>Komatsu PC20-8 K\u00fc\u00e7\u00fck Ekskavat\u00f6r \u0130\u00e7in Kol Silindiri<\/h3>\n<p>Bu yaz\u0131da, Komatsu PC20-8 k\u00fc\u00e7\u00fck ekskavat\u00f6r\u00fcn\u00fcn kol silindirini ele alaca\u011f\u0131z. Kol silindiri, ekskavat\u00f6rler, vin\u00e7ler ve robotik kollar gibi \u00e7e\u015fitli makinelerin kollar\u0131na do\u011frusal hareket ve g\u00fc\u00e7 sa\u011flamak i\u00e7in kullan\u0131lan \u00f6zel bir hidrolik silindirdir. Kol silindiri, hidrolik sistemde kritik bir rol oynayarak ek aletlerin veya ata\u015fmanlar\u0131n etkili hareketini ve kontrol\u00fcn\u00fc sa\u011flar. Bu silindirler sadece d\u00fczg\u00fcn hareket sa\u011flamakla kalmaz, ayn\u0131 zamanda a\u011f\u0131r y\u00fckleri de kald\u0131rarak \u00e7e\u015fitli \u00e7al\u0131\u015fma ko\u015fullar\u0131 alt\u0131nda makinenin verimli \u00e7al\u0131\u015fmas\u0131n\u0131 ve g\u00fcvenilirli\u011fini sa\u011flar.<\/p>\n<p><img decoding=\"async\" src=\"https:\/\/www.hydraulic-cylinders.net\/wp-content\/uploads\/2025\/01\/songte-company-2.webp\" alt=\"Kol Silindiri G\u00f6r\u00fcnt\u00fcs\u00fc\"><\/p>\n<h2>Kol Silindirinin \u00d6zellikleri<\/h2>\n<h3>Y\u00fcksek Verimli \u015eanz\u0131man<\/h3>\n<p>Kol silindiri, g\u00fc\u00e7l\u00fc do\u011frusal hareket ve kuvvet sa\u011flayarak, mekanik kolun \u00e7e\u015fitli i\u015flemler s\u0131ras\u0131nda y\u00fcksek verimlilikte performans g\u00f6stermesini garanti eder.<\/p>\n<h3>Hassas Kontrol<\/h3>\n<p>Kol silindiri, hidrolik sistem sayesinde hassas hareket kontrol\u00fc sa\u011flayarak ek aletlerin kullan\u0131m\u0131n\u0131 daha esnek ve do\u011fru hale getirir.<\/p>\n<h3>G\u00fc\u00e7l\u00fc Dayan\u0131kl\u0131l\u0131k<\/h3>\n<p>Kol silindiri genellikle y\u00fcksek mukavemetli malzemelerden \u00fcretilir ve iyi a\u015f\u0131nma ve korozyon direncine sahiptir. Zorlu ortamlarda uzun s\u00fcreli kullan\u0131m i\u00e7in uygundur.<\/p>\n<h3>\u00c7ok Fonksiyonlu Uyarlanabilirlik<\/h3>\n<p>Bu silindirler ekskavat\u00f6rler, vin\u00e7ler ve robotik kollar gibi \u00e7e\u015fitli mekanik ekipmanlarda yayg\u0131n olarak kullan\u0131labilir ve farkl\u0131 \u00e7al\u0131\u015fma gereksinimlerine uyum sa\u011flar.<\/p>\n<h3>Kolay Bak\u0131m<\/h3>\n<p>Kol silindirinin tasar\u0131m\u0131, bak\u0131m ve de\u011fi\u015ftirme kolayl\u0131\u011f\u0131n\u0131 g\u00f6z \u00f6n\u00fcnde bulundurarak d\u00fczenli inceleme ve bak\u0131m\u0131 daha kolay hale getirir ve ekipman ar\u0131za s\u00fcresini azalt\u0131r.<\/p>\n<p>Bu \u00fcr\u00fcn\u00fc verimli ve etkili bir \u015fekilde \u00fcretebiliriz ve bu \u00fcr\u00fcn, hidrolik silindirlerin yerini m\u00fckemmel bir \u015fekilde alabilir.<\/p>\n<p><img decoding=\"async\" src=\"https:\/\/www.hydraulic-cylinders.net\/wp-content\/uploads\/2025\/01\/songte-oil-pipes-and-spare-parts.webp\" alt=\"Kol Silindir Par\u00e7alar\u0131\"><\/p>\n<h2>Kol Silindirinin Uygulanmas\u0131<\/h2>\n<p>Kol silindiri \u00e7e\u015fitli end\u00fcstrilerde yayg\u0131n olarak kullan\u0131lmaktad\u0131r, \u00f6rne\u011fin:<\/p>\n<h3>\u0130n\u015faat M\u00fchendisli\u011fi<\/h3>\n<p>Kol silindiri, hafriyat, malzeme ta\u015f\u0131ma ve yap\u0131 montaj\u0131 gibi i\u015flerde kullan\u0131lan ekskavat\u00f6r ve vin\u00e7lerdeki kep\u00e7e veya bomun hareketini kontrol etmek i\u00e7in kullan\u0131l\u0131r.<\/p>\n<h3>\u00dcretim Sanayi<\/h3>\n<p>Kol silindiri, otomatik \u00fcretim hatlar\u0131nda montaj, kaynak ve ta\u015f\u0131ma i\u015flemlerini ger\u00e7ekle\u015ftiren robot kollar\u0131n\u0131n hareketini kontrol etmek, \u00fcretim verimlili\u011fini ve do\u011frulu\u011funu art\u0131rmak i\u00e7in kullan\u0131l\u0131r.<\/p>\n<h3>Tar\u0131m Makinalar\u0131<\/h3>\n<p>Kol silindiri, bi\u00e7erd\u00f6ver ve tohum ekme makineleri gibi tar\u0131m makinelerinde tohum ekme, g\u00fcbreleme ve hasat i\u015flemlerini ger\u00e7ekle\u015ftiren \u00e7al\u0131\u015fma kolunun hareketini kontrol eder.<\/p>\n<h3>Madencilik End\u00fcstrisi<\/h3>\n<p>Kol silindiri, madencilik ekipmanlar\u0131nda kolun hareketini kontrol etmek ve madencilik ve malzeme ta\u015f\u0131ma g\u00f6revlerini yerine getirmek i\u00e7in kullan\u0131l\u0131r.<\/p>\n<h3>Lojistik ve Ta\u015f\u0131mac\u0131l\u0131k<\/h3>\n<p>Kol silindiri, forklift veya ta\u015f\u0131ma robotunun \u00e7atallar\u0131n\u0131n kald\u0131rma ve hareketini kontrol ederek malzemelerin ta\u015f\u0131nmas\u0131n\u0131 ve istiflenmesini sa\u011flar.<\/p>\n<h2>Kol Silindirinin Tasar\u0131m ve Se\u00e7im Standartlar\u0131<\/h2>\n<p>Kol silindiri a\u015fa\u011f\u0131daki hususlar dikkate al\u0131narak tasarlanm\u0131\u015f ve se\u00e7ilmi\u015ftir:<\/p>\n<h3>Ta\u015f\u0131ma Kapasitesi<\/h3>\n<p>Kol silindirinin ta\u015f\u0131ma kapasitesi, uygulama alan\u0131n\u0131 ve kullan\u0131m \u00f6mr\u00fcn\u00fc belirleyen \u00f6nemli bir fakt\u00f6rd\u00fcr. Ekipman\u0131n \u00e7al\u0131\u015fma ko\u015fullar\u0131na ve beklenen y\u00fcke g\u00f6re uygun ta\u015f\u0131ma kapasitesinin se\u00e7ilmesi \u00e7ok \u00f6nemlidir.<\/p>\n<h3>S\u0131zd\u0131rmazl\u0131k Performans\u0131<\/h3>\n<p>Kol silindirinin s\u0131zd\u0131rmazl\u0131k performans\u0131, hizmet \u00f6mr\u00fcn\u00fc ve g\u00fcvenilirli\u011fini do\u011frudan etkiler. Piston contalar\u0131 ve mil contalar\u0131 gibi \u00e7e\u015fitli s\u0131zd\u0131rmazl\u0131k elemanlar\u0131, s\u0131v\u0131 s\u0131z\u0131nt\u0131s\u0131n\u0131 \u00f6nlemek ve hidrolik sistemin istikrarl\u0131 \u00e7al\u0131\u015fmas\u0131n\u0131 sa\u011flamak i\u00e7in kullan\u0131l\u0131r.<\/p>\n<h3>Dayan\u0131kl\u0131l\u0131k<\/h3>\n<p>Kol silindiri genellikle y\u00fcksek mukavemetli, a\u015f\u0131nma ve korozyon direnci y\u00fcksek malzemelerden \u00fcretilir ve zorlu ortamlarda uzun s\u00fcreli kullan\u0131m sa\u011flar.<\/p>\n<h3>Emniyet<\/h3>\n<p>Kol silindirinin g\u00fcvenlik tasar\u0131m\u0131, ekipman\u0131n \u00e7al\u0131\u015fmas\u0131 s\u0131ras\u0131nda kazalar\u0131 \u00f6nlemek i\u00e7in \u00e7ok \u00f6nemlidir. \u00d6rne\u011fin, emniyet valflerinin ve limit anahtarlar\u0131n\u0131n tak\u0131lmas\u0131, a\u015f\u0131r\u0131 bas\u0131nc\u0131 ve a\u015f\u0131r\u0131 hareketi etkili bir \u015fekilde \u00f6nleyebilir.<\/p>\n<h3>Bak\u0131m kolayl\u0131\u011f\u0131<\/h3>\n<p>Kol silindirinin tasar\u0131m\u0131, bak\u0131m ve de\u011fi\u015ftirme kolayl\u0131\u011f\u0131n\u0131 g\u00f6z \u00f6n\u00fcnde bulundurarak, bak\u0131m s\u00fcresini ve maliyetini azaltmal\u0131d\u0131r.<\/p>\n<p><img decoding=\"async\" src=\"https:\/\/www.hydraulic-cylinders.net\/wp-content\/uploads\/2025\/01\/songte-cylinder-head-with-all-kinds-excavator-models.webp\" alt=\"Kol Silindir Par\u00e7alar\u0131\"><\/p>\n<h2>Kol Silindirinin S\u0131zd\u0131rmazl\u0131\u011f\u0131 ve Ya\u011flanmas\u0131<\/h2>\n<p>Kol silindirinin s\u0131zd\u0131rmazl\u0131\u011f\u0131 ve ya\u011flanmas\u0131, kullan\u0131m \u00f6mr\u00fcn\u00fc ve g\u00fcvenilirli\u011fini etkileyen temel fakt\u00f6rlerdir. Genellikle a\u015fa\u011f\u0131daki \u00f6nlemler al\u0131n\u0131r:<\/p>\n<h3>S\u0131zd\u0131rmazl\u0131k Elemanlar\u0131<\/h3>\n<p>Kol silindiri, s\u0131v\u0131 s\u0131z\u0131nt\u0131s\u0131n\u0131 \u00f6nlemek ve hidrolik sistemin istikrarl\u0131 \u00e7al\u0131\u015fmas\u0131n\u0131 sa\u011flamak i\u00e7in piston contalar\u0131 ve mil contalar\u0131 gibi \u00e7e\u015fitli s\u0131zd\u0131rmazl\u0131k elemanlar\u0131 kullan\u0131r. S\u0131zd\u0131rmazl\u0131k elemanlar\u0131, dayan\u0131kl\u0131l\u0131\u011f\u0131 sa\u011flamak i\u00e7in a\u015f\u0131nmaya dayan\u0131kl\u0131 malzemelerden yap\u0131lm\u0131\u015ft\u0131r.<\/p>\n<h3>Silindir G\u00f6vdesi ve Di\u015fli U\u00e7 Y\u00fczey \u0130\u015flemi<\/h3>\n<p>Silindir g\u00f6vdesi ve di\u015fli u\u00e7 y\u00fczeyi, a\u015f\u0131nma direncini art\u0131rmak i\u00e7in genellikle ince i\u015fleme tabi tutulur. Silindir g\u00f6vdesinin y\u00fczeyi genellikle krom kaplama yap\u0131l\u0131rken, di\u015fli ucun y\u00fczeyi genellikle nitr\u00fcrleme veya karb\u00fcrleme i\u015flemine tabi tutulur.<\/p>\n<h3>Ya\u011flama<\/h3>\n<p>Kol silindirinin iyi \u00e7al\u0131\u015fma durumunu korumas\u0131 i\u00e7in d\u00fczenli ya\u011flama gereklidir. Ya\u011flama i\u00e7in kullan\u0131lan hidrolik ya\u011f, ekipman\u0131n \u00e7al\u0131\u015fma ko\u015fullar\u0131na ve \u00e7al\u0131\u015fma s\u0131cakl\u0131\u011f\u0131na g\u00f6re se\u00e7ilmeli ve ya\u011f miktar\u0131 uygun olmal\u0131d\u0131r.<\/p>\n<p><img decoding=\"async\" src=\"https:\/\/www.hydraulic-cylinders.net\/wp-content\/uploads\/2025\/01\/songte-chushion-collar.webp\" alt=\"Kol Silindir Par\u00e7alar\u0131\"><\/p>\n<h2>D\u00fczenli Muayene ve \u00d6nleyici Bak\u0131m \u00d6nlemleri<\/h2>\n<p>D\u00fczenli kontrol ve \u00f6nleyici bak\u0131m \u00f6nlemleri, kol silindirinin istikrarl\u0131 \u00e7al\u0131\u015fmas\u0131n\u0131 etkili bir \u015fekilde sa\u011flayabilir ve kullan\u0131m \u00f6mr\u00fcn\u00fc uzatabilir. Genellikle a\u015fa\u011f\u0131daki \u00f6nlemler al\u0131n\u0131r:<\/p>\n<h3>D\u00fczenli Muayene<\/h3>\n<p>Olas\u0131 sorunlar\u0131 zaman\u0131nda tespit etmek i\u00e7in kol silindiri d\u00fczenli olarak kontrol edilmelidir. Kontrol edilen maddeler genellikle silindir g\u00f6vdesinin a\u015f\u0131nma durumu, s\u0131zd\u0131rmazl\u0131k performans\u0131 ve hidrolik ya\u011f\u0131n kirlilik seviyesini i\u00e7erir.<\/p>\n<h3>Hidrolik Ya\u011f\u0131n Temizlenmesi ve De\u011fi\u015ftirilmesi<\/h3>\n<p>Hidrolik ya\u011f\u0131n temizli\u011fini sa\u011flamak ve kirlenmeyi \u00f6nlemek i\u00e7in d\u00fczenli olarak de\u011fi\u015ftirilmesi gerekir. De\u011fi\u015ftirme d\u00f6ng\u00fcs\u00fc, ekipman\u0131n \u00e7al\u0131\u015fma ko\u015fullar\u0131na ve \u00e7al\u0131\u015fma s\u0131cakl\u0131\u011f\u0131na g\u00f6re belirlenmelidir.<\/p>\n<h3>A\u015f\u0131nm\u0131\u015f S\u0131zd\u0131rmazl\u0131k Elemanlar\u0131n\u0131n De\u011fi\u015ftirilmesi<\/h3>\n<p>Kol silindirinin s\u0131zd\u0131rmazl\u0131k performans\u0131n\u0131 sa\u011flamak ve s\u0131v\u0131 s\u0131z\u0131nt\u0131s\u0131n\u0131 \u00f6nlemek i\u00e7in a\u015f\u0131nm\u0131\u015f s\u0131zd\u0131rmazl\u0131k elemanlar\u0131 zaman\u0131nda de\u011fi\u015ftirilmelidir.<\/p>\n<h3>A\u015f\u0131nm\u0131\u015f Par\u00e7alar\u0131n De\u011fi\u015ftirilmesi<\/h3>\n<p>Piston ve kol gibi a\u015f\u0131nm\u0131\u015f par\u00e7alar, kol silindirinin iyi \u00e7al\u0131\u015fma ko\u015fullar\u0131n\u0131 sa\u011flamak i\u00e7in zaman\u0131nda de\u011fi\u015ftirilmelidir.<\/p>\n<p><img decoding=\"async\" src=\"https:\/\/www.hydraulic-cylinders.net\/wp-content\/uploads\/2025\/01\/songte-bushings-with-all-kinds-of-excavator-models.webp\" alt=\"Kol Silindir Par\u00e7alar\u0131\"><\/p>\n<h2>Kurulum K\u0131lavuzu<\/h2>\n<p>Kol silindirinin montaj\u0131 a\u015fa\u011f\u0131daki ad\u0131mlar izlenerek yap\u0131lmal\u0131d\u0131r:<\/p>\n<h3>Ad\u0131m 1: Kurulum Ortam\u0131n\u0131 Haz\u0131rlay\u0131n<\/h3>\n<p>Montaj ortam\u0131, kol silindirinin temizli\u011fini sa\u011flamak i\u00e7in temiz ve iyi havaland\u0131r\u0131lm\u0131\u015f olmal\u0131d\u0131r. Montaj yeri, ekipman\u0131n istikrarl\u0131 \u00e7al\u0131\u015fmas\u0131n\u0131 sa\u011flamak i\u00e7in d\u00fcz ve sa\u011flam olmal\u0131d\u0131r.<\/p>\n<h3>Ad\u0131m 2: Silindiri Tak\u0131n<\/h3>\n<p>Kol silindirini, ekipman\u0131n montaj gereksinimlerine uygun olarak, montaj y\u00f6n\u00fcne ve konumuna dikkat ederek tak\u0131n. Silindir g\u00fcvenli ve sa\u011flam bir \u015fekilde tak\u0131lmal\u0131 ve di\u015fli ba\u011flant\u0131lar belirtilen tork de\u011ferine kadar s\u0131k\u0131lmal\u0131d\u0131r.<\/p>\n<h3>Ad\u0131m 3: Hidrolik Boru Hatt\u0131n\u0131 Ba\u011flay\u0131n<\/h3>\n<p>Hidrolik boru hatt\u0131n\u0131, ekipman\u0131n hidrolik sistem gereksinimlerine g\u00f6re ba\u011flay\u0131n. Hidrolik sistemin istikrarl\u0131 \u00e7al\u0131\u015fmas\u0131n\u0131 sa\u011flamak i\u00e7in boru hatt\u0131 temiz ve kal\u0131nt\u0131lardan ar\u0131nd\u0131r\u0131lm\u0131\u015f olmal\u0131d\u0131r.<\/p>\n<h3>Ad\u0131m 4: Ekipman\u0131 Test Edin<\/h3>\n<p>Kurulumdan sonra, kol silindirinin iyi \u00e7al\u0131\u015f\u0131r durumda oldu\u011fundan emin olmak i\u00e7in ekipman\u0131n \u00e7al\u0131\u015fma gereksinimlerine g\u00f6re kapsaml\u0131 bir test ger\u00e7ekle\u015ftirin.<\/p>\n<p><img decoding=\"async\" src=\"https:\/\/www.hydraulic-cylinders.net\/wp-content\/uploads\/2025\/01\/songte-company-4.webp\" alt=\"\u015eirket \u0130maj\u0131\"><br \/>\n<img decoding=\"async\" src=\"https:\/\/www.hydraulic-cylinders.net\/wp-content\/uploads\/2025\/01\/songte-company-3.webp\" alt=\"\u015eirket \u0130maj\u0131\"><\/p>\n<h2>Hakk\u0131m\u0131zda<\/h2>\n<p>Profesyonel bir hidrolik silindir yedek par\u00e7a \u00fcreticisiyiz ve geni\u015f bir \u00fcr\u00fcn yelpazesi sunarak hem yurt i\u00e7i hem de uluslararas\u0131 pazarlarda \u00f6nde gelen hidrolik silindir \u00fcreticilerinden ve toptanc\u0131lar\u0131ndan biri haline geldik. M\u00fckemmel kalite ilkesini her zaman benimseyerek, hassas \u00fcretim at\u00f6lyelerinde end\u00fcstriyel \u00fcretim y\u00f6netim stratejilerine dayanarak teknik seviyemizi ve \u00fcretim verimlili\u011fimizi s\u00fcrekli olarak geli\u015ftiriyoruz. Y\u00fcksek teknoloji \u00fcr\u00fcn\u00fc dijital \u00fcretim ekipmanlar\u0131 ve profesyonel test sistemlerinin \ub3c4\uc785 edilmesiyle, \u00fcretim platformunu s\u00fcrekli olarak optimize ediyor, \u00fcr\u00fcn kalite kontrol s\u00fcrecini iyile\u015ftiriyor ve g\u00fc\u00e7l\u00fc bir inovasyon yetene\u011fine sahibiz. Amac\u0131m\u0131z, y\u00fcksek verimlilik, do\u011fruluk ve y\u00fcksek kalite ilkeleriyle m\u00fc\u015fterilerin \u00e7e\u015fitli ihtiya\u00e7lar\u0131n\u0131 kar\u015f\u0131lamakt\u0131r.<\/p>\n<p>A\u015fa\u011f\u0131dakiler gibi \u00e7e\u015fitli hizmetler sunuyoruz:<\/p>\n<h3>Profesyonellik<\/h3>\n<p>Hidrolik silindir sekt\u00f6r\u00fcnde son derece yetenekli ve deneyimli uzmanlardan olu\u015fan bir ekibimiz var. M\u00fc\u015fterilerimize profesyonel ve g\u00fcvenilir hizmetler sunuyoruz.<\/p>\n<h3>Uluslararas\u0131 Sertifikasyon<\/h3>\n<p>\u00dcr\u00fcnlerimiz ISO, CE ve SGS gibi \u00e7e\u015fitli uluslararas\u0131 sertifikalardan ge\u00e7erek m\u00fckemmel kalite ve g\u00fcvenilirliklerini kan\u0131tlam\u0131\u015ft\u0131r.<\/p>\n<h3>\u00d6zelle\u015ftirme Hizmetleri<\/h3>\n<p>\u00dcr\u00fcn tasar\u0131m\u0131, geli\u015ftirme ve \u00fcretim gibi m\u00fc\u015fterilerimizin \u00e7e\u015fitli ihtiya\u00e7lar\u0131n\u0131 kar\u015f\u0131lamak \u00fczere \u00f6zelle\u015ftirilmi\u015f hizmetler sunuyoruz.<\/p>\n<h3>\u00dcretim Ekipmanlar\u0131<\/h3>\n<p>CNC i\u015fleme merkezleri, honlama makineleri ve otomatik kaynak makineleri gibi geli\u015fmi\u015f dijital \u00fcretim ekipmanlar\u0131na sahibiz; bu da \u00fcr\u00fcnlerimizin y\u00fcksek hassasiyetini ve kalitesini garanti alt\u0131na almaktad\u0131r.<\/p>\n<h3>Sat\u0131\u015f Sonras\u0131 Hizmetler<\/h3>\n<p>M\u00fc\u015fterilerimizin memnuniyetini sa\u011flamak amac\u0131yla teknik destek, onar\u0131m ve bak\u0131m hizmetleri de dahil olmak \u00fczere kapsaml\u0131 sat\u0131\u015f sonras\u0131 hizmetler sunuyoruz.<\/p>\n<p>Yazar: lyl<\/p>","protected":false},"excerpt":{"rendered":"<p>Introduction Arm Cylinder For Komatsu Small Excavator PC20-8 In this article, we will be discussing the arm cylinder for Komatsu small excavator PC20-8. The arm cylinder is a specialized hydraulic cylinder that is mainly used to provide linear motion and power to the arms of various types of machinery such as excavators, cranes, and robotic [&hellip;]<\/p>","protected":false},"featured_media":14779,"comment_status":"open","ping_status":"closed","template":"","meta":{"_et_pb_use_builder":"","_et_pb_old_content":"","_et_gb_content_width":""},"product_brand":[],"product_cat":[1497],"product_tag":[1498,1496],"class_list":{"0":"post-16055","1":"product","2":"type-product","3":"status-publish","4":"has-post-thumbnail","6":"product_cat-arm-cylinders","7":"product_tag-arm-cylinders","8":"product_tag-hydraulic-cylinders","10":"first","11":"instock","12":"shipping-taxable","13":"product-type-simple"},"amp_enabled":true,"_links":{"self":[{"href":"https:\/\/www.hydraulic-cylinders.net\/tr\/wp-json\/wp\/v2\/product\/16055","targetHints":{"allow":["GET"]}}],"collection":[{"href":"https:\/\/www.hydraulic-cylinders.net\/tr\/wp-json\/wp\/v2\/product"}],"about":[{"href":"https:\/\/www.hydraulic-cylinders.net\/tr\/wp-json\/wp\/v2\/types\/product"}],"replies":[{"embeddable":true,"href":"https:\/\/www.hydraulic-cylinders.net\/tr\/wp-json\/wp\/v2\/comments?post=16055"}],"wp:featuredmedia":[{"embeddable":true,"href":"https:\/\/www.hydraulic-cylinders.net\/tr\/wp-json\/wp\/v2\/media\/14779"}],"wp:attachment":[{"href":"https:\/\/www.hydraulic-cylinders.net\/tr\/wp-json\/wp\/v2\/media?parent=16055"}],"wp:term":[{"taxonomy":"product_brand","embeddable":true,"href":"https:\/\/www.hydraulic-cylinders.net\/tr\/wp-json\/wp\/v2\/product_brand?post=16055"},{"taxonomy":"product_cat","embeddable":true,"href":"https:\/\/www.hydraulic-cylinders.net\/tr\/wp-json\/wp\/v2\/product_cat?post=16055"},{"taxonomy":"product_tag","embeddable":true,"href":"https:\/\/www.hydraulic-cylinders.net\/tr\/wp-json\/wp\/v2\/product_tag?post=16055"}],"curies":[{"name":"wp","href":"https:\/\/api.w.org\/{rel}","templated":true}]}}