{"id":16063,"date":"2025-01-20T08:25:49","date_gmt":"2025-01-20T08:25:49","guid":{"rendered":"https:\/\/www.hydraulic-cylinders.net\/product\/arm-cylinderfor-komatsu-middle-excavator-pc210-6-6e-7-8\/"},"modified":"2025-01-20T08:25:51","modified_gmt":"2025-01-20T08:25:51","slug":"arm-cylinderfor-komatsu-middle-excavator-pc210-6-6e-7-8","status":"publish","type":"product","link":"https:\/\/www.hydraulic-cylinders.net\/tr\/urun\/arm-cylinderfor-komatsu-middle-excavator-pc210-6-6e-7-8\/","title":{"rendered":"Komatsu PC210-6-6E-7-8 Orta Ekskavat\u00f6r i\u00e7in Kol Silindiri"},"content":{"rendered":"<p>Komatsu PC210-6-6E-7-8 Orta Ekskavat\u00f6r i\u00e7in Kol Silindiri<\/p>\n<p>Kol silindiri, ekskavat\u00f6rler, vin\u00e7ler ve mekanik kollar gibi \u00e7e\u015fitli makinelerin kollar\u0131n\u0131n do\u011frusal hareketini ve g\u00fcc\u00fcn\u00fc sa\u011flamak i\u00e7in kullan\u0131lan \u00f6zel bir hidrolik silindirdir. Kol silindirleri, hidrolik sistemde \u00e7ok \u00f6nemli bir rol oynayarak, ata\u015fmanlar\u0131n veya aksesuarlar\u0131n etkili bir \u015fekilde hareket etmesini ve kontrol edilmesini sa\u011flar. Bu silindirler sadece d\u00fczg\u00fcn hareket sa\u011flamakla kalmaz, ayn\u0131 zamanda a\u011f\u0131r y\u00fckleri de ta\u015f\u0131yabilir ve \u00e7e\u015fitli \u00e7al\u0131\u015fma ko\u015fullar\u0131 alt\u0131nda makinelerin verimli \u00e7al\u0131\u015fmas\u0131n\u0131 ve g\u00fcvenilirli\u011fini sa\u011flar.<\/p>\n<p>Kol Silindirinin \u00d6zellikleri:<br \/>\n1. Y\u00fcksek verimli aktar\u0131m: Kol silindiri, g\u00fc\u00e7l\u00fc do\u011frusal hareket ve kuvvet sa\u011flayarak mekanik kollar\u0131n \u00e7e\u015fitli i\u015flemlerde y\u00fcksek verimli performans g\u00f6stermesini sa\u011flar.<br \/>\n2. Hassas kontrol: Hidrolik sistem sayesinde, kol silindiri hassas hareket kontrol\u00fc sa\u011flayarak ata\u015fmanlar\u0131n \u00e7al\u0131\u015fmas\u0131n\u0131 daha esnek ve do\u011fru hale getirir.<br \/>\n3. Y\u00fcksek dayan\u0131kl\u0131l\u0131k: Kol silindirleri genellikle y\u00fcksek mukavemetli, a\u015f\u0131nma ve korozyon direnci y\u00fcksek malzemelerden \u00fcretilir ve zorlu ortamlarda uzun s\u00fcreli kullan\u0131m i\u00e7in uygundur.<br \/>\n4. \u00c7ok y\u00f6nl\u00fc uyarlanabilirlik: Bu silindirler, farkl\u0131 \u00e7al\u0131\u015fma gereksinimlerine uyum sa\u011flamak i\u00e7in ekskavat\u00f6rler, vin\u00e7ler ve i\u015f kollar\u0131 gibi \u00e7e\u015fitli mekanik ekipmanlarda yayg\u0131n olarak kullan\u0131labilir.<br \/>\n5. Kolay bak\u0131m: Bak\u0131m\u0131 ve de\u011fi\u015ftirilmesi kolay olacak \u015fekilde tasarlanm\u0131\u015ft\u0131r, bu da d\u00fczenli inceleme ve bak\u0131m\u0131 daha kolay hale getirerek ekipman ar\u0131za s\u00fcresini azalt\u0131r.<\/p>\n<p>\u00dcr\u00fcn\u00fcm\u00fcz bu hidrolik silindirlerin yerini m\u00fckemmel bir \u015fekilde alabilir ve biz bu \u00fcr\u00fcn\u00fc \u00fcretebiliriz. Kol silindiri \u00e7e\u015fitli alanlarda kullan\u0131labilir:<br \/>\n1. \u0130n\u015faat m\u00fchendisli\u011fi: Ekskavat\u00f6rlerde ve vin\u00e7lerde, toprak ta\u015f\u0131ma, malzeme ta\u015f\u0131ma ve yap\u0131 kurulumu i\u00e7in kep\u00e7elerin veya bomlar\u0131n hareketini kontrol etmek amac\u0131yla kol silindirleri kullan\u0131l\u0131r.<br \/>\n2. \u0130malat sanayi: Otomatik \u00fcretim hatlar\u0131nda, montaj, kaynak ve ta\u015f\u0131ma i\u015flemlerinde mekanik kollar\u0131n hareketini kontrol etmek i\u00e7in kol silindirleri kullan\u0131l\u0131r; bu da \u00fcretim verimlili\u011fini ve do\u011frulu\u011funu art\u0131r\u0131r.<br \/>\n3. Tar\u0131m makineleri: Bi\u00e7erd\u00f6ver ve ekim makinesi gibi tar\u0131m makinelerinde, kol silindirleri, tohum ekme, g\u00fcbreleme ve hasat gibi g\u00f6revleri yerine getirmek i\u00e7in \u00e7al\u0131\u015fma kollar\u0131n\u0131n hareketini kontrol eder.<br \/>\n4. Mining industry: In mining equipment, arm cylinders are used to control the movement of mining equipment&#8217;s arms for mining and material handling.<br \/>\n5. Lojistik ve ta\u015f\u0131mac\u0131l\u0131k: Forkliftlerde ve ta\u015f\u0131ma robotlar\u0131nda, malzeme ta\u015f\u0131ma ve istifleme i\u015flemlerini ger\u00e7ekle\u015ftirmek i\u00e7in \u00e7atallar\u0131n kald\u0131rma ve hareketini kontrol etmek amac\u0131yla kol silindirleri kullan\u0131l\u0131r.<\/p>\n<p>Kol silindirinin tasar\u0131m hususlar\u0131 ve se\u00e7im standartlar\u0131 \u015funlard\u0131r:<br \/>\n1. Ta\u015f\u0131ma kapasitesi: Kol silindiri, maruz kalaca\u011f\u0131 maksimum y\u00fcke dayanacak \u015fekilde tasarlanmal\u0131d\u0131r.<br \/>\n2. S\u0131zd\u0131rmazl\u0131k: S\u0131z\u0131nt\u0131y\u0131 \u00f6nlemek i\u00e7in piston contalar\u0131 ve mil contalar\u0131 gibi \u00e7e\u015fitli s\u0131zd\u0131rmazl\u0131k elemanlar\u0131 kullan\u0131lmal\u0131d\u0131r.<br \/>\n3. Dayan\u0131kl\u0131l\u0131k: Silindir, a\u015f\u0131nmaya ve korozyona dayan\u0131kl\u0131, y\u00fcksek kaliteli malzemelerden yap\u0131lm\u0131\u015f olmal\u0131d\u0131r.<br \/>\n4. G\u00fcvenlik: Silindir, \u00e7al\u0131\u015fma s\u0131ras\u0131nda kazalar\u0131 \u00f6nlemek i\u00e7in g\u00fcvenlik \u00f6zellikleriyle tasarlanmal\u0131d\u0131r.<br \/>\n5. Bak\u0131m: Silindir, kolay bak\u0131m ve onar\u0131m i\u00e7in tasarlanmal\u0131d\u0131r.<\/p>\n<p>Kol silindirinin s\u0131zd\u0131rmazl\u0131\u011f\u0131 ve ya\u011flanmas\u0131 da \u00e7ok \u00f6nemlidir. Piston contalar\u0131, mil contalar\u0131 ve poli\u00fcretan ve nitril kau\u00e7uk gibi a\u015f\u0131nmaya dayan\u0131kl\u0131 malzemeler gibi \u00e7e\u015fitli s\u0131zd\u0131rmazl\u0131k elemanlar\u0131 kullan\u0131labilir. A\u015f\u0131nma direncini art\u0131rmak i\u00e7in silindir g\u00f6vdesi ve di\u015fli u\u00e7 y\u00fczeyi ince bir \u015fekilde i\u015flenir. Ya\u011flama i\u00e7in d\u00fczenli olarak uygun miktarda hidrolik ya\u011f eklenmesi gereklidir.<\/p>\n<p>Olas\u0131 sorunlar\u0131 \u00f6nlemek ve mevcut durumu korumak i\u00e7in d\u00fczenli denetim ve \u00f6nleyici bak\u0131m \u00f6nlemleri \u015fartt\u0131r. A\u015fa\u011f\u0131daki \u00f6nlemler al\u0131nabilir:<br \/>\n1. A\u015f\u0131nm\u0131\u015f contalar\u0131 ve par\u00e7alar\u0131 d\u00fczenli olarak kontrol edin ve gerekirse de\u011fi\u015ftirin.<br \/>\n2. Hidrolik sistemin bas\u0131nc\u0131n\u0131 ve ak\u0131\u015f\u0131n\u0131 d\u00fczenli olarak kontrol edin.<br \/>\n3. Silindirin y\u00fczeyinde herhangi bir a\u015f\u0131nma veya y\u0131pranma belirtisi olup olmad\u0131\u011f\u0131n\u0131 kontrol edin.<br \/>\n4. Silindirin hareketli par\u00e7alar\u0131n\u0131 d\u00fczenli olarak ya\u011flay\u0131n.<\/p>\n<p>Kol silindirinin performans\u0131 i\u00e7in do\u011fru montaj da \u00e7ok \u00f6nemlidir. Do\u011fru montaj i\u00e7in a\u015fa\u011f\u0131daki ad\u0131mlar izlenmelidir:<br \/>\n1. Silindirin montaj y\u00fczeyini ve ekipman\u0131n temas y\u00fczeyini, her t\u00fcrl\u00fc kirlilikten ar\u0131nd\u0131rmak i\u00e7in temizleyin.<br \/>\n2. Silindirin ekipmanla do\u011fru \u015fekilde hizaland\u0131\u011f\u0131ndan ve montaj c\u0131vatalar\u0131n\u0131n \u00f6nerilen tork de\u011ferine kadar s\u0131k\u0131ld\u0131\u011f\u0131ndan emin olun.<br \/>\n3. Hidrolik sistemin herhangi bir kirlilikten ar\u0131nd\u0131r\u0131lm\u0131\u015f oldu\u011fundan ve sistem bas\u0131nc\u0131 ile ak\u0131\u015f\u0131n\u0131n \u00f6nerilen aral\u0131kta oldu\u011fundan emin olmak i\u00e7in sistemi inceleyin.<\/p>\n<p>Firmam\u0131z, yedek hidrolik silindirlerin profesyonel bir \u00fcreticisidir ve geni\u015f bir \u00fcr\u00fcn yelpazesine sahiptir. Yurti\u00e7i ve yurtd\u0131\u015f\u0131 pazarlarda \u00f6nde gelen hidrolik silindir \u00fcreticilerinden ve toptanc\u0131lar\u0131ndan biri haline geldik. Kalitede m\u00fckemmellik ilkesine her zaman ba\u011fl\u0131 kalarak, geli\u015fmi\u015f \u00fcretim at\u00f6lyesinin end\u00fcstriyel \u00fcretim y\u00f6netim stratejisine dayanarak teknik seviyemizi ve \u00fcretim verimlili\u011fimizi s\u00fcrekli olarak geli\u015ftiriyoruz. Amac\u0131m\u0131z, y\u00fcksek verimlilik, do\u011fruluk ve y\u00fcksek kalite ile m\u00fc\u015fterilerin \u00e7e\u015fitli ihtiya\u00e7lar\u0131n\u0131 kar\u015f\u0131lamakt\u0131r.<\/p>\n<p>\u015eirketimiz, uluslararas\u0131 sertifikasyon, \u00f6zelle\u015ftirilmi\u015f hizmetler, \u00fcretim ekipmanlar\u0131 ve sat\u0131\u015f sonras\u0131 hizmet gibi profesyonel hizmetler sunmaktad\u0131r. \u00dcretim platformunu optimize etmek ve \u00fcr\u00fcn kalite kontrol s\u00fcre\u00e7lerini iyile\u015ftirmek i\u00e7in \u00fcst d\u00fczey dijital \u00fcretim ekipmanlar\u0131 ve profesyonel test sistemleri kullan\u0131ma sunmu\u015f olup, g\u00fc\u00e7l\u00fc inovasyon yeteneklerine sahibiz. ISO9001, CE ve SGS gibi \u00e7e\u015fitli uluslararas\u0131 sertifikalara sahibiz. Ayr\u0131ca, m\u00fc\u015fteri ihtiya\u00e7lar\u0131na g\u00f6re \u00fcr\u00fcnleri \u00f6zelle\u015ftirebiliyoruz. Sat\u0131\u015f sonras\u0131 hizmet ekibimiz, m\u00fc\u015fterilerimize profesyonel ve verimli hizmetler sunacakt\u0131r.<\/p>\n<p>Sonu\u00e7 olarak, Komatsu PC210-6-6E-7-8 orta ekskavat\u00f6r i\u00e7in kullan\u0131lan kol silindiri, \u00e7e\u015fitli makinelerde kritik bir rol oynayan \u00f6zel bir hidrolik silindirdir. Do\u011fru tasar\u0131m, se\u00e7im, s\u0131zd\u0131rmazl\u0131k, ya\u011flama, montaj ve bak\u0131m, d\u00fczg\u00fcn \u00e7al\u0131\u015fmas\u0131n\u0131 sa\u011flamak i\u00e7in \u00e7ok \u00f6nemlidir. \u015eirketimiz, m\u00fc\u015fterilerine y\u00fcksek kaliteli \u00fcr\u00fcnler ve profesyonel hizmetler sunan, yedek hidrolik silindirlerin profesyonel bir \u00fcreticisidir.<\/p>","protected":false},"excerpt":{"rendered":"<p>Arm Cylinder for Komatsu Middle Excavator PC210-6-6E-7-8 Arm cylinder is a specialized hydraulic cylinder that is mainly used to provide linear motion and power for the arms of various machinery, such as excavators, cranes, and mechanical arms. Arm cylinders play a crucial role in the hydraulic system, allowing attachments or accessories to move and control [&hellip;]<\/p>","protected":false},"featured_media":14786,"comment_status":"open","ping_status":"closed","template":"","meta":{"_et_pb_use_builder":"","_et_pb_old_content":"","_et_gb_content_width":""},"product_brand":[],"product_cat":[1497],"product_tag":[1498,1496],"class_list":{"0":"post-16063","1":"product","2":"type-product","3":"status-publish","4":"has-post-thumbnail","6":"product_cat-arm-cylinders","7":"product_tag-arm-cylinders","8":"product_tag-hydraulic-cylinders","10":"first","11":"instock","12":"shipping-taxable","13":"product-type-simple"},"amp_enabled":true,"_links":{"self":[{"href":"https:\/\/www.hydraulic-cylinders.net\/tr\/wp-json\/wp\/v2\/product\/16063","targetHints":{"allow":["GET"]}}],"collection":[{"href":"https:\/\/www.hydraulic-cylinders.net\/tr\/wp-json\/wp\/v2\/product"}],"about":[{"href":"https:\/\/www.hydraulic-cylinders.net\/tr\/wp-json\/wp\/v2\/types\/product"}],"replies":[{"embeddable":true,"href":"https:\/\/www.hydraulic-cylinders.net\/tr\/wp-json\/wp\/v2\/comments?post=16063"}],"wp:featuredmedia":[{"embeddable":true,"href":"https:\/\/www.hydraulic-cylinders.net\/tr\/wp-json\/wp\/v2\/media\/14786"}],"wp:attachment":[{"href":"https:\/\/www.hydraulic-cylinders.net\/tr\/wp-json\/wp\/v2\/media?parent=16063"}],"wp:term":[{"taxonomy":"product_brand","embeddable":true,"href":"https:\/\/www.hydraulic-cylinders.net\/tr\/wp-json\/wp\/v2\/product_brand?post=16063"},{"taxonomy":"product_cat","embeddable":true,"href":"https:\/\/www.hydraulic-cylinders.net\/tr\/wp-json\/wp\/v2\/product_cat?post=16063"},{"taxonomy":"product_tag","embeddable":true,"href":"https:\/\/www.hydraulic-cylinders.net\/tr\/wp-json\/wp\/v2\/product_tag?post=16063"}],"curies":[{"name":"wp","href":"https:\/\/api.w.org\/{rel}","templated":true}]}}