{"id":16064,"date":"2025-01-20T08:25:53","date_gmt":"2025-01-20T08:25:53","guid":{"rendered":"https:\/\/www.hydraulic-cylinders.net\/product\/arm-cylinderfor-komatsu-middle-excavator-pc230lc-6\/"},"modified":"2025-01-20T08:25:55","modified_gmt":"2025-01-20T08:25:55","slug":"arm-cylinderfor-komatsu-middle-excavator-pc230lc-6","status":"publish","type":"product","link":"https:\/\/www.hydraulic-cylinders.net\/tr\/urun\/arm-cylinderfor-komatsu-middle-excavator-pc230lc-6\/","title":{"rendered":"Komatsu PC230LC-6 Orta Ekskavat\u00f6r i\u00e7in Kol Silindiri"},"content":{"rendered":"<p>Komatsu PC230LC-6 Orta Ekskavat\u00f6r \u0130\u00e7in Kol Silindiri<\/p>\n<p>Girii\u015f:<br \/>\nKol silindiri, ekskavat\u00f6rler, vin\u00e7ler ve robot kollar\u0131 gibi \u00e7e\u015fitli makinelerin kollar\u0131na do\u011frusal hareket ve g\u00fc\u00e7 sa\u011flamak i\u00e7in \u00f6zel olarak tasarlanm\u0131\u015f bir hidrolik silindirdir. Bu silindirler, hidrolik sistemde hayati bir rol oynayarak ek aletlerin veya ata\u015fmanlar\u0131n etkili hareketini ve kontrol\u00fcn\u00fc sa\u011flar. Bu silindirler sadece d\u00fczg\u00fcn hareket sa\u011flamakla kalmaz, ayn\u0131 zamanda a\u011f\u0131r y\u00fckleri de ta\u015f\u0131yarak \u00e7e\u015fitli \u00e7al\u0131\u015fma ko\u015fullar\u0131 alt\u0131nda makinelerin verimli \u00e7al\u0131\u015fmas\u0131n\u0131 ve g\u00fcvenilirli\u011fini sa\u011flar.<\/p>\n<p><img decoding=\"async\" src=\"https:\/\/www.hydraulic-cylinders.net\/wp-content\/uploads\/2025\/01\/songte-company-2.webp\" \/><\/p>\n<p>\u00d6zellikler:<br \/>\nKol silindirlerinin, onlar\u0131 a\u011f\u0131r makineler i\u00e7in ideal bir se\u00e7im haline getiren baz\u0131 benzersiz \u00f6zellikleri vard\u0131r. Bu \u00f6zelliklerden baz\u0131lar\u0131 \u015funlard\u0131r:<\/p>\n<p>1. Y\u00fcksek verimli aktar\u0131m: Kol silindirleri g\u00fc\u00e7l\u00fc do\u011frusal hareket ve kuvvet sa\u011flayarak i\u015flemler s\u0131ras\u0131nda y\u00fcksek verimlilik sa\u011flar.<br \/>\n2. Hassas kontrol: Kol silindirleri, hidrolik sistem arac\u0131l\u0131\u011f\u0131yla hassas hareket kontrol\u00fc sa\u011flayarak ek aletlerin kullan\u0131m\u0131n\u0131 daha esnek ve do\u011fru hale getirir.<br \/>\n3. Y\u00fcksek dayan\u0131kl\u0131l\u0131k: Kol silindirleri genellikle y\u00fcksek mukavemetli, a\u015f\u0131nma ve korozyon direnci y\u00fcksek malzemelerden \u00fcretilir; bu da onlar\u0131 zorlu ortamlarda bile uzun s\u00fcreli kullan\u0131ma uygun hale getirir.<br \/>\n4. \u00c7ok fonksiyonlu uyarlanabilirlik: Bu silindirler, ekskavat\u00f6rler, vin\u00e7ler ve robot kollar\u0131 gibi \u00e7e\u015fitli makine t\u00fcrlerinde yayg\u0131n olarak kullan\u0131labilir ve farkl\u0131 \u00e7al\u0131\u015fma gereksinimlerine uygundur.<br \/>\n5. Kolay bak\u0131m: Bu silindirlerin tasar\u0131m\u0131, bak\u0131mlar\u0131n\u0131 ve de\u011fi\u015fimlerini kolayla\u015ft\u0131rarak d\u00fczenli kontrolleri ve bak\u0131m\u0131 daha pratik hale getirir ve ekipman ar\u0131za s\u00fcresini azalt\u0131r.<\/p>\n<p><img decoding=\"async\" src=\"https:\/\/www.hydraulic-cylinders.net\/wp-content\/uploads\/2025\/01\/songte-oil-pipes-and-spare-parts.webp\" \/><\/p>\n<p>Uygulamalar:<br \/>\nKol silindirleri, \u00e7e\u015fitli end\u00fcstrilerde farkl\u0131 uygulamalar i\u00e7in kullan\u0131l\u0131r, \u00f6rne\u011fin:<\/p>\n<p>1. \u0130n\u015faat M\u00fchendisli\u011fi: Ekskavat\u00f6rlerde ve vin\u00e7lerde, kol silindirleri toprak ta\u015f\u0131ma, malzeme ta\u015f\u0131ma ve yap\u0131 kurulumu amac\u0131yla kep\u00e7elerin veya bomlar\u0131n hareketini kontrol etmek i\u00e7in kullan\u0131l\u0131r.<br \/>\n2. \u0130malat Sanayi: Otomatik \u00fcretim hatlar\u0131nda, montaj, kaynak ve malzeme ta\u015f\u0131ma s\u00fcre\u00e7lerinde robot kollar\u0131n\u0131n hareket ettirilmesi i\u00e7in kol silindirleri kullan\u0131l\u0131r; bu da \u00fcretim verimlili\u011fini ve do\u011frulu\u011funu art\u0131r\u0131r.<br \/>\n3. Tar\u0131m Makineleri: Bi\u00e7erd\u00f6ver ve tohum ekme makineleri gibi tar\u0131m makinelerinde, kol silindirleri ekim, g\u00fcbreleme ve hasat i\u015flemleri s\u0131ras\u0131nda \u00e7al\u0131\u015fma kollar\u0131n\u0131n hareketini kontrol eder.<br \/>\n4. Madencilik: Madencilik ekipmanlar\u0131nda, cevher \u00e7\u0131karma ve ta\u015f\u0131ma amac\u0131yla madencilik ekipman\u0131n\u0131n kol hareketini kontrol etmek i\u00e7in kol silindirleri kullan\u0131l\u0131r.<br \/>\n5. Lojistik ve Ta\u015f\u0131mac\u0131l\u0131k: Forkliftlerde ve ta\u015f\u0131ma robotlar\u0131nda, kol silindirleri y\u00fck\u00fcn kald\u0131r\u0131lmas\u0131n\u0131 ve ta\u015f\u0131nmas\u0131n\u0131 kontrol etmek i\u00e7in kullan\u0131l\u0131r ve malzeme elle\u00e7leme ve istifleme i\u015flemlerini kolayla\u015ft\u0131r\u0131r.<\/p>\n<p>Tasar\u0131m Hususlar\u0131 ve Se\u00e7im Kriterleri:<br \/>\nKol silindirlerinin tasar\u0131m\u0131nda y\u00fck kapasitesi, s\u0131zd\u0131rmazl\u0131k, dayan\u0131kl\u0131l\u0131k, g\u00fcvenlik ve bak\u0131m kolayl\u0131\u011f\u0131 gibi \u00e7e\u015fitli fakt\u00f6rler dikkate al\u0131n\u0131r. Bu fakt\u00f6rlerden baz\u0131lar\u0131 \u015funlard\u0131r:<\/p>\n<p>1. Y\u00fck Kapasitesi: Kol silindiri, makinenin a\u011f\u0131rl\u0131\u011f\u0131n\u0131 ve \u00e7al\u0131\u015fma s\u0131ras\u0131nda ta\u015f\u0131d\u0131\u011f\u0131 y\u00fckleri kald\u0131rabilecek yeterli y\u00fck kapasitesine sahip olmal\u0131d\u0131r.<br \/>\n2. S\u0131zd\u0131rmazl\u0131k: Kol silindirinin s\u0131z\u0131nt\u0131lar\u0131 \u00f6nlemek ve verimli \u00e7al\u0131\u015fmay\u0131 sa\u011flamak i\u00e7in uygun \u015fekilde s\u0131zd\u0131rmaz hale getirilmesi gerekir.<br \/>\n3. Dayan\u0131kl\u0131l\u0131k: Kol silindiri dayan\u0131kl\u0131 olmal\u0131, a\u015f\u0131nmaya ve korozyona kar\u015f\u0131 diren\u00e7li olmal\u0131 ve zorlu \u00e7evre ko\u015fullar\u0131nda uzun s\u00fcreli kullan\u0131m sa\u011flamal\u0131d\u0131r.<br \/>\n4. G\u00fcvenlik: Kol silindiri, \u00e7al\u0131\u015fma s\u0131ras\u0131nda makinenin ve operat\u00f6rlerinin g\u00fcvenli\u011fini sa\u011flayacak \u015fekilde g\u00fcvenlik standartlar\u0131na uygun olmal\u0131d\u0131r.<br \/>\n5. Bak\u0131m Kolayl\u0131\u011f\u0131: Kol silindirinin bak\u0131m\u0131 ve de\u011fi\u015ftirilmesi kolay olmal\u0131, b\u00f6ylece bak\u0131m s\u0131ras\u0131nda makinenin ar\u0131za s\u00fcresi azalt\u0131lmal\u0131d\u0131r.<\/p>\n<p><img decoding=\"async\" src=\"https:\/\/www.hydraulic-cylinders.net\/wp-content\/uploads\/2025\/01\/songte-cylinder-head-with-all-kinds-excavator-models.webp\" \/><\/p>\n<p>S\u0131zd\u0131rmazl\u0131k ve Ya\u011flama:<br \/>\nKol silindirlerinde, poli\u00fcretan ve nitril kau\u00e7uk gibi a\u015f\u0131nmaya dayan\u0131kl\u0131 malzemelerden yap\u0131lm\u0131\u015f piston contalar\u0131, mil contalar\u0131 vb. \u00e7e\u015fitli conta t\u00fcrleri kullan\u0131l\u0131r. Silindir g\u00f6vdesi ve di\u015fli u\u00e7 y\u00fczeyleri, a\u015f\u0131nma direncini art\u0131rmak i\u00e7in ince i\u015fleme tabi tutulur. Silindiri ya\u011flamak ve a\u015f\u0131nmay\u0131 \u00f6nlemek i\u00e7in d\u00fczenli olarak uygun miktarda hidrolik ya\u011f eklemek gereklidir.<\/p>\n<p>D\u00fczenli Muayene ve \u00d6nleyici Bak\u0131m:<br \/>\nKol silindirinin d\u00fczenli olarak incelenmesi, olas\u0131 sorunlar\u0131 tespit etmek ve b\u00fcy\u00fck sorunlar\u0131n \u00f6n\u00fcne ge\u00e7mek i\u00e7in \u00f6nleyici bak\u0131m yap\u0131lmas\u0131n\u0131 sa\u011flamak amac\u0131yla gereklidir. \u00d6nleyici bak\u0131m \u00f6nlemleri aras\u0131nda contalar\u0131n ve ya\u011flaman\u0131n kontrol edilmesi, silindirin temizlenmesi ve a\u015f\u0131nm\u0131\u015f par\u00e7alar\u0131n de\u011fi\u015ftirilmesi yer almaktad\u0131r.<\/p>\n<p>Kurulum K\u0131lavuzu:<br \/>\nKol silindirinin montaj\u0131, \u00fcreticinin talimatlar\u0131na uygun olarak bir profesyonel taraf\u0131ndan yap\u0131lmal\u0131d\u0131r. Kullanmadan \u00f6nce silindirin ve ba\u011flant\u0131lar\u0131n\u0131n herhangi bir s\u0131z\u0131nt\u0131 a\u00e7\u0131s\u0131ndan kontrol edilmesi gereklidir.<\/p>\n<p><img decoding=\"async\" src=\"https:\/\/www.hydraulic-cylinders.net\/wp-content\/uploads\/2025\/01\/songte-bushings-with-all-kinds-of-excavator-models.webp\" \/><\/p>\n<p>G\u00fcvenlik Hususlar\u0131:<br \/>\nKol silindirini kullan\u0131rken koruyucu ekipman kullanmak, \u00fcreticinin talimatlar\u0131na uymak ve silindiri d\u00fczenli olarak g\u00fcvenlik sorunlar\u0131 a\u00e7\u0131s\u0131ndan kontrol etmek gibi g\u00fcvenlik \u00f6nlemlerine uymak \u00e7ok \u00f6nemlidir.<\/p>\n<p>Sorun Giderme ve Yayg\u0131n Sorunlar:<br \/>\nKol silindirlerinde s\u0131k kar\u015f\u0131la\u015f\u0131lan sorunlar aras\u0131nda s\u0131z\u0131nt\u0131lar, a\u015f\u0131nma ve y\u0131pranma ile silindir ar\u0131zalar\u0131 yer almaktad\u0131r. Sorunu tespit etmek ve uygun sorun giderme \u00f6nlemlerini uygulamak gereklidir. D\u00fczenli inceleme ve bak\u0131m gibi \u00f6nleyici tedbirler, bu t\u00fcr sorunlar\u0131n azalt\u0131lmas\u0131na yard\u0131mc\u0131 olabilir.<\/p>\n<p><img decoding=\"async\" src=\"https:\/\/www.hydraulic-cylinders.net\/wp-content\/uploads\/2025\/01\/songte-chushion-collar.webp\" \/><\/p>\n<p>\u015eirket Hakk\u0131nda:<br \/>\nGeni\u015f \u00fcr\u00fcn yelpazesiyle profesyonel bir yedek hidrolik silindir \u00fcreticisiyiz ve bu da bizi hem yurt i\u00e7i hem de uluslararas\u0131 pazarlarda \u00f6nde gelen hidrolik silindir \u00fcreticilerinden ve toptanc\u0131lar\u0131ndan biri yapmaktad\u0131r. Her zaman m\u00fckemmel kalite ilkesine ba\u011fl\u0131 kalarak, teknolojimizi ve \u00fcretim verimlili\u011fimizi s\u00fcrekli geli\u015ftiriyoruz. Amac\u0131m\u0131z, m\u00fc\u015fterilerimizin \u00e7e\u015fitli ihtiya\u00e7lar\u0131n\u0131 y\u00fcksek verimlilik, hassasiyet ve y\u00fcksek kaliteli \u00fcr\u00fcnlerle kar\u015f\u0131lamakt\u0131r.<\/p>\n<p>\u015eirketimiz profesyonel, ki\u015fiselle\u015ftirilmi\u015f hizmetler sunmakta olup bir\u00e7ok uluslararas\u0131 sertifikaya sahiptir. M\u00fc\u015fteri memnuniyetini sa\u011flamak i\u00e7in geli\u015fmi\u015f \u00fcretim ekipmanlar\u0131m\u0131z ve g\u00fc\u00e7l\u00fc bir sat\u0131\u015f sonras\u0131 servis ekibimiz bulunmaktad\u0131r.<\/p>\n<p><img decoding=\"async\" src=\"https:\/\/www.hydraulic-cylinders.net\/wp-content\/uploads\/2025\/01\/songte-company-4.webp\" \/><br \/>\n<img decoding=\"async\" src=\"https:\/\/www.hydraulic-cylinders.net\/wp-content\/uploads\/2025\/01\/songte-company-3.webp\" \/><\/p>\n<p>Yazar: lyl<\/p>","protected":false},"excerpt":{"rendered":"<p>Arm Cylinder For Komatsu Middle Excavator PC230LC-6 Introduction: Arm cylinder is a specially designed hydraulic cylinder that is mainly used to provide linear motion and power to the arms of various types of machinery like excavators, cranes, and robotic arms. These cylinders play a crucial role in the hydraulic system, enabling the effective movement and [&hellip;]<\/p>","protected":false},"featured_media":14783,"comment_status":"open","ping_status":"closed","template":"","meta":{"_et_pb_use_builder":"","_et_pb_old_content":"","_et_gb_content_width":""},"product_brand":[],"product_cat":[1497],"product_tag":[1498,1496],"class_list":{"0":"post-16064","1":"product","2":"type-product","3":"status-publish","4":"has-post-thumbnail","6":"product_cat-arm-cylinders","7":"product_tag-arm-cylinders","8":"product_tag-hydraulic-cylinders","10":"first","11":"instock","12":"shipping-taxable","13":"product-type-simple"},"amp_enabled":true,"_links":{"self":[{"href":"https:\/\/www.hydraulic-cylinders.net\/tr\/wp-json\/wp\/v2\/product\/16064","targetHints":{"allow":["GET"]}}],"collection":[{"href":"https:\/\/www.hydraulic-cylinders.net\/tr\/wp-json\/wp\/v2\/product"}],"about":[{"href":"https:\/\/www.hydraulic-cylinders.net\/tr\/wp-json\/wp\/v2\/types\/product"}],"replies":[{"embeddable":true,"href":"https:\/\/www.hydraulic-cylinders.net\/tr\/wp-json\/wp\/v2\/comments?post=16064"}],"wp:featuredmedia":[{"embeddable":true,"href":"https:\/\/www.hydraulic-cylinders.net\/tr\/wp-json\/wp\/v2\/media\/14783"}],"wp:attachment":[{"href":"https:\/\/www.hydraulic-cylinders.net\/tr\/wp-json\/wp\/v2\/media?parent=16064"}],"wp:term":[{"taxonomy":"product_brand","embeddable":true,"href":"https:\/\/www.hydraulic-cylinders.net\/tr\/wp-json\/wp\/v2\/product_brand?post=16064"},{"taxonomy":"product_cat","embeddable":true,"href":"https:\/\/www.hydraulic-cylinders.net\/tr\/wp-json\/wp\/v2\/product_cat?post=16064"},{"taxonomy":"product_tag","embeddable":true,"href":"https:\/\/www.hydraulic-cylinders.net\/tr\/wp-json\/wp\/v2\/product_tag?post=16064"}],"curies":[{"name":"wp","href":"https:\/\/api.w.org\/{rel}","templated":true}]}}