{"id":1607,"date":"2023-10-08T01:17:41","date_gmt":"2023-10-08T01:17:41","guid":{"rendered":"https:\/\/hydraulic-cylinders.net\/?post_type=product&#038;p=1607"},"modified":"2025-04-14T01:17:37","modified_gmt":"2025-04-14T01:17:37","slug":"mining-dump-truck-lifting-cylinder","status":"publish","type":"product","link":"https:\/\/www.hydraulic-cylinders.net\/tr\/urun\/mining-dump-truck-lifting-cylinder\/","title":{"rendered":"Madencilik Damperli Kamyon Kald\u0131rma Silindiri"},"content":{"rendered":"<h1 style=\"text-align: center;\"><strong>Madencilik Damperli Kamyon Kald\u0131rma Silindiri<\/strong><\/h1>\n<p><img loading=\"lazy\" decoding=\"async\" class=\"aligncenter wp-image-1608\" src=\"https:\/\/hydraulic-cylinders.net\/wp-content\/uploads\/2023\/10\/lifting-cylinder-1-300x300.webp\" alt=\"\" width=\"400\" height=\"400\" \/><\/p>\n<p>Maden damperli kamyon kald\u0131rma silindiri, maden damperli kamyonlar\u0131 i\u00e7in \u00f6zel olarak tasarlanm\u0131\u015f \u00f6nemli bir bile\u015fendir. Bu g\u00fc\u00e7l\u00fc hidrolik silindir, kamyonun damperli kasas\u0131n\u0131 kald\u0131r\u0131p indirmekten sorumludur ve madencilik operasyonlar\u0131nda malzemelerin verimli bir \u015fekilde y\u00fcklenip bo\u015falt\u0131lmas\u0131n\u0131 sa\u011flar.<\/p>\n<p>Madencilik damperli kamyon kald\u0131rma silindiri, madencilik operasyonlar\u0131n\u0131n verimlili\u011fine ve \u00fcretkenli\u011fine \u00f6nemli \u00f6l\u00e7\u00fcde katk\u0131da bulunan \u00f6nemli bir bile\u015fendir. Sa\u011flam yap\u0131s\u0131, y\u00fcksek kald\u0131rma kapasitesi ve hassas kontrol\u00fcyle bu hidrolik silindir, malzemelerin sorunsuz bir \u015fekilde y\u00fcklenip bo\u015falt\u0131lmas\u0131n\u0131 sa\u011flayarak ar\u0131za s\u00fcresini en aza indirir ve verimi en \u00fcst d\u00fczeye \u00e7\u0131kar\u0131r. Operat\u00f6rler, do\u011fru kullan\u0131m y\u00f6ntemlerini izleyerek ve \u00f6nerilen bak\u0131m uygulamalar\u0131na uyarak, madencilik damperli kamyon kald\u0131rma silindirinin uzun \u00f6m\u00fcrl\u00fc ve g\u00fcvenilir performans\u0131n\u0131 garanti edebilirler. Madencilik damperli kamyonunuzun kald\u0131rma kapasitesini art\u0131rmak ve madencilik operasyonlar\u0131n\u0131z\u0131 optimize etmek i\u00e7in bu y\u00fcksek performansl\u0131 silindiri se\u00e7in.<\/p>\n<p>Madencilik Damperli Kamyon Kald\u0131rma Silindirinin Temel \u00d6zellikleri:<\/p>\n<ol>\n<li>Sa\u011flam ve G\u00fcvenilir Yap\u0131:<\/li>\n<\/ol>\n<ul>\n<li>Madencilik Damperli Kamyon Kald\u0131rma Silindiri, madencilik operasyonlar\u0131n\u0131n zorlu ko\u015fullar\u0131na dayanacak \u015fekilde y\u00fcksek kaliteli malzemeler ve hassas m\u00fchendislik kullan\u0131larak dayan\u0131kl\u0131l\u0131k d\u00fc\u015f\u00fcn\u00fclerek \u00fcretilmi\u015ftir.<\/li>\n<li>A\u011f\u0131r y\u00fckleri ta\u015f\u0131yabilmek i\u00e7in ola\u011fan\u00fcst\u00fc dayan\u0131kl\u0131l\u0131k ve g\u00fcvenilirlik sunar ve zorlu ortamlarda bile tutarl\u0131 performans sa\u011flar.<\/li>\n<\/ul>\n<ol start=\"2\">\n<li>Y\u00fcksek Kald\u0131rma Kapasitesi:<\/li>\n<\/ol>\n<ul>\n<li>Bu silindir, maden damperli kamyonunun b\u00fcy\u00fck miktardaki malzemeleri verimli bir \u015fekilde ta\u015f\u0131mas\u0131na olanak tan\u0131yan \u00f6nemli kald\u0131rma kapasitesi sa\u011flayacak \u015fekilde tasarlanm\u0131\u015ft\u0131r.<\/li>\n<li>Etkileyici kald\u0131rma g\u00fcc\u00fcyle h\u0131zl\u0131 ve g\u00fcvenilir bo\u015faltma sa\u011flayarak, i\u015f yerindeki duru\u015f s\u00fcresini en aza indirir ve \u00fcretkenli\u011fi en \u00fcst d\u00fczeye \u00e7\u0131kar\u0131r.<\/li>\n<\/ul>\n<ol start=\"3\">\n<li>Hassas Kontrol ve Sorunsuz \u00c7al\u0131\u015fma:<\/li>\n<\/ol>\n<ul>\n<li>Maden Damperli Kamyon Kald\u0131rma Silindiri, damperli yata\u011f\u0131n kald\u0131r\u0131lmas\u0131 ve indirilmesi \u00fczerinde hassas kontrol sa\u011flayarak, d\u00fczg\u00fcn ve do\u011fru hareket sa\u011flar.<\/li>\n<li>Bu \u00f6zellik operat\u00f6rlerin damperli kamyonu hassas bir \u015fekilde konumland\u0131rmas\u0131na olanak tan\u0131yarak, y\u00fckleme ve bo\u015faltma i\u015flemlerinin verimli bir \u015fekilde yap\u0131lmas\u0131n\u0131 sa\u011flar.<\/li>\n<\/ul>\n<h2><strong>Madencilik Damperli Kamyon Kald\u0131rma Silindiri Parametresi:<\/strong><\/h2>\n<table border=\"1\" cellspacing=\"0\" cellpadding=\"0\">\n<tbody>\n<tr>\n<td>\u00dcr\u00fcn Ad\u0131<\/td>\n<td>Madencilik Damperli Kamyon Kald\u0131rma Silindiri<\/td>\n<\/tr>\n<tr>\n<td>\u00d6zellikler:<\/td>\n<td>Y\u00fck bo\u015faltma i\u00e7in g\u00f6vdeyi kald\u0131r\u0131n\/indirin<\/td>\n<\/tr>\n<tr>\n<td>Delik \u00e7ap\u0131:<\/td>\n<td>120 mm\uff5e380 mm<\/td>\n<\/tr>\n<tr>\n<td>\u00c7ubuk \u00e7ap\u0131:<\/td>\n<td>90mm\uff5e350mm<\/td>\n<\/tr>\n<tr>\n<td>Genel olarak:<\/td>\n<td>\u0130ki kademeli veya \u00fc\u00e7 kademeli silindir<\/td>\n<\/tr>\n<tr>\n<td>Kald\u0131rma Silindiri Uygulamalar\u0131:<\/td>\n<td>Maden Damperli Kamyon<\/td>\n<\/tr>\n<\/tbody>\n<\/table>\n<h2><strong>Madencilik Damperli Kamyon Silindir Tan\u0131mlama Diyagram\u0131:<\/strong><\/h2>\n<p><img loading=\"lazy\" decoding=\"async\" class=\"alignnone wp-image-1594 size-full\" src=\"https:\/\/hydraulic-cylinders.net\/wp-content\/uploads\/2023\/10\/mining-dump-truck-cylinder.webp\" alt=\"\" width=\"1418\" height=\"946\" srcset=\"https:\/\/hydraulic-cylinders.net\/wp-content\/uploads\/2023\/10\/mining-dump-truck-cylinder.webp 1418w, https:\/\/hydraulic-cylinders.net\/wp-content\/uploads\/2023\/10\/mining-dump-truck-cylinder-1280x854.webp 1280w, https:\/\/hydraulic-cylinders.net\/wp-content\/uploads\/2023\/10\/mining-dump-truck-cylinder-980x654.webp 980w, https:\/\/hydraulic-cylinders.net\/wp-content\/uploads\/2023\/10\/mining-dump-truck-cylinder-480x320.webp 480w\" sizes=\"(min-width: 0px) and (max-width: 480px) 480px, (min-width: 481px) and (max-width: 980px) 980px, (min-width: 981px) and (max-width: 1280px) 1280px, (min-width: 1281px) 1418px, 100vw\" \/><\/p>\n<h2><strong>Madencilik Damperli Kamyon Kald\u0131rma Silindirinin Kullan\u0131m Y\u00f6ntemi<\/strong><strong>:<\/strong><\/h2>\n<ol>\n<li><strong>Damperli Kamyon Sistemi ile Entegrasyon:<\/strong><\/li>\n<\/ol>\n<ul>\n<li>Madencilik Damperli Kamyon Kald\u0131rma Silindiri genellikle damperli kamyonun hidrolik sistemine entegre edilmi\u015ftir.<\/li>\n<li>Silindirin \u00e7al\u0131\u015fmas\u0131 i\u00e7in gerekli hidrolik bas\u0131nc\u0131 sa\u011flayan pompa gibi bir hidrolik g\u00fc\u00e7 kayna\u011f\u0131na ba\u011fl\u0131d\u0131r.<\/li>\n<\/ul>\n<ol start=\"2\">\n<li><strong>Kontrol Mekanizmalar\u0131:<\/strong><\/li>\n<\/ol>\n<ul>\n<li>Damperli kasan\u0131n kald\u0131r\u0131lmas\u0131 ve indirilmesi, kamyonun kabininde bulunan hidrolik valfler ve kumanda kollar\u0131 vas\u0131tas\u0131yla kontrol edilir.<\/li>\n<li>Operat\u00f6rler, damperli kamyonun kald\u0131r\u0131lmas\u0131 veya indirilmesi i\u00e7in silindiri etkinle\u015ftirebilir ve b\u00f6ylece verimli malzeme ta\u015f\u0131ma i\u015flemi yap\u0131labilir.<\/li>\n<\/ul>\n<h2><strong>Hidrolik Direksiyon Sistemi Nas\u0131l \u00c7al\u0131\u015f\u0131r?<\/strong><\/h2>\n<p>Hidrolik direksiyon sistemi, modern ara\u00e7larda s\u00fcr\u00fcc\u00fcn\u00fcn arac\u0131 kolay ve hassas bir \u015fekilde y\u00f6nlendirmesine yard\u0131mc\u0131 olan \u00f6nemli bir bile\u015fendir. S\u00fcr\u00fcc\u00fcn\u00fcn komutlar\u0131n\u0131 g\u00fc\u00e7lendirmek ve p\u00fcr\u00fczs\u00fcz ve h\u0131zl\u0131 tepki veren bir direksiyon kontrol\u00fc sa\u011flamak i\u00e7in hidrolik bas\u0131nc\u0131 kullan\u0131r. Hidrolik direksiyon sisteminin nas\u0131l \u00e7al\u0131\u015ft\u0131\u011f\u0131n\u0131 inceleyelim:<\/p>\n<ol>\n<li><strong>Hidrolik Pompa:<\/strong><br \/>\nSistem, genellikle arac\u0131n motoru taraf\u0131ndan tahrik edilen bir hidrolik pompa ile ba\u015flar. Pompa, motorun d\u00f6nme hareketinden g\u00fc\u00e7 alarak hidrolik bas\u0131n\u00e7 \u00fcretmekten sorumludur. Genellikle bir kay\u0131\u015f veya di\u011fer mekanik ara\u00e7larla motora ba\u011flan\u0131r.<\/li>\n<li><strong>Hidrolik Direksiyon S\u0131v\u0131s\u0131:<\/strong><br \/>\nHidrolik pompa, hidrolik s\u0131v\u0131 olarak da bilinen hidrolik direksiyon s\u0131v\u0131s\u0131n\u0131 sistem genelinde dola\u015ft\u0131r\u0131r. Bu s\u0131v\u0131, kuvvet ve bas\u0131nc\u0131 ileten bir ortam g\u00f6revi g\u00f6r\u00fcr.<\/li>\n<li><strong>Direksiyon \u015eanz\u0131man\u0131\/Kremayer ve Pinyon:<\/strong><br \/>\nHidrolik direksiyon s\u0131v\u0131s\u0131, direksiyon di\u015fli kutusuna veya kremayer ve pinyon tertibat\u0131na y\u00f6nlendirilir. Bu bile\u015fenler, direksiyon simidinin d\u00f6nme hareketini yanal harekete d\u00f6n\u00fc\u015ft\u00fcrerek arac\u0131n tekerleklerini d\u00f6nd\u00fcr\u00fcr.<\/li>\n<li><strong>G\u00fc\u00e7 Deste\u011fi:<\/strong><br \/>\nHidrolik direksiyon sistemi, hidrolik direksiyon kontrol valfi veya hidrolik direksiyon destek silindiri gibi bir hidrolik destek mekanizmas\u0131 i\u00e7erir. Bu bile\u015fenler, s\u00fcr\u00fcc\u00fcn\u00fcn direksiyon hareketlerine destek sa\u011flamak i\u00e7in pompadan gelen hidrolik bas\u0131nc\u0131 kullan\u0131r. S\u00fcr\u00fcc\u00fc direksiyonu \u00e7evirdi\u011finde, hidrolik destek mekanizmas\u0131 hidrolik direksiyon s\u0131v\u0131s\u0131n\u0131n ak\u0131\u015f\u0131n\u0131 ayarlayarak tekerlekleri \u00e7evirmek i\u00e7in gereken eforu azaltmaya yard\u0131mc\u0131 olur.<\/li>\n<li><strong>Direksiyon Geri Bildirimi:<\/strong><br \/>\nDo\u011fal bir direksiyon hissi sa\u011flamak ve s\u00fcr\u00fcc\u00fcye geri bildirim sa\u011flamak i\u00e7in hidrolik direksiyon sistemi, direksiyon di\u015flisi veya burulma \u00e7ubu\u011fu ad\u0131 verilen bir cihaz i\u00e7erir. Bu bile\u015fen, direksiyon simidinde belirli bir diren\u00e7 ve geri bildirim seviyesi sa\u011flayarak s\u00fcr\u00fcc\u00fcn\u00fcn yolla ba\u011flant\u0131s\u0131n\u0131 g\u00fc\u00e7lendirir.<\/li>\n<li><strong>Bas\u0131n\u00e7 Tahliye Vanas\u0131:<\/strong><br \/>\nHidrolik direksiyon sistemine, a\u015f\u0131r\u0131 bas\u0131n\u00e7 olu\u015fumunu \u00f6nlemek i\u00e7in bir bas\u0131n\u00e7 tahliye valfi entegre edilmi\u015ftir. Bu valf, sistemin g\u00fcvenli s\u0131n\u0131rlar i\u00e7inde \u00e7al\u0131\u015fmas\u0131n\u0131 sa\u011flar ve olas\u0131 hasarlara kar\u015f\u0131 koruma sa\u011flar.<\/li>\n<\/ol>\n<h2><strong>Fabrikan\u0131n Kapasitesi ve Kapasitesi:<\/strong><\/h2>\n<h3>(1) Meclis<\/h3>\n<p>Birinci s\u0131n\u0131f ba\u011f\u0131ms\u0131z bir ara\u015ft\u0131rma ve geli\u015ftirme montaj platformumuz bulunmaktad\u0131r. Hidrolik silindir \u00fcretim at\u00f6lyemizde, y\u0131ll\u0131k 1 milyon adet \u00fcretim kapasitesine sahip d\u00f6rt adet yar\u0131 otomatik kald\u0131rma silindiri montaj hatt\u0131 ve bir adet otomatik devirme silindiri montaj hatt\u0131 bulunmaktad\u0131r. \u00d6zel silindir at\u00f6lyemiz, y\u0131ll\u0131k 200.000 adet \u00fcretim kapasitesine sahip \u00e7e\u015fitli \u00f6zelliklerde yar\u0131 otomatik temizleme montaj sistemiyle donat\u0131lm\u0131\u015ft\u0131r. Ayr\u0131ca, \u00fcnl\u00fc CNC i\u015fleme ekipmanlar\u0131, bir i\u015fleme merkezi, y\u00fcksek hassasiyetli silindir i\u015fleme \u00f6zel ekipmanlar\u0131, bir robot kaynak makinesi, bir otomatik temizleme makinesi, otomatik silindir montaj makinesi ve otomatik boyama \u00fcretim hatt\u0131 ile donat\u0131lm\u0131\u015ft\u0131r. 300'den fazla setten olu\u015fan kritik ekipmanlar mevcuttur. Ekipman kaynaklar\u0131n\u0131n optimum da\u011f\u0131l\u0131m\u0131 ve verimli kullan\u0131m\u0131, \u00fcr\u00fcnlerin hassasiyet gereksinimlerini kar\u015f\u0131lar ve \u00fcr\u00fcnlerin y\u00fcksek kalite ihtiya\u00e7lar\u0131n\u0131 kar\u015f\u0131lar.<\/p>\n<p><img loading=\"lazy\" decoding=\"async\" class=\"alignnone wp-image-626\" src=\"https:\/\/hydraulic-cylinders.net\/wp-content\/uploads\/2023\/08\/hydraulic-cylinder-product-1-300x158.webp\" alt=\"\" width=\"495\" height=\"260\" srcset=\"https:\/\/hydraulic-cylinders.net\/wp-content\/uploads\/2023\/08\/hydraulic-cylinder-product-1-300x158.webp 495w, https:\/\/hydraulic-cylinders.net\/wp-content\/uploads\/2023\/08\/hydraulic-cylinder-product-1-480x252.webp 480w\" sizes=\"(min-width: 0px) and (max-width: 480px) 480px, (min-width: 481px) 495px, 100vw\" \/> <img loading=\"lazy\" decoding=\"async\" class=\"alignnone wp-image-627\" src=\"https:\/\/hydraulic-cylinders.net\/wp-content\/uploads\/2023\/08\/hydraulic-cylinder-product-2-300x189.webp\" alt=\"\" width=\"413\" height=\"260\" \/><\/p>\n<h3>(2) \u0130\u015fleme<\/h3>\n<p>\u0130\u015fleme at\u00f6lyesi, maksimum 400 mm i\u00e7 \u00e7apa ve maksimum 6 metre uzunlu\u011fa sahip silindir borular\u0131n\u0131n i\u015flenmesini ger\u00e7ekle\u015ftirebilen \u00f6zel e\u011fimli ray torna merkezi, i\u015fleme merkezi, y\u00fcksek h\u0131zl\u0131 honlama makinesi, kaynak robotu ve di\u011fer ilgili ekipmanlarla donat\u0131lm\u0131\u015ft\u0131r.<\/p>\n<p><img loading=\"lazy\" decoding=\"async\" class=\"alignnone wp-image-628 size-large\" src=\"https:\/\/hydraulic-cylinders.net\/wp-content\/uploads\/2023\/08\/hydraulic-cylinder-product-3-1024x391.webp\" alt=\"\" width=\"1024\" height=\"391\" srcset=\"https:\/\/hydraulic-cylinders.net\/wp-content\/uploads\/2023\/08\/hydraulic-cylinder-product-3-980x374.webp 980w, https:\/\/hydraulic-cylinders.net\/wp-content\/uploads\/2023\/08\/hydraulic-cylinder-product-3-480x183.webp 480w\" sizes=\"(min-width: 0px) and (max-width: 480px) 480px, (min-width: 481px) and (max-width: 980px) 980px, (min-width: 981px) 1024px, 100vw\" \/><\/p>\n<h3>(3) Kaynak<\/h3>\n<p><img loading=\"lazy\" decoding=\"async\" class=\"alignnone wp-image-629 size-large\" src=\"https:\/\/hydraulic-cylinders.net\/wp-content\/uploads\/2023\/08\/hydraulic-cylinder-product-4-1024x510.webp\" alt=\"\" width=\"1024\" height=\"510\" srcset=\"https:\/\/hydraulic-cylinders.net\/wp-content\/uploads\/2023\/08\/hydraulic-cylinder-product-4-980x488.webp 980w, https:\/\/hydraulic-cylinders.net\/wp-content\/uploads\/2023\/08\/hydraulic-cylinder-product-4-480x239.webp 480w\" sizes=\"(min-width: 0px) and (max-width: 480px) 480px, (min-width: 481px) and (max-width: 980px) 980px, (min-width: 981px) 1024px, 100vw\" \/><\/p>\n<h3>(4) Boyama ve kaplama<\/h3>\n<p>K\u00fc\u00e7\u00fck ve orta \u00f6l\u00e7ekli silindirli otomatik su bazl\u0131 boya kaplama hatlar\u0131nda, otomatik robot y\u00fckleme-bo\u015faltma ve otomatik p\u00fcsk\u00fcrtmeyi ger\u00e7ekle\u015ftirmek i\u00e7in, vardiya ba\u015f\u0131na 4000 adet tasar\u0131m kapasitesi;<br \/>\nAyr\u0131ca, vardiya ba\u015f\u0131na 60 kasa kapasiteli, g\u00fc\u00e7 zinciriyle \u00e7al\u0131\u015fan b\u00fcy\u00fck silindirler i\u00e7in yar\u0131 otomatik boya \u00fcretim hatt\u0131m\u0131z da bulunmaktad\u0131r.<\/p>\n<p><img loading=\"lazy\" decoding=\"async\" class=\"alignnone wp-image-630\" src=\"https:\/\/hydraulic-cylinders.net\/wp-content\/uploads\/2023\/08\/hydraulic-cylinder-product-5-300x213.webp\" alt=\"\" width=\"366\" height=\"260\" \/> <img loading=\"lazy\" decoding=\"async\" class=\"alignnone wp-image-631\" src=\"https:\/\/hydraulic-cylinders.net\/wp-content\/uploads\/2023\/08\/hydraulic-cylinder-product-6-300x225.webp\" alt=\"\" width=\"347\" height=\"260\" \/><\/p>\n<h3>(5) Test etme<\/h3>\n<p>Silindirin performans\u0131n\u0131n gereklilikleri kar\u015f\u0131lad\u0131\u011f\u0131ndan emin olmak i\u00e7in birinci s\u0131n\u0131f muayene tesislerimiz ve test yataklar\u0131m\u0131z bulunmaktad\u0131r.<\/p>\n<p><img loading=\"lazy\" decoding=\"async\" class=\"alignnone wp-image-632\" src=\"https:\/\/hydraulic-cylinders.net\/wp-content\/uploads\/2023\/08\/hydraulic-cylinder-product-8-300x200.webp\" alt=\"\" width=\"389\" height=\"260\" \/><\/p>\n<p>&nbsp;<\/p>\n<p>&nbsp;<\/p>\n<p>En iyi hidrolik silindir \u00fcreticilerinden biriyiz. Kapsaml\u0131 hidrolik silindirler sunabiliyoruz. Ayr\u0131ca, ilgili hidrolik silindirleri de sa\u011fl\u0131yoruz. <a href=\"https:\/\/hzpt.com\/agricultural-pto-gearbox\/\" target=\"_blank\" rel=\"noopener\">tar\u0131msal di\u015fli kutular\u0131<\/a>\u00dcr\u00fcnlerimizi d\u00fcnya \u00e7ap\u0131ndaki m\u00fc\u015fterilerimize ihra\u00e7 ettik ve \u00fcst\u00fcn \u00fcr\u00fcn kalitemiz ve sat\u0131\u015f sonras\u0131 hizmetlerimiz sayesinde iyi bir itibar kazand\u0131k. Yurt i\u00e7i ve yurt d\u0131\u015f\u0131ndaki m\u00fc\u015fterilerimizi i\u015f g\u00f6r\u00fc\u015fmeleri yapmak, bilgi al\u0131\u015fveri\u015finde bulunmak ve <a href=\"https:\/\/www.hydraulic-cylinders.net\/tr\/contact-us\/\">bizimle i\u015fbirli\u011fi yap\u0131n<\/a>!<\/p>","protected":false},"excerpt":{"rendered":"<p>Mining Dump Truck Lifting Cylinder The mining dump truck lifting cylinder is an essential component designed specifically for mining dump trucks. This powerful hydraulic cylinder is responsible for lifting and lowering the truck&#8217;s dump bed, allowing for efficient loading and unloading of materials in mining operations. The mining dump truck lifting cylinder is a crucial [&hellip;]<\/p>","protected":false},"featured_media":1609,"comment_status":"open","ping_status":"closed","template":"","meta":{"_et_pb_use_builder":"","_et_pb_old_content":"","_et_gb_content_width":""},"product_brand":[],"product_cat":[1517,1532,1549,1376,1393],"product_tag":[1380],"class_list":{"0":"post-1607","1":"product","2":"type-product","3":"status-publish","4":"has-post-thumbnail","6":"product_cat-dump-truck-hydraulic-cylinders","7":"product_cat-mining-dump-truck-hydraulic-cylinders","8":"product_cat-single-acting-hydraulic-cylinder","9":"product_cat-hydraulic-cylinder","10":"product_cat-telescopic-hydraulic-cylinder","11":"product_tag-hydraulic-cylinder","13":"first","14":"instock","15":"shipping-taxable","16":"product-type-simple"},"amp_enabled":true,"_links":{"self":[{"href":"https:\/\/www.hydraulic-cylinders.net\/tr\/wp-json\/wp\/v2\/product\/1607","targetHints":{"allow":["GET"]}}],"collection":[{"href":"https:\/\/www.hydraulic-cylinders.net\/tr\/wp-json\/wp\/v2\/product"}],"about":[{"href":"https:\/\/www.hydraulic-cylinders.net\/tr\/wp-json\/wp\/v2\/types\/product"}],"replies":[{"embeddable":true,"href":"https:\/\/www.hydraulic-cylinders.net\/tr\/wp-json\/wp\/v2\/comments?post=1607"}],"wp:featuredmedia":[{"embeddable":true,"href":"https:\/\/www.hydraulic-cylinders.net\/tr\/wp-json\/wp\/v2\/media\/1609"}],"wp:attachment":[{"href":"https:\/\/www.hydraulic-cylinders.net\/tr\/wp-json\/wp\/v2\/media?parent=1607"}],"wp:term":[{"taxonomy":"product_brand","embeddable":true,"href":"https:\/\/www.hydraulic-cylinders.net\/tr\/wp-json\/wp\/v2\/product_brand?post=1607"},{"taxonomy":"product_cat","embeddable":true,"href":"https:\/\/www.hydraulic-cylinders.net\/tr\/wp-json\/wp\/v2\/product_cat?post=1607"},{"taxonomy":"product_tag","embeddable":true,"href":"https:\/\/www.hydraulic-cylinders.net\/tr\/wp-json\/wp\/v2\/product_tag?post=1607"}],"curies":[{"name":"wp","href":"https:\/\/api.w.org\/{rel}","templated":true}]}}