{"id":16072,"date":"2025-01-20T08:26:32","date_gmt":"2025-01-20T08:26:32","guid":{"rendered":"https:\/\/www.hydraulic-cylinders.net\/product\/arm-cylinderfor-komatsu-large-excavator-pc300-3-5-6-7-8\/"},"modified":"2025-01-20T08:26:34","modified_gmt":"2025-01-20T08:26:34","slug":"arm-cylinderfor-komatsu-large-excavator-pc300-3-5-6-7-8","status":"publish","type":"product","link":"https:\/\/www.hydraulic-cylinders.net\/tr\/urun\/arm-cylinderfor-komatsu-large-excavator-pc300-3-5-6-7-8\/","title":{"rendered":"Komatsu PC300-3-5-6-7-8 B\u00fcy\u00fck Ekskavat\u00f6r i\u00e7in Kol Silindiri"},"content":{"rendered":"<div>\n<h2>girii\u015f<\/h2>\n<p>Komatsu PC300-3-5-6-7-8 B\u00fcy\u00fck Ekskavat\u00f6r i\u00e7in tasarlanm\u0131\u015f Kol Silindiri, ekskavat\u00f6rler, vin\u00e7ler ve mekanik kollar gibi \u00e7e\u015fitli makinelerin koluna do\u011frusal hareket ve g\u00fc\u00e7 sa\u011flamak \u00fczere \u00f6zel olarak tasarlanm\u0131\u015f bir hidrolik silindirdir. Kol silindiri, hidrolik sistemlerde ata\u015fmanlar\u0131n veya aksesuarlar\u0131n verimli hareketini ve kontrol\u00fcn\u00fc sa\u011flayan \u00e7ok \u00f6nemli bir rol oynar. Bu silindirler sadece d\u00fczg\u00fcn hareket sa\u011flamakla kalmaz, ayn\u0131 zamanda a\u011f\u0131r y\u00fckleri de ta\u015f\u0131yabilir ve \u00e7e\u015fitli \u00e7al\u0131\u015fma ko\u015fullar\u0131nda makinelerin y\u00fcksek verimlili\u011fini ve g\u00fcvenilirli\u011fini sa\u011flar.<\/p>\n<p>    <img decoding=\"async\" src=\"https:\/\/www.hydraulic-cylinders.net\/wp-content\/uploads\/2025\/01\/songte-company-2.webp\" alt=\"Kol Silindiri\" \/>\n<\/div>\n<div>\n<h2>\u00d6zellikler<\/h2>\n<ul>\n<li>\n<h3>Y\u00fcksek Verimli \u015eanz\u0131man<\/h3>\n<p>Kol silindiri, g\u00fc\u00e7l\u00fc do\u011frusal hareket ve kuvvet sa\u011flayarak mekanik kolun \u00e7e\u015fitli i\u015flemlerde y\u00fcksek verimlilikte performans g\u00f6stermesini garanti eder.<\/p>\n<\/li>\n<li>\n<h3>Hassas Kontrol<\/h3>\n<p>Hidrolik sistem sayesinde kol silindiri hassas hareket kontrol\u00fc sa\u011flayarak, ata\u015fmanlar\u0131n daha esnek ve hassas \u00e7al\u0131\u015fmas\u0131n\u0131 sa\u011flar.<\/p>\n<\/li>\n<li>\n<h3>Dayan\u0131kl\u0131l\u0131k<\/h3>\n<p>Kol silindiri genellikle y\u00fcksek mukavemetli malzemeler kullan\u0131larak \u00fcretilir ve bu da m\u00fckemmel a\u015f\u0131nma ve korozyon direnci sa\u011flayarak zorlu ortamlarda uzun s\u00fcreli kullan\u0131m i\u00e7in uygun hale getirir.<\/p>\n<\/li>\n<li>\n<h3>\u00c7ok \u0130\u015flevli Uyarlanabilirlik<\/h3>\n<p>Bu silindirler, farkl\u0131 \u00e7al\u0131\u015fma gereksinimlerini kar\u015f\u0131lamak \u00fczere ekskavat\u00f6rler, vin\u00e7ler ve mekanik kollar gibi \u00e7e\u015fitli makine t\u00fcrlerinde yayg\u0131n olarak kullan\u0131labilir.<\/p>\n<\/li>\n<li>\n<h3>Kolay Bak\u0131m<\/h3>\n<p>Bak\u0131m ve de\u011fi\u015ftirme kolayl\u0131\u011f\u0131 g\u00f6z \u00f6n\u00fcnde bulundurularak tasarlanan kol silindirleri, d\u00fczenli inceleme ve bak\u0131m\u0131 daha kolay hale getirerek ekipman ar\u0131za s\u00fcresini azalt\u0131r.<\/p>\n<\/li>\n<\/ul>\n<p>    <img decoding=\"async\" src=\"https:\/\/www.hydraulic-cylinders.net\/wp-content\/uploads\/2025\/01\/songte-oil-pipes-and-spare-parts.webp\" alt=\"Kol Silindir Par\u00e7alar\u0131\" \/>\n<\/div>\n<div>\n<h2>Uygulamalar<\/h2>\n<p>Kol silindiri \u00e7e\u015fitli end\u00fcstrilerde uygulama alan\u0131 bulmaktad\u0131r:<\/p>\n<ul>\n<li>\n<h3>\u0130n\u015faat M\u00fchendisli\u011fi<\/h3>\n<p>Ekskavat\u00f6rlerde ve vin\u00e7lerde kol silindiri, toprak i\u015fleri, malzeme ta\u015f\u0131ma ve yap\u0131sal montaj i\u00e7in kovalar\u0131n veya bomlar\u0131n hareketini kontrol eder.<\/p>\n<\/li>\n<li>\n<h3>\u00dcretme<\/h3>\n<p>Otomatik \u00fcretim hatlar\u0131nda, kol silindiri, montaj, kaynak ve malzeme ta\u015f\u0131ma gibi i\u015flemlerde mekanik kollar\u0131 hareket ettirmek i\u00e7in kullan\u0131l\u0131r ve \u00fcretim verimlili\u011fini ve hassasiyetini art\u0131r\u0131r.<\/p>\n<\/li>\n<li>\n<h3>Tar\u0131m Makinalar\u0131<\/h3>\n<p>Bi\u00e7erd\u00f6ver ve ekim makinesi gibi tar\u0131m makinelerinde kol silindiri, ekim, g\u00fcbreleme ve hasat gibi g\u00f6revlerde \u00e7al\u0131\u015fan kollar\u0131n hareketini kontrol eder.<\/p>\n<\/li>\n<li>\n<h3>Madencilik<\/h3>\n<p>Madencilik ekipmanlar\u0131nda, kol silindiri madencilik ve malzeme ta\u015f\u0131ma i\u015flemlerinde kolun hareketini kontrol eder.<\/p>\n<\/li>\n<li>\n<h3>Lojistik ve Ta\u015f\u0131mac\u0131l\u0131k<\/h3>\n<p>Forkliftlerde ve ta\u015f\u0131ma robotlar\u0131nda kol silindiri \u00e7atallar\u0131n kald\u0131r\u0131lmas\u0131n\u0131 ve hareketini kontrol ederek malzeme ta\u015f\u0131ma ve istiflemeyi sa\u011flar.<\/p>\n<\/li>\n<\/ul>\n<\/div>\n<div>\n<h2>Tasar\u0131m Hususlar\u0131 ve Se\u00e7im Standartlar\u0131<\/h2>\n<p>Kol silindirinin tasar\u0131m\u0131 ve se\u00e7imi s\u00f6z konusu oldu\u011funda, \u00e7e\u015fitli fakt\u00f6rler g\u00f6z \u00f6n\u00fcnde bulundurulmal\u0131d\u0131r:<\/p>\n<ul>\n<li>\n<h3>Ta\u015f\u0131ma Kapasitesi<\/h3>\n<p>Kol silindiri, g\u00fcvenli ve verimli \u00e7al\u0131\u015fma sa\u011flamak i\u00e7in gerekli y\u00fck kapasitesine dayanacak \u015fekilde tasarlanmal\u0131d\u0131r.<\/p>\n<\/li>\n<li>\n<h3>S\u0131zd\u0131rmazl\u0131k<\/h3>\n<p>Uygun s\u0131zd\u0131rmazl\u0131\u011f\u0131 sa\u011flamak i\u00e7in piston contalar\u0131 ve mil contalar\u0131 gibi \u00e7e\u015fitli s\u0131zd\u0131rmazl\u0131k bile\u015fenleri kullan\u0131lmal\u0131d\u0131r. Bu contalar, a\u015f\u0131nmaya ve y\u0131pranmaya dayanacak \u015fekilde poli\u00fcretan ve nitril kau\u00e7uk gibi dayan\u0131kl\u0131 malzemelerden \u00fcretilmi\u015ftir.<\/p>\n<\/li>\n<li>\n<h3>Dayan\u0131kl\u0131l\u0131k<\/h3>\n<p>Kol silindiri, dayan\u0131kl\u0131l\u0131\u011f\u0131 ve a\u015f\u0131nmaya kar\u015f\u0131 direnci art\u0131rmak i\u00e7in y\u00fcksek kaliteli malzemelerden \u00fcretilmeli ve hassas y\u00fczey i\u015flemlerinden ge\u00e7irilmelidir.<\/p>\n<\/li>\n<li>\n<h3>Emniyet<\/h3>\n<p>Tasar\u0131m, kazalar\u0131 \u00f6nlemek ve makinenin g\u00fcvenli \u00e7al\u0131\u015fmas\u0131n\u0131 sa\u011flamak i\u00e7in g\u00fcvenlik \u00f6zelliklerini i\u00e7ermelidir.<\/p>\n<\/li>\n<li>\n<h3>Bak\u0131m kolayl\u0131\u011f\u0131<\/h3>\n<p>Kol silindiri, bak\u0131m ve de\u011fi\u015ftirme kolayl\u0131\u011f\u0131 sa\u011flayacak \u015fekilde tasarlanmal\u0131, b\u00f6ylece ar\u0131za s\u00fcreleri azalt\u0131lmal\u0131 ve verimlilik art\u0131r\u0131lmal\u0131d\u0131r.<\/p>\n<\/li>\n<\/ul>\n<p>    <img decoding=\"async\" src=\"https:\/\/www.hydraulic-cylinders.net\/wp-content\/uploads\/2025\/01\/songte-cylinder-head-with-all-kinds-excavator-models.webp\" alt=\"Kol Silindiri Tasar\u0131m\u0131\" \/>\n<\/div>\n<div>\n<h2>S\u0131zd\u0131rmazl\u0131k ve Ya\u011flama<\/h2>\n<p>Kol silindiri, poli\u00fcretan ve nitril kau\u00e7uk gibi a\u015f\u0131nmaya dayan\u0131kl\u0131 malzemelerden yap\u0131lm\u0131\u015f piston contalar\u0131 ve mil contalar\u0131 gibi \u00e7e\u015fitli s\u0131zd\u0131rmazl\u0131k bile\u015fenleri kullan\u0131r. Silindir g\u00f6vdesi ve di\u015fli u\u00e7 y\u00fczeyleri, a\u015f\u0131nma direncini art\u0131rmak i\u00e7in ince bir \u015fekilde i\u015flenmi\u015ftir. Sorunsuz \u00e7al\u0131\u015fma sa\u011flamak i\u00e7in uygun miktarda hidrolik ya\u011f ile d\u00fczenli ya\u011flama gereklidir.<\/p>\n<p>    <img decoding=\"async\" src=\"https:\/\/www.hydraulic-cylinders.net\/wp-content\/uploads\/2025\/01\/songte-chushion-collar.webp\" alt=\"Contalar ve Ya\u011flama\" \/>\n<\/div>\n<div>\n<h2>D\u00fczenli Muayene ve \u00d6nleyici Bak\u0131m<\/h2>\n<ul>\n<li>Kol silindirini d\u00fczenli olarak a\u015f\u0131nma veya hasar belirtileri a\u00e7\u0131s\u0131ndan kontrol edin.<\/li>\n<li>S\u0131zd\u0131rmazl\u0131k elemanlar\u0131n\u0131 kontrol edin ve gerekirse de\u011fi\u015ftirin.<\/li>\n<li>Uygun ya\u011flamay\u0131 sa\u011flay\u0131n ve gerekti\u011finde hidrolik ya\u011f ile doldurun.<\/li>\n<li>Kol silindirine ba\u011fl\u0131 di\u011fer bile\u015fenleri inceleyin ve bak\u0131m\u0131n\u0131 yap\u0131n.<\/li>\n<li>\u00dcreticinin \u00f6nerdi\u011fi bak\u0131m program\u0131n\u0131 takip edin.<\/li>\n<\/ul>\n<\/div>\n<div>\n<h2>\u00dcr\u00fcn Kurulum Talimatlar\u0131<\/h2>\n<p>Kol silindirinin do\u011fru montaj\u0131 i\u00e7in \u015fu ad\u0131mlar\u0131 izleyin:<\/p>\n<ol>\n<li>Gerekli ara\u00e7 ve gere\u00e7leri haz\u0131rlay\u0131n.<\/li>\n<li>Varsa, mevcut silindiri dikkatlice \u00e7\u0131kar\u0131n.<\/li>\n<li>Yeni kol silindirini, montaj noktalar\u0131n\u0131 hizalayarak do\u011fru pozisyona tak\u0131n.<\/li>\n<li>Sa\u011flam bir ba\u011flant\u0131 sa\u011flamak i\u00e7in c\u0131vatalar\u0131 iyice s\u0131k\u0131n.<\/li>\n<li>Montajdan sonra herhangi bir s\u0131z\u0131nt\u0131 veya anormal hareket olup olmad\u0131\u011f\u0131n\u0131 kontrol edin.<\/li>\n<\/ol>\n<p>    <img decoding=\"async\" src=\"https:\/\/www.hydraulic-cylinders.net\/wp-content\/uploads\/2025\/01\/songte-bushings-with-all-kinds-of-excavator-models.webp\" alt=\"Kurulum Talimatlar\u0131\" \/>\n<\/div>\n<div>\n<h2>G\u00fcvenlik Hususlar\u0131 ve \u00c7evresel Fakt\u00f6rler<\/h2>\n<p>Kol silindirini kullan\u0131rken, kazalar\u0131 \u00f6nlemek ve operat\u00f6rlerin ve di\u011ferlerinin g\u00fcvenli\u011fini sa\u011flamak i\u00e7in g\u00fcvenlik \u00f6nlemlerine uymak \u00f6nemlidir. Uygun g\u00fcvenlik ekipman\u0131 ve e\u011fitim sa\u011flanmal\u0131d\u0131r. Ayr\u0131ca, kol silindirinin optimum performans\u0131n\u0131 sa\u011flamak i\u00e7in s\u0131cakl\u0131k ve nem gibi \u00e7evresel fakt\u00f6rler de dikkate al\u0131nmal\u0131d\u0131r.<\/p>\n<\/div>\n<div>\n<h2>Sorun Giderme ve Yayg\u0131n Sorunlar<\/h2>\n<p>Kol silindiriyle ilgili ortaya \u00e7\u0131kabilecek yayg\u0131n sorunlar:<\/p>\n<ul>\n<li>S\u0131zd\u0131ran hidrolik s\u0131v\u0131s\u0131<\/li>\n<li>\u00c7al\u0131\u015fma s\u0131ras\u0131nda anormal sesler<\/li>\n<li>Yava\u015f veya tepkisiz hareket<\/li>\n<li>Tutarl\u0131 olmayan bas\u0131n\u00e7<\/li>\n<li>S\u0131zd\u0131rmazl\u0131k bile\u015fenlerinde d\u00fczensiz a\u015f\u0131nma<\/li>\n<\/ul>\n<p>Bu sorunlar\u0131 gidermek i\u00e7in \u015fu ipu\u00e7lar\u0131n\u0131 izleyin:<\/p>\n<ul>\n<li>Silindirde g\u00f6zle g\u00f6r\u00fcl\u00fcr s\u0131z\u0131nt\u0131 olup olmad\u0131\u011f\u0131n\u0131 kontrol edin ve hasarl\u0131 contalar\u0131 onar\u0131n veya de\u011fi\u015ftirin.<\/li>\n<li>Hidrolik s\u0131v\u0131 seviyesini kontrol edin ve gerekirse tamamlay\u0131n.<\/li>\n<li>Hidrolik hatlar\u0131, ba\u011flant\u0131 par\u00e7alar\u0131n\u0131 ve vanalar\u0131 herhangi bir hasar veya t\u0131kan\u0131kl\u0131k a\u00e7\u0131s\u0131ndan kontrol edin.<\/li>\n<li>Bas\u0131n\u00e7 ayarlar\u0131n\u0131 kontrol edin ve gerekirse ayarlay\u0131n.<\/li>\n<li>D\u00fczenli olarak temizleyin ve ya\u011flay\u0131n.<br \/>","protected":false},"excerpt":{"rendered":"<p>Introduction The Arm Cylinder for Komatsu Large Excavator PC300-3-5-6-7-8 is a hydraulic cylinder designed specifically to provide linear motion and power for the arm of various types of machinery, such as excavators, cranes, and mechanical arms. The arm cylinder plays a crucial role in hydraulic systems, enabling the efficient movement and control of attachments or [&hellip;]<\/p>","protected":false},"featured_media":14759,"comment_status":"open","ping_status":"closed","template":"","meta":{"_et_pb_use_builder":"","_et_pb_old_content":"","_et_gb_content_width":""},"product_brand":[],"product_cat":[1497],"product_tag":[1498,1496],"class_list":{"0":"post-16072","1":"product","2":"type-product","3":"status-publish","4":"has-post-thumbnail","6":"product_cat-arm-cylinders","7":"product_tag-arm-cylinders","8":"product_tag-hydraulic-cylinders","10":"first","11":"instock","12":"shipping-taxable","13":"product-type-simple"},"amp_enabled":true,"_links":{"self":[{"href":"https:\/\/www.hydraulic-cylinders.net\/tr\/wp-json\/wp\/v2\/product\/16072","targetHints":{"allow":["GET"]}}],"collection":[{"href":"https:\/\/www.hydraulic-cylinders.net\/tr\/wp-json\/wp\/v2\/product"}],"about":[{"href":"https:\/\/www.hydraulic-cylinders.net\/tr\/wp-json\/wp\/v2\/types\/product"}],"replies":[{"embeddable":true,"href":"https:\/\/www.hydraulic-cylinders.net\/tr\/wp-json\/wp\/v2\/comments?post=16072"}],"wp:featuredmedia":[{"embeddable":true,"href":"https:\/\/www.hydraulic-cylinders.net\/tr\/wp-json\/wp\/v2\/media\/14759"}],"wp:attachment":[{"href":"https:\/\/www.hydraulic-cylinders.net\/tr\/wp-json\/wp\/v2\/media?parent=16072"}],"wp:term":[{"taxonomy":"product_brand","embeddable":true,"href":"https:\/\/www.hydraulic-cylinders.net\/tr\/wp-json\/wp\/v2\/product_brand?post=16072"},{"taxonomy":"product_cat","embeddable":true,"href":"https:\/\/www.hydraulic-cylinders.net\/tr\/wp-json\/wp\/v2\/product_cat?post=16072"},{"taxonomy":"product_tag","embeddable":true,"href":"https:\/\/www.hydraulic-cylinders.net\/tr\/wp-json\/wp\/v2\/product_tag?post=16072"}],"curies":[{"name":"wp","href":"https:\/\/api.w.org\/{rel}","templated":true}]}}