{"id":16086,"date":"2025-01-20T08:27:37","date_gmt":"2025-01-20T08:27:37","guid":{"rendered":"https:\/\/www.hydraulic-cylinders.net\/product\/arm-cylinderfor-komatsu-wheel-excavator-pw148-10\/"},"modified":"2025-01-20T08:27:39","modified_gmt":"2025-01-20T08:27:39","slug":"arm-cylinderfor-komatsu-wheel-excavator-pw148-10","status":"publish","type":"product","link":"https:\/\/www.hydraulic-cylinders.net\/tr\/urun\/arm-cylinderfor-komatsu-wheel-excavator-pw148-10\/","title":{"rendered":"Komatsu PW148-10 Tekerlekli Ekskavat\u00f6r i\u00e7in Kol Silindiri"},"content":{"rendered":"<h1>Komatsu PW148-10 Tekerlekli Ekskavat\u00f6r i\u00e7in Kol Silindiri<\/h1>\n<h2>girii\u015f<\/h2>\n<p>Komatsu PW148-10 tekerlekli ekskavat\u00f6r i\u00e7in tasarlanm\u0131\u015f kol silindiri, ekskavat\u00f6rler, vin\u00e7ler ve mekanik kollar gibi \u00e7e\u015fitli makinelerin kollar\u0131na do\u011frusal hareket ve g\u00fc\u00e7 sa\u011flamak \u00fczere \u00f6zel olarak \u00fcretilmi\u015f bir hidrolik silindirdir. Kol silindiri, hidrolik sistemlerde hayati bir rol oynayarak ek aletlerin veya ata\u015fmanlar\u0131n verimli hareketini ve kontrol\u00fcn\u00fc sa\u011flar. Bu silindirler sadece d\u00fczg\u00fcn hareket sa\u011flamakla kalmaz, ayn\u0131 zamanda a\u011f\u0131r y\u00fckleri de kald\u0131rarak \u00e7e\u015fitli \u00e7al\u0131\u015fma ko\u015fullar\u0131nda y\u00fcksek operasyonel verimlilik ve g\u00fcvenilirlik sa\u011flar.<\/p>\n<p><img decoding=\"async\" src=\"https:\/\/www.hydraulic-cylinders.net\/wp-content\/uploads\/2025\/01\/songte-company-2.webp\"><\/p>\n<h2>\u00d6zellikler<\/h2>\n<ul>\n<li><strong>Y\u00fcksek Verimli \u015eanz\u0131man:<\/strong> Kol silindiri, g\u00fc\u00e7l\u00fc do\u011frusal hareket ve kuvvet sa\u011flayarak mekanik kolun \u00e7e\u015fitli i\u015flemlerde y\u00fcksek performans g\u00f6stermesini garanti eder.<\/li>\n<li><strong>Hassas Kontrol:<\/strong> Hidrolik sistem sayesinde kol silindiri hassas hareket kontrol\u00fc sa\u011flayarak, ek tak\u0131mlar\u0131n daha esnek ve hassas bir \u015fekilde \u00e7al\u0131\u015ft\u0131r\u0131lmas\u0131n\u0131 sa\u011flar.<\/li>\n<li><strong>Dayan\u0131kl\u0131l\u0131k:<\/strong> Kol silindirleri genellikle y\u00fcksek mukavemetli malzemeler kullan\u0131larak \u00fcretilir ve zorlu ortamlarda uzun s\u00fcreli kullan\u0131m i\u00e7in uygun, m\u00fckemmel a\u015f\u0131nma ve korozyon direnci sunar.<\/li>\n<li><strong>\u00c7ok Fonksiyonlu Uyarlanabilirlik:<\/strong> Bu silindirler, ekskavat\u00f6rler, vin\u00e7ler ve mekanik kollar gibi \u00e7e\u015fitli makinelerde yayg\u0131n olarak kullan\u0131labilir ve farkl\u0131 \u00e7al\u0131\u015fma gereksinimlerine uyum sa\u011flayabilir.<\/li>\n<li><strong>Kolay Bak\u0131m:<\/strong> Kolay bak\u0131m ve de\u011fi\u015ftirme i\u00e7in tasarlanan kol silindirleri, d\u00fczenli inceleme ve bak\u0131m i\u015flemlerini kolayla\u015ft\u0131rarak ekipman ar\u0131za s\u00fcresini en aza indirir.<\/li>\n<\/ul>\n<p><img decoding=\"async\" src=\"https:\/\/www.hydraulic-cylinders.net\/wp-content\/uploads\/2025\/01\/songte-oil-pipes-and-spare-parts.webp\"><\/p>\n<h2>Uygulamalar<\/h2>\n<p>Kol silindiri \u00e7e\u015fitli end\u00fcstrilerde uygulama alan\u0131 bulmaktad\u0131r:<\/p>\n<ul>\n<li><strong>\u0130n\u015faat M\u00fchendisli\u011fi:<\/strong> Ekskavat\u00f6rlerde ve vin\u00e7lerde kol silindiri, toprak i\u015fleri, malzeme ta\u015f\u0131ma ve yap\u0131sal kurulumlar i\u00e7in kovalar\u0131n veya bomlar\u0131n hareketini kontrol eder.<\/li>\n<li><strong>\u00dcretme:<\/strong> Otomatik \u00fcretim hatlar\u0131nda, kol silindiri, montaj, kaynak ve ta\u015f\u0131ma i\u015flemlerinde mekanik kollar\u0131n hareketini kolayla\u015ft\u0131rarak \u00fcretim verimlili\u011fini ve hassasiyetini art\u0131r\u0131r.<\/li>\n<li><strong>Tar\u0131m Makinalar\u0131:<\/strong> Bi\u00e7erd\u00f6ver ve tohum ekme makineleri gibi tar\u0131m ekipmanlar\u0131nda, kol silindiri, tohum ekme, g\u00fcbreleme ve hasat gibi g\u00f6revleri yerine getirmek i\u00e7in \u00e7al\u0131\u015fma kollar\u0131n\u0131n hareketini kontrol eder.<\/li>\n<li><strong>Madencilik:<\/strong> Madencilik ekipmanlar\u0131nda kol silindiri, cevher \u00e7\u0131karma ve ta\u015f\u0131ma i\u00e7in madencilik makinelerinin kol hareketini kontrol etmek i\u00e7in kullan\u0131l\u0131r.<\/li>\n<li><strong>Lojistik ve Ta\u015f\u0131mac\u0131l\u0131k:<\/strong> Forkliftlerde ve ta\u015f\u0131ma robotlar\u0131nda kol silindiri \u00e7atallar\u0131n kald\u0131r\u0131lmas\u0131n\u0131 ve hareketini kontrol ederek malzeme ta\u015f\u0131ma ve istiflemeyi sa\u011flar.<\/li>\n<\/ul>\n<h2>Tasar\u0131m Hususlar\u0131 ve Se\u00e7im Kriterleri<\/h2>\n<p>Kol silindirinin tasar\u0131m\u0131 ve se\u00e7imi yap\u0131l\u0131rken, \u00e7e\u015fitli fakt\u00f6rler g\u00f6z \u00f6n\u00fcnde bulundurulmal\u0131d\u0131r:<\/p>\n<ul>\n<li><strong>Y\u00fck Ta\u015f\u0131ma Kapasitesi:<\/strong> Kol silindiri, belirli uygulamalarda beklenen y\u00fckleri kald\u0131rabilecek kapasitede olmal\u0131d\u0131r.<\/li>\n<li><strong>S\u0131zd\u0131rmazl\u0131k:<\/strong> Uygun s\u0131zd\u0131rmazl\u0131\u011f\u0131 sa\u011flamak i\u00e7in piston contalar\u0131 ve mil contalar\u0131 gibi \u00e7e\u015fitli s\u0131zd\u0131rmazl\u0131k bile\u015fenleri kullan\u0131lmal\u0131d\u0131r. Bu contalar, poli\u00fcretan ve nitril kau\u00e7uk gibi a\u015f\u0131nmaya dayan\u0131kl\u0131 malzemelerden \u00fcretilmi\u015ftir.<\/li>\n<li><strong>Dayan\u0131kl\u0131l\u0131k:<\/strong> Silindir g\u00f6vdesi ve di\u015fli u\u00e7 y\u00fczeyi, a\u015f\u0131nma direncini art\u0131rmak i\u00e7in hassas bir \u015fekilde i\u015flenmelidir.<\/li>\n<li><strong>Emniyet:<\/strong> G\u00fcvenlik hususlar\u0131 tasar\u0131m a\u015famas\u0131na dahil edilmeli ve kol silindirinin g\u00fcvenli bir \u015fekilde \u00e7al\u0131\u015fmas\u0131 sa\u011flanmal\u0131d\u0131r.<\/li>\n<li><strong>Bak\u0131m kolayl\u0131\u011f\u0131:<\/strong> Tasar\u0131m s\u00fcrecinde hidrolik ya\u011f ile d\u00fczenli ya\u011flama ve bak\u0131m ile inceleme i\u00e7in kolay eri\u015fim g\u00f6z \u00f6n\u00fcnde bulundurulmal\u0131d\u0131r.<\/li>\n<\/ul>\n<p><img decoding=\"async\" src=\"https:\/\/www.hydraulic-cylinders.net\/wp-content\/uploads\/2025\/01\/songte-cylinder-head-with-all-kinds-excavator-models.webp\"><\/p>\n<h2>S\u0131zd\u0131rmazl\u0131k ve Ya\u011flama<\/h2>\n<p>Kol silindiri, poli\u00fcretan ve nitril kau\u00e7uk gibi a\u015f\u0131nmaya dayan\u0131kl\u0131 malzemelerden yap\u0131lm\u0131\u015f piston contalar\u0131 ve mil contalar\u0131 gibi \u00e7e\u015fitli s\u0131zd\u0131rmazl\u0131k bile\u015fenleri kullan\u0131r. Silindir g\u00f6vdesi ve di\u015fli u\u00e7 y\u00fczeyi, a\u015f\u0131nma direncini art\u0131rmak i\u00e7in ince i\u015fleme tabi tutulur. Sorunsuz \u00e7al\u0131\u015fma sa\u011flamak i\u00e7in uygun hidrolik ya\u011f ile d\u00fczenli ya\u011flama gereklidir.<\/p>\n<h2>D\u00fczenli Muayene ve \u00d6nleyici Bak\u0131m<\/h2>\n<ul>\n<li>Kol silindirinde a\u015f\u0131nma, s\u0131z\u0131nt\u0131 veya di\u011fer olas\u0131 sorunlar\u0131 kontrol etmek i\u00e7in d\u00fczenli incelemeler yap\u0131n.<\/li>\n<li>Optimum performans sa\u011flamak i\u00e7in hidrolik sistem bas\u0131nc\u0131n\u0131 ve s\u0131cakl\u0131\u011f\u0131n\u0131 izleyin.<\/li>\n<li>Hidrolik sistemi temiz tutmak i\u00e7in filtreleri d\u00fczenli olarak de\u011fi\u015ftirin ve kirleticileri temizleyin.<\/li>\n<li>S\u0131z\u0131nt\u0131lar\u0131 \u00f6nlemek i\u00e7in gev\u015fek ba\u011flant\u0131lar\u0131 ve rakorlar\u0131 s\u0131k\u0131n.<\/li>\n<li>\u00dcreticinin \u00f6nerdi\u011fi bak\u0131m program\u0131n\u0131 ve talimatlar\u0131n\u0131 izleyin.<\/li>\n<\/ul>\n<h2>\u00dcr\u00fcn\u00fcn Do\u011fru Montaj\u0131<\/h2>\n<p>Kol silindirinin do\u011fru montaj\u0131 i\u00e7in \u015fu ad\u0131mlar\u0131 izleyin:<\/p>\n<ol>\n<li>Ekipman\u0131n elektri\u011finin kesildi\u011finden ve hidrolik sistemin bas\u0131nc\u0131n\u0131n bo\u015falt\u0131ld\u0131\u011f\u0131ndan emin olun.<\/li>\n<li>Kol silindirini makine \u00fczerindeki montaj noktalar\u0131yla dikkatlice hizalay\u0131n.<\/li>\n<li>Ba\u011flant\u0131 elemanlar\u0131n\u0131 ve rakorlar\u0131 iyice s\u0131k\u0131n.<\/li>\n<li>Belirtilen ba\u011flant\u0131 noktalar\u0131n\u0131 takip ederek hidrolik hortumlar\u0131 ba\u011flay\u0131n.<\/li>\n<li>S\u0131z\u0131nt\u0131 olup olmad\u0131\u011f\u0131n\u0131 kontrol edin ve kol silindirinin d\u00fczg\u00fcn \u00e7al\u0131\u015f\u0131p \u00e7al\u0131\u015fmad\u0131\u011f\u0131n\u0131 do\u011frulay\u0131n.<\/li>\n<\/ol>\n<p><img decoding=\"async\" src=\"https:\/\/www.hydraulic-cylinders.net\/wp-content\/uploads\/2025\/01\/songte-bushings-with-all-kinds-of-excavator-models.webp\"><\/p>\n<h2>G\u00fcvenlik Hususlar\u0131 ve \u00c7evresel Fakt\u00f6rler<\/h2>\n<p>Kol silindirini kullan\u0131rken, kazalar\u0131 \u00f6nlemek ve g\u00fcvenli bir \u00e7al\u0131\u015fma ortam\u0131 sa\u011flamak i\u00e7in g\u00fcvenlik \u00f6nlemlerine \u00f6ncelik vermek \u00e7ok \u00f6nemlidir. Riskleri en aza indirmek i\u00e7in uygun e\u011fitim ve g\u00fcvenlik y\u00f6nergelerine uyulmas\u0131 hayati \u00f6nem ta\u015f\u0131r.<\/p>\n<h2>Sorun Giderme ve Yayg\u0131n Sorunlar<\/h2>\n<p>Kol silindirlerinde ortaya \u00e7\u0131kabilecek yayg\u0131n sorunlar \u015funlard\u0131r:<\/p>\n<ul>\n<li>Hidrolik s\u0131v\u0131 s\u0131z\u0131nt\u0131s\u0131<\/li>\n<li>Yetersiz veya d\u00fczensiz hareket<\/li>\n<li>\u00c7al\u0131\u015fma s\u0131ras\u0131nda ola\u011fand\u0131\u015f\u0131 g\u00fcr\u00fclt\u00fc<\/li>\n<li>Contalarda a\u015f\u0131r\u0131 a\u015f\u0131nma veya hasar<\/li>\n<\/ul>\n<p>Bu sorunlar\u0131 \u00e7\u00f6zmek i\u00e7in:<\/p>\n<ul>\n<li>Hasarl\u0131 contalar\u0131 veya par\u00e7alar\u0131 kontrol edin ve gerekirse de\u011fi\u015ftirin.<\/li>\n<li>Hidrolik sistemde s\u0131z\u0131nt\u0131 olup olmad\u0131\u011f\u0131n\u0131 kontrol edin ve s\u0131v\u0131 seviyelerinin do\u011fru oldu\u011fundan emin olun.<\/li>\n<li>Kol silindirinin do\u011fru \u015fekilde tak\u0131l\u0131p hizaland\u0131\u011f\u0131n\u0131 do\u011frulay\u0131n.<\/li>\n<li>Gerekirse \u00fcreticinin sorun giderme k\u0131lavuzuna ba\u015fvurun veya profesyonel yard\u0131m al\u0131n.<\/li>\n<\/ul>\n<p><img decoding=\"async\" src=\"https:\/\/www.hydraulic-cylinders.net\/wp-content\/uploads\/2025\/01\/songte-chushion-collar.webp\"><\/p>\n<p>Makaleyi mant\u0131kl\u0131 bir \u015fekilde d\u00fczenlemeyi, kolay gezinme i\u00e7in alt ba\u015fl\u0131klar kullanmay\u0131, anlay\u0131\u015f\u0131 geli\u015ftirmek i\u00e7in ilgili g\u00f6rseller veya grafikler eklemeyi ve i\u00e7eri\u011fin farkl\u0131 teknik bilgi seviyelerine sahip okuyucular i\u00e7in a\u00e7\u0131k, \u00f6z ve uygun olmas\u0131n\u0131 sa\u011flamay\u0131 unutmay\u0131n.<\/p>\n<h2>Hakk\u0131m\u0131zda<\/h2>\n<p>Profesyonel bir hidrolik silindir yedek par\u00e7a \u00fcreticisiyiz ve geni\u015f bir \u00fcr\u00fcn yelpazesi sunuyoruz. Yurti\u00e7i ve yurtd\u0131\u015f\u0131 pazarlarda \u00f6nde gelen hidrolik silindir \u00fcreticilerinden ve toptanc\u0131lar\u0131ndan biri olarak, kalite m\u00fckemmelli\u011fi ilkesini benimsiyoruz. Geli\u015fmi\u015f \u00fcretim at\u00f6lyemizde, titizlikle y\u00f6netilen end\u00fcstriyel \u00fcretim stratejileriyle teknik uzmanl\u0131\u011f\u0131m\u0131z\u0131 ve \u00fcretim verimlili\u011fimizi s\u00fcrekli olarak geli\u015ftiriyoruz. Y\u00fcksek teknoloji \u00fcr\u00fcn\u00fc dijital \u00fcretim ekipmanlar\u0131 ve profesyonel test sistemleri kullanarak \u00fcretim platformumuzu optimize ediyor ve \u00fcr\u00fcn kalite kontrol s\u00fcre\u00e7lerimizi m\u00fckemmelle\u015ftirerek g\u00fc\u00e7l\u00fc inovasyon yetenekleri sergiliyoruz. Amac\u0131m\u0131z, verimlilik, hassasiyet ve y\u00fcksek kalite ilkeleriyle \u00e7e\u015fitli m\u00fc\u015fteri ihtiya\u00e7lar\u0131n\u0131 kar\u015f\u0131lamakt\u0131r.<\/p>\n<p><img decoding=\"async\" src=\"https:\/\/www.hydraulic-cylinders.net\/wp-content\/uploads\/2025\/01\/songte-company-4.webp\"><br \/>\n<img decoding=\"async\" src=\"https:\/\/www.hydraulic-cylinders.net\/wp-content\/uploads\/2025\/01\/songte-company-3.webp\"><\/p>\n<p>Yazar: lyl<\/p>","protected":false},"excerpt":{"rendered":"<p>Arm Cylinder for Komatsu Wheel Excavator PW148-10 Introduction The Arm Cylinder for Komatsu Wheel Excavator PW148-10 is a specialized hydraulic cylinder designed to provide linear motion and power to the arm of various machinery, such as excavators, cranes, and mechanical arms. The arm cylinder plays a crucial role in hydraulic systems, allowing for the efficient [&hellip;]<\/p>","protected":false},"featured_media":14777,"comment_status":"open","ping_status":"closed","template":"","meta":{"_et_pb_use_builder":"","_et_pb_old_content":"","_et_gb_content_width":""},"product_brand":[],"product_cat":[1497],"product_tag":[1498,1496],"class_list":{"0":"post-16086","1":"product","2":"type-product","3":"status-publish","4":"has-post-thumbnail","6":"product_cat-arm-cylinders","7":"product_tag-arm-cylinders","8":"product_tag-hydraulic-cylinders","10":"first","11":"instock","12":"shipping-taxable","13":"product-type-simple"},"amp_enabled":true,"_links":{"self":[{"href":"https:\/\/www.hydraulic-cylinders.net\/tr\/wp-json\/wp\/v2\/product\/16086","targetHints":{"allow":["GET"]}}],"collection":[{"href":"https:\/\/www.hydraulic-cylinders.net\/tr\/wp-json\/wp\/v2\/product"}],"about":[{"href":"https:\/\/www.hydraulic-cylinders.net\/tr\/wp-json\/wp\/v2\/types\/product"}],"replies":[{"embeddable":true,"href":"https:\/\/www.hydraulic-cylinders.net\/tr\/wp-json\/wp\/v2\/comments?post=16086"}],"wp:featuredmedia":[{"embeddable":true,"href":"https:\/\/www.hydraulic-cylinders.net\/tr\/wp-json\/wp\/v2\/media\/14777"}],"wp:attachment":[{"href":"https:\/\/www.hydraulic-cylinders.net\/tr\/wp-json\/wp\/v2\/media?parent=16086"}],"wp:term":[{"taxonomy":"product_brand","embeddable":true,"href":"https:\/\/www.hydraulic-cylinders.net\/tr\/wp-json\/wp\/v2\/product_brand?post=16086"},{"taxonomy":"product_cat","embeddable":true,"href":"https:\/\/www.hydraulic-cylinders.net\/tr\/wp-json\/wp\/v2\/product_cat?post=16086"},{"taxonomy":"product_tag","embeddable":true,"href":"https:\/\/www.hydraulic-cylinders.net\/tr\/wp-json\/wp\/v2\/product_tag?post=16086"}],"curies":[{"name":"wp","href":"https:\/\/api.w.org\/{rel}","templated":true}]}}