{"id":16094,"date":"2025-01-20T08:28:12","date_gmt":"2025-01-20T08:28:12","guid":{"rendered":"https:\/\/www.hydraulic-cylinders.net\/product\/arm-cylinderfor-sumitomo-small-excavator-sh100a1a2a3\/"},"modified":"2025-01-20T08:28:15","modified_gmt":"2025-01-20T08:28:15","slug":"arm-cylinderfor-sumitomo-small-excavator-sh100a1a2a3","status":"publish","type":"product","link":"https:\/\/www.hydraulic-cylinders.net\/tr\/urun\/arm-cylinderfor-sumitomo-small-excavator-sh100a1a2a3\/","title":{"rendered":"Sumitomo SH100A1A2A3 K\u00fc\u00e7\u00fck Ekskavat\u00f6r i\u00e7in Kol Silindiri"},"content":{"rendered":"<p>Sumitomo SH100A1A2A3 K\u00fc\u00e7\u00fck Ekskavat\u00f6r i\u00e7in Kol Silindiri<\/p>\n<p>girii\u015f<br \/>\nKol silindiri, ekskavat\u00f6rler, vin\u00e7ler ve robotik kollar gibi \u00e7e\u015fitli mekanik kollara do\u011frusal hareket ve g\u00fc\u00e7 sa\u011flamak \u00fczere tasarlanm\u0131\u015f \u00f6zel bir hidrolik silindirdir. Kol silindiri, hidrolik sistemlerde \u00e7ok \u00f6nemli bir rol oynayarak, ata\u015fmanlar\u0131n veya aksesuarlar\u0131n etkili bir \u015fekilde hareket etmesini ve kontrol edilmesini sa\u011flar. Bu silindirler sadece d\u00fczg\u00fcn hareket sa\u011flamakla kalmaz, ayn\u0131 zamanda a\u011f\u0131r y\u00fckleri de ta\u015f\u0131yarak, \u00e7e\u015fitli \u00e7al\u0131\u015fma ko\u015fullar\u0131 alt\u0131nda makinelerin verimli \u00e7al\u0131\u015fmas\u0131n\u0131 ve g\u00fcvenilirli\u011fini sa\u011flar.<\/p>\n<p>Tan\u0131m ve A\u00e7\u0131klama<br \/>\nKol silindiri, \u00e7e\u015fitli makine t\u00fcrlerindeki hidrolik sistemlerin kritik bir bile\u015fenidir. Kolu ve ona ba\u011fl\u0131 ekipman\u0131 hareket ettirmek i\u00e7in gerekli do\u011frusal hareketi ve g\u00fcc\u00fc sa\u011flamaktan sorumludur. Silindir, bir piston, silindir g\u00f6vdesi ve s\u0131v\u0131 bas\u0131nc\u0131n\u0131 do\u011frusal harekete d\u00f6n\u00fc\u015ft\u00fcren hidrolik s\u0131v\u0131dan olu\u015fur.<\/p>\n<p>Bu silindirler \u00f6ncelikle ekskavat\u00f6rlerde, vin\u00e7lerde ve robotik kollarda kolun hareketini kontrol etmek ve kep\u00e7e veya tutucu gibi ata\u015fmanlar\u0131 manip\u00fcle etmek i\u00e7in kullan\u0131l\u0131r. Dayan\u0131kl\u0131d\u0131rlar ve a\u011f\u0131r y\u00fckleri ta\u015f\u0131yabilirler, bu da makinelerin y\u00fcksek verimlilik ve g\u00fcvenilirlikle \u00e7al\u0131\u015fmas\u0131n\u0131 sa\u011flar.<\/p>\n<p>\u00d6zellikler<br \/>\nKol silindirinin hidrolik sistemlerde pop\u00fcler bir tercih olmas\u0131n\u0131 sa\u011flayan \u00e7e\u015fitli \u00f6zellikleri vard\u0131r. Bunlar \u015funlard\u0131r:<\/p>\n<p>1. Verimli g\u00fc\u00e7 aktar\u0131m\u0131: Kol silindiri g\u00fc\u00e7l\u00fc do\u011frusal hareket ve kuvvet sa\u011flayarak, makine kollar\u0131n\u0131n \u00e7e\u015fitli i\u015flemlerde y\u00fcksek verimlilikte performans g\u00f6stermesini garanti eder.<br \/>\n2. Hassas kontrol: Hidrolik sistem, kol silindirinin hareketinin hassas bir \u015fekilde kontrol edilmesini sa\u011flayarak, ba\u011fl\u0131 ekipman\u0131n \u00e7al\u0131\u015fmas\u0131n\u0131 daha esnek ve do\u011fru hale getirir.<br \/>\n3. Y\u00fcksek dayan\u0131kl\u0131l\u0131k: Kol silindirleri genellikle y\u00fcksek mukavemetli malzemelerden \u00fcretilir ve a\u015f\u0131nmaya ve korozyona kar\u015f\u0131 diren\u00e7lidir, bu da onlar\u0131 zorlu ortamlarda uzun s\u00fcreli kullan\u0131m i\u00e7in uygun hale getirir.<br \/>\n4. \u00c7ok y\u00f6nl\u00fc uyarlanabilirlik: Bu silindirler, ekskavat\u00f6rler, vin\u00e7ler ve robotik kollar gibi \u00e7e\u015fitli makine t\u00fcrlerinde yayg\u0131n olarak kullan\u0131labilir ve farkl\u0131 \u00e7al\u0131\u015fma gereksinimlerine uyum sa\u011flayabilir.<br \/>\n5. Kolay bak\u0131m: Tasar\u0131m, bak\u0131m ve de\u011fi\u015ftirme kolayl\u0131\u011f\u0131n\u0131 g\u00f6z \u00f6n\u00fcnde bulundurarak d\u00fczenli kontrolleri ve bak\u0131m\u0131 daha kolay hale getirir ve ekipman ar\u0131za s\u00fcresini azalt\u0131r.<\/p>\n<p>\u00dcretme<br \/>\nFirmam\u0131z, geleneksel hidrolik silindirlerin yerini m\u00fckemmel \u015fekilde alabilen y\u00fcksek kaliteli kol silindirleri \u00fcretmektedir. Bu silindirleri dayan\u0131kl\u0131 ve y\u00fcksek mukavemetli malzemeler kullanarak \u00fcretiyor, b\u00f6ylece sa\u011flaml\u0131klar\u0131n\u0131 ve uzun \u00f6m\u00fcrl\u00fcl\u00fcklerini garanti ediyoruz. \u00dcr\u00fcnlerimiz, ekskavat\u00f6rler, vin\u00e7ler ve robot kollar\u0131 gibi \u00e7ok \u00e7e\u015fitli hidrolik ekipman uygulamalar\u0131 i\u00e7in uygundur.<\/p>\n<p>Uygulamalar<br \/>\nKol silindirlerinin \u00e7e\u015fitli end\u00fcstrilerde farkl\u0131 uygulamalar\u0131 bulunmaktad\u0131r, bunlar aras\u0131nda \u015funlar yer almaktad\u0131r:<\/p>\n<p>1. \u0130n\u015faat: Kol silindirleri, ekskavat\u00f6r ve vin\u00e7lerde kep\u00e7e veya bomun hareketini kontrol ederek toprak i\u015fleri, malzeme ta\u015f\u0131ma ve yap\u0131sal kurulumlarda kullan\u0131l\u0131r.<br \/>\n2. \u00dcretim: Otomatik \u00fcretim hatlar\u0131nda, kol silindirleri robotik kol hareketini kontrol ederek montaj, kaynak ve malzeme ta\u015f\u0131ma i\u015flemlerini ger\u00e7ekle\u015ftirir ve \u00fcretim verimlili\u011fini ve do\u011frulu\u011funu art\u0131r\u0131r.<br \/>\n3. Tar\u0131m: Bi\u00e7erd\u00f6ver ve ekim makinesi gibi tar\u0131m makinelerinde, kol silindirleri \u00e7al\u0131\u015fma kolunun hareketini kontrol ederek tohum ekme, g\u00fcbreleme ve hasat gibi g\u00f6revleri yerine getirir.<br \/>\n4. Madencilik: Madencilik ekipmanlar\u0131nda, kol silindirleri kolun hareketini kontrol ederek madencilik ve cevher ta\u015f\u0131ma i\u015flemlerini ger\u00e7ekle\u015ftirir.<br \/>\n5. Lojistik ve ta\u015f\u0131mac\u0131l\u0131k: Forkliftlerde ve ta\u015f\u0131ma robotlar\u0131nda, kol silindirleri \u00e7atallar\u0131n kald\u0131rma ve hareketini kontrol ederek malzeme ta\u015f\u0131ma ve istifleme i\u015flemlerini ger\u00e7ekle\u015ftirir.<\/p>\n<p>Tasar\u0131m Hususlar\u0131 ve Se\u00e7im Kriterleri<br \/>\nKol silindirlerinin tasar\u0131m\u0131 ve se\u00e7imi, ta\u015f\u0131ma kapasitesi, s\u0131zd\u0131rmazl\u0131k, dayan\u0131kl\u0131l\u0131k, g\u00fcvenlik ve bak\u0131m kolayl\u0131\u011f\u0131 gibi \u00e7e\u015fitli fakt\u00f6rlere ba\u011fl\u0131d\u0131r. Bunlar \u015funlard\u0131r:<\/p>\n<p>1. Ta\u015f\u0131ma kapasitesi: Kol silindiri, a\u011f\u0131r y\u00fckleri ta\u015f\u0131ma ve y\u00fcksek kuvvet iletimi sa\u011flama kapasitesine sahip olmal\u0131 ve verimli \u00e7al\u0131\u015fmay\u0131 garanti etmelidir.<br \/>\n2. S\u0131zd\u0131rmazl\u0131k: Silindir, d\u0131\u015f kirlenmeyi \u00f6nlemek ve hidrolik s\u0131v\u0131y\u0131 silindir i\u00e7inde tutmak i\u00e7in piston contalar\u0131, mil contalar\u0131 ve silecek contalar\u0131 gibi \u00e7e\u015fitli s\u0131zd\u0131rmazl\u0131k bile\u015fenlerine sahip olmal\u0131d\u0131r.<br \/>\n3. Dayan\u0131kl\u0131l\u0131k: Kol silindirleri y\u00fcksek mukavemetli malzemelerden \u00fcretilmeli ve a\u015f\u0131nmaya ve korozyona kar\u015f\u0131 dayan\u0131kl\u0131 olmal\u0131d\u0131r; bu da uzun \u00f6m\u00fcrl\u00fcl\u00fc\u011f\u00fc sa\u011flar ve bak\u0131m gereksinimlerini azalt\u0131r.<br \/>\n4. G\u00fcvenlik: Silindirde kazalar\u0131 ve ekipman hasar\u0131n\u0131 \u00f6nlemek i\u00e7in emniyet valfleri ve bas\u0131n\u00e7 tahliye valfleri gibi g\u00fcvenlik \u00f6zellikleri bulunmal\u0131d\u0131r.<br \/>\n5. Bak\u0131m Kolayl\u0131\u011f\u0131: Silindir tasar\u0131m\u0131, d\u00fczenli kontrolleri ve rutin bak\u0131m\u0131 m\u00fcmk\u00fcn k\u0131lacak \u015fekilde, bak\u0131m ve de\u011fi\u015ftirme kolayl\u0131\u011f\u0131n\u0131 g\u00f6z \u00f6n\u00fcnde bulundurmal\u0131d\u0131r.<\/p>\n<p>S\u0131zd\u0131rmazl\u0131k ve Ya\u011flama<br \/>\nKol silindirlerinde, d\u0131\u015f kirlenmeyi \u00f6nlemek ve hidrolik s\u0131v\u0131n\u0131n silindir i\u00e7inde kalmas\u0131n\u0131 sa\u011flamak i\u00e7in piston contalar\u0131 ve mil contalar\u0131 gibi \u00e7e\u015fitli s\u0131zd\u0131rmazl\u0131k bile\u015fenleri kullan\u0131l\u0131r. S\u0131zd\u0131rmazl\u0131k bile\u015fenlerinde, uzun \u00f6m\u00fcr ve optimum performans sa\u011flamak i\u00e7in poli\u00fcretan ve nitril kau\u00e7uk gibi a\u015f\u0131nmaya dayan\u0131kl\u0131 malzemeler kullan\u0131l\u0131r.<\/p>\n<p>Silindirin g\u00f6vdesi ve di\u015fli u\u00e7 y\u00fczeyleri, a\u015f\u0131nma direncini art\u0131rmak i\u00e7in hassas bir i\u015flemden ge\u00e7irilir. Uygun miktarda hidrolik ya\u011f ile d\u00fczenli ya\u011flama, optimum \u00e7al\u0131\u015fma sa\u011flar ve hidrolik sistemin hasar g\u00f6rmesini \u00f6nler.<\/p>\n<p>Bak\u0131m ve Onar\u0131m<br \/>\nKol silindirlerinin optimum durumda kalmas\u0131 i\u00e7in d\u00fczenli kontroller ve \u00f6nleyici bak\u0131m \u015fartt\u0131r. Bak\u0131m program\u0131, s\u0131z\u0131nt\u0131 veya hasar olup olmad\u0131\u011f\u0131n\u0131 g\u00f6rsel olarak kontrol etmeyi, a\u015f\u0131nm\u0131\u015f s\u0131zd\u0131rmazl\u0131k bile\u015fenlerini de\u011fi\u015ftirmeyi ve hidrolik s\u0131v\u0131 seviyesini kontrol etmeyi i\u00e7ermelidir.<\/p>\n<p>Hasar veya ar\u0131za durumunda, onar\u0131mlar \u00fcreticinin y\u00f6nergelerine uygun olarak, orijinal veya uyumlu yedek par\u00e7alar kullan\u0131larak yap\u0131lmal\u0131d\u0131r. D\u00fczenli bak\u0131m ve zaman\u0131nda yap\u0131lan onar\u0131mlar, ekipman ar\u0131za s\u00fcrelerini \u00f6nleyerek y\u00fcksek verimlilik ve etkinlik sa\u011flar.<\/p>\n<p>Kurulum Talimatlar\u0131<br \/>\nKol silindirlerinin montaj\u0131, optimum performans ve g\u00fcvenli\u011fi sa\u011flamak i\u00e7in belirli y\u00f6nergelere uygun olarak ger\u00e7ekle\u015ftirilir. Bunlar \u015funlard\u0131r:<\/p>\n<p>1. Montajdan \u00f6nce hidrolik sistemin bas\u0131nc\u0131n\u0131n bo\u015falt\u0131ld\u0131\u011f\u0131ndan emin olun.<br \/>\n2. Silindirin hidrolik sistem ve kol ile uyumlulu\u011funu kontrol edin.<br \/>\n3. Silindirin ba\u011flant\u0131 noktalar\u0131n\u0131n sa\u011flam oldu\u011fundan ve kolun montaj noktalar\u0131yla hizaland\u0131\u011f\u0131ndan emin olun.<br \/>\n4. Montajdan \u00f6nce silindirin s\u0131zd\u0131rmazl\u0131k bile\u015fenlerini ya\u011flay\u0131n.<br \/>\n5. Hidrolik s\u0131v\u0131 seviyelerini kontrol edin ve sistemin doldurulmas\u0131 ve havas\u0131n\u0131n al\u0131nmas\u0131 i\u00e7in \u00fcreticinin \u00f6nerilerini izleyin.<\/p>\n<p>G\u00fcvenlik Hususlar\u0131 ve \u00c7evresel Fakt\u00f6rler<br \/>\nKol silindirlerinin g\u00fcvenli\u011fini sa\u011flamak ve \u00e7evresel bozulmay\u0131 \u00f6nlemek i\u00e7in do\u011fru kullan\u0131m ve bak\u0131m gereklidir. Bas\u0131n\u00e7 tahliye vanalar\u0131 gibi g\u00fcvenlik \u00f6zelliklerinin kullan\u0131m\u0131 ve d\u00fczenli bak\u0131m kontrolleri kazalar\u0131 ve ekipman hasar\u0131n\u0131 \u00f6nler.<\/p>\n<p>Kullan\u0131lm\u0131\u015f hidrolik s\u0131v\u0131lar ve a\u015f\u0131nm\u0131\u015f s\u0131zd\u0131rmazl\u0131k par\u00e7alar\u0131, yerel \u00e7evre y\u00f6netmeliklerine uygun olarak gerekli \u015fekilde imha edilmelidir.<\/p>\n<p>Sorun Giderme ve Yayg\u0131n Sorunlar<br \/>\nKol silindirlerinde s\u0131k kar\u015f\u0131la\u015f\u0131lan sorunlar aras\u0131nda s\u0131z\u0131nt\u0131lar, yetersiz kuvvet iletimi ve kolun yava\u015f veya d\u00fczensiz hareketi yer al\u0131r.<\/p>\n<p>Sorun giderme, sorunun temel nedenini belirlemeyi, hasar veya a\u015f\u0131nmay\u0131 kontrol etmeyi ve ar\u0131zal\u0131 par\u00e7ay\u0131 de\u011fi\u015ftirmeyi i\u00e7erir. D\u00fczenli bak\u0131m kontrolleri ve zaman\u0131nda onar\u0131mlar gibi \u00f6nleyici tedbirler, bu sorunlar\u0131n ortaya \u00e7\u0131kmas\u0131n\u0131 engeller.<\/p>\n<p>\u00c7\u00f6z\u00fcm<br \/>\nFirmam\u0131z, hidrolik silindirler ve kollu silindirler de dahil olmak \u00fczere hidrolik silindirlerin \u00f6nde gelen \u00fcreticisi ve toptan da\u011f\u0131t\u0131c\u0131s\u0131d\u0131r. M\u00fckemmel kaliteye \u00f6ncelik veriyor ve y\u00fcksek kaliteli \u00fcr\u00fcnler \u00fcretmek i\u00e7in geli\u015fmi\u015f \u00fcretim teknikleri ve son teknoloji dijital ekipmanlar kullan\u0131yoruz. Ekibimiz, \u00e7e\u015fitli m\u00fc\u015fterilerin \u00f6zel gereksinimlerini kar\u015f\u0131lamak \u00fczere \u00f6zel \u00fcr\u00fcnler sunarak optimum performans ve g\u00fcvenlik sa\u011flamaktad\u0131r.<\/p>\n<p>\u00dcr\u00fcnlerimiz, g\u00fcvenlik ve g\u00fcvenilirliklerini garanti eden \u00e7e\u015fitli uluslararas\u0131 sertifikasyonlardan ge\u00e7mi\u015ftir. M\u00fc\u015fterilerimiz i\u00e7in sorunsuz bir deneyim sa\u011flamak amac\u0131yla, \u00fcr\u00fcn kurulumu, bak\u0131m ve onar\u0131m hizmetleri de dahil olmak \u00fczere kapsaml\u0131 sat\u0131\u015f sonras\u0131 hizmetler sunuyoruz.<\/p>\n<p>Yazar: lyl<\/p>","protected":false},"excerpt":{"rendered":"<p>Arm Cylinder for Sumitomo Small Excavator SH100A1A2A3 Introduction An arm cylinder is a specialized hydraulic cylinder designed to provide linear motion and power to various mechanical arms, such as excavators, cranes, and robotic arms. The arm cylinder plays a crucial role in hydraulic systems, enabling attachments or accessories to move and be controlled effectively. These [&hellip;]<\/p>","protected":false},"featured_media":14783,"comment_status":"open","ping_status":"closed","template":"","meta":{"_et_pb_use_builder":"","_et_pb_old_content":"","_et_gb_content_width":""},"product_brand":[],"product_cat":[1497],"product_tag":[1498,1496],"class_list":{"0":"post-16094","1":"product","2":"type-product","3":"status-publish","4":"has-post-thumbnail","6":"product_cat-arm-cylinders","7":"product_tag-arm-cylinders","8":"product_tag-hydraulic-cylinders","10":"first","11":"instock","12":"shipping-taxable","13":"product-type-simple"},"amp_enabled":true,"_links":{"self":[{"href":"https:\/\/www.hydraulic-cylinders.net\/tr\/wp-json\/wp\/v2\/product\/16094","targetHints":{"allow":["GET"]}}],"collection":[{"href":"https:\/\/www.hydraulic-cylinders.net\/tr\/wp-json\/wp\/v2\/product"}],"about":[{"href":"https:\/\/www.hydraulic-cylinders.net\/tr\/wp-json\/wp\/v2\/types\/product"}],"replies":[{"embeddable":true,"href":"https:\/\/www.hydraulic-cylinders.net\/tr\/wp-json\/wp\/v2\/comments?post=16094"}],"wp:featuredmedia":[{"embeddable":true,"href":"https:\/\/www.hydraulic-cylinders.net\/tr\/wp-json\/wp\/v2\/media\/14783"}],"wp:attachment":[{"href":"https:\/\/www.hydraulic-cylinders.net\/tr\/wp-json\/wp\/v2\/media?parent=16094"}],"wp:term":[{"taxonomy":"product_brand","embeddable":true,"href":"https:\/\/www.hydraulic-cylinders.net\/tr\/wp-json\/wp\/v2\/product_brand?post=16094"},{"taxonomy":"product_cat","embeddable":true,"href":"https:\/\/www.hydraulic-cylinders.net\/tr\/wp-json\/wp\/v2\/product_cat?post=16094"},{"taxonomy":"product_tag","embeddable":true,"href":"https:\/\/www.hydraulic-cylinders.net\/tr\/wp-json\/wp\/v2\/product_tag?post=16094"}],"curies":[{"name":"wp","href":"https:\/\/api.w.org\/{rel}","templated":true}]}}