{"id":16097,"date":"2025-01-20T08:28:31","date_gmt":"2025-01-20T08:28:31","guid":{"rendered":"https:\/\/www.hydraulic-cylinders.net\/product\/arm-cylinderfor-sumitomo-small-excavator-sh80-6\/"},"modified":"2025-01-20T08:28:33","modified_gmt":"2025-01-20T08:28:33","slug":"arm-cylinderfor-sumitomo-small-excavator-sh80-6","status":"publish","type":"product","link":"https:\/\/www.hydraulic-cylinders.net\/tr\/urun\/arm-cylinderfor-sumitomo-small-excavator-sh80-6\/","title":{"rendered":"Sumitomo SH80-6 K\u00fc\u00e7\u00fck Ekskavat\u00f6r i\u00e7in Kol Silindiri"},"content":{"rendered":"<h1>Sumitomo SH80-6 K\u00fc\u00e7\u00fck Ekskavat\u00f6r \u0130\u00e7in Kol Silindiri<\/h1>\n<h2>girii\u015f<\/h2>\n<h3>Kol Silindirinin Tan\u0131mlanmas\u0131<\/h3>\n<p>Kol silindiri, ekskavat\u00f6rler, vin\u00e7ler ve robot kollar\u0131 gibi \u00e7e\u015fitli makine kollar\u0131n\u0131n do\u011frusal hareketini ve g\u00fcc\u00fcn\u00fc sa\u011flamak \u00fczere \u00f6zel olarak tasarlanm\u0131\u015f bir hidrolik silindirdir. Kol silindirleri, hidrolik sistemlerde \u00e7ok \u00f6nemli bir rol oynayarak ata\u015fmanlar\u0131n veya aletlerin etkili hareketini ve kontrol\u00fcn\u00fc sa\u011flar. Bu silindirler sadece d\u00fczg\u00fcn hareket sa\u011flamakla kalmaz, ayn\u0131 zamanda a\u011f\u0131r y\u00fckleri de ta\u015f\u0131yarak \u00e7e\u015fitli \u00e7al\u0131\u015fma ko\u015fullar\u0131nda makinelerin verimli \u00e7al\u0131\u015fmas\u0131n\u0131 ve g\u00fcvenilirli\u011fini sa\u011flar.<\/p>\n<p><img decoding=\"async\" src=\"https:\/\/www.hydraulic-cylinders.net\/wp-content\/uploads\/2025\/01\/songte-company-2.webp\" alt=\"Kol Silindiri\" \/><\/p>\n<h2>\u00d6zellikler<\/h2>\n<h3>Verimli G\u00fc\u00e7 Aktar\u0131m\u0131<\/h3>\n<p>Kol silindirleri, g\u00fc\u00e7l\u00fc do\u011frusal hareket ve kuvvet sa\u011flayarak, makine kolunun \u00e7e\u015fitli i\u015flemlerde y\u00fcksek verimlilikte performans g\u00f6stermesini garanti eder.<\/p>\n<h3>Hassas Kontrol<\/h3>\n<p>Hidrolik sistem sayesinde, kol silindirleri hassas hareket kontrol\u00fc sa\u011flayarak ata\u015fmanlar\u0131n \u00e7al\u0131\u015fmas\u0131n\u0131 daha esnek ve do\u011fru hale getirir.<\/p>\n<h3>Dayan\u0131kl\u0131l\u0131k<\/h3>\n<p>Kol silindirleri genellikle y\u00fcksek mukavemetli, a\u015f\u0131nma ve korozyon direnci y\u00fcksek malzemelerden \u00fcretilir ve zorlu ortamlarda uzun s\u00fcreli kullan\u0131ma uygundur.<\/p>\n<h3>\u00c7ok \u0130\u015flevli Uyarlanabilirlik<\/h3>\n<p>Bu silindirler, ekskavat\u00f6rler, vin\u00e7ler ve robotik kollar gibi \u00e7e\u015fitli makine t\u00fcrlerinde yayg\u0131n olarak kullan\u0131lmakta olup, farkl\u0131 \u00e7al\u0131\u015fma gereksinimlerine uyum sa\u011flamaktad\u0131r.<\/p>\n<h3>Kolay Bak\u0131m<\/h3>\n<p>Tasar\u0131m hususlar\u0131, kolay bak\u0131m ve de\u011fi\u015ftirme imkan\u0131 sa\u011flayarak d\u00fczenli kontrolleri ve bak\u0131m\u0131 daha kolay hale getirir ve ekipman ar\u0131za s\u00fcresini azalt\u0131r.<\/p>\n<p><img decoding=\"async\" src=\"https:\/\/www.hydraulic-cylinders.net\/wp-content\/uploads\/2025\/01\/songte-oil-pipes-and-spare-parts.webp\" alt=\"Kol Silindiri Yedek Par\u00e7alar\u0131\" \/><\/p>\n<h2>Uygulamalar<\/h2>\n<p>Kol silindiri \u00e7e\u015fitli alanlarda uygulama bulmaktad\u0131r, bunlar aras\u0131nda \u015funlar yer almaktad\u0131r:<\/p>\n<h3>Yap\u0131<\/h3>\n<ul>\n<li>Toprak i\u015fleri, malzeme ta\u015f\u0131ma ve yap\u0131 kurulumunda kullan\u0131lan ekskavat\u00f6r veya vin\u00e7lerin kep\u00e7esinin veya bomunun hareketini kontrol eder.<\/li>\n<\/ul>\n<h3>\u00dcretme<\/h3>\n<ul>\n<li>Montaj, kaynak ve malzeme ta\u015f\u0131ma s\u00fcre\u00e7lerinde robot kollar\u0131n\u0131n hareketini kontrol ederek \u00fcretim verimlili\u011fini ve do\u011frulu\u011funu art\u0131r\u0131r.<\/li>\n<\/ul>\n<h3>Tar\u0131m Makinalar\u0131<\/h3>\n<ul>\n<li>Bi\u00e7erd\u00f6ver ve tohum ekme makineleri gibi tar\u0131m aletlerinde, ekim, g\u00fcbreleme ve hasat gibi i\u015flemleri ger\u00e7ekle\u015ftirmek i\u00e7in \u00e7al\u0131\u015fma kollar\u0131n\u0131n hareketini kontrol eder.<\/li>\n<\/ul>\n<h3>Madencilik<\/h3>\n<ul>\n<li>Controls the arm&#8217;s movement in mining equipment used for ore extraction and transportation.<\/li>\n<\/ul>\n<h3>Lojistik ve Ta\u015f\u0131mac\u0131l\u0131k<\/h3>\n<ul>\n<li>Malzeme ta\u015f\u0131ma ve istifleme i\u015flemlerinde kullan\u0131lan forkliftlerin ve ta\u015f\u0131ma robotlar\u0131n\u0131n hareketini kontrol eder.<\/li>\n<\/ul>\n<h2>Tasar\u0131m Hususlar\u0131 ve Se\u00e7im Kriterleri<\/h2>\n<h3>Y\u00fck Ta\u015f\u0131ma Kapasitesi<\/h3>\n<p>Kol silindirinin, \u00e7al\u0131\u015ft\u0131rd\u0131\u011f\u0131 ata\u015fmanlar\u0131n veya aletlerin a\u011f\u0131rl\u0131\u011f\u0131n\u0131 kald\u0131rabilecek yeterli y\u00fck ta\u015f\u0131ma kapasitesine sahip olmas\u0131 gerekir. Belirli bir uygulama i\u00e7in silindir se\u00e7ilirken y\u00fck ta\u015f\u0131ma kapasitesi dikkatlice de\u011ferlendirilmelidir.<\/p>\n<h3>S\u0131zd\u0131rmazl\u0131k Performans\u0131<\/h3>\n<p>Hidrolik ya\u011f s\u0131z\u0131nt\u0131s\u0131n\u0131 \u00f6nlemek ve bak\u0131m gereksinimlerini azaltmak i\u00e7in kol silindirinin m\u00fckemmel s\u0131zd\u0131rmazl\u0131k performans\u0131na sahip olmas\u0131 gerekir. Etkili s\u0131zd\u0131rmazl\u0131k performans\u0131 sa\u011flamak i\u00e7in piston contalar\u0131 ve mil contalar\u0131 gibi \u00e7e\u015fitli s\u0131zd\u0131rmazl\u0131k bile\u015fenleri kullan\u0131l\u0131r.<\/p>\n<h3>Dayan\u0131kl\u0131l\u0131k<\/h3>\n<p>Kol silindiri, zorlu \u00e7evre ko\u015fullar\u0131na ve a\u011f\u0131r y\u00fck operasyonlar\u0131na dayanacak \u015fekilde son derece dayan\u0131kl\u0131 olmal\u0131d\u0131r. Silindir, y\u00fcksek mukavemetli malzemelerden yap\u0131lmal\u0131 ve a\u015f\u0131nma direncini art\u0131rmak i\u00e7in uygun y\u00fczey i\u015flemine tabi tutulmal\u0131d\u0131r.<\/p>\n<h3>Emniyet<\/h3>\n<p>Kol silindiri, ani k\u0131r\u0131lma veya ar\u0131za riski gibi \u00e7al\u0131\u015fma s\u0131ras\u0131nda g\u00fcvenlik risklerini en aza indirecek \u015fekilde tasarlanmal\u0131d\u0131r. Silindirin g\u00fcvenli\u011fi, y\u00fcksek kaliteli malzemelerin se\u00e7ilmesi, uygun tasar\u0131m ve testlerle sa\u011flanabilir.<\/p>\n<h3>Bak\u0131m<\/h3>\n<p>Kol silindirinin bak\u0131m\u0131 ve onar\u0131m\u0131 kolay olmal\u0131, b\u00f6ylece ar\u0131za s\u00fcresi ve bak\u0131m maliyetleri en aza indirilmelidir. Tasar\u0131mda kolay s\u00f6kme, par\u00e7a de\u011fi\u015ftirme ve uygun ya\u011flama gereksinimleri dikkate al\u0131nmal\u0131d\u0131r.<\/p>\n<p><img decoding=\"async\" src=\"https:\/\/www.hydraulic-cylinders.net\/wp-content\/uploads\/2025\/01\/songte-cylinder-head-with-all-kinds-excavator-models.webp\" alt=\"Silindir Kapa\u011f\u0131\" \/><\/p>\n<h2>S\u0131zd\u0131rmazl\u0131k ve Ya\u011flama<\/h2>\n<p>Kol silindiri, etkili s\u0131zd\u0131rmazl\u0131k performans\u0131 sa\u011flamak i\u00e7in piston contalar\u0131 ve mil contalar\u0131 gibi \u00e7e\u015fitli s\u0131zd\u0131rmazl\u0131k bile\u015fenleri kullan\u0131r. S\u0131zd\u0131rmazl\u0131k bile\u015fenleri, poli\u00fcretan ve nitril kau\u00e7uk gibi dayan\u0131kl\u0131 malzemelerden \u00fcretilmi\u015ftir. Silindir ba\u015fl\u0131\u011f\u0131 ve di\u015fli u\u00e7 y\u00fczeyi, a\u015f\u0131nma direncini art\u0131rmak i\u00e7in ince bir i\u015flemden ge\u00e7irilmi\u015ftir. Kol silindirinin d\u00fczg\u00fcn \u00e7al\u0131\u015fmas\u0131n\u0131 sa\u011flamak ve a\u015f\u0131nmay\u0131 azaltmak i\u00e7in uygun hidrolik ya\u011f ile d\u00fczenli olarak ya\u011flanmas\u0131 gerekir.<\/p>\n<h2>Bak\u0131m ve Sorun Giderme<\/h2>\n<p>The arm cylinder requires regular inspection and preventive maintenance to ensure safe and efficient operation. Common problems that may occur include leakage, abnormal noise, and cylinder drift. To troubleshoot these issues, follow the manufacturer&#8217;s guidelines, which may include checking the hydraulic system, replacing damaged seals, or repairing the cylinder. To prevent potential problems, regular maintenance and inspections should be conducted.<\/p>\n<p><img decoding=\"async\" src=\"https:\/\/www.hydraulic-cylinders.net\/wp-content\/uploads\/2025\/01\/songte-chushion-collar.webp\" alt=\"Yast\u0131k Yaka\" \/><\/p>\n<h2>Kurulum Talimatlar\u0131<\/h2>\n<p>The arm cylinder must be installed by a qualified technician according to the manufacturer&#8217;s guidelines. During installation, ensure proper alignment, sealing, and lubrication of the cylinder. The hydraulic system should be flushed before installation to remove any debris or contaminants. After installation, conduct a visual and functional inspection of the cylinder to ensure proper operation.<\/p>\n<h2>Hakk\u0131m\u0131zda<\/h2>\n<p>Geni\u015f \u00fcr\u00fcn yelpazesiyle profesyonel bir yedek hidrolik silindir \u00fcreticisiyiz ve hem yurt i\u00e7i hem de uluslararas\u0131 pazarlarda \u00f6nde gelen hidrolik silindir \u00fcreticilerinden ve toptanc\u0131lar\u0131ndan biri haline geldik. Her zaman m\u00fckemmel kalite ilkesine ba\u011fl\u0131 kalarak, geli\u015fmi\u015f \u00fcretim at\u00f6lyelerinin end\u00fcstriyel \u00fcretim y\u00f6netim stratejisine dayanarak, teknolojimizi ve \u00fcretim verimlili\u011fimizi s\u00fcrekli olarak geli\u015ftiriyoruz.<\/p>\n<p>Through the introduction of high-end digital manufacturing equipment and professional testing systems, we continuously optimize our manufacturing platform, improve our product quality control process, and possess strong innovation capabilities. Our goal is to satisfy customers&#8217; diverse needs based on high efficiency, accuracy, and high-quality products.<\/p>\n<p>M\u00fc\u015fterilerimize profesyonel hizmetler, uluslararas\u0131 sertifikalar, \u00f6zelle\u015ftirilmi\u015f hizmetler, \u00fcretim ekipmanlar\u0131 ve sat\u0131\u015f sonras\u0131 hizmetler sunuyoruz.<\/p>\n<p><img decoding=\"async\" src=\"https:\/\/www.hydraulic-cylinders.net\/wp-content\/uploads\/2025\/01\/songte-company-4.webp\" alt=\"\u015eirket G\u00f6rseli 1\" \/><\/p>\n<p><img decoding=\"async\" src=\"https:\/\/www.hydraulic-cylinders.net\/wp-content\/uploads\/2025\/01\/songte-company-3.webp\" alt=\"\u015eirket G\u00f6rseli 2\" \/><\/p>\n<p>Yazar: lyl.<\/p>","protected":false},"excerpt":{"rendered":"<p>Arm Cylinder For Sumitomo Small Excavator SH80-6 Introduction Defining Arm Cylinder An arm cylinder is a hydraulic cylinder specially designed to provide linear motion and power to various types of machinery arms such as excavators, cranes, and robotic arms. Arm cylinders play a crucial role in hydraulic systems, enabling effective movement and control of attachments [&hellip;]<\/p>","protected":false},"featured_media":14774,"comment_status":"open","ping_status":"closed","template":"","meta":{"_et_pb_use_builder":"","_et_pb_old_content":"","_et_gb_content_width":""},"product_brand":[],"product_cat":[1497],"product_tag":[1498,1496],"class_list":{"0":"post-16097","1":"product","2":"type-product","3":"status-publish","4":"has-post-thumbnail","6":"product_cat-arm-cylinders","7":"product_tag-arm-cylinders","8":"product_tag-hydraulic-cylinders","10":"first","11":"instock","12":"shipping-taxable","13":"product-type-simple"},"amp_enabled":true,"_links":{"self":[{"href":"https:\/\/www.hydraulic-cylinders.net\/tr\/wp-json\/wp\/v2\/product\/16097","targetHints":{"allow":["GET"]}}],"collection":[{"href":"https:\/\/www.hydraulic-cylinders.net\/tr\/wp-json\/wp\/v2\/product"}],"about":[{"href":"https:\/\/www.hydraulic-cylinders.net\/tr\/wp-json\/wp\/v2\/types\/product"}],"replies":[{"embeddable":true,"href":"https:\/\/www.hydraulic-cylinders.net\/tr\/wp-json\/wp\/v2\/comments?post=16097"}],"wp:featuredmedia":[{"embeddable":true,"href":"https:\/\/www.hydraulic-cylinders.net\/tr\/wp-json\/wp\/v2\/media\/14774"}],"wp:attachment":[{"href":"https:\/\/www.hydraulic-cylinders.net\/tr\/wp-json\/wp\/v2\/media?parent=16097"}],"wp:term":[{"taxonomy":"product_brand","embeddable":true,"href":"https:\/\/www.hydraulic-cylinders.net\/tr\/wp-json\/wp\/v2\/product_brand?post=16097"},{"taxonomy":"product_cat","embeddable":true,"href":"https:\/\/www.hydraulic-cylinders.net\/tr\/wp-json\/wp\/v2\/product_cat?post=16097"},{"taxonomy":"product_tag","embeddable":true,"href":"https:\/\/www.hydraulic-cylinders.net\/tr\/wp-json\/wp\/v2\/product_tag?post=16097"}],"curies":[{"name":"wp","href":"https:\/\/api.w.org\/{rel}","templated":true}]}}