{"id":16106,"date":"2025-01-20T08:29:12","date_gmt":"2025-01-20T08:29:12","guid":{"rendered":"https:\/\/www.hydraulic-cylinders.net\/product\/arm-cylinderfor-sumitomo-middle-excavator-sh210lc-5\/"},"modified":"2025-01-20T08:29:14","modified_gmt":"2025-01-20T08:29:14","slug":"arm-cylinderfor-sumitomo-middle-excavator-sh210lc-5","status":"publish","type":"product","link":"https:\/\/www.hydraulic-cylinders.net\/tr\/urun\/arm-cylinderfor-sumitomo-middle-excavator-sh210lc-5\/","title":{"rendered":"Sumitomo SH210LC-5 Orta Ekskavat\u00f6r i\u00e7in Kol Silindiri"},"content":{"rendered":"<h1>Sumitomo SH210LC-5 Orta Ekskavat\u00f6r \u0130\u00e7in Kol Silindiri<\/h1>\n<h2>girii\u015f<\/h2>\n<p>Kol silindiri, ekskavat\u00f6rler, vin\u00e7ler ve robot kollar\u0131 gibi \u00e7e\u015fitli makinelerin kollar\u0131na do\u011frusal hareket ve g\u00fc\u00e7 sa\u011flayan \u00f6zel olarak tasarlanm\u0131\u015f bir hidrolik silindirdir. Hidrolik sistemlerde hayati bir rol oynayarak ek aletlerin veya ata\u015fmanlar\u0131n etkili hareketini ve kontrol\u00fcn\u00fc sa\u011flar. Bu silindirler sadece d\u00fczg\u00fcn hareket sa\u011flamakla kalmaz, ayn\u0131 zamanda a\u011f\u0131r y\u00fckleri de kald\u0131rarak \u00e7e\u015fitli \u00e7al\u0131\u015fma ko\u015fullar\u0131nda verimli \u00e7al\u0131\u015fma ve g\u00fcvenilirlik sa\u011flar.<\/p>\n<p><img decoding=\"async\" src=\"https:\/\/www.hydraulic-cylinders.net\/wp-content\/uploads\/2025\/01\/songte-company-2.webp\"><\/p>\n<h2>\u00d6zellikler<\/h2>\n<ul>\n<li><strong>Y\u00fcksek Verimli \u015eanz\u0131man:<\/strong> Kol silindiri, g\u00fc\u00e7l\u00fc do\u011frusal hareket ve kuvvet sa\u011flayarak \u00e7e\u015fitli i\u015flemlerde y\u00fcksek performans garanti eder.<\/li>\n<li><strong>Hassas Kontrol:<\/strong> Hidrolik sistem sayesinde Kol Silindiri hassas hareket kontrol\u00fc sa\u011flayarak, ba\u011fl\u0131 tak\u0131mlar\u0131n \u00e7al\u0131\u015fmas\u0131n\u0131 daha esnek ve hassas hale getirir.<\/li>\n<li><strong>Dayan\u0131kl\u0131l\u0131k:<\/strong> Kol silindirleri genellikle y\u00fcksek mukavemetli, a\u015f\u0131nma ve korozyon direnci y\u00fcksek malzemelerden \u00fcretilir ve bu da onlar\u0131 zorlu ortamlarda uzun s\u00fcreli kullan\u0131m i\u00e7in uygun hale getirir.<\/li>\n<li><strong>\u00c7ok Fonksiyonlu Uyarlanabilirlik:<\/strong> Bu silindirler, ekskavat\u00f6rler, vin\u00e7ler ve robotik kollar gibi \u00e7e\u015fitli makinelerde yayg\u0131n olarak kullan\u0131labilir ve farkl\u0131 i\u015f gereksinimlerine uyum sa\u011flayabilir.<\/li>\n<li><strong>Kolay Bak\u0131m:<\/strong> Kolay bak\u0131m ve de\u011fi\u015ftirme i\u00e7in tasarlanan Kol Silindiri, d\u00fczenli incelemeleri ve bak\u0131m\u0131 kolayla\u015ft\u0131rarak ekipman ar\u0131za s\u00fcrelerini azalt\u0131r.<\/li>\n<\/ul>\n<p><img decoding=\"async\" src=\"https:\/\/www.hydraulic-cylinders.net\/wp-content\/uploads\/2025\/01\/songte-oil-pipes-and-spare-parts.webp\"><\/p>\n<h2>Uygulamalar<\/h2>\n<p>Kol silindiri \u00e7e\u015fitli end\u00fcstrilerde uygulama alan\u0131 bulmaktad\u0131r:<\/p>\n<h3>1. \u0130n\u015faat M\u00fchendisli\u011fi<\/h3>\n<p>Kaz\u0131c\u0131 makinelerde ve vin\u00e7lerde, kol silindiri kep\u00e7elerin veya bomlar\u0131n hareketini kontrol ederek toprak i\u015fleme, malzeme ta\u015f\u0131ma ve yap\u0131sal kurulum i\u015flemlerini m\u00fcmk\u00fcn k\u0131lar.<\/p>\n<h3>2. \u00dcretim<\/h3>\n<p>Otomatik \u00fcretim hatlar\u0131nda, kol silindiri, montaj, kaynak ve ta\u015f\u0131ma i\u015flemlerini ger\u00e7ekle\u015ftiren robot kollar\u0131n\u0131n hareketini sa\u011flamak i\u00e7in kullan\u0131l\u0131r ve \u00fcretim verimlili\u011fini ve do\u011frulu\u011funu art\u0131r\u0131r.<\/p>\n<h3>3. Tar\u0131m Makinalar\u0131<\/h3>\n<p>Bi\u00e7erd\u00f6ver ve tohum ekme makineleri gibi tar\u0131m makinelerinde, kol silindiri, tohum ekme, g\u00fcbreleme ve hasat gibi g\u00f6revleri yerine getiren \u00e7al\u0131\u015fma kollar\u0131n\u0131n hareketini kontrol eder.<\/p>\n<h3>4. Madencilik<\/h3>\n<p>Madencilik ekipmanlar\u0131nda, kol silindiri madencilik makinelerinin kol hareketini kontrol ederek cevher \u00e7\u0131kar\u0131lmas\u0131n\u0131 ve ta\u015f\u0131nmas\u0131n\u0131 kolayla\u015ft\u0131r\u0131r.<\/p>\n<h3>5. Lojistik ve Ta\u015f\u0131mac\u0131l\u0131k<\/h3>\n<p>Forkliftlerde ve ta\u015f\u0131ma robotlar\u0131nda, kol silindiri \u00e7atallar\u0131n kald\u0131r\u0131lmas\u0131n\u0131 ve hareketini kontrol ederek malzemelerin ta\u015f\u0131nmas\u0131n\u0131 ve istiflenmesini sa\u011flar.<\/p>\n<p><img decoding=\"async\" src=\"https:\/\/www.hydraulic-cylinders.net\/wp-content\/uploads\/2025\/01\/songte-cylinder-head-with-all-kinds-excavator-models.webp\"><\/p>\n<h2>Tasar\u0131m Hususlar\u0131 ve Se\u00e7im Kriterleri<\/h2>\n<p>Kol silindirinin tasar\u0131m\u0131nda \u00e7e\u015fitli fakt\u00f6rler ve se\u00e7im kriterleri dikkate al\u0131n\u0131r:<\/p>\n<h3>1. Ta\u015f\u0131ma Kapasitesi<\/h3>\n<p>Kol silindiri, farkl\u0131 makinelerin ve uygulamalar\u0131n \u00f6zel y\u00fck gereksinimlerine dayanacak \u015fekilde tasarlanm\u0131\u015ft\u0131r.<\/p>\n<h3>2. S\u0131zd\u0131rmazl\u0131k<\/h3>\n<p>Piston contalar\u0131 ve mil contalar\u0131 gibi \u00e7e\u015fitli s\u0131zd\u0131rmazl\u0131k elemanlar\u0131 kullan\u0131l\u0131r. Bu contalar, poli\u00fcretan ve nitril kau\u00e7uk gibi a\u015f\u0131nmaya dayan\u0131kl\u0131 malzemelerden \u00fcretilmi\u015ftir. Silindir g\u00f6vdesi ve di\u015fli u\u00e7 y\u00fczeyleri, a\u015f\u0131nma direncini art\u0131rmak i\u00e7in ince bir \u015fekilde i\u015flenmi\u015ftir.<\/p>\n<h3>3. Dayan\u0131kl\u0131l\u0131k<\/h3>\n<p>Kol silindiri, y\u00fcksek kaliteli ve m\u00fckemmel dayan\u0131kl\u0131l\u0131\u011fa sahip malzemeler kullan\u0131larak \u00fcretilmi\u015ftir; bu da zorlu ortamlarda uzun \u00f6m\u00fcrl\u00fcl\u00fc\u011f\u00fcn\u00fc ve performans\u0131n\u0131 garanti eder.<\/p>\n<h3>4. G\u00fcvenlik<\/h3>\n<p>Kol silindirinin tasar\u0131m ve \u00fcretim a\u015famalar\u0131nda, makinenin g\u00fcvenli \u00e7al\u0131\u015fmas\u0131n\u0131 sa\u011flamak amac\u0131yla s\u0131k\u0131 g\u00fcvenlik standartlar\u0131 ve \u00f6nlemleri uygulanmaktad\u0131r.<\/p>\n<h3>5. Bak\u0131m Kolayl\u0131\u011f\u0131<\/h3>\n<p>Par\u00e7alar\u0131n bak\u0131m ve de\u011fi\u015ftirme kolayl\u0131\u011f\u0131 g\u00f6z \u00f6n\u00fcnde bulundurularak, d\u00fczenli denetim ve bak\u0131m i\u015flemleri kolayla\u015ft\u0131r\u0131l\u0131r ve ekipman ar\u0131za s\u00fcresi en aza indirilir.<\/p>\n<p><img decoding=\"async\" src=\"https:\/\/www.hydraulic-cylinders.net\/wp-content\/uploads\/2025\/01\/songte-chushion-collar.webp\"><\/p>\n<h2>S\u0131zd\u0131rmazl\u0131k ve Ya\u011flama<\/h2>\n<p>Kol silindiri, poli\u00fcretan ve nitril kau\u00e7uk gibi a\u015f\u0131nmaya dayan\u0131kl\u0131 malzemelerden yap\u0131lm\u0131\u015f piston contalar\u0131 ve mil contalar\u0131 gibi \u00e7e\u015fitli s\u0131zd\u0131rmazl\u0131k elemanlar\u0131 kullan\u0131r. Silindir g\u00f6vdesi ve di\u015fli u\u00e7 y\u00fczeyleri, a\u015f\u0131nma direncini art\u0131rmak i\u00e7in ince bir \u015fekilde i\u015flenmi\u015ftir. Silindirin sorunsuz \u00e7al\u0131\u015fmas\u0131 ve uzun \u00f6m\u00fcrl\u00fc olmas\u0131 i\u00e7in uygun miktarda hidrolik ya\u011f ile d\u00fczenli ya\u011flama gereklidir.<\/p>\n<h2>D\u00fczenli Muayene ve \u00d6nleyici Bak\u0131m<\/h2>\n<ul>\n<li>Kol silindirini d\u00fczenli olarak a\u015f\u0131nma, s\u0131z\u0131nt\u0131 veya hasar belirtileri a\u00e7\u0131s\u0131ndan kontrol edin.<\/li>\n<li>S\u0131zd\u0131rmazl\u0131k elemanlar\u0131n\u0131 kontrol edin ve gerekirse de\u011fi\u015ftirin.<\/li>\n<li>T\u00fcm ba\u011flant\u0131lar\u0131n ve ba\u011flant\u0131 par\u00e7alar\u0131n\u0131n g\u00fcvenli oldu\u011fundan emin olun.<\/li>\n<li>Silindiri temiz ve kal\u0131nt\u0131lardan ar\u0131nd\u0131r\u0131lm\u0131\u015f halde tutun.<\/li>\n<li>\u00dcreticinin \u00f6nerdi\u011fi bak\u0131m program\u0131n\u0131 takip edin.<\/li>\n<\/ul>\n<h2>\u00dcr\u00fcn Kurulum K\u0131lavuzu<\/h2>\n<p>Kol silindirinin do\u011fru montaj\u0131, optimum performans ve uzun \u00f6m\u00fcr i\u00e7in \u00e7ok \u00f6nemlidir. \u015eu ad\u0131mlar\u0131 izleyin:<\/p>\n<ol>\n<li>Makinenin kapal\u0131 oldu\u011fundan ve hidrolik sistemin bas\u0131nc\u0131n\u0131n al\u0131nd\u0131\u011f\u0131ndan emin olun.<\/li>\n<li>Kol silindirini uygun c\u0131vata ve ba\u011flant\u0131 elemanlar\u0131n\u0131 kullanarak belirlenmi\u015f montaj noktalar\u0131na tak\u0131n.<\/li>\n<li>C\u0131vatalar\u0131 belirtilen tork de\u011ferine kadar s\u0131k\u0131n.<\/li>\n<li>Hidrolik hatlar\u0131 silindire ba\u011flay\u0131n ve s\u0131zd\u0131rmazl\u0131\u011f\u0131n uygun oldu\u011fundan emin olun.<\/li>\n<li>Herhangi bir s\u0131z\u0131nt\u0131 olup olmad\u0131\u011f\u0131n\u0131 kontrol edin ve gerekirse onar\u0131n.<\/li>\n<li>Kol silindirinin d\u00fczg\u00fcn ve do\u011fru hareket etti\u011finden emin olmak i\u00e7in \u00e7al\u0131\u015fmas\u0131n\u0131 test edin.<\/li>\n<\/ol>\n<p><img decoding=\"async\" src=\"https:\/\/www.hydraulic-cylinders.net\/wp-content\/uploads\/2025\/01\/songte-bushings-with-all-kinds-of-excavator-models.webp\"><\/p>\n<h2>G\u00fcvenlik Hususlar\u0131 ve \u00c7evresel Fakt\u00f6rler<\/h2>\n<p>Kol silindirini kullan\u0131rken, kazalar\u0131 \u00f6nlemek ve operat\u00f6rlerin g\u00fcvenli\u011fini sa\u011flamak i\u00e7in g\u00fcvenlik \u00f6nlemlerine uymak \u00f6nemlidir. G\u00fcvenlik \u00f6nlemleri aras\u0131nda uygun e\u011fitim, i\u015fletim prosed\u00fcrlerine uyma ve ki\u015fisel koruyucu ekipman kullan\u0131m\u0131 yer almal\u0131d\u0131r. Ayr\u0131ca, kol silindirinin optimum performans\u0131n\u0131 ve uzun \u00f6mr\u00fcn\u00fc sa\u011flamak i\u00e7in s\u0131cakl\u0131k, nem ve kimyasallara maruz kalma gibi \u00e7evresel fakt\u00f6rler de dikkate al\u0131nmal\u0131d\u0131r.<\/p>\n<h2>Sorun Giderme ve Yayg\u0131n Sorunlar<\/h2>\n<p>Kol silindirinde s\u0131k kar\u015f\u0131la\u015f\u0131lan sorunlar aras\u0131nda s\u0131z\u0131nt\u0131, yetersiz g\u00fc\u00e7 ve d\u00fczensiz hareket yer almaktad\u0131r. Herhangi bir sorunla kar\u015f\u0131la\u015f\u0131rsan\u0131z, a\u015fa\u011f\u0131dakileri g\u00f6z \u00f6n\u00fcnde bulundurun:<\/p>\n<ol>\n<li>Herhangi bir s\u0131z\u0131nt\u0131 veya hasar belirtisi olup olmad\u0131\u011f\u0131n\u0131 kontrol edin.<\/li>\n<li>S\u0131zd\u0131rmazl\u0131k elemanlar\u0131n\u0131 kontrol edin ve gerekirse de\u011fi\u015ftirin.<\/li>\n<li>Silindirin uygun \u015fekilde ya\u011fland\u0131\u011f\u0131ndan emin olun.<\/li>\n<li>Kol silindirinin performans\u0131n\u0131 etkileyebilecek herhangi bir sorun olup olmad\u0131\u011f\u0131n\u0131 kontrol etmek i\u00e7in hidrolik sistemi inceleyin.<\/li>\n<\/ol>\n<p>Sorunlar\u0131n daha do\u011fru te\u015fhis ve \u00e7\u00f6z\u00fcm\u00fc i\u00e7in \u00fcreticinin kullan\u0131m k\u0131lavuzuna ba\u015fvurulmas\u0131 veya profesyonel yard\u0131m al\u0131nmas\u0131 \u00f6nerilir.<\/p>\n<p><img decoding=\"async\" src=\"https:\/\/www.hydraulic-cylinders.net\/wp-content\/uploads\/2025\/01\/songte-chushion-collar.webp\"><\/p>\n<h2>Hakk\u0131m\u0131zda<\/h2>\n<p>Profesyonel bir hidrolik silindir yedek par\u00e7a \u00fcreticisiyiz ve geni\u015f bir \u00fcr\u00fcn yelpazesi sunuyoruz. Yurti\u00e7i ve yurtd\u0131\u015f\u0131 pazarlarda hidrolik silindirlerin \u00f6nde gelen \u00fcreticilerinden ve toptanc\u0131lar\u0131ndan biri haline geldik. M\u00fckemmelli\u011fe olan ba\u011fl\u0131l\u0131\u011f\u0131m\u0131z, teknik uzmanl\u0131\u011f\u0131 ve \u00fcretim verimlili\u011fini art\u0131rmak i\u00e7in ince i\u015f\u00e7ilik gerektiren \u00fcretim at\u00f6lyelerine dayanan end\u00fcstriyel \u00fcretim y\u00f6netim stratejilerimize yans\u0131maktad\u0131r.<\/p>\n<p>Geli\u015fmi\u015f dijital \u00fcretim ekipmanlar\u0131 ve profesyonel test sistemlerini kullanarak \u00fcretim platformumuzu optimize ediyor ve \u00fcr\u00fcn kalite kontrol s\u00fcre\u00e7lerimizi iyile\u015ftirerek g\u00fc\u00e7l\u00fc inovasyon yetenekleri elde ediyoruz. Amac\u0131m\u0131z, verimlilik, hassasiyet ve y\u00fcksek kaliteli \u00fcr\u00fcnlerle m\u00fc\u015fterilerin \u00e7e\u015fitli ihtiya\u00e7lar\u0131n\u0131 kar\u015f\u0131lamakt\u0131r.<\/p>\n<p><img decoding=\"async\" src=\"https:\/\/www.hydraulic-cylinders.net\/wp-content\/uploads\/2025\/01\/songte-company-4.webp\"><br \/>\n<img decoding=\"async\" src=\"https:\/\/www.hydraulic-cylinders.net\/wp-content\/uploads\/2025\/01\/songte-company-3.webp\"><\/p>\n<p>\u015eirket olarak, profesyonelli\u011fimiz, uluslararas\u0131 sertifikalar\u0131m\u0131z, \u00f6zelle\u015ftirilmi\u015f hizmetlerimiz, \u00fcretim ekipmanlar\u0131m\u0131z ve sat\u0131\u015f sonras\u0131 hizmetlerimizle gurur duyuyoruz. Hidrolik silindir sekt\u00f6r\u00fcnde en iyi \u00e7\u00f6z\u00fcmleri sunmak ve en y\u00fcksek standartlar\u0131 kar\u015f\u0131lamak i\u00e7in \u00e7al\u0131\u015f\u0131yoruz.<\/p>\n<p>Yazar: lyl<\/p>","protected":false},"excerpt":{"rendered":"<p>Arm Cylinder For Sumitomo Middle Excavator SH210LC-5 Introduction The Arm Cylinder is a specially designed hydraulic cylinder that provides linear motion and power to the arm of various machinery, such as excavators, cranes, and robotic arms. It plays a crucial role in hydraulic systems, enabling the effective movement and control of additional tools or attachments. [&hellip;]<\/p>","protected":false},"featured_media":14777,"comment_status":"open","ping_status":"closed","template":"","meta":{"_et_pb_use_builder":"","_et_pb_old_content":"","_et_gb_content_width":""},"product_brand":[],"product_cat":[1497],"product_tag":[1498,1496],"class_list":{"0":"post-16106","1":"product","2":"type-product","3":"status-publish","4":"has-post-thumbnail","6":"product_cat-arm-cylinders","7":"product_tag-arm-cylinders","8":"product_tag-hydraulic-cylinders","10":"first","11":"instock","12":"shipping-taxable","13":"product-type-simple"},"amp_enabled":true,"_links":{"self":[{"href":"https:\/\/www.hydraulic-cylinders.net\/tr\/wp-json\/wp\/v2\/product\/16106","targetHints":{"allow":["GET"]}}],"collection":[{"href":"https:\/\/www.hydraulic-cylinders.net\/tr\/wp-json\/wp\/v2\/product"}],"about":[{"href":"https:\/\/www.hydraulic-cylinders.net\/tr\/wp-json\/wp\/v2\/types\/product"}],"replies":[{"embeddable":true,"href":"https:\/\/www.hydraulic-cylinders.net\/tr\/wp-json\/wp\/v2\/comments?post=16106"}],"wp:featuredmedia":[{"embeddable":true,"href":"https:\/\/www.hydraulic-cylinders.net\/tr\/wp-json\/wp\/v2\/media\/14777"}],"wp:attachment":[{"href":"https:\/\/www.hydraulic-cylinders.net\/tr\/wp-json\/wp\/v2\/media?parent=16106"}],"wp:term":[{"taxonomy":"product_brand","embeddable":true,"href":"https:\/\/www.hydraulic-cylinders.net\/tr\/wp-json\/wp\/v2\/product_brand?post=16106"},{"taxonomy":"product_cat","embeddable":true,"href":"https:\/\/www.hydraulic-cylinders.net\/tr\/wp-json\/wp\/v2\/product_cat?post=16106"},{"taxonomy":"product_tag","embeddable":true,"href":"https:\/\/www.hydraulic-cylinders.net\/tr\/wp-json\/wp\/v2\/product_tag?post=16106"}],"curies":[{"name":"wp","href":"https:\/\/api.w.org\/{rel}","templated":true}]}}