{"id":16108,"date":"2025-01-20T08:29:27","date_gmt":"2025-01-20T08:29:27","guid":{"rendered":"https:\/\/www.hydraulic-cylinders.net\/product\/arm-cylinderfor-sumitomo-middle-excavator-ls280ej-fj-f-j2\/"},"modified":"2025-01-20T08:29:40","modified_gmt":"2025-01-20T08:29:40","slug":"arm-cylinderfor-sumitomo-middle-excavator-ls280ej-fj-f-j2","status":"publish","type":"product","link":"https:\/\/www.hydraulic-cylinders.net\/tr\/urun\/arm-cylinderfor-sumitomo-middle-excavator-ls280ej-fj-f-j2\/","title":{"rendered":"Sumitomo LS280EJ FJ F J2 Orta Ekskavat\u00f6r i\u00e7in Kol Silindiri"},"content":{"rendered":"<h2>Sumitomo LS280EJ FJ F J2 Orta Ekskavat\u00f6r i\u00e7in Kol Silindiri<\/h2>\n<h3>girii\u015f<\/h3>\n<p>Kol silindiri, ekskavat\u00f6rler, vin\u00e7ler ve mekanik kollar gibi \u00e7e\u015fitli makinelerin kollar\u0131na do\u011frusal hareket ve g\u00fc\u00e7 sa\u011flamak i\u00e7in \u00f6zel olarak tasarlanm\u0131\u015f bir hidrolik silindirdir. Kol silindirleri, hidrolik sistemlerde kritik bir rol oynayarak, ata\u015fmanlar\u0131n veya aksesuarlar\u0131n etkili bir \u015fekilde hareket etmesini ve kontrol edilmesini sa\u011flar. Bu silindirler sadece d\u00fczg\u00fcn hareket sa\u011flamakla kalmaz, ayn\u0131 zamanda a\u011f\u0131r y\u00fckleri de ta\u015f\u0131yarak, makinelerin \u00e7e\u015fitli \u00e7al\u0131\u015fma ko\u015fullar\u0131nda verimli \u00e7al\u0131\u015fmas\u0131n\u0131 ve g\u00fcvenilirli\u011fini garanti eder.<\/p>\n<p><img decoding=\"async\" src=\"https:\/\/www.hydraulic-cylinders.net\/wp-content\/uploads\/2025\/01\/songte-company-2.webp\" alt=\"Kol Silindiri\"><\/p>\n<h3>\u00d6zellikler<\/h3>\n<ul>\n<li>Y\u00fcksek verimli aktar\u0131m: Kol silindiri, g\u00fc\u00e7l\u00fc do\u011frusal hareket ve kuvvet sa\u011flayarak, mekanik kolun \u00e7e\u015fitli i\u015flemler s\u0131ras\u0131nda y\u00fcksek performans verimlili\u011fini garanti eder.<\/li>\n<li>Hassas kontrol: Hidrolik sistem sayesinde, kol silindiri hassas hareket kontrol\u00fc sa\u011flayarak ata\u015fmanlar\u0131n \u00e7al\u0131\u015fmas\u0131n\u0131 daha esnek ve do\u011fru hale getirir.<\/li>\n<li>Y\u00fcksek dayan\u0131kl\u0131l\u0131k: Kol silindirleri genellikle y\u00fcksek mukavemetli malzemelerden \u00fcretilir, iyi a\u015f\u0131nma ve korozyon direncine sahiptir ve zorlu ortamlarda uzun s\u00fcreli kullan\u0131m i\u00e7in uygundur.<\/li>\n<li>\u00c7ok y\u00f6nl\u00fc uyarlanabilirlik: Bu silindirler, ekskavat\u00f6rler, vin\u00e7ler ve i\u015f makineleri gibi \u00e7e\u015fitli mekanik ekipmanlarda yayg\u0131n olarak kullan\u0131labilir ve farkl\u0131 \u00e7al\u0131\u015fma gereksinimlerine uyum sa\u011flar.<\/li>\n<li>Kolay bak\u0131m: Tasar\u0131m, bak\u0131m ve de\u011fi\u015ftirme kolayl\u0131\u011f\u0131n\u0131 g\u00f6z \u00f6n\u00fcnde bulundurarak d\u00fczenli inceleme ve bak\u0131m\u0131 daha kolay hale getirir ve ekipman ar\u0131za s\u00fcresini azalt\u0131r.<\/li>\n<\/ul>\n<p>\u00dcr\u00fcnlerimiz bu hidrolik silindirlerin yerini m\u00fckemmel \u015fekilde alabilir.<\/p>\n<p><img decoding=\"async\" src=\"https:\/\/www.hydraulic-cylinders.net\/wp-content\/uploads\/2025\/01\/songte-oil-pipes-and-spare-parts.webp\" alt=\"Petrol Borular\u0131 ve Yedek Par\u00e7alar\u0131\"><\/p>\n<h3>Uygulamalar<\/h3>\n<ul>\n<li>\u0130n\u015faat m\u00fchendisli\u011fi: Ekskavat\u00f6rlerde ve vin\u00e7lerde, kol silindirleri kep\u00e7e veya bomun hareketini kontrol etmek, toprak i\u015fleri, malzeme ta\u015f\u0131ma ve yap\u0131 montaj\u0131 yapmak i\u00e7in kullan\u0131l\u0131r.<\/li>\n<li>\u0130malat sanayi: Otomatik \u00fcretim hatlar\u0131nda, kol silindirleri mekanik kollar\u0131n hareket ettirilmesi, montaj, kaynak ve ta\u015f\u0131ma i\u015flemlerinin ger\u00e7ekle\u015ftirilmesi i\u00e7in kullan\u0131l\u0131r ve \u00fcretim verimlili\u011fini ve do\u011frulu\u011funu art\u0131r\u0131r.<\/li>\n<li>Tar\u0131m makineleri: Bi\u00e7erd\u00f6ver ve ekim makineleri gibi tar\u0131m makinelerinde kol silindirleri, ekim, g\u00fcbreleme ve hasat gibi g\u00f6revleri ger\u00e7ekle\u015ftiren i\u015fletim kolunun hareketini kontrol eder.<\/li>\n<li>Madencilik: Madencilik ekipmanlar\u0131nda, kol silindirleri madencilik ekipman\u0131n\u0131n kol hareketini kontrol etmek, madenleri \u00e7\u0131karmak ve ta\u015f\u0131mak i\u00e7in kullan\u0131l\u0131r.<\/li>\n<li>Lojistik ve ta\u015f\u0131mac\u0131l\u0131k: Forkliftlerde ve ta\u015f\u0131ma robotlar\u0131nda, \u00e7atallar\u0131n kald\u0131r\u0131lmas\u0131n\u0131 ve hareketini kontrol etmek, malzeme ta\u015f\u0131ma ve istiflemeyi ger\u00e7ekle\u015ftirmek i\u00e7in kol silindirleri kullan\u0131l\u0131r.<\/li>\n<\/ul>\n<h3>Tasar\u0131m Hususlar\u0131 ve Se\u00e7im Kriterleri<\/h3>\n<ul>\n<li>Ta\u015f\u0131ma kapasitesi: Kol silindirleri, \u00e7al\u0131\u015fma s\u0131ras\u0131nda olu\u015fan y\u00fck\u00fc ta\u015f\u0131yabilecek yeterli ta\u015f\u0131ma kapasitesine sahip olmal\u0131d\u0131r.<\/li>\n<li>S\u0131zd\u0131rmazl\u0131k: Silindirin s\u0131zd\u0131rmazl\u0131k performans\u0131n\u0131 sa\u011flamak i\u00e7in piston contalar\u0131 ve mil contalar\u0131 gibi \u00e7e\u015fitli s\u0131zd\u0131rmazl\u0131k elemanlar\u0131 kullan\u0131lmal\u0131d\u0131r.<\/li>\n<li>Dayan\u0131kl\u0131l\u0131k: Kol silindirleri, dayan\u0131kl\u0131l\u0131k ve korozyon direnci sa\u011flamak i\u00e7in y\u00fcksek mukavemetli malzemelerden yap\u0131lmal\u0131d\u0131r.<\/li>\n<li>G\u00fcvenlik: G\u00fcvenli \u00e7al\u0131\u015fma sa\u011flamak i\u00e7in tasar\u0131mda bas\u0131n\u00e7 tahliye vanalar\u0131 ve acil durdurma butonlar\u0131 gibi g\u00fcvenlik \u00f6zellikleri bulunmal\u0131d\u0131r.<\/li>\n<li>Bak\u0131m Kolayl\u0131\u011f\u0131: Kol silindirleri, bak\u0131m s\u00fcresini ve maliyetini azaltacak \u015fekilde, bak\u0131m\u0131 ve de\u011fi\u015ftirilmesi kolay olacak \u015fekilde tasarlanmal\u0131d\u0131r.<\/li>\n<\/ul>\n<p><img decoding=\"async\" src=\"https:\/\/www.hydraulic-cylinders.net\/wp-content\/uploads\/2025\/01\/songte-cylinder-head-with-all-kinds-excavator-models.webp\" alt=\"Silindir Kapa\u011f\u0131\"><\/p>\n<h3>S\u0131zd\u0131rmazl\u0131k ve Ya\u011flama<\/h3>\n<p>Kol silindirlerinde piston contalar\u0131, mil contalar\u0131 vb. \u00e7e\u015fitli s\u0131zd\u0131rmazl\u0131k elemanlar\u0131 kullan\u0131l\u0131r ve poli\u00fcretan ve nitril kau\u00e7uk gibi a\u015f\u0131nmaya dayan\u0131kl\u0131 malzemeler se\u00e7ilir. Silindir g\u00f6vdesi ve di\u015fli u\u00e7 y\u00fczeyi, a\u015f\u0131nma direncini art\u0131rmak i\u00e7in ince i\u015fleme tabi tutulur. D\u00fczenli olarak uygun miktarda hidrolik ya\u011f eklenerek ya\u011flanmas\u0131 gereklidir.<\/p>\n<p><img decoding=\"async\" src=\"https:\/\/www.hydraulic-cylinders.net\/wp-content\/uploads\/2025\/01\/songte-chushion-collar.webp\" alt=\"Chushion Yaka\"><\/p>\n<h3>D\u00fczenli Muayene ve \u00d6nleyici Bak\u0131m<\/h3>\n<ul>\n<li>Hidrolik ya\u011f\u0131n kalitesini, bas\u0131nc\u0131n\u0131 ve s\u0131cakl\u0131\u011f\u0131n\u0131 d\u00fczenli olarak kontrol edin.<\/li>\n<li>Silindirin s\u0131zd\u0131rmazl\u0131k performans\u0131n\u0131 d\u00fczenli olarak kontrol edin.<\/li>\n<li>S\u0131z\u0131nt\u0131 olmas\u0131 durumunda s\u0131zd\u0131rmazl\u0131k elemanlar\u0131n\u0131 zaman\u0131nda de\u011fi\u015ftirin.<\/li>\n<li>Silindir g\u00f6vdesi ve milinin a\u015f\u0131nma durumunu kontrol edin ve gerekirse de\u011fi\u015ftirin.<\/li>\n<li>Silindiri d\u00fczenli olarak temizleyin ve kir ile d\u00f6k\u00fcnt\u00fcleri giderin.<\/li>\n<\/ul>\n<h3>Kurulum K\u0131lavuzu<\/h3>\n<p>Montajdan \u00f6nce silindiri, boru ba\u011flant\u0131lar\u0131n\u0131 ve hidrolik sistemi temizlik ve hasar a\u00e7\u0131s\u0131ndan kontrol edin. Montajdan \u00f6nce pistonu ve s\u0131zd\u0131rmazl\u0131k halkas\u0131n\u0131 hidrolik ya\u011f ile e\u015fit \u015fekilde ya\u011flay\u0131n. Montaj s\u0131ras\u0131nda \u00e7arp\u0131\u015fma, deformasyon ve ya\u011f kirlili\u011finden ka\u00e7\u0131n\u0131n. Montajdan sonra, silindirin do\u011fru \u00e7al\u0131\u015fmas\u0131n\u0131 sa\u011flamak i\u00e7in bir test i\u015flemi ger\u00e7ekle\u015ftirin.<\/p>\n<p><img decoding=\"async\" src=\"https:\/\/www.hydraulic-cylinders.net\/wp-content\/uploads\/2025\/01\/songte-bushings-with-all-kinds-of-excavator-models.webp\" alt=\"Bur\u00e7lar\"><\/p>\n<h3>G\u00fcvenlik ve \u00c7evresel Fakt\u00f6rler<\/h3>\n<p>Kol silindirlerinin kullan\u0131m\u0131nda g\u00fcvenlik \u00e7ok \u00f6nemlidir. Kazalar\u0131 \u00f6nlemek i\u00e7in operat\u00f6rler e\u011fitilmeli ve kullan\u0131m talimatlar\u0131 ile g\u00fcvenlik \u00f6nlemlerine a\u015fina olmal\u0131d\u0131r. Kol silindirleri kullan\u0131l\u0131rken s\u0131cakl\u0131k, nem ve toz gibi \u00e7evresel fakt\u00f6rler de dikkate al\u0131nmal\u0131d\u0131r.<\/p>\n<h3>Sorun Giderme ve Yayg\u0131n Sorunlar<\/h3>\n<ul>\n<li>Silindir s\u0131z\u0131nt\u0131s\u0131: S\u0131zd\u0131rmazl\u0131k elemanlar\u0131n\u0131 kontrol edin ve gerekirse de\u011fi\u015ftirin.<\/li>\n<li>Yetersiz silindir kuvveti: Hidrolik sistemi, pompay\u0131 ve bas\u0131n\u00e7 valfini kontrol edin.<\/li>\n<li>Silindir titre\u015fimi: Silindir montaj\u0131nda \u200b\u200bve boru ba\u011flant\u0131s\u0131nda gev\u015feklik olup olmad\u0131\u011f\u0131n\u0131 kontrol edin.<\/li>\n<li>Silindir hareketinin yava\u015flamas\u0131 durumunda: Hidrolik ya\u011f\u0131n kalitesini ve viskozitesini kontrol edin.<\/li>\n<li>Anormal ses: Silindir ve hidrolik sistemde hasar veya kirlenme olup olmad\u0131\u011f\u0131n\u0131 kontrol edin.<\/li>\n<\/ul>\n<h3>Sorun Giderme \u0130pu\u00e7lar\u0131 ve \u00c7\u00f6z\u00fcmleri<\/h3>\n<p>Herhangi bir sorun olu\u015fursa, ilgili sorun giderme y\u00f6ntemlerini kontrol edin ve sorunlar\u0131 derhal \u00e7\u00f6z\u00fcn. D\u00fczenli kontrol, bak\u0131m ve temizlik gibi \u00f6nleyici tedbirler, olas\u0131 sorunlar\u0131 azaltabilir.<\/p>\n<p><img decoding=\"async\" src=\"https:\/\/www.hydraulic-cylinders.net\/wp-content\/uploads\/2025\/01\/songte-company-4.webp\" alt=\"\u015eirket\"><br \/>\n<img decoding=\"async\" src=\"https:\/\/www.hydraulic-cylinders.net\/wp-content\/uploads\/2025\/01\/songte-company-3.webp\" alt=\"\u015eirket\"><\/p>\n<h3>Hakk\u0131m\u0131zda<\/h3>\n<p>Profesyonel bir hidrolik silindir yedek par\u00e7a \u00fcreticisiyiz ve geni\u015f bir \u00fcr\u00fcn yelpazesi sunarak hem yurt i\u00e7i hem de uluslararas\u0131 pazarlarda \u00f6nde gelen hidrolik silindir \u00fcreticilerinden ve toptanc\u0131lar\u0131ndan biri haline geldik. Her zaman m\u00fckemmel kalite ilkesine ba\u011fl\u0131 kalarak, rafine \u00fcretim at\u00f6lyesinin end\u00fcstriyel \u00fcretim y\u00f6netim stratejisiyle \u00fcretim teknolojisini ve verimlili\u011fini s\u00fcrekli olarak geli\u015ftiriyoruz. Y\u00fcksek teknoloji \u00fcr\u00fcn\u00fc dijital \u00fcretim ekipmanlar\u0131 ve profesyonel test sistemleri kullanarak \u00fcretim platformunu optimize ediyor, kalite kontrol s\u00fcrecini iyile\u015ftiriyor ve g\u00fc\u00e7l\u00fc inovasyon yeteneklerine sahibiz. Amac\u0131m\u0131z, y\u00fcksek verimlilik, hassasiyet ve y\u00fcksek kalite ilkeleriyle m\u00fc\u015fterilerin \u00e7e\u015fitli ihtiya\u00e7lar\u0131n\u0131 kar\u015f\u0131lamakt\u0131r.<\/p>\n<ul>\n<li>Profesyonellik<\/li>\n<li>Uluslararas\u0131 sertifikalar<\/li>\n<li>\u00d6zelle\u015ftirme hizmetleri<\/li>\n<li>\u00dcretim ekipmanlar\u0131<\/li>\n<li>Sat\u0131\u015f sonras\u0131 servis<\/li>\n<\/ul>\n<p>Yazar: lyl<\/p>","protected":false},"excerpt":{"rendered":"<p>Arm Cylinder for Sumitomo Middle Excavator LS280EJ FJ F J2 Introduction Arm cylinder is a specially designed hydraulic cylinder that is primarily used to provide linear motion and power to various machines&#8217; arms, such as excavators, cranes, and mechanical arms. Arm cylinders play a critical role in hydraulic systems, enabling attachments or accessories to move [&hellip;]<\/p>","protected":false},"featured_media":14772,"comment_status":"open","ping_status":"closed","template":"","meta":{"_et_pb_use_builder":"","_et_pb_old_content":"","_et_gb_content_width":""},"product_brand":[],"product_cat":[1497],"product_tag":[1498,1496],"class_list":{"0":"post-16108","1":"product","2":"type-product","3":"status-publish","4":"has-post-thumbnail","6":"product_cat-arm-cylinders","7":"product_tag-arm-cylinders","8":"product_tag-hydraulic-cylinders","10":"first","11":"instock","12":"shipping-taxable","13":"product-type-simple"},"amp_enabled":true,"_links":{"self":[{"href":"https:\/\/www.hydraulic-cylinders.net\/tr\/wp-json\/wp\/v2\/product\/16108","targetHints":{"allow":["GET"]}}],"collection":[{"href":"https:\/\/www.hydraulic-cylinders.net\/tr\/wp-json\/wp\/v2\/product"}],"about":[{"href":"https:\/\/www.hydraulic-cylinders.net\/tr\/wp-json\/wp\/v2\/types\/product"}],"replies":[{"embeddable":true,"href":"https:\/\/www.hydraulic-cylinders.net\/tr\/wp-json\/wp\/v2\/comments?post=16108"}],"wp:featuredmedia":[{"embeddable":true,"href":"https:\/\/www.hydraulic-cylinders.net\/tr\/wp-json\/wp\/v2\/media\/14772"}],"wp:attachment":[{"href":"https:\/\/www.hydraulic-cylinders.net\/tr\/wp-json\/wp\/v2\/media?parent=16108"}],"wp:term":[{"taxonomy":"product_brand","embeddable":true,"href":"https:\/\/www.hydraulic-cylinders.net\/tr\/wp-json\/wp\/v2\/product_brand?post=16108"},{"taxonomy":"product_cat","embeddable":true,"href":"https:\/\/www.hydraulic-cylinders.net\/tr\/wp-json\/wp\/v2\/product_cat?post=16108"},{"taxonomy":"product_tag","embeddable":true,"href":"https:\/\/www.hydraulic-cylinders.net\/tr\/wp-json\/wp\/v2\/product_tag?post=16108"}],"curies":[{"name":"wp","href":"https:\/\/api.w.org\/{rel}","templated":true}]}}