{"id":16109,"date":"2025-01-20T08:29:42","date_gmt":"2025-01-20T08:29:42","guid":{"rendered":"https:\/\/www.hydraulic-cylinders.net\/product\/arm-cylinderfor-sumitomo-large-excavator-sh300a1a2a3\/"},"modified":"2025-01-20T08:29:49","modified_gmt":"2025-01-20T08:29:49","slug":"arm-cylinderfor-sumitomo-large-excavator-sh300a1a2a3","status":"publish","type":"product","link":"https:\/\/www.hydraulic-cylinders.net\/tr\/urun\/arm-cylinderfor-sumitomo-large-excavator-sh300a1a2a3\/","title":{"rendered":"Sumitomo B\u00fcy\u00fck Ekskavat\u00f6r SH300A1A2A3 i\u00e7in Kol Silindiri"},"content":{"rendered":"<h1>Sumitomo B\u00fcy\u00fck Ekskavat\u00f6r SH300A1A2A3 i\u00e7in Kol Silindiri<\/h1>\n<h2>girii\u015f<\/h2>\n<p>Kol silindiri, ekskavat\u00f6rler, vin\u00e7ler ve robot kollar\u0131 gibi \u00e7e\u015fitli makinelerin koluna do\u011frusal hareket ve g\u00fc\u00e7 sa\u011flayan \u00f6zel olarak tasarlanm\u0131\u015f bir hidrolik silindirdir. Hidrolik sistemlerde kritik bir rol oynayarak ek aletlerin veya ata\u015fmanlar\u0131n verimli hareketini ve kontrol\u00fcn\u00fc sa\u011flar. Bu silindirler sadece d\u00fczg\u00fcn hareket sa\u011flamakla kalmaz, ayn\u0131 zamanda a\u011f\u0131r y\u00fckleri de ta\u015f\u0131yarak \u00e7e\u015fitli \u00e7al\u0131\u015fma ko\u015fullar\u0131nda makinelerin verimli \u00e7al\u0131\u015fmas\u0131n\u0131 ve g\u00fcvenilirli\u011fini garanti eder.<\/p>\n<p><img decoding=\"async\" src=\"https:\/\/www.hydraulic-cylinders.net\/wp-content\/uploads\/2025\/01\/songte-company-2.webp\" alt=\"Kol Silindiri G\u00f6r\u00fcnt\u00fcs\u00fc\"><\/p>\n<h2>\u00d6zellikler<\/h2>\n<ul>\n<li>Y\u00fcksek Verimli \u015eanz\u0131man: Kol silindiri g\u00fc\u00e7l\u00fc do\u011frusal hareket ve kuvvet sa\u011flayarak, mekanik kolun \u00e7e\u015fitli i\u015flemlerde y\u00fcksek performans kabiliyetleri sa\u011flamas\u0131n\u0131 garanti alt\u0131na al\u0131r.<\/li>\n<li>Hassas Kontrol: Hidrolik sistem sayesinde, kol silindiri hassas hareket kontrol\u00fc sa\u011flayarak ata\u015fmanlar\u0131n \u00e7al\u0131\u015fmas\u0131n\u0131 daha esnek ve do\u011fru hale getirir.<\/li>\n<li>Dayan\u0131kl\u0131l\u0131k: Kol silindirleri genellikle y\u00fcksek mukavemetli malzemelerden \u00fcretilir ve m\u00fckemmel a\u015f\u0131nma ve korozyon direnci sa\u011flayarak zorlu ortamlarda uzun s\u00fcreli kullan\u0131m i\u00e7in uygundur.<\/li>\n<li>\u00c7ok Fonksiyonlu Uyarlanabilirlik: Bu silindirler, ekskavat\u00f6rler, vin\u00e7ler ve robotik kollar gibi \u00e7e\u015fitli makinelerde yayg\u0131n olarak kullan\u0131labilir ve farkl\u0131 i\u015f gereksinimlerine uyum sa\u011flayabilir.<\/li>\n<li>Kolay Bak\u0131m: Tasar\u0131m, bak\u0131m ve de\u011fi\u015ftirme kolayl\u0131\u011f\u0131n\u0131 g\u00f6z \u00f6n\u00fcnde bulundurarak d\u00fczenli denetim ve bak\u0131m\u0131 kolayla\u015ft\u0131r\u0131r ve ekipman ar\u0131za s\u00fcresini azalt\u0131r.<\/li>\n<\/ul>\n<p><img decoding=\"async\" src=\"https:\/\/www.hydraulic-cylinders.net\/wp-content\/uploads\/2025\/01\/songte-oil-pipes-and-spare-parts.webp\" alt=\"\u00dcr\u00fcn G\u00f6rseli\"><\/p>\n<h2>Uygulamalar<\/h2>\n<ul>\n<li>\u0130n\u015faat M\u00fchendisli\u011fi: Ekskavat\u00f6rlerde ve vin\u00e7lerde, kol silindiri toprak i\u015fleri, malzeme ta\u015f\u0131ma ve yap\u0131 montaj\u0131 i\u00e7in kep\u00e7elerin veya bomlar\u0131n hareketini kontrol eder.<\/li>\n<li>\u0130malat Sanayi: Otomatik \u00fcretim hatlar\u0131nda, kol silindiri, montaj, kaynak ve malzeme ta\u015f\u0131ma i\u015flemlerinde robot kollar\u0131n\u0131n hareketini sa\u011flayarak \u00fcretim verimlili\u011fini ve do\u011frulu\u011funu art\u0131r\u0131r.<\/li>\n<li>Tar\u0131m Makineleri: Bi\u00e7erd\u00f6ver ve tohum ekme makineleri gibi tar\u0131m ekipmanlar\u0131nda, kol silindiri, ekim, g\u00fcbreleme ve hasat gibi g\u00f6revleri yerine getirmek i\u00e7in \u00e7al\u0131\u015fma kollar\u0131n\u0131n hareketini kontrol eder.<\/li>\n<li>Madencilik: Madencilik ekipmanlar\u0131nda kol silindiri, cevher \u00e7\u0131karma ve ta\u015f\u0131ma i\u00e7in madencilik makinelerinin kol hareketini kontrol eder.<\/li>\n<li>Lojistik ve Ta\u015f\u0131mac\u0131l\u0131k: Forkliftlerde ve ta\u015f\u0131ma robotlar\u0131nda, kol silindiri, \u00e7atallar\u0131n kald\u0131r\u0131lmas\u0131n\u0131 ve hareketini kontrol etmek i\u00e7in kullan\u0131l\u0131r ve bu da malzemelerin ta\u015f\u0131nmas\u0131n\u0131 ve istiflenmesini sa\u011flar.<\/li>\n<\/ul>\n<h2>Tasar\u0131m Hususlar\u0131 ve Se\u00e7im Kriterleri<\/h2>\n<ul>\n<li>Ta\u015f\u0131ma Kapasitesi: Kol silindirinin tasar\u0131m\u0131, gerekli y\u00fck ve kuvvetlere dayanabilme yetene\u011fini dikkate al\u0131r.<\/li>\n<li>S\u0131zd\u0131rmazl\u0131k: Piston contalar\u0131 ve mil contalar\u0131 gibi \u00e7e\u015fitli s\u0131zd\u0131rmazl\u0131k bile\u015fenleri, poli\u00fcretan ve nitril kau\u00e7uk gibi a\u015f\u0131nmaya dayan\u0131kl\u0131 malzemelerden \u00fcretilmi\u015ftir. Silindir g\u00f6vdesi ve di\u015fli u\u00e7lar, a\u015f\u0131nma direncini art\u0131rmak i\u00e7in hassas y\u00fczey i\u015flemine tabi tutulur.<\/li>\n<li>Dayan\u0131kl\u0131l\u0131k: Kol silindirinin malzemeleri ve yap\u0131s\u0131, zorlu ortamlarda uzun \u00f6m\u00fcrl\u00fc performans sa\u011flar.<\/li>\n<li>G\u00fcvenlik: Tasar\u0131mda, kazalar\u0131 \u00f6nlemek ve operat\u00f6r g\u00fcvenli\u011fini sa\u011flamak i\u00e7in bas\u0131n\u00e7 tahliye vanalar\u0131 ve acil durdurma mekanizmalar\u0131 gibi g\u00fcvenlik \u00f6zelliklerine \u00f6ncelik verilmi\u015ftir.<\/li>\n<li>Bak\u0131m Kolayl\u0131\u011f\u0131: Bile\u015fenlere kolay eri\u015fim ve standartla\u015ft\u0131r\u0131lm\u0131\u015f tasar\u0131mlar, bak\u0131m\u0131 basitle\u015ftirir ve ar\u0131za s\u00fcrelerini en aza indirir.<\/li>\n<\/ul>\n<p><img decoding=\"async\" src=\"https:\/\/www.hydraulic-cylinders.net\/wp-content\/uploads\/2025\/01\/songte-cylinder-head-with-all-kinds-excavator-models.webp\" alt=\"S\u0131zd\u0131rmazl\u0131k ve Ya\u011flama G\u00f6rseli\"><\/p>\n<h2>S\u0131zd\u0131rmazl\u0131k ve Ya\u011flama<\/h2>\n<p>Kol silindiri, poli\u00fcretan ve nitril kau\u00e7uk gibi a\u015f\u0131nmaya dayan\u0131kl\u0131 malzemelerden yap\u0131lm\u0131\u015f piston contalar\u0131 ve mil contalar\u0131 da dahil olmak \u00fczere \u00e7e\u015fitli s\u0131zd\u0131rmazl\u0131k bile\u015fenleri kullan\u0131r. Silindir g\u00f6vdesi ve di\u015fli u\u00e7lar\u0131, a\u015f\u0131nma direncini art\u0131rmak i\u00e7in ince bir \u015fekilde i\u015flenmi\u015ftir. Sorunsuz \u00e7al\u0131\u015fma sa\u011flamak i\u00e7in uygun hidrolik ya\u011f ile d\u00fczenli ya\u011flama gereklidir.<\/p>\n<h2>D\u00fczenli Muayene ve \u00d6nleyici Bak\u0131m<\/h2>\n<ul>\n<li>Contalar\u0131 kontrol edin ve a\u015f\u0131nm\u0131\u015f veya hasarl\u0131ysa de\u011fi\u015ftirin.<\/li>\n<li>Herhangi bir s\u0131z\u0131nt\u0131 olup olmad\u0131\u011f\u0131n\u0131 kontrol edin ve gerekirse onar\u0131n.<\/li>\n<li>Silindirin performans\u0131n\u0131 izleyin ve anormal titre\u015fimler veya sesler tespit edildi\u011finde derhal m\u00fcdahale edin.<\/li>\n<li>Silindiri temiz ve kal\u0131nt\u0131lardan ar\u0131nd\u0131r\u0131lm\u0131\u015f halde tutun.<\/li>\n<li>Bak\u0131m aral\u0131klar\u0131 ve prosed\u00fcrleri i\u00e7in \u00fcreticinin talimatlar\u0131n\u0131 izleyin.<\/li>\n<\/ul>\n<h2>\u00dcr\u00fcn Kurulum K\u0131lavuzu<\/h2>\n<p>1. Ekipman\u0131n elektri\u011finin kesildi\u011finden ve hidrolik bas\u0131nc\u0131n bo\u015falt\u0131ld\u0131\u011f\u0131ndan emin olun.<\/p>\n<p>2. Montaj deliklerini hizalayarak kol silindirini istenen konuma yerle\u015ftirin.<\/p>\n<p>3. Silindiri uygun c\u0131vata veya pimler kullanarak g\u00fcvenli bir \u015fekilde sabitleyin.<\/p>\n<p>4. Hidrolik hatlar\u0131 ba\u011flay\u0131n, uygun s\u0131zd\u0131rmazl\u0131k ve s\u0131k\u0131 ba\u011flant\u0131lar sa\u011flay\u0131n.<\/p>\n<p>5. Kurulumda herhangi bir d\u00fczensizlik veya hizalama hatas\u0131 olup olmad\u0131\u011f\u0131n\u0131 kontrol edin.<\/p>\n<p>6. Normal ekipman kullan\u0131m\u0131na devam etmeden \u00f6nce silindirin i\u015flevselli\u011fini ve \u00e7al\u0131\u015fmas\u0131n\u0131 test edin.<\/p>\n<p><img decoding=\"async\" src=\"https:\/\/www.hydraulic-cylinders.net\/wp-content\/uploads\/2025\/01\/songte-bushings-with-all-kinds-of-excavator-models.webp\" alt=\"Kurulum K\u0131lavuzu G\u00f6rseli\"><\/p>\n<h2>G\u00fcvenlik Hususlar\u0131 ve \u00c7evresel Fakt\u00f6rler<\/h2>\n<p>Kol silindirleriyle \u00e7al\u0131\u015f\u0131rken, g\u00fcvenlik \u00f6nlemlerine uymak ve belirlenmi\u015f protokollere riayet etmek \u00e7ok \u00f6nemlidir. Bu, uygun ki\u015fisel koruyucu ekipman giymeyi, d\u00fczenli g\u00fcvenlik kontrolleri yapmay\u0131 ve operat\u00f6rler i\u00e7in uygun e\u011fitim sa\u011flamay\u0131 i\u00e7erir. Ayr\u0131ca, s\u0131cakl\u0131k ve nem gibi \u00e7evresel fakt\u00f6rleri dikkate almak, kol silindirinin performans\u0131n\u0131 ve \u00f6mr\u00fcn\u00fc optimize etmeye yard\u0131mc\u0131 olabilir.<\/p>\n<h2>Sorun Giderme ve Yayg\u0131n Sorunlar<\/h2>\n<p>1. Sorun: Kolun yava\u015f veya d\u00fczensiz hareket etmesi.<\/p>\n<p>   \u00c7\u00f6z\u00fcm: Hidrolik s\u0131v\u0131 s\u0131z\u0131nt\u0131lar\u0131n\u0131 kontrol edin, contalar\u0131 inceleyin ve uygun ya\u011flamay\u0131 sa\u011flay\u0131n.<\/p>\n<p>2. Sorun: \u00c7al\u0131\u015fma s\u0131ras\u0131nda a\u015f\u0131r\u0131 g\u00fcr\u00fclt\u00fc.<\/p>\n<p>   \u00c7\u00f6z\u00fcm: Gev\u015fek ba\u011flant\u0131lar\u0131, hasarl\u0131 par\u00e7alar\u0131 veya yanl\u0131\u015f hizalamay\u0131 kontrol edin.<\/p>\n<p>3. Sorun: Silindir tam olarak uzam\u0131yor veya geri \u00e7ekilmiyor.<\/p>\n<p>   \u00c7\u00f6z\u00fcm: Hidrolik s\u0131v\u0131 seviyelerini kontrol edin, kontrol vanalar\u0131n\u0131 inceleyin ve uygun hidrolik bas\u0131nc\u0131 sa\u011flay\u0131n.<\/p>\n<p>Kol silindirinin optimum performans\u0131 ve uzun \u00f6mr\u00fc i\u00e7in, sorunlar\u0131n zaman\u0131nda giderilmesi de dahil olmak \u00fczere d\u00fczenli bak\u0131m \u015fartt\u0131r.<\/p>\n<p><img decoding=\"async\" src=\"https:\/\/www.hydraulic-cylinders.net\/wp-content\/uploads\/2025\/01\/songte-chushion-collar.webp\" alt=\"Sorun Giderme G\u00f6r\u00fcnt\u00fcs\u00fc\"><\/p>\n<h2>\u015eirketimiz Hakk\u0131nda<\/h2>\n<p>Firmam\u0131z, hidrolik silindir yedek par\u00e7alar\u0131n\u0131n profesyonel bir \u00fcreticisidir. Geni\u015f bir \u00fcr\u00fcn yelpazesi sunarak, hem yurt i\u00e7i hem de uluslararas\u0131 pazarlarda \u00f6nde gelen \u00fcretici ve toptanc\u0131lardan biri haline geldik. M\u00fckemmellik ilkelerine ba\u011fl\u0131 kalarak, teknik uzmanl\u0131\u011f\u0131m\u0131z\u0131 ve \u00fcretim verimlili\u011fimizi s\u00fcrekli olarak geli\u015ftiriyoruz. Geli\u015fmi\u015f dijital \u00fcretim ekipmanlar\u0131 ve profesyonel test sistemleri ile \u00fcretim platformumuzu optimize ediyor ve \u00fcr\u00fcn kalite kontrol s\u00fcre\u00e7lerimizi iyile\u015ftiriyoruz. Amac\u0131m\u0131z, verimlilik, hassasiyet ve y\u00fcksek kaliteli \u00fcr\u00fcnlerle m\u00fc\u015fterilerin \u00e7e\u015fitli ihtiya\u00e7lar\u0131n\u0131 kar\u015f\u0131lamakt\u0131r.<\/p>\n<h2>\u015eirketimizin \u00d6ne \u00c7\u0131kan \u00d6zellikleri<\/h2>\n<ul>\n<li>Profesyonellik: Hidrolik silindir imalat\u0131 alan\u0131nda uzman\u0131z.<\/li>\n<li>Uluslararas\u0131 Sertifikalar: \u00dcr\u00fcnlerimiz uluslararas\u0131 kalite standartlar\u0131na ve sertifikalar\u0131na uygundur.<\/li>\n<li>\u00d6zelle\u015ftirme Hizmetleri: Belirli gereksinimleri kar\u015f\u0131lamak i\u00e7in \u00f6zel \u00e7\u00f6z\u00fcmler sunuyoruz.<\/li>\n<li>\u00dcretim Ekipmanlar\u0131: Geli\u015fmi\u015f dijital \u00fcretim ekipmanlar\u0131 kullan\u0131yoruz.<\/li>\n<li>Sat\u0131\u015f Sonras\u0131 Hizmet: Kapsaml\u0131 sat\u0131\u015f sonras\u0131 destek ve yard\u0131m hizmeti sunuyoruz.<\/li>\n<\/ul>\n<p><img decoding=\"async\" src=\"https:\/\/www.hydraulic-cylinders.net\/wp-content\/uploads\/2025\/01\/songte-company-4.webp\" alt=\"\u015eirket \u0130maj\u0131\"><br \/>\n<img decoding=\"async\" src=\"https:\/\/www.hydraulic-cylinders.net\/wp-content\/uploads\/2025\/01\/songte-company-3.webp\" alt=\"\u015eirket \u0130maj\u0131\"><\/p>\n<p>Yazar: lyl<\/p>","protected":false},"excerpt":{"rendered":"<p>Arm Cylinder for Sumitomo Large Excavator SH300A1A2A3 Introduction The arm cylinder is a specially designed hydraulic cylinder that provides linear motion and power to the arm of various machinery, such as excavators, cranes, and robotic arms. It plays a critical role in hydraulic systems, enabling the efficient movement and control of additional tools or attachments. [&hellip;]<\/p>","protected":false},"featured_media":14770,"comment_status":"open","ping_status":"closed","template":"","meta":{"_et_pb_use_builder":"","_et_pb_old_content":"","_et_gb_content_width":""},"product_brand":[],"product_cat":[1497],"product_tag":[1498,1496],"class_list":{"0":"post-16109","1":"product","2":"type-product","3":"status-publish","4":"has-post-thumbnail","6":"product_cat-arm-cylinders","7":"product_tag-arm-cylinders","8":"product_tag-hydraulic-cylinders","10":"first","11":"instock","12":"shipping-taxable","13":"product-type-simple"},"amp_enabled":true,"_links":{"self":[{"href":"https:\/\/www.hydraulic-cylinders.net\/tr\/wp-json\/wp\/v2\/product\/16109","targetHints":{"allow":["GET"]}}],"collection":[{"href":"https:\/\/www.hydraulic-cylinders.net\/tr\/wp-json\/wp\/v2\/product"}],"about":[{"href":"https:\/\/www.hydraulic-cylinders.net\/tr\/wp-json\/wp\/v2\/types\/product"}],"replies":[{"embeddable":true,"href":"https:\/\/www.hydraulic-cylinders.net\/tr\/wp-json\/wp\/v2\/comments?post=16109"}],"wp:featuredmedia":[{"embeddable":true,"href":"https:\/\/www.hydraulic-cylinders.net\/tr\/wp-json\/wp\/v2\/media\/14770"}],"wp:attachment":[{"href":"https:\/\/www.hydraulic-cylinders.net\/tr\/wp-json\/wp\/v2\/media?parent=16109"}],"wp:term":[{"taxonomy":"product_brand","embeddable":true,"href":"https:\/\/www.hydraulic-cylinders.net\/tr\/wp-json\/wp\/v2\/product_brand?post=16109"},{"taxonomy":"product_cat","embeddable":true,"href":"https:\/\/www.hydraulic-cylinders.net\/tr\/wp-json\/wp\/v2\/product_cat?post=16109"},{"taxonomy":"product_tag","embeddable":true,"href":"https:\/\/www.hydraulic-cylinders.net\/tr\/wp-json\/wp\/v2\/product_tag?post=16109"}],"curies":[{"name":"wp","href":"https:\/\/api.w.org\/{rel}","templated":true}]}}