{"id":16110,"date":"2025-01-20T08:29:54","date_gmt":"2025-01-20T08:29:54","guid":{"rendered":"https:\/\/www.hydraulic-cylinders.net\/product\/arm-cylinderfor-sumitomo-large-excavator-sh330a3\/"},"modified":"2025-01-20T08:30:02","modified_gmt":"2025-01-20T08:30:02","slug":"arm-cylinderfor-sumitomo-large-excavator-sh330a3","status":"publish","type":"product","link":"https:\/\/www.hydraulic-cylinders.net\/tr\/urun\/arm-cylinderfor-sumitomo-large-excavator-sh330a3\/","title":{"rendered":"Sumitomo SH330A3 B\u00fcy\u00fck Ekskavat\u00f6r i\u00e7in Kol Silindiri"},"content":{"rendered":"<h2>Sumitomo SH330A3 B\u00fcy\u00fck Ekskavat\u00f6r i\u00e7in Kol Silindiri<\/h2>\n<h3>Tan\u0131m ve A\u00e7\u0131klama<\/h3>\n<p>Kol silindiri, ekskavat\u00f6rler, vin\u00e7ler ve manip\u00fclat\u00f6rler de dahil olmak \u00fczere \u00e7e\u015fitli makinelerin koluna do\u011frusal hareket ve g\u00fc\u00e7 sa\u011flayan \u00f6zel olarak tasarlanm\u0131\u015f bir hidrolik silindirdir. Ek aletlerin veya ata\u015fmanlar\u0131n verimli hareketini ve kontrol\u00fcn\u00fc sa\u011flayarak hidrolik sistemde \u00e7ok \u00f6nemli bir rol oynar. Bu silindirler sadece d\u00fczg\u00fcn hareket sa\u011flamakla kalmaz, ayn\u0131 zamanda a\u011f\u0131r y\u00fckleri de ta\u015f\u0131yarak \u00e7e\u015fitli \u00e7al\u0131\u015fma ko\u015fullar\u0131 alt\u0131nda makinelerin verimli \u00e7al\u0131\u015fmas\u0131n\u0131 ve g\u00fcvenilirli\u011fini sa\u011flar.<\/p>\n<p><img decoding=\"async\" src=\"https:\/\/www.hydraulic-cylinders.net\/wp-content\/uploads\/2025\/01\/songte-company-2.webp\"><\/p>\n<h3>\u00dcr\u00fcn \u00d6zellikleri<\/h3>\n<ul>\n<li><strong>Y\u00fcksek Verimli \u015eanz\u0131man:<\/strong> Kol silindirleri g\u00fc\u00e7l\u00fc do\u011frusal hareket ve kuvvet sa\u011flayarak, manip\u00fclat\u00f6r\u00fcn \u00e7e\u015fitli i\u015flemler s\u0131ras\u0131nda y\u00fcksek verimlilikte performans g\u00f6stermesini garanti eder.<\/li>\n<li><strong>Hassas Kontrol:<\/strong> Hidrolik sistem sayesinde, kol silindirleri hassas hareket kontrol\u00fc sa\u011flayarak ek aletlerin \u00e7al\u0131\u015fmas\u0131n\u0131 daha esnek ve do\u011fru hale getirir.<\/li>\n<li><strong>G\u00fc\u00e7l\u00fc Dayan\u0131kl\u0131l\u0131k:<\/strong> Kol silindirleri genellikle y\u00fcksek mukavemetli malzemelerden yap\u0131l\u0131r, iyi a\u015f\u0131nma direncine ve korozyon direncine sahiptir, zorlu ortamlarda uzun s\u00fcreli kullan\u0131ma uygundur.<\/li>\n<li><strong>\u00c7ok Fonksiyonlu Uyarlanabilirlik:<\/strong> Bu silindirler, ekskavat\u00f6rler, vin\u00e7ler ve manip\u00fclat\u00f6rler gibi \u00e7e\u015fitli mekanik ekipmanlarda yayg\u0131n olarak kullan\u0131labilir ve farkl\u0131 \u00e7al\u0131\u015fma gereksinimlerine uyum sa\u011flayabilir.<\/li>\n<li><strong>Kolay Bak\u0131m:<\/strong> Tasar\u0131m a\u015famas\u0131nda kolay bak\u0131m ve de\u011fi\u015ftirme imkan\u0131n\u0131n g\u00f6z \u00f6n\u00fcnde bulundurulmas\u0131, d\u00fczenli denetim ve bak\u0131m\u0131 daha kolay hale getirerek ekipman ar\u0131za s\u00fcrelerini azalt\u0131r.<\/li>\n<\/ul>\n<p><img decoding=\"async\" src=\"https:\/\/www.hydraulic-cylinders.net\/wp-content\/uploads\/2025\/01\/songte-oil-pipes-and-spare-parts.webp\"><\/p>\n<h3>Uygulamalar<\/h3>\n<p>Kol silindirlerinin farkl\u0131 end\u00fcstrilerde \u00e7e\u015fitli uygulamalar\u0131 vard\u0131r:<\/p>\n<ul>\n<li><strong>\u0130n\u015faat M\u00fchendisli\u011fi:<\/strong> Kaz\u0131c\u0131 makinelerde ve vin\u00e7lerde, kol silindirleri toprak ta\u015f\u0131ma, malzeme ta\u015f\u0131ma ve yap\u0131 kurulumu i\u00e7in kep\u00e7elerin veya bomlar\u0131n hareketini kontrol etmek amac\u0131yla kullan\u0131l\u0131r.<\/li>\n<li><strong>\u00dcretim Sanayi:<\/strong> Otomatik \u00fcretim hatlar\u0131nda, \u00fcretim verimlili\u011fini ve do\u011frulu\u011funu art\u0131rmak i\u00e7in montaj, kaynak ve ta\u015f\u0131ma i\u015flemlerini ger\u00e7ekle\u015ftiren manip\u00fclat\u00f6rlerin hareket ettirilmesinde kol silindirleri kullan\u0131l\u0131r.<\/li>\n<li><strong>Tar\u0131m Makinalar\u0131:<\/strong> Bi\u00e7erd\u00f6ver ve ekim makinesi gibi tar\u0131m makinelerinde, kol silindirleri, ekim, g\u00fcbreleme ve hasat gibi g\u00f6revleri yerine getiren \u00e7al\u0131\u015fma kollar\u0131n\u0131n hareketini kontrol eder.<\/li>\n<li><strong>Madencilik:<\/strong> Madencilik ekipmanlar\u0131nda, kol silindirleri madencilik ekipman\u0131n\u0131n kol hareketini kontrol etmek, maden \u00e7\u0131karma ve cevher ta\u015f\u0131ma i\u015flemlerini ger\u00e7ekle\u015ftirmek i\u00e7in kullan\u0131l\u0131r.<\/li>\n<li><strong>Lojistik ve Ta\u015f\u0131mac\u0131l\u0131k:<\/strong> Forkliftlerde ve ta\u015f\u0131ma robotlar\u0131nda, malzeme ta\u015f\u0131ma ve istifleme i\u015flemlerini ger\u00e7ekle\u015ftirmek i\u00e7in \u00e7atallar\u0131n kald\u0131rma ve hareketini kontrol etmek amac\u0131yla kol silindirleri kullan\u0131l\u0131r.<\/li>\n<\/ul>\n<h3>Tasar\u0131m Hususlar\u0131 ve Se\u00e7im Standartlar\u0131<\/h3>\n<p>Tasar\u0131m a\u00e7\u0131s\u0131ndan, kol silindirleri i\u00e7in a\u015fa\u011f\u0131daki hususlar olmazsa olmazd\u0131r:<\/p>\n<ul>\n<li><strong>Y\u00fckleme kapasitesi:<\/strong> Kol silindiri, \u00e7e\u015fitli makinelerin y\u00fck gereksinimlerini kar\u015f\u0131lamal\u0131 ve istikrarl\u0131 ve g\u00fcvenilir bir \u00e7al\u0131\u015fma sa\u011flamal\u0131d\u0131r.<\/li>\n<li><strong>S\u0131zd\u0131rmazl\u0131k:<\/strong> Piston contalar\u0131 ve mil contalar\u0131 gibi \u00e7e\u015fitli s\u0131zd\u0131rmazl\u0131k elemanlar\u0131, s\u0131v\u0131 s\u0131z\u0131nt\u0131s\u0131n\u0131 \u00f6nlemek ve silindirin sorunsuz \u00e7al\u0131\u015fmas\u0131n\u0131 sa\u011flamak i\u00e7in kullan\u0131l\u0131r.<\/li>\n<li><strong>Dayan\u0131kl\u0131l\u0131k:<\/strong> Kol silindiri genellikle y\u00fcksek mukavemetli malzemelerden yap\u0131l\u0131r, iyi a\u015f\u0131nma ve korozyon direncine sahiptir ve zorlu ortamlarda \u00e7al\u0131\u015fmaya uygundur.<\/li>\n<li><strong>Emniyet:<\/strong> Kol silindirinin tasar\u0131m\u0131, \u00e7al\u0131\u015fma s\u0131ras\u0131nda operat\u00f6r\u00fcn ve \u00e7evrenin g\u00fcvenli\u011fini sa\u011flamal\u0131d\u0131r.<\/li>\n<li><strong>Bak\u0131m kolayl\u0131\u011f\u0131:<\/strong> Tasar\u0131mda, ekipman ar\u0131za s\u00fcrelerini azaltmak ve verimlili\u011fi art\u0131rmak i\u00e7in bile\u015fenlerin kolay bak\u0131m ve de\u011fi\u015ftirilmesi g\u00f6z \u00f6n\u00fcnde bulundurulmal\u0131d\u0131r.<\/li>\n<\/ul>\n<p><img decoding=\"async\" src=\"https:\/\/www.hydraulic-cylinders.net\/wp-content\/uploads\/2025\/01\/songte-cylinder-head-with-all-kinds-excavator-models.webp\"><\/p>\n<h3>S\u0131zd\u0131rmazl\u0131k ve Ya\u011flama<\/h3>\n<p>Piston contalar\u0131 ve mil contalar\u0131 gibi \u00e7e\u015fitli s\u0131zd\u0131rmazl\u0131k elemanlar\u0131, s\u0131v\u0131 s\u0131z\u0131nt\u0131s\u0131n\u0131 \u00f6nlemek ve silindirin sorunsuz \u00e7al\u0131\u015fmas\u0131n\u0131 sa\u011flamak i\u00e7in kullan\u0131l\u0131r. Contalar, poli\u00fcretan ve nitril kau\u00e7uk gibi a\u015f\u0131nmaya dayan\u0131kl\u0131 malzemelerden \u00fcretilmi\u015ftir. Silindir g\u00f6vdesi ve di\u015fli u\u00e7 y\u00fczeyi, a\u015f\u0131nma direncini art\u0131rmak i\u00e7in ince bir \u015fekilde i\u015flenmi\u015ftir. Ya\u011flama i\u00e7in uygun hidrolik ya\u011f\u0131n d\u00fczenli olarak doldurulmas\u0131 gereklidir.<\/p>\n<p><img decoding=\"async\" src=\"https:\/\/www.hydraulic-cylinders.net\/wp-content\/uploads\/2025\/01\/songte-chushion-collar.webp\"><\/p>\n<h3>Bak\u0131m ve \u00d6nlem Tedbirleri<\/h3>\n<ul>\n<li>Kol silindirinin istikrarl\u0131 \u00e7al\u0131\u015fmas\u0131n\u0131 sa\u011flamak ve olas\u0131 ar\u0131zalar\u0131 \u00f6nlemek i\u00e7in d\u00fczenli kontrol ve bak\u0131m gereklidir.<\/li>\n<li>Silindirin nominal kapasitesinin \u00fczerinde a\u015f\u0131r\u0131 y\u00fcklenmesinden ka\u00e7\u0131n\u0131n; bu, silindire ve di\u011fer ekipmanlara zarar gelmesini \u00f6nleyecektir.<\/li>\n<li>S\u0131z\u0131nt\u0131y\u0131 \u00f6nlemek i\u00e7in s\u0131zd\u0131rmazl\u0131k elemanlar\u0131n\u0131 d\u00fczenli olarak a\u015f\u0131nma a\u00e7\u0131s\u0131ndan kontrol edin ve zaman\u0131nda de\u011fi\u015ftirin.<\/li>\n<li>Silindir g\u00f6vdesinin y\u00fczeyini temiz tutun ve d\u0131\u015far\u0131dan gelen kal\u0131nt\u0131lar\u0131n hidrolik sisteme girmesini \u00f6nleyin.<\/li>\n<li>Silindiri veya di\u011fer ilgili par\u00e7alar\u0131 de\u011fi\u015ftirirken, bunlar\u0131n uyumlu oldu\u011fundan ve makinenin ve hidrolik sistemin gereksinimlerini kar\u015f\u0131lad\u0131\u011f\u0131ndan emin olun.<\/li>\n<\/ul>\n<h3>Kurulum K\u0131lavuzu<\/h3>\n<p>Kol silindirini takmak i\u00e7in a\u015fa\u011f\u0131daki talimatlar\u0131 izleyin:<\/p>\n<ol>\n<li>Makinenin elektri\u011finin kesildi\u011finden ve hidrolik sistemin bas\u0131nc\u0131n\u0131n bo\u015falt\u0131ld\u0131\u011f\u0131ndan emin olun.<\/li>\n<li>Eski silindiri \u00e7\u0131kar\u0131n ve makine \u00fczerindeki montaj y\u00fczeyini ve di\u015fli delikleri temizleyin.<\/li>\n<li>Hidrolik hortumlar\u0131 belirtilen ba\u011flant\u0131 noktalar\u0131na g\u00f6re silindire ba\u011flay\u0131n ve ba\u011flant\u0131lar\u0131 belirtilen tork de\u011ferine kadar s\u0131k\u0131n.<\/li>\n<li>Silindiri montaj y\u00fczeyine tak\u0131n ve deliklere vidalayarak hizaland\u0131\u011f\u0131ndan ve belirtilen tork de\u011ferine kadar s\u0131k\u0131ld\u0131\u011f\u0131ndan emin olun.<\/li>\n<li>Silindirin d\u00fczg\u00fcn \u00e7al\u0131\u015f\u0131p \u00e7al\u0131\u015fmad\u0131\u011f\u0131n\u0131 test edin ve s\u0131z\u0131nt\u0131 olmad\u0131\u011f\u0131ndan emin olun.<\/li>\n<\/ol>\n<p><img decoding=\"async\" src=\"https:\/\/www.hydraulic-cylinders.net\/wp-content\/uploads\/2025\/01\/songte-bushings-with-all-kinds-of-excavator-models.webp\"><\/p>\n<h3>G\u00fcvenlik ve \u00c7evresel Hususlar<\/h3>\n<p>Kol silindirinin \u00e7al\u0131\u015ft\u0131r\u0131lmas\u0131 s\u0131ras\u0131nda operat\u00f6r\u00fcn ve \u00e7evrenin g\u00fcvenli\u011fi \u00e7ok \u00f6nemlidir. \u00dcretici taraf\u0131ndan sa\u011flanan g\u00fcvenlik y\u00f6nergelerine uyulmas\u0131 ve silindirin nominal kapasitesi dahilinde kullan\u0131lmas\u0131 gereklidir. \u00c7evre kirlili\u011fini \u00f6nlemek i\u00e7in kullan\u0131lm\u0131\u015f par\u00e7alar\u0131n ve hidrolik ya\u011f\u0131n uygun \u015fekilde imha edilmesi \u015fartt\u0131r.<\/p>\n<h3>Sorun Giderme ve Yayg\u0131n Sorunlar<\/h3>\n<p>Kol silindirlerinde s\u0131k kar\u015f\u0131la\u015f\u0131lan sorunlar aras\u0131nda s\u0131z\u0131nt\u0131, yetersiz kuvvet ve anormal ses bulunur. Bu sorunlarla kar\u015f\u0131la\u015ft\u0131\u011f\u0131n\u0131zda a\u015fa\u011f\u0131daki \u00e7\u00f6z\u00fcmlere ba\u015fvurabilirsiniz:<\/p>\n<ul>\n<li><strong>S\u0131z\u0131nt\u0131:<\/strong> S\u0131zd\u0131rmazl\u0131k elemanlar\u0131n\u0131 a\u015f\u0131nma ve hasar a\u00e7\u0131s\u0131ndan kontrol edin ve gerekirse de\u011fi\u015ftirin. Silindir g\u00f6vdesinin ve di\u015fli u\u00e7 y\u00fczeyinin temiz ve kal\u0131nt\u0131lardan ar\u0131nd\u0131r\u0131lm\u0131\u015f oldu\u011fundan emin olun. Hidrolik sistemde a\u015f\u0131r\u0131 bas\u0131n\u00e7 veya kirlenme olup olmad\u0131\u011f\u0131n\u0131 kontrol edin.<\/li>\n<li><strong>Yetersiz kuvvet:<\/strong> Hidrolik sistemde yetersiz bas\u0131n\u00e7 veya ak\u0131\u015f olup olmad\u0131\u011f\u0131n\u0131 kontrol edin ve silindirin a\u015f\u0131r\u0131 y\u00fcklenmedi\u011finden emin olun.<\/li>\n<li><strong>Anormal ses:<\/strong> Hidrolik sistemde hava veya kirlilik olup olmad\u0131\u011f\u0131n\u0131 kontrol edin ve silindirin do\u011fru \u015fekilde monte edildi\u011finden ve makineyle hizaland\u0131\u011f\u0131ndan emin olun.<\/li>\n<\/ul>\n<p><img decoding=\"async\" src=\"https:\/\/www.hydraulic-cylinders.net\/wp-content\/uploads\/2025\/01\/songte-company-4.webp\"><img decoding=\"async\" src=\"https:\/\/www.hydraulic-cylinders.net\/wp-content\/uploads\/2025\/01\/songte-company-3.webp\"><\/p>\n<p>Firmam\u0131z, geni\u015f \u00fcr\u00fcn yelpazesiyle profesyonel bir yedek hidrolik silindir \u00fcreticisidir ve hem yurt i\u00e7i hem de uluslararas\u0131 pazarlarda \u00f6nde gelen hidrolik silindir \u00fcreticilerinden ve toptanc\u0131lar\u0131ndan biri haline gelmi\u015ftir. Her zaman m\u00fckemmel kalite ilkesine ba\u011fl\u0131 kalarak, rafine bir \u00fcretim at\u00f6lyesinin end\u00fcstriyel \u00fcretim y\u00f6netim stratejisine dayanarak teknik seviyemizi ve \u00fcretim verimlili\u011fimizi s\u00fcrekli olarak geli\u015ftiriyoruz. Y\u00fcksek teknoloji \u00fcr\u00fcn\u00fc dijital \u00fcretim ekipmanlar\u0131 ve profesyonel test sistemleri kullanarak, \u00fcretim platformunu s\u00fcrekli olarak optimize ediyor ve \u00fcr\u00fcn kalite kontrol s\u00fcrecini iyile\u015ftirirken, g\u00fc\u00e7l\u00fc yenilik\u00e7i yeteneklere de sahibiz. Amac\u0131m\u0131z, y\u00fcksek verimlilik, hassasiyet ve y\u00fcksek kalite ilkeleriyle m\u00fc\u015fterilerin \u00e7e\u015fitlendirilmi\u015f ihtiya\u00e7lar\u0131n\u0131 kar\u015f\u0131lamakt\u0131r.<\/p>\n<p>\u015eirketimiz, m\u00fc\u015fterilerimizin m\u00fcmk\u00fcn olan en iyi deneyimi ya\u015famas\u0131n\u0131 sa\u011flamak i\u00e7in profesyonel hizmetler, uluslararas\u0131 sertifikasyon, \u00f6zelle\u015ftirilmi\u015f hizmetler, \u00fcretim ekipmanlar\u0131 ve sat\u0131\u015f sonras\u0131 hizmetler gibi \u00e7e\u015fitli alanlarda hizmet vermektedir.<\/p>\n<p>Yazar: lyl.<\/p>","protected":false},"excerpt":{"rendered":"<p>Arm Cylinder for Sumitomo Large Excavator SH330A3 Definition and Explanation The arm cylinder is a specially designed hydraulic cylinder that provides linear motion and power to the arm of various machinery including excavators, cranes, and manipulators. It plays a crucial role in the hydraulic system by enabling efficient movement and control of additional tools or [&hellip;]<\/p>","protected":false},"featured_media":14766,"comment_status":"open","ping_status":"closed","template":"","meta":{"_et_pb_use_builder":"","_et_pb_old_content":"","_et_gb_content_width":""},"product_brand":[],"product_cat":[1497],"product_tag":[1498,1496],"class_list":{"0":"post-16110","1":"product","2":"type-product","3":"status-publish","4":"has-post-thumbnail","6":"product_cat-arm-cylinders","7":"product_tag-arm-cylinders","8":"product_tag-hydraulic-cylinders","10":"first","11":"instock","12":"shipping-taxable","13":"product-type-simple"},"amp_enabled":true,"_links":{"self":[{"href":"https:\/\/www.hydraulic-cylinders.net\/tr\/wp-json\/wp\/v2\/product\/16110","targetHints":{"allow":["GET"]}}],"collection":[{"href":"https:\/\/www.hydraulic-cylinders.net\/tr\/wp-json\/wp\/v2\/product"}],"about":[{"href":"https:\/\/www.hydraulic-cylinders.net\/tr\/wp-json\/wp\/v2\/types\/product"}],"replies":[{"embeddable":true,"href":"https:\/\/www.hydraulic-cylinders.net\/tr\/wp-json\/wp\/v2\/comments?post=16110"}],"wp:featuredmedia":[{"embeddable":true,"href":"https:\/\/www.hydraulic-cylinders.net\/tr\/wp-json\/wp\/v2\/media\/14766"}],"wp:attachment":[{"href":"https:\/\/www.hydraulic-cylinders.net\/tr\/wp-json\/wp\/v2\/media?parent=16110"}],"wp:term":[{"taxonomy":"product_brand","embeddable":true,"href":"https:\/\/www.hydraulic-cylinders.net\/tr\/wp-json\/wp\/v2\/product_brand?post=16110"},{"taxonomy":"product_cat","embeddable":true,"href":"https:\/\/www.hydraulic-cylinders.net\/tr\/wp-json\/wp\/v2\/product_cat?post=16110"},{"taxonomy":"product_tag","embeddable":true,"href":"https:\/\/www.hydraulic-cylinders.net\/tr\/wp-json\/wp\/v2\/product_tag?post=16110"}],"curies":[{"name":"wp","href":"https:\/\/api.w.org\/{rel}","templated":true}]}}