{"id":16116,"date":"2025-01-20T08:30:36","date_gmt":"2025-01-20T08:30:36","guid":{"rendered":"https:\/\/www.hydraulic-cylinders.net\/product\/arm-cylinderfor-sumitomo-large-excavator-sh350a3\/"},"modified":"2025-01-20T08:30:38","modified_gmt":"2025-01-20T08:30:38","slug":"arm-cylinderfor-sumitomo-large-excavator-sh350a3","status":"publish","type":"product","link":"https:\/\/www.hydraulic-cylinders.net\/tr\/urun\/arm-cylinderfor-sumitomo-large-excavator-sh350a3\/","title":{"rendered":"Sumitomo SH350A3 B\u00fcy\u00fck Ekskavat\u00f6r i\u00e7in Kol Silindiri"},"content":{"rendered":"<p>SUMITOMO SH350A3 B\u00dcY\u00dcK EKSKAVAT\u00d6R \u0130\u00c7\u0130N KOL S\u0130L\u0130ND\u0130R\u0130<\/p>\n<p>girii\u015f<\/p>\n<p>Kol silindiri, ekskavat\u00f6rler, vin\u00e7ler ve manip\u00fclat\u00f6rler gibi \u00e7e\u015fitli makinelerin koluna do\u011frusal hareket ve g\u00fc\u00e7 sa\u011flayan \u00f6zel olarak tasarlanm\u0131\u015f bir hidrolik silindirdir. Kol silindirleri, hidrolik sistemde \u00e7ok \u00f6nemli bir rol oynayarak ek aletlerin veya ata\u015fmanlar\u0131n etkili bir \u015fekilde hareket etmesini ve kontrol edilmesini sa\u011flar. Bu silindirler sadece d\u00fczg\u00fcn hareket sa\u011flamakla kalmaz, ayn\u0131 zamanda a\u011f\u0131r y\u00fckleri de ta\u015f\u0131yarak \u00e7e\u015fitli \u00e7al\u0131\u015fma ko\u015fullar\u0131 alt\u0131nda makinenin verimli \u00e7al\u0131\u015fmas\u0131n\u0131 ve g\u00fcvenilirli\u011fini sa\u011flar.<\/p>\n<p>Tan\u0131m ve A\u00e7\u0131klama<\/p>\n<p>Kol silindirleri, makinelerin kollar\u0131na do\u011frudan do\u011frusal hareket ve g\u00fc\u00e7 sa\u011flayan hidrolik silindirlerdir. Hidrolik sistemlerde \u00e7al\u0131\u015fmak \u00fczere tasarlanm\u0131\u015flard\u0131r ve \u00e7e\u015fitli ata\u015fmanlar\u0131n ve aletlerin hareketinde ve kontrol\u00fcnde kritik bir rol oynarlar. Kol silindirleri genellikle y\u00fcksek mukavemetli malzemelerden \u00fcretilir, bu da dayan\u0131kl\u0131l\u0131k ve iyi a\u015f\u0131nma ve korozyon direnci sa\u011flar. Sorunsuz hareket edebilme \u00f6zelli\u011fine sahiptirler ve a\u011f\u0131r y\u00fckleri ta\u015f\u0131yabilirler, bu da makinelerin verimli \u00e7al\u0131\u015fmas\u0131n\u0131 ve g\u00fcvenilirli\u011fini sa\u011flar.<\/p>\n<p>\u00d6zellikler<\/p>\n<p>Kol silindirleri, farkl\u0131 makine t\u00fcrlerinde kullan\u0131m i\u00e7in ideal k\u0131lan \u00e7e\u015fitli \u00f6zellikler sunar. \u0130\u015fte en \u00f6nemli be\u015f \u00f6zellik:<\/p>\n<p>1. Y\u00fcksek Verimli Aktar\u0131m: Kol silindirleri g\u00fc\u00e7l\u00fc do\u011frusal hareket ve kuvvet sa\u011flayarak, makine kolunun \u00e7e\u015fitli i\u015flemlerde y\u00fcksek verimlilik ve performans g\u00f6stermesini garanti eder.<\/p>\n<p>2. Hassas Kontrol: Kol silindirleri, hidrolik sistemler arac\u0131l\u0131\u011f\u0131yla hassas hareket kontrol\u00fc sa\u011flayarak ek aletlerin \u00e7al\u0131\u015fmas\u0131n\u0131 daha esnek ve do\u011fru hale getirir.<\/p>\n<p>3. Y\u00fcksek Dayan\u0131kl\u0131l\u0131k: Kol silindirleri genellikle y\u00fcksek mukavemetli malzemelerden \u00fcretilir ve iyi a\u015f\u0131nma ve korozyon direncine sahiptir, bu da onlar\u0131 zorlu ortamlarda uzun s\u00fcreli kullan\u0131m i\u00e7in uygun hale getirir.<\/p>\n<p>4. \u00c7ok Y\u00f6nl\u00fcl\u00fck: Bu silindirler, ekskavat\u00f6rler, vin\u00e7ler ve manip\u00fclat\u00f6rler gibi \u00e7e\u015fitli makine t\u00fcrlerinde yayg\u0131n olarak kullan\u0131labilir ve farkl\u0131 \u00e7al\u0131\u015fma gereksinimlerini kar\u015f\u0131lar.<\/p>\n<p>5. Kolay Bak\u0131m: Kol silindirleri, bak\u0131m\u0131 ve de\u011fi\u015ftirilmesi kolay olacak \u015fekilde tasarlanm\u0131\u015ft\u0131r; bu da d\u00fczenli inceleme ve bak\u0131m\u0131 daha kolay hale getirir ve ekipman ar\u0131za s\u00fcresini azalt\u0131r.<\/p>\n<p>\u00dcretme<\/p>\n<p>Firmam\u0131z, bu hidrolik silindirlerin yerini m\u00fckemmel \u015fekilde alabilecek kol silindirleri \u00fcretmektedir. \u00dcr\u00fcnlerimizin kalite standartlar\u0131n\u0131 kar\u015f\u0131lamas\u0131n\u0131 ve \u00e7e\u015fitli makine uygulamalar\u0131 i\u00e7in gereken dayan\u0131kl\u0131l\u0131k ve performans\u0131 sa\u011flamas\u0131n\u0131 sa\u011flamak i\u00e7in y\u00fcksek kaliteli malzemeler ve geli\u015fmi\u015f teknoloji kullan\u0131yoruz.<\/p>\n<p>Uygulamalar<\/p>\n<p>Kol silindirleri a\u015fa\u011f\u0131dakiler de dahil olmak \u00fczere \u00e7e\u015fitli alanlarda yayg\u0131n olarak kullan\u0131lmaktad\u0131r:<\/p>\n<p>1. \u0130n\u015faat M\u00fchendisli\u011fi: Ekskavat\u00f6rlerde ve vin\u00e7lerde, toprak i\u015fleri, malzeme ta\u015f\u0131ma ve yap\u0131sal kurulum i\u015flemlerini ger\u00e7ekle\u015ftirmek i\u00e7in kep\u00e7elerin veya bomlar\u0131n hareketini kontrol etmek amac\u0131yla kol silindirleri kullan\u0131l\u0131r.<\/p>\n<p>2. \u00dcretim: Otomatik \u00fcretim hatlar\u0131nda, montaj, kaynak ve malzeme ta\u015f\u0131ma i\u015flemlerini ger\u00e7ekle\u015ftirmek i\u00e7in manip\u00fclat\u00f6r kollar\u0131n\u0131n hareketini kontrol etmek amac\u0131yla kol silindirleri kullan\u0131l\u0131r; bu da \u00fcretim verimlili\u011fini ve do\u011frulu\u011funu art\u0131r\u0131r.<\/p>\n<p>3. Tar\u0131m makineleri: Bi\u00e7erd\u00f6ver ve tohum ekme makinesi gibi tar\u0131m makinelerinde, ekim, g\u00fcbreleme ve hasat gibi g\u00f6revleri yerine getirmek i\u00e7in \u00e7al\u0131\u015fma kollar\u0131n\u0131n hareketini kontrol etmek amac\u0131yla kol silindirleri kullan\u0131l\u0131r.<\/p>\n<p>4. Madencilik: Madencilik ekipmanlar\u0131nda, kol silindirleri, madencilik ve malzeme ta\u015f\u0131ma g\u00f6revlerini ger\u00e7ekle\u015ftirmek i\u00e7in madencilik ekipman\u0131n\u0131n kol hareketini kontrol etmek amac\u0131yla kullan\u0131l\u0131r.<\/p>\n<p>5. Lojistik ve Ta\u015f\u0131mac\u0131l\u0131k: Forkliftlerde ve ta\u015f\u0131ma robotlar\u0131nda, malzeme ta\u015f\u0131ma ve istifleme i\u015flemlerini ger\u00e7ekle\u015ftirmek i\u00e7in \u00e7atallar\u0131n kald\u0131rma ve hareketini kontrol etmek amac\u0131yla kol silindirleri kullan\u0131l\u0131r.<\/p>\n<p>Tasar\u0131m Hususlar\u0131 ve Se\u00e7im Kriterleri<\/p>\n<p>Kol silindirleri, belirli performans gereksinimlerini kar\u015f\u0131lamak \u00fczere tasarlanm\u0131\u015ft\u0131r ve farkl\u0131 uygulamalara uyacak \u015fekilde \u00f6zelle\u015ftirilebilir. Ba\u015fl\u0131ca tasar\u0131m hususlar\u0131 aras\u0131nda y\u00fck kapasitesi, s\u0131zd\u0131rmazl\u0131k, dayan\u0131kl\u0131l\u0131k, g\u00fcvenlik ve bak\u0131m kolayl\u0131\u011f\u0131 yer almaktad\u0131r.<\/p>\n<p>Y\u00fck Kapasitesi: Kritik tasar\u0131m hususlar\u0131ndan biri, kol silindirinin y\u00fck kapasitesidir. Y\u00fck kapasitesi, makine kolunun ve ek alet ve ata\u015fmanlar\u0131n a\u011f\u0131rl\u0131\u011f\u0131n\u0131 ve kuvvetini destekleyecek kadar yeterli olmal\u0131d\u0131r.<\/p>\n<p>S\u0131zd\u0131rmazl\u0131k: Kol silindirinin s\u0131zd\u0131rmazl\u0131\u011f\u0131, verimli \u00e7al\u0131\u015fmay\u0131 sa\u011flamak ve hidrolik s\u0131v\u0131n\u0131n s\u0131zmas\u0131n\u0131 veya kirlenmesini \u00f6nlemek i\u00e7in de \u00e7ok \u00f6nemlidir. Belirli uygulama gereksinimlerine uygun olarak piston contalar\u0131 ve mil contalar\u0131 da dahil olmak \u00fczere \u00e7e\u015fitli s\u0131zd\u0131rmazl\u0131k se\u00e7enekleri mevcuttur.<\/p>\n<p>Dayan\u0131kl\u0131l\u0131k: Kol silindirleri genellikle y\u00fcksek bas\u0131n\u00e7, y\u00fcksek s\u0131cakl\u0131k ve a\u011f\u0131r y\u00fckler gibi zorlu \u00e7al\u0131\u015fma ko\u015fullar\u0131na maruz kal\u0131r. Malzeme se\u00e7imi ve uygun \u00fcretim s\u00fcre\u00e7leri, kol silindirinin bu ko\u015fullara dayanabilmesini ve uzun \u00f6m\u00fcrl\u00fc performans sa\u011flayabilmesini sa\u011flamak i\u00e7in \u00e7ok \u00f6nemlidir.<\/p>\n<p>G\u00fcvenlik: \u00d6zellikle insan operat\u00f6rlerin bulundu\u011fu uygulamalarda, kol silindirlerinin tasar\u0131m\u0131nda g\u00fcvenlik kritik \u00f6neme sahiptir. Tasar\u0131mda bas\u0131n\u00e7 tahliye vanalar\u0131, acil durdurma mekanizmalar\u0131 ve g\u00fcvenlik koruyucular\u0131 gibi g\u00fcvenlik \u00f6zellikleri dikkate al\u0131nmal\u0131d\u0131r.<\/p>\n<p>Bak\u0131m Kolayl\u0131\u011f\u0131: Kol silindirinin tasar\u0131m\u0131nda bak\u0131m ve onar\u0131m kolayl\u0131\u011f\u0131 da g\u00f6z \u00f6n\u00fcnde bulundurulmal\u0131d\u0131r. Bile\u015fenlere kolay eri\u015fim ve \u00e7\u0131kar\u0131labilir u\u00e7 kapaklar\u0131 ve contalar gibi basit tasar\u0131m \u00f6zellikleri, ar\u0131za s\u00fcresini ve ilgili maliyetleri azaltmaya yard\u0131mc\u0131 olabilir.<\/p>\n<p>S\u0131zd\u0131rmazl\u0131k ve Ya\u011flama<\/p>\n<p>Kol silindirlerinin verimli \u00e7al\u0131\u015fmas\u0131 ve hidrolik s\u0131v\u0131n\u0131n s\u0131z\u0131nt\u0131s\u0131n\u0131 veya kirlenmesini \u00f6nlemek i\u00e7in uygun s\u0131zd\u0131rmazl\u0131k ve ya\u011flama gereklidir. Piston contalar\u0131 ve mil contalar\u0131 dahil olmak \u00fczere \u00e7e\u015fitli s\u0131zd\u0131rmazl\u0131k se\u00e7enekleri, belirli uygulama gereksinimlerine uygun olarak mevcuttur. Kol silindiri uygun bir hidrolik ya\u011f ile ya\u011flanmal\u0131 ve kol silindirinin d\u00fczg\u00fcn \u015fekilde ya\u011flanmas\u0131n\u0131 sa\u011flamak i\u00e7in d\u00fczenli kontroller ve ya\u011f eklemeleri yap\u0131lmal\u0131d\u0131r.<\/p>\n<p>Periyodik Muayene ve \u00d6nleyici Bak\u0131m Tedbirleri<\/p>\n<p>Periyodik kontroller ve \u00f6nleyici bak\u0131m \u00f6nlemleri, kol silindirinin kullan\u0131m \u00f6mr\u00fc boyunca verimli ve g\u00fcvenilir bir \u015fekilde \u00e7al\u0131\u015fmas\u0131n\u0131 sa\u011flamak i\u00e7in \u015fartt\u0131r. A\u015f\u0131nma veya hasar belirtilerini tespit etmek i\u00e7in hidrolik sistem ve kol silindiri bile\u015fenleri (s\u0131zd\u0131rmazl\u0131k elemanlar\u0131, ba\u011flant\u0131 par\u00e7alar\u0131 ve ba\u011flant\u0131 elemanlar\u0131 dahil) d\u00fczenli olarak kontrol edilmelidir. Hidrolik ya\u011f, performans\u0131n\u0131 korumak ve kirlenmeyi \u00f6nlemek i\u00e7in periyodik olarak de\u011fi\u015ftirilmelidir.<\/p>\n<p>Do\u011fru Kurulum K\u0131lavuzu<\/p>\n<p>Kol silindirinin do\u011fru montaj\u0131, verimli ve g\u00fcvenilir \u00e7al\u0131\u015fmas\u0131 i\u00e7in \u00e7ok \u00f6nemlidir. Kol silindirinin montaj\u0131 s\u0131ras\u0131nda a\u015fa\u011f\u0131daki ad\u0131mlar izlenmelidir:<\/p>\n<p>1. Kol silindirinin makineyle uyumlu oldu\u011fundan ve boyutlar\u0131n\u0131n ve y\u00fck ta\u015f\u0131ma kapasitesinin uygun oldu\u011fundan emin olun.<\/p>\n<p>2. Montaj y\u00fczeyini temizleyin ve kal\u0131nt\u0131 ve di\u011fer kirleticilerden ar\u0131nd\u0131rd\u0131\u011f\u0131n\u0131zdan emin olun.<\/p>\n<p>3. Kol silindirini \u00fcreticinin talimatlar\u0131na g\u00f6re tak\u0131n ve t\u00fcm ba\u011flant\u0131 par\u00e7alar\u0131n\u0131n ve c\u0131vatalar\u0131n do\u011fru tork de\u011ferinde s\u0131k\u0131ld\u0131\u011f\u0131ndan emin olun.<\/p>\n<p>4. Hidrolik hortumlar\u0131 ve ba\u011flant\u0131 par\u00e7alar\u0131n\u0131 \u00fcreticinin talimatlar\u0131na g\u00f6re ba\u011flay\u0131n ve do\u011fru \u015fekilde hizaland\u0131klar\u0131ndan, hasar veya s\u0131z\u0131nt\u0131 olmad\u0131\u011f\u0131ndan emin olun.<\/p>\n<p>5. Kol silindirinin do\u011fru \u00e7al\u0131\u015ft\u0131\u011f\u0131ndan ve herhangi bir s\u0131z\u0131nt\u0131 veya ba\u015fka sorun olmad\u0131\u011f\u0131ndan emin olmak i\u00e7in makinenin test \u00e7al\u0131\u015fmas\u0131n\u0131 ger\u00e7ekle\u015ftirin.<\/p>\n<p>G\u00fcvenlik Hususlar\u0131 ve \u00c7evresel Fakt\u00f6rler<\/p>\n<p>Kol silindirleri kullan\u0131l\u0131rken, uygun g\u00fcvenlik koruyucular\u0131n\u0131n kullan\u0131lmas\u0131 ve g\u00fcvenli \u00e7al\u0131\u015fma uygulamalar\u0131n\u0131n takip edilmesi gibi g\u00fcvenlik fakt\u00f6rlerinin dikkate al\u0131nmas\u0131 \u015fartt\u0131r. S\u0131cakl\u0131k ve nem gibi \u00e7evresel fakt\u00f6rler de kol silindirinin performans\u0131n\u0131 etkileyebilir ve silindir se\u00e7imi ve tasar\u0131m\u0131 s\u0131ras\u0131nda dikkate al\u0131nmal\u0131d\u0131r.<\/p>\n<p>Sorun Giderme ve Yayg\u0131n Sorunlar<\/p>\n<p>Kol silindirlerinde s\u0131k kar\u015f\u0131la\u015f\u0131lan sorunlar aras\u0131nda s\u0131z\u0131nt\u0131, conta veya ba\u011flant\u0131 par\u00e7alar\u0131nda hasar ve yava\u015f veya d\u00fczensiz hareket gibi performans sorunlar\u0131 yer al\u0131r. D\u00fczenli inceleme ve \u00f6nleyici bak\u0131m, bu sorunlar\u0131 erken tespit etmeye ve daha ciddi sorunlar\u0131n ortaya \u00e7\u0131kmas\u0131n\u0131 \u00f6nlemeye yard\u0131mc\u0131 olabilir. Sorun giderme teknikleri aras\u0131nda g\u00f6rsel inceleme, performans testi ve bile\u015fen de\u011fi\u015fimi veya onar\u0131m\u0131 yer alabilir.<\/p>\n<p>Ar\u0131za Te\u015fhisi ve \u00c7\u00f6z\u00fcmleri<\/p>\n<p>Kol silindirlerindeki ar\u0131zalar\u0131 te\u015fhis ederken, sorunun temel nedenini belirlemek ve uygun d\u00fczeltici \u00f6nlemleri almak \u00e7ok \u00f6nemlidir. \u00c7\u00f6z\u00fcmler aras\u0131nda hasarl\u0131 par\u00e7alar\u0131n de\u011fi\u015ftirilmesi, hidrolik bas\u0131nc\u0131n ayarlanmas\u0131 veya makinenin \u00e7al\u0131\u015fma parametrelerinin de\u011fi\u015ftirilmesi yer alabilir.<\/p>\n<p>\u00c7\u00f6z\u00fcm<\/p>\n<p>Biz, geni\u015f \u00fcr\u00fcn yelpazesi ve hem yurt i\u00e7inde hem de yurt d\u0131\u015f\u0131nda lider pazar konumuyla, hidrolik silindir yedek par\u00e7alar\u0131 konusunda profesyonel bir \u00fcreticiyiz. Geli\u015fmi\u015f dijital \u00fcretim ekipmanlar\u0131 ve profesyonel test sistemlerinin kullan\u0131m\u0131yla, y\u00fcksek kaliteli \u00fcr\u00fcnler \u00fcretmeye ve teknolojimizi ve \u00fcretim verimlili\u011fimizi s\u00fcrekli olarak geli\u015ftirmeye kendimizi adad\u0131k. Amac\u0131m\u0131z, m\u00fc\u015fterilerimizin \u00e7e\u015fitli ihtiya\u00e7lar\u0131n\u0131 y\u00fcksek verimlilik, do\u011fruluk ve kaliteyle kar\u015f\u0131lamakt\u0131r.<\/p>","protected":false},"excerpt":{"rendered":"<p>ARM CYLINDER FOR SUMITOMO LARGE EXCAVATOR SH350A3 Introduction Arm cylinder is a specially designed hydraulic cylinder that provides linear motion and power to the arm of various types of machinery, such as excavators, cranes, and manipulators. Arm cylinders play a crucial role in the hydraulic system, allowing additional tools or attachments to move and be [&hellip;]<\/p>","protected":false},"featured_media":14777,"comment_status":"open","ping_status":"closed","template":"","meta":{"_et_pb_use_builder":"","_et_pb_old_content":"","_et_gb_content_width":""},"product_brand":[],"product_cat":[1497],"product_tag":[1498,1496],"class_list":{"0":"post-16116","1":"product","2":"type-product","3":"status-publish","4":"has-post-thumbnail","6":"product_cat-arm-cylinders","7":"product_tag-arm-cylinders","8":"product_tag-hydraulic-cylinders","10":"first","11":"instock","12":"shipping-taxable","13":"product-type-simple"},"amp_enabled":true,"_links":{"self":[{"href":"https:\/\/www.hydraulic-cylinders.net\/tr\/wp-json\/wp\/v2\/product\/16116","targetHints":{"allow":["GET"]}}],"collection":[{"href":"https:\/\/www.hydraulic-cylinders.net\/tr\/wp-json\/wp\/v2\/product"}],"about":[{"href":"https:\/\/www.hydraulic-cylinders.net\/tr\/wp-json\/wp\/v2\/types\/product"}],"replies":[{"embeddable":true,"href":"https:\/\/www.hydraulic-cylinders.net\/tr\/wp-json\/wp\/v2\/comments?post=16116"}],"wp:featuredmedia":[{"embeddable":true,"href":"https:\/\/www.hydraulic-cylinders.net\/tr\/wp-json\/wp\/v2\/media\/14777"}],"wp:attachment":[{"href":"https:\/\/www.hydraulic-cylinders.net\/tr\/wp-json\/wp\/v2\/media?parent=16116"}],"wp:term":[{"taxonomy":"product_brand","embeddable":true,"href":"https:\/\/www.hydraulic-cylinders.net\/tr\/wp-json\/wp\/v2\/product_brand?post=16116"},{"taxonomy":"product_cat","embeddable":true,"href":"https:\/\/www.hydraulic-cylinders.net\/tr\/wp-json\/wp\/v2\/product_cat?post=16116"},{"taxonomy":"product_tag","embeddable":true,"href":"https:\/\/www.hydraulic-cylinders.net\/tr\/wp-json\/wp\/v2\/product_tag?post=16116"}],"curies":[{"name":"wp","href":"https:\/\/api.w.org\/{rel}","templated":true}]}}