{"id":16117,"date":"2025-01-20T08:30:40","date_gmt":"2025-01-20T08:30:40","guid":{"rendered":"https:\/\/www.hydraulic-cylinders.net\/product\/arm-cylinderfor-sumitomo-large-excavator-sh360hd-5\/"},"modified":"2025-01-20T08:30:42","modified_gmt":"2025-01-20T08:30:42","slug":"arm-cylinderfor-sumitomo-large-excavator-sh360hd-5","status":"publish","type":"product","link":"https:\/\/www.hydraulic-cylinders.net\/tr\/urun\/arm-cylinderfor-sumitomo-large-excavator-sh360hd-5\/","title":{"rendered":"Sumitomo SH360HD-5 B\u00fcy\u00fck Ekskavat\u00f6r i\u00e7in Kol Silindiri"},"content":{"rendered":"<h1>Sumitomo SH360HD-5 B\u00fcy\u00fck Ekskavat\u00f6r \u0130\u00e7in Kol Silindiri<\/h1>\n<h2>girii\u015f<\/h2>\n<p>Kol silindiri, ekskavat\u00f6rler, vin\u00e7ler ve robot kollar\u0131 gibi \u00e7e\u015fitli makinelerin koluna do\u011frusal hareket ve g\u00fc\u00e7 sa\u011flayan \u00f6zel olarak tasarlanm\u0131\u015f bir hidrolik silindirdir. Hidrolik sistemlerde kritik bir rol oynayarak, ata\u015fmanlar\u0131n veya aksesuarlar\u0131n etkili hareketini ve kontrol\u00fcn\u00fc sa\u011flar. Bu silindirler sadece d\u00fczg\u00fcn hareket sa\u011flamakla kalmaz, ayn\u0131 zamanda a\u011f\u0131r y\u00fckleri de ta\u015f\u0131yarak, \u00e7e\u015fitli \u00e7al\u0131\u015fma ko\u015fullar\u0131nda makinelerin verimli \u00e7al\u0131\u015fmas\u0131n\u0131 ve g\u00fcvenilirli\u011fini garanti eder.<\/p>\n<p><img decoding=\"async\" src=\"https:\/\/www.hydraulic-cylinders.net\/wp-content\/uploads\/2025\/01\/songte-company-2.webp\"><\/p>\n<h2>\u00d6zellikler<\/h2>\n<ul>\n<li><strong>Y\u00fcksek Verimli \u015eanz\u0131man:<\/strong> Kol silindiri g\u00fc\u00e7l\u00fc do\u011frusal hareket ve kuvvet sa\u011flayarak \u00e7e\u015fitli operasyonlarda y\u00fcksek performans sa\u011flar.<\/li>\n<li><strong>Hassas Kontrol:<\/strong> Hidrolik sistem sayesinde kol silindiri hassas hareket kontrol\u00fc sa\u011flayarak, ata\u015fmanlar\u0131n daha esnek ve hassas \u00e7al\u0131\u015fmas\u0131n\u0131 sa\u011flar.<\/li>\n<li><strong>Dayan\u0131kl\u0131l\u0131k:<\/strong> Kol silindirleri genellikle y\u00fcksek mukavemetli malzemelerden yap\u0131l\u0131r, m\u00fckemmel a\u015f\u0131nma ve korozyon direnci sunar ve bu da onlar\u0131 zorlu ortamlarda uzun s\u00fcreli kullan\u0131ma uygun hale getirir.<\/li>\n<li><strong>\u00c7ok Fonksiyonlu Uyarlanabilirlik:<\/strong> Bu silindirler ekskavat\u00f6rler, vin\u00e7ler ve robotik kollar gibi \u00e7e\u015fitli makinelere yayg\u0131n olarak uygulanabilir ve farkl\u0131 \u00e7al\u0131\u015fma gereksinimlerine uyum sa\u011flar.<\/li>\n<li><strong>Kolay Bak\u0131m:<\/strong> Bak\u0131m ve de\u011fi\u015ftirme kolayl\u0131\u011f\u0131 i\u00e7in tasarlanan kol silindirleri, d\u00fczenli inceleme ve bak\u0131m\u0131 kolayla\u015ft\u0131rarak ekipman ar\u0131za s\u00fcresini azalt\u0131r.<\/li>\n<\/ul>\n<p><img decoding=\"async\" src=\"https:\/\/www.hydraulic-cylinders.net\/wp-content\/uploads\/2025\/01\/songte-oil-pipes-and-spare-parts.webp\"><\/p>\n<h2>Uygulamalar<\/h2>\n<p>Kol silindiri \u00e7e\u015fitli end\u00fcstrilerde uygulama alan\u0131 bulmaktad\u0131r:<\/p>\n<ul>\n<li><strong>Yap\u0131:<\/strong> Ekskavat\u00f6rlerde ve vin\u00e7lerde kullan\u0131lan kol silindiri, toprak i\u015fleri, malzeme ta\u015f\u0131ma ve yap\u0131sal montajlarda kova veya bomlar\u0131n hareketini kontrol eder.<\/li>\n<li><strong>\u00dcretme:<\/strong> Otomatik \u00fcretim hatlar\u0131nda, kol silindiri, montaj, kaynak ve malzeme ta\u015f\u0131ma i\u015flemlerinde robot kollar\u0131n\u0131n hareketini sa\u011flayarak verimlili\u011fi ve hassasiyeti art\u0131r\u0131r.<\/li>\n<li><strong>Tar\u0131m Makinalar\u0131:<\/strong> Bi\u00e7erd\u00f6ver ve tohum ekme makinesi gibi tar\u0131m ekipmanlar\u0131nda, kol silindiri, tohum ekme, g\u00fcbreleme ve hasat gibi g\u00f6revler i\u00e7in \u00e7al\u0131\u015fma kollar\u0131n\u0131n hareketini kontrol eder.<\/li>\n<li><strong>Madencilik:<\/strong> Madencilik ekipmanlar\u0131nda kol silindiri, cevherin \u00e7\u0131kar\u0131lmas\u0131 ve ta\u015f\u0131nmas\u0131 i\u00e7in kolun hareketini kontrol eder.<\/li>\n<li><strong>Lojistik ve Ta\u015f\u0131mac\u0131l\u0131k:<\/strong> Forkliftlerde ve ta\u015f\u0131ma robotlar\u0131nda kol silindiri \u00e7atallar\u0131n kald\u0131r\u0131lmas\u0131n\u0131 ve hareketini kontrol ederek malzeme ta\u015f\u0131ma ve istiflemeyi sa\u011flar.<\/li>\n<\/ul>\n<h2>Tasar\u0131m Hususlar\u0131 ve Se\u00e7im Kriterleri<\/h2>\n<p>Kol silindirlerinin tasar\u0131m\u0131 ve se\u00e7imi s\u00f6z konusu oldu\u011funda, \u00e7e\u015fitli fakt\u00f6rler dikkate al\u0131nmal\u0131d\u0131r:<\/p>\n<ul>\n<li><strong>Y\u00fck Ta\u015f\u0131ma Kapasitesi:<\/strong> G\u00fcvenli ve verimli \u00e7al\u0131\u015fma sa\u011flamak i\u00e7in kol silindirinin beklenen y\u00fcke dayanabilecek kapasitede olmas\u0131 gerekir.<\/li>\n<li><strong>S\u0131zd\u0131rmazl\u0131k:<\/strong> Piston contalar\u0131 ve mil contalar\u0131 gibi \u00e7e\u015fitli s\u0131zd\u0131rmazl\u0131k elemanlar\u0131, s\u0131z\u0131nt\u0131y\u0131 \u00f6nlemek ve silindirin performans\u0131n\u0131n g\u00fcvenilirli\u011fini sa\u011flamak i\u00e7in kullan\u0131l\u0131r. Contalar i\u00e7in yayg\u0131n olarak poli\u00fcretan ve nitril kau\u00e7uk gibi malzemeler kullan\u0131l\u0131r.<\/li>\n<li><strong>Dayan\u0131kl\u0131l\u0131k:<\/strong> Kol silindirleri, dayan\u0131kl\u0131 ve a\u015f\u0131nmaya ve korozyona kar\u015f\u0131 diren\u00e7li olacak \u015fekilde tasarlanm\u0131\u015ft\u0131r; bu da zorlu ortamlarda uzun s\u00fcreli kullan\u0131m imkan\u0131 sa\u011flar.<\/li>\n<li><strong>Emniyet:<\/strong> Kaza riskini \u00f6nlemek ve operat\u00f6rlerin ve \u00e7evredeki personelin g\u00fcvenli\u011fini sa\u011flamak i\u00e7in g\u00fcvenlik \u00f6nlemleri dikkate al\u0131nmal\u0131d\u0131r.<\/li>\n<li><strong>Bak\u0131m kolayl\u0131\u011f\u0131:<\/strong> Tasar\u0131m, bile\u015fenlerin kolay bak\u0131m\u0131n\u0131 ve de\u011fi\u015ftirilmesini sa\u011flayarak ar\u0131za s\u00fcrelerini azaltmal\u0131 ve silindirin kullan\u0131m \u00f6mr\u00fcn\u00fc optimize etmelidir.<\/li>\n<\/ul>\n<p><img decoding=\"async\" src=\"https:\/\/www.hydraulic-cylinders.net\/wp-content\/uploads\/2025\/01\/songte-cylinder-head-with-all-kinds-excavator-models.webp\"><\/p>\n<h2>S\u0131zd\u0131rmazl\u0131k ve Ya\u011flama<\/h2>\n<p>Kol silindiri, poli\u00fcretan ve nitril kau\u00e7uk gibi a\u015f\u0131nmaya dayan\u0131kl\u0131 malzemelerden yap\u0131lm\u0131\u015f piston contalar\u0131 ve mil contalar\u0131 gibi \u00e7e\u015fitli s\u0131zd\u0131rmazl\u0131k bile\u015fenleri kullan\u0131r. Silindir g\u00f6vdesi ve di\u015fli u\u00e7 y\u00fczeyi, a\u015f\u0131nma direncini art\u0131rmak i\u00e7in titiz bir i\u015flemden ge\u00e7irilir. Sorunsuz \u00e7al\u0131\u015fma sa\u011flamak i\u00e7in hidrolik ya\u011f ile d\u00fczenli ya\u011flama gereklidir.<\/p>\n<h2>D\u00fczenli Muayene ve \u00d6nleyici Bak\u0131m<\/h2>\n<p>Kol silindirinin optimum performans\u0131n\u0131 korumak i\u00e7in a\u015fa\u011f\u0131daki \u00f6nlemler al\u0131nmal\u0131d\u0131r:<\/p>\n<ul>\n<li>Silindiri d\u00fczenli olarak a\u015f\u0131nma, hasar veya s\u0131z\u0131nt\u0131 belirtileri a\u00e7\u0131s\u0131ndan kontrol edin.<\/li>\n<li>Hidrolik ya\u011f seviyesini ve kalitesini izleyin, gerekti\u011finde tamamlay\u0131n veya de\u011fi\u015ftirin.<\/li>\n<li>Gev\u015femeyi \u00f6nlemek i\u00e7in t\u00fcm ba\u011flant\u0131lar\u0131 kontrol edin ve s\u0131k\u0131n.<\/li>\n<li>Silindiri temizleyin ve \u00e7al\u0131\u015fmas\u0131n\u0131 etkileyebilecek kir veya kal\u0131nt\u0131lar\u0131 giderin.<\/li>\n<li>Bak\u0131m aral\u0131klar\u0131 ve prosed\u00fcrleri i\u00e7in \u00fcreticinin talimatlar\u0131n\u0131 izleyin.<\/li>\n<\/ul>\n<h2>\u00dcr\u00fcn Kurulum K\u0131lavuzu<\/h2>\n<p>Kol silindirinin do\u011fru montaj\u0131, i\u015flevselli\u011fini ve uzun \u00f6mr\u00fcn\u00fc sa\u011flamak i\u00e7in \u00e7ok \u00f6nemlidir. \u015eu ad\u0131mlar\u0131 izleyin:<\/p>\n<ol>\n<li>\u00dcretici taraf\u0131ndan sa\u011flanan kurulum talimatlar\u0131n\u0131 dikkatlice okuyun.<\/li>\n<li>Montaj y\u00fczeylerinin temiz ve her t\u00fcrl\u00fc kirleticiden ar\u0131nd\u0131r\u0131lm\u0131\u015f oldu\u011fundan emin olun.<\/li>\n<li>Silindiri montaj braketiyle hizalay\u0131n ve uygun ba\u011flant\u0131 elemanlar\u0131n\u0131 kullanarak sabitleyin.<\/li>\n<li>Ba\u011flant\u0131 elemanlar\u0131n\u0131 tork anahtar\u0131 kullanarak belirtilen tork de\u011ferine kadar s\u0131k\u0131n.<\/li>\n<li>Hidrolik hortumlar\u0131 ve ba\u011flant\u0131 par\u00e7alar\u0131n\u0131 tak\u0131n, ba\u011flant\u0131lar\u0131n do\u011fru ve s\u0131k\u0131 oldu\u011fundan emin olun.<\/li>\n<li>Silindirin sorunsuz ve herhangi bir anormallik olmadan \u00e7al\u0131\u015ft\u0131\u011f\u0131n\u0131 do\u011frulay\u0131n.<\/li>\n<\/ol>\n<p><img decoding=\"async\" src=\"https:\/\/www.hydraulic-cylinders.net\/wp-content\/uploads\/2025\/01\/songte-bushings-with-all-kinds-of-excavator-models.webp\"><\/p>\n<h2>G\u00fcvenlik Hususlar\u0131 ve \u00c7evresel Fakt\u00f6rler<\/h2>\n<p>Kol silindirleriyle \u00e7al\u0131\u015f\u0131rken g\u00fcvenlik \u00f6nlemleri son derece \u00f6nemlidir. Uygun ki\u015fisel koruyucu ekipman kullan\u0131m\u0131 ve operat\u00f6rlerin do\u011fru e\u011fitimi gibi g\u00fcvenlik y\u00f6nergelerine uyulmas\u0131 \u015fartt\u0131r. Silindir performans\u0131n\u0131 olumsuz etkilememek i\u00e7in s\u0131cakl\u0131k ve nem gibi \u00e7evresel fakt\u00f6rler de dikkate al\u0131nmal\u0131d\u0131r.<\/p>\n<h2>Sorun Giderme ve Yayg\u0131n Sorunlar<\/h2>\n<p>Kol silindirlerinde ortaya \u00e7\u0131kabilecek baz\u0131 yayg\u0131n sorunlar \u015funlard\u0131r:<\/p>\n<ul>\n<li>Hidrolik s\u0131v\u0131 s\u0131z\u0131nt\u0131s\u0131<\/li>\n<li>\u00c7al\u0131\u015fma s\u0131ras\u0131nda anormal g\u00fcr\u00fclt\u00fc<\/li>\n<li>Tutars\u0131z veya ani hareket<\/li>\n<li>S\u0131zd\u0131rmazl\u0131k bile\u015fenlerinde a\u015f\u0131r\u0131 a\u015f\u0131nma<\/li>\n<\/ul>\n<p>Bu sorunlar\u0131 gidermek i\u00e7in a\u015fa\u011f\u0131daki sorun giderme ipu\u00e7lar\u0131n\u0131 ve \u00e7\u00f6z\u00fcmlerini g\u00f6z \u00f6n\u00fcnde bulundurun:<\/p>\n<ul>\n<li>Hasarl\u0131 veya a\u015f\u0131nm\u0131\u015f contalar\u0131 kontrol edin ve de\u011fi\u015ftirin.<\/li>\n<li>Gev\u015fek ba\u011flant\u0131lar\u0131 kontrol edin ve gerekirse s\u0131k\u0131n.<\/li>\n<li>Hidrolik s\u0131v\u0131 seviyesinin yeterli ve \u00f6nerilen kalitede oldu\u011fundan emin olun.<\/li>\n<li>Belirli sorunlar i\u00e7in \u00fcreticinin sorun giderme k\u0131lavuzuna ba\u015fvurun.<\/li>\n<\/ul>\n<p><img decoding=\"async\" src=\"https:\/\/www.hydraulic-cylinders.net\/wp-content\/uploads\/2025\/01\/songte-chushion-collar.webp\"><\/p>\n<p>Makaleyi mant\u0131kl\u0131 bir \u015fekilde d\u00fczenlemeyi, kolay gezinme i\u00e7in alt ba\u015fl\u0131klar kullanmay\u0131, anlay\u0131\u015f\u0131 geli\u015ftirmek i\u00e7in ilgili g\u00f6rseller veya grafikler eklemeyi ve i\u00e7eri\u011fin farkl\u0131 teknik bilgi seviyelerine sahip okuyucular i\u00e7in a\u00e7\u0131k, \u00f6z ve uygun olmas\u0131n\u0131 sa\u011flamay\u0131 unutmay\u0131n.<\/p>\n<h3>Hakk\u0131m\u0131zda<\/h3>\n<p>Profesyonel bir hidrolik silindir yedek par\u00e7a \u00fcreticisiyiz ve geni\u015f bir \u00fcr\u00fcn yelpazesi sunuyoruz. Hem yurt i\u00e7i hem de yurt d\u0131\u015f\u0131 pazarlarda \u00f6nde gelen hidrolik silindir \u00fcreticilerinden ve toptanc\u0131lar\u0131ndan biri haline geldik. M\u00fckemmel kalite ilkesini benimsiyor ve teknik uzmanl\u0131\u011f\u0131m\u0131z\u0131 ve \u00fcretim verimlili\u011fimizi s\u00fcrekli olarak geli\u015ftiriyoruz. Son teknoloji \u00fcr\u00fcn\u00fc dijital \u00fcretim ekipmanlar\u0131 ve profesyonel test sistemleriyle \u00fcretim platformumuzu optimize ediyor ve \u00fcr\u00fcn kalite kontrol s\u00fcre\u00e7lerimizi geli\u015ftirerek g\u00fc\u00e7l\u00fc inovasyon yetenekleri sergiliyoruz. Amac\u0131m\u0131z, verimlilik, do\u011fruluk ve y\u00fcksek kalite ilkeleriyle m\u00fc\u015fterilerimizin \u00e7e\u015fitli ihtiya\u00e7lar\u0131n\u0131 kar\u015f\u0131lamakt\u0131r.<\/p>\n<p><img decoding=\"async\" src=\"https:\/\/www.hydraulic-cylinders.net\/wp-content\/uploads\/2025\/01\/songte-company-4.webp\"><br \/>\n<img decoding=\"async\" src=\"https:\/\/www.hydraulic-cylinders.net\/wp-content\/uploads\/2025\/01\/songte-company-3.webp\"><\/p>\n<p>Yazar: lyl<\/p>","protected":false},"excerpt":{"rendered":"<p>Arm Cylinder For Sumitomo Large Excavator SH360HD-5 Introduction The arm cylinder is a specially designed hydraulic cylinder that provides linear motion and power to the arm of various types of machinery, such as excavators, cranes, and robotic arms. It plays a critical role in hydraulic systems, allowing for the effective movement and control of attachments [&hellip;]<\/p>","protected":false},"featured_media":14774,"comment_status":"open","ping_status":"closed","template":"","meta":{"_et_pb_use_builder":"","_et_pb_old_content":"","_et_gb_content_width":""},"product_brand":[],"product_cat":[1497],"product_tag":[1498,1496],"class_list":{"0":"post-16117","1":"product","2":"type-product","3":"status-publish","4":"has-post-thumbnail","6":"product_cat-arm-cylinders","7":"product_tag-arm-cylinders","8":"product_tag-hydraulic-cylinders","10":"first","11":"instock","12":"shipping-taxable","13":"product-type-simple"},"amp_enabled":true,"_links":{"self":[{"href":"https:\/\/www.hydraulic-cylinders.net\/tr\/wp-json\/wp\/v2\/product\/16117","targetHints":{"allow":["GET"]}}],"collection":[{"href":"https:\/\/www.hydraulic-cylinders.net\/tr\/wp-json\/wp\/v2\/product"}],"about":[{"href":"https:\/\/www.hydraulic-cylinders.net\/tr\/wp-json\/wp\/v2\/types\/product"}],"replies":[{"embeddable":true,"href":"https:\/\/www.hydraulic-cylinders.net\/tr\/wp-json\/wp\/v2\/comments?post=16117"}],"wp:featuredmedia":[{"embeddable":true,"href":"https:\/\/www.hydraulic-cylinders.net\/tr\/wp-json\/wp\/v2\/media\/14774"}],"wp:attachment":[{"href":"https:\/\/www.hydraulic-cylinders.net\/tr\/wp-json\/wp\/v2\/media?parent=16117"}],"wp:term":[{"taxonomy":"product_brand","embeddable":true,"href":"https:\/\/www.hydraulic-cylinders.net\/tr\/wp-json\/wp\/v2\/product_brand?post=16117"},{"taxonomy":"product_cat","embeddable":true,"href":"https:\/\/www.hydraulic-cylinders.net\/tr\/wp-json\/wp\/v2\/product_cat?post=16117"},{"taxonomy":"product_tag","embeddable":true,"href":"https:\/\/www.hydraulic-cylinders.net\/tr\/wp-json\/wp\/v2\/product_tag?post=16117"}],"curies":[{"name":"wp","href":"https:\/\/api.w.org\/{rel}","templated":true}]}}