{"id":16128,"date":"2025-01-20T08:31:39","date_gmt":"2025-01-20T08:31:39","guid":{"rendered":"https:\/\/www.hydraulic-cylinders.net\/product\/arm-cylinderfor-caterpillar-small-excavator-e305ecr\/"},"modified":"2025-01-20T08:31:41","modified_gmt":"2025-01-20T08:31:41","slug":"arm-cylinderfor-caterpillar-small-excavator-e305ecr","status":"publish","type":"product","link":"https:\/\/www.hydraulic-cylinders.net\/tr\/urun\/arm-cylinderfor-caterpillar-small-excavator-e305ecr\/","title":{"rendered":"Caterpillar E305ECR K\u00fc\u00e7\u00fck Ekskavat\u00f6r i\u00e7in Kol Silindiri"},"content":{"rendered":"<h1>Caterpillar E305ECR K\u00fc\u00e7\u00fck Ekskavat\u00f6r \u0130\u00e7in Kol Silindiri<\/h1>\n<h2>Tan\u0131m ve A\u00e7\u0131klama<\/h2>\n<p>Kol silindiri, ekskavat\u00f6rler, vin\u00e7ler ve mekanik kollar gibi \u00e7e\u015fitli makinelerin koluna do\u011frusal hareket ve g\u00fc\u00e7 sa\u011flayan \u00f6zel olarak tasarlanm\u0131\u015f bir hidrolik silindirdir. Kol silindiri, hidrolik sistemlerde \u00e7ok \u00f6nemli bir rol oynayarak ata\u015fmanlar\u0131n veya aksesuarlar\u0131n etkili hareketini ve kontrol\u00fcn\u00fc sa\u011flar. Bu silindirler sadece d\u00fczg\u00fcn hareket sa\u011flamakla kalmaz, ayn\u0131 zamanda a\u011f\u0131r y\u00fckleri de ta\u015f\u0131yarak \u00e7e\u015fitli \u00e7al\u0131\u015fma ko\u015fullar\u0131nda makinelerin verimli \u00e7al\u0131\u015fmas\u0131n\u0131 ve g\u00fcvenilirli\u011fini garanti eder.<\/p>\n<p><img decoding=\"async\" src=\"https:\/\/www.hydraulic-cylinders.net\/wp-content\/uploads\/2025\/01\/songte-company-2.webp\" alt=\"Kol Silindiri G\u00f6r\u00fcnt\u00fcs\u00fc\"><\/p>\n<h2>Kol Silindirinin \u00d6zellikleri<\/h2>\n<ul>\n<li><strong>Y\u00fcksek Verimli \u015eanz\u0131man:<\/strong> Kol silindiri g\u00fc\u00e7l\u00fc do\u011frusal hareket ve kuvvet sa\u011flayarak, mekanik kolun \u00e7e\u015fitli operasyonlarda y\u00fcksek performans kapasitesine sahip olmas\u0131n\u0131 sa\u011flar.<\/li>\n<li><strong>Hassas Kontrol:<\/strong> Hidrolik sistem sayesinde, kol silindiri hassas hareket kontrol\u00fc sa\u011flayarak, tak\u0131l\u0131 aletlerin \u00e7al\u0131\u015fmas\u0131n\u0131 daha esnek ve hassas hale getirir.<\/li>\n<li><strong>Dayan\u0131kl\u0131l\u0131k:<\/strong> Kol silindirleri genellikle y\u00fcksek mukavemetli malzemeler kullan\u0131larak \u00fcretilir, iyi a\u015f\u0131nma ve korozyon direnci sunar ve bu da onlar\u0131 zorlu ortamlarda uzun s\u00fcreli kullan\u0131ma uygun hale getirir.<\/li>\n<li><strong>\u00c7ok Fonksiyonlu Uyarlanabilirlik:<\/strong> Bu silindirler, ekskavat\u00f6rler, vin\u00e7ler ve mekanik kollar gibi \u00e7e\u015fitli makinelerde yayg\u0131n olarak kullan\u0131labilir ve farkl\u0131 i\u015f gereksinimlerine uyum sa\u011flayabilir.<\/li>\n<li><strong>Kolay Bak\u0131m:<\/strong> Tasar\u0131m, bak\u0131m ve de\u011fi\u015ftirme kolayl\u0131\u011f\u0131n\u0131 g\u00f6z \u00f6n\u00fcnde bulundurarak d\u00fczenli denetim ve bak\u0131m\u0131 daha kolay hale getiriyor ve ekipman ar\u0131za s\u00fcresini azalt\u0131yor.<\/li>\n<\/ul>\n<p><img decoding=\"async\" src=\"https:\/\/www.hydraulic-cylinders.net\/wp-content\/uploads\/2025\/01\/songte-oil-pipes-and-spare-parts.webp\" alt=\"Kol Silindiri Yedek Par\u00e7alar\u0131\"><\/p>\n<h2>Kol Silindirinin Uygulamalar\u0131<\/h2>\n<p>Kol silindirleri a\u015fa\u011f\u0131daki sekt\u00f6rlerde ve uygulamalarda kullan\u0131lmaktad\u0131r:<\/p>\n<ul>\n<li><strong>\u0130n\u015faat M\u00fchendisli\u011fi:<\/strong> Kaz\u0131c\u0131 makinelerde ve vin\u00e7lerde, kol silindirleri toprak i\u015fleri, malzeme ta\u015f\u0131ma ve yap\u0131 montaj\u0131 i\u00e7in kep\u00e7elerin veya vin\u00e7 kollar\u0131n\u0131n hareketini kontrol eder.<\/li>\n<li><strong>\u00dcretme:<\/strong> Otomatik \u00fcretim hatlar\u0131nda, kol silindirleri, montaj, kaynak ve ta\u015f\u0131ma gibi i\u015flemler i\u00e7in mekanik kollar\u0131n hareketini sa\u011flayarak \u00fcretim verimlili\u011fini ve hassasiyetini art\u0131r\u0131r.<\/li>\n<li><strong>Tar\u0131m Makinalar\u0131:<\/strong> Bi\u00e7erd\u00f6ver ve tohum ekme makineleri gibi tar\u0131m ekipmanlar\u0131nda, kol silindirleri tohum ekme, g\u00fcbreleme ve hasat gibi g\u00f6revler i\u00e7in \u00e7al\u0131\u015fma kollar\u0131n\u0131n hareketini kontrol eder.<\/li>\n<li><strong>Madencilik:<\/strong> Madencilik ekipmanlar\u0131nda, kol silindirleri madencilik cihazlar\u0131n\u0131n kol hareketini kontrol ederek cevher \u00e7\u0131kar\u0131lmas\u0131n\u0131 ve ta\u015f\u0131nmas\u0131n\u0131 kolayla\u015ft\u0131r\u0131r.<\/li>\n<li><strong>Lojistik ve Ta\u015f\u0131mac\u0131l\u0131k:<\/strong> Forkliftlerde ve ta\u015f\u0131ma robotlar\u0131nda kol silindirleri \u00e7atallar\u0131n kald\u0131r\u0131lmas\u0131n\u0131 ve hareketini kontrol ederek malzeme ta\u015f\u0131ma ve istiflemeyi m\u00fcmk\u00fcn k\u0131lar.<\/li>\n<\/ul>\n<h2>Tasar\u0131m Hususlar\u0131 ve Se\u00e7im Kriterleri<\/h2>\n<ul>\n<li><strong>Y\u00fck Ta\u015f\u0131ma Kapasitesi:<\/strong> Kol silindirleri, ama\u00e7lanan y\u00fck kapasitesine dayanacak \u015fekilde tasarlanmal\u0131d\u0131r.<\/li>\n<li><strong>S\u0131zd\u0131rmazl\u0131k:<\/strong> Poli\u00fcretan veya nitril kau\u00e7uk gibi a\u015f\u0131nmaya dayan\u0131kl\u0131 malzemelerden yap\u0131lm\u0131\u015f piston contalar\u0131 ve mil contalar\u0131 gibi \u00e7e\u015fitli s\u0131zd\u0131rmazl\u0131k bile\u015fenleri, etkili bir s\u0131zd\u0131rmazl\u0131k performans\u0131 sa\u011flar.<\/li>\n<li><strong>Dayan\u0131kl\u0131l\u0131k:<\/strong> Silindir g\u00f6vdesi ve di\u015fli u\u00e7 y\u00fczeyi, a\u015f\u0131nma direncini art\u0131rmak ve kol silindirinin kullan\u0131m \u00f6mr\u00fcn\u00fc uzatmak i\u00e7in titiz bir i\u015flemden ge\u00e7irilmektedir.<\/li>\n<li><strong>Emniyet:<\/strong> Kaza riskini \u00f6nlemek ve operat\u00f6r\u00fcn g\u00fcvenli\u011fini sa\u011flamak i\u00e7in tasar\u0131m a\u015famas\u0131nda g\u00fcvenlik \u00f6zelliklerine ili\u015fkin hususlar dikkate al\u0131nmal\u0131d\u0131r.<\/li>\n<li><strong>Bak\u0131m kolayl\u0131\u011f\u0131:<\/strong> Kol silindirleri, uygun miktarda hidrolik ya\u011f ile d\u00fczenli ya\u011flama ve kolay bak\u0131m i\u00e7in tasarlanmal\u0131d\u0131r.<\/li>\n<\/ul>\n<p><img decoding=\"async\" src=\"https:\/\/www.hydraulic-cylinders.net\/wp-content\/uploads\/2025\/01\/songte-cylinder-head-with-all-kinds-excavator-models.webp\" alt=\"Kol Silindiri Tasar\u0131m\u0131\"><\/p>\n<h2>S\u0131zd\u0131rmazl\u0131k ve Ya\u011flama<\/h2>\n<p>Kol silindirlerinde, poli\u00fcretan ve nitril kau\u00e7uk gibi a\u015f\u0131nmaya dayan\u0131kl\u0131 malzemelerden yap\u0131lm\u0131\u015f piston contalar\u0131 ve mil contalar\u0131 gibi \u00e7e\u015fitli contalar kullan\u0131l\u0131r. Silindir g\u00f6vdesi ve di\u015fli u\u00e7 y\u00fczeyi, a\u015f\u0131nma direncini art\u0131rmak i\u00e7in ince bir i\u015flemden ge\u00e7irilir. Kol silindirinin sorunsuz \u00e7al\u0131\u015fmas\u0131 ve uzun \u00f6m\u00fcrl\u00fc olmas\u0131 i\u00e7in uygun miktarda hidrolik ya\u011f ile d\u00fczenli ya\u011flama gereklidir.<\/p>\n<h2>D\u00fczenli Muayene ve \u00d6nleyici Bak\u0131m<\/h2>\n<ul>\n<li>Herhangi bir a\u015f\u0131nma, s\u0131z\u0131nt\u0131 veya hasar belirtisi olup olmad\u0131\u011f\u0131n\u0131 tespit etmek i\u00e7in d\u00fczenli denetimler yap\u0131n.<\/li>\n<li>Uygun ya\u011flamay\u0131 sa\u011flay\u0131n ve hidrolik ya\u011f\u0131 tavsiye edildi\u011fi \u015fekilde de\u011fi\u015ftirin.<\/li>\n<li>S\u0131z\u0131nt\u0131y\u0131 \u00f6nlemek i\u00e7in gev\u015fek ba\u011flant\u0131lar\u0131 s\u0131k\u0131n.<\/li>\n<li>A\u015f\u0131nm\u0131\u015f contalar\u0131 veya hasarl\u0131 par\u00e7alar\u0131 derhal kontrol edin ve de\u011fi\u015ftirin.<\/li>\n<li>Bak\u0131m aral\u0131klar\u0131 ve prosed\u00fcrleri i\u00e7in \u00fcreticinin talimatlar\u0131n\u0131 izleyin.<\/li>\n<\/ul>\n<h2>\u00dcr\u00fcn Kurulum K\u0131lavuzu<\/h2>\n<p>Optimum performans ve g\u00fcvenlik i\u00e7in kol silindirinin do\u011fru \u015fekilde tak\u0131lmas\u0131 \u00e7ok \u00f6nemlidir. A\u015fa\u011f\u0131daki ad\u0131mlar\u0131 izleyin:<\/p>\n<ol>\n<li>Kaz\u0131c\u0131 veya makinenin t\u00fcm g\u00fc\u00e7 kaynaklar\u0131n\u0131n ba\u011flant\u0131s\u0131 kesilmi\u015f \u015fekilde sabit bir konumda oldu\u011fundan emin olun.<\/li>\n<li>Kol silindirinin montaj yerini belirleyin ve ekipman\u0131n koluyla hizaland\u0131\u011f\u0131ndan emin olun.<\/li>\n<li>\u00dcreticinin talimatlar\u0131n\u0131 izleyerek ve uygun ba\u011flant\u0131 elemanlar\u0131n\u0131 kullanarak kol silindirini g\u00fcvenli bir \u015fekilde tak\u0131n.<\/li>\n<li>G\u00fc\u00e7 kaynaklar\u0131n\u0131 yeniden ba\u011flamadan \u00f6nce kol silindirinin do\u011fru hizaland\u0131\u011f\u0131n\u0131 ve d\u00fczg\u00fcn hareket etti\u011fini kontrol edin.<\/li>\n<li>\u00c7al\u0131\u015ft\u0131rmadan \u00f6nce kol silindirinin i\u015flevselli\u011fini iyice inceleyin ve test edin.<\/li>\n<\/ol>\n<p><img decoding=\"async\" src=\"https:\/\/www.hydraulic-cylinders.net\/wp-content\/uploads\/2025\/01\/songte-bushings-with-all-kinds-of-excavator-models.webp\" alt=\"Kol Silindiri Montaj\u0131\"><\/p>\n<h2>G\u00fcvenlik Hususlar\u0131 ve \u00c7evresel Fakt\u00f6rler<\/h2>\n<p>Kol silindirleri kullan\u0131l\u0131rken, kazalar\u0131 \u00f6nlemek ve operat\u00f6rlerin g\u00fcvenli\u011fini sa\u011flamak i\u00e7in g\u00fcvenlik \u00f6nlemlerine \u00f6ncelik vermek \u00e7ok \u00f6nemlidir. Uygun e\u011fitim, d\u00fczenli bak\u0131m ve ekipman denetimleri gibi do\u011fru g\u00fcvenlik protokollerinin uygulanmas\u0131 \u015fartt\u0131r. Ayr\u0131ca, s\u0131cakl\u0131k, nem ve a\u015f\u0131nd\u0131r\u0131c\u0131 maddeler gibi \u00e7evresel fakt\u00f6rlerin dikkate al\u0131nmas\u0131, kol silindirinin \u00f6mr\u00fcn\u00fc uzatmaya ve optimum performans\u0131 korumaya yard\u0131mc\u0131 olabilir.<\/p>\n<h2>Yayg\u0131n Ar\u0131za Te\u015fhisi ve Sorun Giderme<\/h2>\n<p>Kol silindirlerinde s\u0131k g\u00f6r\u00fclen ar\u0131zalar aras\u0131nda s\u0131z\u0131nt\u0131, yetersiz kuvvet ve d\u00fczensiz hareket yer al\u0131r. Bu sorunlar\u0131 a\u015fa\u011f\u0131daki ipu\u00e7lar\u0131yla giderebilirsiniz:<\/p>\n<ul>\n<li><strong>S\u0131z\u0131nt\u0131:<\/strong> Hasarl\u0131 contalar veya gev\u015fek ba\u011flant\u0131lar olup olmad\u0131\u011f\u0131n\u0131 kontrol edin ve bunlar\u0131 de\u011fi\u015ftirin veya uygun \u015fekilde s\u0131k\u0131n.<\/li>\n<li><strong>Yetersiz Kuvvet:<\/strong> Hidrolik sistemin yeterli ya\u011f bas\u0131nc\u0131na ve hacmine sahip oldu\u011fundan emin olun ve silindirde herhangi bir t\u0131kan\u0131kl\u0131k veya engel olup olmad\u0131\u011f\u0131n\u0131 kontrol edin.<\/li>\n<li><strong>D\u00fczensiz Hareket:<\/strong> Silindir bile\u015fenlerini a\u015f\u0131nma veya hasar a\u00e7\u0131s\u0131ndan inceleyin ve ar\u0131zal\u0131 par\u00e7alar\u0131 de\u011fi\u015ftirin.<\/li>\n<\/ul>\n<p>D\u00fczenli bak\u0131m ve denetim gibi \u00f6nleyici tedbirlerin uygulanmas\u0131, potansiyel sorunlar\u0131 en aza indirmeye ve kol silindirinin sorunsuz \u00e7al\u0131\u015fmas\u0131n\u0131 sa\u011flamaya yard\u0131mc\u0131 olabilir.<\/p>\n<p><img decoding=\"async\" src=\"https:\/\/www.hydraulic-cylinders.net\/wp-content\/uploads\/2025\/01\/songte-chushion-collar.webp\" alt=\"Kol Silindiri Sorun Giderme\"><\/p>\n<p>Yazar: lyl<\/p>\n<h2>\u015eirketimiz Hakk\u0131nda<\/h2>\n<p>Profesyonel bir hidrolik silindir yedek par\u00e7a \u00fcreticisiyiz ve geni\u015f bir \u00fcr\u00fcn yelpazesi sunuyoruz. Hem yurt i\u00e7i hem de uluslararas\u0131 pazarlarda \u00f6nde gelen hidrolik silindir \u00fcreticilerinden ve toptanc\u0131lar\u0131ndan biri haline geldik. M\u00fckemmellik ilkesini benimseyerek, geli\u015fmi\u015f \u00fcretim at\u00f6lyeleri ve end\u00fcstriyel \u00fcretim y\u00f6netim stratejileri arac\u0131l\u0131\u011f\u0131yla teknolojik yeteneklerimizi ve \u00fcretim verimlili\u011fimizi s\u00fcrekli olarak geli\u015ftiriyoruz. Geli\u015fmi\u015f dijital \u00fcretim ekipmanlar\u0131 ve profesyonel test sistemleri kullanarak \u00fcretim platformumuzu optimize ediyor ve \u00fcr\u00fcn kalite kontrol s\u00fcre\u00e7lerimizi iyile\u015ftirerek g\u00fc\u00e7l\u00fc inovasyon yeteneklerimizi sergiliyoruz. Amac\u0131m\u0131z, verimlilik, hassasiyet ve y\u00fcksek kaliteli \u00fcr\u00fcnlerle \u00e7e\u015fitli m\u00fc\u015fteri ihtiya\u00e7lar\u0131n\u0131 kar\u015f\u0131lamakt\u0131r.<\/p>\n<p><img decoding=\"async\" src=\"https:\/\/www.hydraulic-cylinders.net\/wp-content\/uploads\/2025\/01\/songte-company-4.webp\" alt=\"\u015eirket \u0130maj\u0131\"><br \/>\n<img decoding=\"async\" src=\"https:\/\/www.hydraulic-cylinders.net\/wp-content\/uploads\/2025\/01\/songte-company-3.webp\" alt=\"\u015eirket \u0130maj\u0131\"><\/p>\n<p>\u015eirketimiz \u015fu a\u00e7\u0131lardan \u00f6ne \u00e7\u0131kmaktad\u0131r:<\/p>\n<ul>\n<li><strong>Uzmanl\u0131k:<\/strong> Hidrolik silindir \u00fcretimi konusunda geni\u015f bilgi ve deneyime sahip profesyonellerden olu\u015fan bir ekibimiz var.<\/li>\n<li><strong>Uluslararas\u0131 Sertifikalar:<\/strong> \u00dcr\u00fcnlerimiz uluslararas\u0131 kalite standartlar\u0131na uygundur ve \u00e7e\u015fitli sertifikalar alm\u0131\u015ft\u0131r.<\/li>\n<li><strong>\u00d6zelle\u015ftirme Hizmetleri:<\/strong> Biz<br \/>","protected":false},"excerpt":{"rendered":"<p>Arm Cylinder For Caterpillar Small Excavator E305ECR Definition and Explanation The arm cylinder is a specially designed hydraulic cylinder that provides linear motion and power to the arm of various machinery, such as excavators, cranes, and mechanical arms. The arm cylinder plays a crucial role in hydraulic systems, enabling the effective movement and control of [&hellip;]<\/p>","protected":false},"featured_media":14772,"comment_status":"open","ping_status":"closed","template":"","meta":{"_et_pb_use_builder":"","_et_pb_old_content":"","_et_gb_content_width":""},"product_brand":[],"product_cat":[1497],"product_tag":[1498,1496],"class_list":{"0":"post-16128","1":"product","2":"type-product","3":"status-publish","4":"has-post-thumbnail","6":"product_cat-arm-cylinders","7":"product_tag-arm-cylinders","8":"product_tag-hydraulic-cylinders","10":"first","11":"instock","12":"shipping-taxable","13":"product-type-simple"},"amp_enabled":true,"_links":{"self":[{"href":"https:\/\/www.hydraulic-cylinders.net\/tr\/wp-json\/wp\/v2\/product\/16128","targetHints":{"allow":["GET"]}}],"collection":[{"href":"https:\/\/www.hydraulic-cylinders.net\/tr\/wp-json\/wp\/v2\/product"}],"about":[{"href":"https:\/\/www.hydraulic-cylinders.net\/tr\/wp-json\/wp\/v2\/types\/product"}],"replies":[{"embeddable":true,"href":"https:\/\/www.hydraulic-cylinders.net\/tr\/wp-json\/wp\/v2\/comments?post=16128"}],"wp:featuredmedia":[{"embeddable":true,"href":"https:\/\/www.hydraulic-cylinders.net\/tr\/wp-json\/wp\/v2\/media\/14772"}],"wp:attachment":[{"href":"https:\/\/www.hydraulic-cylinders.net\/tr\/wp-json\/wp\/v2\/media?parent=16128"}],"wp:term":[{"taxonomy":"product_brand","embeddable":true,"href":"https:\/\/www.hydraulic-cylinders.net\/tr\/wp-json\/wp\/v2\/product_brand?post=16128"},{"taxonomy":"product_cat","embeddable":true,"href":"https:\/\/www.hydraulic-cylinders.net\/tr\/wp-json\/wp\/v2\/product_cat?post=16128"},{"taxonomy":"product_tag","embeddable":true,"href":"https:\/\/www.hydraulic-cylinders.net\/tr\/wp-json\/wp\/v2\/product_tag?post=16128"}],"curies":[{"name":"wp","href":"https:\/\/api.w.org\/{rel}","templated":true}]}}