{"id":16129,"date":"2025-01-20T08:31:43","date_gmt":"2025-01-20T08:31:43","guid":{"rendered":"https:\/\/www.hydraulic-cylinders.net\/product\/arm-cylinderfor-caterpillar-small-excavator-e308b\/"},"modified":"2025-01-20T08:31:45","modified_gmt":"2025-01-20T08:31:45","slug":"arm-cylinderfor-caterpillar-small-excavator-e308b","status":"publish","type":"product","link":"https:\/\/www.hydraulic-cylinders.net\/tr\/urun\/arm-cylinderfor-caterpillar-small-excavator-e308b\/","title":{"rendered":"Caterpillar E308B K\u00fc\u00e7\u00fck Ekskavat\u00f6r i\u00e7in Kol Silindiri"},"content":{"rendered":"<h1>Caterpillar E308B K\u00fc\u00e7\u00fck Ekskavat\u00f6r \u0130\u00e7in Kol Silindiri<\/h1>\n<h2>girii\u015f<\/h2>\n<p>Kol silindiri, ekskavat\u00f6rler, vin\u00e7ler ve robot kollar\u0131 gibi \u00e7e\u015fitli makinelerin koluna do\u011frusal hareket ve g\u00fc\u00e7 sa\u011flayan \u00f6zel olarak tasarlanm\u0131\u015f bir hidrolik silindirdir. Hidrolik sistemlerde kritik bir rol oynayarak ek aletlerin veya ata\u015fmanlar\u0131n etkili hareketini ve kontrol\u00fcn\u00fc sa\u011flar. Bu silindirler sadece d\u00fczg\u00fcn hareketi kolayla\u015ft\u0131rmakla kalmaz, ayn\u0131 zamanda a\u011f\u0131r y\u00fckleri de ta\u015f\u0131yarak \u00e7e\u015fitli \u00e7al\u0131\u015fma ko\u015fullar\u0131nda makinelerin verimli \u00e7al\u0131\u015fmas\u0131n\u0131 ve g\u00fcvenilirli\u011fini sa\u011flar.<\/p>\n<p><img decoding=\"async\" src=\"https:\/\/www.hydraulic-cylinders.net\/wp-content\/uploads\/2025\/01\/songte-company-2.webp\" alt=\"Kol Silindiri\" \/><\/p>\n<h2>\u00d6zellikler<\/h2>\n<ul>\n<li><strong>Y\u00fcksek Verimli \u015eanz\u0131man:<\/strong> Kol silindiri, g\u00fc\u00e7l\u00fc do\u011frusal hareket ve kuvvet sa\u011flayarak makine kolunun \u00e7e\u015fitli i\u015flemlerde y\u00fcksek performans g\u00f6stermesini garanti eder.<\/li>\n<li><strong>Hassas Kontrol:<\/strong> Hidrolik sistem sayesinde kol silindiri hassas hareket kontrol\u00fc sa\u011flayarak, ba\u011fl\u0131 tak\u0131mlar\u0131n \u00e7al\u0131\u015fmas\u0131n\u0131 daha esnek ve hassas hale getirir.<\/li>\n<li><strong>Dayan\u0131kl\u0131l\u0131k:<\/strong> Kol silindirleri genellikle y\u00fcksek mukavemetli malzemelerden \u00fcretilir, m\u00fckemmel a\u015f\u0131nma ve korozyon direnci sunar ve bu da onlar\u0131 zorlu ortamlarda uzun s\u00fcreli kullan\u0131ma uygun hale getirir.<\/li>\n<li><strong>\u00c7ok Fonksiyonlu Uyarlanabilirlik:<\/strong> Bu silindirler, ekskavat\u00f6rler, vin\u00e7ler ve robotik kollar gibi \u00e7e\u015fitli makinelerde yayg\u0131n olarak kullan\u0131labilir ve farkl\u0131 i\u015f gereksinimlerine uyum sa\u011flayabilir.<\/li>\n<li><strong>Kolay Bak\u0131m:<\/strong> Bak\u0131m ve de\u011fi\u015ftirme kolayl\u0131\u011f\u0131 i\u00e7in tasarlanan kol silindiri, ekipman ar\u0131za s\u00fcresini azaltarak periyodik inceleme ve bak\u0131m i\u015flemlerini kolayla\u015ft\u0131r\u0131r.<\/li>\n<\/ul>\n<p><img decoding=\"async\" src=\"https:\/\/www.hydraulic-cylinders.net\/wp-content\/uploads\/2025\/01\/songte-oil-pipes-and-spare-parts.webp\" alt=\"Hidrolik Silindir\" \/><\/p>\n<h2>Uygulamalar<\/h2>\n<p>Kol silindiri \u00e7e\u015fitli end\u00fcstrilerde uygulama alan\u0131 bulmaktad\u0131r:<\/p>\n<h3>1. \u0130n\u015faat M\u00fchendisli\u011fi<\/h3>\n<p>Kaz\u0131c\u0131 makinelerde ve vin\u00e7lerde, kol silindiri toprak ta\u015f\u0131ma, malzeme ta\u015f\u0131ma ve yap\u0131sal kurulum i\u00e7in kep\u00e7enin veya bomun hareketini kontrol eder.<\/p>\n<h3>2. \u00dcretim<\/h3>\n<p>Otomatik \u00fcretim hatlar\u0131nda, kol silindiri, montaj, kaynak ve malzeme ta\u015f\u0131ma i\u015flemlerinde robot kollar\u0131n\u0131n hareketini kolayla\u015ft\u0131rarak \u00fcretim verimlili\u011fini ve hassasiyetini art\u0131r\u0131r.<\/p>\n<h3>3. Tar\u0131m Makinalar\u0131<\/h3>\n<p>Bi\u00e7erd\u00f6ver ve tohum ekme makineleri gibi tar\u0131m ekipmanlar\u0131nda, kol silindiri, ekim, g\u00fcbreleme ve hasat gibi g\u00f6revleri yerine getiren \u00e7al\u0131\u015fma kollar\u0131n\u0131n hareketini kontrol eder.<\/p>\n<h3>4. Madencilik<\/h3>\n<p>Madencilik ekipmanlar\u0131nda kol silindiri, cevher \u00e7\u0131karma ve ta\u015f\u0131ma i\u00e7in madencilik makinelerinin kol hareketini kontrol eder.<\/p>\n<h3>5. Lojistik ve Ta\u015f\u0131mac\u0131l\u0131k<\/h3>\n<p>Forkliftlerde ve ta\u015f\u0131ma robotlar\u0131nda kol silindiri \u00e7atallar\u0131n kald\u0131r\u0131lmas\u0131n\u0131 ve hareketini kontrol ederek malzeme ta\u015f\u0131ma ve istiflemeyi sa\u011flar.<\/p>\n<p><img decoding=\"async\" src=\"https:\/\/www.hydraulic-cylinders.net\/wp-content\/uploads\/2025\/01\/songte-cylinder-head-with-all-kinds-excavator-models.webp\" alt=\"Silindir Kapa\u011f\u0131\" \/><\/p>\n<h2>Tasar\u0131m Hususlar\u0131 ve Se\u00e7im Kriterleri<\/h2>\n<p>Kol silindirlerinin tasar\u0131m hususlar\u0131 ve se\u00e7im kriterleri s\u00f6z konusu oldu\u011funda, dikkate al\u0131nmas\u0131 gereken birka\u00e7 \u00f6nemli fakt\u00f6r vard\u0131r:<\/p>\n<ul>\n<li><strong>Y\u00fck Ta\u015f\u0131ma Kapasitesi:<\/strong> Kol silindirleri, performans veya g\u00fcvenli\u011fi tehlikeye atmadan gerekli y\u00fckleri kald\u0131rabilmelidir.<\/li>\n<li><strong>S\u0131zd\u0131rmazl\u0131k:<\/strong> Piston contalar\u0131 ve mil contalar\u0131 gibi \u00e7e\u015fitli s\u0131zd\u0131rmazl\u0131k elemanlar\u0131 kullan\u0131lmal\u0131 ve tercihen poli\u00fcretan veya nitril kau\u00e7uk gibi a\u015f\u0131nmaya dayan\u0131kl\u0131 malzemelerden \u00fcretilmelidir.<\/li>\n<li><strong>Dayan\u0131kl\u0131l\u0131k:<\/strong> Silindir g\u00f6vdesi ve di\u015fli u\u00e7lar\u0131, a\u015f\u0131nma direncini art\u0131rmak ve uzun \u00f6m\u00fcrl\u00fc performans sa\u011flamak i\u00e7in hassas bir \u015fekilde i\u015flenmelidir.<\/li>\n<li><strong>Emniyet:<\/strong> Kaza riskini \u00f6nlemek ve operat\u00f6rlerin g\u00fcvenli\u011fini sa\u011flamak i\u00e7in g\u00fcvenlik standartlar\u0131na uymak ve tasar\u0131ma g\u00fcvenlik \u00f6zelliklerini dahil etmek \u00e7ok \u00f6nemlidir.<\/li>\n<li><strong>Bak\u0131m kolayl\u0131\u011f\u0131:<\/strong> Tasar\u0131m a\u015famas\u0131nda, bak\u0131m i\u00e7in kolay eri\u015fim ve verimli onar\u0131m olana\u011f\u0131 g\u00f6z \u00f6n\u00fcnde bulundurulmal\u0131, b\u00f6ylece ar\u0131za s\u00fcreleri ve bak\u0131m maliyetleri azalt\u0131lmal\u0131d\u0131r.<\/li>\n<\/ul>\n<p><img decoding=\"async\" src=\"https:\/\/www.hydraulic-cylinders.net\/wp-content\/uploads\/2025\/01\/songte-chushion-collar.webp\" alt=\"Chushion Yaka\" \/><\/p>\n<h2>S\u0131zd\u0131rmazl\u0131k ve Ya\u011flama<\/h2>\n<p>Kol silindirlerinde etkili s\u0131zd\u0131rmazl\u0131\u011f\u0131 sa\u011flamak i\u00e7in piston contalar\u0131 ve mil contalar\u0131 gibi \u00e7e\u015fitli s\u0131zd\u0131rmazl\u0131k bile\u015fenleri kullan\u0131lmal\u0131d\u0131r. Bu contalar, poli\u00fcretan veya nitril kau\u00e7uk gibi a\u015f\u0131nmaya dayan\u0131kl\u0131 malzemelerden yap\u0131lmal\u0131d\u0131r. Ayr\u0131ca, silindir g\u00f6vdesi ve di\u015fli u\u00e7lar\u0131, a\u015f\u0131nma direncini art\u0131rmak i\u00e7in ince bir i\u015flemden ge\u00e7irilmelidir. Sorunsuz \u00e7al\u0131\u015fmay\u0131 sa\u011flamak i\u00e7in uygun miktarda hidrolik ya\u011f ile d\u00fczenli ya\u011flama gereklidir.<\/p>\n<h2>D\u00fczenli Muayene ve \u00d6nleyici Bak\u0131m<\/h2>\n<p>D\u00fczenli kontrol ve \u00f6nleyici bak\u0131m \u00f6nlemleri, kol silindirlerinin optimum performans\u0131n\u0131 ve uzun \u00f6mr\u00fcn\u00fc sa\u011flamaya yard\u0131mc\u0131 olur:<\/p>\n<ul>\n<li>Contalar\u0131 a\u015f\u0131nma veya hasar a\u00e7\u0131s\u0131ndan kontrol edin ve gerekirse de\u011fi\u015ftirin.<\/li>\n<li>Herhangi bir s\u0131z\u0131nt\u0131 olup olmad\u0131\u011f\u0131n\u0131 kontrol edin ve ar\u0131zal\u0131 par\u00e7alar\u0131 derhal onar\u0131n veya de\u011fi\u015ftirin.<\/li>\n<li>Silindir performans\u0131n\u0131, \u00e7al\u0131\u015fma d\u00fczg\u00fcnl\u00fc\u011f\u00fcn\u00fc ve tepki s\u00fcresini de i\u00e7erecek \u015fekilde izleyin.<\/li>\n<li>Silindiri temiz tutun ve contalara zarar verebilecek kirleticilerden ar\u0131nd\u0131r\u0131n.<\/li>\n<li>Bak\u0131m aral\u0131klar\u0131 ve prosed\u00fcrleri i\u00e7in \u00fcreticinin talimatlar\u0131n\u0131 izleyin.<\/li>\n<\/ul>\n<h2>\u00dcr\u00fcn Kurulum K\u0131lavuzu<\/h2>\n<p>Kol silindirinin do\u011fru montaj\u0131, optimum performans ve g\u00fcvenlik i\u00e7in \u00e7ok \u00f6nemlidir. L\u00fctfen \u015fu y\u00f6nergeleri izleyin:<\/p>\n<ul>\n<li>Montaj y\u00fczeyinin temiz ve kal\u0131nt\u0131lardan ar\u0131nd\u0131r\u0131lm\u0131\u015f oldu\u011fundan emin olun.<\/li>\n<li>Montaj noktalar\u0131na uygun bir ya\u011flay\u0131c\u0131 uygulay\u0131n.<\/li>\n<li>Silindiri hizalay\u0131n ve \u00f6nerilen tork de\u011ferlerini kullanarak s\u0131k\u0131ca sabitleyin.<\/li>\n<li>T\u00fcm ba\u011flant\u0131 ve rakorlar\u0131n s\u0131k\u0131l\u0131\u011f\u0131n\u0131 tekrar kontrol edin.<\/li>\n<li>Silindiri tam kapasitede \u00e7al\u0131\u015ft\u0131rmadan \u00f6nce \u00e7al\u0131\u015fmas\u0131n\u0131 test edin.<\/li>\n<\/ul>\n<p><img decoding=\"async\" src=\"https:\/\/www.hydraulic-cylinders.net\/wp-content\/uploads\/2025\/01\/songte-bushings-with-all-kinds-of-excavator-models.webp\" alt=\"Bur\u00e7lar\" \/><\/p>\n<h2>G\u00fcvenlik Hususlar\u0131 ve \u00c7evresel Fakt\u00f6rler<\/h2>\n<p>Kol silindirleri kullan\u0131l\u0131rken g\u00fcvenlik \u00f6nlemlerine \u00f6ncelik vermek \u00f6nemlidir. Kazalar\u0131 ve yaralanmalar\u0131 \u00f6nlemek i\u00e7in g\u00fcvenlik protokollerine ve y\u00f6nergelerine uymak \u00e7ok \u00f6nemlidir. Operat\u00f6rler i\u00e7in uygun e\u011fitim ve potansiyel tehlikeler konusunda fark\u0131ndal\u0131k gereklidir.<\/p>\n<h2>Ar\u0131za Te\u015fhisi ve Yayg\u0131n Sorunlar<\/h2>\n<p>Kol silindirlerinde \u00e7e\u015fitli ar\u0131zalar ve yayg\u0131n sorunlar g\u00f6r\u00fclebilir, bunlar aras\u0131nda \u015funlar yer al\u0131r:<\/p>\n<ul>\n<li>Contalardan veya ba\u011flant\u0131 par\u00e7alar\u0131ndan s\u0131z\u0131nt\u0131<\/li>\n<li>G\u00fc\u00e7 kayb\u0131 veya performans d\u00fc\u015f\u00fckl\u00fc\u011f\u00fc<\/li>\n<li>\u00c7al\u0131\u015fma s\u0131ras\u0131nda anormal sesler<\/li>\n<li>Tutars\u0131z veya ani hareket<\/li>\n<li>Contalarda a\u015f\u0131r\u0131 a\u015f\u0131nma veya hasar<\/li>\n<\/ul>\n<p>Bu sorunlar\u0131 gidermek i\u00e7in a\u015fa\u011f\u0131daki sorun giderme ve \u00e7\u00f6z\u00fcmleri g\u00f6z \u00f6n\u00fcnde bulundurun:<\/p>\n<ul>\n<li>A\u015f\u0131nm\u0131\u015f veya hasarl\u0131 contalar\u0131 kontrol edin ve de\u011fi\u015ftirin.<\/li>\n<li>Gev\u015fek veya ar\u0131zal\u0131 ba\u011flant\u0131 noktalar\u0131n\u0131 kontrol edin ve gerekirse s\u0131k\u0131n veya de\u011fi\u015ftirin.<\/li>\n<li>Hidrolik sistemde yeterli s\u0131v\u0131 seviyesi ve bas\u0131n\u00e7 oldu\u011fundan emin olun.<\/li>\n<li>Silindiri ve ilgili par\u00e7alar\u0131, \u00fczerindeki t\u00fcm kirleticileri temizlemek i\u00e7in temizleyin.<\/li>\n<li>Sorun devam ederse, daha detayl\u0131 te\u015fhis i\u00e7in yetkili bir teknisyene dan\u0131\u015f\u0131n.<\/li>\n<\/ul>\n<p><img decoding=\"async\" src=\"https:\/\/www.hydraulic-cylinders.net\/wp-content\/uploads\/2025\/01\/songte-chushion-collar.webp\" alt=\"Chushion Yaka\" \/><\/p>\n<h2>Hakk\u0131m\u0131zda<\/h2>\n<p>Profesyonel bir hidrolik silindir yedek par\u00e7a \u00fcreticisiyiz ve geni\u015f bir \u00fcr\u00fcn yelpazesi sunuyoruz. Yurti\u00e7i ve yurtd\u0131\u015f\u0131 pazarlarda \u00f6nde gelen hidrolik silindir \u00fcreticilerinden ve toptanc\u0131lar\u0131ndan biri haline geldik. M\u00fckemmellik ilkesini benimsiyor ve teknik yeteneklerimizi ve \u00fcretim verimlili\u011fimizi s\u00fcrekli olarak geli\u015ftiriyoruz.<\/p>\n<p>Geli\u015fmi\u015f dijital \u00fcretim ekipmanlar\u0131 ve profesyonel test sistemlerini kullanarak \u00fcretim platformumuzu optimize ediyor ve \u00fcr\u00fcn kalite kontrol s\u00fcre\u00e7lerimizi geli\u015ftiriyoruz; bu sayede g\u00fc\u00e7l\u00fc inovasyon yeteneklerine sahip oluyoruz. Amac\u0131m\u0131z, verimlilik, hassasiyet ve y\u00fcksek kaliteli \u00fcr\u00fcnlerle m\u00fc\u015fterilerimizin \u00e7e\u015fitli ihtiya\u00e7lar\u0131n\u0131 kar\u015f\u0131lamakt\u0131r.<\/p>\n<p><img decoding=\"async\" src=\"https:\/\/www.hydraulic-cylinders.net\/wp-content\/uploads\/2025\/01\/songte-company-4.webp\" alt=\"\u015eirket 1\" \/><br \/>\n<img decoding=\"async\" src=\"https:\/\/www.hydraulic-cylinders.net\/wp-content\/uploads\/2025\/01\/songte-company-3.webp\" alt=\"\u015eirket 2\" \/><\/p>\n<p><em>Yazar: lyl<\/em><\/p>","protected":false},"excerpt":{"rendered":"<p>Arm Cylinder For Caterpillar Small Excavator E308B Introduction An arm cylinder is a specially designed hydraulic cylinder that provides linear motion and power to the arm of various machinery, such as excavators, cranes, and robotic arms. It plays a critical role in hydraulic systems, enabling the effective movement and control of additional tools or attachments. [&hellip;]<\/p>","protected":false},"featured_media":14770,"comment_status":"open","ping_status":"closed","template":"","meta":{"_et_pb_use_builder":"","_et_pb_old_content":"","_et_gb_content_width":""},"product_brand":[],"product_cat":[1497],"product_tag":[1498,1496],"class_list":{"0":"post-16129","1":"product","2":"type-product","3":"status-publish","4":"has-post-thumbnail","6":"product_cat-arm-cylinders","7":"product_tag-arm-cylinders","8":"product_tag-hydraulic-cylinders","10":"first","11":"instock","12":"shipping-taxable","13":"product-type-simple"},"amp_enabled":true,"_links":{"self":[{"href":"https:\/\/www.hydraulic-cylinders.net\/tr\/wp-json\/wp\/v2\/product\/16129","targetHints":{"allow":["GET"]}}],"collection":[{"href":"https:\/\/www.hydraulic-cylinders.net\/tr\/wp-json\/wp\/v2\/product"}],"about":[{"href":"https:\/\/www.hydraulic-cylinders.net\/tr\/wp-json\/wp\/v2\/types\/product"}],"replies":[{"embeddable":true,"href":"https:\/\/www.hydraulic-cylinders.net\/tr\/wp-json\/wp\/v2\/comments?post=16129"}],"wp:featuredmedia":[{"embeddable":true,"href":"https:\/\/www.hydraulic-cylinders.net\/tr\/wp-json\/wp\/v2\/media\/14770"}],"wp:attachment":[{"href":"https:\/\/www.hydraulic-cylinders.net\/tr\/wp-json\/wp\/v2\/media?parent=16129"}],"wp:term":[{"taxonomy":"product_brand","embeddable":true,"href":"https:\/\/www.hydraulic-cylinders.net\/tr\/wp-json\/wp\/v2\/product_brand?post=16129"},{"taxonomy":"product_cat","embeddable":true,"href":"https:\/\/www.hydraulic-cylinders.net\/tr\/wp-json\/wp\/v2\/product_cat?post=16129"},{"taxonomy":"product_tag","embeddable":true,"href":"https:\/\/www.hydraulic-cylinders.net\/tr\/wp-json\/wp\/v2\/product_tag?post=16129"}],"curies":[{"name":"wp","href":"https:\/\/api.w.org\/{rel}","templated":true}]}}